{"id":3241,"date":"2020-07-24T15:55:38","date_gmt":"2020-07-24T14:55:38","guid":{"rendered":"https:\/\/mythslegendes.com\/?page_id=3241"},"modified":"2020-11-20T10:50:34","modified_gmt":"2020-11-20T10:50:34","slug":"dobida-et-eyabida","status":"publish","type":"page","link":"https:\/\/mythslegendes.com\/es\/mitologia-choco-embera\/dobida-y-eyabida\/","title":{"rendered":"Dobida y Eyabida"},"content":{"rendered":"<div data-elementor-type=\"wp-page\" data-elementor-id=\"3241\" class=\"elementor elementor-3241\">\n\t\t\t\t\t\t<section class=\"elementor-section elementor-top-section elementor-element elementor-element-0c243aa elementor-section-boxed elementor-section-height-default elementor-section-height-default\" data-id=\"0c243aa\" data-element_type=\"section\" data-e-type=\"section\">\n\t\t\t\t\t\t<div class=\"elementor-container elementor-column-gap-default\">\n\t\t\t\t\t<div class=\"elementor-column elementor-col-50 elementor-top-column elementor-element elementor-element-809234c\" data-id=\"809234c\" data-element_type=\"column\" data-e-type=\"column\">\n\t\t\t<div class=\"elementor-widget-wrap elementor-element-populated\">\n\t\t\t\t\t\t<div class=\"elementor-element elementor-element-ff4df0c elementor-align-justify elementor-widget elementor-widget-button\" data-id=\"ff4df0c\" data-element_type=\"widget\" data-e-type=\"widget\" data-widget_type=\"button.default\">\n\t\t\t\t<div class=\"elementor-widget-container\">\n\t\t\t\t\t\t\t\t\t<div class=\"elementor-button-wrapper\">\n\t\t\t\t\t<a class=\"elementor-button elementor-button-link elementor-size-sm\" href=\"https:\/\/mythslegendes.com\/es\/mitologia-choco-embera\/\">\n\t\t\t\t\t\t<span class=\"elementor-button-content-wrapper\">\n\t\t\t\t\t\t\t\t\t<span class=\"elementor-button-text\">Mitolog\u00eda Choc\u00f3<\/span>\n\t\t\t\t\t<\/span>\n\t\t\t\t\t<\/a>\n\t\t\t\t<\/div>\n\t\t\t\t\t\t\t\t<\/div>\n\t\t\t\t<\/div>\n\t\t\t\t\t<\/div>\n\t\t<\/div>\n\t\t\t\t<div class=\"elementor-column elementor-col-50 elementor-top-column elementor-element elementor-element-5ce4284\" data-id=\"5ce4284\" data-element_type=\"column\" data-e-type=\"column\">\n\t\t\t<div class=\"elementor-widget-wrap elementor-element-populated\">\n\t\t\t\t\t\t<div class=\"elementor-element elementor-element-158fed9 elementor-align-justify elementor-widget elementor-widget-button\" data-id=\"158fed9\" data-element_type=\"widget\" data-e-type=\"widget\" data-widget_type=\"button.default\">\n\t\t\t\t<div class=\"elementor-widget-container\">\n\t\t\t\t\t\t\t\t\t<div class=\"elementor-button-wrapper\">\n\t\t\t\t\t<a class=\"elementor-button elementor-button-link elementor-size-sm\" href=\"https:\/\/fr.wikipedia.org\/wiki\/Indiens_Choc%C3%B3\" target=\"_blank\" rel=\"noopener\">\n\t\t\t\t\t\t<span class=\"elementor-button-content-wrapper\">\n\t\t\t\t\t\t\t\t\t<span class=\"elementor-button-text\">Wiki<\/span>\n\t\t\t\t\t<\/span>\n\t\t\t\t\t<\/a>\n\t\t\t\t<\/div>\n\t\t\t\t\t\t\t\t<\/div>\n\t\t\t\t<\/div>\n\t\t\t\t\t<\/div>\n\t\t<\/div>\n\t\t\t\t\t<\/div>\n\t\t<\/section>\n\t\t\t\t<section class=\"elementor-section elementor-top-section elementor-element elementor-element-c9c838b elementor-section-boxed elementor-section-height-default elementor-section-height-default\" data-id=\"c9c838b\" data-element_type=\"section\" data-e-type=\"section\">\n\t\t\t\t\t\t<div class=\"elementor-container elementor-column-gap-default\">\n\t\t\t\t\t<div class=\"elementor-column elementor-col-100 elementor-top-column elementor-element elementor-element-f4330a6\" data-id=\"f4330a6\" data-element_type=\"column\" data-e-type=\"column\">\n\t\t\t<div class=\"elementor-widget-wrap elementor-element-populated\">\n\t\t\t\t\t\t<div class=\"elementor-element elementor-element-09e49b6 elementor-widget elementor-widget-text-editor\" data-id=\"09e49b6\" data-element_type=\"widget\" data-e-type=\"widget\" data-widget_type=\"text-editor.default\">\n\t\t\t\t<div class=\"elementor-widget-container\">\n\t\t\t\t\t\t\t\t\t<p>Entre los ind\u00edgenas Embera, existen diferencias culturales debido al entorno en el que viven. As\u00ed, los Embera se componen de dos grandes grupos: Dobida y Eyabida. Los Dobida son las personas cuya forma de vida gira en torno al r\u00edo: sus casas y huertos est\u00e1n a orillas del r\u00edo, la pesca es una actividad permanente.<\/p>\t\t\t\t\t\t\t\t<\/div>\n\t\t\t\t<\/div>\n\t\t\t\t\t<\/div>\n\t\t<\/div>\n\t\t\t\t\t<\/div>\n\t\t<\/section>\n\t\t\t\t<section class=\"elementor-section elementor-top-section elementor-element elementor-element-e1f6050 elementor-section-boxed elementor-section-height-default elementor-section-height-default\" data-id=\"e1f6050\" data-element_type=\"section\" data-e-type=\"section\">\n\t\t\t\t\t\t<div class=\"elementor-container elementor-column-gap-default\">\n\t\t\t\t\t<div class=\"elementor-column elementor-col-100 elementor-top-column elementor-element elementor-element-a3cdbde\" data-id=\"a3cdbde\" data-element_type=\"column\" data-e-type=\"column\">\n\t\t\t<div class=\"elementor-widget-wrap elementor-element-populated\">\n\t\t\t\t\t\t<div class=\"elementor-element elementor-element-491456a elementor-widget elementor-widget-heading\" data-id=\"491456a\" data-element_type=\"widget\" data-e-type=\"widget\" data-widget_type=\"heading.default\">\n\t\t\t\t<div class=\"elementor-widget-container\">\n\t\t\t\t\t<div id=\"ez-toc-container\" class=\"ez-toc-v2_0_82_2 counter-hierarchy ez-toc-counter ez-toc-grey ez-toc-container-direction\">\n<div class=\"ez-toc-title-container\">\n<p class=\"ez-toc-title\" style=\"cursor:inherit\">Contenido<\/p>\n<span class=\"ez-toc-title-toggle\"><a href=\"#\" class=\"ez-toc-pull-right ez-toc-btn ez-toc-btn-xs ez-toc-btn-default ez-toc-toggle\" aria-label=\"Alternar tabla de contenidos\"><span class=\"ez-toc-js-icon-con\"><span class=\"\"><span class=\"eztoc-hide\" style=\"display:none;\">Palanca<\/span><span class=\"ez-toc-icon-toggle-span\"><svg style=\"fill: #999;color:#999\" xmlns=\"http:\/\/www.w3.org\/2000\/svg\" class=\"list-377408\" width=\"20px\" height=\"20px\" viewbox=\"0 0 24 24\" fill=\"none\"><path d=\"M6 6H4v2h2V6zm14 0H8v2h12V6zM4 11h2v2H4v-2zm16 0H8v2h12v-2zM4 16h2v2H4v-2zm16 0H8v2h12v-2z\" fill=\"currentColor\"><\/path><\/svg><svg style=\"fill: #999;color:#999\" class=\"arrow-unsorted-368013\" xmlns=\"http:\/\/www.w3.org\/2000\/svg\" width=\"10px\" height=\"10px\" viewbox=\"0 0 24 24\" version=\"1.2\" baseprofile=\"tiny\"><path d=\"M18.2 9.3l-6.2-6.3-6.2 6.3c-.2.2-.3.4-.3.7s.1.5.3.7c.2.2.4.3.7.3h11c.3 0 .5-.1.7-.3.2-.2.3-.5.3-.7s-.1-.5-.3-.7zM5.8 14.7l6.2 6.3 6.2-6.3c.2-.2.3-.5.3-.7s-.1-.5-.3-.7c-.2-.2-.4-.3-.7-.3h-11c-.3 0-.5.1-.7.3-.2.2-.3.5-.3.7s.1.5.3.7z\"\/><\/svg><\/span><\/span><\/span><\/a><\/span><\/div>\n<nav><ul class='ez-toc-list ez-toc-list-level-1' ><li class='ez-toc-page-1 ez-toc-heading-level-2'><a class=\"ez-toc-link ez-toc-heading-1\" href=\"https:\/\/mythslegendes.com\/es\/mitologia-choco-embera\/dobida-y-eyabida\/#Dobida-et-Eyabida\" >Dobida y Eyabida<\/a><\/li><\/ul><\/nav><\/div>\n<h2 class=\"elementor-heading-title elementor-size-default\"><span class=\"ez-toc-section\" id=\"Dobida-et-Eyabida\"><\/span>Dobida y Eyabida<span class=\"ez-toc-section-end\"><\/span><\/h2>\t\t\t\t<\/div>\n\t\t\t\t<\/div>\n\t\t\t\t\t<\/div>\n\t\t<\/div>\n\t\t\t\t\t<\/div>\n\t\t<\/section>\n\t\t\t\t<section class=\"elementor-section elementor-top-section elementor-element elementor-element-4405ba23 elementor-section-boxed elementor-section-height-default elementor-section-height-default\" data-id=\"4405ba23\" data-element_type=\"section\" data-e-type=\"section\">\n\t\t\t\t\t\t<div class=\"elementor-container elementor-column-gap-default\">\n\t\t\t\t\t<div class=\"elementor-column elementor-col-100 elementor-top-column elementor-element elementor-element-6e6a089c\" data-id=\"6e6a089c\" data-element_type=\"column\" data-e-type=\"column\">\n\t\t\t<div class=\"elementor-widget-wrap elementor-element-populated\">\n\t\t\t\t\t\t<div class=\"elementor-element elementor-element-3084fa82 elementor-widget elementor-widget-text-editor\" data-id=\"3084fa82\" data-element_type=\"widget\" data-e-type=\"widget\" data-widget_type=\"text-editor.default\">\n\t\t\t\t<div class=\"elementor-widget-container\">\n\t\t\t\t\t\t\t\t\t<p><\/p>\n<p>Entre los Eyabida se encuentran los Embera Kat\u00edo y los Embera Cham\u00ed. Los Embera Cham\u00ed comparten la historia prehisp\u00e1nica y colonial de los Embera, caracterizados por su continua resistencia a las incursiones conquistadoras hasta el siglo XVII, cuando la mayor\u00eda de los pueblos huyeron a las selvas. Estas personas se distinguen por la dispersi\u00f3n de sus poblaciones ubicadas en las cuencas hidrogr\u00e1ficas, donde han desarrollado durante cientos de a\u00f1os una cultura adaptada a los ecosistemas de la selva tropical.<\/p>\n<p>Su organizaci\u00f3n pol\u00edtica se basa en el cabildo, figura que, aunque esencial para las relaciones externas de la comunidad, no ha desplazado el poder de las autoridades tradicionales para establecer formas de control social. En cuanto al resto de grupos Ember\u00e1, el Jaiban\u00e1, masculino o femenino, tiene un papel muy importante en la gesti\u00f3n de la vida m\u00e1gico-religiosa del grupo.<\/p>\n<p><\/p>\n<p>Los actuales pueblos Embera (Kat\u00edo, Cham\u00ed, Dodiba y Eperara Siapidara) de la \u00e9poca prehisp\u00e1nica compart\u00edan un espacio com\u00fan y caracter\u00edsticas culturales similares como lengua, cosmovisi\u00f3n, jaibismo, movilidad territorial, gobierno descentralizado y vida en la selva, y sus formas de organizaci\u00f3n y representaci\u00f3n (Ulloa, 2004) En lo que anta\u00f1o estuvo organizado sobre un vasto territorio y unido por relaciones sociales de diferentes \u00f3rdenes, se inici\u00f3 el proceso de colonizaci\u00f3n que dividi\u00f3 y segment\u00f3 el territorio Ember\u00e1. <\/p>\n<p>Hoy, a fines del siglo XX, los Ember\u00e1s con un territorio fragmentado debido a los procesos de conquista, colonizaci\u00f3n y contacto con otras culturas (ind\u00edgena, negra, blanca) y teniendo para cada regi\u00f3n sus peculiaridades, mantienen la cohesi\u00f3n a nivel cultural. con elementos de identidad muy fuertes como su lengua, tradici\u00f3n oral, jaibismo, organizaci\u00f3n social y una nueva organizaci\u00f3n pol\u00edtica a trav\u00e9s de organizaciones regionales (Ulloa, 2004).<\/p>\n<p><\/p>\n<p>Durante las \u00faltimas d\u00e9cadas, se han enfrentado al problema de la considerable reducci\u00f3n de sus territorios debido a la expansi\u00f3n de la frontera agr\u00edcola as\u00ed como al deterioro de sus suelos; estos fen\u00f3menos han favorecido transformaciones en su modo de residencia y uso del medio ambiente.<\/p>\n<p><\/p>\n<figure class=\"wp-block-image\"><img fetchpriority=\"high\" decoding=\"async\" class=\"alignnone\" src=\"https:\/\/img.over-blog-kiwi.com\/0\/56\/62\/66\/20181212\/ob_2b7b74_mapa.jpg\" alt=\"Dobida y Eyabida\" width=\"524\" height=\"860\" title=\"\"><\/figure>\n<p><\/p>\t\t\t\t\t\t\t\t<\/div>\n\t\t\t\t<\/div>\n\t\t\t\t\t<\/div>\n\t\t<\/div>\n\t\t\t\t\t<\/div>\n\t\t<\/section>\n\t\t\t\t<\/div>","protected":false},"excerpt":{"rendered":"<p>Mythologie Choco Wiki Chez les indig\u00e8nes Embera, il existe des diff\u00e9rences culturelles dues \u00e0 l&rsquo;environnement dans lequel ils vivent. Ainsi &hellip; <\/p>","protected":false},"author":1,"featured_media":0,"parent":3233,"menu_order":0,"comment_status":"closed","ping_status":"closed","template":"","meta":{"footnotes":""},"class_list":["post-3241","page","type-page","status-publish","hentry"],"amp_enabled":true,"_links":{"self":[{"href":"https:\/\/mythslegendes.com\/es\/wp-json\/wp\/v2\/pages\/3241","targetHints":{"allow":["GET"]}}],"collection":[{"href":"https:\/\/mythslegendes.com\/es\/wp-json\/wp\/v2\/pages"}],"about":[{"href":"https:\/\/mythslegendes.com\/es\/wp-json\/wp\/v2\/types\/page"}],"author":[{"embeddable":true,"href":"https:\/\/mythslegendes.com\/es\/wp-json\/wp\/v2\/users\/1"}],"replies":[{"embeddable":true,"href":"https:\/\/mythslegendes.com\/es\/wp-json\/wp\/v2\/comments?post=3241"}],"version-history":[{"count":0,"href":"https:\/\/mythslegendes.com\/es\/wp-json\/wp\/v2\/pages\/3241\/revisions"}],"up":[{"embeddable":true,"href":"https:\/\/mythslegendes.com\/es\/wp-json\/wp\/v2\/pages\/3233"}],"wp:attachment":[{"href":"https:\/\/mythslegendes.com\/es\/wp-json\/wp\/v2\/media?parent=3241"}],"curies":[{"name":"wp","href":"https:\/\/api.w.org\/{rel}","templated":true}]}}