{"id":325,"date":"2019-10-21T13:30:12","date_gmt":"2019-10-21T12:30:12","guid":{"rendered":"https:\/\/mythslegendes.com\/?page_id=325"},"modified":"2022-12-03T22:06:51","modified_gmt":"2022-12-03T22:06:51","slug":"glossaire-en-d-celtique","status":"publish","type":"page","link":"https:\/\/mythslegendes.com\/es\/mitologia-celta\/glossaire-en-d-celtique\/","title":{"rendered":"Glosario en D (celta)"},"content":{"rendered":"<div data-elementor-type=\"wp-page\" data-elementor-id=\"325\" class=\"elementor elementor-325\">\n\t\t\t\t\t\t<section class=\"elementor-section elementor-top-section elementor-element elementor-element-41147b2 elementor-section-boxed elementor-section-height-default elementor-section-height-default\" data-id=\"41147b2\" data-element_type=\"section\" data-e-type=\"section\">\n\t\t\t\t\t\t<div class=\"elementor-container elementor-column-gap-default\">\n\t\t\t\t\t<div class=\"elementor-column elementor-col-50 elementor-top-column elementor-element elementor-element-f364d0f\" data-id=\"f364d0f\" data-element_type=\"column\" data-e-type=\"column\">\n\t\t\t<div class=\"elementor-widget-wrap elementor-element-populated\">\n\t\t\t\t\t\t<div class=\"elementor-element elementor-element-de4f978 elementor-align-justify elementor-widget elementor-widget-button\" data-id=\"de4f978\" data-element_type=\"widget\" data-e-type=\"widget\" data-widget_type=\"button.default\">\n\t\t\t\t<div class=\"elementor-widget-container\">\n\t\t\t\t\t\t\t\t\t<div class=\"elementor-button-wrapper\">\n\t\t\t\t\t<a class=\"elementor-button elementor-button-link elementor-size-sm\" href=\"https:\/\/mythslegendes.com\/es\/mitologia-celta\/\">\n\t\t\t\t\t\t<span class=\"elementor-button-content-wrapper\">\n\t\t\t\t\t\t\t\t\t<span class=\"elementor-button-text\">Mitolog\u00eda celta<\/span>\n\t\t\t\t\t<\/span>\n\t\t\t\t\t<\/a>\n\t\t\t\t<\/div>\n\t\t\t\t\t\t\t\t<\/div>\n\t\t\t\t<\/div>\n\t\t\t\t\t<\/div>\n\t\t<\/div>\n\t\t\t\t<div class=\"elementor-column elementor-col-50 elementor-top-column elementor-element elementor-element-adab10e\" data-id=\"adab10e\" data-element_type=\"column\" data-e-type=\"column\">\n\t\t\t<div class=\"elementor-widget-wrap elementor-element-populated\">\n\t\t\t\t\t\t<div class=\"elementor-element elementor-element-6f8c5e9 elementor-align-justify elementor-widget elementor-widget-button\" data-id=\"6f8c5e9\" data-element_type=\"widget\" data-e-type=\"widget\" data-widget_type=\"button.default\">\n\t\t\t\t<div class=\"elementor-widget-container\">\n\t\t\t\t\t\t\t\t\t<div class=\"elementor-button-wrapper\">\n\t\t\t\t\t<a class=\"elementor-button elementor-button-link elementor-size-sm\" href=\"https:\/\/fr.wikipedia.org\/wiki\/Mythologie_celtique\" target=\"_blank\" rel=\"noopener\">\n\t\t\t\t\t\t<span class=\"elementor-button-content-wrapper\">\n\t\t\t\t\t\t\t\t\t<span class=\"elementor-button-text\">Wiki<\/span>\n\t\t\t\t\t<\/span>\n\t\t\t\t\t<\/a>\n\t\t\t\t<\/div>\n\t\t\t\t\t\t\t\t<\/div>\n\t\t\t\t<\/div>\n\t\t\t\t\t<\/div>\n\t\t<\/div>\n\t\t\t\t\t<\/div>\n\t\t<\/section>\n\t\t\t\t<section class=\"elementor-section elementor-top-section elementor-element elementor-element-4da867e elementor-section-boxed elementor-section-height-default elementor-section-height-default\" data-id=\"4da867e\" data-element_type=\"section\" data-e-type=\"section\">\n\t\t\t\t\t\t<div class=\"elementor-container elementor-column-gap-default\">\n\t\t\t\t\t<div class=\"elementor-column elementor-col-100 elementor-top-column elementor-element elementor-element-32775dbd\" data-id=\"32775dbd\" data-element_type=\"column\" data-e-type=\"column\">\n\t\t\t<div class=\"elementor-widget-wrap elementor-element-populated\">\n\t\t\t\t\t\t<div class=\"elementor-element elementor-element-56c62ecf elementor-widget elementor-widget-text-editor\" data-id=\"56c62ecf\" data-element_type=\"widget\" data-e-type=\"widget\" data-widget_type=\"text-editor.default\">\n\t\t\t\t<div class=\"elementor-widget-container\">\n\t\t\t\t\t\t\t\t\t\n<p>Voici un glossaire <a href=\"https:\/\/mythslegendes.com\/es\/mythes-et-legendes-celtiques-20\/\">c\u00e9ltico<\/a> : Dagda, Damona, Dana, Deichtire, Deimne, Deirdre, Diancecht, Diarmaid O\u2019Duibhne, Dobar, D\u00f4n, Dragon, Dun Aengus<\/p>\n<p><img decoding=\"async\" class=\"alignnone wp-image-5284 size-full\" src=\"https:\/\/mythslegendes.com\/wp-content\/uploads\/2020\/09\/AlphaOmega-e1602613368367.png\" alt=\"Glosario celta\" width=\"25\" height=\"26\" title=\"\"><\/p>\n<div id=\"ez-toc-container\" class=\"ez-toc-v2_0_82_2 counter-hierarchy ez-toc-counter ez-toc-grey ez-toc-container-direction\">\n<div class=\"ez-toc-title-container\">\n<p class=\"ez-toc-title\" style=\"cursor:inherit\">Contenido<\/p>\n<span class=\"ez-toc-title-toggle\"><a href=\"#\" class=\"ez-toc-pull-right ez-toc-btn ez-toc-btn-xs ez-toc-btn-default ez-toc-toggle\" aria-label=\"Alternar tabla de contenidos\"><span class=\"ez-toc-js-icon-con\"><span class=\"\"><span class=\"eztoc-hide\" style=\"display:none;\">Palanca<\/span><span class=\"ez-toc-icon-toggle-span\"><svg style=\"fill: #999;color:#999\" xmlns=\"http:\/\/www.w3.org\/2000\/svg\" class=\"list-377408\" width=\"20px\" height=\"20px\" viewbox=\"0 0 24 24\" fill=\"none\"><path d=\"M6 6H4v2h2V6zm14 0H8v2h12V6zM4 11h2v2H4v-2zm16 0H8v2h12v-2zM4 16h2v2H4v-2zm16 0H8v2h12v-2z\" fill=\"currentColor\"><\/path><\/svg><svg style=\"fill: #999;color:#999\" class=\"arrow-unsorted-368013\" xmlns=\"http:\/\/www.w3.org\/2000\/svg\" width=\"10px\" height=\"10px\" viewbox=\"0 0 24 24\" version=\"1.2\" baseprofile=\"tiny\"><path d=\"M18.2 9.3l-6.2-6.3-6.2 6.3c-.2.2-.3.4-.3.7s.1.5.3.7c.2.2.4.3.7.3h11c.3 0 .5-.1.7-.3.2-.2.3-.5.3-.7s-.1-.5-.3-.7zM5.8 14.7l6.2 6.3 6.2-6.3c.2-.2.3-.5.3-.7s-.1-.5-.3-.7c-.2-.2-.4-.3-.7-.3h-11c-.3 0-.5.1-.7.3-.2.2-.3.5-.3.7s.1.5.3.7z\"\/><\/svg><\/span><\/span><\/span><\/a><\/span><\/div>\n<nav><ul class='ez-toc-list ez-toc-list-level-1' ><li class='ez-toc-page-1 ez-toc-heading-level-2'><a class=\"ez-toc-link ez-toc-heading-1\" href=\"https:\/\/mythslegendes.com\/es\/mitologia-celta\/glossaire-en-d-celtique\/#Glossaire-Celtique\" >Glosario celta<\/a><\/li><\/ul><\/nav><\/div>\n<h2><span class=\"ez-toc-section\" id=\"Glossaire-Celtique\"><\/span>Glosario celta<span class=\"ez-toc-section-end\"><\/span><\/h2>\n<p class=\"has-text-align-justify\">Le Dagda (\u00ab dieu bon \u00bb &#8211; Daga Devos) est, dans la <a href=\"https:\/\/mythslegendes.com\/es\/\">mitolog\u00eda<\/a> celtique irlandaise, le dieu le plus important des Tuatha D\u00e9 Danann juste apr\u00e8s Lug. Il est aussi connu dans la litt\u00e9rature sous les noms de Eochaid (\u00ab qui combat par l&rsquo;if \u00bb), Ollathair (\u00ab le p\u00e8re puissant \u00bb) et Ruadh Rofessa (\u00ab Rouge de la science id\u00e9ale \u00bb). Il appara\u00eet notamment dans le r\u00e9cit \u00ab Cath Maighe Tuireadh \u00bb (bataille de Mag Tured).<\/p>\n\n<p class=\"has-text-align-justify\">Dans l&rsquo;histoire mythique, telle qu&rsquo;elle nous est rapport\u00e9e par le Lebor Gab\u00e1la \u00c9renn (<a href=\"https:\/\/mythslegendes.com\/es\/bibliotecas-de-libros\/\">Libros<\/a> des conqu\u00eates de l&rsquo;Irlande), les dieux ont d\u00e9barqu\u00e9 et pris possession de l&rsquo;\u00eele, apr\u00e8s avoir battu les Fir Bolg lors de la Cath Maighe Tuireadh (Seconde bataille de Mag Tured). Selon les sources litt\u00e9raires m\u00e9di\u00e9vales, la soci\u00e9t\u00e9 divine est structur\u00e9e de la m\u00eame mani\u00e8re que la soci\u00e9t\u00e9 humaine, et l&rsquo;organisation des Tuatha D\u00e9 Danann (les Gens de la tribu de Dana) est hi\u00e9rarchis\u00e9e en trois classes fonctionnelles :<\/p>\n\n<p class=\"has-text-align-justify\">* la fonction sacerdotale dont le r\u00f4le recouvre le Sacr\u00e9 est assur\u00e9e par le Dagda<br \/>* la fonction guerri\u00e8re qui se charge notamment de la souverainet\u00e9, repr\u00e9sent\u00e9e par Ogme le dieu-guerrier et Nuada le dieu-roi<br \/>* la funci\u00f3n artesanal que debe producir para el conjunto de la comunidad, representada por Goibniu, Credne y Luchta<\/p>\n\n<p class=\"has-text-align-justify\">Ce sch\u00e9ma reprend l&rsquo;id\u00e9ologie tripartite des Indo-europ\u00e9ens telle qu&rsquo;elle a \u00e9t\u00e9 \u00e9tudi\u00e9e par Georges Dum\u00e9zil. Lug, surnomm\u00e9 Samildanach (le polytechnicien), n&rsquo;appartient \u00e0 aucune de ces classes car, en tant que dieu supr\u00eame, il peut assumer toutes les fonctions de chacune d&rsquo;elle.<\/p>\n\n<p class=\"has-text-align-justify\">Le Dagda est le dieu-druide par excellence (et par cons\u00e9quent le dieu des druides), il a en charge le sacr\u00e9, la science, les contrats. Il r\u00e8gne sur le temps, l&rsquo;\u00e9ternit\u00e9 et sur les \u00e9l\u00e9ments, ainsi que sur le Sidh (l&rsquo;Autre Monde celtique) mais lui-m\u00eame habite le Brug na Boinne, ou \u00ab h\u00f4tel de la Boyne \u00bb que Oengus, son fils, va lui ravir. Sous pr\u00e9texte d&rsquo;en avoir la jouissance pendant une nuit et un jour, le Dagda pr\u00eate sa r\u00e9sidence, mais la dur\u00e9e symbolise l&rsquo;\u00e9ternit\u00e9 et \u0152ngus la garde d\u00e9finitivement. Cette r\u00e9sidence, qui n&rsquo;est autre qu&rsquo;un Sidh, est assimil\u00e9e au site m\u00e9galithique de Newgrange, au nord de Dublin.<\/p>\n\n<p class=\"has-text-align-justify\">Il forme un bin\u00f4me avec son fr\u00e8re Ogme (l&rsquo;Ogmios des <a href=\"https:\/\/mythslegendes.com\/es\/mitologia-gala\/\">g\u00e1lico<\/a>), le dieu de la magie guerri\u00e8re, dont il est le compl\u00e9ment. De par sa fonction, c\u2019est un druide parfait, il est omniscient et omnipotent, c\u2019est aussi un guerrier puissant. Il a un c\u00f4t\u00e9 paternel et nourricier. On le d\u00e9crit parfois comme un g\u00e9ant hideux et un ogre paillard. Ses accouplements avec les d\u00e9esses sont nombreux. On lui conna\u00eet plusieurs talismans, dont le chaudron d&rsquo;abondance (symbole de prosp\u00e9rit\u00e9), la massue qui tue et ressuscite (symbole de sa puissance) et la roue (symbole cosmique).<\/p>\n\n<p class=\"has-text-align-justify\">En <a href=\"https:\/\/mythslegendes.com\/es\/mitologia-gala\/\">Galia<\/a> sa fonction est r\u00e9partie entre trois dieux distincts : Esus, Sucellos et Taranis.<\/p>\n\n<p class=\"has-text-align-justify\">Le Dagda est aussi le dieu tut\u00e9laire des musiciens et \u00e0 ce titre il poss\u00e8de une harpe magique, qui est un autre de ses talismans ; on la conna\u00eet sous les noms de Dur-Dabla et Coir Cethar Chuir. Cet instrument a la particularit\u00e9 de savoir toutes les m\u00e9lodies de la musique et de pouvoir les jouer toute seule, sur instruction du dieu. Dans le r\u00e9cit intitul\u00e9 Seconde Bataille de Mag Tured (Cath Maighe Tuireadh), la harpe est vol\u00e9e par les Fomoires, le Dagda se met \u00e0 sa recherche, accompagn\u00e9 de Lug et Ogme. Ils la retrouvent accroch\u00e9e au mur d&rsquo;une r\u00e9sidence des ennemis, \u00e0 l&rsquo;appel du dieu, la harpe s&rsquo;envole et tue neuf Fomoires. Alors elle joue l&rsquo;air des lamentations et les femmes se mettent \u00e0 pleurer, puis elle joue l&rsquo;air du sourire et les gar\u00e7ons se mettent \u00e0 rire ; enfin elle joue l&rsquo;air du sommeil et l&rsquo;arm\u00e9e ennemie s&rsquo;endort.<\/p>\n\n<p class=\"has-text-align-justify\">Le Dagda a parfois recours aux services d&rsquo;un harpiste du nom de Uaithne (qui signifie harmonie)<\/p>\n\n<p class=\"has-text-align-justify\">Le chaudron est un \u00e9l\u00e9ment important dans la mythologie celtique. Celui du Dagda provient de l\u2019\u00eele de Murias du druide Semias, avant que les Tuatha D\u00e9 Danann ne s&rsquo;installent en Irlande. Il symbolise la souverainet\u00e9, l\u2019abondance et la r\u00e9surrection (voir chaudron de Gundestrup). On le retrouve dans la l\u00e9gende arthurienne sous la forme du \u00ab graal \u00bb.<\/p>\n\n<p class=\"has-text-align-justify\">La roue symbolise la puissance cosmique. La roue du Dagda est \u00e0 huit rayons, elle rend sourd celui qui l&rsquo;entend, aveugle celui qui la voit et tue celui sur qui elle tombe.<\/p>\n\n<p class=\"has-text-align-justify\">Le Dagda \u00e0 le droit de vie et de mort:la massue tue parun bout et ressuscite de l&rsquo;autre. Elle peut \u00e9craser d&rsquo;un coup neuf hommes. Elle est si lourde qu&rsquo;il faut huit hommes pour la porter et elle laisse un sillon dans le sol qui peut servir de fronti\u00e8re entre les deux mondes. Elle est mont\u00e9e sur roues.<\/p>\n\n<p class=\"has-text-align-justify\">Ses fr\u00e8res sont Elcmar, Nechtan et Midir. De sa relation avec Boand, il a un fils Oengus, il est aussi le p\u00e8re de Brigit et du roi Bobd. Son \u00e9pouse est Morrigan.<\/p>\n<hr class=\"wp-block-separator\" \/>\n<p class=\"has-text-align-justify\">Damona (aussi appel\u00e9e Bormona), est la par\u00e8dre du dieu Borvo. Borvo a une fonction de gu\u00e9risseur par les eaux, Damona est la d\u00e9esse des sources et des rivi\u00e8res.<\/p>\n\n<p class=\"has-text-align-justify\">Son nom qui signifie \u00ab Grande Vache \u00bb, est \u00e0 rapprocher de Boand, la d\u00e9esse de la prosp\u00e9rit\u00e9, des Tuatha D\u00e9 Danann, dans la mythologie irlandaise.<\/p>\n\n<p class=\"has-text-align-justify\">Son \u00e9quivalent en Grande-Bretagne est Arnemetia dont le nom signifie \u00ab celle qui est dans le sanctuaire \u00bb ; la racine nemet, qui a le sens de sacr\u00e9, se retrouve dans Nemed et Nemeton.<\/p>\n<hr class=\"wp-block-separator\" \/>\n<p class=\"has-text-align-justify\">Dana (on trouve aussi la graphie Danu), dans la mythologie celtique irlandaise est la d\u00e9esse primordiale des Tuatha D\u00e9 Danann, les \u00ab gens de la d\u00e9esse Dana \u00bb, c&rsquo;est-\u00e0-dire les dieux des <a href=\"https:\/\/mythslegendes.com\/es\/mythes-et-legendes-celtiques-20\/\">Celtas<\/a> avant la christianisation de l\u2019\u00eele. Dans le Glossaire de Cormac (Sanas Cormaic, manuscrit du Xe si\u00e8cle de l\u2019\u00e9v\u00eaque Cormac de Cashel), elle est aussi appel\u00e9e Ana et Anu. Elle est la m\u00e8re du Dagda et de Lir. Elle serait \u00e0 l\u2019origine de l&rsquo;installation de son peuple en Irlande, alors qu&rsquo;il vivait dans les quatre \u00eeles au nord du Monde. Son \u00e9quivalent dans la mythologie celtique galloise est D\u00f4n.<\/p>\n\n<p class=\"has-text-align-justify\">C\u2019est une d\u00e9esse pan-celtique. La racine du th\u00e9onyme est tr\u00e8s pr\u00e9sente dans la topographie europ\u00e9enne, notamment des fleuves tels le Danube (en latin Danavius), le Dniestr, le Dniepr, etc. cela indique que cette d\u00e9esse \u00e9tait v\u00e9n\u00e9r\u00e9e dans l\u2019ensemble du monde celtique et probablement par tous les Indo-europ\u00e9ens. Il existe dans la mythologie br\u00e2hmanique une divinit\u00e9 nomm\u00e9e Danu qui a engendr\u00e9 une race de g\u00e9ants, les Danavas.<\/p>\n\n<p class=\"has-text-align-justify\">La signification du nom pourrait \u00eatre \u00ab donateur \u00bb, \u00ab bienfaiteur \u00bb (en Inde, les D\u00e2napati sont les donateurs des monast\u00e8res bouddhiques et d\u00e2na d\u00e9signe le don), ce qui en fait une d\u00e9esse de la fertilit\u00e9 et de la prosp\u00e9rit\u00e9. Chez les Celtes, la redistribution des richesses \u00e9tait la qualit\u00e9 premi\u00e8re de la fonction royale.<\/p>\n\n<p class=\"has-text-align-justify\">Dans la typonymie irlandaise, son nom est associ\u00e9 \u00e0 deux collines \u00ab the Paps \u00bb, situ\u00e9es non loin de Killarney, qui ont la forme d\u2019une paire de seins, ce sont en ga\u00e9lique D\u00e9 Chich Anann (les seins d&rsquo;Ana).<\/p>\n<hr class=\"wp-block-separator\" \/>\n<p class=\"has-text-align-justify\">Deichtire (parfois orthographi\u00e9 Dechtine), dans la mythologie celtique irlandaise, est la s\u0153ur du roi Conchobar Mac Nessa, elle lui sert aussi de cocher. Ses parents sont Maga, fille d&rsquo;Oengus, et Cathbad, le druide, conseiller de son fr\u00e8re. Son nom signifierait \u00ab droiture \u00bb. Elle \u00e9pouse Fergus Mac Roeg, roi d&rsquo;Ulster d\u00e9tr\u00f4n\u00e9 par Ness au profit de Conchobar.<\/p>\n\n<p class=\"has-text-align-justify\">D&rsquo;apr\u00e8s le r\u00e9cit Compert ConCulaind (Conception de C\u00fachulainn), lors d\u2019un voyage dans le sidh, elle a des relations incestueuses avec le roi. Elle accouche, \u00e0 trois reprises d\u2019un enfant, qui est appel\u00e9 Setanta. Les parents divins de l&rsquo;enfant sont le dieu Lug et Eithne, \u00e0 l&rsquo;\u00e2ge de cinq ans il sera renomm\u00e9 C\u00fachulainn.<\/p>\n<hr class=\"wp-block-separator\" \/>\n<p class=\"has-text-align-justify\">Finn mac Cumaill (auparavant Finn ou Find mac Cumail ou mac Umaill, prononc\u00e9 parfois \u00ab\u00a0Finn mac Cool\u00a0\u00bb ; voir en bas de pas pour toutes les variations) est un l\u00e9gendaire guerrier de la mythologie celtique irlandaise, \u00e9galement connu en <a href=\"https:\/\/mythslegendes.com\/es\/mitologia-escocesa-2\/\">Escocia<\/a> et dans l&rsquo;Ile de Man. Les histoires de Finn et de ses compagnons, les Fianna, s&rsquo;int\u00e8grent au <a href=\"https:\/\/mythslegendes.com\/es\/mitologia-irlandesa\/\">Ciclo feniano<\/a>. Elle seraient principalement narr\u00e9es par le fils de Finn, le guerrier et po\u00e8te Ois\u00edn. La Fraternit\u00e9 des Fenian, une organisation irlandaise bas\u00e9e aux \u00c9tats-Unis au XIXe si\u00e8cle, tire son nom de ce mythe.<\/p>\n\n<p class=\"has-text-align-justify\">Le nom Fionn ou Finn est en fait un pseudonyme qui signifie \u00ab\u00a0blond\u00a0\u00bb (en r\u00e9f\u00e9rence \u00e0 la couleur de ses cheveux), \u00ab\u00a0blanc, beau, l&rsquo;or et de bonne race\u00a0\u00bb. Son pr\u00e9nom d&rsquo;enfance \u00e9tait Deimne, et plusieurs <a href=\"https:\/\/mythslegendes.com\/es\/\">leyendas<\/a> content comment il change de nom lorsque ses cheveux deviennent blancs de mani\u00e8re pr\u00e9coce.<\/p>\n\n<p class=\"has-text-align-justify\">Il est possible qu&rsquo;il soit rattach\u00e9 \u00e0 la figure de la mythologie celtique galloise, Gwynn ap Nudd.<\/p>\n<hr class=\"wp-block-separator\" \/>\n<p class=\"has-text-align-justify\">Deirdre (\u00ab Douleur \u00bb) est une jeune fille \u00e0 la beaut\u00e9 tragique de la mythologie celtique.<\/p>\n\n<p class=\"has-text-align-justify\">Deirdr\u00e9 est l&rsquo;enfant du barde Fedelmid, qui vit \u00e0 la cour du roi Conchobar Mac Nessa. Des faits \u00e9tranges entourent sa naissance. Lors d&rsquo;un festin, tous les guerriers entendent un cri d\u00e9chirant qui les fait se pr\u00e9cipiter en armes : c&rsquo;est le b\u00e9b\u00e9 encore dans le ventre de sa m\u00e8re qui l&rsquo;a pouss\u00e9. Le druide Cathbad proph\u00e9tise l&rsquo;arriv\u00e9e d&rsquo;une adorable fillette, si belle que beaucoup de sang sera vers\u00e9 \u00e0 cause d&rsquo;elle. \u00c0 sa naissance, il r\u00e9it\u00e8re ses pr\u00e9dictions.<\/p>\n\n<p class=\"has-text-align-justify\">Tous veulent tuer l&rsquo;enfant, mais Conchobar s&rsquo;y oppose car il compte l&rsquo;\u00e9pouser quand elle aura grandi.<\/p>\n\n<p class=\"has-text-align-justify\">Effectivement, elle devient aussi belle que le druide l&rsquo;avait annonc\u00e9, mais elle a fort peu d&rsquo;attirance pour le vieux roi. Elle lui pr\u00e9f\u00e8re sans doute Noise, un jeune gardien de vaches. Aid\u00e9 de ses deux fr\u00e8res, Noise s&rsquo;enfuit avec sa belle en Alba. Ils vivent de la chasse, \u00e0 l&rsquo;\u00e9cart dans une for\u00eat puis se placent sous la protection du roi du pays. L&rsquo;intendant remarque Deirdr\u00e9 et son roi le charge de lui faire la cour en secret, en son nom. Et la coquette se pla\u00eet au jeu jusqu&rsquo;\u00e0 ce qu&rsquo;elle d\u00e9couvre que le roi va faire assassiner son \u00e9poux.<\/p>\n\n<p class=\"has-text-align-justify\">Nouvelle fuite, nouvelle errance. Conchobar envoie Fergus chercher Deirdr\u00e9, Nois\u00e9 et ses fr\u00e8res, mais leur roman d&rsquo;amour a \u00e9mu le c\u0153ur de beaucoup d&rsquo;Irlandais. Seuls la ruse et le pouvoir magique de Cathbad vont triompher. Tous les partisans de Deirdr\u00e9 sont extermin\u00e9s, son \u00e9poux a la t\u00eate tranch\u00e9e, la guerre civile d\u00e9chire l&rsquo;Irlande, mais Conchobar peut enfin jouir de sa promise, pendant un an.<\/p>\n\n<p class=\"has-text-align-justify\">Au bout de cette ann\u00e9e, il la donne au bourreau de Nois\u00e9, Eogan Duntracht. C&rsquo;en est trop pour Deirdr\u00e9, et elle se jette dans le vide alors que le char l\u2019emm\u00e8ne aupr\u00e8s de son nouveau mari.<\/p>\n\n<p class=\"has-text-align-justify\">Un pin poussa sur chacune des tombes de Nois\u00e9 et de Deirdre et les deux arbres finirent par s&rsquo;entrem\u00ealer pour n&rsquo;en former qu&rsquo;un.<\/p>\n<hr class=\"wp-block-separator\" \/>\n<p class=\"has-text-align-justify\">Dans la mythologie celtique irlandaise Diancecht est le dieu-m\u00e9decin des Tuatha D\u00e9 Danann. Son nom qui signifie : \u00ab prise rapide \u00bb \u00e9voque la pr\u00e9cision de sa magie et l\u2019efficacit\u00e9 de sa m\u00e9decine. Sa fonction rel\u00e8ve des trois classes du sch\u00e9ma indo-europ\u00e9en (sacerdotale, guerri\u00e8re, artisanale), tel qu\u2019il a \u00e9t\u00e9 \u00e9tudi\u00e9 par Georges Dum\u00e9zil.<\/p>\n\n<p class=\"has-text-align-justify\">Il est le p\u00e8re de Cian et donc le grand-p\u00e8re de Lug, il a aussi une fille Airmed (\u00ab la Mesure \u00bb), et deux autres fils Miach (\u00ab le boisseau \u00bb) et Ormiach (jumeau du pr\u00e9c\u00e9dent).<\/p>\n\n<p class=\"has-text-align-justify\">Dans le r\u00e9cit du \u00ab Cath Maighe Tuireadh \u00bb (bataille de la plaine des piliers) il soigne et r\u00e9tablit les bless\u00e9s, il ressuscite les morts en les immergeant dans la Fontaine de Sant\u00e9 tout en chantant des incantations rituelles et magiques ; Airmed collecte les plantes m\u00e9dicinales destin\u00e9es \u00e0 la Fontaine. Lorsque Nuada Airgetlam a le bras sectionn\u00e9 dans la premi\u00e8re bataille, il lui fabrique une proth\u00e8se en argent pour effacer l\u2019infirmit\u00e9 et lui redonner la Souverainet\u00e9. Par la suite, par jalousie, il tue son fils Miach qui avait greff\u00e9 le bras coup\u00e9 de Nuada. C&rsquo;est un dieu vindicatif et belliqueux.<\/p>\n\n<p class=\"has-text-align-justify\">On le retrouve au <a href=\"https:\/\/mythslegendes.com\/es\/mitologia-galesa\/\">Gales<\/a> sous le nom de Mabon et en Gaule sous celui de Maponos.<\/p>\n<hr class=\"wp-block-separator\" \/>\n<p class=\"has-text-align-justify\">Dobar est un roi de Sicile de la mythologie celtique irlandaise, qui appara\u00eet dans la qu\u00eate des fils de Tuireann.<\/p>\n\n<p class=\"has-text-align-justify\">Pour avoir tu\u00e9 Cian, le p\u00e8re de Lug, les trois fils de Tuireann sont condamn\u00e9s \u00e0 des travaux particuli\u00e8rement difficiles \u00e0 r\u00e9aliser. Le roi Dobar poss\u00e8de des chevaux enchant\u00e9s qui tirent un char, mais il les garde dans un endroit secret.<\/p>\n\n<p class=\"has-text-align-justify\">Au bout de six semaines, les trois h\u00e9ros, qui se sont engag\u00e9s comme mercenaires, n&rsquo;ont pas r\u00e9ussi \u00e0 percer le myst\u00e8re. Ils finissent par aller trouver le roi et lui dire qu&rsquo;ils s&rsquo;en vont, d\u00e9\u00e7us par le manque de confiance du souverain.<\/p>\n\n<p class=\"has-text-align-justify\">Pour leur plaire, il fait avancer le char attel\u00e9 aux deux chevaux merveilleux. Brian saute sur le char, \u00e9carte le cocher et prend ses fr\u00e8res avec lui. Ils s&rsquo;enfuient pr\u00e9cipitamment vers leur bateau.<\/p>\n<hr class=\"wp-block-separator\" \/>\n<p class=\"has-text-align-justify\">D\u00f4n est une d\u00e9esse-m\u00e8re de la mythologie celtique galloise. Ses enfants dieux sont les quatre fr\u00e8res Gwydyon, Hyveidd, Gofannon et Gilvaethwy et la d\u00e9esse Arianrhod, la \u00ab roue d\u2019argent \u00bb. Elle est la compagne de Beli Mawr (Beli le Grand), l\u2019anc\u00eatre mythique de certaines dynasties galloises.<\/p>\n\n<p class=\"has-text-align-justify\">Dans la litt\u00e9rature mythologique, elle appara\u00eet notamment dans le conte Math fils de Mathonwy, qui est la quatri\u00e8me branche du <a href=\"https:\/\/mythslegendes.com\/es\/mitologia-bretona\/\">Mabinogi<\/a> et dans Kulhwch et Olwen. Elle est l\u2019\u00e9quivalent de Dana, la grande d\u00e9esse irlandaise des Tuatha D\u00e9 Danann<\/p>\n\t\t\t\t\t\t\t\t<\/div>\n\t\t\t\t<\/div>\n\t\t\t\t\t<\/div>\n\t\t<\/div>\n\t\t\t\t\t<\/div>\n\t\t<\/section>\n\t\t\t\t<\/div>","protected":false},"excerpt":{"rendered":"<p>Wiki de mitolog\u00eda celta Aqu\u00ed hay un glosario celta: Dagda, Damona, Dana, Deichtire, Deimne, Deirdre, Diancecht, Diarmaid O&#039;Duibhne, Dobar, D\u00f4n, Dragon, \u2026 <\/p>","protected":false},"author":1,"featured_media":0,"parent":295,"menu_order":0,"comment_status":"closed","ping_status":"closed","template":"","meta":{"footnotes":""},"class_list":["post-325","page","type-page","status-publish","hentry"],"amp_enabled":true,"_links":{"self":[{"href":"https:\/\/mythslegendes.com\/es\/wp-json\/wp\/v2\/pages\/325","targetHints":{"allow":["GET"]}}],"collection":[{"href":"https:\/\/mythslegendes.com\/es\/wp-json\/wp\/v2\/pages"}],"about":[{"href":"https:\/\/mythslegendes.com\/es\/wp-json\/wp\/v2\/types\/page"}],"author":[{"embeddable":true,"href":"https:\/\/mythslegendes.com\/es\/wp-json\/wp\/v2\/users\/1"}],"replies":[{"embeddable":true,"href":"https:\/\/mythslegendes.com\/es\/wp-json\/wp\/v2\/comments?post=325"}],"version-history":[{"count":1,"href":"https:\/\/mythslegendes.com\/es\/wp-json\/wp\/v2\/pages\/325\/revisions"}],"predecessor-version":[{"id":24495,"href":"https:\/\/mythslegendes.com\/es\/wp-json\/wp\/v2\/pages\/325\/revisions\/24495"}],"up":[{"embeddable":true,"href":"https:\/\/mythslegendes.com\/es\/wp-json\/wp\/v2\/pages\/295"}],"wp:attachment":[{"href":"https:\/\/mythslegendes.com\/es\/wp-json\/wp\/v2\/media?parent=325"}],"curies":[{"name":"wp","href":"https:\/\/api.w.org\/{rel}","templated":true}]}}