{"id":3253,"date":"2020-07-24T16:28:07","date_gmt":"2020-07-24T15:28:07","guid":{"rendered":"https:\/\/mythslegendes.com\/?page_id=3253"},"modified":"2022-12-03T22:07:15","modified_gmt":"2022-12-03T22:07:15","slug":"dabeiba-katio","status":"publish","type":"page","link":"https:\/\/mythslegendes.com\/es\/mitologia-choco-embera\/dabeiba-katio\/","title":{"rendered":"Dabeiba Katio"},"content":{"rendered":"<div data-elementor-type=\"wp-page\" data-elementor-id=\"3253\" class=\"elementor elementor-3253\">\n\t\t\t\t\t\t<section class=\"elementor-section elementor-top-section elementor-element elementor-element-618cce0 elementor-section-boxed elementor-section-height-default elementor-section-height-default\" data-id=\"618cce0\" data-element_type=\"section\" data-e-type=\"section\">\n\t\t\t\t\t\t<div class=\"elementor-container elementor-column-gap-default\">\n\t\t\t\t\t<div class=\"elementor-column elementor-col-50 elementor-top-column elementor-element elementor-element-eb5afbb\" data-id=\"eb5afbb\" data-element_type=\"column\" data-e-type=\"column\">\n\t\t\t<div class=\"elementor-widget-wrap elementor-element-populated\">\n\t\t\t\t\t\t<div class=\"elementor-element elementor-element-8d06d68 elementor-align-justify elementor-widget elementor-widget-button\" data-id=\"8d06d68\" data-element_type=\"widget\" data-e-type=\"widget\" data-widget_type=\"button.default\">\n\t\t\t\t<div class=\"elementor-widget-container\">\n\t\t\t\t\t\t\t\t\t<div class=\"elementor-button-wrapper\">\n\t\t\t\t\t<a class=\"elementor-button elementor-button-link elementor-size-sm\" href=\"https:\/\/mythslegendes.com\/es\/mitologia-choco-embera\/\">\n\t\t\t\t\t\t<span class=\"elementor-button-content-wrapper\">\n\t\t\t\t\t\t\t\t\t<span class=\"elementor-button-text\">Mitolog\u00eda Choc\u00f3<\/span>\n\t\t\t\t\t<\/span>\n\t\t\t\t\t<\/a>\n\t\t\t\t<\/div>\n\t\t\t\t\t\t\t\t<\/div>\n\t\t\t\t<\/div>\n\t\t\t\t\t<\/div>\n\t\t<\/div>\n\t\t\t\t<div class=\"elementor-column elementor-col-50 elementor-top-column elementor-element elementor-element-5512d83\" data-id=\"5512d83\" data-element_type=\"column\" data-e-type=\"column\">\n\t\t\t<div class=\"elementor-widget-wrap elementor-element-populated\">\n\t\t\t\t\t\t<div class=\"elementor-element elementor-element-6df55b5 elementor-align-justify elementor-widget elementor-widget-button\" data-id=\"6df55b5\" data-element_type=\"widget\" data-e-type=\"widget\" data-widget_type=\"button.default\">\n\t\t\t\t<div class=\"elementor-widget-container\">\n\t\t\t\t\t\t\t\t\t<div class=\"elementor-button-wrapper\">\n\t\t\t\t\t<a class=\"elementor-button elementor-button-link elementor-size-sm\" href=\"https:\/\/fr.wikipedia.org\/wiki\/Indiens_Choc%C3%B3\" target=\"_blank\" rel=\"noopener\">\n\t\t\t\t\t\t<span class=\"elementor-button-content-wrapper\">\n\t\t\t\t\t\t\t\t\t<span class=\"elementor-button-text\">Wiki<\/span>\n\t\t\t\t\t<\/span>\n\t\t\t\t\t<\/a>\n\t\t\t\t<\/div>\n\t\t\t\t\t\t\t\t<\/div>\n\t\t\t\t<\/div>\n\t\t\t\t\t<\/div>\n\t\t<\/div>\n\t\t\t\t\t<\/div>\n\t\t<\/section>\n\t\t\t\t<section class=\"elementor-section elementor-top-section elementor-element elementor-element-a569fc8 elementor-section-boxed elementor-section-height-default elementor-section-height-default\" data-id=\"a569fc8\" data-element_type=\"section\" data-e-type=\"section\">\n\t\t\t\t\t\t<div class=\"elementor-container elementor-column-gap-default\">\n\t\t\t\t\t<div class=\"elementor-column elementor-col-100 elementor-top-column elementor-element elementor-element-05442f8\" data-id=\"05442f8\" data-element_type=\"column\" data-e-type=\"column\">\n\t\t\t<div class=\"elementor-widget-wrap elementor-element-populated\">\n\t\t\t\t\t\t<div class=\"elementor-element elementor-element-21357b6 elementor-widget elementor-widget-text-editor\" data-id=\"21357b6\" data-element_type=\"widget\" data-e-type=\"widget\" data-widget_type=\"text-editor.default\">\n\t\t\t\t<div class=\"elementor-widget-container\">\n\t\t\t\t\t\t\t\t\t<p>Cuando el mundo a\u00fan era joven, una hermosa mujer llamada Dabeiba vivi\u00f3 entre los Katio desde el principio de los tiempos y se dedic\u00f3 durante muchos a\u00f1os a ense\u00f1ar todas las cosas a su pueblo.<\/p>\n<p><img decoding=\"async\" class=\"alignnone wp-image-5284 size-full\" src=\"https:\/\/mythslegendes.com\/wp-content\/uploads\/2020\/09\/AlphaOmega-e1602613368367.png\" alt=\"dabeiba katio\" width=\"25\" height=\"26\" title=\"\"><\/p>\t\t\t\t\t\t\t\t<\/div>\n\t\t\t\t<\/div>\n\t\t\t\t\t<\/div>\n\t\t<\/div>\n\t\t\t\t\t<\/div>\n\t\t<\/section>\n\t\t\t\t<section class=\"elementor-section elementor-top-section elementor-element elementor-element-19d2925 elementor-section-boxed elementor-section-height-default elementor-section-height-default\" data-id=\"19d2925\" data-element_type=\"section\" data-e-type=\"section\">\n\t\t\t\t\t\t<div class=\"elementor-container elementor-column-gap-default\">\n\t\t\t\t\t<div class=\"elementor-column elementor-col-100 elementor-top-column elementor-element elementor-element-32cc658\" data-id=\"32cc658\" data-element_type=\"column\" data-e-type=\"column\">\n\t\t\t<div class=\"elementor-widget-wrap elementor-element-populated\">\n\t\t\t\t\t\t<div class=\"elementor-element elementor-element-c8137c8 elementor-widget elementor-widget-heading\" data-id=\"c8137c8\" data-element_type=\"widget\" data-e-type=\"widget\" data-widget_type=\"heading.default\">\n\t\t\t\t<div class=\"elementor-widget-container\">\n\t\t\t\t\t<div id=\"ez-toc-container\" class=\"ez-toc-v2_0_82_2 counter-hierarchy ez-toc-counter ez-toc-grey ez-toc-container-direction\">\n<div class=\"ez-toc-title-container\">\n<p class=\"ez-toc-title\" style=\"cursor:inherit\">Contenido<\/p>\n<span class=\"ez-toc-title-toggle\"><a href=\"#\" class=\"ez-toc-pull-right ez-toc-btn ez-toc-btn-xs ez-toc-btn-default ez-toc-toggle\" aria-label=\"Alternar tabla de contenidos\"><span class=\"ez-toc-js-icon-con\"><span class=\"\"><span class=\"eztoc-hide\" style=\"display:none;\">Palanca<\/span><span class=\"ez-toc-icon-toggle-span\"><svg style=\"fill: #999;color:#999\" xmlns=\"http:\/\/www.w3.org\/2000\/svg\" class=\"list-377408\" width=\"20px\" height=\"20px\" viewbox=\"0 0 24 24\" fill=\"none\"><path d=\"M6 6H4v2h2V6zm14 0H8v2h12V6zM4 11h2v2H4v-2zm16 0H8v2h12v-2zM4 16h2v2H4v-2zm16 0H8v2h12v-2z\" fill=\"currentColor\"><\/path><\/svg><svg style=\"fill: #999;color:#999\" class=\"arrow-unsorted-368013\" xmlns=\"http:\/\/www.w3.org\/2000\/svg\" width=\"10px\" height=\"10px\" viewbox=\"0 0 24 24\" version=\"1.2\" baseprofile=\"tiny\"><path d=\"M18.2 9.3l-6.2-6.3-6.2 6.3c-.2.2-.3.4-.3.7s.1.5.3.7c.2.2.4.3.7.3h11c.3 0 .5-.1.7-.3.2-.2.3-.5.3-.7s-.1-.5-.3-.7zM5.8 14.7l6.2 6.3 6.2-6.3c.2-.2.3-.5.3-.7s-.1-.5-.3-.7c-.2-.2-.4-.3-.7-.3h-11c-.3 0-.5.1-.7.3-.2.2-.3.5-.3.7s.1.5.3.7z\"\/><\/svg><\/span><\/span><\/span><\/a><\/span><\/div>\n<nav><ul class='ez-toc-list ez-toc-list-level-1' ><li class='ez-toc-page-1 ez-toc-heading-level-2'><a class=\"ez-toc-link ez-toc-heading-1\" href=\"https:\/\/mythslegendes.com\/es\/mitologia-choco-embera\/dabeiba-katio\/#Dabeiba-des-Katio\" >Dabeiba del Katio<\/a><\/li><\/ul><\/nav><\/div>\n<h2 class=\"elementor-heading-title elementor-size-default\"><span class=\"ez-toc-section\" id=\"Dabeiba-des-Katio\"><\/span>Dabeiba del Katio<span class=\"ez-toc-section-end\"><\/span><\/h2>\t\t\t\t<\/div>\n\t\t\t\t<\/div>\n\t\t\t\t\t<\/div>\n\t\t<\/div>\n\t\t\t\t\t<\/div>\n\t\t<\/section>\n\t\t\t\t<section class=\"elementor-section elementor-top-section elementor-element elementor-element-165e0074 elementor-section-boxed elementor-section-height-default elementor-section-height-default\" data-id=\"165e0074\" data-element_type=\"section\" data-e-type=\"section\">\n\t\t\t\t\t\t<div class=\"elementor-container elementor-column-gap-default\">\n\t\t\t\t\t<div class=\"elementor-column elementor-col-100 elementor-top-column elementor-element elementor-element-642aa712\" data-id=\"642aa712\" data-element_type=\"column\" data-e-type=\"column\">\n\t\t\t<div class=\"elementor-widget-wrap elementor-element-populated\">\n\t\t\t\t\t\t<div class=\"elementor-element elementor-element-4438a4c elementor-widget elementor-widget-text-editor\" data-id=\"4438a4c\" data-element_type=\"widget\" data-e-type=\"widget\" data-widget_type=\"text-editor.default\">\n\t\t\t\t<div class=\"elementor-widget-container\">\n\t\t\t\t\t\t\t\t\t\n<p>Cuando el mundo a\u00fan era joven, una hermosa mujer llamada Dabeiba vivi\u00f3 entre los Katio desde el principio de los tiempos y se dedic\u00f3 durante muchos a\u00f1os a ense\u00f1ar todas las cosas a su pueblo.<\/p>\n\n<p>Ella tom\u00f3 las vides y las hojas con sus delicadas manos y teji\u00f3 las canastas, las esteras, las alfombras, las chinas (abanicos) para encender el fuego; ella observaba pacientemente c\u00f3mo los hombres aprend\u00edan y los correg\u00eda cuando se equivocaban, hasta que las telas estaban bien hechas.<\/p>\n\n<p>Ella tom\u00f3 el barro, lo mezcl\u00f3 con agua e hizo vasijas, platos, ollas y muchas otras cosas; as\u00ed los alfareros conocieron su oficio.<\/p>\n\n<p>Dabeiba, la hermosa hija de Karagab\u00ed, Se\u00f1or del Cielo, no se cansaba de ense\u00f1ar. Le mostr\u00f3 a Katio c\u00f3mo pintar el cuerpo y elegir los colores: el rojo del achiote, el amarillo de la pi\u00f1a, el azabache de la jagua. con el tallo de <em>ochoo<\/em>, les ense\u00f1\u00f3 a te\u00f1irse los dientes. Tambi\u00e9n impuso el sabor de ciertas plantas, como el amargor del cacao y el amargor agridulce del <em>mamoncillo<\/em> (quenetier).<\/p>\n\n<p>Cuando estuvo segura de que las personas sab\u00edan pintarse el cuerpo, quitar colores a las plantas y reconocer el sabor de ciertos alimentos, les ense\u00f1\u00f3 a sembrar y cosechar yuca y ma\u00edz. Despu\u00e9s de mucho esfuerzo, los indios aprendieron todo y el trabajo de Dabeiba estaba hecho.<\/p>\n\n<p>Cuando Karagab\u00ed vio que su trabajo estaba hecho, la llam\u00f3 para que se uniera a \u00e9l en el cielo. Un d\u00eda, de madrugada, Dabeiba subi\u00f3 al Cerro Le\u00f3n y desde la cima se elev\u00f3 lentamente para volver al seno de su padre. A pesar de que era muy temprano, la niebla sub\u00eda sobre las quebradas, los truenos y la llegada de la lluvia, algunos indios la vieron subir y subir hasta perderse entre las nubes, arriba de las copas de los \u00e1rboles. Del cielo, para que los indios la recuerden y sean buenos, les env\u00eda truenos, terremotos y tempestades. Por eso se dice que Dabeiba es la diosa de las tormentas.<\/p>\n\t\t\t\t\t\t\t\t<\/div>\n\t\t\t\t<\/div>\n\t\t\t\t\t<\/div>\n\t\t<\/div>\n\t\t\t\t\t<\/div>\n\t\t<\/section>\n\t\t\t\t<\/div>","protected":false},"excerpt":{"rendered":"<p>Mythologie Choco Wiki Quand le monde \u00e9tait encore jeune, une belle femme nomm\u00e9e Dabeiba vivait parmi les Katio d\u00e8s le &hellip; <\/p>","protected":false},"author":1,"featured_media":0,"parent":3233,"menu_order":0,"comment_status":"closed","ping_status":"closed","template":"","meta":{"footnotes":""},"class_list":["post-3253","page","type-page","status-publish","hentry"],"amp_enabled":true,"_links":{"self":[{"href":"https:\/\/mythslegendes.com\/es\/wp-json\/wp\/v2\/pages\/3253","targetHints":{"allow":["GET"]}}],"collection":[{"href":"https:\/\/mythslegendes.com\/es\/wp-json\/wp\/v2\/pages"}],"about":[{"href":"https:\/\/mythslegendes.com\/es\/wp-json\/wp\/v2\/types\/page"}],"author":[{"embeddable":true,"href":"https:\/\/mythslegendes.com\/es\/wp-json\/wp\/v2\/users\/1"}],"replies":[{"embeddable":true,"href":"https:\/\/mythslegendes.com\/es\/wp-json\/wp\/v2\/comments?post=3253"}],"version-history":[{"count":1,"href":"https:\/\/mythslegendes.com\/es\/wp-json\/wp\/v2\/pages\/3253\/revisions"}],"predecessor-version":[{"id":24894,"href":"https:\/\/mythslegendes.com\/es\/wp-json\/wp\/v2\/pages\/3253\/revisions\/24894"}],"up":[{"embeddable":true,"href":"https:\/\/mythslegendes.com\/es\/wp-json\/wp\/v2\/pages\/3233"}],"wp:attachment":[{"href":"https:\/\/mythslegendes.com\/es\/wp-json\/wp\/v2\/media?parent=3253"}],"curies":[{"name":"wp","href":"https:\/\/api.w.org\/{rel}","templated":true}]}}