{"id":3256,"date":"2020-07-24T16:29:27","date_gmt":"2020-07-24T15:29:27","guid":{"rendered":"https:\/\/mythslegendes.com\/?page_id=3256"},"modified":"2022-12-03T22:07:15","modified_gmt":"2022-12-03T22:07:15","slug":"lor-de-dabeiba","status":"publish","type":"page","link":"https:\/\/mythslegendes.com\/es\/mitologia-choco-embera\/senor-de-dabeiba\/","title":{"rendered":"El oro de Dabeiba"},"content":{"rendered":"<div data-elementor-type=\"wp-page\" data-elementor-id=\"3256\" class=\"elementor elementor-3256\">\n\t\t\t\t\t\t<section class=\"elementor-section elementor-top-section elementor-element elementor-element-1961b12 elementor-section-boxed elementor-section-height-default elementor-section-height-default\" data-id=\"1961b12\" data-element_type=\"section\" data-e-type=\"section\">\n\t\t\t\t\t\t<div class=\"elementor-container elementor-column-gap-default\">\n\t\t\t\t\t<div class=\"elementor-column elementor-col-50 elementor-top-column elementor-element elementor-element-78366a4\" data-id=\"78366a4\" data-element_type=\"column\" data-e-type=\"column\">\n\t\t\t<div class=\"elementor-widget-wrap elementor-element-populated\">\n\t\t\t\t\t\t<div class=\"elementor-element elementor-element-06dc8b1 elementor-align-justify elementor-widget elementor-widget-button\" data-id=\"06dc8b1\" data-element_type=\"widget\" data-e-type=\"widget\" data-widget_type=\"button.default\">\n\t\t\t\t<div class=\"elementor-widget-container\">\n\t\t\t\t\t\t\t\t\t<div class=\"elementor-button-wrapper\">\n\t\t\t\t\t<a class=\"elementor-button elementor-button-link elementor-size-sm\" href=\"https:\/\/mythslegendes.com\/es\/mitologia-choco-embera\/\">\n\t\t\t\t\t\t<span class=\"elementor-button-content-wrapper\">\n\t\t\t\t\t\t\t\t\t<span class=\"elementor-button-text\">Mitolog\u00eda Choc\u00f3<\/span>\n\t\t\t\t\t<\/span>\n\t\t\t\t\t<\/a>\n\t\t\t\t<\/div>\n\t\t\t\t\t\t\t\t<\/div>\n\t\t\t\t<\/div>\n\t\t\t\t\t<\/div>\n\t\t<\/div>\n\t\t\t\t<div class=\"elementor-column elementor-col-50 elementor-top-column elementor-element elementor-element-3ebcd3e\" data-id=\"3ebcd3e\" data-element_type=\"column\" data-e-type=\"column\">\n\t\t\t<div class=\"elementor-widget-wrap elementor-element-populated\">\n\t\t\t\t\t\t<div class=\"elementor-element elementor-element-34ff938 elementor-align-justify elementor-widget elementor-widget-button\" data-id=\"34ff938\" data-element_type=\"widget\" data-e-type=\"widget\" data-widget_type=\"button.default\">\n\t\t\t\t<div class=\"elementor-widget-container\">\n\t\t\t\t\t\t\t\t\t<div class=\"elementor-button-wrapper\">\n\t\t\t\t\t<a class=\"elementor-button elementor-button-link elementor-size-sm\" href=\"https:\/\/fr.wikipedia.org\/wiki\/Indiens_Choc%C3%B3\" target=\"_blank\" rel=\"noopener\">\n\t\t\t\t\t\t<span class=\"elementor-button-content-wrapper\">\n\t\t\t\t\t\t\t\t\t<span class=\"elementor-button-text\">Wiki<\/span>\n\t\t\t\t\t<\/span>\n\t\t\t\t\t<\/a>\n\t\t\t\t<\/div>\n\t\t\t\t\t\t\t\t<\/div>\n\t\t\t\t<\/div>\n\t\t\t\t\t<\/div>\n\t\t<\/div>\n\t\t\t\t\t<\/div>\n\t\t<\/section>\n\t\t\t\t<section class=\"elementor-section elementor-top-section elementor-element elementor-element-a4a9c14 elementor-section-boxed elementor-section-height-default elementor-section-height-default\" data-id=\"a4a9c14\" data-element_type=\"section\" data-e-type=\"section\">\n\t\t\t\t\t\t<div class=\"elementor-container elementor-column-gap-default\">\n\t\t\t\t\t<div class=\"elementor-column elementor-col-100 elementor-top-column elementor-element elementor-element-b778ec2\" data-id=\"b778ec2\" data-element_type=\"column\" data-e-type=\"column\">\n\t\t\t<div class=\"elementor-widget-wrap elementor-element-populated\">\n\t\t\t\t\t\t<div class=\"elementor-element elementor-element-7db0e6c elementor-widget elementor-widget-text-editor\" data-id=\"7db0e6c\" data-element_type=\"widget\" data-e-type=\"widget\" data-widget_type=\"text-editor.default\">\n\t\t\t\t<div class=\"elementor-widget-container\">\n\t\t\t\t\t\t\t\t\t<p>Los espa\u00f1oles buscaban los grandes tesoros del templo dedicado a la diosa Dabaibe o Dabeiba, que seg\u00fan la fama ten\u00eda mucho oro. El conquistador Vasco N\u00fa\u00f1ez de Balboa, el descubridor del Oc\u00e9ano Pac\u00edfico, supo de la existencia del tesoro de Dabeibe gracias a su amada Anayansi, la hija del cacique Careta de la regi\u00f3n de Urab\u00e1. Seg\u00fan la bella nativa Anayansi, Dabeibe era un gigantesco templo todo en oro, adornado con perlas y piedras, y dedicado al culto de las estrellas.<\/p>\n<p><img decoding=\"async\" class=\"alignnone wp-image-5284 size-full\" src=\"https:\/\/mythslegendes.com\/wp-content\/uploads\/2020\/09\/AlphaOmega-e1602613368367.png\" alt=\"dabeiba\" width=\"25\" height=\"26\" title=\"\"><\/p>\t\t\t\t\t\t\t\t<\/div>\n\t\t\t\t<\/div>\n\t\t\t\t\t<\/div>\n\t\t<\/div>\n\t\t\t\t\t<\/div>\n\t\t<\/section>\n\t\t\t\t<section class=\"elementor-section elementor-top-section elementor-element elementor-element-b70097c elementor-section-boxed elementor-section-height-default elementor-section-height-default\" data-id=\"b70097c\" data-element_type=\"section\" data-e-type=\"section\">\n\t\t\t\t\t\t<div class=\"elementor-container elementor-column-gap-default\">\n\t\t\t\t\t<div class=\"elementor-column elementor-col-100 elementor-top-column elementor-element elementor-element-d4ea581\" data-id=\"d4ea581\" data-element_type=\"column\" data-e-type=\"column\">\n\t\t\t<div class=\"elementor-widget-wrap elementor-element-populated\">\n\t\t\t\t\t\t<div class=\"elementor-element elementor-element-fd21ae4 elementor-widget elementor-widget-heading\" data-id=\"fd21ae4\" data-element_type=\"widget\" data-e-type=\"widget\" data-widget_type=\"heading.default\">\n\t\t\t\t<div class=\"elementor-widget-container\">\n\t\t\t\t\t<div id=\"ez-toc-container\" class=\"ez-toc-v2_0_82_2 counter-hierarchy ez-toc-counter ez-toc-grey ez-toc-container-direction\">\n<div class=\"ez-toc-title-container\">\n<p class=\"ez-toc-title\" style=\"cursor:inherit\">Contenido<\/p>\n<span class=\"ez-toc-title-toggle\"><a href=\"#\" class=\"ez-toc-pull-right ez-toc-btn ez-toc-btn-xs ez-toc-btn-default ez-toc-toggle\" aria-label=\"Alternar tabla de contenidos\"><span class=\"ez-toc-js-icon-con\"><span class=\"\"><span class=\"eztoc-hide\" style=\"display:none;\">Palanca<\/span><span class=\"ez-toc-icon-toggle-span\"><svg style=\"fill: #999;color:#999\" xmlns=\"http:\/\/www.w3.org\/2000\/svg\" class=\"list-377408\" width=\"20px\" height=\"20px\" viewbox=\"0 0 24 24\" fill=\"none\"><path d=\"M6 6H4v2h2V6zm14 0H8v2h12V6zM4 11h2v2H4v-2zm16 0H8v2h12v-2zM4 16h2v2H4v-2zm16 0H8v2h12v-2z\" fill=\"currentColor\"><\/path><\/svg><svg style=\"fill: #999;color:#999\" class=\"arrow-unsorted-368013\" xmlns=\"http:\/\/www.w3.org\/2000\/svg\" width=\"10px\" height=\"10px\" viewbox=\"0 0 24 24\" version=\"1.2\" baseprofile=\"tiny\"><path d=\"M18.2 9.3l-6.2-6.3-6.2 6.3c-.2.2-.3.4-.3.7s.1.5.3.7c.2.2.4.3.7.3h11c.3 0 .5-.1.7-.3.2-.2.3-.5.3-.7s-.1-.5-.3-.7zM5.8 14.7l6.2 6.3 6.2-6.3c.2-.2.3-.5.3-.7s-.1-.5-.3-.7c-.2-.2-.4-.3-.7-.3h-11c-.3 0-.5.1-.7.3-.2.2-.3.5-.3.7s.1.5.3.7z\"\/><\/svg><\/span><\/span><\/span><\/a><\/span><\/div>\n<nav><ul class='ez-toc-list ez-toc-list-level-1' ><li class='ez-toc-page-1 ez-toc-heading-level-2'><a class=\"ez-toc-link ez-toc-heading-1\" href=\"https:\/\/mythslegendes.com\/es\/mitologia-choco-embera\/senor-de-dabeiba\/#Lor-de-Dabeiba\" >el oro de dabeiba<\/a><\/li><\/ul><\/nav><\/div>\n<h2 class=\"elementor-heading-title elementor-size-default\"><span class=\"ez-toc-section\" id=\"Lor-de-Dabeiba\"><\/span>el oro de dabeiba<span class=\"ez-toc-section-end\"><\/span><\/h2>\t\t\t\t<\/div>\n\t\t\t\t<\/div>\n\t\t\t\t\t<\/div>\n\t\t<\/div>\n\t\t\t\t\t<\/div>\n\t\t<\/section>\n\t\t\t\t<section class=\"elementor-section elementor-top-section elementor-element elementor-element-1fac9ded elementor-section-boxed elementor-section-height-default elementor-section-height-default\" data-id=\"1fac9ded\" data-element_type=\"section\" data-e-type=\"section\">\n\t\t\t\t\t\t<div class=\"elementor-container elementor-column-gap-default\">\n\t\t\t\t\t<div class=\"elementor-column elementor-col-100 elementor-top-column elementor-element elementor-element-1d4037d5\" data-id=\"1d4037d5\" data-element_type=\"column\" data-e-type=\"column\">\n\t\t\t<div class=\"elementor-widget-wrap elementor-element-populated\">\n\t\t\t\t\t\t<div class=\"elementor-element elementor-element-20b00a73 elementor-widget elementor-widget-text-editor\" data-id=\"20b00a73\" data-element_type=\"widget\" data-e-type=\"widget\" data-widget_type=\"text-editor.default\">\n\t\t\t\t<div class=\"elementor-widget-container\">\n\t\t\t\t\t\t\t\t\t<p><\/p>\n<p>Estaba custodiado y defendido por feroces e invencibles sacerdotes y guerreros, y ubicado en el coraz\u00f3n de la monta\u00f1a. Estas lagunas y pantanos estaban rodeados de cocodrilos y serpientes aladas, y en el ambiente hab\u00eda enormes vampiros y espesas nubes de voraces insectos de todo tipo. En la cima de la monta\u00f1a se pod\u00eda ver un mar inmenso de donde sal\u00eda gente a traer ricas ofrendas para el templo, gente de lenguas y costumbres extra\u00f1as.<\/p>\n<p><\/p>\n<p><\/p>\n<p>Seg\u00fan las creencias de los indios katio de Antioquia y <a href=\"https:\/\/mythslegendes.com\/es\/mitologia-choco-embera\/\">Choc\u00f3<\/a>, Dabeiba era una bella mujer que les ense\u00f1\u00f3 a cultivar la tierra, hacer telas y construir chozas, as\u00ed como todo tipo de oficios y oficios necesarios para la vida y el ocio. Esta hermosa mujer se convirti\u00f3 en la diosa Dabeiba, quien los educ\u00f3 en el arte de hacer exquisitos tapetes y cestos, as\u00ed como cer\u00e1micas y tintes corporales. Dabeiba los enga\u00f1\u00f3 para que se mancharan los dientes con un hisopo llamado &quot;\u00a0<em>octavo &quot;<\/em>, que le da un color negro y brillante.<\/p>\n<p><\/p>\n<p><\/p>\n<p>La tradici\u00f3n de los indios Kkatio dice que sus antepasados tuvieron la suerte de ver aparecer entre ellos, y con raz\u00f3n en las llanuras que se extienden al este del r\u00edo Atrato, Dabaibe o Dabeiba, a esta hermosa mujer llena de cualidades sobrenaturales. .<\/p>\n<p><\/p>\n<p><\/p>\n<p>Seg\u00fan la <a href=\"https:\/\/mythslegendes.com\/es\/\">leyenda<\/a>, el dios Caragabi necesitaba en el ciclo a la diosa Dabeiba, por lo que la bella mujer subi\u00f3 a la cima del cerro Le\u00f3n y de all\u00ed subi\u00f3 a la casa de su padre. Los indios katio recuerdan que la vieron ascender y se perdi\u00f3 entre las nubes, convirti\u00e9ndose en la diosa de los indios de Antioquia.<\/p>\n<p>Desde all\u00ed presid\u00eda los fen\u00f3menos de la naturaleza como la lluvia, los rayos, los terremotos, los huracanes y las tormentas. Cuando llueve y la tierra tiembla, o cuando hay vientos y tormentas, es porque Dabeiba quiere el bien para los campos y quiere que lo recuerden.<\/p>\n<p><\/p>\t\t\t\t\t\t\t\t<\/div>\n\t\t\t\t<\/div>\n\t\t\t\t\t<\/div>\n\t\t<\/div>\n\t\t\t\t\t<\/div>\n\t\t<\/section>\n\t\t\t\t<\/div>","protected":false},"excerpt":{"rendered":"<p>Mythologie Choco Wiki Les Espagnols recherchaient les grands tr\u00e9sors du temple d\u00e9di\u00e9 \u00e0 la d\u00e9esse Dabaibe ou Dabeiba, qui, selon &hellip; <\/p>","protected":false},"author":1,"featured_media":0,"parent":3233,"menu_order":0,"comment_status":"closed","ping_status":"closed","template":"","meta":{"footnotes":""},"class_list":["post-3256","page","type-page","status-publish","hentry"],"amp_enabled":true,"_links":{"self":[{"href":"https:\/\/mythslegendes.com\/es\/wp-json\/wp\/v2\/pages\/3256","targetHints":{"allow":["GET"]}}],"collection":[{"href":"https:\/\/mythslegendes.com\/es\/wp-json\/wp\/v2\/pages"}],"about":[{"href":"https:\/\/mythslegendes.com\/es\/wp-json\/wp\/v2\/types\/page"}],"author":[{"embeddable":true,"href":"https:\/\/mythslegendes.com\/es\/wp-json\/wp\/v2\/users\/1"}],"replies":[{"embeddable":true,"href":"https:\/\/mythslegendes.com\/es\/wp-json\/wp\/v2\/comments?post=3256"}],"version-history":[{"count":1,"href":"https:\/\/mythslegendes.com\/es\/wp-json\/wp\/v2\/pages\/3256\/revisions"}],"predecessor-version":[{"id":24895,"href":"https:\/\/mythslegendes.com\/es\/wp-json\/wp\/v2\/pages\/3256\/revisions\/24895"}],"up":[{"embeddable":true,"href":"https:\/\/mythslegendes.com\/es\/wp-json\/wp\/v2\/pages\/3233"}],"wp:attachment":[{"href":"https:\/\/mythslegendes.com\/es\/wp-json\/wp\/v2\/media?parent=3256"}],"curies":[{"name":"wp","href":"https:\/\/api.w.org\/{rel}","templated":true}]}}