{"id":3263,"date":"2020-07-24T16:32:49","date_gmt":"2020-07-24T15:32:49","guid":{"rendered":"https:\/\/mythslegendes.com\/?page_id=3263"},"modified":"2020-11-20T12:10:55","modified_gmt":"2020-11-20T12:10:55","slug":"caragabi-larbre-de-jenene","status":"publish","type":"page","link":"https:\/\/mythslegendes.com\/es\/mitologia-choco-embera\/caragabi-larbre-de-jenene\/","title":{"rendered":"Caragab\u00ed, el \u00e1rbol de Jenen\u00e9"},"content":{"rendered":"<div data-elementor-type=\"wp-page\" data-elementor-id=\"3263\" class=\"elementor elementor-3263\">\n\t\t\t\t\t\t<section class=\"elementor-section elementor-top-section elementor-element elementor-element-b281322 elementor-section-boxed elementor-section-height-default elementor-section-height-default\" data-id=\"b281322\" data-element_type=\"section\" data-e-type=\"section\">\n\t\t\t\t\t\t<div class=\"elementor-container elementor-column-gap-default\">\n\t\t\t\t\t<div class=\"elementor-column elementor-col-50 elementor-top-column elementor-element elementor-element-18ad1ee\" data-id=\"18ad1ee\" data-element_type=\"column\" data-e-type=\"column\">\n\t\t\t<div class=\"elementor-widget-wrap elementor-element-populated\">\n\t\t\t\t\t\t<div class=\"elementor-element elementor-element-1e2462c elementor-align-justify elementor-widget elementor-widget-button\" data-id=\"1e2462c\" data-element_type=\"widget\" data-e-type=\"widget\" data-widget_type=\"button.default\">\n\t\t\t\t<div class=\"elementor-widget-container\">\n\t\t\t\t\t\t\t\t\t<div class=\"elementor-button-wrapper\">\n\t\t\t\t\t<a class=\"elementor-button elementor-button-link elementor-size-sm\" href=\"https:\/\/mythslegendes.com\/es\/mitologia-choco-embera\/\">\n\t\t\t\t\t\t<span class=\"elementor-button-content-wrapper\">\n\t\t\t\t\t\t\t\t\t<span class=\"elementor-button-text\">Mitolog\u00eda Choc\u00f3<\/span>\n\t\t\t\t\t<\/span>\n\t\t\t\t\t<\/a>\n\t\t\t\t<\/div>\n\t\t\t\t\t\t\t\t<\/div>\n\t\t\t\t<\/div>\n\t\t\t\t\t<\/div>\n\t\t<\/div>\n\t\t\t\t<div class=\"elementor-column elementor-col-50 elementor-top-column elementor-element elementor-element-a0ea405\" data-id=\"a0ea405\" data-element_type=\"column\" data-e-type=\"column\">\n\t\t\t<div class=\"elementor-widget-wrap elementor-element-populated\">\n\t\t\t\t\t\t<div class=\"elementor-element elementor-element-91e93d1 elementor-align-justify elementor-widget elementor-widget-button\" data-id=\"91e93d1\" data-element_type=\"widget\" data-e-type=\"widget\" data-widget_type=\"button.default\">\n\t\t\t\t<div class=\"elementor-widget-container\">\n\t\t\t\t\t\t\t\t\t<div class=\"elementor-button-wrapper\">\n\t\t\t\t\t<a class=\"elementor-button elementor-button-link elementor-size-sm\" href=\"https:\/\/fr.wikipedia.org\/wiki\/Indiens_Choc%C3%B3\" target=\"_blank\" rel=\"noopener\">\n\t\t\t\t\t\t<span class=\"elementor-button-content-wrapper\">\n\t\t\t\t\t\t\t\t\t<span class=\"elementor-button-text\">Wiki<\/span>\n\t\t\t\t\t<\/span>\n\t\t\t\t\t<\/a>\n\t\t\t\t<\/div>\n\t\t\t\t\t\t\t\t<\/div>\n\t\t\t\t<\/div>\n\t\t\t\t\t<\/div>\n\t\t<\/div>\n\t\t\t\t\t<\/div>\n\t\t<\/section>\n\t\t\t\t<section class=\"elementor-section elementor-top-section elementor-element elementor-element-2d9664a elementor-section-boxed elementor-section-height-default elementor-section-height-default\" data-id=\"2d9664a\" data-element_type=\"section\" data-e-type=\"section\">\n\t\t\t\t\t\t<div class=\"elementor-container elementor-column-gap-default\">\n\t\t\t\t\t<div class=\"elementor-column elementor-col-100 elementor-top-column elementor-element elementor-element-7075056\" data-id=\"7075056\" data-element_type=\"column\" data-e-type=\"column\">\n\t\t\t<div class=\"elementor-widget-wrap elementor-element-populated\">\n\t\t\t\t\t\t<div class=\"elementor-element elementor-element-cd9eedd elementor-widget elementor-widget-text-editor\" data-id=\"cd9eedd\" data-element_type=\"widget\" data-e-type=\"widget\" data-widget_type=\"text-editor.default\">\n\t\t\t\t<div class=\"elementor-widget-container\">\n\t\t\t\t\t\t\t\t\t<p>Caragabi (tambi\u00e9n conocido como Karagab\u00ed, por el Embera Cham\u00ed: Carab\u00ed.) Caragabi es el fundador de la empresa Embera. Hab\u00eda recibido todo el poder y la sabidur\u00eda de <em>dachizese<\/em>, el ser primordial, y hab\u00eda llegado a prevalecer sobre \u00e9l.<\/p>\t\t\t\t\t\t\t\t<\/div>\n\t\t\t\t<\/div>\n\t\t\t\t\t<\/div>\n\t\t<\/div>\n\t\t\t\t\t<\/div>\n\t\t<\/section>\n\t\t\t\t<section class=\"elementor-section elementor-top-section elementor-element elementor-element-0fd2258 elementor-section-boxed elementor-section-height-default elementor-section-height-default\" data-id=\"0fd2258\" data-element_type=\"section\" data-e-type=\"section\">\n\t\t\t\t\t\t<div class=\"elementor-container elementor-column-gap-default\">\n\t\t\t\t\t<div class=\"elementor-column elementor-col-100 elementor-top-column elementor-element elementor-element-3438607\" data-id=\"3438607\" data-element_type=\"column\" data-e-type=\"column\">\n\t\t\t<div class=\"elementor-widget-wrap elementor-element-populated\">\n\t\t\t\t\t\t<div class=\"elementor-element elementor-element-e933669 elementor-widget elementor-widget-heading\" data-id=\"e933669\" data-element_type=\"widget\" data-e-type=\"widget\" data-widget_type=\"heading.default\">\n\t\t\t\t<div class=\"elementor-widget-container\">\n\t\t\t\t\t<div id=\"ez-toc-container\" class=\"ez-toc-v2_0_82_2 counter-hierarchy ez-toc-counter ez-toc-grey ez-toc-container-direction\">\n<div class=\"ez-toc-title-container\">\n<p class=\"ez-toc-title\" style=\"cursor:inherit\">Contenido<\/p>\n<span class=\"ez-toc-title-toggle\"><a href=\"#\" class=\"ez-toc-pull-right ez-toc-btn ez-toc-btn-xs ez-toc-btn-default ez-toc-toggle\" aria-label=\"Alternar tabla de contenidos\"><span class=\"ez-toc-js-icon-con\"><span class=\"\"><span class=\"eztoc-hide\" style=\"display:none;\">Palanca<\/span><span class=\"ez-toc-icon-toggle-span\"><svg style=\"fill: #999;color:#999\" xmlns=\"http:\/\/www.w3.org\/2000\/svg\" class=\"list-377408\" width=\"20px\" height=\"20px\" viewbox=\"0 0 24 24\" fill=\"none\"><path d=\"M6 6H4v2h2V6zm14 0H8v2h12V6zM4 11h2v2H4v-2zm16 0H8v2h12v-2zM4 16h2v2H4v-2zm16 0H8v2h12v-2z\" fill=\"currentColor\"><\/path><\/svg><svg style=\"fill: #999;color:#999\" class=\"arrow-unsorted-368013\" xmlns=\"http:\/\/www.w3.org\/2000\/svg\" width=\"10px\" height=\"10px\" viewbox=\"0 0 24 24\" version=\"1.2\" baseprofile=\"tiny\"><path d=\"M18.2 9.3l-6.2-6.3-6.2 6.3c-.2.2-.3.4-.3.7s.1.5.3.7c.2.2.4.3.7.3h11c.3 0 .5-.1.7-.3.2-.2.3-.5.3-.7s-.1-.5-.3-.7zM5.8 14.7l6.2 6.3 6.2-6.3c.2-.2.3-.5.3-.7s-.1-.5-.3-.7c-.2-.2-.4-.3-.7-.3h-11c-.3 0-.5.1-.7.3-.2.2-.3.5-.3.7s.1.5.3.7z\"\/><\/svg><\/span><\/span><\/span><\/a><\/span><\/div>\n<nav><ul class='ez-toc-list ez-toc-list-level-1' ><li class='ez-toc-page-1 ez-toc-heading-level-2'><a class=\"ez-toc-link ez-toc-heading-1\" href=\"https:\/\/mythslegendes.com\/es\/mitologia-choco-embera\/caragabi-larbre-de-jenene\/#Caragabi-larbre-de-Jenene\" >Caragabi, el \u00e1rbol de Jenen\u00e9<\/a><\/li><\/ul><\/nav><\/div>\n<h2 class=\"elementor-heading-title elementor-size-default\"><span class=\"ez-toc-section\" id=\"Caragabi-larbre-de-Jenene\"><\/span>Caragabi, el \u00e1rbol de Jenen\u00e9<span class=\"ez-toc-section-end\"><\/span><\/h2>\t\t\t\t<\/div>\n\t\t\t\t<\/div>\n\t\t\t\t\t<\/div>\n\t\t<\/div>\n\t\t\t\t\t<\/div>\n\t\t<\/section>\n\t\t\t\t<section class=\"elementor-section elementor-top-section elementor-element elementor-element-394fd379 elementor-section-boxed elementor-section-height-default elementor-section-height-default\" data-id=\"394fd379\" data-element_type=\"section\" data-e-type=\"section\">\n\t\t\t\t\t\t<div class=\"elementor-container elementor-column-gap-default\">\n\t\t\t\t\t<div class=\"elementor-column elementor-col-100 elementor-top-column elementor-element elementor-element-5ec8087\" data-id=\"5ec8087\" data-element_type=\"column\" data-e-type=\"column\">\n\t\t\t<div class=\"elementor-widget-wrap elementor-element-populated\">\n\t\t\t\t\t\t<div class=\"elementor-element elementor-element-339d07be elementor-widget elementor-widget-text-editor\" data-id=\"339d07be\" data-element_type=\"widget\" data-e-type=\"widget\" data-widget_type=\"text-editor.default\">\n\t\t\t\t<div class=\"elementor-widget-container\">\n\t\t\t\t\t\t\t\t\t<p><\/p>\n<figure class=\"wp-block-image\"><img decoding=\"async\" class=\"alignnone\" src=\"https:\/\/img.over-blog-kiwi.com\/0\/56\/62\/66\/20181214\/ob_c3337c_caragabi.jpg\" alt=\"Caragabi, el \u00e1rbol de Jenen\u00e9\" width=\"200\" height=\"125\" title=\"\"><\/figure>\n<p><\/p>\n<p><em><strong>Caragab\u00ed<\/strong><br \/>\u00a0Representaci\u00f3n recopilada por Sergio Carmona: \u201cPercepci\u00f3n y representaci\u00f3n gr\u00e1fica del mundo Embera del nororiente antioque\u00f1o\u201d, Seduca 1988.<\/em><\/p>\n<p><\/p>\n<p>Cre\u00f3 a los hombres, el sol (<em>Humantahu<\/em>) y la luna (<em>Gedeco)<\/em>, las estrellas, trajeron al mundo humano el ma\u00edz y el chontaduro (palma de durazno) desde los niveles m\u00e1s altos del universo, y en general establecieron la composici\u00f3n, n\u00famero y comportamiento de todos los elementos de la naturaleza. Le dio a todo su nombre, estableci\u00f3 leyes y respeto por la vida humana, dando orden al mundo de los hombres. Le faltaba agua, que obtendr\u00eda cortando el \u00e1rbol de jenene:<\/p>\n<p><\/p>\n<p><strong>El \u00e1rbol de Jenen\u00e9. <a href=\"https:\/\/mythslegendes.com\/es\/\">Mito<\/a> sobre el origen del agua.<\/strong><\/p>\n<p><\/p>\n<figure class=\"wp-block-image\"><img decoding=\"async\" src=\"https:\/\/img.over-blog-kiwi.com\/0\/56\/62\/66\/20181214\/ob_bbd0df_jenene.jpg\" alt=\"\" title=\"\"><\/figure>\n<p><\/p>\n<p>Caragabi fue el creador del hombre y de todo lo que existe excepto el agua. Conociendo la importancia del agua para su pueblo, le pidi\u00f3 a su padre que le ense\u00f1ara a conseguir agua. Su padre le dio un palo y cuando lo golpe\u00f3 contra dos piedras, un peque\u00f1o hilo de agua sali\u00f3 del medio. Sin embargo, su padre le advirti\u00f3 que no lo desperdiciara porque era raro y deber\u00eda ser suficiente para todos. <\/p>\n<p>Entonces Caragabi les dijo a los Ember\u00e1s que iban a buscar agua todos los d\u00edas, muy temprano en la ma\u00f1ana, que \u00e9l estar\u00eda all\u00ed para repartirla. Y as\u00ed fue. Los Ember\u00e1 se fueron a alinear con un contenedor. Y as\u00ed fue durante mucho tiempo. Caragabi no pudo darles m\u00e1s de lo que sali\u00f3 de las dos piedras.<\/p>\n<p><\/p>\n<p>As\u00ed siguieron las cosas hasta que un d\u00eda vieron aparecer un indio que nadie hab\u00eda visto antes, trayendo mucha agua y pescado. Los Ember\u00e1 se sorprendieron. Entonces fueron a donde estaba Caragabi y le dijeron:<\/p>\n<p><\/p>\n<p><em>\u201cT\u00fa eres nuestro padre y nuestro creador. Debes saber de d\u00f3nde sacaste tanta agua. \u00bb<\/em><\/p>\n<p><\/p>\n<p>Caragabi ante la agitaci\u00f3n del pueblo y temiendo una rebeli\u00f3n les dijo:<\/p>\n<p><\/p>\n<p><em>\u201cTen paciencia, lo averiguar\u00e9. \u00bb<\/em><\/p>\n<p><\/p>\n<p>Caragabi sigui\u00f3 al indio en su camino hacia el monte Kuguru -&quot;\u00a0<em>Tres Morros \u00bb<\/em>, donde fluye el r\u00edo Sin\u00fa. All\u00ed, el indio abri\u00f3 una puerta sobre una roca. Antes de que Caragabi cerrara, se convirti\u00f3 en colibr\u00ed y entr\u00f3. Vio una enorme laguna donde hab\u00eda peces de todos los colores y tama\u00f1os. Cuando el indio sac\u00f3 una ca\u00f1a de pescar, Caragabi, que quer\u00eda investigar hasta el final, se convirti\u00f3 en pez y mordi\u00f3 el anzuelo.<\/p>\n<p>El indio sac\u00f3 el pescado y lo golpe\u00f3 hasta que par\u00f3, luego lo llev\u00f3 a su casa para ahumarlo. Cuando el pez sinti\u00f3 que el calor comenzaba a saltar, el indio se dio cuenta de que era Caragabi quien jugaba con \u00e9l y que ya no ten\u00eda m\u00e1s sobresalto.<\/p>\n<p><\/p>\n<p>Caragabi se transform\u00f3 en tigre y le pregunt\u00f3:<\/p>\n<p><\/p>\n<figure class=\"wp-block-image\"><img decoding=\"async\" src=\"https:\/\/img.over-blog-kiwi.com\/0\/56\/62\/66\/20181214\/ob_4068a5_hormiga.jpg\" alt=\"\" title=\"\"><\/figure>\n<p><\/p>\n<p><em><strong>Hormiga de conga<\/strong><br \/>Paraponera clavata<br \/>Jenzera<\/em><\/p>\n<p><\/p>\n<p><em>\u201c\u00bfDe d\u00f3nde viene toda esta agua y peces? \u00bb<\/em><\/p>\n<p><\/p>\n<p>El indio dijo que no sab\u00eda. Repiti\u00f3 la pregunta cuatro veces, obteniendo la misma respuesta, luego dijo:<\/p>\n<p><\/p>\n<p><em>\u201cSolo te preguntar\u00e9 una vez: \u00bfpuedo tener el agua y el pescado que necesito para mi pueblo? \u00bb<\/em><\/p>\n<p><\/p>\n<p>El indio volvi\u00f3 a responder que no. Entonces Caragabi pregunt\u00f3:<\/p>\n<p><\/p>\n<p><em>&quot;\u00bfPor qu\u00e9 hablas de agua, no te das cuenta de que es bueno compartir?&quot; \u00bb<\/em><\/p>\n<p><\/p>\n<p>Los indios fingieron no entender, Caragabi perdiendo la paciencia le pregunt\u00f3:<\/p>\n<p><\/p>\n<p><em>&quot;Te dar\u00e9 una \u00faltima oportunidad de responder, \u00bfpuedo tomar el agua?&quot; \u00bb<\/em><\/p>\n<p><\/p>\n<p>Ante esta nueva negativa, Caragabi lo tom\u00f3 por el pecho y le dijo:<\/p>\n<p><\/p>\n<p><em>\u201cComo eres malvado, te volver\u00e1s jenzer\u00e1 -hormiga (ant)-\u201d\u00a0<\/em><\/p>\n<p><\/p>\n<p>Por eso las hormigas ya no pueden beber agua y deben llevarla en gotas en sus picos. El pueblo Ember\u00e1 qued\u00f3 satisfecho con el castigo y se fue con Caragabi a la laguna. Cuando llegaron, no encontraron nada, todo se hab\u00eda convertido en una espesa selva. En lugar de la laguna, hab\u00eda un enorme \u00e1rbol que se elevaba hacia el cielo y oscurec\u00eda todo: el jenen\u00e9.<\/p>\n<p><\/p>\n<p>Caragabi se dio cuenta de que<em> jenzer\u00e1<\/em> ten\u00eda mucho poder y tambi\u00e9n quer\u00eda jugar con \u00e9l, convirtiendo la laguna en un <em>en ayunas<\/em>. Reuni\u00f3 a todo su pueblo y les pregunt\u00f3:<\/p>\n<p><\/p>\n<p><em>&quot;\u00bfQu\u00e9 podemos hacer para derribar a Jenene?&quot; \u00bb<\/em><\/p>\n<p><\/p>\n<p>A lo que la gente respondi\u00f3:<\/p>\n<p><\/p>\n<p><em>&quot;No sabemos, no podemos decidir&quot;<\/em><\/p>\n<p><\/p>\n<p>Caragabi convoc\u00f3 a todos y orden\u00f3 a todos que trajeran un hacha de piedra. Empezaron a intentar derribar el jenen\u00e9, pero su vara estaba muy dura y las hachas rebotaban. Caragabi mand\u00f3 hacer unas hachas muy finas, por lo que lograron abrirle un corte, como ya estaba oscureciendo, se decidi\u00f3 suspender el trabajo para retomarlo al d\u00eda siguiente. Cuando regresaron, la abertura estaba cerrada:<\/p>\n<p><\/p>\n<p><em>&quot; No es posible, &quot;<\/em> dijo Caragabi, &quot;\u00a0<em>empecemos desde cero.<\/em>\u00a0Al d\u00eda siguiente, cuando regresaron, el \u00e1rbol se hab\u00eda cerrado. As\u00ed estuvo varios d\u00edas.<\/p>\n<p><\/p>\n<p>Caragabi convoc\u00f3 a los mejores guerreros y orden\u00f3 que se colocara una guardia durante la noche. Se dieron cuenta que bocorr\u00f3 (el sapo) le estaba contando a Jenzer\u00e1 lo que hac\u00eda Caragabi y su gente y vinieron a curar al jenen\u00e9. Caragabi lo aplast\u00f3 furiosamente con el pie y dijo:<\/p>\n<p><\/p>\n<p><em>\u201cA partir de ahora, tendr\u00e1s que cuidar el agua. \u00bb<\/em> Por eso el sapo vive en las orillas de los r\u00edos y lagunas y por haber sido aplastado ya no puede andar como antes, sino saltar.<\/p>\n<p><\/p>\n<p>Caragabi eligi\u00f3 a los hombres m\u00e1s fuertes para trabajar d\u00eda y noche, custodiados por guerreros para que<em> jenzer\u00e1 <\/em>no puede cubrir el corte. <em>Jenzera<\/em>\u00a0 subi\u00f3 a las ramas de otro \u00e1rbol y coloc\u00f3 una vara de piedra en el coraz\u00f3n del hombre que ayunaba para que no cayera. As\u00ed pudo entrar en el coraz\u00f3n del ayuno que comenz\u00f3 a inclinarse pero no cay\u00f3, <em>jenzer\u00e1<\/em> lo at\u00f3 con una vid a otros \u00e1rboles.<\/p>\n<p><\/p>\n<p>Caragabi llam\u00f3 a la familia Micos, que alguna vez fueron Ember\u00e1s. orden\u00f3 a <em>zsrua<\/em> - A <em>cotudo<\/em> o mono aullador \u2013 para subir al \u00e1rbol y ver lo que estaba pasando. El mono se estir\u00f3 y volvi\u00f3, entonces Caragabi conden\u00f3:<\/p>\n<p><\/p>\n<p><em>\u201cTu zsrua siempre ser\u00e1s as\u00ed, perezoso. \u00bb<\/em><\/p>\n<p><\/p>\n<p>Luego llam\u00f3 <em>Yerre<\/em>, un ni\u00f1o negro, y subi\u00f3, pero no pudo llegar a la cima porque se estaba divirtiendo en el camino. Caragabi decret\u00f3:<\/p>\n<p><\/p>\n<p><em>\u201cSiempre ser\u00e1s as\u00ed, juguet\u00f3n y distra\u00eddo. \u00bb<\/em><\/p>\n<p><\/p>\n<p>Luego fue el turno de<em> mizsurra<\/em> &#8211;<em><a href=\"https:\/\/mythslegendes.com\/es\/mitologia-digital-norte-y-oeste\/\">mononucleosis infecciosa<\/a> m\u00e1quina<\/em> o monito-. Pero este solo subi\u00f3 unos metros y se asust\u00f3. caragabi dijo:<\/p>\n<p><\/p>\n<p>&quot;\u00a0<em>Tu mizsurr\u00e1 siempre ser\u00e1s as\u00ed, miedoso. \u00bb<\/em><\/p>\n<p><\/p>\n<p>Luego llam\u00f3\u00a0<em>u&#039;nra -<\/em><em>marteja<\/em>, pero este tampoco. En resumen, muchos animales de la familia de los simios han fracasado en este intento.<\/p>\n<p><\/p>\n<p>Fue la ardilla la que pudo cortar la vid, pero el \u00e1rbol tampoco se cay\u00f3, porque<em> jenzer\u00e1<\/em> \u2013 mientras tanto \u2013 lo hab\u00eda atado con otra enredadera arriba. Entonces Caragabi llam\u00f3 <em>chidima <\/em>-mono pelirrojo-, quien pidi\u00f3 una prueba antes de cortar la enredadera, consistente en arrojar una fruta desde lo alto del \u00e1rbol y llegar al suelo frente a \u00e9l y repetirla cuatro veces. Pasando la prueba, pidi\u00f3 un machete grande. En lo alto del \u00e1rbol, <em>chidima<\/em> Grit\u00f3 que todos se refugiaran en la cima de la monta\u00f1a. Cuando estuvieron a cubierto, Caragabi dio la orden de cortar la vid.<\/p>\n<p><\/p>\n<p>Cuando el \u00e1rbol comenz\u00f3 a caer, el cielo se aclar\u00f3 y se escuch\u00f3 un fuerte ruido. El agua comenz\u00f3 a fluir a trav\u00e9s de todas las partes del \u00e1rbol. Las ramas de Jenen\u00e9 cayeron sobre la monta\u00f1a. Y el tronco y la ra\u00edz cayeron. Donde estaban las ra\u00edces, se form\u00f3 el mar.<\/p>\n<p><\/p>\n<p>El tronco se ha convertido en el r\u00edo. <em>Kerado-Sin\u00fa<\/em>-. Las ramas m\u00e1s gruesas se convirtieron en los r\u00edos <em>Iwagado<\/em> -Verde- y Kuranzad\u00f3 -Esmeralda-, el mejor de los r\u00edos <em>Manso y Kiparado<\/em> -Cruz genial-. Jenen\u00e9 ten\u00eda flores redondas muy grandes. Estaban todos llenos de agua. Cuando el \u00e1rbol cay\u00f3, se abrieron formando enormes <em>Evazozoabania<\/em> -pantanos-, como el gran pantano de Lorica, el de Betanc\u00ed, y otros menores.<\/p>\n<p><\/p>\n<p>Los Ember\u00e1 estaban at\u00f3nitos. caragabi dijo: <em>\u201cEste fue el fruto del esfuerzo de todos los Ember\u00e1s y debe permanecer as\u00ed para siempre. Me asegurar\u00e9 de que eso suceda. \u00a1Los Ember\u00e1 que no respeten este mandato ser\u00e1n castigados! \u00bb<\/em>. Luego escogi\u00f3 a los mejores hombres de su aldea y los convirti\u00f3 en <em>zhaberara<\/em> -guardianes de las lagunas y pantanos-. Eran los encargados de cuidar los pantanos y r\u00edos y asegurarse de que estuvieran all\u00ed para beneficio de todos. Entonces el agua se fue por todas partes y los r\u00edos, lagunas y pantanos se llenaron de peces.<\/p>\n<p><\/p>\t\t\t\t\t\t\t\t<\/div>\n\t\t\t\t<\/div>\n\t\t\t\t\t<\/div>\n\t\t<\/div>\n\t\t\t\t\t<\/div>\n\t\t<\/section>\n\t\t\t\t<\/div>","protected":false},"excerpt":{"rendered":"<p>Mythologie Choco Wiki Caragabi (aussi connu sous le nom de Karagab\u00ed, pour l&rsquo;Embera Cham\u00ed : Carab\u00ed.) Caragabi est le fondateur &hellip; <\/p>","protected":false},"author":1,"featured_media":0,"parent":3233,"menu_order":0,"comment_status":"closed","ping_status":"closed","template":"","meta":{"footnotes":""},"class_list":["post-3263","page","type-page","status-publish","hentry"],"amp_enabled":true,"_links":{"self":[{"href":"https:\/\/mythslegendes.com\/es\/wp-json\/wp\/v2\/pages\/3263","targetHints":{"allow":["GET"]}}],"collection":[{"href":"https:\/\/mythslegendes.com\/es\/wp-json\/wp\/v2\/pages"}],"about":[{"href":"https:\/\/mythslegendes.com\/es\/wp-json\/wp\/v2\/types\/page"}],"author":[{"embeddable":true,"href":"https:\/\/mythslegendes.com\/es\/wp-json\/wp\/v2\/users\/1"}],"replies":[{"embeddable":true,"href":"https:\/\/mythslegendes.com\/es\/wp-json\/wp\/v2\/comments?post=3263"}],"version-history":[{"count":0,"href":"https:\/\/mythslegendes.com\/es\/wp-json\/wp\/v2\/pages\/3263\/revisions"}],"up":[{"embeddable":true,"href":"https:\/\/mythslegendes.com\/es\/wp-json\/wp\/v2\/pages\/3233"}],"wp:attachment":[{"href":"https:\/\/mythslegendes.com\/es\/wp-json\/wp\/v2\/media?parent=3263"}],"curies":[{"name":"wp","href":"https:\/\/api.w.org\/{rel}","templated":true}]}}