{"id":3266,"date":"2020-07-24T16:36:24","date_gmt":"2020-07-24T15:36:24","guid":{"rendered":"https:\/\/mythslegendes.com\/?page_id=3266"},"modified":"2020-11-20T11:19:34","modified_gmt":"2020-11-20T11:19:34","slug":"jaibanisme","status":"publish","type":"page","link":"https:\/\/mythslegendes.com\/es\/mitologia-choco-embera\/jaibanismo\/","title":{"rendered":"Jaibismo"},"content":{"rendered":"<div data-elementor-type=\"wp-page\" data-elementor-id=\"3266\" class=\"elementor elementor-3266\">\n\t\t\t\t\t\t<section class=\"elementor-section elementor-top-section elementor-element elementor-element-8f9733c elementor-section-boxed elementor-section-height-default elementor-section-height-default\" data-id=\"8f9733c\" data-element_type=\"section\" data-e-type=\"section\">\n\t\t\t\t\t\t<div class=\"elementor-container elementor-column-gap-default\">\n\t\t\t\t\t<div class=\"elementor-column elementor-col-50 elementor-top-column elementor-element elementor-element-5b7b48d\" data-id=\"5b7b48d\" data-element_type=\"column\" data-e-type=\"column\">\n\t\t\t<div class=\"elementor-widget-wrap elementor-element-populated\">\n\t\t\t\t\t\t<div class=\"elementor-element elementor-element-ff47786 elementor-align-justify elementor-widget elementor-widget-button\" data-id=\"ff47786\" data-element_type=\"widget\" data-e-type=\"widget\" data-widget_type=\"button.default\">\n\t\t\t\t<div class=\"elementor-widget-container\">\n\t\t\t\t\t\t\t\t\t<div class=\"elementor-button-wrapper\">\n\t\t\t\t\t<a class=\"elementor-button elementor-button-link elementor-size-sm\" href=\"https:\/\/mythslegendes.com\/es\/mitologia-choco-embera\/\">\n\t\t\t\t\t\t<span class=\"elementor-button-content-wrapper\">\n\t\t\t\t\t\t\t\t\t<span class=\"elementor-button-text\">Mitolog\u00eda Choc\u00f3<\/span>\n\t\t\t\t\t<\/span>\n\t\t\t\t\t<\/a>\n\t\t\t\t<\/div>\n\t\t\t\t\t\t\t\t<\/div>\n\t\t\t\t<\/div>\n\t\t\t\t\t<\/div>\n\t\t<\/div>\n\t\t\t\t<div class=\"elementor-column elementor-col-50 elementor-top-column elementor-element elementor-element-f3d17ca\" data-id=\"f3d17ca\" data-element_type=\"column\" data-e-type=\"column\">\n\t\t\t<div class=\"elementor-widget-wrap elementor-element-populated\">\n\t\t\t\t\t\t<div class=\"elementor-element elementor-element-35486f6 elementor-align-justify elementor-widget elementor-widget-button\" data-id=\"35486f6\" data-element_type=\"widget\" data-e-type=\"widget\" data-widget_type=\"button.default\">\n\t\t\t\t<div class=\"elementor-widget-container\">\n\t\t\t\t\t\t\t\t\t<div class=\"elementor-button-wrapper\">\n\t\t\t\t\t<a class=\"elementor-button elementor-button-link elementor-size-sm\" href=\"https:\/\/fr.wikipedia.org\/wiki\/Indiens_Choc%C3%B3\" target=\"_blank\" rel=\"noopener\">\n\t\t\t\t\t\t<span class=\"elementor-button-content-wrapper\">\n\t\t\t\t\t\t\t\t\t<span class=\"elementor-button-text\">Wiki<\/span>\n\t\t\t\t\t<\/span>\n\t\t\t\t\t<\/a>\n\t\t\t\t<\/div>\n\t\t\t\t\t\t\t\t<\/div>\n\t\t\t\t<\/div>\n\t\t\t\t\t<\/div>\n\t\t<\/div>\n\t\t\t\t\t<\/div>\n\t\t<\/section>\n\t\t\t\t<section class=\"elementor-section elementor-top-section elementor-element elementor-element-347ee0d elementor-section-boxed elementor-section-height-default elementor-section-height-default\" data-id=\"347ee0d\" data-element_type=\"section\" data-e-type=\"section\">\n\t\t\t\t\t\t<div class=\"elementor-container elementor-column-gap-default\">\n\t\t\t\t\t<div class=\"elementor-column elementor-col-100 elementor-top-column elementor-element elementor-element-fbf400b\" data-id=\"fbf400b\" data-element_type=\"column\" data-e-type=\"column\">\n\t\t\t<div class=\"elementor-widget-wrap elementor-element-populated\">\n\t\t\t\t\t\t<div class=\"elementor-element elementor-element-36de934 elementor-widget elementor-widget-text-editor\" data-id=\"36de934\" data-element_type=\"widget\" data-e-type=\"widget\" data-widget_type=\"text-editor.default\">\n\t\t\t\t<div class=\"elementor-widget-container\">\n\t\t\t\t\t\t\t\t\t<p>El jaibanismo es la religi\u00f3n de los Emberas.<\/p>\t\t\t\t\t\t\t\t<\/div>\n\t\t\t\t<\/div>\n\t\t\t\t\t<\/div>\n\t\t<\/div>\n\t\t\t\t\t<\/div>\n\t\t<\/section>\n\t\t\t\t<section class=\"elementor-section elementor-top-section elementor-element elementor-element-e24d008 elementor-section-boxed elementor-section-height-default elementor-section-height-default\" data-id=\"e24d008\" data-element_type=\"section\" data-e-type=\"section\">\n\t\t\t\t\t\t<div class=\"elementor-container elementor-column-gap-default\">\n\t\t\t\t\t<div class=\"elementor-column elementor-col-100 elementor-top-column elementor-element elementor-element-4718e82\" data-id=\"4718e82\" data-element_type=\"column\" data-e-type=\"column\">\n\t\t\t<div class=\"elementor-widget-wrap elementor-element-populated\">\n\t\t\t\t\t\t<div class=\"elementor-element elementor-element-a6091be elementor-widget elementor-widget-heading\" data-id=\"a6091be\" data-element_type=\"widget\" data-e-type=\"widget\" data-widget_type=\"heading.default\">\n\t\t\t\t<div class=\"elementor-widget-container\">\n\t\t\t\t\t<div id=\"ez-toc-container\" class=\"ez-toc-v2_0_82_2 counter-hierarchy ez-toc-counter ez-toc-grey ez-toc-container-direction\">\n<div class=\"ez-toc-title-container\">\n<p class=\"ez-toc-title\" style=\"cursor:inherit\">Contenido<\/p>\n<span class=\"ez-toc-title-toggle\"><a href=\"#\" class=\"ez-toc-pull-right ez-toc-btn ez-toc-btn-xs ez-toc-btn-default ez-toc-toggle\" aria-label=\"Alternar tabla de contenidos\"><span class=\"ez-toc-js-icon-con\"><span class=\"\"><span class=\"eztoc-hide\" style=\"display:none;\">Palanca<\/span><span class=\"ez-toc-icon-toggle-span\"><svg style=\"fill: #999;color:#999\" xmlns=\"http:\/\/www.w3.org\/2000\/svg\" class=\"list-377408\" width=\"20px\" height=\"20px\" viewbox=\"0 0 24 24\" fill=\"none\"><path d=\"M6 6H4v2h2V6zm14 0H8v2h12V6zM4 11h2v2H4v-2zm16 0H8v2h12v-2zM4 16h2v2H4v-2zm16 0H8v2h12v-2z\" fill=\"currentColor\"><\/path><\/svg><svg style=\"fill: #999;color:#999\" class=\"arrow-unsorted-368013\" xmlns=\"http:\/\/www.w3.org\/2000\/svg\" width=\"10px\" height=\"10px\" viewbox=\"0 0 24 24\" version=\"1.2\" baseprofile=\"tiny\"><path d=\"M18.2 9.3l-6.2-6.3-6.2 6.3c-.2.2-.3.4-.3.7s.1.5.3.7c.2.2.4.3.7.3h11c.3 0 .5-.1.7-.3.2-.2.3-.5.3-.7s-.1-.5-.3-.7zM5.8 14.7l6.2 6.3 6.2-6.3c.2-.2.3-.5.3-.7s-.1-.5-.3-.7c-.2-.2-.4-.3-.7-.3h-11c-.3 0-.5.1-.7.3-.2.2-.3.5-.3.7s.1.5.3.7z\"\/><\/svg><\/span><\/span><\/span><\/a><\/span><\/div>\n<nav><ul class='ez-toc-list ez-toc-list-level-1' ><li class='ez-toc-page-1 ez-toc-heading-level-2'><a class=\"ez-toc-link ez-toc-heading-1\" href=\"https:\/\/mythslegendes.com\/es\/mitologia-choco-embera\/jaibanismo\/#Jaibanisme\" >Jaibismo<\/a><\/li><\/ul><\/nav><\/div>\n<h2 class=\"elementor-heading-title elementor-size-default\"><span class=\"ez-toc-section\" id=\"Jaibanisme\"><\/span>Jaibismo <span class=\"ez-toc-section-end\"><\/span><\/h2>\t\t\t\t<\/div>\n\t\t\t\t<\/div>\n\t\t\t\t\t<\/div>\n\t\t<\/div>\n\t\t\t\t\t<\/div>\n\t\t<\/section>\n\t\t\t\t<section class=\"elementor-section elementor-top-section elementor-element elementor-element-2638b3b8 elementor-section-boxed elementor-section-height-default elementor-section-height-default\" data-id=\"2638b3b8\" data-element_type=\"section\" data-e-type=\"section\">\n\t\t\t\t\t\t<div class=\"elementor-container elementor-column-gap-default\">\n\t\t\t\t\t<div class=\"elementor-column elementor-col-100 elementor-top-column elementor-element elementor-element-4e2f5d92\" data-id=\"4e2f5d92\" data-element_type=\"column\" data-e-type=\"column\">\n\t\t\t<div class=\"elementor-widget-wrap elementor-element-populated\">\n\t\t\t\t\t\t<div class=\"elementor-element elementor-element-4dde6510 elementor-widget elementor-widget-text-editor\" data-id=\"4dde6510\" data-element_type=\"widget\" data-e-type=\"widget\" data-widget_type=\"text-editor.default\">\n\t\t\t\t<div class=\"elementor-widget-container\">\n\t\t\t\t\t\t\t\t\t<p><\/p>\n<p>Los Ember\u00e1s consideran <em>dachizeze<\/em> (Tatzitzetze, tambi\u00e9n conocido como Ankore), como el ser primordial, masculino\/femenino, creador de todos los elementos y de los primeros seres.<\/p>\n<p><\/p>\n<p><\/p>\n<p>En el jaibanismo, dio origen a<em> Caragab\u00ed <\/em>quien dio origen a los Ember\u00e1 y su mundo, ordenando el cosmos y d\u00e1ndoles acceso al agua, el fuego y los alimentos.<\/p>\n<p><\/p>\n<p><\/p>\n<p><em>Trutruica<\/em>, era due\u00f1o de <em>Armucura<\/em> (inframundo), seg\u00fan algunas versiones tambi\u00e9n fue creado por <em>dachizeze<\/em>, seg\u00fan otras personas no le dio existencia, y en este sentido era similar a <em>dachizeze<\/em>.<\/p>\n<p><\/p>\n<p><\/p>\n<p><strong>El Universo Ember\u00e1 del Jaibanismo se compone de tres niveles principales:<\/strong><\/p>\n<p><\/p>\n<p><\/p>\n<p><strong>1. El mundo de Caragabi<\/strong>. Algunos lo llaman el Mundo de las Cosas Azules. el alberga <em>Dachizeze, Caragabi<\/em>, una serie de seres primordiales y las almas de los muertos.<\/p>\n<p><\/p>\n<p><\/p>\n<p><strong>2. Armucura.<\/strong> Mundo regido por Trutruica, por debajo de lo humano, en \u00e9l habitan los jai (esencias, esp\u00edritus).<\/p>\n<p><\/p>\n<p><\/p>\n<p><strong>3. El mundo del hombre<\/strong>, que vive en constante enfrentamiento con los jai y los seres primordiales.<\/p>\n<p><\/p>\n<p><\/p>\n<p>Al principio, la relaci\u00f3n entre el mundo humano y el de <em>Caragab\u00ed <\/em>Era bueno, los hombres pod\u00edan acceder a \u00e9l por una escalera, pero cuando no respetaban los tab\u00faes, se romp\u00eda la posibilidad de visitar el mundo de arriba. Por lo tanto, s\u00f3lo el <em>jaibanas <\/em>(chamanes) pueden acceder a niveles esenciales.<\/p>\n<p><\/p>\n<p><\/p>\n<p>los<em> yo tengo <\/em>del mundo <em>Trutruica<\/em> Son agentes de enfermedad y agresi\u00f3n, pero tambi\u00e9n de curaci\u00f3n y protecci\u00f3n. De<em> yo tengo<\/em> se ubican los \u201c\u00a0<em>propietarios \u00bb <\/em>de cada especie animal, que el <em>jaiban\u00e1<\/em> invocar para permitir su abundancia o para ahuyentarlos.<\/p>\n<p><\/p>\n<p><\/p>\n<p>De<em> yo tengo<\/em> destacan los m\u00e1s importantes:<\/p>\n<p><\/p>\n<p><\/p>\n<p><strong>Antum\u00eda<\/strong> : Jai malin, el equivalente del diablo. Tambi\u00e9n considerado el esp\u00edritu del agua.<br \/><strong>Pakor\u00e9<\/strong> : Madre de la monta\u00f1a, ella guarda las cacer\u00edas.<br \/><strong>Nusi:<\/strong> Pez gigante.<\/p>\n<p><\/p>\n<p><\/p>\n<p><strong>La Jaibana<\/strong><\/p>\n<p><\/p>\n<p><\/p>\n<p>Interacci\u00f3n con esp\u00edritus<em> yo tengo <\/em>es responsabilidad de <em>jaiban\u00e1<\/em>, quienes contin\u00faan el trabajo de <em>Caragab\u00ed.<\/em> las relaciones de <em>jaiban\u00e1<\/em> con el\u00a0<em>yo tengo<\/em> garantizar las actividades fundamentales de la sociedad y la continuidad de los ciclos naturales, estableciendo al mismo tiempo la territorialidad de las comunidades. la j<em>aibanas <\/em>puede penetrar en la esencialidad de todas las cosas presentes en el universo, establecer comunicaci\u00f3n con ellas y convertirlas en sus aliadas para sanar o atacar.<\/p>\n<p><\/p>\n<p><\/p>\n<p><em>Jaibana<\/em> Puede ser masculino o femenino, sin particularidad. Comienza su aprendizaje desde peque\u00f1o, guiado por un maestro, un <em>jaiban\u00e1 <\/em>sabio y poderoso. Gran parte de su ense\u00f1anza le es transmitida por la aparici\u00f3n del maestro en sus sue\u00f1os, permiti\u00e9ndole ver m\u00e1s all\u00e1 de los l\u00edmites del tiempo y la distancia. En su comunicaci\u00f3n con el <em>Chorro<\/em>, conocen las propiedades curativas de las plantas.<\/p>\n<p><\/p>\n<p><\/p>\n<p>los\u00a0<em>jaiban\u00e1<\/em> organiza una serie de ceremonias destinadas a comunicarse con el <em>yo tengo<\/em>. Se realizan en horario nocturno y deben incluir los siguientes elementos de parafernalia ritual: bebidas embriagantes para el<em> yo tengo <\/em>; palos de madera, esculturas curativas, hojas,<em> totumas,<\/em> pinturas para la cara y el cuerpo. EL\u00a0<em>jaiban\u00e1 <\/em>los oficia sentado en bancos de madera generalmente tallados con la figura de un animal.<\/p>\n<p><\/p>\n<p><\/p>\n<figure class=\"wp-block-image\"><img fetchpriority=\"high\" decoding=\"async\" class=\"alignnone\" src=\"https:\/\/img.over-blog-kiwi.com\/0\/56\/62\/66\/20181211\/ob_75f92c_jaibana1.jpg\" alt=\"Jaibismo\" width=\"265\" height=\"250\" title=\"\"><\/figure>\n<p><\/p>\n<p><\/p>\n<p><em><strong>jaiban\u00e1<\/strong><br \/>Escena de sanaci\u00f3n en R\u00edo Chico, Dari\u00e9n. El jaiban\u00e1 frota un bast\u00f3n en el cuerpo del paciente<\/em><\/p>\n<p><\/p>\n<p><\/p>\n<p>La ceremonia de curaci\u00f3n se llama \u201c\u00a0<em>la cancion del jai<\/em>\u201c. EL<em> jaiban\u00e1<\/em>, sentado en su banco, sosteniendo su bast\u00f3n en la mano izquierda y sosteniendo una hoja de palma en la derecha, comienza a cantar, como lo har\u00e1 de manera r\u00edtmica y regular durante toda la noche, hasta completar su tarea. Preguntar\u00e1 a los due\u00f1os.\u00a0<em>yo tengo<\/em> de la enfermedad, a sus \u00f3rdenes y bajo su control, para eliminar el <em>yo tengo<\/em> de la enfermedad y aliviar a los enfermos. Al final, el <em>chorro<\/em> salir con el<em> yo tengo<\/em> quien causa el mal, quien ahora est\u00e1 bajo el control de <em>jaibana.<\/em><\/p>\n<p><\/p>\n<p><\/p>\n<p>Tambi\u00e9n curan las casas, la tierra para la siembra y la cosecha, el r\u00edo y la selva cuando los recursos escasean. Su poder se extiende a los fen\u00f3menos naturales, produciendo lluvias, rel\u00e1mpagos, truenos, tormentas e inundaciones e incluso terremotos.<\/p>\n<p><\/p>\n<p><\/p>\n<p>Entre sus ritos m\u00e1s significativos, el \u201c\u00a0<em>ombligo &quot;<\/em> Se practica en los ni\u00f1os durante la luna llena, pocos d\u00edas despu\u00e9s del nacimiento, aplicando diferentes sustancias en su est\u00f3mago. Se dice que con este ritual los ni\u00f1os adquieren fuerzas para cazar, pescar y navegar. Celebran el bautismo de los ni\u00f1os, la iniciaci\u00f3n de los adolescentes y la cosecha.<\/p>\n<p><\/p>\n<p><\/p>\n<figure class=\"wp-block-image\"><img decoding=\"async\" src=\"https:\/\/img.over-blog-kiwi.com\/0\/56\/62\/66\/20181211\/ob_fb0317_jaibana2.jpg\" alt=\"\" title=\"\"><\/figure>\n<p><\/p>\n<p><\/p>\n<p><em><strong>mu\u00f1eco curativo<\/strong><br \/>Ember\u00e1 enferma con un mu\u00f1eco que representa un esp\u00edritu sanador. Azuza, Dari\u00e9n.<\/em><\/p>\n<p><\/p>\n<p><\/p>\n<p><strong>Representaciones del jai, seg\u00fan los jaiban\u00e1 del noroeste antioque\u00f1o<\/strong><\/p>\n<p><\/p>\n<p><\/p>\n<figure class=\"wp-block-image\"><img decoding=\"async\" src=\"https:\/\/img.over-blog-kiwi.com\/0\/56\/62\/66\/20181211\/ob_c4c600_jai1.jpg\" alt=\"\" title=\"\"><\/figure>\n<p><\/p>\n<p><\/p>\n<p><em>Antropomorfos. Las figuras con dobles l\u00edneas rojas representan esp\u00edritus poderosos, las que tienen c\u00edrculos o puntos representan jai disfrazados de serpientes.<\/em><\/p>\n<p><\/p>\n<p><\/p>\n<figure class=\"wp-block-image\"><img decoding=\"async\" src=\"https:\/\/img.over-blog-kiwi.com\/0\/56\/62\/66\/20181211\/ob_fde6f3_jai2.jpg\" alt=\"\" title=\"\"><\/figure>\n<p><\/p>\n<p><\/p>\n<p><em>Zoomorfos. La representaci\u00f3n de la fauna no es muy distinta a la del jai en forma de animal.<\/em><\/p>\n<p><\/p>\n<p><\/p>\n<p>Trabajo de campo de Sergio Carmona, publicado en \u201c\u00a0<em>Percepci\u00f3n y representaci\u00f3n gr\u00e1fica del mundo Ember\u00e1 del noreste antioque\u00f1o.<\/em>\u201c, Seduca 1988.<\/p>\n<p><\/p>\t\t\t\t\t\t\t\t<\/div>\n\t\t\t\t<\/div>\n\t\t\t\t\t<\/div>\n\t\t<\/div>\n\t\t\t\t\t<\/div>\n\t\t<\/section>\n\t\t\t\t<\/div>","protected":false},"excerpt":{"rendered":"<p>Mitolog\u00eda Choco Wiki El jaibanismo es la religi\u00f3n de los Emberas. Jaibanismo Los Ember\u00e1s consideran Dachizeze (Tatzitzetze, tambi\u00e9n conocido como Ankore),\u2026 <\/p>","protected":false},"author":1,"featured_media":0,"parent":3233,"menu_order":0,"comment_status":"closed","ping_status":"closed","template":"","meta":{"footnotes":""},"class_list":["post-3266","page","type-page","status-publish","hentry"],"amp_enabled":true,"_links":{"self":[{"href":"https:\/\/mythslegendes.com\/es\/wp-json\/wp\/v2\/pages\/3266","targetHints":{"allow":["GET"]}}],"collection":[{"href":"https:\/\/mythslegendes.com\/es\/wp-json\/wp\/v2\/pages"}],"about":[{"href":"https:\/\/mythslegendes.com\/es\/wp-json\/wp\/v2\/types\/page"}],"author":[{"embeddable":true,"href":"https:\/\/mythslegendes.com\/es\/wp-json\/wp\/v2\/users\/1"}],"replies":[{"embeddable":true,"href":"https:\/\/mythslegendes.com\/es\/wp-json\/wp\/v2\/comments?post=3266"}],"version-history":[{"count":0,"href":"https:\/\/mythslegendes.com\/es\/wp-json\/wp\/v2\/pages\/3266\/revisions"}],"up":[{"embeddable":true,"href":"https:\/\/mythslegendes.com\/es\/wp-json\/wp\/v2\/pages\/3233"}],"wp:attachment":[{"href":"https:\/\/mythslegendes.com\/es\/wp-json\/wp\/v2\/media?parent=3266"}],"curies":[{"name":"wp","href":"https:\/\/api.w.org\/{rel}","templated":true}]}}