{"id":3281,"date":"2020-07-24T17:16:04","date_gmt":"2020-07-24T16:16:04","guid":{"rendered":"https:\/\/mythslegendes.com\/?page_id=3281"},"modified":"2022-12-03T22:07:15","modified_gmt":"2022-12-03T22:07:15","slug":"lorigine-des-peuples-des-awa-kwaiker","status":"publish","type":"page","link":"https:\/\/mythslegendes.com\/es\/mitologia-barbacoana\/el-origen-de-los-pueblos-awa-kwaiker\/","title":{"rendered":"El origen de los pueblos Aw\u00e1 Kwaiker"},"content":{"rendered":"<div data-elementor-type=\"wp-page\" data-elementor-id=\"3281\" class=\"elementor elementor-3281\">\n\t\t\t\t\t\t<section class=\"elementor-section elementor-top-section elementor-element elementor-element-6205e5f elementor-section-boxed elementor-section-height-default elementor-section-height-default\" data-id=\"6205e5f\" data-element_type=\"section\" data-e-type=\"section\">\n\t\t\t\t\t\t<div class=\"elementor-container elementor-column-gap-default\">\n\t\t\t\t\t<div class=\"elementor-column elementor-col-50 elementor-top-column elementor-element elementor-element-c2091aa\" data-id=\"c2091aa\" data-element_type=\"column\" data-e-type=\"column\">\n\t\t\t<div class=\"elementor-widget-wrap elementor-element-populated\">\n\t\t\t\t\t\t<div class=\"elementor-element elementor-element-0cecfd7 elementor-align-justify elementor-widget elementor-widget-button\" data-id=\"0cecfd7\" data-element_type=\"widget\" data-e-type=\"widget\" data-widget_type=\"button.default\">\n\t\t\t\t<div class=\"elementor-widget-container\">\n\t\t\t\t\t\t\t\t\t<div class=\"elementor-button-wrapper\">\n\t\t\t\t\t<a class=\"elementor-button elementor-button-link elementor-size-sm\" href=\"https:\/\/mythslegendes.com\/es\/mitologia-barbacoana\/\">\n\t\t\t\t\t\t<span class=\"elementor-button-content-wrapper\">\n\t\t\t\t\t\t\t\t\t<span class=\"elementor-button-text\">Mitolog\u00eda barbacoana<\/span>\n\t\t\t\t\t<\/span>\n\t\t\t\t\t<\/a>\n\t\t\t\t<\/div>\n\t\t\t\t\t\t\t\t<\/div>\n\t\t\t\t<\/div>\n\t\t\t\t\t<\/div>\n\t\t<\/div>\n\t\t\t\t<div class=\"elementor-column elementor-col-50 elementor-top-column elementor-element elementor-element-29c1791\" data-id=\"29c1791\" data-element_type=\"column\" data-e-type=\"column\">\n\t\t\t<div class=\"elementor-widget-wrap elementor-element-populated\">\n\t\t\t\t\t\t<div class=\"elementor-element elementor-element-95a4a56 elementor-align-justify elementor-widget elementor-widget-button\" data-id=\"95a4a56\" data-element_type=\"widget\" data-e-type=\"widget\" data-widget_type=\"button.default\">\n\t\t\t\t<div class=\"elementor-widget-container\">\n\t\t\t\t\t\t\t\t\t<div class=\"elementor-button-wrapper\">\n\t\t\t\t\t<a class=\"elementor-button elementor-button-link elementor-size-sm\" href=\"http:\/\/cocomagnanville.over-blog.com\/2018\/04\/colombie\/equateur-le-peuple-awa-kwaiker.html\" target=\"_blank\" rel=\"noopener\">\n\t\t\t\t\t\t<span class=\"elementor-button-content-wrapper\">\n\t\t\t\t\t\t\t\t\t<span class=\"elementor-button-text\">Wiki<\/span>\n\t\t\t\t\t<\/span>\n\t\t\t\t\t<\/a>\n\t\t\t\t<\/div>\n\t\t\t\t\t\t\t\t<\/div>\n\t\t\t\t<\/div>\n\t\t\t\t\t<\/div>\n\t\t<\/div>\n\t\t\t\t\t<\/div>\n\t\t<\/section>\n\t\t\t\t<section class=\"elementor-section elementor-top-section elementor-element elementor-element-4518e40 elementor-section-boxed elementor-section-height-default elementor-section-height-default\" data-id=\"4518e40\" data-element_type=\"section\" data-e-type=\"section\">\n\t\t\t\t\t\t<div class=\"elementor-container elementor-column-gap-default\">\n\t\t\t\t\t<div class=\"elementor-column elementor-col-100 elementor-top-column elementor-element elementor-element-06bfea2\" data-id=\"06bfea2\" data-element_type=\"column\" data-e-type=\"column\">\n\t\t\t<div class=\"elementor-widget-wrap elementor-element-populated\">\n\t\t\t\t\t\t<div class=\"elementor-element elementor-element-c0d5acb elementor-widget elementor-widget-text-editor\" data-id=\"c0d5acb\" data-element_type=\"widget\" data-e-type=\"widget\" data-widget_type=\"text-editor.default\">\n\t\t\t\t<div class=\"elementor-widget-container\">\n\t\t\t\t\t\t\t\t\t<p>los <a href=\"https:\/\/mythslegendes.com\/es\/\">mito<\/a> del Origen de los Pueblos Aw\u00e1 Kwaiker que sigue est\u00e1 tomado de la p\u00e1gina web Xexus Ventana Cultural, y es recopilado por Jaime Miguel Silva. etnoeducador aw\u00e1. El origen de los pueblos Awa Kwaiker es la siguiente historia.<\/p>\n<p><img decoding=\"async\" class=\"alignnone wp-image-5284 size-full\" src=\"https:\/\/mythslegendes.com\/wp-content\/uploads\/2020\/09\/AlphaOmega-e1602613368367.png\" alt=\"origen de los pueblos Awa Kwaiker\" width=\"25\" height=\"26\" title=\"\"><\/p>\t\t\t\t\t\t\t\t<\/div>\n\t\t\t\t<\/div>\n\t\t\t\t\t<\/div>\n\t\t<\/div>\n\t\t\t\t\t<\/div>\n\t\t<\/section>\n\t\t\t\t<section class=\"elementor-section elementor-top-section elementor-element elementor-element-a02674a elementor-section-boxed elementor-section-height-default elementor-section-height-default\" data-id=\"a02674a\" data-element_type=\"section\" data-e-type=\"section\">\n\t\t\t\t\t\t<div class=\"elementor-container elementor-column-gap-default\">\n\t\t\t\t\t<div class=\"elementor-column elementor-col-100 elementor-top-column elementor-element elementor-element-46b5f5a\" data-id=\"46b5f5a\" data-element_type=\"column\" data-e-type=\"column\">\n\t\t\t<div class=\"elementor-widget-wrap elementor-element-populated\">\n\t\t\t\t\t\t<div class=\"elementor-element elementor-element-d9cb493 elementor-widget elementor-widget-heading\" data-id=\"d9cb493\" data-element_type=\"widget\" data-e-type=\"widget\" data-widget_type=\"heading.default\">\n\t\t\t\t<div class=\"elementor-widget-container\">\n\t\t\t\t\t<div id=\"ez-toc-container\" class=\"ez-toc-v2_0_82_2 counter-hierarchy ez-toc-counter ez-toc-grey ez-toc-container-direction\">\n<div class=\"ez-toc-title-container\">\n<p class=\"ez-toc-title\" style=\"cursor:inherit\">Contenido<\/p>\n<span class=\"ez-toc-title-toggle\"><a href=\"#\" class=\"ez-toc-pull-right ez-toc-btn ez-toc-btn-xs ez-toc-btn-default ez-toc-toggle\" aria-label=\"Alternar tabla de contenidos\"><span class=\"ez-toc-js-icon-con\"><span class=\"\"><span class=\"eztoc-hide\" style=\"display:none;\">Palanca<\/span><span class=\"ez-toc-icon-toggle-span\"><svg style=\"fill: #999;color:#999\" xmlns=\"http:\/\/www.w3.org\/2000\/svg\" class=\"list-377408\" width=\"20px\" height=\"20px\" viewbox=\"0 0 24 24\" fill=\"none\"><path d=\"M6 6H4v2h2V6zm14 0H8v2h12V6zM4 11h2v2H4v-2zm16 0H8v2h12v-2zM4 16h2v2H4v-2zm16 0H8v2h12v-2z\" fill=\"currentColor\"><\/path><\/svg><svg style=\"fill: #999;color:#999\" class=\"arrow-unsorted-368013\" xmlns=\"http:\/\/www.w3.org\/2000\/svg\" width=\"10px\" height=\"10px\" viewbox=\"0 0 24 24\" version=\"1.2\" baseprofile=\"tiny\"><path d=\"M18.2 9.3l-6.2-6.3-6.2 6.3c-.2.2-.3.4-.3.7s.1.5.3.7c.2.2.4.3.7.3h11c.3 0 .5-.1.7-.3.2-.2.3-.5.3-.7s-.1-.5-.3-.7zM5.8 14.7l6.2 6.3 6.2-6.3c.2-.2.3-.5.3-.7s-.1-.5-.3-.7c-.2-.2-.4-.3-.7-.3h-11c-.3 0-.5.1-.7.3-.2.2-.3.5-.3.7s.1.5.3.7z\"\/><\/svg><\/span><\/span><\/span><\/a><\/span><\/div>\n<nav><ul class='ez-toc-list ez-toc-list-level-1' ><li class='ez-toc-page-1 ez-toc-heading-level-2'><a class=\"ez-toc-link ez-toc-heading-1\" href=\"https:\/\/mythslegendes.com\/es\/mitologia-barbacoana\/el-origen-de-los-pueblos-awa-kwaiker\/#Le-mythe-de-lorigine-des-peuples-des-Awa-Kwaiker\" >El mito del origen de los pueblos Awa Kwaiker<\/a><\/li><\/ul><\/nav><\/div>\n<h2 class=\"elementor-heading-title elementor-size-default\"><span class=\"ez-toc-section\" id=\"Le-mythe-de-lorigine-des-peuples-des-Awa-Kwaiker\"><\/span>El mito del origen de los pueblos Awa Kwaiker<span class=\"ez-toc-section-end\"><\/span><\/h2>\t\t\t\t<\/div>\n\t\t\t\t<\/div>\n\t\t\t\t\t<\/div>\n\t\t<\/div>\n\t\t\t\t\t<\/div>\n\t\t<\/section>\n\t\t\t\t<section class=\"elementor-section elementor-top-section elementor-element elementor-element-4b335cf8 elementor-section-boxed elementor-section-height-default elementor-section-height-default\" data-id=\"4b335cf8\" data-element_type=\"section\" data-e-type=\"section\">\n\t\t\t\t\t\t<div class=\"elementor-container elementor-column-gap-default\">\n\t\t\t\t\t<div class=\"elementor-column elementor-col-100 elementor-top-column elementor-element elementor-element-11fb9ad6\" data-id=\"11fb9ad6\" data-element_type=\"column\" data-e-type=\"column\">\n\t\t\t<div class=\"elementor-widget-wrap elementor-element-populated\">\n\t\t\t\t\t\t<div class=\"elementor-element elementor-element-5710d1b7 elementor-widget elementor-widget-text-editor\" data-id=\"5710d1b7\" data-element_type=\"widget\" data-e-type=\"widget\" data-widget_type=\"text-editor.default\">\n\t\t\t\t<div class=\"elementor-widget-container\">\n\t\t\t\t\t\t\t\t\t\n<p>Los ancianos dicen que en la antig\u00fcedad no hab\u00eda personas, solo \u00e1rboles cubiertos de<em> barbacha<\/em>, habia un arbol grande que tenia suficiente <em>barbacha<\/em> negro, este fue creciendo con el agua hasta que creci\u00f3 y lleg\u00f3 a tierra, volvi\u00e9ndose poco a poco <em>Inkal Aw\u00e1<\/em>.\u00a0<\/p>\n<p>Los \u00e1rboles de entonces se comunicaban entre s\u00ed, hoy tambi\u00e9n se comunican para no ser cortados a machete ni a hacha, porque son gente y sangran como el Tangare, el Sangrario, el Chino, Mancha-Ropa, Caucho, Dagro. sangre entre otros.<br \/>En realidad, el hombre Aw\u00e1 viene de la selva y pertenece a ella, y all\u00ed regresa.<\/p>\n\n<p>Los \u00e1rboles de la monta\u00f1a quieren transformarse en \u00e1rboles grandes y eventualmente crecer en \u00e1rboles gigantes y dar frutos, para servir al hombre Aw\u00e1.<\/p>\n<p>El primer hombre ten\u00eda una nariz larga y era un hombre alto. Por eso Dios no quiso que este hombre estuviera solo e hizo aparecer a la mujer de un <em>barbacha<\/em> m\u00e1s blanco, <em>ashampa watsal.<\/em><\/p>\n<p>Y entonces Dios le pregunt\u00f3 a la mujer si quer\u00eda vivir con \u00e9l y ella dijo que s\u00ed al igual que el hombre dijo que s\u00ed. As\u00ed que ambos viv\u00edan juntos.<\/p>\n<p>A su vez, ten\u00edan un hijo que los acompa\u00f1aba, y a medida que fue creciendo, sus padres le ense\u00f1aron todo el trabajo que hac\u00edan.<br \/>Entonces, una noche oscura, naci\u00f3 una ni\u00f1a. Los dos hijos procrearon la tierra y la poblaron.<\/p>\n<p>el mundo de dios<br \/>el mundo de los muertos<br \/>El mundo Aw\u00e1<br \/>El mundo de abajo<\/p>\n<p>Los antiguos Aw\u00e1 cuentan c\u00f3mo los \u00e1rboles y los p\u00e1jaros sal\u00edan y hablaban entre ellos sobre su especie. Los \u00e1rboles y los p\u00e1jaros tambi\u00e9n le hablaban a la gente.<\/p>\n<p>Cuando una mujer estaba embarazada y se acercaba el nacimiento del nuevo ser, los \u00e1rboles se preocupaban y hablaban entre ellos del ni\u00f1o por nacer.<\/p>\n<p>Los p\u00e1jaros tambi\u00e9n sal\u00edan a hablar entre ellos del nuevo Awa que la mujer estaba por dar a luz.<\/p>\n<p>Los \u00e1rboles quer\u00edan que el nuevo ser naciera para ser ni\u00f1a porque ella no los matar\u00eda, porque la mujer no suele talar los \u00e1rboles y destruir la selva.<\/p>\n<p>Los p\u00e1jaros, en cambio, quer\u00edan que la hembra diera a luz un macho porque \u00e9l les daba de comer, como los machos suelen talar \u00e1rboles y sembrar, y as\u00ed hab\u00eda lugares para ir a comer.<\/p>\n<p>As\u00ed, cuando naci\u00f3 un ni\u00f1o, los p\u00e1jaros estaban felices mientras los \u00e1rboles lloraban, mientras que cuando naci\u00f3 una ni\u00f1a, los \u00e1rboles estaban felices y los p\u00e1jaros tristes.<\/p>\n<p>Este fue el mito de origen de los pueblos Awa Kwaiker.<\/p>\n\t\t\t\t\t\t\t\t<\/div>\n\t\t\t\t<\/div>\n\t\t\t\t\t<\/div>\n\t\t<\/div>\n\t\t\t\t\t<\/div>\n\t\t<\/section>\n\t\t\t\t<\/div>","protected":false},"excerpt":{"rendered":"<p>Mythologie Barbacoane Wiki Le mythe de l&rsquo;origine des peuples des Awa Kwaiker qui suit est tir\u00e9 de la page Web &hellip; <\/p>","protected":false},"author":1,"featured_media":0,"parent":3274,"menu_order":0,"comment_status":"closed","ping_status":"closed","template":"","meta":{"footnotes":""},"class_list":["post-3281","page","type-page","status-publish","hentry"],"amp_enabled":true,"_links":{"self":[{"href":"https:\/\/mythslegendes.com\/es\/wp-json\/wp\/v2\/pages\/3281","targetHints":{"allow":["GET"]}}],"collection":[{"href":"https:\/\/mythslegendes.com\/es\/wp-json\/wp\/v2\/pages"}],"about":[{"href":"https:\/\/mythslegendes.com\/es\/wp-json\/wp\/v2\/types\/page"}],"author":[{"embeddable":true,"href":"https:\/\/mythslegendes.com\/es\/wp-json\/wp\/v2\/users\/1"}],"replies":[{"embeddable":true,"href":"https:\/\/mythslegendes.com\/es\/wp-json\/wp\/v2\/comments?post=3281"}],"version-history":[{"count":1,"href":"https:\/\/mythslegendes.com\/es\/wp-json\/wp\/v2\/pages\/3281\/revisions"}],"predecessor-version":[{"id":24898,"href":"https:\/\/mythslegendes.com\/es\/wp-json\/wp\/v2\/pages\/3281\/revisions\/24898"}],"up":[{"embeddable":true,"href":"https:\/\/mythslegendes.com\/es\/wp-json\/wp\/v2\/pages\/3274"}],"wp:attachment":[{"href":"https:\/\/mythslegendes.com\/es\/wp-json\/wp\/v2\/media?parent=3281"}],"curies":[{"name":"wp","href":"https:\/\/api.w.org\/{rel}","templated":true}]}}