{"id":3288,"date":"2020-07-24T17:19:28","date_gmt":"2020-07-24T16:19:28","guid":{"rendered":"https:\/\/mythslegendes.com\/?page_id=3288"},"modified":"2022-12-03T22:07:15","modified_gmt":"2022-12-03T22:07:15","slug":"chant-awa-guaja","status":"publish","type":"page","link":"https:\/\/mythslegendes.com\/es\/mitologia-barbacoana\/canto-awa-guaja\/","title":{"rendered":"Canci\u00f3n Aw\u00e1 Guaj\u00e1"},"content":{"rendered":"<div data-elementor-type=\"wp-page\" data-elementor-id=\"3288\" class=\"elementor elementor-3288\">\n\t\t\t\t\t\t<section class=\"elementor-section elementor-top-section elementor-element elementor-element-8bf8445 elementor-section-boxed elementor-section-height-default elementor-section-height-default\" data-id=\"8bf8445\" data-element_type=\"section\" data-e-type=\"section\">\n\t\t\t\t\t\t<div class=\"elementor-container elementor-column-gap-default\">\n\t\t\t\t\t<div class=\"elementor-column elementor-col-50 elementor-top-column elementor-element elementor-element-cdf085b\" data-id=\"cdf085b\" data-element_type=\"column\" data-e-type=\"column\">\n\t\t\t<div class=\"elementor-widget-wrap elementor-element-populated\">\n\t\t\t\t\t\t<div class=\"elementor-element elementor-element-4dbd0a3 elementor-align-justify elementor-widget elementor-widget-button\" data-id=\"4dbd0a3\" data-element_type=\"widget\" data-e-type=\"widget\" data-widget_type=\"button.default\">\n\t\t\t\t<div class=\"elementor-widget-container\">\n\t\t\t\t\t\t\t\t\t<div class=\"elementor-button-wrapper\">\n\t\t\t\t\t<a class=\"elementor-button elementor-button-link elementor-size-sm\" href=\"https:\/\/mythslegendes.com\/es\/mitologia-barbacoana\/\">\n\t\t\t\t\t\t<span class=\"elementor-button-content-wrapper\">\n\t\t\t\t\t\t\t\t\t<span class=\"elementor-button-text\">Mitolog\u00eda barbacoana<\/span>\n\t\t\t\t\t<\/span>\n\t\t\t\t\t<\/a>\n\t\t\t\t<\/div>\n\t\t\t\t\t\t\t\t<\/div>\n\t\t\t\t<\/div>\n\t\t\t\t\t<\/div>\n\t\t<\/div>\n\t\t\t\t<div class=\"elementor-column elementor-col-50 elementor-top-column elementor-element elementor-element-2a15026\" data-id=\"2a15026\" data-element_type=\"column\" data-e-type=\"column\">\n\t\t\t<div class=\"elementor-widget-wrap elementor-element-populated\">\n\t\t\t\t\t\t<div class=\"elementor-element elementor-element-62d6fb8 elementor-align-justify elementor-widget elementor-widget-button\" data-id=\"62d6fb8\" data-element_type=\"widget\" data-e-type=\"widget\" data-widget_type=\"button.default\">\n\t\t\t\t<div class=\"elementor-widget-container\">\n\t\t\t\t\t\t\t\t\t<div class=\"elementor-button-wrapper\">\n\t\t\t\t\t<a class=\"elementor-button elementor-button-link elementor-size-sm\" href=\"http:\/\/cocomagnanville.over-blog.com\/2018\/04\/colombie\/equateur-le-peuple-awa-kwaiker.html\" target=\"_blank\" rel=\"noopener\">\n\t\t\t\t\t\t<span class=\"elementor-button-content-wrapper\">\n\t\t\t\t\t\t\t\t\t<span class=\"elementor-button-text\">Wiki<\/span>\n\t\t\t\t\t<\/span>\n\t\t\t\t\t<\/a>\n\t\t\t\t<\/div>\n\t\t\t\t\t\t\t\t<\/div>\n\t\t\t\t<\/div>\n\t\t\t\t\t<\/div>\n\t\t<\/div>\n\t\t\t\t\t<\/div>\n\t\t<\/section>\n\t\t\t\t<section class=\"elementor-section elementor-top-section elementor-element elementor-element-03bba47 elementor-section-boxed elementor-section-height-default elementor-section-height-default\" data-id=\"03bba47\" data-element_type=\"section\" data-e-type=\"section\">\n\t\t\t\t\t\t<div class=\"elementor-container elementor-column-gap-default\">\n\t\t\t\t\t<div class=\"elementor-column elementor-col-100 elementor-top-column elementor-element elementor-element-7197706\" data-id=\"7197706\" data-element_type=\"column\" data-e-type=\"column\">\n\t\t\t<div class=\"elementor-widget-wrap elementor-element-populated\">\n\t\t\t\t\t\t<div class=\"elementor-element elementor-element-2dcaad4 elementor-widget elementor-widget-text-editor\" data-id=\"2dcaad4\" data-element_type=\"widget\" data-e-type=\"widget\" data-widget_type=\"text-editor.default\">\n\t\t\t\t<div class=\"elementor-widget-container\">\n\t\t\t\t\t\t\t\t\t<p>La Canci\u00f3n Awa Guaja es una canci\u00f3n tradicional de los Awa Kwaiker.<\/p>\n<p><img decoding=\"async\" class=\"alignnone wp-image-5284 size-full\" src=\"https:\/\/mythslegendes.com\/wp-content\/uploads\/2020\/09\/AlphaOmega-e1602613368367.png\" alt=\"Cantando Aw\u00e1 Guaja\" width=\"25\" height=\"26\" title=\"\"><\/p>\t\t\t\t\t\t\t\t<\/div>\n\t\t\t\t<\/div>\n\t\t\t\t\t<\/div>\n\t\t<\/div>\n\t\t\t\t\t<\/div>\n\t\t<\/section>\n\t\t\t\t<section class=\"elementor-section elementor-top-section elementor-element elementor-element-ca7d827 elementor-section-boxed elementor-section-height-default elementor-section-height-default\" data-id=\"ca7d827\" data-element_type=\"section\" data-e-type=\"section\">\n\t\t\t\t\t\t<div class=\"elementor-container elementor-column-gap-default\">\n\t\t\t\t\t<div class=\"elementor-column elementor-col-100 elementor-top-column elementor-element elementor-element-039ce8e\" data-id=\"039ce8e\" data-element_type=\"column\" data-e-type=\"column\">\n\t\t\t<div class=\"elementor-widget-wrap elementor-element-populated\">\n\t\t\t\t\t\t<div class=\"elementor-element elementor-element-0156923 elementor-widget elementor-widget-heading\" data-id=\"0156923\" data-element_type=\"widget\" data-e-type=\"widget\" data-widget_type=\"heading.default\">\n\t\t\t\t<div class=\"elementor-widget-container\">\n\t\t\t\t\t<div id=\"ez-toc-container\" class=\"ez-toc-v2_0_82_2 counter-hierarchy ez-toc-counter ez-toc-grey ez-toc-container-direction\">\n<div class=\"ez-toc-title-container\">\n<p class=\"ez-toc-title\" style=\"cursor:inherit\">Contenido<\/p>\n<span class=\"ez-toc-title-toggle\"><a href=\"#\" class=\"ez-toc-pull-right ez-toc-btn ez-toc-btn-xs ez-toc-btn-default ez-toc-toggle\" aria-label=\"Alternar tabla de contenidos\"><span class=\"ez-toc-js-icon-con\"><span class=\"\"><span class=\"eztoc-hide\" style=\"display:none;\">Palanca<\/span><span class=\"ez-toc-icon-toggle-span\"><svg style=\"fill: #999;color:#999\" xmlns=\"http:\/\/www.w3.org\/2000\/svg\" class=\"list-377408\" width=\"20px\" height=\"20px\" viewbox=\"0 0 24 24\" fill=\"none\"><path d=\"M6 6H4v2h2V6zm14 0H8v2h12V6zM4 11h2v2H4v-2zm16 0H8v2h12v-2zM4 16h2v2H4v-2zm16 0H8v2h12v-2z\" fill=\"currentColor\"><\/path><\/svg><svg style=\"fill: #999;color:#999\" class=\"arrow-unsorted-368013\" xmlns=\"http:\/\/www.w3.org\/2000\/svg\" width=\"10px\" height=\"10px\" viewbox=\"0 0 24 24\" version=\"1.2\" baseprofile=\"tiny\"><path d=\"M18.2 9.3l-6.2-6.3-6.2 6.3c-.2.2-.3.4-.3.7s.1.5.3.7c.2.2.4.3.7.3h11c.3 0 .5-.1.7-.3.2-.2.3-.5.3-.7s-.1-.5-.3-.7zM5.8 14.7l6.2 6.3 6.2-6.3c.2-.2.3-.5.3-.7s-.1-.5-.3-.7c-.2-.2-.4-.3-.7-.3h-11c-.3 0-.5.1-.7.3-.2.2-.3.5-.3.7s.1.5.3.7z\"\/><\/svg><\/span><\/span><\/span><\/a><\/span><\/div>\n<nav><ul class='ez-toc-list ez-toc-list-level-1' ><li class='ez-toc-page-1 ez-toc-heading-level-2'><a class=\"ez-toc-link ez-toc-heading-1\" href=\"https:\/\/mythslegendes.com\/es\/mitologia-barbacoana\/canto-awa-guaja\/#Chant-Awa-Guaja\" >Cantando Aw\u00e1 Guaja<\/a><\/li><\/ul><\/nav><\/div>\n<h2 class=\"elementor-heading-title elementor-size-default\"><span class=\"ez-toc-section\" id=\"Chant-Awa-Guaja\"><\/span>Cantando Aw\u00e1 Guaja<span class=\"ez-toc-section-end\"><\/span><\/h2>\t\t\t\t<\/div>\n\t\t\t\t<\/div>\n\t\t\t\t\t<\/div>\n\t\t<\/div>\n\t\t\t\t\t<\/div>\n\t\t<\/section>\n\t\t\t\t<section class=\"elementor-section elementor-top-section elementor-element elementor-element-5988d235 elementor-section-boxed elementor-section-height-default elementor-section-height-default\" data-id=\"5988d235\" data-element_type=\"section\" data-e-type=\"section\">\n\t\t\t\t\t\t<div class=\"elementor-container elementor-column-gap-default\">\n\t\t\t\t\t<div class=\"elementor-column elementor-col-100 elementor-top-column elementor-element elementor-element-492a842f\" data-id=\"492a842f\" data-element_type=\"column\" data-e-type=\"column\">\n\t\t\t<div class=\"elementor-widget-wrap elementor-element-populated\">\n\t\t\t\t\t\t<div class=\"elementor-element elementor-element-2d2eb432 elementor-widget elementor-widget-text-editor\" data-id=\"2d2eb432\" data-element_type=\"widget\" data-e-type=\"widget\" data-widget_type=\"text-editor.default\">\n\t\t\t\t<div class=\"elementor-widget-container\">\n\t\t\t\t\t\t\t\t\t\n<p>pertenecen al bosque<\/p>\n\n\n\n<p>El bosque les pertenece.<\/p>\n\n\n\n<p>como una madre<\/p>\n\n\n\n<p>Como una hermana<\/p>\n\n\n\n<p>como pura felicidad<\/p>\n\n\n\n<p>Cada ma\u00f1ana.<\/p>\n\n\n\n<p>no es el paraiso<\/p>\n\n\n\n<p>es el bosque<\/p>\n\n\n\n<p>con su perfume sus sonidos sus ruidos<\/p>\n\n\n\n<p>Sus peligros tambi\u00e9n<\/p>\n\n\n\n<p>Su inseguridad que es una seguridad<\/p>\n\n\n\n<p>El que eligieron<\/p>\n\n\n\n<p>El que les conviene.<\/p>\n\n\n\n<p>El bosque es su hogar.<\/p>\n\n\n\n<p>Su aire es puro y sin \u00e9l su coraz\u00f3n<\/p>\n\n\n\n<p>es una hoja muerta<\/p>\n\n\n\n<p>Abandonado.<\/p>\n\n\n\n<p>No quieren sociedad<\/p>\n\n\n\n<p>ellos la conocen<\/p>\n\n\n\n<p>Los ancianos les dijeron<\/p>\n\n\n\n<p>Los llamados beneficios<\/p>\n\n\n\n<p>de esta empresa<\/p>\n\n\n\n<p>Mira c\u00f3mo todav\u00eda se filtran<\/p>\n\n\n\n<p>Los coleccionistas los jefes de goma<\/p>\n\n\n\n<p>Traficantes y criadores.<\/p>\n\n\n\n<p>Son gratis<\/p>\n\n\n\n<p>A ellos<\/p>\n\n\n\n<p>a\u00fan libre<\/p>\n\n\n\n<p>A ellos<\/p>\n\n\n\n<p>Que est\u00e9n en paz<\/p>\n\n\n\n<p>D\u00e9jalos ser<\/p>\n\n\n\n<p>Rodeado por su madre bosque<\/p>\n\n\n\n<p>Del humus al pie<\/p>\n\n\n\n<p>Y sue\u00f1o en los ojos.<\/p>\n\n\n\n<p>D\u00e9jalos ser libres<\/p>\n\n\n\n<p>Que agradecemos a su familia Guajajara<\/p>\n\n\n\n<p>A qui\u00e9n le importa<\/p>\n\n\n\n<p>Quien milita moviliza<\/p>\n\n\n\n<p>para salvarlos<\/p>\n\n\n\n<p>A ellos<\/p>\n\n\n\n<p>Los \u00faltimos seres libres<\/p>\n\n\n\n<p>Al mundo.<\/p>\n\n\n\n<p>pertenecen al bosque<\/p>\n\n\n\n<p>como un primog\u00e9nito<\/p>\n\n\n\n<p>En el hueco de una hoja<\/p>\n\n\n\n<p>Amable<\/p>\n\n\n\n<p>como la sonrisa<\/p>\n\n\n\n<p>De una madre.<\/p>\n\n\n\n<p><strong>Carole Radureau (28\/09\/2019)<\/strong><\/p>\n\t\t\t\t\t\t\t\t<\/div>\n\t\t\t\t<\/div>\n\t\t\t\t\t<\/div>\n\t\t<\/div>\n\t\t\t\t\t<\/div>\n\t\t<\/section>\n\t\t\t\t<\/div>","protected":false},"excerpt":{"rendered":"<p>Mythologie Barbacoane Wiki Le Chant Awa Guaja est un chant traditionnel des Awa Kwaiker. Chant Awa Guaja Ils appartiennent \u00e0 &hellip; <\/p>","protected":false},"author":1,"featured_media":0,"parent":3274,"menu_order":0,"comment_status":"closed","ping_status":"closed","template":"","meta":{"footnotes":""},"class_list":["post-3288","page","type-page","status-publish","hentry"],"amp_enabled":true,"_links":{"self":[{"href":"https:\/\/mythslegendes.com\/es\/wp-json\/wp\/v2\/pages\/3288","targetHints":{"allow":["GET"]}}],"collection":[{"href":"https:\/\/mythslegendes.com\/es\/wp-json\/wp\/v2\/pages"}],"about":[{"href":"https:\/\/mythslegendes.com\/es\/wp-json\/wp\/v2\/types\/page"}],"author":[{"embeddable":true,"href":"https:\/\/mythslegendes.com\/es\/wp-json\/wp\/v2\/users\/1"}],"replies":[{"embeddable":true,"href":"https:\/\/mythslegendes.com\/es\/wp-json\/wp\/v2\/comments?post=3288"}],"version-history":[{"count":1,"href":"https:\/\/mythslegendes.com\/es\/wp-json\/wp\/v2\/pages\/3288\/revisions"}],"predecessor-version":[{"id":24900,"href":"https:\/\/mythslegendes.com\/es\/wp-json\/wp\/v2\/pages\/3288\/revisions\/24900"}],"up":[{"embeddable":true,"href":"https:\/\/mythslegendes.com\/es\/wp-json\/wp\/v2\/pages\/3274"}],"wp:attachment":[{"href":"https:\/\/mythslegendes.com\/es\/wp-json\/wp\/v2\/media?parent=3288"}],"curies":[{"name":"wp","href":"https:\/\/api.w.org\/{rel}","templated":true}]}}