{"id":3294,"date":"2020-07-24T17:45:54","date_gmt":"2020-07-24T16:45:54","guid":{"rendered":"https:\/\/mythslegendes.com\/?page_id=3294"},"modified":"2022-12-03T22:07:15","modified_gmt":"2022-12-03T22:07:15","slug":"lorigine-des-etres-tsachila","status":"publish","type":"page","link":"https:\/\/mythslegendes.com\/es\/mitologia-barbacoana\/el-origen-de-los-seres-tsachila\/","title":{"rendered":"El origen de los seres Ts\u00e1chila"},"content":{"rendered":"<div data-elementor-type=\"wp-page\" data-elementor-id=\"3294\" class=\"elementor elementor-3294\">\n\t\t\t\t\t\t<section class=\"elementor-section elementor-top-section elementor-element elementor-element-5cac561 elementor-section-boxed elementor-section-height-default elementor-section-height-default\" data-id=\"5cac561\" data-element_type=\"section\" data-e-type=\"section\">\n\t\t\t\t\t\t<div class=\"elementor-container elementor-column-gap-default\">\n\t\t\t\t\t<div class=\"elementor-column elementor-col-50 elementor-top-column elementor-element elementor-element-daf0b11\" data-id=\"daf0b11\" data-element_type=\"column\" data-e-type=\"column\">\n\t\t\t<div class=\"elementor-widget-wrap elementor-element-populated\">\n\t\t\t\t\t\t<div class=\"elementor-element elementor-element-8daaa06 elementor-align-justify elementor-widget elementor-widget-button\" data-id=\"8daaa06\" data-element_type=\"widget\" data-e-type=\"widget\" data-widget_type=\"button.default\">\n\t\t\t\t<div class=\"elementor-widget-container\">\n\t\t\t\t\t\t\t\t\t<div class=\"elementor-button-wrapper\">\n\t\t\t\t\t<a class=\"elementor-button elementor-button-link elementor-size-sm\" href=\"https:\/\/mythslegendes.com\/es\/mitologia-barbacoana\/\">\n\t\t\t\t\t\t<span class=\"elementor-button-content-wrapper\">\n\t\t\t\t\t\t\t\t\t<span class=\"elementor-button-text\">Mitolog\u00eda barbacoana<\/span>\n\t\t\t\t\t<\/span>\n\t\t\t\t\t<\/a>\n\t\t\t\t<\/div>\n\t\t\t\t\t\t\t\t<\/div>\n\t\t\t\t<\/div>\n\t\t\t\t\t<\/div>\n\t\t<\/div>\n\t\t\t\t<div class=\"elementor-column elementor-col-50 elementor-top-column elementor-element elementor-element-4244b7d\" data-id=\"4244b7d\" data-element_type=\"column\" data-e-type=\"column\">\n\t\t\t<div class=\"elementor-widget-wrap elementor-element-populated\">\n\t\t\t\t\t\t<div class=\"elementor-element elementor-element-21a9a2c elementor-align-justify elementor-widget elementor-widget-button\" data-id=\"21a9a2c\" data-element_type=\"widget\" data-e-type=\"widget\" data-widget_type=\"button.default\">\n\t\t\t\t<div class=\"elementor-widget-container\">\n\t\t\t\t\t\t\t\t\t<div class=\"elementor-button-wrapper\">\n\t\t\t\t\t<a class=\"elementor-button elementor-button-link elementor-size-sm\" href=\"http:\/\/cocomagnanville.over-blog.com\/2018\/02\/equateur-le-peuple-tsachila.html\" target=\"_blank\" rel=\"noopener\">\n\t\t\t\t\t\t<span class=\"elementor-button-content-wrapper\">\n\t\t\t\t\t\t\t\t\t<span class=\"elementor-button-text\">Wiki<\/span>\n\t\t\t\t\t<\/span>\n\t\t\t\t\t<\/a>\n\t\t\t\t<\/div>\n\t\t\t\t\t\t\t\t<\/div>\n\t\t\t\t<\/div>\n\t\t\t\t\t<\/div>\n\t\t<\/div>\n\t\t\t\t\t<\/div>\n\t\t<\/section>\n\t\t\t\t<section class=\"elementor-section elementor-top-section elementor-element elementor-element-8d5fa81 elementor-section-boxed elementor-section-height-default elementor-section-height-default\" data-id=\"8d5fa81\" data-element_type=\"section\" data-e-type=\"section\">\n\t\t\t\t\t\t<div class=\"elementor-container elementor-column-gap-default\">\n\t\t\t\t\t<div class=\"elementor-column elementor-col-100 elementor-top-column elementor-element elementor-element-08aabbc\" data-id=\"08aabbc\" data-element_type=\"column\" data-e-type=\"column\">\n\t\t\t<div class=\"elementor-widget-wrap elementor-element-populated\">\n\t\t\t\t\t\t<div class=\"elementor-element elementor-element-85336c8 elementor-widget elementor-widget-text-editor\" data-id=\"85336c8\" data-element_type=\"widget\" data-e-type=\"widget\" data-widget_type=\"text-editor.default\">\n\t\t\t\t<div class=\"elementor-widget-container\">\n\t\t\t\t\t\t\t\t\t<p>La tribu <a href=\"https:\/\/mythslegendes.com\/es\/mitologia-barbacoana\/\">Ts\u00e1chila<\/a> de Ecuador vive en la provincia de Santo Domingo de los Ts\u00e1chilas. Se sabe que los hombres de la tribu se afeitan los lados de la cabeza y peinan el resto del cabello con una mezcla de grasa te\u00f1ida de rojo brillante con semillas de achiote. Hablan la lengua tsafiki o ts\u00e1chila de la familia ling\u00fc\u00edstica Barbacoa. EL <a href=\"https:\/\/mythslegendes.com\/es\/\">mito<\/a> En el sitio Mama-Puma se recolect\u00f3 informaci\u00f3n sobre el origen de los seres Tsachila.\u00a0<\/p>\n<p><img decoding=\"async\" class=\"alignnone wp-image-5284 size-full\" src=\"https:\/\/mythslegendes.com\/wp-content\/uploads\/2020\/09\/AlphaOmega-e1602613368367.png\" alt=\"origen de los seres tsachila\" width=\"25\" height=\"26\" title=\"\"><\/p>\t\t\t\t\t\t\t\t<\/div>\n\t\t\t\t<\/div>\n\t\t\t\t\t<\/div>\n\t\t<\/div>\n\t\t\t\t\t<\/div>\n\t\t<\/section>\n\t\t\t\t<section class=\"elementor-section elementor-top-section elementor-element elementor-element-9be68f1 elementor-section-boxed elementor-section-height-default elementor-section-height-default\" data-id=\"9be68f1\" data-element_type=\"section\" data-e-type=\"section\">\n\t\t\t\t\t\t<div class=\"elementor-container elementor-column-gap-default\">\n\t\t\t\t\t<div class=\"elementor-column elementor-col-100 elementor-top-column elementor-element elementor-element-c8bda70\" data-id=\"c8bda70\" data-element_type=\"column\" data-e-type=\"column\">\n\t\t\t<div class=\"elementor-widget-wrap elementor-element-populated\">\n\t\t\t\t\t\t<div class=\"elementor-element elementor-element-a610635 elementor-widget elementor-widget-heading\" data-id=\"a610635\" data-element_type=\"widget\" data-e-type=\"widget\" data-widget_type=\"heading.default\">\n\t\t\t\t<div class=\"elementor-widget-container\">\n\t\t\t\t\t<div id=\"ez-toc-container\" class=\"ez-toc-v2_0_82_2 counter-hierarchy ez-toc-counter ez-toc-grey ez-toc-container-direction\">\n<div class=\"ez-toc-title-container\">\n<p class=\"ez-toc-title\" style=\"cursor:inherit\">Contenido<\/p>\n<span class=\"ez-toc-title-toggle\"><a href=\"#\" class=\"ez-toc-pull-right ez-toc-btn ez-toc-btn-xs ez-toc-btn-default ez-toc-toggle\" aria-label=\"Alternar tabla de contenidos\"><span class=\"ez-toc-js-icon-con\"><span class=\"\"><span class=\"eztoc-hide\" style=\"display:none;\">Palanca<\/span><span class=\"ez-toc-icon-toggle-span\"><svg style=\"fill: #999;color:#999\" xmlns=\"http:\/\/www.w3.org\/2000\/svg\" class=\"list-377408\" width=\"20px\" height=\"20px\" viewbox=\"0 0 24 24\" fill=\"none\"><path d=\"M6 6H4v2h2V6zm14 0H8v2h12V6zM4 11h2v2H4v-2zm16 0H8v2h12v-2zM4 16h2v2H4v-2zm16 0H8v2h12v-2z\" fill=\"currentColor\"><\/path><\/svg><svg style=\"fill: #999;color:#999\" class=\"arrow-unsorted-368013\" xmlns=\"http:\/\/www.w3.org\/2000\/svg\" width=\"10px\" height=\"10px\" viewbox=\"0 0 24 24\" version=\"1.2\" baseprofile=\"tiny\"><path d=\"M18.2 9.3l-6.2-6.3-6.2 6.3c-.2.2-.3.4-.3.7s.1.5.3.7c.2.2.4.3.7.3h11c.3 0 .5-.1.7-.3.2-.2.3-.5.3-.7s-.1-.5-.3-.7zM5.8 14.7l6.2 6.3 6.2-6.3c.2-.2.3-.5.3-.7s-.1-.5-.3-.7c-.2-.2-.4-.3-.7-.3h-11c-.3 0-.5.1-.7.3-.2.2-.3.5-.3.7s.1.5.3.7z\"\/><\/svg><\/span><\/span><\/span><\/a><\/span><\/div>\n<nav><ul class='ez-toc-list ez-toc-list-level-1' ><li class='ez-toc-page-1 ez-toc-heading-level-2'><a class=\"ez-toc-link ez-toc-heading-1\" href=\"https:\/\/mythslegendes.com\/es\/mitologia-barbacoana\/el-origen-de-los-seres-tsachila\/#Le-mythe-de-lorigine-des-etres-Tsachila\" >El mito del origen de los seres Tsachila<\/a><\/li><\/ul><\/nav><\/div>\n<h2 class=\"elementor-heading-title elementor-size-default\"><span class=\"ez-toc-section\" id=\"Le-mythe-de-lorigine-des-etres-Tsachila\"><\/span>El mito del origen de los seres Tsachila<span class=\"ez-toc-section-end\"><\/span><\/h2>\t\t\t\t<\/div>\n\t\t\t\t<\/div>\n\t\t\t\t\t<\/div>\n\t\t<\/div>\n\t\t\t\t\t<\/div>\n\t\t<\/section>\n\t\t\t\t<section class=\"elementor-section elementor-top-section elementor-element elementor-element-5950f934 elementor-section-boxed elementor-section-height-default elementor-section-height-default\" data-id=\"5950f934\" data-element_type=\"section\" data-e-type=\"section\">\n\t\t\t\t\t\t<div class=\"elementor-container elementor-column-gap-default\">\n\t\t\t\t\t<div class=\"elementor-column elementor-col-100 elementor-top-column elementor-element elementor-element-6552facd\" data-id=\"6552facd\" data-element_type=\"column\" data-e-type=\"column\">\n\t\t\t<div class=\"elementor-widget-wrap elementor-element-populated\">\n\t\t\t\t\t\t<div class=\"elementor-element elementor-element-5000abee elementor-widget elementor-widget-text-editor\" data-id=\"5000abee\" data-element_type=\"widget\" data-e-type=\"widget\" data-widget_type=\"text-editor.default\">\n\t\t\t\t<div class=\"elementor-widget-container\">\n\t\t\t\t\t\t\t\t\t<p><\/p>\n<p>La mujer que inund\u00f3 la tierra pesc\u00f3 las ts\u00e1chilas con barbasco, que eran como hoy. Antes de atraparlos, se dedic\u00f3 a contar el cabello de todos. No sabemos cu\u00e1ntos debi\u00f3 contar, pero los cont\u00f3 todos. Cuando termin\u00f3 de contar, arroj\u00f3 su cabello al agua y cuando lo hizo, el agua creci\u00f3. As\u00ed mat\u00f3 a los ts\u00e1chilas. Se ahogaron y ella recogi\u00f3 a los que perecieron.\u00a0<\/p>\n<p><\/p>\n<p>La mujer era tan alta que el agua le llegaba hasta las rodillas. Las aguas no eran profundas. Se levant\u00f3 y recogi\u00f3 a los que se hab\u00edan ahogado. Las aguas se lo llevaron todo: pecar\u00edes, cerdos, cerdos, animales indomables, venados, perros, humanos\u2026. La vieja que inund\u00f3 no recogi\u00f3 los flacos, s\u00f3lo recogi\u00f3 los grandes y para comprobar si ten\u00edan suficiente grasa, sumergi\u00f3 en su carne un instrumento punzante: para ver si estaban como ella quer\u00eda.\u00a0<\/p>\n<p><\/p>\n<p>En esos trayectos, la mujer vio a un peque\u00f1o ni\u00f1o flotando sobre las aguas. Estaba vivo, no se hab\u00eda ahogado porque estaba aferrado a un tronco. La mujer lo llev\u00f3 consigo para que le sirviera de cocinero. Ella no sab\u00eda cocinar porque... \u00a1Viv\u00eda tan ocupada!\u00a0<\/p>\n<p><\/p>\n<p>Lo llev\u00f3 a casa y el ni\u00f1o as\u00f3 todo lo que recogi\u00f3 la anciana: personas, perros, todo. Mientras el ni\u00f1o se asaba, la mujer y su hija contaban los pelos. Eran dos mujeres: la anciana y su hija. Los dos viv\u00edan de contar pelos y el ni\u00f1o asaba la grasa, las aguas de la inundaci\u00f3n comenzaron a bajar y el ni\u00f1o segu\u00eda asando.\u00a0<\/p>\n<p><\/p>\n<p>Las aguas no pudieron destruirlo todo. Algunos guayabos quedaron en pie y en uno de ellos, un mono <em>cusumbo<\/em> estaba vivo. EL <em>cusumbo<\/em> Era muy grande, por lo que la anciana lo tom\u00f3 al instante. Lo puso al lado de los dem\u00e1s para asarlo, y para que no se derritiera del todo lo coloc\u00f3 en un extremo de la parrilla.<\/p>\n<p>\u00a1A la anciana le encantaba la grasa! El ni\u00f1o, por su parte, se preocupaba por asar bien la carne. Lo pinch\u00f3 por ambos lados para que se cocinara uniformemente. Mientras tanto, la anciana y su hija segu\u00edan contando los pelos. Para sorpresa de la peque\u00f1a cocinera, result\u00f3 que el <em>cusumbo<\/em> no era un <em>cusumbo<\/em> pero el rel\u00e1mpago, entonces el rel\u00e1mpago habl\u00f3 y le dijo:\u00a0<\/p>\n<p><\/p>\n<p>\u2013 C\u00fabreme un poco de la llama, no dejes que me queme y huye inmediatamente.\u00a0<\/p>\n<p><\/p>\n<p>Cerca hab\u00eda arbustos de <em>camacho<\/em>. Rayo le dijo al ni\u00f1o que corriera hacia esos arbustos porque iba a destruir a la anciana y a su hija. Las mujeres escucharon los susurros y casi lograron escuchar el rel\u00e1mpago y al ni\u00f1o hablando, entonces le preguntaron al ni\u00f1o: <\/p>\n<p>- Con qui\u00e9n est\u00e1s hablando ?\u00a0<br \/>-A m\u00ed ? respondi\u00f3 el ni\u00f1o, no estaba hablando con nadie. Estaba pensando en voz alta que hace mucho calor.\u00a0<\/p>\n<p><\/p>\n<p>Cuando las mujeres oyeron esta respuesta, se calmaron y se sentaron donde estaban. Las mujeres se distrajeron y el ni\u00f1o corri\u00f3 hacia los arbustos de c<em>amacho<\/em>. Tan pronto como lleg\u00f3 all\u00ed, comenz\u00f3 una tormenta de rel\u00e1mpagos y truenos. Rayos y truenos atacaron a la anciana que inund\u00f3 la tierra de los ts\u00e1chilas y a su hija. La ni\u00f1a salt\u00f3 al agua, porque hab\u00eda una laguna que se hab\u00eda formado con los pelos que estaban tirando. La ni\u00f1a se salv\u00f3 pero la anciana muri\u00f3 en el mismo lugar.\u00a0<\/p>\n<p><\/p>\n<p>El ni\u00f1o se fue a casa y se fue nuevamente. Antes de irse, le dijo a la gente.\u00a0<br \/>-Cuando te conviertas en arcilla, seguir\u00e9 siendo lo que soy ahora.\u00a0<\/p>\n<p><\/p>\n<p>Dicho esto, desapareci\u00f3. Ahora, cuando brilla el sol y hace mucho calor, se oye un silbido. Dicen que este ni\u00f1o es el que silba. Eso dicen los abuelos.<\/p>\n<p><\/p>\t\t\t\t\t\t\t\t<\/div>\n\t\t\t\t<\/div>\n\t\t\t\t\t<\/div>\n\t\t<\/div>\n\t\t\t\t\t<\/div>\n\t\t<\/section>\n\t\t\t\t<\/div>","protected":false},"excerpt":{"rendered":"<p>Barbacoan Mythology Wiki La tribu Ts\u00e1chila de Ecuador vive en la provincia de Santo Domingo de los Ts\u00e1chilas. Los hombres \u2026 <\/p>","protected":false},"author":1,"featured_media":0,"parent":3274,"menu_order":0,"comment_status":"closed","ping_status":"closed","template":"","meta":{"footnotes":""},"class_list":["post-3294","page","type-page","status-publish","hentry"],"amp_enabled":true,"_links":{"self":[{"href":"https:\/\/mythslegendes.com\/es\/wp-json\/wp\/v2\/pages\/3294","targetHints":{"allow":["GET"]}}],"collection":[{"href":"https:\/\/mythslegendes.com\/es\/wp-json\/wp\/v2\/pages"}],"about":[{"href":"https:\/\/mythslegendes.com\/es\/wp-json\/wp\/v2\/types\/page"}],"author":[{"embeddable":true,"href":"https:\/\/mythslegendes.com\/es\/wp-json\/wp\/v2\/users\/1"}],"replies":[{"embeddable":true,"href":"https:\/\/mythslegendes.com\/es\/wp-json\/wp\/v2\/comments?post=3294"}],"version-history":[{"count":1,"href":"https:\/\/mythslegendes.com\/es\/wp-json\/wp\/v2\/pages\/3294\/revisions"}],"predecessor-version":[{"id":24902,"href":"https:\/\/mythslegendes.com\/es\/wp-json\/wp\/v2\/pages\/3294\/revisions\/24902"}],"up":[{"embeddable":true,"href":"https:\/\/mythslegendes.com\/es\/wp-json\/wp\/v2\/pages\/3274"}],"wp:attachment":[{"href":"https:\/\/mythslegendes.com\/es\/wp-json\/wp\/v2\/media?parent=3294"}],"curies":[{"name":"wp","href":"https:\/\/api.w.org\/{rel}","templated":true}]}}