{"id":3315,"date":"2020-07-25T10:51:13","date_gmt":"2020-07-25T09:51:13","guid":{"rendered":"https:\/\/mythslegendes.com\/?page_id=3315"},"modified":"2022-12-03T22:07:16","modified_gmt":"2022-12-03T22:07:16","slug":"musique-ouighoure","status":"publish","type":"page","link":"https:\/\/mythslegendes.com\/es\/mitologia-uigur\/musica-uigur\/","title":{"rendered":"M\u00fasica uigur"},"content":{"rendered":"<div data-elementor-type=\"wp-page\" data-elementor-id=\"3315\" class=\"elementor elementor-3315\">\n\t\t\t\t\t\t<section class=\"elementor-section elementor-top-section elementor-element elementor-element-c0c7d72 elementor-section-boxed elementor-section-height-default elementor-section-height-default\" data-id=\"c0c7d72\" data-element_type=\"section\" data-e-type=\"section\">\n\t\t\t\t\t\t<div class=\"elementor-container elementor-column-gap-default\">\n\t\t\t\t\t<div class=\"elementor-column elementor-col-50 elementor-top-column elementor-element elementor-element-80fb292\" data-id=\"80fb292\" data-element_type=\"column\" data-e-type=\"column\">\n\t\t\t<div class=\"elementor-widget-wrap elementor-element-populated\">\n\t\t\t\t\t\t<div class=\"elementor-element elementor-element-921509e elementor-align-justify elementor-widget elementor-widget-button\" data-id=\"921509e\" data-element_type=\"widget\" data-e-type=\"widget\" data-widget_type=\"button.default\">\n\t\t\t\t<div class=\"elementor-widget-container\">\n\t\t\t\t\t\t\t\t\t<div class=\"elementor-button-wrapper\">\n\t\t\t\t\t<a class=\"elementor-button elementor-button-link elementor-size-sm\" href=\"https:\/\/mythslegendes.com\/es\/mitologia-uigur\/\">\n\t\t\t\t\t\t<span class=\"elementor-button-content-wrapper\">\n\t\t\t\t\t\t\t\t\t<span class=\"elementor-button-text\">Mitolog\u00eda uigur<\/span>\n\t\t\t\t\t<\/span>\n\t\t\t\t\t<\/a>\n\t\t\t\t<\/div>\n\t\t\t\t\t\t\t\t<\/div>\n\t\t\t\t<\/div>\n\t\t\t\t\t<\/div>\n\t\t<\/div>\n\t\t\t\t<div class=\"elementor-column elementor-col-50 elementor-top-column elementor-element elementor-element-b1160e8\" data-id=\"b1160e8\" data-element_type=\"column\" data-e-type=\"column\">\n\t\t\t<div class=\"elementor-widget-wrap elementor-element-populated\">\n\t\t\t\t\t\t<div class=\"elementor-element elementor-element-57f6cd0 elementor-align-justify elementor-widget elementor-widget-button\" data-id=\"57f6cd0\" data-element_type=\"widget\" data-e-type=\"widget\" data-widget_type=\"button.default\">\n\t\t\t\t<div class=\"elementor-widget-container\">\n\t\t\t\t\t\t\t\t\t<div class=\"elementor-button-wrapper\">\n\t\t\t\t\t<a class=\"elementor-button elementor-button-link elementor-size-sm\" href=\"https:\/\/fr.wikipedia.org\/wiki\/Ou%C3%AFghours\" target=\"_blank\" rel=\"noopener\">\n\t\t\t\t\t\t<span class=\"elementor-button-content-wrapper\">\n\t\t\t\t\t\t\t\t\t<span class=\"elementor-button-text\">Wiki<\/span>\n\t\t\t\t\t<\/span>\n\t\t\t\t\t<\/a>\n\t\t\t\t<\/div>\n\t\t\t\t\t\t\t\t<\/div>\n\t\t\t\t<\/div>\n\t\t\t\t\t<\/div>\n\t\t<\/div>\n\t\t\t\t\t<\/div>\n\t\t<\/section>\n\t\t\t\t<section class=\"elementor-section elementor-top-section elementor-element elementor-element-66d09c8c elementor-section-boxed elementor-section-height-default elementor-section-height-default\" data-id=\"66d09c8c\" data-element_type=\"section\" data-e-type=\"section\">\n\t\t\t\t\t\t<div class=\"elementor-container elementor-column-gap-default\">\n\t\t\t\t\t<div class=\"elementor-column elementor-col-100 elementor-top-column elementor-element elementor-element-4ae930dc\" data-id=\"4ae930dc\" data-element_type=\"column\" data-e-type=\"column\">\n\t\t\t<div class=\"elementor-widget-wrap elementor-element-populated\">\n\t\t\t\t\t\t<div class=\"elementor-element elementor-element-22362e8d elementor-widget elementor-widget-text-editor\" data-id=\"22362e8d\" data-element_type=\"widget\" data-e-type=\"widget\" data-widget_type=\"text-editor.default\">\n\t\t\t\t<div class=\"elementor-widget-container\">\n\t\t\t\t\t\t\t\t\t<p><\/p>\n<p>Un pa\u00eds mayoritariamente des\u00e9rtico, con grandes regiones monta\u00f1osas, la m\u00fasica se desarroll\u00f3 all\u00ed en oasis que se convirtieron en centros urbanos. En el oeste del pa\u00eds (en Kashgar y Khotan), la m\u00fasica uigur aprendida y el arte de interpretar muq\u00e2ms est\u00e1n muy cerca de la pr\u00e1ctica turco-persa y tienen grandes similitudes con la m\u00fasica uzbeka y tayika. En el este (en Kumul) el estilo se acerca m\u00e1s a la m\u00fasica. <a href=\"https:\/\/mythslegendes.com\/es\/mythes-et-legendes-chinois-1768\/\">chino<\/a>.<\/p>\n<p><img decoding=\"async\" class=\"alignnone wp-image-5284 size-full\" src=\"https:\/\/mythslegendes.com\/wp-content\/uploads\/2020\/09\/AlphaOmega-e1602613368367.png\" alt=\"m\u00fasica uigur\" width=\"25\" height=\"26\" title=\"\"><\/p>\n<p><\/p>\n<p>los <a href=\"https:\/\/mythslegendes.com\/es\/mitologia-uigur\/\">Uigures<\/a>, poblada <a href=\"https:\/\/mythslegendes.com\/es\/mythes-et-legendes-turques-1708\/\">turco<\/a>, rastrean su linaje musical hasta el <abbr title=\"Siglo 11\">XI<sup>mi<\/sup><\/abbr>\u00a0siglo\u00a0<abbr title=\"antes de Cristo\">AV. J.-C.<\/abbr>, durante la \u00e9poca del pueblo Di. Sobre los frescos budistas de Kyzyl que datan del <abbr title=\"Siglo quinto\">V<sup>mi<\/sup><\/abbr>\u00a0siglo, vemos la\u00fades redondos o en forma de pera con cuellos largos y conjuntos de arpa arqueada, c\u00edtara, oboe, flauta travesera, flauta de pan, arm\u00f3nica, tambor de curvas e idi\u00f3fonos. Fuentes chinas citan influencias musicales de los primeros pueblos de habla turca establecidos en la regi\u00f3n desde el <abbr title=\"Siglo noveno\">IX<sup>mi<\/sup><\/abbr>\u00a0siglo despu\u00e9s de Cristo; Es posible que el pentatonismo encontrado en China tenga un origen turco porque muchos m\u00fasicos turcos tocaron en la Corte del Emperador. <\/p>\n<p>Esta influencia aument\u00f3 con la fundaci\u00f3n del Kashgar Khanate y el desarrollo del Islam. A lo largo de la Ruta de la Seda, muchas ideas, instrumentos y estilos fueron tra\u00eddos de oeste a este, de Asia Central a China Central. Ahora bien, esta m\u00fasica tambi\u00e9n forma parte de la m\u00fasica regional china.<\/p>\n<p><\/p>\n<div id=\"ez-toc-container\" class=\"ez-toc-v2_0_82_2 counter-hierarchy ez-toc-counter ez-toc-grey ez-toc-container-direction\">\n<div class=\"ez-toc-title-container\">\n<p class=\"ez-toc-title\" style=\"cursor:inherit\">Contenido<\/p>\n<span class=\"ez-toc-title-toggle\"><a href=\"#\" class=\"ez-toc-pull-right ez-toc-btn ez-toc-btn-xs ez-toc-btn-default ez-toc-toggle\" aria-label=\"Alternar tabla de contenidos\"><span class=\"ez-toc-js-icon-con\"><span class=\"\"><span class=\"eztoc-hide\" style=\"display:none;\">Palanca<\/span><span class=\"ez-toc-icon-toggle-span\"><svg style=\"fill: #999;color:#999\" xmlns=\"http:\/\/www.w3.org\/2000\/svg\" class=\"list-377408\" width=\"20px\" height=\"20px\" viewbox=\"0 0 24 24\" fill=\"none\"><path d=\"M6 6H4v2h2V6zm14 0H8v2h12V6zM4 11h2v2H4v-2zm16 0H8v2h12v-2zM4 16h2v2H4v-2zm16 0H8v2h12v-2z\" fill=\"currentColor\"><\/path><\/svg><svg style=\"fill: #999;color:#999\" class=\"arrow-unsorted-368013\" xmlns=\"http:\/\/www.w3.org\/2000\/svg\" width=\"10px\" height=\"10px\" viewbox=\"0 0 24 24\" version=\"1.2\" baseprofile=\"tiny\"><path d=\"M18.2 9.3l-6.2-6.3-6.2 6.3c-.2.2-.3.4-.3.7s.1.5.3.7c.2.2.4.3.7.3h11c.3 0 .5-.1.7-.3.2-.2.3-.5.3-.7s-.1-.5-.3-.7zM5.8 14.7l6.2 6.3 6.2-6.3c.2-.2.3-.5.3-.7s-.1-.5-.3-.7c-.2-.2-.4-.3-.7-.3h-11c-.3 0-.5.1-.7.3-.2.2-.3.5-.3.7s.1.5.3.7z\"\/><\/svg><\/span><\/span><\/span><\/a><\/span><\/div>\n<nav><ul class='ez-toc-list ez-toc-list-level-1' ><li class='ez-toc-page-1 ez-toc-heading-level-2'><a class=\"ez-toc-link ez-toc-heading-1\" href=\"https:\/\/mythslegendes.com\/es\/mitologia-uigur\/musica-uigur\/#Musique-ouighoure-savante\" >M\u00fasica acad\u00e9mica uigur<\/a><\/li><li class='ez-toc-page-1 ez-toc-heading-level-2'><a class=\"ez-toc-link ez-toc-heading-2\" href=\"https:\/\/mythslegendes.com\/es\/mitologia-uigur\/musica-uigur\/#Musique-folklorique\" >M\u00fasica folk<\/a><\/li><li class='ez-toc-page-1 ez-toc-heading-level-2'><a class=\"ez-toc-link ez-toc-heading-3\" href=\"https:\/\/mythslegendes.com\/es\/mitologia-uigur\/musica-uigur\/#Instruments-de-musique\" >Instrumentos de m\u00fasica<\/a><\/li><\/ul><\/nav><\/div>\n<h2 class=\"wp-block-heading\"><span class=\"ez-toc-section\" id=\"Musique-ouighoure-savante\"><\/span>M\u00fasica acad\u00e9mica uigur<span class=\"ez-toc-section-end\"><\/span><\/h2>\n<p><\/p>\n<p>El muq\u00e2m uigur se form\u00f3 en <abbr title=\"siglo 16\">XVI<sup>mi<\/sup><\/abbr>\u00a0siglo de varias tradiciones anteriores distintas (de origen turco-mongol) de las que podemos notar la perfecta mezcla de modos seg\u00fan la influencia de los dastg\u00e2hs iran\u00edes y los maq\u00e2ms \u00e1rabe-turcos. No fue transcrita y publicada hasta 1960, tras una recopilaci\u00f3n de sus \u00faltimos representantes. El conjunto forma un marat\u00f3n musical de m\u00e1s de veinte horas (similar al maq\u00f4m o al nouba) con aproximadamente 170 fases y 242 melod\u00edas. EL <em>muq\u00e2m<\/em> D\u00f3nde <em>mu ka mu<\/em> (\u201cgrandes melod\u00edas\u201d) se componen de secuencias de canciones estrictamente ordenadas; distinguimos el <em>kashgar muq\u00e2m<\/em>, <em>Turpan muq\u00e2m<\/em>, <em>qumul muq\u00e2m<\/em>, <em>Ili muq\u00e2m<\/em> y <em>Dolan muq\u00e2m<\/em> O :<\/p>\n<p><\/p>\n<ul class=\"wp-block-list\">\n<li>El muq\u00e2m de Kashgar y Yarkand, con doce modos (<em>muq\u00e2m<\/em>) heptat\u00f3nicos tambi\u00e9n llamados <em>en ikki muq\u00e2m<\/em>\u00a0: Rak \u2013 Tch\u00e4bbiyat \u2013 Mushavir\u00e4k \u2013 Tch\u00e4rigah \u2013 P\u00e4njigah \u2013 \u00d6zhal \u2013 \u00c4j\u00e4m \u2013 Oshaq \u2013 Bayat \u2013 Nava \u2013 Segah \u2013 Irak. El muq\u00e2m tambi\u00e9n designa aqu\u00ed una secuencia modal en tres partes (<em>naghma<\/em>)\u00a0:\n<ul>\n<li><em>bashi<\/em>, <em>chong nehgma<\/em> D\u00f3nde <em>qiongnai&#039;eman<\/em> (\u201cgran melod\u00eda\u201d), preludio vocal o instrumental no r\u00edtmico, seguido de canciones o bailes cortos, con interludios instrumentales <em>marghul<\/em>.<\/li>\n<li><em>dastan<\/em> D\u00f3nde <em>dasit\u00e1n<\/em>, de tres a cinco canciones narrativas populares o incluso folcl\u00f3ricas, de car\u00e1cter \u00e9pico, r\u00edtmicas e interrumpidas por <em>marghuls<\/em>.<\/li>\n<li><em>m\u00e1sr\u00e4p<\/em>, <em>mallarep<\/em> D\u00f3nde <em>maixilaifu<\/em> (\u201cencuentro\u201d), cinco a siete canciones finales para bailar, muy r\u00edtmicas y de inspiraci\u00f3n folcl\u00f3rica.<\/li>\n<\/ul>\n<\/li>\n<li>El muq\u00e2m de Turpan, cantado con acompa\u00f1amiento de satar, tembur, dut\u00e2r, chang y dap o al d\u00fao naghra-sunay. Tiene nueve modos divididos en seis secciones:\n<ul>\n<li><em>Ghezel<\/em>, canto sin medida.<\/li>\n<li><em>Yalangchekit<\/em>, canto solista lento y r\u00edtmico (<a href=\"https:\/\/www.wikiwand.com\/fr\/Mesure_%C3%A0_cinq_temps\" target=\"_blank\" rel=\"noopener\">5\/4<\/a> o 13\/8).<\/li>\n<li><em>jula<\/em>, en 4\/4, es una pieza de danza.<\/li>\n<li><em>Senem<\/em>, en 4\/4, otro baile, m\u00e1s r\u00e1pido.<\/li>\n<li><em>Nazirkum<\/em>, un baile a\u00fan m\u00e1s r\u00e1pido.<\/li>\n<li><em>Seliqe<\/em>, en 4\/4, un baile moderado.<\/li>\n<\/ul>\n<\/li>\n<li>El muy reciente Kumul muq\u00e2m est\u00e1 extra\u00eddo de un conjunto de diecinueve suites que comprenden entre ocho y diecisiete canciones populares en modo pentat\u00f3nico, precedidas por un <em>muqeddime<\/em>, una introducci\u00f3n sin medida. Se toca en ghijak, rawap, chang y dap.<\/li>\n<li>El muq\u00e2m de Ili es doble porque consiste, por un lado, en una versi\u00f3n reducida del<em>onikki muq\u00e2m<\/em> y por otro lado otro conjunto de canciones populares llamado <em>ili nakhshesi<\/em>.<\/li>\n<li>El muq\u00e2m de Dolan, tambi\u00e9n reciente, a veces llamado <em>bayawan<\/em> (\u201cdesierto\u201d) es muy diferente aunque tambi\u00e9n se toca en dap, rawap, ghijak y kalong. All\u00ed encontramos improvisaciones y heterofon\u00edas poco comunes en la regi\u00f3n. Se interpreta en nueve suites o modos de danza corta (penta, hexa o heptat\u00f3nica) en cinco partes:\n<ul>\n<li><em>Muqeddime<\/em>, cantando <em>a capella<\/em> no medido.<\/li>\n<li><em>chekitme<\/em>, en 6\/4, inicio de la parte de baile.<\/li>\n<li><em>Senem<\/em>, en 4\/4, baile r\u00e1pido.<\/li>\n<li><em>Seliqe<\/em>, en 4\/4, danza en c\u00edrculo.<\/li>\n<li><em>serilma<\/em>, en 4\/4 o 5\/8, baila y trance en c\u00edrculo.<\/li>\n<\/ul>\n<\/li>\n<\/ul>\n<p><\/p>\n<p>Puede ser interpretado por un peque\u00f1o conjunto vocal e instrumental, as\u00ed como por el popular d\u00fao naghra-sunay (tambor-oboe); No est\u00e1 reservado a una \u00e9lite y se escucha muy a menudo con motivo de fiestas religiosas. Otras formas de m\u00fasica instrumental incluyen<em>ejem<\/em> tocado en tembur y dut\u00e2r y el <em>taquilla<\/em> jug\u00f3 rawap. M\u00fasicos como Rozi Tanburi o Abdulaziz Hashimov son famosos.<\/p>\n<p><\/p>\n<h2 class=\"wp-block-heading\"><span class=\"ez-toc-section\" id=\"Musique-folklorique\"><\/span>M\u00fasica folk<span class=\"ez-toc-section-end\"><\/span><\/h2>\n<p><\/p>\n<p>La m\u00fasica vocal es muy diferente seg\u00fan la regi\u00f3n (heptat\u00f3nica en el oeste y pentat\u00f3nica o hexat\u00f3nica en el este). Est\u00e1 representado por canciones cortas reunidas en sucesi\u00f3n (<em>yurushi<\/em>) y listados por estilo, como <em>qoshaq<\/em> (poes\u00eda declamada), la <em>por la<\/em> (teatro de comedia musical), el<em>eytshish<\/em> (d\u00fao <em>hablando<\/em>) y el <em>maddhi naghme<\/em> (cuento cantado <em>a capella<\/em>), que son canciones narrativas ornamentadas interpretadas con ritmos Aksak.<\/p>\n<p><\/p>\n<p>Tambi\u00e9n hay encantamientos suf\u00edes cantados durante el dhikr por los musulmanes, en particular cantando en <em>falsete<\/em> <em>hokmet<\/em>. All\u00ed tambi\u00e9n se interpretan conjuntos de canciones durante rituales de danza grupal. mujeres suf\u00edes llamadas <em>buwi<\/em> tener una funci\u00f3n ampliada. No s\u00f3lo cantan canciones rituales <em>monjat<\/em>, pero tambi\u00e9n practican lamentaciones y exorcismos <em>khetm\u00e9s<\/em>. Los devotos m\u00fasicos viajeros son llamados <em>ashiq<\/em> D\u00f3nde <em>calendario<\/em> y tambi\u00e9n utilizan diversos instrumentos para acompa\u00f1ar sus canciones. <em>hokmet<\/em> junto a <em>mallarep<\/em> cl\u00e1sico.<\/p>\n<p><\/p>\n<p>La m\u00fasica de baile se llama. <em>senem<\/em> y consta de suites de canciones de baile (de seis a trece) que var\u00edan seg\u00fan la regi\u00f3n pero siempre con la misma estructura r\u00edtmica que va de lenta a r\u00e1pida. Aunque la orquestaci\u00f3n es variable, no es raro ver aqu\u00ed tambi\u00e9n tomar forma el d\u00fao instrumental naghra-sunay, especialmente en las plazas de las mezquitas, durante danzas m\u00edsticas. <em>shadiyana<\/em> y <em>sama&#039;<\/em>. Los bailes populares incluyen <em>nazirkom<\/em>, <em>en ussuli<\/em> y <em>ghaz ussuli<\/em>. A menudo acompa\u00f1an a grandes reuniones (<em>mallarep<\/em>) ceremonias populares o nupciales.<\/p>\n<p><\/p>\n<p>La m\u00fasica de exorcismo cham\u00e1nico todav\u00eda se practica lejos de las ciudades. EL <em>baqshi<\/em> D\u00f3nde <em>pirghun<\/em> (bardos) usan canciones y grandes tambores dap.<\/p>\n<p><\/p>\n<h2 class=\"wp-block-heading\"><span class=\"ez-toc-section\" id=\"Instruments-de-musique\"><\/span>Instrumentos de m\u00fasica<span class=\"ez-toc-section-end\"><\/span><\/h2>\n<p><\/p>\n<figure class=\"wp-block-image\"><img decoding=\"async\" src=\"https:\/\/upload.wikimedia.org\/wikipedia\/commons\/thumb\/c\/c5\/Uyghur_musical_instruments%2C_Kashgar.jpg\/440px-Uyghur_musical_instruments%2C_Kashgar.jpg\" alt=\"Instrumentos uigures de Kashgar\" title=\"\"><\/figure>\n<p><\/p>\n<figure class=\"wp-block-image\"><img decoding=\"async\" src=\"https:\/\/upload.wikimedia.org\/wikipedia\/commons\/thumb\/5\/52\/Musical_instruments_Rubabs_and_Dutars_in_Tajikistan.JPG\/440px-Musical_instruments_Rubabs_and_Dutars_in_Tajikistan.JPG\" alt=\"Instrumentos comunes a tayikos y uigures, en Tayikist\u00e1n\" title=\"\"><\/figure>\n<p><\/p>\t\t\t\t\t\t\t\t<\/div>\n\t\t\t\t<\/div>\n\t\t\t\t\t<\/div>\n\t\t<\/div>\n\t\t\t\t\t<\/div>\n\t\t<\/section>\n\t\t\t\t<\/div>","protected":false},"excerpt":{"rendered":"<p>Mythologie Ou\u00efghour Wiki Pays d\u00e9sertique pour une grande part, avec de grandes r\u00e9gions montagneuses, la musique s&rsquo;y est d\u00e9velopp\u00e9e dans &hellip; <\/p>","protected":false},"author":1,"featured_media":0,"parent":3301,"menu_order":0,"comment_status":"closed","ping_status":"closed","template":"","meta":{"footnotes":""},"class_list":["post-3315","page","type-page","status-publish","hentry"],"amp_enabled":true,"_links":{"self":[{"href":"https:\/\/mythslegendes.com\/es\/wp-json\/wp\/v2\/pages\/3315","targetHints":{"allow":["GET"]}}],"collection":[{"href":"https:\/\/mythslegendes.com\/es\/wp-json\/wp\/v2\/pages"}],"about":[{"href":"https:\/\/mythslegendes.com\/es\/wp-json\/wp\/v2\/types\/page"}],"author":[{"embeddable":true,"href":"https:\/\/mythslegendes.com\/es\/wp-json\/wp\/v2\/users\/1"}],"replies":[{"embeddable":true,"href":"https:\/\/mythslegendes.com\/es\/wp-json\/wp\/v2\/comments?post=3315"}],"version-history":[{"count":1,"href":"https:\/\/mythslegendes.com\/es\/wp-json\/wp\/v2\/pages\/3315\/revisions"}],"predecessor-version":[{"id":24904,"href":"https:\/\/mythslegendes.com\/es\/wp-json\/wp\/v2\/pages\/3315\/revisions\/24904"}],"up":[{"embeddable":true,"href":"https:\/\/mythslegendes.com\/es\/wp-json\/wp\/v2\/pages\/3301"}],"wp:attachment":[{"href":"https:\/\/mythslegendes.com\/es\/wp-json\/wp\/v2\/media?parent=3315"}],"curies":[{"name":"wp","href":"https:\/\/api.w.org\/{rel}","templated":true}]}}