{"id":332,"date":"2020-06-12T10:46:03","date_gmt":"2020-06-12T09:46:03","guid":{"rendered":"https:\/\/mythslegendes.com\/?page_id=332"},"modified":"2022-12-03T22:06:51","modified_gmt":"2022-12-03T22:06:51","slug":"glossaire-en-f-celtique","status":"publish","type":"page","link":"https:\/\/mythslegendes.com\/es\/mitologia-celta\/glosario-celta-f\/","title":{"rendered":"Glosario en F (celta)"},"content":{"rendered":"<div data-elementor-type=\"wp-page\" data-elementor-id=\"332\" class=\"elementor elementor-332\">\n\t\t\t\t\t\t<section class=\"elementor-section elementor-top-section elementor-element elementor-element-58900c4 elementor-section-boxed elementor-section-height-default elementor-section-height-default\" data-id=\"58900c4\" data-element_type=\"section\" data-e-type=\"section\">\n\t\t\t\t\t\t<div class=\"elementor-container elementor-column-gap-default\">\n\t\t\t\t\t<div class=\"elementor-column elementor-col-50 elementor-top-column elementor-element elementor-element-b5c7076\" data-id=\"b5c7076\" data-element_type=\"column\" data-e-type=\"column\">\n\t\t\t<div class=\"elementor-widget-wrap elementor-element-populated\">\n\t\t\t\t\t\t<div class=\"elementor-element elementor-element-6ab2b77 elementor-align-justify elementor-widget elementor-widget-button\" data-id=\"6ab2b77\" data-element_type=\"widget\" data-e-type=\"widget\" data-widget_type=\"button.default\">\n\t\t\t\t<div class=\"elementor-widget-container\">\n\t\t\t\t\t\t\t\t\t<div class=\"elementor-button-wrapper\">\n\t\t\t\t\t<a class=\"elementor-button elementor-button-link elementor-size-sm\" href=\"https:\/\/mythslegendes.com\/es\/mitologia-celta\/\">\n\t\t\t\t\t\t<span class=\"elementor-button-content-wrapper\">\n\t\t\t\t\t\t\t\t\t<span class=\"elementor-button-text\">Mitolog\u00eda celta<\/span>\n\t\t\t\t\t<\/span>\n\t\t\t\t\t<\/a>\n\t\t\t\t<\/div>\n\t\t\t\t\t\t\t\t<\/div>\n\t\t\t\t<\/div>\n\t\t\t\t\t<\/div>\n\t\t<\/div>\n\t\t\t\t<div class=\"elementor-column elementor-col-50 elementor-top-column elementor-element elementor-element-ef859cc\" data-id=\"ef859cc\" data-element_type=\"column\" data-e-type=\"column\">\n\t\t\t<div class=\"elementor-widget-wrap elementor-element-populated\">\n\t\t\t\t\t\t<div class=\"elementor-element elementor-element-e858eef elementor-align-justify elementor-widget elementor-widget-button\" data-id=\"e858eef\" data-element_type=\"widget\" data-e-type=\"widget\" data-widget_type=\"button.default\">\n\t\t\t\t<div class=\"elementor-widget-container\">\n\t\t\t\t\t\t\t\t\t<div class=\"elementor-button-wrapper\">\n\t\t\t\t\t<a class=\"elementor-button elementor-button-link elementor-size-sm\" href=\"https:\/\/fr.wikipedia.org\/wiki\/Mythologie_celtique\" target=\"_blank\" rel=\"noopener\">\n\t\t\t\t\t\t<span class=\"elementor-button-content-wrapper\">\n\t\t\t\t\t\t\t\t\t<span class=\"elementor-button-text\">Wiki<\/span>\n\t\t\t\t\t<\/span>\n\t\t\t\t\t<\/a>\n\t\t\t\t<\/div>\n\t\t\t\t\t\t\t\t<\/div>\n\t\t\t\t<\/div>\n\t\t\t\t\t<\/div>\n\t\t<\/div>\n\t\t\t\t\t<\/div>\n\t\t<\/section>\n\t\t\t\t<section class=\"elementor-section elementor-top-section elementor-element elementor-element-71abb8e6 elementor-section-boxed elementor-section-height-default elementor-section-height-default\" data-id=\"71abb8e6\" data-element_type=\"section\" data-e-type=\"section\">\n\t\t\t\t\t\t<div class=\"elementor-container elementor-column-gap-default\">\n\t\t\t\t\t<div class=\"elementor-column elementor-col-100 elementor-top-column elementor-element elementor-element-4f90ddba\" data-id=\"4f90ddba\" data-element_type=\"column\" data-e-type=\"column\">\n\t\t\t<div class=\"elementor-widget-wrap elementor-element-populated\">\n\t\t\t\t\t\t<div class=\"elementor-element elementor-element-2a05860a elementor-widget elementor-widget-text-editor\" data-id=\"2a05860a\" data-element_type=\"widget\" data-e-type=\"widget\" data-widget_type=\"text-editor.default\">\n\t\t\t\t<div class=\"elementor-widget-container\">\n\t\t\t\t\t\t\t\t\t<p><\/p>\n<p>Aqu\u00ed hay un glosario de <a href=\"https:\/\/mythslegendes.com\/es\/\">mitolog\u00eda<\/a> <a href=\"https:\/\/mythslegendes.com\/es\/mythes-et-legendes-celtiques-20\/\">c\u00e9ltico<\/a> : <strong>Failimis, Fand, Ferdiad, <br \/>Fergus Mac Roeg, Fingen, Finn Mac Cumaill, Fintan, Fir Bolg, Fomoires, Fuamnach<\/strong><\/p>\n<p><img decoding=\"async\" class=\"alignnone wp-image-5284 size-full\" src=\"https:\/\/mythslegendes.com\/wp-content\/uploads\/2020\/09\/AlphaOmega-e1602613368367.png\" alt=\"Glosario celta\" width=\"25\" height=\"26\" title=\"\"><\/p>\n<div id=\"ez-toc-container\" class=\"ez-toc-v2_0_82_2 counter-hierarchy ez-toc-counter ez-toc-grey ez-toc-container-direction\">\n<div class=\"ez-toc-title-container\">\n<p class=\"ez-toc-title\" style=\"cursor:inherit\">Contenido<\/p>\n<span class=\"ez-toc-title-toggle\"><a href=\"#\" class=\"ez-toc-pull-right ez-toc-btn ez-toc-btn-xs ez-toc-btn-default ez-toc-toggle\" aria-label=\"Alternar tabla de contenidos\"><span class=\"ez-toc-js-icon-con\"><span class=\"\"><span class=\"eztoc-hide\" style=\"display:none;\">Palanca<\/span><span class=\"ez-toc-icon-toggle-span\"><svg style=\"fill: #999;color:#999\" xmlns=\"http:\/\/www.w3.org\/2000\/svg\" class=\"list-377408\" width=\"20px\" height=\"20px\" viewbox=\"0 0 24 24\" fill=\"none\"><path d=\"M6 6H4v2h2V6zm14 0H8v2h12V6zM4 11h2v2H4v-2zm16 0H8v2h12v-2zM4 16h2v2H4v-2zm16 0H8v2h12v-2z\" fill=\"currentColor\"><\/path><\/svg><svg style=\"fill: #999;color:#999\" class=\"arrow-unsorted-368013\" xmlns=\"http:\/\/www.w3.org\/2000\/svg\" width=\"10px\" height=\"10px\" viewbox=\"0 0 24 24\" version=\"1.2\" baseprofile=\"tiny\"><path d=\"M18.2 9.3l-6.2-6.3-6.2 6.3c-.2.2-.3.4-.3.7s.1.5.3.7c.2.2.4.3.7.3h11c.3 0 .5-.1.7-.3.2-.2.3-.5.3-.7s-.1-.5-.3-.7zM5.8 14.7l6.2 6.3 6.2-6.3c.2-.2.3-.5.3-.7s-.1-.5-.3-.7c-.2-.2-.4-.3-.7-.3h-11c-.3 0-.5.1-.7.3-.2.2-.3.5-.3.7s.1.5.3.7z\"\/><\/svg><\/span><\/span><\/span><\/a><\/span><\/div>\n<nav><ul class='ez-toc-list ez-toc-list-level-1' ><li class='ez-toc-page-1 ez-toc-heading-level-2'><a class=\"ez-toc-link ez-toc-heading-1\" href=\"https:\/\/mythslegendes.com\/es\/mitologia-celta\/glosario-celta-f\/#Glossaire-Celtique\" >Glosario celta<\/a><\/li><\/ul><\/nav><\/div>\n<h2><span class=\"ez-toc-section\" id=\"Glossaire-Celtique\"><\/span>Glosario celta<span class=\"ez-toc-section-end\"><\/span><\/h2>\n<p class=\"has-text-align-justify\">La reina Fand, cuyo nombre significa &quot;golondrina&quot;, aparece principalmente en el cuento Serglige ConCulaind que narra la enfermedad de C\u00fachulainn y los celos de Emer.<\/p>\n<p><\/p>\n<p class=\"has-text-align-justify\">Es hija de Aed Abrat (un Tuatha D\u00e9 Danann) y esposa de Manannan Mac Lir, un dios soberano de los Sidh. Deja a su marido tras una pelea y, atacada por Fomoires, visita a C\u00fachulainn, el h\u00e9roe del Ulster. Otras versiones apuntan a que fue C\u00fachulainn quien la hiri\u00f3 en pleno vuelo, cuando ella hab\u00eda tomado la apariencia de un p\u00e1jaro. En el Otro Mundo se convierten en amantes durante un mes.<\/p>\n<p class=\"has-text-align-justify\">Emer, la leg\u00edtima esposa de C\u00fachulainn, impulsada por los celos, se marcha con cincuenta criadas equipadas con cuchillos para matar a su amante. Se produce una pelea entre Fand, C\u00fachulainn y Emer, quien finalmente regresa con Manannan. Utiliza su capa de invisibilidad para que ella desaparezca definitivamente ante los ojos de su amante. Los druidas hacen que C\u00fachulainn y Emer beban una \u201cbebida del olvido\u201d, para que \u00e9l olvide sus sentimientos por su amante y ella, sus celos.<\/p>\n<p><\/p>\n<p class=\"has-text-align-justify\">La ruptura de los amantes significa que el h\u00e9roe no puede trascender su estatus y asumir la soberan\u00eda.<\/p>\n<p><\/p>\n<hr class=\"wp-block-separator\" \/>\n<p><\/p>\n<p class=\"has-text-align-justify\">Ferdiad, en la mitolog\u00eda celta irlandesa, es un h\u00e9roe, compa\u00f1ero de C\u00fachulainn. Su nombre completo es \u201cFerdiad mac Damain mac Dare\u201d, es decir \u201chijo de Damain, hijo de Dare\u201d, con el significado: hijo del humo, est\u00e1 relacionado con los Fir Bolg (ocupantes de Irlanda antes del desembarco de los Tuatha D\u00e9 Danann).<\/p>\n<p><\/p>\n<p class=\"has-text-align-justify\">Acompa\u00f1a a su amigo durante su iniciaci\u00f3n guerrera en <a href=\"https:\/\/mythslegendes.com\/es\/mitologia-escocesa-2\/\">Escocia<\/a>, en casa de la hechicera Sc\u00e1thach. Reciben exactamente las mismas instrucciones con la excepci\u00f3n del manejo de la gae bolga, un arma reservada para Cuchulainn. En la historia \u00e9pica de T\u00e1in B\u00f3 C\u00faailnge (Cooley&#039;s Cow Raid), \u00e9l est\u00e1 del lado de la reina Medb durante la invasi\u00f3n del Ulster. Al principio, se niega a enfrentarse a C\u00fachulainn, que est\u00e1 solo defendiendo el reino atacado, pero la reina logra convencerlo amenaz\u00e1ndolo con una s\u00e1tira dru\u00eddica, luego emborrach\u00e1ndolo y prometi\u00e9ndole la mano de su hija Findabair.<\/p>\n<p class=\"has-text-align-justify\">El combate singular dura tres d\u00edas durante los cuales los dos h\u00e9roes no pueden decidir entre ellos. Finalmente, C\u00fachulainn mata a Ferdiad con un golpe del gae bolga. Como su piel estaba hecha de cuerno, s\u00f3lo este golpe podr\u00eda derribarlo. El h\u00e9roe de Uster comienza entonces un largo poema en el que lamenta la muerte de su amigo.<\/p>\n<p><\/p>\n<p class=\"has-text-align-justify\">Nota: tambi\u00e9n lo encontramos bajo las graf\u00edas de Fer Diad, Ferdia o incluso Ferdeah.<\/p>\n<p><\/p>\n<hr class=\"wp-block-separator\" \/>\n<p><\/p>\n<p class=\"has-text-align-justify\">Fergus Mac Roeg (hijo de Roeg) es, en la mitolog\u00eda celta irlandesa, el rey del Ulster antes del reinado de Conchobar Mac Nessa.<\/p>\n<p><\/p>\n<p class=\"has-text-align-justify\">Se le describe como un gigante, tan fuerte como setecientos hombres. Su alimentaci\u00f3n se compone de siete bueyes y siete cerdos y necesita siete mujeres cada noche (sus test\u00edculos son del tama\u00f1o de sacos de harina).<\/p>\n<p><\/p>\n<p class=\"has-text-align-justify\">A cambio de su matrimonio con Ness, ella le exige que conf\u00ede la soberan\u00eda de su reino a su hijo Conchobar, por un per\u00edodo de un a\u00f1o. Pero, pasado este per\u00edodo, los Ulates (habitantes del Ulster), satisfechos con el nuevo rey, rechazaron el regreso de Fergus. Los dos adversarios luchan durante un d\u00eda entero y el rey, despose\u00eddo de su reino, debe exiliarse en Connaught con la reina Medb y el rey Ailill, de los que se convierte en l\u00edder del ej\u00e9rcito, despu\u00e9s de haber quemado Emain Macha, la capital de la Ulates. Se casa con Deichtire, hermana de Conchobar.<\/p>\n<p><\/p>\n<p class=\"has-text-align-justify\">Durante el T\u00e1in B\u00f3 C\u00faailnge (The Cooley Cow Raid), est\u00e1 junto a Medb, en cuyo amante se ha convertido. Pero el propio Ulate, su simpat\u00eda est\u00e1 dirigida a C\u00fachulainn y sus compatriotas.<\/p>\n<p><\/p>\n<p>Ailill, en un ataque de celos, hace que uno de sus secuaces lo asesine.<\/p>\n<p><\/p>\n<hr class=\"wp-block-separator\" \/>\n<p><\/p>\n<p class=\"has-text-align-justify\">Fingen, en la mitolog\u00eda celta irlandesa, es uno de los druidas de Conchobar Mac Nessa, el rey del Ulster. Es particularmente conocido por su conocimiento y pr\u00e1ctica de la magia y la medicina. Es un experto en las tres formas de medicina: m\u00e1gica, herbaria y sanguinaria.<\/p>\n<p><\/p>\n<p class=\"has-text-align-justify\">Al examinar el humo que se escapa del tejado de una casa, puede determinar el n\u00famero de sus ocupantes y decir qu\u00e9 enfermedades padecen.<\/p>\n<p><\/p>\n<p class=\"has-text-align-justify\">Durante una guerra contra el reino de Connaught, Conchobar fue herido en la cabeza por una honda, un proyectil hecho con el cerebro de Mesgegra. Fingen le advierte: si le quita la bala, muere, si lo cura, queda lisiado. El rey elige vivir, pero con prohibiciones: correr, montar a caballo, enfadarse, abusar de la comida y del sexo. Despu\u00e9s de siete a\u00f1os, el cerebro de Mesgegra explota en su cabeza y muere.<\/p>\n<p><\/p>\n<p class=\"has-text-align-justify\">Durante el Cooley Cow Raid (T\u00e1in B\u00f3 C\u00faailnge), es necesario para curar a Cethern Mac Fintan. Al final del examen, propone dos soluciones: o cura completamente al herido, pero el tratamiento durar\u00e1 un a\u00f1o entero, o lo pone r\u00e1pidamente de nuevo en pie, dispuesto a luchar, pero en este caso muere tres d\u00edas despu\u00e9s. Es esta segunda opci\u00f3n la que se elige. El tratamiento consiste en sumergirlo en un barril de tu\u00e9tano durante tres d\u00edas y tres noches. Curado temporalmente, el guerrero del Ulster puede reanudar la lucha, sus v\u00edsceras est\u00e1n sujetas por las tablas de su carro. Reanuda la matanza hasta morir.<\/p>\n<p><\/p>\n<hr class=\"wp-block-separator\" \/>\n<p><\/p>\n<p class=\"has-text-align-justify\">Fintan mac B\u00f3chra, en la mitolog\u00eda celta irlandesa, es un druida primordial, cuyo origen del nombre, Vindo-senos, tiene el significado de &quot;Blanco-Antiguo&quot; (en referencia al cabello blanco y a la edad de los druidas m\u00e1s antiguos). ). Se asocia con la epopeya del pueblo de Cesair. Despu\u00e9s del Diluvio, sufri\u00f3 varias metamorfosis animales que le permitir\u00e1n atravesar los milenios, transmitir su ciencia y su historia al mundo. <a href=\"https:\/\/mythslegendes.com\/es\/mitologia-irlandesa\/\">irlandesa<\/a>.<\/p>\n<p><\/p>\n<p class=\"has-text-align-justify\">Cuando No\u00e9 prepara el Arca antes de que el Diluvio sumerja la tierra, Cesair toma el mando de una tropa de cincuenta mujeres, acompa\u00f1ada por tres hombres: su padre Bith, Ladra y Fintan. Se embarcan en un viaje de siete a\u00f1os que los llevar\u00e1 a <a href=\"https:\/\/mythslegendes.com\/es\/mitologia-irlandesa\/\">Irlanda<\/a>. Los tres hombres se casan con todas las mujeres, diecisiete para Bith, diecis\u00e9is para Ladra, las diecisiete esposas de Fintan son Cesair, Lot, Luam, Mall, Mar, Froechar, Femar, Faible, Foroll, Cipir, Torrian, Tamall, Tam, Abba, Alla, Baichne, Sille y Ebliu. De todas estas uniones s\u00f3lo tiene un hijo, Illann. Cuando muri\u00f3 Ladra, luego la de Bith, se cas\u00f3 con sus viudas.<\/p>\n<p><\/p>\n<p class=\"has-text-align-justify\">Cuando el Diluvio inunda Irlanda, todos los miembros del pueblo de Cesair se ahogan, a excepci\u00f3n de Fintan, que se convierte en salm\u00f3n. Permanece as\u00ed bajo el agua durante un a\u00f1o entero, habiendo establecido su residencia en una cueva. Sobrevive durante 5.500 a\u00f1os, transform\u00e1ndose en \u00e1guila, halc\u00f3n y finalmente volviendo a su forma humana.<\/p>\n<p class=\"has-text-align-justify\">Luego se convirti\u00f3 en consejero de Ard ri \u00c9renn (rey supremo de Irlanda). Durante la Cath Maighe Tuireadh (Primera Batalla de Mag Tured), estuvo junto al rey de los Fir Bolg, Eochaid Mac Eirc, durante la invasi\u00f3n de los Tuatha D\u00e9 Danann. Dej\u00f3 la vida terrenal en el siglo V d.C. BC, una vez que Irlanda se convirti\u00f3 al cristianismo.<\/p>\n<p><\/p>\n<p class=\"has-text-align-justify\">En el cuento Suidugud Tellach Temra (Fundaci\u00f3n del Dominio de Tara), es \u00e9l quien defiende la organizaci\u00f3n de la isla en cuatro provincias (reinos), m\u00e1s una quinta central, Meath, cuya capital es Tara, residencia de los reyes supremos. .<\/p>\n<p><\/p>\n<p class=\"has-text-align-justify\">La tradici\u00f3n oral de <a href=\"https:\/\/mythslegendes.com\/es\/\">mito<\/a> de Fintan fue fuertemente cristianizado, durante su transcripci\u00f3n, por cl\u00e9rigos de la Edad Media. En particular, se a\u00f1adi\u00f3 la referencia al Diluvio y a la relaci\u00f3n de Cesair con No\u00e9. Fintan es un druida primordial y omnisciente que s\u00f3lo transmite sus conocimientos a trav\u00e9s de la ense\u00f1anza oral. Esta particularidad de la clase sacerdotal de <a href=\"https:\/\/mythslegendes.com\/es\/mythes-et-legendes-celtiques-20\/\">Celtas<\/a> es confirmado por Julio C\u00e9sar en El <a href=\"https:\/\/mythslegendes.com\/es\/mitologia-gala\/\">Guerra de las Galias<\/a>, quien se\u00f1ala adem\u00e1s que los estudios dru\u00eddicos podr\u00edan durar 20 a\u00f1os.<\/p>\n<p><\/p>\n<hr class=\"wp-block-separator\" \/>\n<p><\/p>\n<p class=\"has-text-align-justify\">Los Fir Bolg, en la mitolog\u00eda celta irlandesa, son un pueblo inhumano, cuyo nombre significa \u201chombres de sacos\u201d o \u201chombres del trueno\u201d. Seg\u00fan el Lebor Gab\u00e1la \u00c9renn (<a href=\"https:\/\/mythslegendes.com\/es\/bibliotecas-de-libros\/\">Entregado<\/a> de las Conquistas de Irlanda), llegaron despu\u00e9s de los nemedianos, que hab\u00edan sido perseguidos por los Fomoires. Llegaron en tres grupos: el de Fir Bolg que vendr\u00eda de B\u00e9lgica, el de Fir Domnann que vendr\u00eda de la isla Domnon\u00e9e, y el de Fir Gailoin, fundador del reino de Leinster. Fueron los primeros en utilizar puntas de lanza de hierro.<\/p>\n<p><\/p>\n<p class=\"has-text-align-justify\">El reinado del rey Eochaid Mac Eirc es conocido por ser el primero en aplicar la justicia y hacer desaparecer las mentiras. Ya no llueve en Irlanda, s\u00f3lo roc\u00edo. Su esposa es Tailtiu (la tierra), hija de Mag Mor y madre adoptiva de Lug, ella es la personificaci\u00f3n de la isla.<\/p>\n<p><\/p>\n<p class=\"has-text-align-justify\">Nuevos invasores llegan a Irlanda, son los Tuatha D\u00e9 Danann, el pueblo de la diosa Dana, una raza de dioses. Una guerra despiadada los enfrentar\u00e1 entre s\u00ed, el rey Nuada de los Tuatha perder\u00e1 un brazo que lo descalificar\u00e1 para el ejercicio de la soberan\u00eda. Los Fir Bolg rechazan una tregua, por lo que los druidas del campamento enemigo usar\u00e1n su magia y esconder\u00e1n los manantiales y r\u00edos. El rey Eochaid perdi\u00f3 la vida durante esta &quot;Primera batalla de Mag Tuireadh&quot;, as\u00ed como 100.000 de sus s\u00fabditos. Los Fir Bolg son derrotados y deben huir mientras los Tuatha D\u00e9 Danann toman posesi\u00f3n de Irlanda.<\/p>\n<p><\/p>\n<hr class=\"wp-block-separator\" \/>\n<p><\/p>\n<p class=\"has-text-align-justify\">Los Fomoires (o Fomores, Fomorii) son seres inhumanos y malvados. Seg\u00fan el Lebor Gab\u00e1la \u00c9renn (Libro de las Conquistas de Irlanda), los Fomoires desembarcaron en Irlanda despu\u00e9s del Diluvio, a veces se les llama &quot;Gigantes del Mar&quot;. De hecho, est\u00e1n presentes a lo largo de la historia m\u00edtica de Irlanda.<\/p>\n<p><\/p>\n<p class=\"has-text-align-justify\">Innumerables, se los describe como extremadamente horribles, con un solo ojo en medio de la cara, un solo brazo, una sola pierna y cabeza de animal (cabra, caballo o toro). Inhumanos y demon\u00edacos, est\u00e1n dotados de poderes m\u00e1gicos y representan el caos y la destrucci\u00f3n. Enemigos de todo y de todos, luchar\u00e1n contra los sucesivos pueblos de Irlanda: partholonianos, nemediens, fir bolg y tuatha d\u00e9 danann.<\/p>\n<p><\/p>\n<p class=\"has-text-align-justify\">Todos los dioses tienen una relaci\u00f3n de parentesco con ellos, lo que demuestra su arraigo en la isla. El Fomoire Bres ser\u00e1 incluso temporalmente el rey de los Tuatha D\u00e9 Danann, tras la ca\u00edda de Nuada. El folclore los compara con los invasores escandinavos.<\/p>\n<p><\/p>\n<hr class=\"wp-block-separator\" \/>\n<p><\/p>\n<p class=\"has-text-align-justify\">Fuamnach, en la mitolog\u00eda celta irlandesa, es la esposa leg\u00edtima de Midir, el dios soberano del Otro Mundo (ver art\u00edculo Sidh) de los Tuatha D\u00e9 Danann. Diosa, sin embargo no es soberana, pero es una maga experta, siendo su padre el druida Bresal Etarlam.<\/p>\n<p><\/p>\n<p class=\"has-text-align-justify\">Midir decide encontrarse con la diosa Etain, cuya belleza le ha sido alabada (seg\u00fan algunas versiones, fue en reparaci\u00f3n de una herida de Oengus que reclam\u00f3 a la muchacha m\u00e1s bella de Irlanda). \u00c9l se enamora de ella en el acto y la convierte en su amante, lo que provoca unos celos extremos en Fuamnach. Ella perseguir\u00e1 al intruso usando los hechizos m\u00e1s poderosos de su magia, pero no tiene el poder para matarlo.<\/p>\n<p class=\"has-text-align-justify\">Lo transforma en un charco de agua toc\u00e1ndolo con una rama de serbal y luego en una mosca que un viento dru\u00eddico transporta por el aire durante siete a\u00f1os. Se convierte en una peque\u00f1a lombriz de tierra y cae en una taza. De esta forma, la esposa del rey del Ulster, Etar, la traga y luego la \u201cda a luz\u201d. As\u00ed es como ella puede renacer. Fuamnach no puede recuperar a Midir quien, cansado de estas aventuras, la hace asesinar.<\/p>\n<p><\/p>\t\t\t\t\t\t\t\t<\/div>\n\t\t\t\t<\/div>\n\t\t\t\t\t<\/div>\n\t\t<\/div>\n\t\t\t\t\t<\/div>\n\t\t<\/section>\n\t\t\t\t<\/div>","protected":false},"excerpt":{"rendered":"<p>Wiki de mitolog\u00eda celta Aqu\u00ed hay un glosario de la mitolog\u00eda celta: Failimis, Fand, Ferdiad, Fergus Mac Roeg, Fingen, Finn Mac... <\/p>","protected":false},"author":1,"featured_media":0,"parent":295,"menu_order":0,"comment_status":"closed","ping_status":"closed","template":"","meta":{"footnotes":""},"class_list":["post-332","page","type-page","status-publish","hentry"],"amp_enabled":true,"_links":{"self":[{"href":"https:\/\/mythslegendes.com\/es\/wp-json\/wp\/v2\/pages\/332","targetHints":{"allow":["GET"]}}],"collection":[{"href":"https:\/\/mythslegendes.com\/es\/wp-json\/wp\/v2\/pages"}],"about":[{"href":"https:\/\/mythslegendes.com\/es\/wp-json\/wp\/v2\/types\/page"}],"author":[{"embeddable":true,"href":"https:\/\/mythslegendes.com\/es\/wp-json\/wp\/v2\/users\/1"}],"replies":[{"embeddable":true,"href":"https:\/\/mythslegendes.com\/es\/wp-json\/wp\/v2\/comments?post=332"}],"version-history":[{"count":1,"href":"https:\/\/mythslegendes.com\/es\/wp-json\/wp\/v2\/pages\/332\/revisions"}],"predecessor-version":[{"id":24497,"href":"https:\/\/mythslegendes.com\/es\/wp-json\/wp\/v2\/pages\/332\/revisions\/24497"}],"up":[{"embeddable":true,"href":"https:\/\/mythslegendes.com\/es\/wp-json\/wp\/v2\/pages\/295"}],"wp:attachment":[{"href":"https:\/\/mythslegendes.com\/es\/wp-json\/wp\/v2\/media?parent=332"}],"curies":[{"name":"wp","href":"https:\/\/api.w.org\/{rel}","templated":true}]}}