{"id":3333,"date":"2020-07-25T15:01:57","date_gmt":"2020-07-25T14:01:57","guid":{"rendered":"https:\/\/mythslegendes.com\/?page_id=3333"},"modified":"2020-07-25T15:01:57","modified_gmt":"2020-07-25T14:01:57","slug":"deganawida","status":"publish","type":"page","link":"https:\/\/mythslegendes.com\/es\/confederacion-mitologia-iroquesa\/deganawida\/","title":{"rendered":"Deganawida"},"content":{"rendered":"<p>Seg\u00fan la tradici\u00f3n, hace mucho tiempo uno de los esp\u00edritus del mundo celestial descendi\u00f3 y observ\u00f3 la tierra; lo encontr\u00f3 hermoso y decidi\u00f3 crear personas para vivir all\u00ed. Antes de regresar, los reuni\u00f3, les dio nombres y dijo: <em>\u201cPara los Mohawks, les doy ma\u00edz; a los Oneidas les doy nueces y frutos de muchos \u00e1rboles; para las trabajadoras senecas, frijoles; para Cayugas, las ra\u00edces de las plantas que comen; para Onondagas sabios y elocuentes, doy uvas y calabazas para comer y tabaco para fumar en las fogatas.<\/em> Luego, envuelto en una nube de luz, se movi\u00f3 como una flecha r\u00e1pida hacia el Sol, para encontrarse con los esp\u00edritus fraternos del Cielo.<\/p>\n\n\n\n<p>Eran el mismo grupo cultural que se dividi\u00f3 cuando emigraron del valle del r\u00edo San Lorenzo a Nueva York para escapar del asedio algonquino. La fecha de la migraci\u00f3n es incierta; cuando el franc\u00e9s Jacques Cartier (1491-1557) explor\u00f3 el r\u00edo San Lorenzo en 1534, hab\u00eda al menos once pueblos iroqueses entre Stadacona (Qu\u00e9bec) y Hochelaga (Montreal), cuando los franceses regresaron en 1603, los iroqueses hab\u00edan desaparecido y en su lugar son los <a href=\"https:\/\/mythslegendes.com\/es\/innu-mitologia\/\">Montagnais<\/a> y los <a href=\"https:\/\/mythslegendes.com\/es\/mitologia-anichinabianos\/\">Algonquines<\/a>.<\/p>\n\n\n\n<p>La fecha de fundaci\u00f3n de la Confederaci\u00f3n. <a href=\"https:\/\/mythslegendes.com\/es\/mythes-et-legendes-iroquois-2144\/\">iroqueses<\/a> Es igualmente confuso: algunas estimaciones lo sit\u00faan alrededor del a\u00f1o 900 d.C., pero el consenso general es que ocurri\u00f3 unas d\u00e9cadas antes del contacto europeo. Las Cinco Naciones permanecieron en constante beligerancia, y cuando estaban en peligro de autodestrucci\u00f3n apareci\u00f3 Deganawida, <em>&quot;El gran pacificador&quot;<\/em>, quien con la ayuda de Hiawatha convenci\u00f3 a las tribus <a href=\"https:\/\/mythslegendes.com\/es\/mythes-et-legendes-iroquois-2144\/\">iroqueses<\/a> para detener su lucha y formar una Liga.<\/p>\n\n\n\n<p>Durante el Consejo convocado, Deganawida dijo: \u201c\u00a0<em> Debes actuar para servir a los dem\u00e1s y estar en armon\u00eda unos con otros. Enterra tus diferencias bajo los altos abetos y, a su sombra, nunca volver\u00e1s a caminar con miedo, pero vivir\u00e1n juntos en paz y tranquilidad.<\/em>. Se hizo el silencio, luego los representantes de los Mohawks y S\u00e9neca, sentados al este del fuego, y los Oneidas y Cayugas, sentados al oeste, asintieron, y finalmente lo hicieron los Onondagas, incluido Tadodaho. Entonces el profeta continu\u00f3: <em>&quot;Yo, Deganawida y los Se\u00f1ores Confederados, arrancaremos el \u00e1rbol m\u00e1s grande, y en las profundidades de la tierra, en las corrientes del inframundo que fluyen hacia regiones desconocidas, arrojaremos todas las armas de guerra, luego replantaremos eso. &quot;<\/em><\/p>\n\n\n\n<p>Imaginaron la Confederaci\u00f3n como una gran casa comunal de cinco compartimentos donde cada naci\u00f3n tendr\u00eda su propio fuego, soberan\u00eda compartida en la Confederaci\u00f3n Haudenosaunee y responsabilidad de proteger la paz, la naturaleza y las generaciones futuras. En el centro - <a href=\"https:\/\/mythslegendes.com\/es\/confederacion-mitologia-iroquesa\/\">Onondaga<\/a> \u2013 se plant\u00f3 el Gran \u00c1rbol de la Paz, sus ramas representaban las casas de las naciones confederadas y sus ra\u00edces se extend\u00edan hasta los cuatro puntos cardinales, invitando a otros pueblos a refugiarse all\u00ed, como fue el caso de los <a href=\"https:\/\/mythslegendes.com\/es\/confederacion-mitologia-iroquesa\/\">Tuscarora<\/a> en 1722.<\/p>\n\n\n\n<p>La formaci\u00f3n de la Liga puso fin a los conflictos entre sus miembros, el per\u00edodo de paz, unidad pol\u00edtica y militar, fue un per\u00edodo de gran prosperidad aunque no estuvo exento de conflictos con otras tribus. La Confederaci\u00f3n iroquesa es quiz\u00e1s el ejemplo m\u00e1s antiguo de la unificaci\u00f3n de naciones bajo una forma de gobierno y espiritualidad (los iroqueses no hacen distinci\u00f3n entre pol\u00edtica y espiritualidad).<\/p>\n\n\n\n<figure class=\"wp-block-image\"><img decoding=\"async\" src=\"https:\/\/img.over-blog-kiwi.com\/0\/56\/62\/66\/20181229\/ob_32ba1e_lyons-arbol.jpg\" alt=\"\" title=\"\"><\/figure>\n\n\n\n<p><strong><em>\u201cEl \u00e1rbol iroqu\u00e9s de la paz\u201d. Oren Lyons1, 1970<\/em><\/strong><\/p>\n\n\n\n<p><em>La Gran Ley de la Paz proclamada por Deganawida estableci\u00f3 la Confederaci\u00f3n Iroquesa y los principios de cooperaci\u00f3n entre las cinco naciones.<\/em><\/p>\n\n\n\n<p><em>La ley y la autoridad religiosa est\u00e1n unidas, y esto est\u00e1 simbolizado por el abeto que crece en la espada de la Abuela Tortuga (Tierra). Los animales agrupados alrededor del \u00e1rbol representan los principales clanes maternos: garza, \u00e1guila, castor, lobo, oso, tortuga, venado, agachadiza y halc\u00f3n.<\/em><\/p>\n\n\n\n<p><em>Sus cuatro ra\u00edces se extienden hasta los cuatro puntos cardinales, el \u00e1rbol atrae a las personas a su base.<\/em><\/p>","protected":false},"excerpt":{"rendered":"<p>Selon la tradition, il y a longtemps, un des esprits du monde c\u00e9leste est descendu et a observ\u00e9 la terre &hellip; <\/p>","protected":false},"author":1,"featured_media":0,"parent":3327,"menu_order":0,"comment_status":"closed","ping_status":"closed","template":"","meta":{"footnotes":""},"class_list":["post-3333","page","type-page","status-publish","hentry"],"amp_enabled":true,"_links":{"self":[{"href":"https:\/\/mythslegendes.com\/es\/wp-json\/wp\/v2\/pages\/3333","targetHints":{"allow":["GET"]}}],"collection":[{"href":"https:\/\/mythslegendes.com\/es\/wp-json\/wp\/v2\/pages"}],"about":[{"href":"https:\/\/mythslegendes.com\/es\/wp-json\/wp\/v2\/types\/page"}],"author":[{"embeddable":true,"href":"https:\/\/mythslegendes.com\/es\/wp-json\/wp\/v2\/users\/1"}],"replies":[{"embeddable":true,"href":"https:\/\/mythslegendes.com\/es\/wp-json\/wp\/v2\/comments?post=3333"}],"version-history":[{"count":0,"href":"https:\/\/mythslegendes.com\/es\/wp-json\/wp\/v2\/pages\/3333\/revisions"}],"up":[{"embeddable":true,"href":"https:\/\/mythslegendes.com\/es\/wp-json\/wp\/v2\/pages\/3327"}],"wp:attachment":[{"href":"https:\/\/mythslegendes.com\/es\/wp-json\/wp\/v2\/media?parent=3333"}],"curies":[{"name":"wp","href":"https:\/\/api.w.org\/{rel}","templated":true}]}}