{"id":3336,"date":"2020-07-25T15:04:45","date_gmt":"2020-07-25T14:04:45","guid":{"rendered":"https:\/\/mythslegendes.com\/?page_id=3336"},"modified":"2020-07-25T15:04:45","modified_gmt":"2020-07-25T14:04:45","slug":"ganonhsees","status":"publish","type":"page","link":"https:\/\/mythslegendes.com\/es\/confederacion-mitologia-iroquesa\/ganonhsees\/","title":{"rendered":"Ganonh&#039;sees"},"content":{"rendered":"<p>los pueblos <a href=\"https:\/\/mythslegendes.com\/es\/mythes-et-legendes-iroquois-2144\/\">iroqueses<\/a> estaban formadas por tiendas cubiertas de corteza con una base de 20 x 6 m. y una altura de 6 m. fueron llamados <em>ganonh&#039;sees<\/em>, D\u00f3nde <em>&quot; casa comunal &quot;<\/em>, en el que se alojaban varias familias. La casa com\u00fan se dividi\u00f3 en compartimentos familiares de unos tres metros a cada lado del corredor; para cada una de las dos familias se utiliz\u00f3 un fuego que se encendi\u00f3 dentro de la casa. En el techo hab\u00eda chimeneas para que el humo saliera y alumbrara el interior; los agujeros podr\u00edan cerrarse con tejas de corteza.<\/p>\n\n\n\n<p>Fueron construidos sobre una estructura de postes verticales clavados al suelo sobre una superficie rectangular. Sobre los m\u00e1stiles se colocaron palos flexibles, que se doblaban para producir el efecto de techo. Los hombres eran los responsables de la construcci\u00f3n de las casas comunales, aunque eran propiedad de las mujeres.<\/p>\n\n\n\n<p>La casa comunal era una caracter\u00edstica de los pueblos iroqueses. Cada uno de ellos constituy\u00f3 un microcosmos de toda la comunidad y se convirti\u00f3 en s\u00edmbolo de su identidad. As\u00ed es como sol\u00edan hablar de s\u00ed mismos como <em>&quot;El pueblo de las casas comunales&quot;<\/em>. A finales del siglo XVII, el ayuntamiento fue abandonado paulatinamente en favor de las viviendas unifamiliares.<\/p>\n\n\n\n<p>Viv\u00edan de la agricultura. Cultivaban ma\u00edz, frijoles y calabazas, consideradas las tres hermanas del Creador, as\u00ed como varios tipos de frutos secos, girasoles y tabaco.<\/p>","protected":false},"excerpt":{"rendered":"<p>Les villages iroquois \u00e9taient form\u00e9s de tentes recouvertes d&rsquo;\u00e9corce avec une base de 20 x 6m. et une hauteur de &hellip; <\/p>","protected":false},"author":1,"featured_media":0,"parent":3327,"menu_order":0,"comment_status":"closed","ping_status":"closed","template":"","meta":{"footnotes":""},"class_list":["post-3336","page","type-page","status-publish","hentry"],"amp_enabled":true,"_links":{"self":[{"href":"https:\/\/mythslegendes.com\/es\/wp-json\/wp\/v2\/pages\/3336","targetHints":{"allow":["GET"]}}],"collection":[{"href":"https:\/\/mythslegendes.com\/es\/wp-json\/wp\/v2\/pages"}],"about":[{"href":"https:\/\/mythslegendes.com\/es\/wp-json\/wp\/v2\/types\/page"}],"author":[{"embeddable":true,"href":"https:\/\/mythslegendes.com\/es\/wp-json\/wp\/v2\/users\/1"}],"replies":[{"embeddable":true,"href":"https:\/\/mythslegendes.com\/es\/wp-json\/wp\/v2\/comments?post=3336"}],"version-history":[{"count":0,"href":"https:\/\/mythslegendes.com\/es\/wp-json\/wp\/v2\/pages\/3336\/revisions"}],"up":[{"embeddable":true,"href":"https:\/\/mythslegendes.com\/es\/wp-json\/wp\/v2\/pages\/3327"}],"wp:attachment":[{"href":"https:\/\/mythslegendes.com\/es\/wp-json\/wp\/v2\/media?parent=3336"}],"curies":[{"name":"wp","href":"https:\/\/api.w.org\/{rel}","templated":true}]}}