{"id":3344,"date":"2020-07-25T15:10:06","date_gmt":"2020-07-25T14:10:06","guid":{"rendered":"https:\/\/mythslegendes.com\/?page_id=3344"},"modified":"2020-07-25T15:10:06","modified_gmt":"2020-07-25T14:10:06","slug":"treize-lunes-de-gratitude","status":"publish","type":"page","link":"https:\/\/mythslegendes.com\/es\/confederacion-mitologia-iroquesa\/trece-lunas-de-gratitud\/","title":{"rendered":"Trece lunas de gratitud"},"content":{"rendered":"<p>El amanecer y el atardecer, el ciclo de la luna y el verano, la temporada de crecimiento y el invierno, cuando la tierra duerme, fueron utilizados por los iroqueses para medir el tiempo.<\/p>\n\n\n\n<p>Cada una de las 13 lunas llenas del a\u00f1o se celebraba de manera especial con elaborados rituales de acci\u00f3n de gracias al Gran Creador, a trav\u00e9s de la palabra, la m\u00fasica y la danza.<\/p>\n\n\n\n<p>Todo lo que tiene vida tiene integridad y hay que darle gracias antes de usarlo. As\u00ed, se agradece a los animales antes de ser comidos ya las plantas antes de ser cosechadas.<\/p>\n\n\n\n<p>La comunidad se reun\u00eda en las casas comunales, las mujeres se ubicaban en el occidente y los hombres en el oriente. Solo en ciertas ceremonias como bodas o funerales se mezclaban los g\u00e9neros.<\/p>\n\n\n\n<figure class=\"wp-block-image\"><img decoding=\"async\" src=\"https:\/\/img.over-blog-kiwi.com\/0\/56\/62\/66\/20190101\/ob_84ad8b_lyons-arbol.jpg\" alt=\"\" title=\"\"><\/figure>\n\n\n\n<p>El lomo de la tortuga es un s\u00edmbolo importante para la comunidad <a href=\"https:\/\/mythslegendes.com\/es\/mythes-et-legendes-iroquois-2144\/\">iroqueses<\/a>, encima de la Abuela Tortuga (Tierra), crece el \u00c1rbol Iroqu\u00e9s de la Paz. Las trece placas en la parte posterior representan las trece lunas llenas del ciclo de las estaciones. <a href=\"https:\/\/mythslegendes.com\/es\/mythes-et-legendes-iroquois-2144\/\">iroqueses<\/a> y mostrar la relaci\u00f3n entre la Tierra y la Luna; estas \u00e1reas se nombran de acuerdo con las pr\u00e1cticas estacionales y los eventos ambientales naturales.<\/p>\n\n\n\n<p>El seguimiento del calendario se detallar\u00e1 en art\u00edculos separados.<\/p>\n\n\n\n<figure class=\"wp-block-image\"><img decoding=\"async\" src=\"https:\/\/img.over-blog-kiwi.com\/0\/56\/62\/66\/20190101\/ob_84e983_tortuga.jpg\" alt=\"\" title=\"\"><\/figure>\n\n\n\n<p>Milieu d&rsquo;hiver &#8211; Janvier -f\u00e9vrier<\/p>\n\n\n\n<p>Az\u00facar de arce \u2013 Principios o mediados de marzo<\/p>\n\n\n\n<p>Truenos \u2013 Primavera<\/p>\n\n\n\n<p>Semailles &#8211; Mai<\/p>\n\n\n\n<p>Fraises &#8211; juin<\/p>\n\n\n\n<p>Jud\u00edas verdes \u2013 julio\/agosto<\/p>\n\n\n\n<p>Ma\u00edz verde \u2013 Agosto\/Septiembre<\/p>\n\n\n\n<p>R\u00e9colte &#8211; octobre<\/p>\n\n\n\n<p>Del cazador \u2013 oto\u00f1o<\/p>\n\n\n\n<p>Constituci\u00f3n de reservas -oto\u00f1o<\/p>\n\n\n\n<p>Gratitude &#8211; novembre<\/p>\n\n\n\n<p>Historias- Noviembre\/Diciembre<\/p>\n\n\n\n<p>Nevadas \u2013 diciembre\/enero<\/p>","protected":false},"excerpt":{"rendered":"<p>Le lever et le coucher du soleil, le cycle de la lune et de l&rsquo;\u00e9t\u00e9, la saison de croissance et &hellip; <\/p>","protected":false},"author":1,"featured_media":0,"parent":3327,"menu_order":0,"comment_status":"closed","ping_status":"closed","template":"","meta":{"footnotes":""},"class_list":["post-3344","page","type-page","status-publish","hentry"],"amp_enabled":true,"_links":{"self":[{"href":"https:\/\/mythslegendes.com\/es\/wp-json\/wp\/v2\/pages\/3344","targetHints":{"allow":["GET"]}}],"collection":[{"href":"https:\/\/mythslegendes.com\/es\/wp-json\/wp\/v2\/pages"}],"about":[{"href":"https:\/\/mythslegendes.com\/es\/wp-json\/wp\/v2\/types\/page"}],"author":[{"embeddable":true,"href":"https:\/\/mythslegendes.com\/es\/wp-json\/wp\/v2\/users\/1"}],"replies":[{"embeddable":true,"href":"https:\/\/mythslegendes.com\/es\/wp-json\/wp\/v2\/comments?post=3344"}],"version-history":[{"count":0,"href":"https:\/\/mythslegendes.com\/es\/wp-json\/wp\/v2\/pages\/3344\/revisions"}],"up":[{"embeddable":true,"href":"https:\/\/mythslegendes.com\/es\/wp-json\/wp\/v2\/pages\/3327"}],"wp:attachment":[{"href":"https:\/\/mythslegendes.com\/es\/wp-json\/wp\/v2\/media?parent=3344"}],"curies":[{"name":"wp","href":"https:\/\/api.w.org\/{rel}","templated":true}]}}