{"id":337,"date":"2020-06-12T10:54:27","date_gmt":"2020-06-12T09:54:27","guid":{"rendered":"https:\/\/mythslegendes.com\/?page_id=337"},"modified":"2022-12-03T22:06:51","modified_gmt":"2022-12-03T22:06:51","slug":"glossaire-en-g-celtique","status":"publish","type":"page","link":"https:\/\/mythslegendes.com\/es\/mitologia-celta\/glosario-en-g-celta\/","title":{"rendered":"Glosario en G (celta)"},"content":{"rendered":"<div data-elementor-type=\"wp-page\" data-elementor-id=\"337\" class=\"elementor elementor-337\">\n\t\t\t\t\t\t<section class=\"elementor-section elementor-top-section elementor-element elementor-element-90a6bec elementor-section-boxed elementor-section-height-default elementor-section-height-default\" data-id=\"90a6bec\" data-element_type=\"section\" data-e-type=\"section\">\n\t\t\t\t\t\t<div class=\"elementor-container elementor-column-gap-default\">\n\t\t\t\t\t<div class=\"elementor-column elementor-col-50 elementor-top-column elementor-element elementor-element-48b9ebe\" data-id=\"48b9ebe\" data-element_type=\"column\" data-e-type=\"column\">\n\t\t\t<div class=\"elementor-widget-wrap elementor-element-populated\">\n\t\t\t\t\t\t<div class=\"elementor-element elementor-element-408525f elementor-align-justify elementor-widget elementor-widget-button\" data-id=\"408525f\" data-element_type=\"widget\" data-e-type=\"widget\" data-widget_type=\"button.default\">\n\t\t\t\t<div class=\"elementor-widget-container\">\n\t\t\t\t\t\t\t\t\t<div class=\"elementor-button-wrapper\">\n\t\t\t\t\t<a class=\"elementor-button elementor-button-link elementor-size-sm\" href=\"https:\/\/mythslegendes.com\/es\/mitologia-celta\/\">\n\t\t\t\t\t\t<span class=\"elementor-button-content-wrapper\">\n\t\t\t\t\t\t\t\t\t<span class=\"elementor-button-text\">Mitolog\u00eda celta<\/span>\n\t\t\t\t\t<\/span>\n\t\t\t\t\t<\/a>\n\t\t\t\t<\/div>\n\t\t\t\t\t\t\t\t<\/div>\n\t\t\t\t<\/div>\n\t\t\t\t\t<\/div>\n\t\t<\/div>\n\t\t\t\t<div class=\"elementor-column elementor-col-50 elementor-top-column elementor-element elementor-element-4746466\" data-id=\"4746466\" data-element_type=\"column\" data-e-type=\"column\">\n\t\t\t<div class=\"elementor-widget-wrap elementor-element-populated\">\n\t\t\t\t\t\t<div class=\"elementor-element elementor-element-06a9333 elementor-align-justify elementor-widget elementor-widget-button\" data-id=\"06a9333\" data-element_type=\"widget\" data-e-type=\"widget\" data-widget_type=\"button.default\">\n\t\t\t\t<div class=\"elementor-widget-container\">\n\t\t\t\t\t\t\t\t\t<div class=\"elementor-button-wrapper\">\n\t\t\t\t\t<a class=\"elementor-button elementor-button-link elementor-size-sm\" href=\"https:\/\/fr.wikipedia.org\/wiki\/Mythologie_celtique\" target=\"_blank\" rel=\"noopener\">\n\t\t\t\t\t\t<span class=\"elementor-button-content-wrapper\">\n\t\t\t\t\t\t\t\t\t<span class=\"elementor-button-text\">Wiki<\/span>\n\t\t\t\t\t<\/span>\n\t\t\t\t\t<\/a>\n\t\t\t\t<\/div>\n\t\t\t\t\t\t\t\t<\/div>\n\t\t\t\t<\/div>\n\t\t\t\t\t<\/div>\n\t\t<\/div>\n\t\t\t\t\t<\/div>\n\t\t<\/section>\n\t\t\t\t<section class=\"elementor-section elementor-top-section elementor-element elementor-element-363c18af elementor-section-boxed elementor-section-height-default elementor-section-height-default\" data-id=\"363c18af\" data-element_type=\"section\" data-e-type=\"section\">\n\t\t\t\t\t\t<div class=\"elementor-container elementor-column-gap-default\">\n\t\t\t\t\t<div class=\"elementor-column elementor-col-100 elementor-top-column elementor-element elementor-element-4377850e\" data-id=\"4377850e\" data-element_type=\"column\" data-e-type=\"column\">\n\t\t\t<div class=\"elementor-widget-wrap elementor-element-populated\">\n\t\t\t\t\t\t<div class=\"elementor-element elementor-element-5e971a67 elementor-widget elementor-widget-text-editor\" data-id=\"5e971a67\" data-element_type=\"widget\" data-e-type=\"widget\" data-widget_type=\"text-editor.default\">\n\t\t\t\t<div class=\"elementor-widget-container\">\n\t\t\t\t\t\t\t\t\t\n<p>Aqu\u00ed hay un glosario de <a href=\"https:\/\/mythslegendes.com\/es\/\">mitolog\u00eda<\/a> <a href=\"https:\/\/mythslegendes.com\/es\/mythes-et-legendes-celtiques-20\/\">c\u00e9ltico<\/a> : <strong>Gargan, Gallisenae, Geis, Glam dicinn, Gofannon, Goibniu, Gradlon, Grainne, Grannos, Gwawl, Gwenwed, Gwern, Gwydyon, Gwynn ap Nudd, Gwyon Bach<\/strong><\/p>\n<p><img decoding=\"async\" class=\"alignnone wp-image-5284 size-full\" src=\"https:\/\/mythslegendes.com\/wp-content\/uploads\/2020\/09\/AlphaOmega-e1602613368367.png\" alt=\"Glosario celta\" width=\"25\" height=\"26\" title=\"\"><\/p>\n<div id=\"ez-toc-container\" class=\"ez-toc-v2_0_82_2 counter-hierarchy ez-toc-counter ez-toc-grey ez-toc-container-direction\">\n<div class=\"ez-toc-title-container\">\n<p class=\"ez-toc-title\" style=\"cursor:inherit\">Contenido<\/p>\n<span class=\"ez-toc-title-toggle\"><a href=\"#\" class=\"ez-toc-pull-right ez-toc-btn ez-toc-btn-xs ez-toc-btn-default ez-toc-toggle\" aria-label=\"Alternar tabla de contenidos\"><span class=\"ez-toc-js-icon-con\"><span class=\"\"><span class=\"eztoc-hide\" style=\"display:none;\">Palanca<\/span><span class=\"ez-toc-icon-toggle-span\"><svg style=\"fill: #999;color:#999\" xmlns=\"http:\/\/www.w3.org\/2000\/svg\" class=\"list-377408\" width=\"20px\" height=\"20px\" viewbox=\"0 0 24 24\" fill=\"none\"><path d=\"M6 6H4v2h2V6zm14 0H8v2h12V6zM4 11h2v2H4v-2zm16 0H8v2h12v-2zM4 16h2v2H4v-2zm16 0H8v2h12v-2z\" fill=\"currentColor\"><\/path><\/svg><svg style=\"fill: #999;color:#999\" class=\"arrow-unsorted-368013\" xmlns=\"http:\/\/www.w3.org\/2000\/svg\" width=\"10px\" height=\"10px\" viewbox=\"0 0 24 24\" version=\"1.2\" baseprofile=\"tiny\"><path d=\"M18.2 9.3l-6.2-6.3-6.2 6.3c-.2.2-.3.4-.3.7s.1.5.3.7c.2.2.4.3.7.3h11c.3 0 .5-.1.7-.3.2-.2.3-.5.3-.7s-.1-.5-.3-.7zM5.8 14.7l6.2 6.3 6.2-6.3c.2-.2.3-.5.3-.7s-.1-.5-.3-.7c-.2-.2-.4-.3-.7-.3h-11c-.3 0-.5.1-.7.3-.2.2-.3.5-.3.7s.1.5.3.7z\"\/><\/svg><\/span><\/span><\/span><\/a><\/span><\/div>\n<nav><ul class='ez-toc-list ez-toc-list-level-1' ><li class='ez-toc-page-1 ez-toc-heading-level-2'><a class=\"ez-toc-link ez-toc-heading-1\" href=\"https:\/\/mythslegendes.com\/es\/mitologia-celta\/glosario-en-g-celta\/#Glossaire-Celtique\" >Glosario celta<\/a><\/li><\/ul><\/nav><\/div>\n<h2><span class=\"ez-toc-section\" id=\"Glossaire-Celtique\"><\/span>Glosario celta<span class=\"ez-toc-section-end\"><\/span><\/h2>\n<p class=\"has-text-align-justify\">Gargan es el avatar del dios Lug. Su creencia se habr\u00eda mantenido tras la cristianizaci\u00f3n de los descendientes de los pueblos. <a href=\"https:\/\/mythslegendes.com\/es\/mythes-et-legendes-celtiques-20\/\">celtas<\/a>. Ser\u00eda hijo de la diosa Belisama quien, permaneciendo virgen, habr\u00eda sido fecundada por el esp\u00edritu divino del dios Bel\u00e9n.<\/p>\n\n<p class=\"has-text-align-justify\">Comedor, mujeriego, pendenciero, un poco simpl\u00f3n pero de gran coraz\u00f3n, llev\u00f3 una vida errante. En algunos de sus aspectos, recuerda al Dagda. <a href=\"https:\/\/mythslegendes.com\/es\/mitologia-irlandesa\/\">irlandesa<\/a>,<br \/>o el gigante Gargant\u00faa inmortalizado por Rabelais hijo de Gallamelle y Grandgosier.<\/p>\n\n<p class=\"has-text-align-justify\">El gigante Gargan est\u00e1 asociado por el <a href=\"https:\/\/mythslegendes.com\/es\/mitologia-gala\/\">g\u00e1lico<\/a> en la lucha contra los invasores romanos. Se habr\u00eda conservado, incluso entre las poblaciones cristianizadas, como s\u00edmbolo de resistencia. Por lo tanto, habr\u00eda prestado una mano fuerte contra los ingleses durante la Guerra de los Cien A\u00f1os.<\/p>\n\n<p class=\"has-text-align-justify\">Los monjes que se hab\u00edan propuesto cristianizar definitivamente Europa occidental lucharon contra esta supervivencia de otra \u00e9poca y la asociaron con Satan\u00e1s. Los benedictinos engalanaron as\u00ed a los paganos en la Alta Edad Media con el sobrenombre de Gargantuates, \u201clos de Gargan\u201d.<\/p>\n<hr class=\"wp-block-separator\" \/>\n<p class=\"has-text-align-justify\">En la mitolog\u00eda celta bretona, las Gallisenae (o Gallizenae) son las m\u00edticas druidas de la isla de Sein (Sena) frente a la costa de Arm\u00f3rica. La primera menci\u00f3n de su existencia se remonta a Artemidoro (125 - 27 a. C.). Seg\u00fan Pomponio Mela (ge\u00f3grafo del siglo I d. C.), son nueve y han hecho voto de virginidad. Tienen el don de la profec\u00eda, el poder de calmar los vientos y las tormentas y de tomar la forma animal que deseen.<\/p>\n<hr class=\"wp-block-separator\" \/>\n<p class=\"has-text-align-justify\">El Geis (plural: geasa) es un encantamiento m\u00e1gico pronunciado por el druida (el archivo en <a href=\"https:\/\/mythslegendes.com\/es\/mitologia-irlandesa\/\">Irlanda<\/a>). Si la palabra no tiene traducci\u00f3n literal, tiene el significado de obligaci\u00f3n y prohibici\u00f3n, la referencia al tab\u00fa no es relevante porque no es una noci\u00f3n indoeuropea. Basado en el poder de la Palabra, debe ser oral.<\/p>\n\n<p class=\"has-text-align-justify\">El geis es de origen divino, s\u00f3lo los miembros de la clase sacerdotal pueden ponerlo en pr\u00e1ctica por medio de su magia. Esta restricci\u00f3n no es necesariamente negativa, puede tener una connotaci\u00f3n positiva, pero la literatura generalmente solo reporta casos de violaci\u00f3n. Se trata esencialmente de la clase guerrera, y su representante en la persona del rey, sin que exista disputa alguna, rara vez miembros de la clase productora (artesanos, agricultores, ganaderos) y nunca los druidas o las mujeres.<\/p>\n\n<p>Este procedimiento religioso incluye tres fases a lo largo de la existencia de un hombre:<\/p>\n\n<ol class=\"wp-block-list\">\n<li>El druida pronuncia el conjuro al nacer el futuro guerrero o durante su aprendizaje militar. Es un solo geis o m\u00e1s frecuentemente varios geisa los que constituyen un conjunto de prohibiciones y obligaciones. Se refiere a todos los aspectos de la vida del individuo y si no hay violaci\u00f3n, no hay consecuencias.<\/li>\n<li>Durante su existencia el rey o el guerrero se encuentra en la obligaci\u00f3n de infringir las prohibiciones que le conciernen, so pena de perder su honor, es el anuncio de su muerte inminente. Cabe se\u00f1alar que dos geisa contradictorias son siempre fatales.<\/li>\n<li>La violaci\u00f3n de la prescripci\u00f3n provoca la muerte violenta del guerrero.<\/li>\n<\/ol>\n\n<p>El encantamiento tiene fuerza de ley, tanto religiosa como social, es un medio de la clase sacerdotal para obligar a los guerreros a cumplir con sus obligaciones. Solo un druida tiene el poder de criar un geis. Esta pr\u00e1ctica no debe confundirse con el Destino (fatum) ni con el desaf\u00edo de los h\u00e9roes.<\/p>\n\n<p class=\"has-text-align-justify\">Solo se conoce un caso de geis colectivo en la historia del &quot;Cooley Raid&quot; (T\u00e1in B\u00f3 C\u00faailnge) donde a los guerreros del Ulster no se les permite hablar ante el rey y donde \u00e9ste no puede hablar ante sus druidas (ver Sualtam).<\/p>\n<hr class=\"wp-block-separator\" \/>\n<p class=\"has-text-align-justify\">El glam dicinn, en la mitolog\u00eda celta irlandesa, es una maldici\u00f3n suprema, pronunciada por un druida especializado, un archivo (ver art\u00edculo bardo). Es una forma de s\u00e1tira que instant\u00e1neamente hace que broten tres for\u00fanculos en la cara del sujeto. Estos fur\u00fanculos representan &#039;Verg\u00fcenza&#039;, &#039;Culpa&#039; y &#039;Fealdad&#039; respectivamente. La v\u00edctima queda excluida de la vida social y condenada a muerte. La s\u00e1tira tiene forma de grito y, si es perfecta, la muerte puede ser inmediata.<\/p>\n\n<p class=\"has-text-align-justify\">Uno de los ejemplos m\u00e1s conocidos es el de la infame druida Aithirne Ailgesach que averg\u00fcenza a Luaine, la prometida del rey Conchobar MacNessa, hasta la muerte porque no quiere acostarse con \u00e9l.<\/p>\n<hr class=\"wp-block-separator\" \/>\n<p class=\"has-text-align-justify\">Gofannon es un dios de la mitolog\u00eda celta galesa, es hijo de la diosa Don. Su nombre significa herrero, es el equivalente <a href=\"https:\/\/mythslegendes.com\/es\/mitologia-galesa\/\">gal\u00e9s<\/a> el dios irland\u00e9s Goibniu o el dios romano Vulcano, perteneciente a la tercera funci\u00f3n artesanal, seg\u00fan la ideolog\u00eda tripartita de los indoeuropeos definida por Georges Dum\u00e9zil (ver tambi\u00e9n Tuatha D\u00e9 Danann, Clases y funciones). Gofannon aparece en la Cuarta Rama de la <a href=\"https:\/\/mythslegendes.com\/es\/mitologia-bretona\/\">Mabinogi<\/a>, sobre la muerte de Dylan Eil Ton y en un poema de la &quot; <a href=\"https:\/\/mythslegendes.com\/es\/bibliotecas-de-libros\/\">Entregado<\/a> de Taliesin\u201d en el que se le menciona como mago.<\/p>\n\n<p class=\"has-text-align-justify\">Gofannon forja armas que son seguras y fatales para quien las recibe, y elabora una cerveza que hace inmortales a sus bebedores.<\/p>\n<hr class=\"wp-block-separator\" \/>\n<p class=\"has-text-align-justify\">Gobniu (o Goibhniu) es el dios-herrero de los Tuatha D\u00e9 Danann, pertenece a la clase artesana y por lo tanto cae bajo la tercera funci\u00f3n que es la producci\u00f3n. Jefe de los artesanos metal\u00fargicos, es responsable de la fabricaci\u00f3n de armas m\u00e1gicas para los dioses, los h\u00e9roes y los druidas. Usando su martillo m\u00e1gico, puede fabricar una espada o jabalina perfecta en tres golpes. Durante la &quot;Segunda Batalla de Mag Tured&quot; (Cath Maighe Tuireadh), fue herido por la lanza de Ruadan, hijo de Brigit y Formori Bres, pero un ba\u00f1o en la Fuente de la Salud lo cur\u00f3. Sus hermanos son Credne y Luchta.<\/p>\n\n<p class=\"has-text-align-justify\">Tambi\u00e9n es, en Sidh, es decir, el Otro Mundo celta, el cervecero y el sirviente de los dem\u00e1s dioses en la Fiesta de la Inmortalidad, el Goibnenn huido. Su equivalente gal\u00e9s es Gofannon.<\/p>\n<hr class=\"wp-block-separator\" \/>\n<p class=\"has-text-align-justify\">Gradlon, &#039;rey&#039; de Cornualles nacido en el 330 d. C., probablemente gobernador. Personaje legendario llamado Gradlon el Grande (Gradlon Meur) en <a href=\"https:\/\/mythslegendes.com\/es\/mitologia-bretona\/\">Breta\u00f1a<\/a> y Urbano en otros lugares. Hijo mayor de Conan Meriadec de su segunda esposa, Santa Darerca.<\/p>\n\n<p class=\"has-text-align-justify\">En su juventud pagana, Gradlon se enamor\u00f3 profundamente de una hermosa hada (un bansidh en la tradici\u00f3n irlandesa). Desafortunadamente, ofende a la misteriosa criatura al convertirse al cristianismo y buscar el consejo de San Gu\u00e9nol\u00e9. El hada deja a Gradlon cruzando un r\u00edo torrencial y advirti\u00e9ndole que no la siga. El valiente bret\u00f3n la persigue, sumergi\u00e9ndose en las aguas turbulentas. El hada, obligada a salvar la vida de su antiguo amante, no lo odiaba menos porque este rescate era la prueba de que su amor no estaba muerto.<\/p>\n\n<p class=\"has-text-align-justify\">Durante una cacer\u00eda, separado de su s\u00e9quito, se perdi\u00f3 en el gran bosque de Menez-Hom. Casi muerto de agotamiento y hambre, se top\u00f3 con la ermita de San Corentin (ahora Plomodiern). San Corentin tiene un pescado maravilloso, del que corta la mitad para comer todos los d\u00edas y que encuentra entero todas las ma\u00f1anas. El santo, compartiendo su comida diaria con el rey, le devolvi\u00f3 la salud. Como recompensa por su hospitalidad, Gradlon nombr\u00f3 a San Corentin el primer obispo de Cornualles.<\/p>\n\n<p class=\"has-text-align-justify\">El primer amor m\u00e1gico del rey regres\u00f3 muchos a\u00f1os despu\u00e9s para poseer el esp\u00edritu de la hija de Gradlon, Dahut, responsable de la desaparici\u00f3n de la ciudad de Ys.<\/p>\n\n<p class=\"has-text-align-justify\">Gradlon hizo Corispotium (variante: Corisopitum), luego llamada Quimper, su nueva capital, su estatua ecuestre tambi\u00e9n se puede ver entre las torres de la catedral. A la muerte de Gradlon, lo sucedi\u00f3 su hijo Salom\u00f3n I y luego su nieto Aldrien.<\/p>\n<hr class=\"wp-block-separator\" \/>\n<p class=\"has-text-align-justify\">Grainne (Grainn\u00e9 o en irland\u00e9s Gr\u00e1inne) es la hija de Cormac Mac Airt en la mitolog\u00eda celta. Es una reina infiel y amante de Diarmuid.<\/p>\n\n<p class=\"has-text-align-justify\">Viudo, el anciano rey Fionn mac Cumhail no pretende terminar sus d\u00edas solo y pide la mano de la hija del gran rey de Irlanda, Gr\u00e1inne. Esto no es del gusto de la se\u00f1ora. Para rechazarlo, ella exige una prueba dif\u00edcil: el rey debe traerle un par de cada especie animal que vive en Irlanda.<\/p>\n\n<p class=\"has-text-align-justify\">Pero eso es sin contar con las habilidades de caza del sobrino del rey. La belleza solo tiene que cumplir y casarse. Poco despu\u00e9s, con motivo de un banquete en Tara, vierte una bebida sopor\u00edfera a los invitados, a la que todos sucumben, excepto Diarmuid y Oisin, el propio hijo de Fionn. Intenta seducir a Diarmuid que se defiende. Pero cuando se da cuenta de que cuando el rey despierte, se encontrar\u00e1 solo con la reina, accede a huir con ella. Ser\u00e1 su p\u00e9rdida. Los dos j\u00f3venes se esconden durante diecis\u00e9is a\u00f1os, perseguidos por el odio y el deseo de venganza de Fionn.<\/p>\n\n<p class=\"has-text-align-justify\">Despu\u00e9s de diecis\u00e9is a\u00f1os huyendo, Cormac y Fionn aceptaron su matrimonio, pero Diarmuid fue herido de muerte por un jabal\u00ed embrujado durante una partida de caza. Fionn, que hab\u00eda presenciado la escena, se neg\u00f3 a ayudar al moribundo Diarmuid.<\/p>\n\n<p class=\"has-text-align-justify\">Gr\u00e1inne culp\u00f3 a Fionn por la muerte de su amante y jur\u00f3 vengarse a trav\u00e9s de sus cuatro hijos, pero el astuto rey la cortej\u00f3 hasta que accedi\u00f3 a casarse con \u00e9l.<\/p>\n<hr class=\"wp-block-separator\" \/>\n<p class=\"has-text-align-justify\">Grannos (latinizado en Grannus) es, en la mitolog\u00eda celta gala, un dios sol comparable a Belenos, del que quiz\u00e1s sea solo un apodo o una representaci\u00f3n. Al igual que Borvo, es un dios sanador, se le considera una equivalencia del dios. <a href=\"https:\/\/mythslegendes.com\/es\/mythes-et-legendes-grecques-1664\/\">Griego<\/a> Apolo, en el per\u00edodo galo-romano. Su consorte es Sirona. Su culto parece haber estado confinado a la regi\u00f3n de Aix-la-Chapelle (<a href=\"https:\/\/mythslegendes.com\/es\/mythes-et-legendes-germaniques-60\/\">Alemania<\/a>). La relaci\u00f3n se establece a veces con Mac Greine, apodado &quot;hijo del Sol&quot;, en la mitolog\u00eda celta irlandesa.<\/p>\n<hr class=\"wp-block-separator\" \/>\n<p class=\"has-text-align-justify\">Gwawl es, en la mitolog\u00eda celta galesa, el aguafiestas del matrimonio de Pwyll y Rhiannon. La boda del Rey Pwyll y la Diosa est\u00e1 a punto de celebrarse cuando llega un intruso, Gwawl, que pide la mano de la bella Rhiannon.<\/p>\n\n<p class=\"has-text-align-justify\">El rey Pwyll, atrapado, no puede negarse. El matrimonio de Gwawl y la Diosa est\u00e1 fijado en un a\u00f1o. Pwyll est\u00e1 decidido a recuperar su posesi\u00f3n m\u00e1s querida y reflexiona sobre su venganza. El d\u00eda de la boda, aqu\u00ed est\u00e1 disfrazado de mendigo y equipado con una bolsa m\u00e1gica dada por la Diosa. Nadie logra llenar esta bolsa con comida: es necesario que Gwawl, el nuevo rey, los pisotee con el pie para llegar all\u00ed. Apenas entra Gwawl en la bolsa, Pwyll aprieta la cuerda y su rival se encuentra atrapado. Tendr\u00e1 que devolver a Rhiannon.<\/p>\n<hr class=\"wp-block-separator\" \/>\n<p>Gwenved es el &quot;Mundo Blanco&quot; en el Neo-Druidismo.<\/p>\n\n<p class=\"has-text-align-justify\">Un c\u00edrculo de dicha y dicha, es la culminaci\u00f3n del ciclo de encarnaciones simbolizado por Abred. Tambi\u00e9n conocido como el para\u00edso del inconsciente, solo los hombres buenos pueden llegar al mundo blanco. En una filosof\u00eda din\u00e1mica como la de los druidas, parece parad\u00f3jico tener un estado congelado de \u201cbienaventuranza\u201d. La interpretaci\u00f3n parece algo te\u00f1ida de \u201cjudeocristianismo\u201d. En la cruz celta, este c\u00edrculo es el m\u00e1s peque\u00f1o (di\u00e1metro 9), en el centro de la cruz.<\/p>\n<hr class=\"wp-block-separator\" \/>\n<p>En la mitolog\u00eda celta <a href=\"https:\/\/mythslegendes.com\/es\/mitologia-galesa\/\">Gales<\/a>, Gwern aparece notablemente en \u201cThe Mabinogi of Branwen\u201d. Naci\u00f3 de la uni\u00f3n de Matholwch, Rey de Irlanda y Branwen, hija de Llyr y hermana de Bran el Bendito. Este matrimonio se hab\u00eda decidido, sin el acuerdo de Evnissyen, el medio hermano de la joven, quien nunca dejar\u00e1 de vengarse. La pareja real llega a Irlanda donde Branwen da a luz a un ni\u00f1o: Gwern. Entonces, Matholwch se cansa de su esposa, la despoja de su t\u00edtulo de reina y la hace trabajar en las cocinas del castillo. En secreto, cr\u00eda un estornino y se lo env\u00eda a su hermano, un mensaje pegado a la pata. Bran the Blessed emprende una expedici\u00f3n militar, durante la cual Evnissyen arroja al ni\u00f1o al fuego. Muri\u00f3 a la edad de tres a\u00f1os.<\/p>\n<hr class=\"wp-block-separator\" \/>\n<p class=\"has-text-align-justify\">Gwynn ap Nudd, en la mitolog\u00eda celta galesa, es uno de los gobernantes de Annwvyn, el Otro Mundo de los celtas. Es hijo de Nudd y hermano de Yder y Bebhinn. Su nombre proviene del celta vindos que significa &quot;blanco, leal, brillante&quot;. A veces se le compara con el irland\u00e9s Finn Mac Cumaill, cuyo abuelo Nuada, rey de los Tuatha D\u00e9 Danann, es el equivalente de Nudd.<\/p>\n\n<p class=\"has-text-align-justify\">Tiene un papel de psicopompo ya que una de sus funciones es la de guiar las almas de los muertos hasta el Annwvyn, acompa\u00f1ado de una jaur\u00eda de perros fant\u00e1sticos.<\/p>\n\n<p class=\"has-text-align-justify\">En el cuento art\u00farico Kulhwch y Olwen, Creiddylad, hija de Lludd Llaw Ereund, la hija m\u00e1s hermosa de todas las Britanias, huye con Gwythyr, hijo de Greidawl. Pero antes de que puedan consumar su uni\u00f3n, Gwynn secuestra a la joven. El amante levanta un ej\u00e9rcito, pero el secuestrador sale victorioso y toma prisioneros a muchos guerreros. Estos nobles son liberados solo por la intervenci\u00f3n del Rey Arturo, quien tambi\u00e9n decide que Creiddylad se quedar\u00e1 con su padre, sin que los dos pretendientes puedan acercarse a \u00e9l. Dado que esta historia, cada a\u00f1o, en las calendas de mayo, Gwynn y Gwythyr luchan por Creiddylad, durar\u00e1 hasta el Juicio Final. En este momento, el ganador de la pelea ganar\u00e1 la doncella.<\/p>\n\n<p>Gwynn ap Nudd participa en la m\u00edtica cacer\u00eda de Arthur contra el jabal\u00ed Twrch Trwyth.<\/p>\n<hr class=\"wp-block-separator\" \/>\n<p>Gwion Bach es la primera vida del bardo Taliesin.<\/p>\n\n<p class=\"has-text-align-justify\">Es el gu\u00eda de un ciego que se encarga de vigilar un caldero, en el que Keridwen prepara una mezcla de la que hay que dar tres gotas a su hijo, el espantoso Morvran (apodado Avangddu, es decir el monstruo negro), el dones de profec\u00eda y adivinaci\u00f3n. A medida que brotan las gotas m\u00e1gicas, Gwion Bach empuja al ni\u00f1o y recibe los regalos m\u00e1gicos. Para evadir la venganza de Keridwen, huye y adopta la apariencia de una liebre. Esta es la historia de las diferentes metamorfosis: un salm\u00f3n azul, un perro, un venado, un venado, un terminal, una cuerda, un hacha, etc. En la persecuci\u00f3n, Keridwen se transforma tantas veces. En un granero, se convierte en un grano de trigo, Keridwen toma la apariencia de una gallina negra, se traga el grano de trigo y da a luz a Gwion Bach. Incapaz de decidirse a matarlo, instala al ni\u00f1o en un coracle y lo abandona en el mar.<\/p>\n\n<p class=\"has-text-align-justify\">Elffin, hijo de Gwyddno Garanhir, participa en una captura milagrosa cada 1 de noviembre, pero en lugar de salm\u00f3n, solo captura un coracle. Corta los cordones de cuero y aparece una frente blanca (tal-iesin). Fue Gwion Bach quien vag\u00f3 por el mar durante 40 a\u00f1os. Este es el nacimiento de Taliesin.<\/p>\n\t\t\t\t\t\t\t\t<\/div>\n\t\t\t\t<\/div>\n\t\t\t\t\t<\/div>\n\t\t<\/div>\n\t\t\t\t\t<\/div>\n\t\t<\/section>\n\t\t\t\t<\/div>","protected":false},"excerpt":{"rendered":"<p>Wiki de mitolog\u00eda celta Aqu\u00ed hay un glosario de la mitolog\u00eda celta: Gargan, Gallisenae, Geis, Glam dicinn, Gofannon, Goibniu, Gradlon, Grainne, \u2026 <\/p>","protected":false},"author":1,"featured_media":0,"parent":295,"menu_order":0,"comment_status":"closed","ping_status":"closed","template":"","meta":{"footnotes":""},"class_list":["post-337","page","type-page","status-publish","hentry"],"amp_enabled":true,"_links":{"self":[{"href":"https:\/\/mythslegendes.com\/es\/wp-json\/wp\/v2\/pages\/337","targetHints":{"allow":["GET"]}}],"collection":[{"href":"https:\/\/mythslegendes.com\/es\/wp-json\/wp\/v2\/pages"}],"about":[{"href":"https:\/\/mythslegendes.com\/es\/wp-json\/wp\/v2\/types\/page"}],"author":[{"embeddable":true,"href":"https:\/\/mythslegendes.com\/es\/wp-json\/wp\/v2\/users\/1"}],"replies":[{"embeddable":true,"href":"https:\/\/mythslegendes.com\/es\/wp-json\/wp\/v2\/comments?post=337"}],"version-history":[{"count":1,"href":"https:\/\/mythslegendes.com\/es\/wp-json\/wp\/v2\/pages\/337\/revisions"}],"predecessor-version":[{"id":24498,"href":"https:\/\/mythslegendes.com\/es\/wp-json\/wp\/v2\/pages\/337\/revisions\/24498"}],"up":[{"embeddable":true,"href":"https:\/\/mythslegendes.com\/es\/wp-json\/wp\/v2\/pages\/295"}],"wp:attachment":[{"href":"https:\/\/mythslegendes.com\/es\/wp-json\/wp\/v2\/media?parent=337"}],"curies":[{"name":"wp","href":"https:\/\/api.w.org\/{rel}","templated":true}]}}