{"id":3382,"date":"2020-07-25T15:34:19","date_gmt":"2020-07-25T14:34:19","guid":{"rendered":"https:\/\/mythslegendes.com\/?page_id=3382"},"modified":"2021-04-25T17:07:31","modified_gmt":"2021-04-25T17:07:31","slug":"jeu-avec-des-noyaux-de-peche","status":"publish","type":"page","link":"https:\/\/mythslegendes.com\/es\/confederacion-mitologia-iroquesa\/juego-con-fosos-de-pesca\/","title":{"rendered":"Juego con huesos de durazno"},"content":{"rendered":"<div data-elementor-type=\"wp-page\" data-elementor-id=\"3382\" class=\"elementor elementor-3382\">\n\t\t\t\t\t\t<section class=\"elementor-section elementor-top-section elementor-element elementor-element-962dd36 elementor-section-boxed elementor-section-height-default elementor-section-height-default\" data-id=\"962dd36\" data-element_type=\"section\" data-e-type=\"section\">\n\t\t\t\t\t\t<div class=\"elementor-container elementor-column-gap-default\">\n\t\t\t\t\t<div class=\"elementor-column elementor-col-50 elementor-top-column elementor-element elementor-element-a920b60\" data-id=\"a920b60\" data-element_type=\"column\" data-e-type=\"column\">\n\t\t\t<div class=\"elementor-widget-wrap elementor-element-populated\">\n\t\t\t\t\t\t<div class=\"elementor-element elementor-element-4b445c6 elementor-align-justify elementor-widget elementor-widget-button\" data-id=\"4b445c6\" data-element_type=\"widget\" data-e-type=\"widget\" data-widget_type=\"button.default\">\n\t\t\t\t<div class=\"elementor-widget-container\">\n\t\t\t\t\t\t\t\t\t<div class=\"elementor-button-wrapper\">\n\t\t\t\t\t<a class=\"elementor-button elementor-button-link elementor-size-sm\" href=\"https:\/\/mythslegendes.com\/es\/confederacion-mitologia-iroquesa\/\">\n\t\t\t\t\t\t<span class=\"elementor-button-content-wrapper\">\n\t\t\t\t\t\t\t\t\t<span class=\"elementor-button-text\">Mitolog\u00eda iroquesa<\/span>\n\t\t\t\t\t<\/span>\n\t\t\t\t\t<\/a>\n\t\t\t\t<\/div>\n\t\t\t\t\t\t\t\t<\/div>\n\t\t\t\t<\/div>\n\t\t\t\t\t<\/div>\n\t\t<\/div>\n\t\t\t\t<div class=\"elementor-column elementor-col-50 elementor-top-column elementor-element elementor-element-ec4ee5f\" data-id=\"ec4ee5f\" data-element_type=\"column\" data-e-type=\"column\">\n\t\t\t<div class=\"elementor-widget-wrap elementor-element-populated\">\n\t\t\t\t\t\t<div class=\"elementor-element elementor-element-fbe370c elementor-align-justify elementor-widget elementor-widget-button\" data-id=\"fbe370c\" data-element_type=\"widget\" data-e-type=\"widget\" data-widget_type=\"button.default\">\n\t\t\t\t<div class=\"elementor-widget-container\">\n\t\t\t\t\t\t\t\t\t<div class=\"elementor-button-wrapper\">\n\t\t\t\t\t<a class=\"elementor-button elementor-button-link elementor-size-sm\" href=\"https:\/\/fr.wikipedia.org\/wiki\/Iroquois\" target=\"_blank\" rel=\"noopener\">\n\t\t\t\t\t\t<span class=\"elementor-button-content-wrapper\">\n\t\t\t\t\t\t\t\t\t<span class=\"elementor-button-text\">Wiki<\/span>\n\t\t\t\t\t<\/span>\n\t\t\t\t\t<\/a>\n\t\t\t\t<\/div>\n\t\t\t\t\t\t\t\t<\/div>\n\t\t\t\t<\/div>\n\t\t\t\t\t<\/div>\n\t\t<\/div>\n\t\t\t\t\t<\/div>\n\t\t<\/section>\n\t\t\t\t<section class=\"elementor-section elementor-top-section elementor-element elementor-element-30369e63 elementor-section-boxed elementor-section-height-default elementor-section-height-default\" data-id=\"30369e63\" data-element_type=\"section\" data-e-type=\"section\">\n\t\t\t\t\t\t<div class=\"elementor-container elementor-column-gap-default\">\n\t\t\t\t\t<div class=\"elementor-column elementor-col-100 elementor-top-column elementor-element elementor-element-1ad54014\" data-id=\"1ad54014\" data-element_type=\"column\" data-e-type=\"column\">\n\t\t\t<div class=\"elementor-widget-wrap elementor-element-populated\">\n\t\t\t\t\t\t<div class=\"elementor-element elementor-element-70367715 elementor-widget elementor-widget-text-editor\" data-id=\"70367715\" data-element_type=\"widget\" data-e-type=\"widget\" data-widget_type=\"text-editor.default\">\n\t\t\t\t<div class=\"elementor-widget-container\">\n\t\t\t\t\t\t\t\t\t\n<p>Este juego con huesos de durazno se juega a mediados de invierno, durante las ceremonias de siembra y cosecha. Es una diversi\u00f3n dedicada al Creador y una forma de tomar decisiones para el pueblo.<br \/>Los jugadores en dos equipos (uno a cada lado del ayuntamiento) se turnan para sacudir un cuenco de madera de fondo plano que contiene huesos de melocot\u00f3n y luego lo vac\u00edan en el suelo o en una plataforma.<\/p>\n\n<p>Durante la ceremonia de mediados de invierno, cada uno de los dos equipos est\u00e1 formado por clanes (oso, lobo, tortuga, etc.) que se enfrentan. Durante la ceremonia de plantaci\u00f3n, los hombres juegan contra las mujeres, y el equipo ganador no tendr\u00e1 que plantar esa temporada.<\/p>\n\n<p>El juego est\u00e1 inspirado en la historia de la creaci\u00f3n. <a href=\"https:\/\/mythslegendes.com\/es\/mythes-et-legendes-iroquois-2144\/\">iroqueses<\/a>, recrea la lucha por el dominio de los primeros hombres sobre la tierra entre los gemelos <em>&quot;Nuevo crecimiento&quot;<\/em> y &quot;\u00a0<em>Pedernal<\/em>\u201c, siendo uno de ellos bueno y el otro malo. Es un juego de azar considerado sagrado, jugado s\u00f3lo en honor del Creador. El mensaje que se les env\u00eda es de agradecimiento por lo que tienen y disposici\u00f3n para compartir.<\/p>\n\n<figure class=\"wp-block-image\"><img decoding=\"async\" class=\"alignnone\" src=\"https:\/\/img.over-blog-kiwi.com\/0\/56\/62\/66\/20190114\/ob_f78571_cuenco.png\" alt=\"juego con huesos de durazno iroqueses\" width=\"100\" height=\"64\" title=\"\"><\/figure>\n\n<p>\u00a0<em>En el cuenco hay seis huesos de melocot\u00f3n que est\u00e1n ennegrecidos por un lado.<\/em><\/p>\n\n<div id=\"ez-toc-container\" class=\"ez-toc-v2_0_82_2 counter-hierarchy ez-toc-counter ez-toc-grey ez-toc-container-direction\">\n<div class=\"ez-toc-title-container\">\n<p class=\"ez-toc-title\" style=\"cursor:inherit\">Contenido<\/p>\n<span class=\"ez-toc-title-toggle\"><a href=\"#\" class=\"ez-toc-pull-right ez-toc-btn ez-toc-btn-xs ez-toc-btn-default ez-toc-toggle\" aria-label=\"Alternar tabla de contenidos\"><span class=\"ez-toc-js-icon-con\"><span class=\"\"><span class=\"eztoc-hide\" style=\"display:none;\">Palanca<\/span><span class=\"ez-toc-icon-toggle-span\"><svg style=\"fill: #999;color:#999\" xmlns=\"http:\/\/www.w3.org\/2000\/svg\" class=\"list-377408\" width=\"20px\" height=\"20px\" viewbox=\"0 0 24 24\" fill=\"none\"><path d=\"M6 6H4v2h2V6zm14 0H8v2h12V6zM4 11h2v2H4v-2zm16 0H8v2h12v-2zM4 16h2v2H4v-2zm16 0H8v2h12v-2z\" fill=\"currentColor\"><\/path><\/svg><svg style=\"fill: #999;color:#999\" class=\"arrow-unsorted-368013\" xmlns=\"http:\/\/www.w3.org\/2000\/svg\" width=\"10px\" height=\"10px\" viewbox=\"0 0 24 24\" version=\"1.2\" baseprofile=\"tiny\"><path d=\"M18.2 9.3l-6.2-6.3-6.2 6.3c-.2.2-.3.4-.3.7s.1.5.3.7c.2.2.4.3.7.3h11c.3 0 .5-.1.7-.3.2-.2.3-.5.3-.7s-.1-.5-.3-.7zM5.8 14.7l6.2 6.3 6.2-6.3c.2-.2.3-.5.3-.7s-.1-.5-.3-.7c-.2-.2-.4-.3-.7-.3h-11c-.3 0-.5.1-.7.3-.2.2-.3.5-.3.7s.1.5.3.7z\"\/><\/svg><\/span><\/span><\/span><\/a><\/span><\/div>\n<nav><ul class='ez-toc-list ez-toc-list-level-1' ><li class='ez-toc-page-1 ez-toc-heading-level-2'><a class=\"ez-toc-link ez-toc-heading-1\" href=\"https:\/\/mythslegendes.com\/es\/confederacion-mitologia-iroquesa\/juego-con-fosos-de-pesca\/#Le-jeu-avec-des-noyaux-de-peche\" >El juego con huesos de melocot\u00f3n<\/a><\/li><\/ul><\/nav><\/div>\n<h2><span class=\"ez-toc-section\" id=\"Le-jeu-avec-des-noyaux-de-peche\"><\/span><strong>El juego con huesos de melocot\u00f3n<br \/><\/strong><span class=\"ez-toc-section-end\"><\/span><\/h2>\n\n<p>Entre los jugadores se colocan las 100 jud\u00edas que se disputar\u00e1n. Cada jugador comienza tomando 5 de ellos y continuar\u00e1 tomando turnos hasta que termine. No hay l\u00edmite en el n\u00famero de jugadores por equipo, que siempre ser\u00e1 de dos.<\/p>\n\n<p>Los 5 granos m\u00e1s un grano adicional perteneciente al Creador se colocan en el bol y es el que determina el resultado del juego, el participante agita el bol y arroja su contenido sobre una superficie plana. Los resultados pueden ser:<\/p>\n\n<figure class=\"wp-block-table\">\n<table>\n<tbody>\n<tr>\n<td>5 granos del mismo color<\/td>\n<td>obtienes un grano de tu oponente<\/td>\n<\/tr>\n<tr>\n<td>6 granos del mismo color<\/td>\n<td>ganas 5 granos de tu oponente<\/td>\n<\/tr>\n<tr>\n<td>4 granos del mismo color o menos<\/td>\n<td>perdemos el turno<\/td>\n<\/tr>\n<\/tbody>\n<\/table>\n<\/figure>\n\n<p>El jugador mantiene su turno mientras obtenga granos de su oponente, este en caso de p\u00e9rdida de los cinco granos dejar\u00e1 su lugar a otro de su equipo que comenzar\u00e1 con otros cinco granos. Comienza una nueva ronda y as\u00ed sucesivamente, cuando un equipo tenga menos de 5 granos, continuar\u00e1 con lo que le quede hasta que todos los granos pasen a un equipo, que ser\u00e1 el ganador.<br \/>Cada equipo tiene un recipiente para colocar los granos que le han ganado al otro equipo, lo mantendr\u00e1n escondido para que nadie pueda ver los granos que hay dentro. Una vez tomados todos los granos iniciales, se utilizar\u00e1n para continuar en la competencia.<\/p>\n\t\t\t\t\t\t\t\t<\/div>\n\t\t\t\t<\/div>\n\t\t\t\t\t<\/div>\n\t\t<\/div>\n\t\t\t\t\t<\/div>\n\t\t<\/section>\n\t\t\t\t<\/div>","protected":false},"excerpt":{"rendered":"<p>Wiki Mitolog\u00eda Iroquesa Este juego con huesos de melocot\u00f3n se juega durante la mitad del invierno, la siembra y \u2026 <\/p>","protected":false},"author":1,"featured_media":0,"parent":3327,"menu_order":0,"comment_status":"closed","ping_status":"closed","template":"","meta":{"footnotes":""},"class_list":["post-3382","page","type-page","status-publish","hentry"],"amp_enabled":true,"_links":{"self":[{"href":"https:\/\/mythslegendes.com\/es\/wp-json\/wp\/v2\/pages\/3382","targetHints":{"allow":["GET"]}}],"collection":[{"href":"https:\/\/mythslegendes.com\/es\/wp-json\/wp\/v2\/pages"}],"about":[{"href":"https:\/\/mythslegendes.com\/es\/wp-json\/wp\/v2\/types\/page"}],"author":[{"embeddable":true,"href":"https:\/\/mythslegendes.com\/es\/wp-json\/wp\/v2\/users\/1"}],"replies":[{"embeddable":true,"href":"https:\/\/mythslegendes.com\/es\/wp-json\/wp\/v2\/comments?post=3382"}],"version-history":[{"count":0,"href":"https:\/\/mythslegendes.com\/es\/wp-json\/wp\/v2\/pages\/3382\/revisions"}],"up":[{"embeddable":true,"href":"https:\/\/mythslegendes.com\/es\/wp-json\/wp\/v2\/pages\/3327"}],"wp:attachment":[{"href":"https:\/\/mythslegendes.com\/es\/wp-json\/wp\/v2\/media?parent=3382"}],"curies":[{"name":"wp","href":"https:\/\/api.w.org\/{rel}","templated":true}]}}