{"id":341,"date":"2020-06-12T10:59:15","date_gmt":"2020-06-12T09:59:15","guid":{"rendered":"https:\/\/mythslegendes.com\/?page_id=341"},"modified":"2022-12-03T22:06:51","modified_gmt":"2022-12-03T22:06:51","slug":"glossaire-en-h-i-k-celtique","status":"publish","type":"page","link":"https:\/\/mythslegendes.com\/es\/mitologia-celta\/glosario-celta-hik\/","title":{"rendered":"Glosario en HIK (celta)"},"content":{"rendered":"<div data-elementor-type=\"wp-page\" data-elementor-id=\"341\" class=\"elementor elementor-341\">\n\t\t\t\t\t\t<section class=\"elementor-section elementor-top-section elementor-element elementor-element-8baf61c elementor-section-boxed elementor-section-height-default elementor-section-height-default\" data-id=\"8baf61c\" data-element_type=\"section\" data-e-type=\"section\">\n\t\t\t\t\t\t<div class=\"elementor-container elementor-column-gap-default\">\n\t\t\t\t\t<div class=\"elementor-column elementor-col-50 elementor-top-column elementor-element elementor-element-441ce1c\" data-id=\"441ce1c\" data-element_type=\"column\" data-e-type=\"column\">\n\t\t\t<div class=\"elementor-widget-wrap elementor-element-populated\">\n\t\t\t\t\t\t<div class=\"elementor-element elementor-element-d305f5d elementor-align-justify elementor-widget elementor-widget-button\" data-id=\"d305f5d\" data-element_type=\"widget\" data-e-type=\"widget\" data-widget_type=\"button.default\">\n\t\t\t\t<div class=\"elementor-widget-container\">\n\t\t\t\t\t\t\t\t\t<div class=\"elementor-button-wrapper\">\n\t\t\t\t\t<a class=\"elementor-button elementor-button-link elementor-size-sm\" href=\"https:\/\/mythslegendes.com\/es\/mitologia-celta\/\">\n\t\t\t\t\t\t<span class=\"elementor-button-content-wrapper\">\n\t\t\t\t\t\t\t\t\t<span class=\"elementor-button-text\">Mitolog\u00eda celta<\/span>\n\t\t\t\t\t<\/span>\n\t\t\t\t\t<\/a>\n\t\t\t\t<\/div>\n\t\t\t\t\t\t\t\t<\/div>\n\t\t\t\t<\/div>\n\t\t\t\t\t<\/div>\n\t\t<\/div>\n\t\t\t\t<div class=\"elementor-column elementor-col-50 elementor-top-column elementor-element elementor-element-b204327\" data-id=\"b204327\" data-element_type=\"column\" data-e-type=\"column\">\n\t\t\t<div class=\"elementor-widget-wrap elementor-element-populated\">\n\t\t\t\t\t\t<div class=\"elementor-element elementor-element-305bc7d elementor-align-justify elementor-widget elementor-widget-button\" data-id=\"305bc7d\" data-element_type=\"widget\" data-e-type=\"widget\" data-widget_type=\"button.default\">\n\t\t\t\t<div class=\"elementor-widget-container\">\n\t\t\t\t\t\t\t\t\t<div class=\"elementor-button-wrapper\">\n\t\t\t\t\t<a class=\"elementor-button elementor-button-link elementor-size-sm\" href=\"https:\/\/fr.wikipedia.org\/wiki\/Mythologie_celtique\" target=\"_blank\" rel=\"noopener\">\n\t\t\t\t\t\t<span class=\"elementor-button-content-wrapper\">\n\t\t\t\t\t\t\t\t\t<span class=\"elementor-button-text\">Wiki<\/span>\n\t\t\t\t\t<\/span>\n\t\t\t\t\t<\/a>\n\t\t\t\t<\/div>\n\t\t\t\t\t\t\t\t<\/div>\n\t\t\t\t<\/div>\n\t\t\t\t\t<\/div>\n\t\t<\/div>\n\t\t\t\t\t<\/div>\n\t\t<\/section>\n\t\t\t\t<section class=\"elementor-section elementor-top-section elementor-element elementor-element-52dd2767 elementor-section-boxed elementor-section-height-default elementor-section-height-default\" data-id=\"52dd2767\" data-element_type=\"section\" data-e-type=\"section\">\n\t\t\t\t\t\t<div class=\"elementor-container elementor-column-gap-default\">\n\t\t\t\t\t<div class=\"elementor-column elementor-col-100 elementor-top-column elementor-element elementor-element-1beae0df\" data-id=\"1beae0df\" data-element_type=\"column\" data-e-type=\"column\">\n\t\t\t<div class=\"elementor-widget-wrap elementor-element-populated\">\n\t\t\t\t\t\t<div class=\"elementor-element elementor-element-2d524da1 elementor-widget elementor-widget-text-editor\" data-id=\"2d524da1\" data-element_type=\"widget\" data-e-type=\"widget\" data-widget_type=\"text-editor.default\">\n\t\t\t\t<div class=\"elementor-widget-container\">\n\t\t\t\t\t\t\t\t\t\n<p>Aqu\u00ed hay un glosario de <a href=\"https:\/\/mythslegendes.com\/es\/\">mitolog\u00eda<\/a> <a href=\"https:\/\/mythslegendes.com\/es\/mythes-et-legendes-celtiques-20\/\">c\u00e9ltico<\/a> : <strong>Henwen, Herne, Imbolc (fiesta), Karedwen, Korrigan, Kulhwch, Kynon<br \/><\/strong><\/p>\n<p><img decoding=\"async\" class=\"alignnone wp-image-5284 size-full\" src=\"https:\/\/mythslegendes.com\/wp-content\/uploads\/2020\/09\/AlphaOmega-e1602613368367.png\" alt=\"Glosario celta\" width=\"25\" height=\"26\" title=\"\"><\/p>\n<div id=\"ez-toc-container\" class=\"ez-toc-v2_0_82_2 counter-hierarchy ez-toc-counter ez-toc-grey ez-toc-container-direction\">\n<div class=\"ez-toc-title-container\">\n<p class=\"ez-toc-title\" style=\"cursor:inherit\">Contenido<\/p>\n<span class=\"ez-toc-title-toggle\"><a href=\"#\" class=\"ez-toc-pull-right ez-toc-btn ez-toc-btn-xs ez-toc-btn-default ez-toc-toggle\" aria-label=\"Alternar tabla de contenidos\"><span class=\"ez-toc-js-icon-con\"><span class=\"\"><span class=\"eztoc-hide\" style=\"display:none;\">Palanca<\/span><span class=\"ez-toc-icon-toggle-span\"><svg style=\"fill: #999;color:#999\" xmlns=\"http:\/\/www.w3.org\/2000\/svg\" class=\"list-377408\" width=\"20px\" height=\"20px\" viewbox=\"0 0 24 24\" fill=\"none\"><path d=\"M6 6H4v2h2V6zm14 0H8v2h12V6zM4 11h2v2H4v-2zm16 0H8v2h12v-2zM4 16h2v2H4v-2zm16 0H8v2h12v-2z\" fill=\"currentColor\"><\/path><\/svg><svg style=\"fill: #999;color:#999\" class=\"arrow-unsorted-368013\" xmlns=\"http:\/\/www.w3.org\/2000\/svg\" width=\"10px\" height=\"10px\" viewbox=\"0 0 24 24\" version=\"1.2\" baseprofile=\"tiny\"><path d=\"M18.2 9.3l-6.2-6.3-6.2 6.3c-.2.2-.3.4-.3.7s.1.5.3.7c.2.2.4.3.7.3h11c.3 0 .5-.1.7-.3.2-.2.3-.5.3-.7s-.1-.5-.3-.7zM5.8 14.7l6.2 6.3 6.2-6.3c.2-.2.3-.5.3-.7s-.1-.5-.3-.7c-.2-.2-.4-.3-.7-.3h-11c-.3 0-.5.1-.7.3-.2.2-.3.5-.3.7s.1.5.3.7z\"\/><\/svg><\/span><\/span><\/span><\/a><\/span><\/div>\n<nav><ul class='ez-toc-list ez-toc-list-level-1' ><li class='ez-toc-page-1 ez-toc-heading-level-2'><a class=\"ez-toc-link ez-toc-heading-1\" href=\"https:\/\/mythslegendes.com\/es\/mitologia-celta\/glosario-celta-hik\/#Glossaire-Celtique\" >Glosario celta<\/a><\/li><\/ul><\/nav><\/div>\n<h2><span class=\"ez-toc-section\" id=\"Glossaire-Celtique\"><\/span>Glosario celta<span class=\"ez-toc-section-end\"><\/span><\/h2>\n<p>Henwen es el nombre de una cerda fabulosa, que el rey Arturo caza con regularidad. En la tradici\u00f3n galesa de la mitolog\u00eda celta, tambi\u00e9n se la llama Twrch Trwyth.<\/p>\n<hr class=\"wp-block-separator\" \/>\n<p class=\"has-text-align-justify\">El Herne es una especie de gigante que pertenece al folclore ingl\u00e9s, armado con un garrote y que vive de la caza. Etimol\u00f3gicamente, es un &quot;derivado&quot; de Cernunnos, el dios ciervo.<\/p>\n<hr class=\"wp-block-separator\" \/>\n<p class=\"has-text-align-justify\">El Imbas forosnai, en la mitolog\u00eda celta irlandesa, es un encantamiento m\u00e1gico reservado para los m\u00e1s altos filid (druidas) de la jerarqu\u00eda dru\u00eddica, los Ollamh. Este ritual se describe en varios textos m\u00edticos, entre ellos el Glosario de Cormac y La Razzia des vaches de Cooley (T\u00e1in B\u00f3 C\u00faailnge).<\/p>\n\n<p class=\"has-text-align-justify\">Seg\u00fan Christian-J. Guyonvarc&#039;h, la expresi\u00f3n significa &quot;gran ciencia que ilumina&quot;. La lima mastica un trozo de carne roja que luego coloca sobre una piedra como ofrenda a los dioses, luego hace un encantamiento. Al d\u00eda siguiente, tiene que repetir dos encantamientos, coloca las palmas de las manos en sus mejillas y permanece as\u00ed hasta que se duerme.<\/p>\n\n<p class=\"has-text-align-justify\">En el caso de Cooley&#039;s Cow Raid, la operaci\u00f3n s\u00f3lo se describe en la versi\u00f3n Lebor na hUidre y toma la forma de una profec\u00eda. Medb, la reina de Connaught, se prepara para invadir el Ulster cuando conoce a una mujer que dice llamarse Fedelm y de<a href=\"https:\/\/mythslegendes.com\/es\/mitologia-escocesa-2\/\">Escocia<\/a>, donde aprendi\u00f3 la \u201cciencia de la filidez\u201d. La reina, tras asegurarse de que la mujer conoce la ciencia de las iluminaciones, la interroga sobre el resultado de su aventura militar. Fedelm predijo tres veces la derrota, pero Medb se neg\u00f3 a creer la profec\u00eda.<\/p>\n\n<p>La pr\u00e1ctica de Imbas forosnai habr\u00eda sido prohibida por el propio San Patricio.<\/p>\n<hr class=\"wp-block-separator\" \/>\n<p class=\"has-text-align-justify\">El festival irland\u00e9s de Imbolc (1 de febrero, el mes de Anagantios seg\u00fan el calendario de Coligny), en la mitolog\u00eda celta, es aquel en el que las fuentes medievales son m\u00e1s d\u00e9biles. El significado del nombre es &quot;depuraci\u00f3n&quot;, por lo que se trata de una depuraci\u00f3n que tiene lugar al final del invierno, en el equinoccio. Podr\u00eda basarse en un culto relacionado con la fertilidad.<\/p>\n\n<p class=\"has-text-align-justify\">En <a href=\"https:\/\/mythslegendes.com\/es\/mitologia-irlandesa\/\">Irlanda<\/a> la celebraci\u00f3n de Santa Br\u00edgida en esta fecha nos hace creer que Imbolc tuvo lugar bajo el patrocinio de la diosa precristiana Brigit.<\/p>\n<hr class=\"wp-block-separator\" \/>\n<p class=\"has-text-align-justify\">Un Immram (plural Immrama) es un g\u00e9nero de cuentos de la mitolog\u00eda celta irlandesa que narran la estancia de un h\u00e9roe (o personaje importante) en el Otro Mundo del <a href=\"https:\/\/mythslegendes.com\/es\/mythes-et-legendes-celtiques-20\/\">Celtas<\/a>, a veces llamada T\u00edr na n\u00d3g (\u201cTierra de los j\u00f3venes\u201d) y Mag Mell (\u201cLlanura del placer\u201d). Escrito en el contexto del monaquismo. <a href=\"https:\/\/mythslegendes.com\/es\/mitologia-irlandesa\/\">irlandesa<\/a>, presentan una versi\u00f3n cristianizada de estos mitos, conservando al mismo tiempo un sustrato celta. La traducci\u00f3n habitual de esta palabra ga\u00e9lica es \u201cviaje\u201d o \u201cnavegaci\u00f3n\u201d.<\/p>\n\n<p class=\"has-text-align-justify\">Los anales medievales mencionan siete de estos immrama, tres de los cuales nos han llegado: el viaje de Mael D\u00fain, el viaje de U\u00ed Chorra y el viaje de Snedgus y Mac Riagla. Se considera que el viaje de Bran (Immram Brain maic Febail) pertenece al g\u00e9nero de Echtra, aunque contiene elementos espec\u00edficos del Immrama. La trama est\u00e1 formada por las haza\u00f1as de los h\u00e9roes en su b\u00fasqueda del Otro Mundo, generalmente ubicado en las islas al oeste de Irlanda. El prop\u00f3sito del viaje es la atracci\u00f3n de la aventura o la realizaci\u00f3n del propio destino. El regreso a Irlanda es incierto.<\/p>\n\n<p class=\"has-text-align-justify\">Este tema de los viajes fant\u00e1sticos se encuentra en otro tipo de mito, el del h\u00e9roe &quot;llamado&quot; por un bansidh para permanecer en el mundo perfecto de sidh. Estas deidades, cuya magia es m\u00e1s poderosa que la de los druidas en materia de amor, atraen a hombres valientes a este mundo perfecto y atemporal, creen que se quedan unas horas pero permanecen ah\u00ed por una eternidad, haciendo imposible volver a la mundo terrestre.<\/p>\n<hr class=\"wp-block-separator\" \/>\n<p class=\"has-text-align-justify\">La palabra korrigan (de <a href=\"https:\/\/mythslegendes.com\/es\/mitologia-bretona\/\">bret\u00f3n<\/a> korr, enano, seguido del diminutivo ig y el sufijo an, plural bret\u00f3n: Korriganed) significa &quot;peque\u00f1o enano&quot; con un sufijo hipocor\u00edstico muy com\u00fan en los nombres de persona. En femenino, a veces encontramos una forma feminizada en la forma francesa \u201ckorrigane\u201d, que puede designar a un hada malvada. Los prefijos corr (literatura galesa) y cor (antiguo <a href=\"https:\/\/mythslegendes.com\/es\/mitologia-de-cornualles\/\">de Cornualles<\/a>) ambos denotan un enano.<\/p>\n\n<p class=\"has-text-align-justify\">Los korrigans, a veces tambi\u00e9n llamados pulpos, son esp\u00edritus que adoptan la apariencia de enanos en la tradici\u00f3n celta y particularmente bretona. Benevolentes o maliciosos seg\u00fan el caso, su apariencia es variada. Por ejemplo, tienen un cabello magn\u00edfico y ojos rojos luminosos, con los que pueden hechizar a los mortales. Frecuentan manantiales y fuentes. A <a href=\"https:\/\/mythslegendes.com\/es\/\">leyenda<\/a> Breton, informado por Yann Brekilien, las describe como peque\u00f1as, negras y peludas y con sombreros planos con cintas de terciopelo, mientras que las ni\u00f1as llevaban gorras moradas. En la Edad Media se les atribu\u00edan terror los anillos de brujas que a veces se encontraban en los prados o entre la maleza. Se dice que all\u00ed forman un c\u00edrculo para bailar al anochecer. A veces proponen al mortal que los perturba desaf\u00edos que, si tienen \u00e9xito, dan derecho a un deseo (como ocurre generalmente con los hombres buenos), pero que, en caso de fracaso, pueden convertirse en trampas mortales que conducen directamente a \u00e9l. al infierno o a una prisi\u00f3n subterr\u00e1nea sin esperanza de liberaci\u00f3n. Se dice que la noche del 31 de octubre estaban operando cerca de los d\u00f3lmenes, listos para arrastrar a sus v\u00edctimas al inframundo para vengar a los muertos por las fechor\u00edas de los vivos. Esta tradici\u00f3n los vincula al no menos celta Halloween, originalmente la fiesta de Samhain; A\u00f1o Nuevo Celta, que con el paso de los siglos y las religiones se ha convertido en la celebraci\u00f3n que conocemos hoy.<\/p>\n\n<p class=\"has-text-align-justify\">A veces tambi\u00e9n simbolizan la resistencia de los <a href=\"https:\/\/mythslegendes.com\/es\/mitologia-bretona\/\">Breta\u00f1a<\/a> a la cristianizaci\u00f3n y luego se les realizan travesuras nocturnas en las inmediaciones de las iglesias, teniendo como blanco especialmente a los sacerdotes.<\/p>\n<hr class=\"wp-block-separator\" \/>\n<p class=\"has-text-align-justify\">Kulhwch, en la mitolog\u00eda celta galesa, es hijo de Kilydd y Goleuddydd, tambi\u00e9n es primo del Rey Arturo. Es el personaje principal del cuento de Kulhwch y Olwen.<\/p>\n\n<p class=\"has-text-align-justify\">Habi\u00e9ndose negado a casarse con su propia hija, la segunda esposa de su padre pronuncia una maldici\u00f3n seg\u00fan la cual solo puede casarse con Olwen, la hija del l\u00edder de los gigantes Yspaddaden. Sin embargo, este \u00faltimo es \u00e9l mismo v\u00edctima de un hechizo que le obliga a morir durante el matrimonio de su hija. Kulhwch acude al gigante para pedirle la mano a su hija, pero la recepci\u00f3n es violenta. Es recibido, con la gente de su suite, arroj\u00e1ndole piedras y lanzas envenenadas. Estas tres lanzas le son devueltas, la primera le hiere la rodilla, la segunda le atraviesa el pecho y la tercera le penetra el ojo para salir por el cuello. Finalmente, impone a Kulhwch una serie de pruebas extremadamente dif\u00edciles de lograr, al final de las cuales puede casarse con Olwen.<\/p>\n\n<p>Despu\u00e9s de prometerle al l\u00edder de los gigantes que no le har\u00e1 da\u00f1o, Kulhwch debe:<\/p>\n\n<p class=\"has-text-align-justify\">* Sembrar, arar, abonar, sembrar un campo y que el trigo se pueda cosechar al d\u00eda siguiente.<br \/>* Convence a Amaethon de que venga a arar la tierra, porque solo \u00e9l puede hacerlo.<br \/>* Convence a Gofannon de que venga a limpiar la plancha.<br \/>* Haz que Gwlwlyd Wineu le preste sus dos bueyes para arar la tierra.<br \/>* Cultivo de lino en un campo est\u00e9ril para hacer el velo de novia.<br \/>* Encuentra miel rara para hacer el hidromiel para la comida de la boda.<br \/>* Traer la tina de Llwyr para hacer hidromiel.<br \/>* Trae de vuelta el plato de Gwyddneu Garabhir para que el mundo entero pueda estar satisfecho.<br \/>* Trae el cuerno de Gwlgawt Gododdin para servir la bebida.<br \/>* P\u00eddele a Teirtu su arpa m\u00e1gica, la que hace m\u00fasica por s\u00ed sola.<br \/>* Atrapa los p\u00e1jaros de Rhiannon.<br \/>* Ve a buscar el caldero de Diwrnach el irland\u00e9s, para cocinar la comida de la cena de bodas.<br \/>* Arrancar el colmillo del jabal\u00ed vivo Yskithrwynn, para que Yspaddaden pueda afeitarse la barba; la defensa debe ser custodiada por Caw de Prydein quien, en principio, nunca abandona su reino.<br \/>* Trae sangre de la bruja Gorwen para suavizar el cabello de la barba; la sangre debe guardarse en cuencos m\u00e1gicos pertenecientes a Gwiddolwyn Gorwen.<br \/>* Traiga los cuencos Rhinnon, que mantienen fresca la leche.<br \/>* Retirar las tijeras y el peine que est\u00e1n entre las orejas del Jabal\u00ed Twrch Trwyth, para peinar el cabello de Yspaddaden. Para cazar este fant\u00e1stico jabal\u00ed, necesitas el perro Drudwyn, la correa Horn, el collar Canhastyr y la cadena Kilydd Canhastyr. El perro solo puede ser conducido por Mabon, cuyo paradero nunca se sabe.<br \/>* Re\u00fana a cazadores eminentes, incluido el Rey Arturo.<\/p>\n\t\t\t\t\t\t\t\t<\/div>\n\t\t\t\t<\/div>\n\t\t\t\t\t<\/div>\n\t\t<\/div>\n\t\t\t\t\t<\/div>\n\t\t<\/section>\n\t\t\t\t<\/div>","protected":false},"excerpt":{"rendered":"<p>Wiki de mitolog\u00eda celta Aqu\u00ed hay un glosario de la mitolog\u00eda celta: Henwen, Herne, Imbolc (fiesta), Karedwen, Korrigan, Kulhwch, Kynon Glosario... <\/p>","protected":false},"author":1,"featured_media":0,"parent":295,"menu_order":0,"comment_status":"closed","ping_status":"closed","template":"","meta":{"footnotes":""},"class_list":["post-341","page","type-page","status-publish","hentry"],"amp_enabled":true,"_links":{"self":[{"href":"https:\/\/mythslegendes.com\/es\/wp-json\/wp\/v2\/pages\/341","targetHints":{"allow":["GET"]}}],"collection":[{"href":"https:\/\/mythslegendes.com\/es\/wp-json\/wp\/v2\/pages"}],"about":[{"href":"https:\/\/mythslegendes.com\/es\/wp-json\/wp\/v2\/types\/page"}],"author":[{"embeddable":true,"href":"https:\/\/mythslegendes.com\/es\/wp-json\/wp\/v2\/users\/1"}],"replies":[{"embeddable":true,"href":"https:\/\/mythslegendes.com\/es\/wp-json\/wp\/v2\/comments?post=341"}],"version-history":[{"count":1,"href":"https:\/\/mythslegendes.com\/es\/wp-json\/wp\/v2\/pages\/341\/revisions"}],"predecessor-version":[{"id":24499,"href":"https:\/\/mythslegendes.com\/es\/wp-json\/wp\/v2\/pages\/341\/revisions\/24499"}],"up":[{"embeddable":true,"href":"https:\/\/mythslegendes.com\/es\/wp-json\/wp\/v2\/pages\/295"}],"wp:attachment":[{"href":"https:\/\/mythslegendes.com\/es\/wp-json\/wp\/v2\/media?parent=341"}],"curies":[{"name":"wp","href":"https:\/\/api.w.org\/{rel}","templated":true}]}}