{"id":345,"date":"2020-06-12T11:05:10","date_gmt":"2020-06-12T10:05:10","guid":{"rendered":"https:\/\/mythslegendes.com\/?page_id=345"},"modified":"2022-12-03T22:06:51","modified_gmt":"2022-12-03T22:06:51","slug":"glossaire-en-l-celtique","status":"publish","type":"page","link":"https:\/\/mythslegendes.com\/es\/mitologia-celta\/glosario-celta-4\/","title":{"rendered":"Glosario en L (celta)"},"content":{"rendered":"<div data-elementor-type=\"wp-page\" data-elementor-id=\"345\" class=\"elementor elementor-345\">\n\t\t\t\t\t\t<section class=\"elementor-section elementor-top-section elementor-element elementor-element-8438dc0 elementor-section-boxed elementor-section-height-default elementor-section-height-default\" data-id=\"8438dc0\" data-element_type=\"section\" data-e-type=\"section\">\n\t\t\t\t\t\t<div class=\"elementor-container elementor-column-gap-default\">\n\t\t\t\t\t<div class=\"elementor-column elementor-col-50 elementor-top-column elementor-element elementor-element-05ca8ad\" data-id=\"05ca8ad\" data-element_type=\"column\" data-e-type=\"column\">\n\t\t\t<div class=\"elementor-widget-wrap elementor-element-populated\">\n\t\t\t\t\t\t<div class=\"elementor-element elementor-element-791cc3e elementor-align-justify elementor-widget elementor-widget-button\" data-id=\"791cc3e\" data-element_type=\"widget\" data-e-type=\"widget\" data-widget_type=\"button.default\">\n\t\t\t\t<div class=\"elementor-widget-container\">\n\t\t\t\t\t\t\t\t\t<div class=\"elementor-button-wrapper\">\n\t\t\t\t\t<a class=\"elementor-button elementor-button-link elementor-size-sm\" href=\"https:\/\/mythslegendes.com\/es\/mitologia-celta\/\">\n\t\t\t\t\t\t<span class=\"elementor-button-content-wrapper\">\n\t\t\t\t\t\t\t\t\t<span class=\"elementor-button-text\">Mitolog\u00eda celta<\/span>\n\t\t\t\t\t<\/span>\n\t\t\t\t\t<\/a>\n\t\t\t\t<\/div>\n\t\t\t\t\t\t\t\t<\/div>\n\t\t\t\t<\/div>\n\t\t\t\t\t<\/div>\n\t\t<\/div>\n\t\t\t\t<div class=\"elementor-column elementor-col-50 elementor-top-column elementor-element elementor-element-83d347f\" data-id=\"83d347f\" data-element_type=\"column\" data-e-type=\"column\">\n\t\t\t<div class=\"elementor-widget-wrap elementor-element-populated\">\n\t\t\t\t\t\t<div class=\"elementor-element elementor-element-fb4987c elementor-align-justify elementor-widget elementor-widget-button\" data-id=\"fb4987c\" data-element_type=\"widget\" data-e-type=\"widget\" data-widget_type=\"button.default\">\n\t\t\t\t<div class=\"elementor-widget-container\">\n\t\t\t\t\t\t\t\t\t<div class=\"elementor-button-wrapper\">\n\t\t\t\t\t<a class=\"elementor-button elementor-button-link elementor-size-sm\" href=\"https:\/\/fr.wikipedia.org\/wiki\/Mythologie_celtique\" target=\"_blank\" rel=\"noopener\">\n\t\t\t\t\t\t<span class=\"elementor-button-content-wrapper\">\n\t\t\t\t\t\t\t\t\t<span class=\"elementor-button-text\">Wiki<\/span>\n\t\t\t\t\t<\/span>\n\t\t\t\t\t<\/a>\n\t\t\t\t<\/div>\n\t\t\t\t\t\t\t\t<\/div>\n\t\t\t\t<\/div>\n\t\t\t\t\t<\/div>\n\t\t<\/div>\n\t\t\t\t\t<\/div>\n\t\t<\/section>\n\t\t\t\t<section class=\"elementor-section elementor-top-section elementor-element elementor-element-47789ac0 elementor-section-boxed elementor-section-height-default elementor-section-height-default\" data-id=\"47789ac0\" data-element_type=\"section\" data-e-type=\"section\">\n\t\t\t\t\t\t<div class=\"elementor-container elementor-column-gap-default\">\n\t\t\t\t\t<div class=\"elementor-column elementor-col-100 elementor-top-column elementor-element elementor-element-75f89bc5\" data-id=\"75f89bc5\" data-element_type=\"column\" data-e-type=\"column\">\n\t\t\t<div class=\"elementor-widget-wrap elementor-element-populated\">\n\t\t\t\t\t\t<div class=\"elementor-element elementor-element-1847704b elementor-widget elementor-widget-text-editor\" data-id=\"1847704b\" data-element_type=\"widget\" data-e-type=\"widget\" data-widget_type=\"text-editor.default\">\n\t\t\t\t<div class=\"elementor-widget-container\">\n\t\t\t\t\t\t\t\t\t\n<p>Aqu\u00ed hay un glosario de <a href=\"https:\/\/mythslegendes.com\/es\/\">mitolog\u00eda<\/a> <a href=\"https:\/\/mythslegendes.com\/es\/mythes-et-legendes-celtiques-20\/\">c\u00e9ltico<\/a> : <strong>Labraid, Laegaire, Lebor Gab\u00e1la \u00c9renn (<a href=\"https:\/\/mythslegendes.com\/es\/bibliotecas-de-libros\/\">Entregado<\/a> de las Conquistas de Irlanda), Leborcham, Libane, Lir (Llyr), Llew Llaw Gyffes (Llew), Llud, Llwyt, Loch, Luaine, Luchta, Lug (Lugh, Lugos), Lugaid Reo nDerg, Lugnasad (partido)<\/strong><\/p>\n<p><img decoding=\"async\" class=\"alignnone wp-image-5284 size-full\" src=\"https:\/\/mythslegendes.com\/wp-content\/uploads\/2020\/09\/AlphaOmega-e1602613368367.png\" alt=\"Glosario celta\" width=\"25\" height=\"26\" title=\"\"><\/p>\n<div id=\"ez-toc-container\" class=\"ez-toc-v2_0_82_2 counter-hierarchy ez-toc-counter ez-toc-grey ez-toc-container-direction\">\n<div class=\"ez-toc-title-container\">\n<p class=\"ez-toc-title\" style=\"cursor:inherit\">Contenido<\/p>\n<span class=\"ez-toc-title-toggle\"><a href=\"#\" class=\"ez-toc-pull-right ez-toc-btn ez-toc-btn-xs ez-toc-btn-default ez-toc-toggle\" aria-label=\"Alternar tabla de contenidos\"><span class=\"ez-toc-js-icon-con\"><span class=\"\"><span class=\"eztoc-hide\" style=\"display:none;\">Palanca<\/span><span class=\"ez-toc-icon-toggle-span\"><svg style=\"fill: #999;color:#999\" xmlns=\"http:\/\/www.w3.org\/2000\/svg\" class=\"list-377408\" width=\"20px\" height=\"20px\" viewbox=\"0 0 24 24\" fill=\"none\"><path d=\"M6 6H4v2h2V6zm14 0H8v2h12V6zM4 11h2v2H4v-2zm16 0H8v2h12v-2zM4 16h2v2H4v-2zm16 0H8v2h12v-2z\" fill=\"currentColor\"><\/path><\/svg><svg style=\"fill: #999;color:#999\" class=\"arrow-unsorted-368013\" xmlns=\"http:\/\/www.w3.org\/2000\/svg\" width=\"10px\" height=\"10px\" viewbox=\"0 0 24 24\" version=\"1.2\" baseprofile=\"tiny\"><path d=\"M18.2 9.3l-6.2-6.3-6.2 6.3c-.2.2-.3.4-.3.7s.1.5.3.7c.2.2.4.3.7.3h11c.3 0 .5-.1.7-.3.2-.2.3-.5.3-.7s-.1-.5-.3-.7zM5.8 14.7l6.2 6.3 6.2-6.3c.2-.2.3-.5.3-.7s-.1-.5-.3-.7c-.2-.2-.4-.3-.7-.3h-11c-.3 0-.5.1-.7.3-.2.2-.3.5-.3.7s.1.5.3.7z\"\/><\/svg><\/span><\/span><\/span><\/a><\/span><\/div>\n<nav><ul class='ez-toc-list ez-toc-list-level-1' ><li class='ez-toc-page-1 ez-toc-heading-level-2'><a class=\"ez-toc-link ez-toc-heading-1\" href=\"https:\/\/mythslegendes.com\/es\/mitologia-celta\/glosario-celta-4\/#Glossaire-Celtique\" >Glosario celta<\/a><\/li><\/ul><\/nav><\/div>\n<h2><span class=\"ez-toc-section\" id=\"Glossaire-Celtique\"><\/span>Glosario celta<span class=\"ez-toc-section-end\"><\/span><\/h2>\n<p class=\"has-text-align-justify\">L\u00e9borcham, en la mitolog\u00eda celta irlandesa, es la sirvienta del rey del Ulster Conchobar Mac Nessa, su nombre significa &quot;Limp Long&quot;. Hija de Oa (&quot;Oreja&quot;) y Adarc (&quot;Cuerno&quot;), es tan r\u00e1pida que en un d\u00eda puede viajar por toda Irlanda e informar a su amo de todo lo que all\u00ed ocurre.<\/p>\n\n<p class=\"has-text-align-justify\">Tambi\u00e9n es famosa por su gran fealdad y su deformidad: se la describe con las rodillas y los pies boca abajo, as\u00ed como los muslos y los tobillos. Durante la m\u00edtica batalla de Dun Etair, se encuentra al lado de la druida Aithirne Ailgesach para dar la victoria a los Ulates (habitantes del Ulster).<\/p>\n<hr class=\"wp-block-separator\" \/>\n<p class=\"has-text-align-justify\">Lir, en la mitolog\u00eda celta irlandesa, es el dios del mar, que es el significado de su nombre, es un dios supremo de los Tuatha D\u00e9 Danann. Es el padre de Manannan Mac Lir, Bran el Bendito y Branwen.<\/p>\n\n<p class=\"has-text-align-justify\">En la tradici\u00f3n galesa, es Llyr, padre de Manawyddan Fab Llyr y de los mellizos Nisien y Evnissyen, fruto de la uni\u00f3n con Pernaddun. Tambi\u00e9n tiene una hija, Fionnuala, cuyo nombre de madre no se menciona.<\/p>\n\n<p>Este dios estar\u00eda en el origen del personaje El rey Lear de William Shakespeare.<\/p>\n\n<p class=\"has-text-align-justify\">En el Garden of Remembrance (Dubl\u00edn, un jard\u00edn que conmemora a las v\u00edctimas de la lucha por la independencia de Irlanda) una escultura lleva por t\u00edtulo Children of Lir, obra de Ois\u00edn Kelly.<\/p>\n<hr class=\"wp-block-separator\" \/>\n<p class=\"has-text-align-justify\">Llew Llaw Gyffes, en la mitolog\u00eda celta galesa, es un personaje que aparece en la Cuarta Rama de la <a href=\"https:\/\/mythslegendes.com\/es\/mitologia-bretona\/\">Mabinogi<\/a> : Math hijo de Mathonwy. El significado de su apodo de \u201cmano r\u00e1pida\u201d es similar al de \u201clamfada\u201d (\u201cde brazos largos\u201d) que a veces se le da a Lug en <a href=\"https:\/\/mythslegendes.com\/es\/mitologia-irlandesa\/\">Irlanda<\/a> y del cual es un equivalente, sin ser su r\u00e9plica exacta.<\/p>\n\n<p class=\"has-text-align-justify\">Su nacimiento, as\u00ed como el de su gemelo Dylan Eil Ton, resulta de una pr\u00e1ctica m\u00e1gica, cuando King Math quiere probar la virginidad de Arianrhod. Para vengarse del ultraje, su madre pronuncia tres geisa sobre el ni\u00f1o: lo priva de un nombre, le proh\u00edbe portar armas y tener una esposa humana, lo que le impide, de hecho, ser hombre. Sin embargo, habiendo crecido el ni\u00f1o, su madre se da cuenta de su direcci\u00f3n y lo apoda, lo que tiene el efecto de criar a los primeros geis. Luego, su t\u00edo y tutor Gwydyon lo oblig\u00f3 a tomar las armas simulando un ataque a su residencia. Para la tercera prohibici\u00f3n, el rey Math, que tambi\u00e9n es mago, y su sobrino Gwydyon le hacen una mujer con flores y plantas (retama, pr\u00edmula, reina de los prados, espino, etc.); gracias a su magia, su &quot;criatura&quot; es m\u00e1s bella que la m\u00e1s bella de las mujeres, se llama Blodeuwedd que significa &quot;rostro de flores&quot;. Se celebra la uni\u00f3n y se dota a Llew de un cantref (propiedad), pero un d\u00eda que Llew visita al rey Math, en su residencia de Caer Dathyl, Blodeuwedd recibe a Goronwy (a veces llamado Gronw Pebyr), se\u00f1or de Penllyn, que caza en el pa\u00eds. Ella se enamora y los amantes planean matar al marido. Pero Llew es un dios que solo puede ser asesinado de ciertas maneras: no puede ser asesinado en interiores o exteriores, mientras monta o camina. De hecho, s\u00f3lo puede ser asesinado en una posici\u00f3n: cuando se ba\u00f1a con un pie sobre un chivo y el otro sobre un caldero, mediante una lanza especialmente forjada, durante un a\u00f1o y un d\u00eda. Cumplidas estas condiciones, el dios es abatido y transformado en \u00e1guila; en represalia, Gwydyon transforma a Blodeuwedd en un b\u00faho, revive a Llew y lo restaura a su forma humana, lo que le permite vengarse y matar al amante.<\/p>\n\n<p class=\"has-text-align-justify\">En forma alterada, es la representaci\u00f3n galesa del dios primordial pancelta Lug.<\/p>\n<hr class=\"wp-block-separator\" \/>\n<p class=\"has-text-align-justify\">Un lago es un t\u00e9rmino de origen ga\u00e9lico que se utiliza para designar masas de agua como un lago, un fiordo, un estuario, una bah\u00eda o incluso una cala. Este t\u00e9rmino s\u00f3lo se encuentra en las Islas Brit\u00e1nicas y m\u00e1s particularmente en regiones con cultura celta como<a href=\"https:\/\/mythslegendes.com\/es\/mitologia-escocesa-2\/\">Escocia<\/a> e Irlanda. En el norte de Inglaterra e Irlanda del Norte, el t\u00e9rmino generalmente utilizado es Lough. Un peque\u00f1o lago tambi\u00e9n se llama lochan (en Escocia) o loch\u00e1n (en Irlanda).<\/p>\n\n<p class=\"has-text-align-justify\">Los lagos pueden tomar cualquier forma pero generalmente son alargados porque las aguas ocupan depresiones formadas por el paso de los glaciares durante la \u00faltima glaciaci\u00f3n.<\/p>\n\n<p class=\"has-text-align-justify\">El lago m\u00e1s famoso es el lago Ness, pero hay cientos de ellos. En Escocia s\u00f3lo hay un lugar con la palabra lago: Lake Menteith, que proviene de una anglicizaci\u00f3n de la<a href=\"https:\/\/mythslegendes.com\/es\/mitologia-escocesa-2\/\">escoc\u00e9s<\/a> Laich o Menteith.<\/p>\n<hr class=\"wp-block-separator\" \/>\n<p class=\"has-text-align-justify\">Luaine, en la mitolog\u00eda celta irlandesa, aparece en la historia &quot;Tochmarc Luaine&quot; (Cortejo de Luaine), es hija de Domanchenn. Mientras debe unirse al rey de Ulster Conchobar Mac Nessa, es perseguida por el druida Aithirne Ailgesach (el Exigente) y sus dos hijos Cuingedach (el Envidioso) y Apartach (el Sarc\u00e1stico). Este druida errante tiene la costumbre de exigir demandas imposibles, so pena de sufrir una glam dicinn, es decir, una s\u00e1tira mortal. Luaine muere de verg\u00fcenza bajo la influencia de esta maldici\u00f3n. Rebelados por esta pr\u00e1ctica infame e indigna de un druida, los Ulates (habitantes de Ulster), liderados por Conchobar, masacraron a Aithirne y sus hijos.<\/p>\n<hr class=\"wp-block-separator\" \/>\n<p class=\"has-text-align-justify\">Luchta es el dios carpintero de los Tuatha D\u00e9 Danann, pertenece a la clase artesana y por lo tanto cae bajo la tercera funci\u00f3n de producci\u00f3n (ver Funciones tripartitas indoeuropeas de Georges Dum\u00e9zil). En el relato de Cath Maighe Tuireadh que narra la guerra que opone a los dioses a los Fomorians, \u00e9l es el encargado de trabajar la madera de las lanzas; sus hermanos son Goibniu y Credne, hijos de Brigid y Tuireann.<\/p>\n<hr class=\"wp-block-separator\" \/>\n<p class=\"has-text-align-justify\">Lug es el dios supremo de la mitolog\u00eda celta, no s\u00f3lo porque est\u00e1 en la cima de la jerarqu\u00eda sino tambi\u00e9n porque es pancelta: es una de las raras deidades que se encuentran, seg\u00fan nuestro conocimiento, entre todos los pueblos. <a href=\"https:\/\/mythslegendes.com\/es\/mythes-et-legendes-celtiques-20\/\">celtas<\/a>.<\/p>\n\n<p class=\"has-text-align-justify\">La importancia de Lugos en <a href=\"https:\/\/mythslegendes.com\/es\/mitologia-gala\/\">Galia<\/a> est\u00e1 atestiguado en particular por un cierto n\u00famero de top\u00f3nimos, el m\u00e1s conocido de los cuales es Lugdunum (&quot;dunon&quot; en <a href=\"https:\/\/mythslegendes.com\/es\/mitologia-gala\/\">g\u00e1lico<\/a>, que significa fortaleza y colina \u2013 ver art\u00edculo dun), la ciudad de Lyon y tambi\u00e9n la de Laon.<\/p>\n\n<p class=\"has-text-align-justify\">Su equivalente a <a href=\"https:\/\/mythslegendes.com\/es\/mitologia-galesa\/\">Gales<\/a> se llama Llew Llaw Gyffes (\u201ccon la mano diestra\u201d), aparece en la literatura en los cuentos del \u201cMabinogion\u201d.<\/p>\n\n<p class=\"has-text-align-justify\">Es en las fuentes irlandesas donde m\u00e1s se menciona, en particular en la &quot;Cath Maighe Tuireadh&quot; (la &quot;Batalla de Mag Tured&quot;). Hoy en d\u00eda, Lug est\u00e1 presente en la fiesta del 1 de agosto: Lugnasad (L\u00fbnasa en ortograf\u00eda moderna).<\/p>\n\n<p class=\"has-text-align-justify\">Seg\u00fan fuentes irlandesas, la sociedad divina se estructura de la misma manera que la sociedad humana, y la organizaci\u00f3n de los Tuatha D\u00e9 Danann (Pueblo de la tribu de Dana) se jerarquiza en tres clases funcionales:<\/p>\n\n<p class=\"has-text-align-justify\">* la funci\u00f3n sacerdotal cuyo papel cubre lo Sagrado, encarnado por el Dagda el dios-druida<br \/>* la funci\u00f3n guerrera que es responsable en particular de la soberan\u00eda, representada por Ogme el dios guerrero y Nuada el dios-rey<br \/>* la funci\u00f3n artesanal que debe producir para el conjunto de la comunidad, representada por Goibniu, Credne y Luchta<\/p>\n\n<p>- fuera de clase:<\/p>\n\n<p>* Lug Samildanach (dios primordial)<\/p>\n\n<p>\u2013 funci\u00f3n sacerdotal:<\/p>\n\n<p>* Dagda (dios-druida)<\/p>\n\n<p>\u2013 funci\u00f3n de guerrero:<\/p>\n\n<p>* Ogme (dios de la magia guerrera y el conocimiento)<br \/>* Nuada (realeza)<\/p>\n\n<p>\u2013 funci\u00f3n artesanal:<\/p>\n\n<p>* Goibniu (dios herrero)<br \/>* Credne (dios bronceador)<br \/>* Luchta (dios carpintero)<\/p>\n\n<p>\u2013 participar en tres funciones:<\/p>\n\n<p>* Diancecht (dios-medicina)<br \/>* Oengus o Mac Oc (juventud)<\/p>\n\n<p>\u2013 deidad femenina soltera:<\/p>\n\n<p>* Brigit (diosa de los poetas, herreros y m\u00e9dicos)<\/p>\n\n<p class=\"has-text-align-justify\">Este patr\u00f3n corresponde a la ideolog\u00eda tripartita de los indoeuropeos estudiada por Georges Dum\u00e9zil. Lug no pertenece a ninguna clase en particular, sino a todas, est\u00e1 por encima porque puede asumir todas las funciones. Uno de sus apodos es Samildanach, el &quot;polit\u00e9cnico&quot; en el sentido de que domina todas las artes, todas las ciencias.<\/p>\n\n<p class=\"has-text-align-justify\">Lug es hijo de Cian y Eithne, tambi\u00e9n est\u00e1 relacionado con los Fomorians por su abuelo materno Balor, a quien mata con su honda, de acuerdo con una profec\u00eda.<br \/>Cuando llega a la residencia del rey Nuada, con motivo de una fiesta, el Portero le niega el acceso. Lug afirma que puede ser \u00fatil, se le responde negativamente; as\u00ed es sucesivamente carpintero, herrero, copero, guerrero, mago. Es como un jugador de ajedrez que es aceptado y juega con el rey que derrota. Esta parte es puramente simb\u00f3lica ya que es una competencia intelectual al final de la cual Lug toma el poder del mundo.<br \/>Lo encontramos peleando con su hijo C\u00fachulainn, durante la invasi\u00f3n de Ulster por la Reina Medb.<\/p>\n<hr class=\"wp-block-separator\" \/>\n<p class=\"has-text-align-justify\">Lugaid Mac Con Ro\u00ed, en la mitolog\u00eda celta irlandesa, es un guerrero del Ciclo del Ulster, es uno de los que provocaron la muerte del campe\u00f3n del reino del Ulster, C\u00fachulainn. A veces se le llama Lugaid Mac Tr\u00ed Con, que significa &quot;hijo de los tres perros de caza&quot;. Es hijo de C\u00fa Ro\u00ed Mac D\u00e1ire, rey de Munster, asesinado por C\u00fachulainn por amor a Blathnat.<\/p>\n\n<p class=\"has-text-align-justify\">Manipulado por Medb, Reina de Connaught, Lugaid Mac Con Ro\u00ed se empe\u00f1a en vengar la muerte de su padre. Luego de una visita a su madre Deichtire, C\u00fachulainn, dirigido por su cochero L\u00f3eg, llega a un vado cuyo cuidador est\u00e1 lavando la ropa ensangrentada del h\u00e9roe, lo que presagia su muerte inminente. Cruzando el vado, llega a la llanura de Muirthemn\u00e9, donde le esperan sus enemigos. Comienza la batalla y C\u00fachulainn hace una verdadera masacre, matando a muchos guerreros. Tras siete horas de combate, Lugaid Mac Con Ro\u00ed proyecta una lanza m\u00e1gica que no da en el blanco, pero mata a L\u00f3eg. Una segunda lanza alcanza al h\u00e9roe de Ulster y una tercera lo atraviesa. Sosteniendo sus entra\u00f1as en su vientre abierto, se lava en el arroyo y luego se apoya en un menhir, para morir de pie. Morrigan, disfrazada de cuervo, se posa sobre su hombro mientras muere. Llega entonces Lugaid Mac Con Ro\u00ed para cortarle la cabeza, seg\u00fan el ritual del guerrero, pero la espada del muerto cae y le corta la mano.<\/p>\n\n<p class=\"has-text-align-justify\">Conall Cernach lo persigue y se enzarza en un combate para vengar la muerte de C\u00fachulainn. Como a su enemigo le faltaba una mano, lucha con un brazo metido en el cintur\u00f3n, logra matarlo y lo decapita. Conall apoya la cabeza sobre una roca, pero la sangre la derrite y la cabeza se hunde en la roca.<\/p>\n<hr class=\"wp-block-separator\" \/>\n<p class=\"has-text-align-justify\">En la tradici\u00f3n irlandesa de la mitolog\u00eda celta, Lugaid es el Rey Supremo (Ard ri \u00c9renn) de Irlanda. Su nombre completo es Lugaid Reo nDerg, que significa &quot;con Rayos Rojos&quot;, en conexi\u00f3n con sus tres padres biol\u00f3gicos: su rostro se asemeja al de Nar, su busto es el de Bres y el resto del cuerpo se asemeja a Lothar; los l\u00edmites de las semejanzas se dibujan con l\u00edneas rojas. Su padre adoptivo es el gran h\u00e9roe C\u00fachulainn, es el padre de Aidlinn.<\/p>\n\n<p class=\"has-text-align-justify\">Varios personajes diferentes llevan el nombre de Lugaid en la literatura mitol\u00f3gica.<\/p>\n<hr class=\"wp-block-separator\" \/>\n<p class=\"has-text-align-justify\">En la mitolog\u00eda celta irlandesa, Lugnasad (en <a href=\"https:\/\/mythslegendes.com\/es\/mitologia-irlandesa\/\">irlandesa<\/a> L\u00fanasa moderna, que es el nombre del mes de agosto) es una fiesta religiosa cuyo nombre significa &quot;asamblea de Lug&quot;, el dios-rey que representa la Soberan\u00eda y el Hombre primordial. Tiene lugar el 1 de agosto, simb\u00f3licamente durante el per\u00edodo de cosecha.<\/p>\n\n<p class=\"has-text-align-justify\">Es la fiesta del rey en su funci\u00f3n de redistribuidor de riqueza y equidad, bajo la autoridad de los druidas. Es una tregua militar que celebra la paz, la amistad, la abundancia y la prosperidad del reino. Es obligatorio y re\u00fane las tres clases (sacerdotal, guerrera y artesana) de la sociedad celta.<\/p>\n\n<p class=\"has-text-align-justify\">Se describe como una feria comercial, pero tambi\u00e9n como una oportunidad para dirimir disputas, celebrar matrimonios, escuchar a poetas y m\u00fasicos. Si no hay sacrificio ni ceremonia religiosa, hay juegos y carreras, parecidas a las Olimpiadas. <a href=\"https:\/\/mythslegendes.com\/es\/mythes-et-legendes-grecques-1664\/\">griego<\/a>.<\/p>\n\n<p>El equivalente galo es el \u201cConcilium Galliarum\u201d: la asamblea de los galos.<\/p>\n\t\t\t\t\t\t\t\t<\/div>\n\t\t\t\t<\/div>\n\t\t\t\t\t<\/div>\n\t\t<\/div>\n\t\t\t\t\t<\/div>\n\t\t<\/section>\n\t\t\t\t<\/div>","protected":false},"excerpt":{"rendered":"<p>Wiki Mitolog\u00eda Celta Aqu\u00ed tienes un glosario de la mitolog\u00eda celta: Labraid, Laegaire, Lebor Gab\u00e1la \u00c9renn (Libro de las Conquistas de Irlanda), \u2026 <\/p>","protected":false},"author":1,"featured_media":0,"parent":295,"menu_order":0,"comment_status":"closed","ping_status":"closed","template":"","meta":{"footnotes":""},"class_list":["post-345","page","type-page","status-publish","hentry"],"amp_enabled":true,"_links":{"self":[{"href":"https:\/\/mythslegendes.com\/es\/wp-json\/wp\/v2\/pages\/345","targetHints":{"allow":["GET"]}}],"collection":[{"href":"https:\/\/mythslegendes.com\/es\/wp-json\/wp\/v2\/pages"}],"about":[{"href":"https:\/\/mythslegendes.com\/es\/wp-json\/wp\/v2\/types\/page"}],"author":[{"embeddable":true,"href":"https:\/\/mythslegendes.com\/es\/wp-json\/wp\/v2\/users\/1"}],"replies":[{"embeddable":true,"href":"https:\/\/mythslegendes.com\/es\/wp-json\/wp\/v2\/comments?post=345"}],"version-history":[{"count":1,"href":"https:\/\/mythslegendes.com\/es\/wp-json\/wp\/v2\/pages\/345\/revisions"}],"predecessor-version":[{"id":24500,"href":"https:\/\/mythslegendes.com\/es\/wp-json\/wp\/v2\/pages\/345\/revisions\/24500"}],"up":[{"embeddable":true,"href":"https:\/\/mythslegendes.com\/es\/wp-json\/wp\/v2\/pages\/295"}],"wp:attachment":[{"href":"https:\/\/mythslegendes.com\/es\/wp-json\/wp\/v2\/media?parent=345"}],"curies":[{"name":"wp","href":"https:\/\/api.w.org\/{rel}","templated":true}]}}