{"id":352,"date":"2020-06-12T11:44:24","date_gmt":"2020-06-12T10:44:24","guid":{"rendered":"https:\/\/mythslegendes.com\/?page_id=352"},"modified":"2022-12-03T22:06:51","modified_gmt":"2022-12-03T22:06:51","slug":"glossaire-en-n-celtique","status":"publish","type":"page","link":"https:\/\/mythslegendes.com\/es\/mitologia-celta\/glosario-en-n-celta\/","title":{"rendered":"Glosario en N (celta)"},"content":{"rendered":"<div data-elementor-type=\"wp-page\" data-elementor-id=\"352\" class=\"elementor elementor-352\">\n\t\t\t\t\t\t<section class=\"elementor-section elementor-top-section elementor-element elementor-element-f35243b elementor-section-boxed elementor-section-height-default elementor-section-height-default\" data-id=\"f35243b\" data-element_type=\"section\" data-e-type=\"section\">\n\t\t\t\t\t\t<div class=\"elementor-container elementor-column-gap-default\">\n\t\t\t\t\t<div class=\"elementor-column elementor-col-50 elementor-top-column elementor-element elementor-element-b4a486e\" data-id=\"b4a486e\" data-element_type=\"column\" data-e-type=\"column\">\n\t\t\t<div class=\"elementor-widget-wrap elementor-element-populated\">\n\t\t\t\t\t\t<div class=\"elementor-element elementor-element-164dc81 elementor-align-justify elementor-widget elementor-widget-button\" data-id=\"164dc81\" data-element_type=\"widget\" data-e-type=\"widget\" data-widget_type=\"button.default\">\n\t\t\t\t<div class=\"elementor-widget-container\">\n\t\t\t\t\t\t\t\t\t<div class=\"elementor-button-wrapper\">\n\t\t\t\t\t<a class=\"elementor-button elementor-button-link elementor-size-sm\" href=\"https:\/\/mythslegendes.com\/es\/mitologia-celta\/\">\n\t\t\t\t\t\t<span class=\"elementor-button-content-wrapper\">\n\t\t\t\t\t\t\t\t\t<span class=\"elementor-button-text\">Mitolog\u00eda celta<\/span>\n\t\t\t\t\t<\/span>\n\t\t\t\t\t<\/a>\n\t\t\t\t<\/div>\n\t\t\t\t\t\t\t\t<\/div>\n\t\t\t\t<\/div>\n\t\t\t\t\t<\/div>\n\t\t<\/div>\n\t\t\t\t<div class=\"elementor-column elementor-col-50 elementor-top-column elementor-element elementor-element-4ae02d5\" data-id=\"4ae02d5\" data-element_type=\"column\" data-e-type=\"column\">\n\t\t\t<div class=\"elementor-widget-wrap elementor-element-populated\">\n\t\t\t\t\t\t<div class=\"elementor-element elementor-element-cf7e52e elementor-align-justify elementor-widget elementor-widget-button\" data-id=\"cf7e52e\" data-element_type=\"widget\" data-e-type=\"widget\" data-widget_type=\"button.default\">\n\t\t\t\t<div class=\"elementor-widget-container\">\n\t\t\t\t\t\t\t\t\t<div class=\"elementor-button-wrapper\">\n\t\t\t\t\t<a class=\"elementor-button elementor-button-link elementor-size-sm\" href=\"https:\/\/fr.wikipedia.org\/wiki\/Mythologie_celtique\" target=\"_blank\" rel=\"noopener\">\n\t\t\t\t\t\t<span class=\"elementor-button-content-wrapper\">\n\t\t\t\t\t\t\t\t\t<span class=\"elementor-button-text\">Wiki<\/span>\n\t\t\t\t\t<\/span>\n\t\t\t\t\t<\/a>\n\t\t\t\t<\/div>\n\t\t\t\t\t\t\t\t<\/div>\n\t\t\t\t<\/div>\n\t\t\t\t\t<\/div>\n\t\t<\/div>\n\t\t\t\t\t<\/div>\n\t\t<\/section>\n\t\t\t\t<section class=\"elementor-section elementor-top-section elementor-element elementor-element-3d362845 elementor-section-boxed elementor-section-height-default elementor-section-height-default\" data-id=\"3d362845\" data-element_type=\"section\" data-e-type=\"section\">\n\t\t\t\t\t\t<div class=\"elementor-container elementor-column-gap-default\">\n\t\t\t\t\t<div class=\"elementor-column elementor-col-100 elementor-top-column elementor-element elementor-element-6844dc2f\" data-id=\"6844dc2f\" data-element_type=\"column\" data-e-type=\"column\">\n\t\t\t<div class=\"elementor-widget-wrap elementor-element-populated\">\n\t\t\t\t\t\t<div class=\"elementor-element elementor-element-18989286 elementor-widget elementor-widget-text-editor\" data-id=\"18989286\" data-element_type=\"widget\" data-e-type=\"widget\" data-widget_type=\"text-editor.default\">\n\t\t\t\t<div class=\"elementor-widget-container\">\n\t\t\t\t\t\t\t\t\t\n<p>Aqu\u00ed hay un glosario de <a href=\"https:\/\/mythslegendes.com\/es\/\">mitolog\u00eda<\/a> <a href=\"https:\/\/mythslegendes.com\/es\/mythes-et-legendes-celtiques-20\/\">c\u00e9ltico<\/a> : <strong>Enanos, Nantosuelta, Nechtan, Nede, Nemed (Nemedians), Nemeton, Nemhain, Ness, Niall Noigiallach, Nodons, Ruido, Nuada<\/strong><\/p>\n<p><img decoding=\"async\" class=\"alignnone wp-image-5284 size-full\" src=\"https:\/\/mythslegendes.com\/wp-content\/uploads\/2020\/09\/AlphaOmega-e1602613368367.png\" alt=\"Glosario celta\" width=\"25\" height=\"26\" title=\"\"><\/p>\n<div id=\"ez-toc-container\" class=\"ez-toc-v2_0_82_2 counter-hierarchy ez-toc-counter ez-toc-grey ez-toc-container-direction\">\n<div class=\"ez-toc-title-container\">\n<p class=\"ez-toc-title\" style=\"cursor:inherit\">Contenido<\/p>\n<span class=\"ez-toc-title-toggle\"><a href=\"#\" class=\"ez-toc-pull-right ez-toc-btn ez-toc-btn-xs ez-toc-btn-default ez-toc-toggle\" aria-label=\"Alternar tabla de contenidos\"><span class=\"ez-toc-js-icon-con\"><span class=\"\"><span class=\"eztoc-hide\" style=\"display:none;\">Palanca<\/span><span class=\"ez-toc-icon-toggle-span\"><svg style=\"fill: #999;color:#999\" xmlns=\"http:\/\/www.w3.org\/2000\/svg\" class=\"list-377408\" width=\"20px\" height=\"20px\" viewbox=\"0 0 24 24\" fill=\"none\"><path d=\"M6 6H4v2h2V6zm14 0H8v2h12V6zM4 11h2v2H4v-2zm16 0H8v2h12v-2zM4 16h2v2H4v-2zm16 0H8v2h12v-2z\" fill=\"currentColor\"><\/path><\/svg><svg style=\"fill: #999;color:#999\" class=\"arrow-unsorted-368013\" xmlns=\"http:\/\/www.w3.org\/2000\/svg\" width=\"10px\" height=\"10px\" viewbox=\"0 0 24 24\" version=\"1.2\" baseprofile=\"tiny\"><path d=\"M18.2 9.3l-6.2-6.3-6.2 6.3c-.2.2-.3.4-.3.7s.1.5.3.7c.2.2.4.3.7.3h11c.3 0 .5-.1.7-.3.2-.2.3-.5.3-.7s-.1-.5-.3-.7zM5.8 14.7l6.2 6.3 6.2-6.3c.2-.2.3-.5.3-.7s-.1-.5-.3-.7c-.2-.2-.4-.3-.7-.3h-11c-.3 0-.5.1-.7.3-.2.2-.3.5-.3.7s.1.5.3.7z\"\/><\/svg><\/span><\/span><\/span><\/a><\/span><\/div>\n<nav><ul class='ez-toc-list ez-toc-list-level-1' ><li class='ez-toc-page-1 ez-toc-heading-level-2'><a class=\"ez-toc-link ez-toc-heading-1\" href=\"https:\/\/mythslegendes.com\/es\/mitologia-celta\/glosario-en-n-celta\/#Glossaire-Celtique\" >Glosario celta<\/a><\/li><\/ul><\/nav><\/div>\n<h2><span class=\"ez-toc-section\" id=\"Glossaire-Celtique\"><\/span>Glosario celta<span class=\"ez-toc-section-end\"><\/span><\/h2>\n<p class=\"has-text-align-justify\">Nechtan, en la mitolog\u00eda celta irlandesa, aparece en particular en un texto \u00e9pico de la Edad Media: Immram Brain Maic Febail ocus a echtra andso sis, o &quot;La navegaci\u00f3n de Bran, hijo de Febal y sus aventuras en el m\u00e1s all\u00e1&quot;. Este texto, escrito en un contexto cristiano, narra la estancia de los guerreros en el sidh, el Otro Mundo Celta.<\/p>\n\n<p class=\"has-text-align-justify\">Nechtan, hijo de Collbran, es uno de los viajeros &quot;tres veces nueve&quot; que siguen a Bran Mac Febail en una navegaci\u00f3n, en busca de Emain Ablach, la &quot;Tierra de los Manzanos&quot; (s\u00edmbolo de la eternidad). Es una isla en medio del oc\u00e9ano cuyas delicias un bansidh alababa a su compa\u00f1ero. Se encuentran con Manannan Mac Lir, el dios soberano del sidh que les da la bienvenida con una canci\u00f3n. Cuando llegan cerca de la Isla de las Mujeres (Tir na mB\u00e2n), la reina tira una cuerda para tirar del bote y todos desembarcan. La isla est\u00e1 poblada solo por mujeres j\u00f3venes y hermosas y permanecen all\u00ed durante varios &quot;meses&quot;, viviendo en completa felicidad. Despu\u00e9s de un tiempo, Nechtan se siente abrumado por la nostalgia y le cuenta a Bran su deseo de volver a <a href=\"https:\/\/mythslegendes.com\/es\/mitologia-irlandesa\/\">Irlanda<\/a>. El l\u00edder de la expedici\u00f3n acaba por dejarse convencer a pesar de la advertencia de la reina de no desembarcar en ning\u00fan sitio.<\/p>\n\n<p class=\"has-text-align-justify\">Cuando se acercan a su isla, no reconocen a nadie y nadie los reconoce a ellos. Nechtan desciende al suelo, instant\u00e1neamente se convierte en un mont\u00f3n de cenizas. Bran, que ha entendido, se hace a la mar para una navegaci\u00f3n interminable. De hecho, su estancia en el sidh dur\u00f3 varios siglos y hace mucho tiempo que murieron. El regreso al mundo humano est\u00e1 acompa\u00f1ado por las garras del tiempo de las que hab\u00edan escapado.<\/p>\n<hr class=\"wp-block-separator\" \/>\n<p class=\"has-text-align-justify\">Nede, en la mitolog\u00eda celta irlandesa, es un druida formidable (archivo seg\u00fan la terminolog\u00eda literaria) que se encuentra en dos episodios de la historia m\u00edtica de \u00c9renn. \u00c9l es el hijo de Adnae.<\/p>\n\n<p class=\"has-text-align-justify\">En el Immacallam de Da T\u00fbaraid (Di\u00e1logo de los dos Sabios), aparece como pretendiente al rango de ollam en una disputa cient\u00edfica con el druida Ferchertne (hijo de Coipre), tras un aprendizaje en <a href=\"https:\/\/mythslegendes.com\/es\/mitologia-escocesa-2\/\">Escocia<\/a> en Eochu Echbel. Este texto es fundamental para el conocimiento de <a href=\"https:\/\/mythslegendes.com\/es\/mythes-et-legendes-celtiques-20\/\">Celtas<\/a> de la antig\u00fcedad<\/p>\n\n<p class=\"has-text-align-justify\">A partir de entonces, se convierte en el arquetipo del druida abusivo, como Aithirne Ailgesach. Recogido por su t\u00edo, el rey de Connaught Caier, comete adulterio con la esposa de este \u00faltimo y le roba el trono real. Luego le pide una espada fabulosa que el rey ca\u00eddo no puede proporcionarle. Nede luego pronuncia un glam dicinn que hace que aparezcan tres for\u00fanculos (verg\u00fcenza, mancha y fealdad) en el rostro de Caier y da como resultado su muerte social por verg\u00fcenza. Nede muere por la explosi\u00f3n de una roca en Dun Cermnai, donde se esconde su t\u00edo, porque ha cometido las tres faltas del druida: adulterio con una reina, usurpaci\u00f3n de la soberan\u00eda real y s\u00e1tira abusiva (la glam dicinn).<\/p>\n<hr class=\"wp-block-separator\" \/>\n<p class=\"has-text-align-justify\">Nemain (o Nemhain), en la mitolog\u00eda celta irlandesa, es una diosa guerrera, que aparece en particular en el relato m\u00edtico del Rodeo de vacas de Cooley (T\u00e1in B\u00f3 C\u00faailnge). Es una representaci\u00f3n de Bodb, ella misma un avatar de Morrigan, la diosa de la muerte.<\/p>\n\n<p class=\"has-text-align-justify\">Su nombre significa &quot;frenes\u00ed&quot;, &quot;p\u00e1nico&quot; y en la batalla final del T\u00e1in B\u00f3 Cuailnge, que se opone a los ej\u00e9rcitos de Ulster y Connaught, provoca la muerte de muchos guerreros, por el terror que inspira.<\/p>\n\n<p class=\"has-text-align-justify\">Cuando un guerrero se encuentra con ella en un vado, lavando su propia ropa, es se\u00f1al de que su final est\u00e1 cerca. C\u00fachulainn, la campeona de Ulster, se encuentra con una lavandera que moja su ropa en un r\u00edo, poco antes de su heroica muerte.<\/p>\n<hr class=\"wp-block-separator\" \/>\n<p class=\"has-text-align-justify\">Nemed, cuyo nombre significa sagrado, es el l\u00edder del pueblo inhumano que lleva su nombre, los nemedianos, a veces llamados &quot;el pueblo de los ciervos&quot;. En la historia m\u00edtica de Irlanda, tal como nos la cuenta el Lebor Gab\u00e1la \u00c9renn (el <a href=\"https:\/\/mythslegendes.com\/es\/bibliotecas-de-libros\/\">Libros<\/a> conquistas de Irlanda), su ocupaci\u00f3n de la isla se sit\u00faa entre la de los Partholonians y la de los Fir Bolg. Despu\u00e9s de un per\u00edodo de paz, deben resistir a los Fomorians que intentan reconquistar la isla, los reyes Fomorians Gann y Sengann son derrotados, pero los enemigos logran ganar. Los nemedianos deben rendirles tributo todos los a\u00f1os. Tras una \u00faltima revuelta, deben huir a la provincia de Munster. Nemed es hijo de Agnoman y sobrino de Tuan Mac Cairill; es el padre de Iarbonel le Devin, de Anninend y de Fergus-au-c\u00f4t\u00e9-Rouge.<\/p>\n\n<p>Su nombre es comparable al nombre de los santuarios celtas: el Nemeton.<\/p>\n<hr class=\"wp-block-separator\" \/>\n<p class=\"has-text-align-justify\">Ness es conocida como una reina guerrera de Ulster, su nombre significa &quot;la comadreja&quot;. Ella es la hija de Eochaid Salbuide.<\/p>\n\n<p class=\"has-text-align-justify\">Mientras ella est\u00e1 en guerra con el druida Cathbad que hab\u00eda asesinado a sus doce guardianes, \u00e9l la sorprende ba\u00f1\u00e1ndose desnuda y aprovecha la oportunidad para robarle la ropa y las armas. \u00c9l le ofrece un trato, su vida se salvar\u00e1 si acepta tres condiciones: paz, amistad y matrimonio. El matrimonio ser\u00e1 provisional, pero tendr\u00e1n dos hijos: Conchobar Mac Nessa, futuro rey del Ulster, y una ni\u00f1a, Findchoem, que ser\u00e1 la esposa de Amorgen.<\/p>\n\n<p class=\"has-text-align-justify\">Posteriormente, se cas\u00f3 con el rey Fergus Mac Roeg y obtuvo el trono para Conchobar, por un per\u00edodo de un a\u00f1o. El a\u00f1o pasado, los Ulsters (habitantes del Ulster) ya no quieren a Fergus y conservan a Conchobar como rey.<\/p>\n<hr class=\"wp-block-separator\" \/>\n<p class=\"has-text-align-justify\">Niall Noigiallach (Niall de los Nueve Rehenes) es un legendario ard ri \u00c9renn (Rey Supremo de Irlanda) de la mitolog\u00eda celta irlandesa. Habr\u00eda reinado en el siglo V en Tara y habr\u00eda sido el \u00faltimo rey pagano antes de la evangelizaci\u00f3n hagiogr\u00e1fica de la isla por parte de San Patricio.<\/p>\n<hr class=\"wp-block-separator\" \/>\n<p class=\"has-text-align-justify\">El ruido, en la mitolog\u00eda celta irlandesa, es un h\u00e9roe del ciclo del Ulster, aparece en particular en la historia de Longes mac nUislenn (El exilio de los hijos de Usnech). Es hijo de Usnech (a veces llamado Uisliu) y sobrino del Rey de Ulster, Conchobar Mac Nessa. El significado de su nombre es &quot;hombre de reputaci\u00f3n&quot;.<\/p>\n\n<p class=\"has-text-align-justify\">Cuando naci\u00f3, el druida Cathbad profetiz\u00f3 que la belleza \u00fanica de Deirdre provocar\u00eda guerras entre los reyes de Irlanda y la devastaci\u00f3n de la isla. Prometida, contra su voluntad, a Conchobar como concubina, prefiere ser raptada por Ruido, guerrero y c\u00e9lebre cantante, para un tr\u00e1gico deambular, con los dos hermanos de este \u00faltimo. En Escocia, Noise debe defenderse de un rey que intenta matarlo para apoderarse de la joven. De vuelta en Irlanda, Conchobar env\u00eda a Fergus Mac Roeg a la embajada con un mensaje de paz y la seguridad de que no se les har\u00e1 ning\u00fan da\u00f1o. Al llegar a Emain Macha, Conchobar hace asesinar a Noise y sus hermanos y limita a Deirdre al rango de concubina; se suicida arroj\u00e1ndose de cabeza contra una roca. Fergus y sus compa\u00f1eros, furiosos por la traici\u00f3n del rey, se refugian en Connaught desde donde atacan Ulster todos los d\u00edas. El druida Cathbad pronuncia una maldici\u00f3n sobre la capital Emain Macha, que es destruida por el fuego.<\/p>\n<hr class=\"wp-block-separator\" \/>\n<p>Nuada es apodada &quot;Airgetlam&quot;, es decir &quot;con el Brazo de Plata&quot;.<\/p>\n\n<p class=\"has-text-align-justify\">Nuada es un rey m\u00edtico de los Tuatha D\u00e9 Danann (Pueblo de la Diosa Dana) y pertenece a la segunda clase guerrera, su funci\u00f3n es asumir la realeza y asegurar la redistribuci\u00f3n de la riqueza. (Ver Georges Dum\u00e9zil y la ideolog\u00eda tripartita de los indoeuropeos).<\/p>\n\n<p class=\"has-text-align-justify\">Durante la &quot;Primera Batalla de Mag Tuireadh&quot; contra Fir Bolg, le cortaron el brazo derecho, una discapacidad que discriminaba el ejercicio de la realeza. Debe dar paso a Bres de la gente de los Fomorians cuyo reinado ser\u00e1 de corta duraci\u00f3n. Diancecht el dios m\u00e9dico le hace una pr\u00f3tesis de plata, que le permite recuperar la soberan\u00eda. Posteriormente, Miach hijo de Diancecht, le injertar\u00e1 el brazo amputado. Fue asesinado en la &quot;Segunda Batalla de Mag Tuireadh&quot;.<\/p>\n\n<p>A <a href=\"https:\/\/mythslegendes.com\/es\/mitologia-galesa\/\">Gales<\/a>, se llama Nudd (o Llud) y en <a href=\"https:\/\/mythslegendes.com\/es\/mitologia-gala\/\">Galia<\/a> Nodones.<\/p>\n\t\t\t\t\t\t\t\t<\/div>\n\t\t\t\t<\/div>\n\t\t\t\t\t<\/div>\n\t\t<\/div>\n\t\t\t\t\t<\/div>\n\t\t<\/section>\n\t\t\t\t<\/div>","protected":false},"excerpt":{"rendered":"<p>Wiki Mitolog\u00eda Celta Aqu\u00ed tienes un glosario de la mitolog\u00eda celta: Enanos, Nantosuelta, Nechtan, Nede, Nemed (Nemediens), Nemeton, Nemhain, Ness, \u2026 <\/p>","protected":false},"author":1,"featured_media":0,"parent":295,"menu_order":0,"comment_status":"closed","ping_status":"closed","template":"","meta":{"footnotes":""},"class_list":["post-352","page","type-page","status-publish","hentry"],"amp_enabled":true,"_links":{"self":[{"href":"https:\/\/mythslegendes.com\/es\/wp-json\/wp\/v2\/pages\/352","targetHints":{"allow":["GET"]}}],"collection":[{"href":"https:\/\/mythslegendes.com\/es\/wp-json\/wp\/v2\/pages"}],"about":[{"href":"https:\/\/mythslegendes.com\/es\/wp-json\/wp\/v2\/types\/page"}],"author":[{"embeddable":true,"href":"https:\/\/mythslegendes.com\/es\/wp-json\/wp\/v2\/users\/1"}],"replies":[{"embeddable":true,"href":"https:\/\/mythslegendes.com\/es\/wp-json\/wp\/v2\/comments?post=352"}],"version-history":[{"count":1,"href":"https:\/\/mythslegendes.com\/es\/wp-json\/wp\/v2\/pages\/352\/revisions"}],"predecessor-version":[{"id":24502,"href":"https:\/\/mythslegendes.com\/es\/wp-json\/wp\/v2\/pages\/352\/revisions\/24502"}],"up":[{"embeddable":true,"href":"https:\/\/mythslegendes.com\/es\/wp-json\/wp\/v2\/pages\/295"}],"wp:attachment":[{"href":"https:\/\/mythslegendes.com\/es\/wp-json\/wp\/v2\/media?parent=352"}],"curies":[{"name":"wp","href":"https:\/\/api.w.org\/{rel}","templated":true}]}}