{"id":359,"date":"2020-06-12T11:51:48","date_gmt":"2020-06-12T10:51:48","guid":{"rendered":"https:\/\/mythslegendes.com\/?page_id=359"},"modified":"2022-12-03T22:06:52","modified_gmt":"2022-12-03T22:06:52","slug":"glossaire-en-r-s-celtique","status":"publish","type":"page","link":"https:\/\/mythslegendes.com\/es\/mitologia-celta\/glosario-rs-celta\/","title":{"rendered":"Glosario en RS (celta)"},"content":{"rendered":"<div data-elementor-type=\"wp-page\" data-elementor-id=\"359\" class=\"elementor elementor-359\">\n\t\t\t\t\t\t<section class=\"elementor-section elementor-top-section elementor-element elementor-element-a625619 elementor-section-boxed elementor-section-height-default elementor-section-height-default\" data-id=\"a625619\" data-element_type=\"section\" data-e-type=\"section\">\n\t\t\t\t\t\t<div class=\"elementor-container elementor-column-gap-default\">\n\t\t\t\t\t<div class=\"elementor-column elementor-col-50 elementor-top-column elementor-element elementor-element-3cb2a4f\" data-id=\"3cb2a4f\" data-element_type=\"column\" data-e-type=\"column\">\n\t\t\t<div class=\"elementor-widget-wrap elementor-element-populated\">\n\t\t\t\t\t\t<div class=\"elementor-element elementor-element-e65ae28 elementor-align-justify elementor-widget elementor-widget-button\" data-id=\"e65ae28\" data-element_type=\"widget\" data-e-type=\"widget\" data-widget_type=\"button.default\">\n\t\t\t\t<div class=\"elementor-widget-container\">\n\t\t\t\t\t\t\t\t\t<div class=\"elementor-button-wrapper\">\n\t\t\t\t\t<a class=\"elementor-button elementor-button-link elementor-size-sm\" href=\"https:\/\/mythslegendes.com\/es\/mitologia-celta\/\">\n\t\t\t\t\t\t<span class=\"elementor-button-content-wrapper\">\n\t\t\t\t\t\t\t\t\t<span class=\"elementor-button-text\">Mitolog\u00eda celta<\/span>\n\t\t\t\t\t<\/span>\n\t\t\t\t\t<\/a>\n\t\t\t\t<\/div>\n\t\t\t\t\t\t\t\t<\/div>\n\t\t\t\t<\/div>\n\t\t\t\t\t<\/div>\n\t\t<\/div>\n\t\t\t\t<div class=\"elementor-column elementor-col-50 elementor-top-column elementor-element elementor-element-34317a3\" data-id=\"34317a3\" data-element_type=\"column\" data-e-type=\"column\">\n\t\t\t<div class=\"elementor-widget-wrap elementor-element-populated\">\n\t\t\t\t\t\t<div class=\"elementor-element elementor-element-28d3f93 elementor-align-justify elementor-widget elementor-widget-button\" data-id=\"28d3f93\" data-element_type=\"widget\" data-e-type=\"widget\" data-widget_type=\"button.default\">\n\t\t\t\t<div class=\"elementor-widget-container\">\n\t\t\t\t\t\t\t\t\t<div class=\"elementor-button-wrapper\">\n\t\t\t\t\t<a class=\"elementor-button elementor-button-link elementor-size-sm\" href=\"https:\/\/fr.wikipedia.org\/wiki\/Mythologie_celtique\" target=\"_blank\" rel=\"noopener\">\n\t\t\t\t\t\t<span class=\"elementor-button-content-wrapper\">\n\t\t\t\t\t\t\t\t\t<span class=\"elementor-button-text\">Wiki<\/span>\n\t\t\t\t\t<\/span>\n\t\t\t\t\t<\/a>\n\t\t\t\t<\/div>\n\t\t\t\t\t\t\t\t<\/div>\n\t\t\t\t<\/div>\n\t\t\t\t\t<\/div>\n\t\t<\/div>\n\t\t\t\t\t<\/div>\n\t\t<\/section>\n\t\t\t\t<section class=\"elementor-section elementor-top-section elementor-element elementor-element-79ae6aa3 elementor-section-boxed elementor-section-height-default elementor-section-height-default\" data-id=\"79ae6aa3\" data-element_type=\"section\" data-e-type=\"section\">\n\t\t\t\t\t\t<div class=\"elementor-container elementor-column-gap-default\">\n\t\t\t\t\t<div class=\"elementor-column elementor-col-100 elementor-top-column elementor-element elementor-element-137b9cf2\" data-id=\"137b9cf2\" data-element_type=\"column\" data-e-type=\"column\">\n\t\t\t<div class=\"elementor-widget-wrap elementor-element-populated\">\n\t\t\t\t\t\t<div class=\"elementor-element elementor-element-2a403648 elementor-widget elementor-widget-text-editor\" data-id=\"2a403648\" data-element_type=\"widget\" data-e-type=\"widget\" data-widget_type=\"text-editor.default\">\n\t\t\t\t<div class=\"elementor-widget-container\">\n\t\t\t\t\t\t\t\t\t\n<p>Aqu\u00ed hay un glosario de <a href=\"https:\/\/mythslegendes.com\/es\/\">mitolog\u00eda<\/a> <a href=\"https:\/\/mythslegendes.com\/es\/mythes-et-legendes-celtiques-20\/\">c\u00e9ltico<\/a> : <strong>Rhiannon (Rigantona), Rosmerta, Ruadan, Rucht, Samain, Samonios (fest\u00edn), jabal\u00ed (s\u00edmbolo), Sc\u00e1thach, Semias (y el Caldero de Dagda), Setanta, Sidh, Smartellos (Smertios), Sualtam, Sucellos<\/strong><\/p>\n<p><img decoding=\"async\" class=\"alignnone wp-image-5284 size-full\" src=\"https:\/\/mythslegendes.com\/wp-content\/uploads\/2020\/09\/AlphaOmega-e1602613368367.png\" alt=\"Glosario celta\" width=\"25\" height=\"26\" title=\"\"><\/p>\n<div id=\"ez-toc-container\" class=\"ez-toc-v2_0_82_2 counter-hierarchy ez-toc-counter ez-toc-grey ez-toc-container-direction\">\n<div class=\"ez-toc-title-container\">\n<p class=\"ez-toc-title\" style=\"cursor:inherit\">Contenido<\/p>\n<span class=\"ez-toc-title-toggle\"><a href=\"#\" class=\"ez-toc-pull-right ez-toc-btn ez-toc-btn-xs ez-toc-btn-default ez-toc-toggle\" aria-label=\"Alternar tabla de contenidos\"><span class=\"ez-toc-js-icon-con\"><span class=\"\"><span class=\"eztoc-hide\" style=\"display:none;\">Palanca<\/span><span class=\"ez-toc-icon-toggle-span\"><svg style=\"fill: #999;color:#999\" xmlns=\"http:\/\/www.w3.org\/2000\/svg\" class=\"list-377408\" width=\"20px\" height=\"20px\" viewbox=\"0 0 24 24\" fill=\"none\"><path d=\"M6 6H4v2h2V6zm14 0H8v2h12V6zM4 11h2v2H4v-2zm16 0H8v2h12v-2zM4 16h2v2H4v-2zm16 0H8v2h12v-2z\" fill=\"currentColor\"><\/path><\/svg><svg style=\"fill: #999;color:#999\" class=\"arrow-unsorted-368013\" xmlns=\"http:\/\/www.w3.org\/2000\/svg\" width=\"10px\" height=\"10px\" viewbox=\"0 0 24 24\" version=\"1.2\" baseprofile=\"tiny\"><path d=\"M18.2 9.3l-6.2-6.3-6.2 6.3c-.2.2-.3.4-.3.7s.1.5.3.7c.2.2.4.3.7.3h11c.3 0 .5-.1.7-.3.2-.2.3-.5.3-.7s-.1-.5-.3-.7zM5.8 14.7l6.2 6.3 6.2-6.3c.2-.2.3-.5.3-.7s-.1-.5-.3-.7c-.2-.2-.4-.3-.7-.3h-11c-.3 0-.5.1-.7.3-.2.2-.3.5-.3.7s.1.5.3.7z\"\/><\/svg><\/span><\/span><\/span><\/a><\/span><\/div>\n<nav><ul class='ez-toc-list ez-toc-list-level-1' ><li class='ez-toc-page-1 ez-toc-heading-level-2'><a class=\"ez-toc-link ez-toc-heading-1\" href=\"https:\/\/mythslegendes.com\/es\/mitologia-celta\/glosario-rs-celta\/#Glossaire-Celtique\" >Glosario celta<\/a><\/li><\/ul><\/nav><\/div>\n<h2><span class=\"ez-toc-section\" id=\"Glossaire-Celtique\"><\/span>Glosario celta<span class=\"ez-toc-section-end\"><\/span><\/h2>\n<p class=\"has-text-align-justify\">Rhiannon pertenece a la tradici\u00f3n galesa, su nombre procedente de Rigantona, significa &quot;Gran Reina&quot;; ella es un avatar de la deidad celta femenina (ver Brigit, Brigantia). Ella aparece en dos de los cuatro Mabinogion: Pwyll, pr\u00edncipe de Dyved y Manawydan hijo de Llyr. En el primer cuento, ella se convierte en la esposa de Pwyll, despu\u00e9s de que \u00e9l elimina a muchos rivales. De esta uni\u00f3n nacer\u00e1 Pryderi, un ni\u00f1o que es secuestrado al nacer, lo que lleva a la madre a ser acusada de infanticidio. Como penitencia, est\u00e1 condenada a permanecer sentada a las puertas de la ciudad, debe contar su historia a los visitantes y traerlos carg\u00e1ndolos a la espalda. El castigo termina siete a\u00f1os despu\u00e9s, cuando se reencuentra con su hijo.<\/p>\n\n<p class=\"has-text-align-justify\">En el segundo cuento, despu\u00e9s de la muerte de Pwyll, se casa con Manawyddan Fab Llyr. Durante una caminata, una niebla m\u00e1gica desciende sobre la regi\u00f3n y la arrasa. Con su esposo, su hijo Pryderi y Kigva, esposa de este \u00faltimo, se ven obligados a partir hacia Inglaterra, donde ejercer\u00e1n diferentes trabajos, para poder sobrevivir.<\/p>\n\n<p class=\"has-text-align-justify\">Para que se reconozca el reinado de Pwyll sobre los Dyved, debe tener una reina que legitime su poder, ya que entre los <a href=\"https:\/\/mythslegendes.com\/es\/mythes-et-legendes-celtiques-20\/\">Celtas<\/a>, La soberan\u00eda es un concepto femenino. La penitencia que soporta, tras el secuestro de su hijo, es un a\u00f1adido debido a la cristianizaci\u00f3n de la historia, noci\u00f3n desconocida para la civilizaci\u00f3n celta. El ejercicio de diferentes oficios es una ilustraci\u00f3n de la tercera clase funcional de la sociedad, de acuerdo con la ideolog\u00eda tripartita de los indoeuropeos estudiada por Georges Dum\u00e9zil. Algunos asocian a Rhiannon con la diosa gala Epona, pero esta idea no es un\u00e1nime.<\/p>\n<hr class=\"wp-block-separator\" \/>\n<p>Rosmerta era una diosa de la fertilidad y la abundancia.<\/p>\n\n<p class=\"has-text-align-justify\">Su culto ha sido atestiguado por el descubrimiento de estatuas e inscripciones que llevan su nombre. Entre sus atributos encontramos la famosa Cornucopia o Cornucopia. Su culto a veces se asoci\u00f3 con el dios Mercurio en la mitolog\u00eda galo-romana, pero tambi\u00e9n hemos encontrado evidencia de culto aislado.<\/p>\n<hr class=\"wp-block-separator\" \/>\n<p class=\"has-text-align-justify\">Ruadan es el hijo de la diosa Brigit y el rey Bres, por lo que tambi\u00e9n est\u00e1 relacionado con los dioses de Tuatha D\u00e9 Danann y Fomori. Durante la &quot;Segunda batalla de Mag Tured&quot; (Cath Maighe Tuireadh), que se opone a estos dos pueblos, para la ocupaci\u00f3n de Irlanda, es enviado por su padre al campo enemigo, para espiar a Goibniu, el dios herrero. \u00c9ste, gracias a su martillo m\u00e1gico, hace una espada o una jabalina perfecta, en tres golpes. Ruadan roba un arma, intenta matar al herrero, pero este \u00faltimo, aunque est\u00e1 herido, logra matar a su atacante.<\/p>\n\n<p class=\"has-text-align-justify\">Seg\u00fan la <a href=\"https:\/\/mythslegendes.com\/es\/\">leyenda<\/a>, Brigit, al enterarse de la muerte de su hijo, se ech\u00f3 a llorar, sus l\u00e1grimas ser\u00edan las primeras en la historia de la isla. Gobniu se curar\u00e1 con un ba\u00f1o en la Fuente de la Salud.<\/p>\n<hr class=\"wp-block-separator\" \/>\n<p class=\"has-text-align-justify\">Samhain (a veces deletreado Samhain) es el festival religioso que celebra el comienzo de la estaci\u00f3n &quot;oscura&quot; del a\u00f1o celta (para los celtas, el a\u00f1o se compon\u00eda de dos estaciones: una estaci\u00f3n oscura y una estaci\u00f3n clara). Es una celebraci\u00f3n de transici\u00f3n -el paso de un a\u00f1o a otro- y de apertura al Otro Mundo, el de los dioses. Ella es mencionada en muchos cuentos \u00e9picos. <a href=\"https:\/\/mythslegendes.com\/es\/mitologia-irlandesa\/\">irlandesa<\/a> porque, por definici\u00f3n, es propicio para eventos m\u00e1gicos y m\u00edticos. Su importancia entre los celtas es indiscutible, ya que se encuentra en <a href=\"https:\/\/mythslegendes.com\/es\/mitologia-gala\/\">Galia<\/a> bajo el nombre de Samonios, en particular en una menci\u00f3n en el Calendario de Coligny, que designa el mes que corresponde aproximadamente a noviembre.<\/p>\n\n<p class=\"has-text-align-justify\">Los monjes irlandeses que escribieron las costumbres celtas desde el siglo VIII en adelante dejaron en claro que el d\u00eda de Samain es (seg\u00fan nuestro calendario moderno) el 1 de noviembre. La fiesta en s\u00ed dura una semana completa, tres d\u00edas antes y tres d\u00edas despu\u00e9s. Para los celtas, este per\u00edodo est\u00e1 entre par\u00e9ntesis en el a\u00f1o: no pertenece ni al que termina ni al que comenzar\u00e1; es una duraci\u00f3n aut\u00f3noma, fuera de tiempo. Es el paso de la temporada luminosa a la temporada oscura, que marca una ruptura en la vida cotidiana: el fin de las conquistas y redadas para los guerreros y el fin del trabajo agrario para los agricultores-pastores, por ejemplo.<\/p>\n\n<p class=\"has-text-align-justify\">El nombre de Samain significa &quot;encuentro&quot;, es una fiesta obligatoria de toda la sociedad celta que da lugar a ritos dru\u00eddicos, asambleas, fiestas de copas y banquetes rituales; su car\u00e1cter religioso lo coloca bajo la autoridad de la clase sacerdotal de los druidas y la presidencia del rey, cualquier ausencia es castigada con la muerte. Cabe se\u00f1alar que, seg\u00fan la ideolog\u00eda tripartita de los indoeuropeos definida por Georges Dum\u00e9zil, las tres clases de sociedad (sacerdotal, guerrera y artesana) est\u00e1n asociadas a las ceremonias. Esta asamblea religiosa y social desapareci\u00f3 gradualmente con la cristianizaci\u00f3n, y para recuperar la popularidad de esta fiesta durante la evangelizaci\u00f3n de Irlanda en el siglo VIII, los religiosos cat\u00f3licos establecieron la fiesta de Todos los Santos (fiesta de todos los santos) y, al d\u00eda siguiente, la fiesta de los muertos.<\/p>\n\n<p class=\"has-text-align-justify\">La noci\u00f3n de paso tambi\u00e9n se encuentra en este momento, entre el mundo de los humanos y el Otro Mundo de los dioses (el Sidh). Hemos relatado la aventura de h\u00e9roes, u hombres excepcionales, que van a Sidh (generalmente por invitaci\u00f3n de un Bansidh) y pasan all\u00ed unas horas agradables. No siendo el tiempo de los dioses el mismo, su estancia es, de hecho, de varios siglos y, cuando regresan a casa, no pueden vivir porque hace mucho que murieron.<\/p>\n\n<p class=\"has-text-align-justify\">Cabe se\u00f1alar que la fiesta folcl\u00f3rica de Halloween es anglosajona de origen irland\u00e9s, ajena a la mitolog\u00eda celta (ver bibliograf\u00eda, Las fiestas celtas de Guyonvarc&#039;h &amp; Le Roux).<\/p>\n<hr class=\"wp-block-separator\" \/>\n<p class=\"has-text-align-justify\">El jabal\u00ed es un animal sagrado para los celtas. Es posible que primero represente la inteligencia y la astucia, por lo que se asocia con el conocimiento; pero tambi\u00e9n est\u00e1 ligado al otro mundo, el Sidh. Es por tanto naturalmente el animal emblem\u00e1tico de la clase sacerdotal, los druidas cuya palabra significa: &quot;los muy sabios&quot; y que son los responsables de la relaci\u00f3n con el otro mundo, lo sagrado y los dioses. Parece que algunos se autodenominaban &quot;jabal\u00ed&quot;, en <a href=\"https:\/\/mythslegendes.com\/es\/mitologia-gala\/\">g\u00e1lico<\/a> &quot;torcos&quot;, donde reconocemos la ra\u00edz de la palabra &quot;torque&quot; que designa el collar que llevan los dioses o dignatarios deificados. Podemos ver una relaci\u00f3n con el culto a la cabeza de los celtas. Adem\u00e1s, la cabeza de jabal\u00ed, un caso raro para los animales, lleva un nombre espec\u00edfico: la cabeza (que podr\u00eda tener la misma ra\u00edz que los uros). Est\u00e1 representada en los escudos, en los pomos de las espadas y con mucha frecuencia forma el pabell\u00f3n de los carnyxes, estas trompetas de guerra destinadas tal vez a impresionar al enemigo y a dar valor a los combatientes con sus horribles &quot;gritos&quot; pero que ciertamente han una funci\u00f3n simb\u00f3lica, ritual, incluso m\u00e1gica, al menos originalmente.<\/p>\n<hr class=\"wp-block-separator\" \/>\n<p class=\"has-text-align-justify\">Scathach, en la mitolog\u00eda celta irlandesa, es un mago poderoso y temible que habita en <a href=\"https:\/\/mythslegendes.com\/es\/mitologia-escocesa-2\/\">Escocia<\/a>, algunos textos se refieren a la Isla de Skye. Es hija de Buanuinne, rey de Escocia y madre de Lasair, Inghean Bhuidhe, Latiaran y Uathach.<\/p>\n\n<p class=\"has-text-align-justify\">Se llega a su residencia por el Pont-des-Sauts, que se estrecha y se vuelve resbaladizo o se estira y se endereza para aplastar al visitante imprudente. Ella misma iniciadora de los guerreros m\u00e1s valientes, experta en magia, en el arte de la guerra y el sexo, comanda un grupo de mujeres que educan a los h\u00e9roes.<\/p>\n\n<p class=\"has-text-align-justify\">Sus alumnos m\u00e1s prestigiosos son Noise, Ferdiad, C\u00fachulainn, solo este \u00faltimo tiene el privilegio de saber manejar y poseer el gae bolga. No deben convertirse en enemigos entre s\u00ed. Este juramento no ser\u00e1 respetado ya que C\u00fachulainn matar\u00e1 a Ferdiad en un solo combate, durante la Razzia des cows de Cooley (ver la historia T\u00e1in B\u00f3 C\u00faailnge).<\/p>\n<hr class=\"wp-block-separator\" \/>\n<p class=\"has-text-align-justify\">Semias, cuyo nombre significar\u00eda &quot;sutil&quot;, era el druida que gobernaba la isla de Murias (el significado del top\u00f3nimo es el mar). De aqu\u00ed provienen los talismanes del Caldero y el Club Dagda. El Caldero que nunca se vac\u00eda representa la abundancia y se encuentra en forma de Grial en el legendario Arturo; es inseparable de la lanza de Lug, un arma mortal con cada golpe pero que tambi\u00e9n se utiliza para el doblaje real. El Club mata por un extremo y resucita por el otro, es el derecho de vida o muerte.<\/p>\n<hr class=\"wp-block-separator\" \/>\n<p class=\"has-text-align-justify\">Setanta es el primer nombre de C\u00fachulainn hasta que cumple cinco a\u00f1os; tiene el significado de &quot;camino&quot;, &quot;gu\u00eda&quot;. Se cri\u00f3 en Breth Castle, en la llanura de Muirthemn\u00e9. Su guardi\u00e1n (y abuelo) el druida Cathbad lo rebautiz\u00f3 con motivo de su primera haza\u00f1a, cuando mata al perro guardi\u00e1n del herrero Culann. Es el hijo incestuoso del rey Conchobar Mac Nessa y su hermana Deichtire, concebido durante un viaje a Sidh. Tambi\u00e9n tiene padres divinos: Lug y Eithne.<\/p>\n\n<p class=\"has-text-align-justify\">Conchobar fue invitado a Culann&#039;s para un banquete anual, y Setanta, no habiendo terminado sus juegos, se unir\u00eda a \u00e9l m\u00e1s tarde. Cuando llega el rey, se le pregunta si debe venir alguien m\u00e1s, y cuando responde negativamente, se libera al mast\u00edn, que vigila la residencia todas las noches. Cuando Setanta llega, es atacado por la bestia, lo mata arroj\u00e1ndole una bala de plata por la garganta para estrangularlo y le rompe el cr\u00e1neo contra un pilar de piedra. Para compensar la p\u00e9rdida del animal, Setanta ofrece reemplazarlo y mantener la casa y los reba\u00f1os hasta que se encuentre y entrene a otro animal.<\/p>\n\n<p class=\"has-text-align-justify\">Estas haza\u00f1as se relatan en la historia Macgnimrada Conculaid (Las haza\u00f1as de la infancia de C\u00fachulainn), un episodio del T\u00e1in B\u00f3 C\u00faailnge (La incursi\u00f3n de las vacas de Cooley), que pertenece al ciclo del Ulster.<\/p>\n<hr class=\"wp-block-separator\" \/>\n<p class=\"has-text-align-justify\">Sidh es una ortograf\u00eda original de la palabra irlandesa s\u00ed, que designa el Otro Mundo en la mitolog\u00eda celta. Cabe se\u00f1alar que, siendo el concepto de pecado desconocido para los celtas, las nociones de &quot;para\u00edso&quot; e &quot;infierno&quot; no existen en el druidismo; as\u00ed como no puede haber asimilaci\u00f3n ni acercamiento con el cristiano en el m\u00e1s all\u00e1. Si no se describe expl\u00edcitamente, se repite en muchos textos irlandeses; el significado de la palabra es &quot;paz&quot;.<\/p>\n\n<p class=\"has-text-align-justify\">De esta literatura medieval, surgen tres lugares distintos de Sidh: al oeste, m\u00e1s all\u00e1 del horizonte del mar, en magn\u00edficas islas; bajo el mar, en lagos y r\u00edos donde hay suntuosos palacios de cristal con misteriosas entradas; bajo las colinas y mont\u00edculos que se convirtieron en las residencias de los Tuatha D\u00e9 Danann. El agua es el medio de acceso preferido.<\/p>\n\n<p class=\"has-text-align-justify\">El Lebor Gab\u00e1la \u00c9renn (<a href=\"https:\/\/mythslegendes.com\/es\/bibliotecas-de-libros\/\">Entregado<\/a> of the Conquests of Ireland), escrito por cl\u00e9rigos en el siglo XII, es un relato mitol\u00f3gico que narra las sucesivas ocupaciones de Irlanda desde la \u00e9poca del diluvio. Los Tuatha D\u00e9 Danann (pueblo de la diosa Dana) son dioses que provienen de cuatro islas del norte del mundo: Falias, Gorias, Finias y Murias, deben eliminar a los Fir Bolg durante la &quot;Primera Batalla de Mag Tuireadh&quot;, para instalar. Los \u00faltimos en llegar son los Milesiens, los &quot;hijos de Mile&quot;, originarios de Espa\u00f1a, vencer\u00e1n a los Tuatha D\u00e9 Danann que se ven obligados a refugiarse en Sidh, cada dios tiene el suyo. Sin embargo, este lugar m\u00edtico escapa a la geograf\u00eda, ya que est\u00e1 en todas partes, paralelo al mundo de los hombres.<\/p>\n\n<p class=\"has-text-align-justify\">Si los dioses pueden venir y vagar como les plazca en el mundo humano, rara vez es posible lo contrario. Solo los h\u00e9roes, seres excepcionales, como C\u00fachulainn, Conle o Bran Mac Febail, tienen el privilegio de visitar y permanecer en Sidh, generalmente por invitaci\u00f3n de un Bansidh. Eterno en esencia, todo hombre que entra no puede volver a la condici\u00f3n humana. Entonces estos hombres que creen que pasan unas horas o unos d\u00edas en compa\u00f1\u00eda de los dioses y permanecen all\u00ed durante varios siglos. Cuando regresan a casa, se convierten en polvo porque llevan mucho tiempo muertos. El per\u00edodo de Samain (A\u00f1o Nuevo de los celtas, alrededor del 1 de noviembre) es propicio para la apertura del sidh.<\/p>\n\n<p class=\"has-text-align-justify\">El Otro Mundo de los antiguos irlandeses tambi\u00e9n lleva los nombres de Mag Meld (Llanura del Placer), Mag Mor (Gran Llanura), Tir na mB\u00e9o (Tierra de los Vivos), Tir na mB\u00e2n (Tierra de las Mujeres), Tir na nOg ( Land des Jeunes) y Tir Tairngire (Tierra de promesas).<\/p>\n<hr class=\"wp-block-separator\" \/>\n<p class=\"has-text-align-justify\">Sualtam o Sualtach, en la mitolog\u00eda celta irlandesa, es uno de los padres terrenales (pero no biol\u00f3gicos) de C\u00fachulainn, a quien tuvo con su esposa Deichtire. El significado de su nombre es &quot;criador&quot;.<\/p>\n\n<p class=\"has-text-align-justify\">En la epopeya m\u00edtica del \u201cRodeo de las vacas Cooley\u201d (T\u00e1in B\u00f3 C\u00faailnge del ciclo del Ulster), se dirige a su hijo moribundo, despu\u00e9s de haber librado muchas batallas contra los guerreros de Irlanda. C\u00fachulainn le pide que busque ayuda de los Ulates (habitantes del reino de Ulster). Llegado a Emain Macha, arenga a Conchobar Mac Nessa, pero de la misma manera, infringe una geis que proh\u00edbe a los Ulates hablar ante su rey y al rey hablar ante sus druidas. Cathbad, usando su magia, lo mata bajo los golpes de su propio escudo.<\/p>\n<hr class=\"wp-block-separator\" \/>\n<p class=\"has-text-align-justify\">Sucellos o Sucellus es el equivalente galo del dios druida irland\u00e9s Dagda, sin ser su r\u00e9plica exacta. Su consorte es Nantosuelta, que es una representaci\u00f3n de la fertilidad. M\u00e1s tarde fue asimilado a los dioses romanos Sylvain (especialmente en Narbonnaise) o Vulcano.<\/p>\n\n<p class=\"has-text-align-justify\">Como Dagda, es el dios que mata y resucita con su mazo, que sostiene en su mano izquierda. Tambi\u00e9n es el poseedor de la prosperidad, simbolizada por este otro atributo que es el caldero, en su mano derecha. Est\u00e1 de pie, con el pie apoyado en un barril, s\u00edmbolo de supervivencia. Se le describe f\u00e1cilmente como anciano y barbudo, vestido con una t\u00fanica y calzones galos, con botas. Como dador de riquezas, protector de la artesan\u00eda y la agricultura, cae bajo la tercera funci\u00f3n de productores (los otros dos son la clase sacerdotal de druidas y la clase de guerreros), mientras que el Dagda, en la tradici\u00f3n irlandesa, cae bajo el primera funci\u00f3n.<\/p>\n\t\t\t\t\t\t\t\t<\/div>\n\t\t\t\t<\/div>\n\t\t\t\t\t<\/div>\n\t\t<\/div>\n\t\t\t\t\t<\/div>\n\t\t<\/section>\n\t\t\t\t<\/div>","protected":false},"excerpt":{"rendered":"<p>Wiki de mitolog\u00eda celta Aqu\u00ed hay un glosario de la mitolog\u00eda celta: Rhiannon (Rigantona), Rosmerta, Ruadan, Rucht, Samain, Samonios (fiesta), jabal\u00ed... <\/p>","protected":false},"author":1,"featured_media":0,"parent":295,"menu_order":0,"comment_status":"closed","ping_status":"closed","template":"","meta":{"footnotes":""},"class_list":["post-359","page","type-page","status-publish","hentry"],"amp_enabled":true,"_links":{"self":[{"href":"https:\/\/mythslegendes.com\/es\/wp-json\/wp\/v2\/pages\/359","targetHints":{"allow":["GET"]}}],"collection":[{"href":"https:\/\/mythslegendes.com\/es\/wp-json\/wp\/v2\/pages"}],"about":[{"href":"https:\/\/mythslegendes.com\/es\/wp-json\/wp\/v2\/types\/page"}],"author":[{"embeddable":true,"href":"https:\/\/mythslegendes.com\/es\/wp-json\/wp\/v2\/users\/1"}],"replies":[{"embeddable":true,"href":"https:\/\/mythslegendes.com\/es\/wp-json\/wp\/v2\/comments?post=359"}],"version-history":[{"count":1,"href":"https:\/\/mythslegendes.com\/es\/wp-json\/wp\/v2\/pages\/359\/revisions"}],"predecessor-version":[{"id":24504,"href":"https:\/\/mythslegendes.com\/es\/wp-json\/wp\/v2\/pages\/359\/revisions\/24504"}],"up":[{"embeddable":true,"href":"https:\/\/mythslegendes.com\/es\/wp-json\/wp\/v2\/pages\/295"}],"wp:attachment":[{"href":"https:\/\/mythslegendes.com\/es\/wp-json\/wp\/v2\/media?parent=359"}],"curies":[{"name":"wp","href":"https:\/\/api.w.org\/{rel}","templated":true}]}}