{"id":362,"date":"2020-06-12T11:56:33","date_gmt":"2020-06-12T10:56:33","guid":{"rendered":"https:\/\/mythslegendes.com\/?page_id=362"},"modified":"2022-12-03T22:06:52","modified_gmt":"2022-12-03T22:06:52","slug":"glossaire-en-t-u-y-celtique","status":"publish","type":"page","link":"https:\/\/mythslegendes.com\/es\/mitologia-celta\/glosario-celta\/","title":{"rendered":"Glosario en TUY (celta)"},"content":{"rendered":"<div data-elementor-type=\"wp-page\" data-elementor-id=\"362\" class=\"elementor elementor-362\">\n\t\t\t\t\t\t<section class=\"elementor-section elementor-top-section elementor-element elementor-element-7ea6478 elementor-section-boxed elementor-section-height-default elementor-section-height-default\" data-id=\"7ea6478\" data-element_type=\"section\" data-e-type=\"section\">\n\t\t\t\t\t\t<div class=\"elementor-container elementor-column-gap-default\">\n\t\t\t\t\t<div class=\"elementor-column elementor-col-50 elementor-top-column elementor-element elementor-element-e8ad8c8\" data-id=\"e8ad8c8\" data-element_type=\"column\" data-e-type=\"column\">\n\t\t\t<div class=\"elementor-widget-wrap elementor-element-populated\">\n\t\t\t\t\t\t<div class=\"elementor-element elementor-element-823c433 elementor-align-justify elementor-widget elementor-widget-button\" data-id=\"823c433\" data-element_type=\"widget\" data-e-type=\"widget\" data-widget_type=\"button.default\">\n\t\t\t\t<div class=\"elementor-widget-container\">\n\t\t\t\t\t\t\t\t\t<div class=\"elementor-button-wrapper\">\n\t\t\t\t\t<a class=\"elementor-button elementor-button-link elementor-size-sm\" href=\"https:\/\/mythslegendes.com\/es\/mitologia-celta\/\">\n\t\t\t\t\t\t<span class=\"elementor-button-content-wrapper\">\n\t\t\t\t\t\t\t\t\t<span class=\"elementor-button-text\">Mitolog\u00eda celta<\/span>\n\t\t\t\t\t<\/span>\n\t\t\t\t\t<\/a>\n\t\t\t\t<\/div>\n\t\t\t\t\t\t\t\t<\/div>\n\t\t\t\t<\/div>\n\t\t\t\t\t<\/div>\n\t\t<\/div>\n\t\t\t\t<div class=\"elementor-column elementor-col-50 elementor-top-column elementor-element elementor-element-28b7f98\" data-id=\"28b7f98\" data-element_type=\"column\" data-e-type=\"column\">\n\t\t\t<div class=\"elementor-widget-wrap elementor-element-populated\">\n\t\t\t\t\t\t<div class=\"elementor-element elementor-element-5b04657 elementor-align-justify elementor-widget elementor-widget-button\" data-id=\"5b04657\" data-element_type=\"widget\" data-e-type=\"widget\" data-widget_type=\"button.default\">\n\t\t\t\t<div class=\"elementor-widget-container\">\n\t\t\t\t\t\t\t\t\t<div class=\"elementor-button-wrapper\">\n\t\t\t\t\t<a class=\"elementor-button elementor-button-link elementor-size-sm\" href=\"https:\/\/fr.wikipedia.org\/wiki\/Mythologie_celtique\" target=\"_blank\" rel=\"noopener\">\n\t\t\t\t\t\t<span class=\"elementor-button-content-wrapper\">\n\t\t\t\t\t\t\t\t\t<span class=\"elementor-button-text\">Wiki<\/span>\n\t\t\t\t\t<\/span>\n\t\t\t\t\t<\/a>\n\t\t\t\t<\/div>\n\t\t\t\t\t\t\t\t<\/div>\n\t\t\t\t<\/div>\n\t\t\t\t\t<\/div>\n\t\t<\/div>\n\t\t\t\t\t<\/div>\n\t\t<\/section>\n\t\t\t\t<section class=\"elementor-section elementor-top-section elementor-element elementor-element-3659471a elementor-section-boxed elementor-section-height-default elementor-section-height-default\" data-id=\"3659471a\" data-element_type=\"section\" data-e-type=\"section\">\n\t\t\t\t\t\t<div class=\"elementor-container elementor-column-gap-default\">\n\t\t\t\t\t<div class=\"elementor-column elementor-col-100 elementor-top-column elementor-element elementor-element-43a7f77\" data-id=\"43a7f77\" data-element_type=\"column\" data-e-type=\"column\">\n\t\t\t<div class=\"elementor-widget-wrap elementor-element-populated\">\n\t\t\t\t\t\t<div class=\"elementor-element elementor-element-499ad019 elementor-widget elementor-widget-text-editor\" data-id=\"499ad019\" data-element_type=\"widget\" data-e-type=\"widget\" data-widget_type=\"text-editor.default\">\n\t\t\t\t<div class=\"elementor-widget-container\">\n\t\t\t\t\t\t\t\t\t\n<p>Aqu\u00ed hay un glosario de <a href=\"https:\/\/mythslegendes.com\/es\/\">mitolog\u00eda<\/a> <a href=\"https:\/\/mythslegendes.com\/es\/mythes-et-legendes-celtiques-20\/\">c\u00e9ltico<\/a> : <strong>Tailtiu, Taliesin, Tara, Taranis, Teutates (Toutatis), Tristan e Iseut, Tuan Mac Cairill, Tuatha D\u00e9 Danann, Uiscias (y la espada de Nuada), Ys, Yspaddaden<\/strong><\/p>\n<p><img decoding=\"async\" class=\"alignnone wp-image-5284 size-full\" src=\"https:\/\/mythslegendes.com\/wp-content\/uploads\/2020\/09\/AlphaOmega-e1602613368367.png\" alt=\"Glosario celta\" width=\"25\" height=\"26\" title=\"\"><\/p>\n<div id=\"ez-toc-container\" class=\"ez-toc-v2_0_82_2 counter-hierarchy ez-toc-counter ez-toc-grey ez-toc-container-direction\">\n<div class=\"ez-toc-title-container\">\n<p class=\"ez-toc-title\" style=\"cursor:inherit\">Contenido<\/p>\n<span class=\"ez-toc-title-toggle\"><a href=\"#\" class=\"ez-toc-pull-right ez-toc-btn ez-toc-btn-xs ez-toc-btn-default ez-toc-toggle\" aria-label=\"Alternar tabla de contenidos\"><span class=\"ez-toc-js-icon-con\"><span class=\"\"><span class=\"eztoc-hide\" style=\"display:none;\">Palanca<\/span><span class=\"ez-toc-icon-toggle-span\"><svg style=\"fill: #999;color:#999\" xmlns=\"http:\/\/www.w3.org\/2000\/svg\" class=\"list-377408\" width=\"20px\" height=\"20px\" viewbox=\"0 0 24 24\" fill=\"none\"><path d=\"M6 6H4v2h2V6zm14 0H8v2h12V6zM4 11h2v2H4v-2zm16 0H8v2h12v-2zM4 16h2v2H4v-2zm16 0H8v2h12v-2z\" fill=\"currentColor\"><\/path><\/svg><svg style=\"fill: #999;color:#999\" class=\"arrow-unsorted-368013\" xmlns=\"http:\/\/www.w3.org\/2000\/svg\" width=\"10px\" height=\"10px\" viewbox=\"0 0 24 24\" version=\"1.2\" baseprofile=\"tiny\"><path d=\"M18.2 9.3l-6.2-6.3-6.2 6.3c-.2.2-.3.4-.3.7s.1.5.3.7c.2.2.4.3.7.3h11c.3 0 .5-.1.7-.3.2-.2.3-.5.3-.7s-.1-.5-.3-.7zM5.8 14.7l6.2 6.3 6.2-6.3c.2-.2.3-.5.3-.7s-.1-.5-.3-.7c-.2-.2-.4-.3-.7-.3h-11c-.3 0-.5.1-.7.3-.2.2-.3.5-.3.7s.1.5.3.7z\"\/><\/svg><\/span><\/span><\/span><\/a><\/span><\/div>\n<nav><ul class='ez-toc-list ez-toc-list-level-1' ><li class='ez-toc-page-1 ez-toc-heading-level-2'><a class=\"ez-toc-link ez-toc-heading-1\" href=\"https:\/\/mythslegendes.com\/es\/mitologia-celta\/glosario-celta\/#Glossaire-Celtique\" >Glosario celta<\/a><\/li><\/ul><\/nav><\/div>\n<h2><span class=\"ez-toc-section\" id=\"Glossaire-Celtique\"><\/span>Glosario celta<span class=\"ez-toc-section-end\"><\/span><\/h2>\n<p class=\"has-text-align-justify\">Tailtiu, en la mitolog\u00eda celta irlandesa, es hija de Mag Mor, &quot;Rey de Espa\u00f1a&quot; y esposa del \u00faltimo rey de Fir Bolg, Eochaid Mac Eirc, cuyo reinado es conocido por su justicia y prosperidad. Est\u00e1 presente en el texto m\u00edtico Lebor Gab\u00e1la \u00c9renn (<a href=\"https:\/\/mythslegendes.com\/es\/bibliotecas-de-libros\/\">Entregado<\/a> de las Conquistas de Irlanda). Ella tala el bosque de Breg para convertirlo en una llanura cultivable, lo que la hace morir de agotamiento. El bosque de Breg da paso a un campo de tr\u00e9boles, hoy planta emblem\u00e1tica. La etimolog\u00eda de su nombre es com\u00fan con la del terreno, tambi\u00e9n dej\u00f3 su nombre a un pueblo de la provincia de Meath, Teltown (entre Navan y Kells). Ella es una de las encarnaciones de Irlanda.<\/p>\n\n<p class=\"has-text-align-justify\">Habiendo sobrevivido a la &quot;Primera Batalla de Mag Tured&quot; en la que los Tuatha D\u00e9 Danann derrotaron a los Fir Bolg, se convierte en la madre adoptiva del dios Lug. A su muerte, organiza ceremonias en su honor (\u00c1enach Tailteann) durante la fiesta de Lugnasad.<\/p>\n<hr class=\"wp-block-separator\" \/>\n<p class=\"has-text-align-justify\">Taliesin naci\u00f3 hacia el 534 y muri\u00f3 hacia el 599, ser\u00eda hijo de San Henwg de Llanhennock. Es uno de los Cynfeirdd, es decir de los primeros bardos, algunos han propuesto la idea seg\u00fan la cual su obra fue compuesta en el C\u00e1mbrico. Seg\u00fan la Historia Brittonum atribuida a Nennius, es contempor\u00e1neo de Aneirin y uno de los m\u00e1s grandes poetas de <a href=\"https:\/\/mythslegendes.com\/es\/mitologia-bretona\/\">Breta\u00f1a<\/a>.<\/p>\n\n<p class=\"has-text-align-justify\">Se le atribuyen y autentifican una docena de poemas del Libro de Taliesin, que son alabanzas a los diferentes reyes a cuyo servicio estuvo adscrito. Hacia 555 fue bardo del rey de Powys Brochfael, luego de su sucesor, Kynan Garwyn y finalmente del rey de Rheged (actual Cumberland) Urien y su hijo Owain mab Urien. El poeta Alfred Tennyson (1809-1892), en su colecci\u00f3n Idilios del Rey, lo incorpora al <a href=\"https:\/\/mythslegendes.com\/es\/\">leyenda<\/a> Arturo y de hecho bardo del m\u00edtico Rey Arturo.<\/p>\n\n<p class=\"has-text-align-justify\">En el siglo XVI, Elis Gruffydd, un soldado <a href=\"https:\/\/mythslegendes.com\/es\/mitologia-galesa\/\">gal\u00e9s<\/a> guarnecido en Calais (entonces ciudad inglesa) compuso Hanes Taliesin: el cuento de Taliesin. Este texto que relata el nacimiento m\u00edtico del bardo y explica sus poderes m\u00e1gicos fue traducido al ingl\u00e9s en el siglo XIX por Lady Charlotte Guest y publicado en el Mabinogion.<\/p>\n\n<p>* La historia de Gwion Bach:<\/p>\n\n<p class=\"has-text-align-justify\">Tegid Voel (el \u201ccalvo\u201d) vive en <a href=\"https:\/\/mythslegendes.com\/es\/mitologia-galesa\/\">Gales<\/a> Durante el reinado de Arturo, el nombre de su esposa es Ceridwenn, es experta en magia, adivinaci\u00f3n y brujer\u00eda. Tienen un hijo horrible con un comportamiento odioso, llamado Morvran pero apodado Avangddu (es decir, el Monstruo Negro, por el color de su piel); tambi\u00e9n tienen una hija, Creirfyw, la bella mayor de esa \u00e9poca. El hijo es rechazado por todos y para que sea aceptado su madre decide darle el don de la inspiraci\u00f3n prof\u00e9tica. Para ello necesita plantas recogidas en momentos determinados, luego las pone en un caldero lleno de agua y hierve la mezcla durante un a\u00f1o y un d\u00eda. Pasado este tiempo obtenemos tres gotas que convierten a la persona sobre la que caen en sabio y adivino. El resto del caldo es un poderoso veneno. Un anciano ciego, cuyo nombre desconocemos, se encarga de vigilar el caldero, tiene un gu\u00eda llamado Gwion Bach que se encarga del fuego debajo del caldero, Ceridwenn mantiene el nivel del agua. El hijo monstruoso se coloca cerca del caldero, para recibir las tres gotas cuando llegue el momento. Mientras la madre se ha quedado dormida, las gotas saltan y caen sobre Gwion Bach, que ocupa \u00e1gilmente el lugar de Morvran. El caldero explota bajo el efecto del veneno, Ceridwenn se despierta y Gwion Bach adivina instant\u00e1neamente que decidir\u00e1 matarlo. Huy\u00f3 tomando la apariencia de una liebre. Es el episodio de diferentes metamorfosis: un salm\u00f3n azul, un perro, un ciervo, un corzo, un poste, una cuerda, un hacha, etc. En la persecuci\u00f3n, Ceridwenn se transforma tantas veces. En un granero, se transforma en un grano de trigo, Ceridwenn toma la apariencia de una gallina negra, se traga el grano de trigo y da a luz a Gwion Bach. Incapaz de decidirse a matarlo, coloca al ni\u00f1o en una barcaza y lo abandona en el mar.<\/p>\n\n<p>* La historia de Taliesin:<\/p>\n\n<p class=\"has-text-align-justify\">Squire Gwyddno Garanhir dirige una pesquer\u00eda en Caer Ddegannwy, en el estuario de Coonwy. Cada 1 de noviembre le trae una gran cantidad de salm\u00f3n. Tiene un hijo, Elffin, que es un sirviente de la corte del rey Maelgwn. El 1 de noviembre, Elffin, ayudado por sus amigos, recoger\u00e1 las capturas habituales, pero la trampa est\u00e1 vac\u00eda excepto por un barquillo. Corta los cordones de cuero y aparece una frente blanca (tal-iesin). Es el infante Gwion Bach quien ha vagado por el mar durante cuarenta a\u00f1os. Elffin pone el saco en un caballo para llev\u00e1rselo a casa y Taliesin comienza una canci\u00f3n que deber\u00eda consolar al infortunado pecador: su hallazgo es mucho m\u00e1s valioso que el salm\u00f3n. A partir de este d\u00eda, la fortuna de Elffin aumenta considerablemente, al igual que su reputaci\u00f3n en la corte del rey. Adem\u00e1s, se jacta de tener un bardo m\u00e1s culto que todos los bardos del rey y de que su esposa es la m\u00e1s estimada del reino; lo que le vali\u00f3 ser encarcelado. El rey env\u00eda a su hijo Rhun al castillo de Elffin para seducir a la esposa de los desvergonzados. Taliesin, que conoce el futuro, reemplaza a la mujer por una de sus sirvientas a quien Rhun pone a dormir con una poci\u00f3n, \u00e9l toma el control y le corta el dedo, llevando un anillo. El rey convoca a Elffin y le presenta su dedo, Elffin le demuestra con tres argumentos que este dedo no es el de su esposa, el rey furioso lo env\u00eda de regreso a prisi\u00f3n. Taliesin le explica a la esposa de Elffin c\u00f3mo va a liberar a su amo. El bardo llega a la corte del rey, en el gran sal\u00f3n, se sienta a un lado. Los bardos de la corte, pasan frente a Taliesin quien les lanza un hechizo, llegan frente al rey para rendirle homenaje, solo saben decir &quot;blub, blub&quot;. Tanc\u00e9, Heinin su l\u00edder, le explica al rey que son v\u00edctimas de un hechizo y \u00e9ste designa al responsable que es convocado para que se explique. Taliesin habla y se presenta recitando un poema, afirmando sus or\u00edgenes b\u00edblicos y sus haza\u00f1as durante la antig\u00fcedad. Luego conecta otra canci\u00f3n en la que predice el lanzamiento de Elffin y otra que desata una formidable tormenta; el rey libera a Elffin. Taliesin le pide a Elffin que haga una apuesta con el rey, \u00e9l afirma tener un caballo m\u00e1s r\u00e1pido que cualquiera de los del rey. Se fija una fecha de competici\u00f3n, el rey llega con 24 caballos pero es el de Elffin el que gana la carrera. Taliesin luego cava un hoyo y descubrimos un caldero lleno de oro, es la recompensa por salvar al ni\u00f1o del coracle.<\/p>\n<hr class=\"wp-block-separator\" \/>\n<p class=\"has-text-align-justify\">Tara es la m\u00edtica capital de Irlanda, situada en la quinta provincia de Meath, en el centro; en <a href=\"https:\/\/mythslegendes.com\/es\/mitologia-irlandesa\/\">irlandesa<\/a>, es \u201cTeamhair na R\u00ed\u201d, la colina de los reyes. La historia Suidigud Tellach Temra (Fundaci\u00f3n del Dominio de Tara) expone la supremac\u00eda de la ciudad sobre el resto de la isla.<\/p>\n\n<p class=\"has-text-align-justify\">Los textos medievales relacionados con la tradici\u00f3n m\u00edtica de Irlanda nos dicen que est\u00e1 dividida en cuatro provincias (o cuatro reinos): Ulster (Ulaidh, en irland\u00e9s), Connaught (Connachta), Leinster (Laighin) y el Munster (Mumhain) a la que pertenece. a\u00f1adi\u00f3 el de Meath (Midhe) que se compone de parte de los dem\u00e1s. Se encuentra en el centro y all\u00ed est\u00e1 la ciudad de Tara, residencia de los \u201card ri \u00c9renn\u201d, los reyes supremos, aconsejados por los druidas. Es el lugar de todas las asambleas religiosas, pol\u00edticas y judiciales, as\u00ed como de la entronizaci\u00f3n del rey que es la ocasi\u00f3n de la famosa &quot;Fiesta de Tara&quot;.<\/p>\n\n<p class=\"has-text-align-justify\">En el per\u00edodo hist\u00f3rico, la realeza de Tara habr\u00eda sido asumida por los reyes de Leinster en los siglos IV y V, luego por los de Ulster, para ser finalmente monopolizada por la dinast\u00eda de Ui N\u00e9ill en el siglo VII y que se convertir\u00e1 en el ri Erenn (el Rey de Irlanda).<\/p>\n\n<p class=\"has-text-align-justify\">Es en Tara donde tiene lugar el enfrentamiento entre San Patricio y Loegaire, tambi\u00e9n es en este lugar donde se encuentra el talism\u00e1n de la Piedra de Fal (Lia F\u00e2il - ver Morfessa), s\u00edmbolo de la Soberan\u00eda.<\/p>\n<hr class=\"wp-block-separator\" \/>\n<p class=\"has-text-align-justify\">Taranis es, junto con Esus y Teutates, uno de los dioses de una supuesta tr\u00edada celta atestiguada por el poeta latino Lucano. Es uno de los dioses m\u00e1s importantes del pante\u00f3n. <a href=\"https:\/\/mythslegendes.com\/es\/mitologia-gala\/\">g\u00e1lico<\/a>. Su nombre significa \u201cel atronador\u201d (tarann en <a href=\"https:\/\/mythslegendes.com\/es\/mitologia-bretona\/\">bret\u00f3n<\/a> y gal\u00e9s).<\/p>\n\n<p>Se cree que Taranis es principalmente el dios del cielo, el rayo y el trueno.<\/p>\n\n<p class=\"has-text-align-justify\">Su culto est\u00e1 atestiguado en Gran Breta\u00f1a, Renania, Dalmacia, Provenza, Auvernia, Breta\u00f1a y Hungr\u00eda. Sus primeras representaciones se concretaron poco antes de la conquista romana. Momentos agitados en los que, bajo la influencia de sus vecinos, el <a href=\"https:\/\/mythslegendes.com\/es\/mitologia-gala\/\">Galia<\/a> comenz\u00f3 a representar a sus dioses en forma de estatuas y erigi\u00f3 altares y lugares de culto para ellos que eran m\u00e1s importantes que antes. Se han encontrado siete altares dedicados a Taranis, todos con inscripciones en griego o lat\u00edn, en toda Europa continental. Tambi\u00e9n podemos mencionar el magn\u00edfico caldero de Gundestrup (200 o 100 a. C.) encontrado en Dinamarca. Este pebetero es una de las piezas m\u00e1s bellas que poseemos, ilustrando, entre otros, al gran Taranis.<\/p>\n\n<p class=\"has-text-align-justify\">Este Dios ser\u00eda representado con mayor frecuencia como un hombre de mediana edad, barbudo y viril cuyos atributos distintivos son la rueda del sol, un cetro y eses (rel\u00e1mpagos). A veces se acompa\u00f1a de animales: caballo (animal en el papel de psicopompo), \u00e1guila o serpiente.<\/p>\n<hr class=\"wp-block-separator\" \/>\n<p class=\"has-text-align-justify\">Teutates es un te\u00f3nimo galo que solo conocemos de la epopeya La Pharsale de Lucain, una historia de la guerra civil entre Julio C\u00e9sar y Pompeyo; se le menciona con Esus y Taranis. Es una forma arcaica o una variante de Toutatis, proviene de teut\u00e3 que evolucion\u00f3 a touta y tot\u00e3. El significado es &quot;padre de la tribu, de la naci\u00f3n&quot;, es el dios protector de una comunidad y su territorio, con una connotaci\u00f3n b\u00e9lica. Es la misma noci\u00f3n que encontramos en la mitolog\u00eda celta irlandesa de tuath (la tribu), con los Tuatha D\u00e9 Danann. Teutates puede compararse con Dagda y compararse con el Marte romano. Pero dada la debilidad de las fuentes, dif\u00edcilmente es posible decir m\u00e1s.<\/p>\n<hr class=\"wp-block-separator\" \/>\n<p class=\"has-text-align-justify\">Tlachtga, en la mitolog\u00eda celta irlandesa, es una druida (bandrui, que significa &quot;mujer-druida&quot;), conocida por el poder de su magia. Su padre es uno de los druidas m\u00e1s famosos de Irlanda, es Mog Ruith.<\/p>\n\n<p class=\"has-text-align-justify\">Durante su iniciaci\u00f3n acompa\u00f1\u00f3 a su padre en sus viajes, as\u00ed aprendi\u00f3 los secretos de su magia. En particular, descubri\u00f3 piedras sagradas en Italia. Es secuestrada y violada por los tres hijos de Sim\u00f3n el Mago. A su regreso a <a href=\"https:\/\/mythslegendes.com\/es\/mitologia-irlandesa\/\">Irlanda<\/a>, da a luz a trillizos cuyos padres son obviamente diferentes. Sus nombres son Cumma, Doirb y Muach. El triple nacimiento es un tema com\u00fan en la mitolog\u00eda celta, al igual que la muerte provocada por el duelo.<\/p>\n\n<p class=\"has-text-align-justify\">La clase sacerdotal de <a href=\"https:\/\/mythslegendes.com\/es\/mythes-et-legendes-celtiques-20\/\">Celtas<\/a> estaba abierto a las mujeres y m\u00e1s particularmente a la funci\u00f3n de profec\u00eda, asumida por los vates (ver por ejemplo las Gallisenas de \u00cele-de-Sein).<\/p>\n<hr class=\"wp-block-separator\" \/>\n<p class=\"has-text-align-justify\">Tuan Mac Cairill (Tuan hijo de Cairill) es el \u00fanico superviviente del cataclismo que diezm\u00f3 al m\u00edtico pueblo de los partolonios.<\/p>\n\n<p class=\"has-text-align-justify\">Seg\u00fan el Lebor Gab\u00e1la \u00c9renn (Libro de las conquistas de Irlanda), los partholonianos (nombrados en honor a su l\u00edder Partholon) llegaron a Irlanda 312 a\u00f1os despu\u00e9s del Diluvio en la fiesta de Beltaine (1 de mayo). Su reinado durar\u00e1 5000 a\u00f1os, se les atribuye la invenci\u00f3n del druidismo, la agricultura, la cr\u00eda, la metalurgia. Al mismo tiempo, deben luchar contra los formorianos.<\/p>\n\n<p class=\"has-text-align-justify\">Tuan es tanto el Hombre como el Druida primordial. Solo debe su supervivencia a sucesivas metamorfosis animales, para volver finalmente al estado humano, para transmitir su ciencia. Bajo Partholon, fue un hombre durante cien a\u00f1os; luego, en la \u00e9poca de Nemed, fue un ciervo durante trescientos a\u00f1os; es un jabal\u00ed (o una cabra) bajo el mando de Senion durante doscientos a\u00f1os; fue un raptor bajo Beothach durante trescientos a\u00f1os; y a\u00fan cien a\u00f1os bajo el reinado de Mile, tiene la forma de un salm\u00f3n. De esta forma es capturado por un pescador que se lo ofrece a la reina Cairill. Ella se lo come y \u00e9l vuelve a ser humano con el nombre de Tuan Mac Cairill.<\/p>\n<hr class=\"wp-block-separator\" \/>\n<p class=\"has-text-align-justify\">Los Tuatha D\u00e9 D\u00e2nann (pueblo de la diosa Dana) son dioses que provienen de cuatro islas del norte del mundo: Falias, Gorias, Findias y Murias; de estas ciudades m\u00edticas traen cinco talismanes: la lanza de Lug, la espada de Nuada, el caldero y el garrote de Dagda y la piedra de Fal.<\/p>\n\n<p class=\"has-text-align-justify\">Cuando los Tuatha D\u00e9 D\u00e2nann llegan a Irlanda, la fiesta de Beltaine, la isla est\u00e1 ocupada por los Fir Bolg que ser\u00e1n derrotados durante la &quot;Cath Maighe Tuireadh&quot; (la Batalla de Mag Tuireadh) (esta es la tercera conquista).<\/p>\n\n<p class=\"has-text-align-justify\">Los Tuatha D\u00e9 Danann que encontramos en muchos relatos son el pueblo m\u00edtico de Irlanda, pero no exclusivamente ya que se encuentran, bajo diferentes formas y generalmente con otros nombres, en todo el mundo celta. Son dioses, diosas, h\u00e9roes, magos (Bansidh). Domina el druidismo, el conocimiento y las artes. Manannan Mac Lir les proporciona cerdos m\u00e1gicos que les confieren inmortalidad. Pero frente a los milesios, deben volver a caer en el Sidh. Cabe se\u00f1alar que los dioses se borran frente a los humanos, ya que los &quot;hijos de Mile&quot; son los ga\u00e9licos.<\/p>\n\n<p>Sus tres druidas primordiales son Eoloas (Conocimiento), Fiss (Conocimiento) y Fochmarc (Investigaci\u00f3n).<\/p>\n<hr class=\"wp-block-separator\" \/>\n<p class=\"has-text-align-justify\">Uiscias, cuyo nombre hace referencia al agua, fue el druida que gobern\u00f3 la isla de Findias (el significado del top\u00f3nimo es &quot;el Blanco&quot;). De aqu\u00ed proviene el talism\u00e1n de la Espada de Nuada, que representa la soberan\u00eda y la guerra. Esta arma es infalible, sus heridas fatales.<\/p>\n<hr class=\"wp-block-separator\" \/>\n<p class=\"has-text-align-justify\">Yspaddaden, en la mitolog\u00eda celta galesa, es el l\u00edder de los gigantes, que aparece en el cuento medieval, Kulhwch y Olwen. Hay una maldici\u00f3n de que pierde la vida cuando su hija, la hermosa Olwen (&quot;rastro blanco&quot;), se casa. Inevitablemente, surge un pretendiente: Kulhwch. La recepci\u00f3n es violenta, el gigante recibe al pretendiente y a la gente de su suite, arroj\u00e1ndoles piedras y lanzas envenenadas. Estas tres lanzas le son devueltas, la primera le hiere la rodilla, la segunda le atraviesa el pecho y la tercera le penetra el ojo para salir por el cuello. Finalmente, impone a Kulhwch una serie de pruebas extremadamente dif\u00edciles de lograr, al final de las cuales tendr\u00e1 a Olwen.<\/p>\n\t\t\t\t\t\t\t\t<\/div>\n\t\t\t\t<\/div>\n\t\t\t\t\t<\/div>\n\t\t<\/div>\n\t\t\t\t\t<\/div>\n\t\t<\/section>\n\t\t\t\t<\/div>","protected":false},"excerpt":{"rendered":"<p>Wiki de mitolog\u00eda celta Aqu\u00ed hay un glosario de la mitolog\u00eda celta: Tailtiu, Taliesin, Tara, Taranis, Teutates (Toutatis), Trist\u00e1n e Isolda, \u2026 <\/p>","protected":false},"author":1,"featured_media":0,"parent":295,"menu_order":0,"comment_status":"closed","ping_status":"closed","template":"","meta":{"footnotes":""},"class_list":["post-362","page","type-page","status-publish","hentry"],"amp_enabled":true,"_links":{"self":[{"href":"https:\/\/mythslegendes.com\/es\/wp-json\/wp\/v2\/pages\/362","targetHints":{"allow":["GET"]}}],"collection":[{"href":"https:\/\/mythslegendes.com\/es\/wp-json\/wp\/v2\/pages"}],"about":[{"href":"https:\/\/mythslegendes.com\/es\/wp-json\/wp\/v2\/types\/page"}],"author":[{"embeddable":true,"href":"https:\/\/mythslegendes.com\/es\/wp-json\/wp\/v2\/users\/1"}],"replies":[{"embeddable":true,"href":"https:\/\/mythslegendes.com\/es\/wp-json\/wp\/v2\/comments?post=362"}],"version-history":[{"count":1,"href":"https:\/\/mythslegendes.com\/es\/wp-json\/wp\/v2\/pages\/362\/revisions"}],"predecessor-version":[{"id":24505,"href":"https:\/\/mythslegendes.com\/es\/wp-json\/wp\/v2\/pages\/362\/revisions\/24505"}],"up":[{"embeddable":true,"href":"https:\/\/mythslegendes.com\/es\/wp-json\/wp\/v2\/pages\/295"}],"wp:attachment":[{"href":"https:\/\/mythslegendes.com\/es\/wp-json\/wp\/v2\/media?parent=362"}],"curies":[{"name":"wp","href":"https:\/\/api.w.org\/{rel}","templated":true}]}}