{"id":3683,"date":"2020-07-26T21:08:39","date_gmt":"2020-07-26T20:08:39","guid":{"rendered":"https:\/\/mythslegendes.com\/?page_id=3683"},"modified":"2023-03-04T22:53:05","modified_gmt":"2023-03-04T22:53:05","slug":"mythologie-lenape-delaware","status":"publish","type":"page","link":"https:\/\/mythslegendes.com\/es\/lenape-delaware-mitologia\/","title":{"rendered":"Mitolog\u00eda de Lenape-Delaware"},"content":{"rendered":"<div data-elementor-type=\"wp-page\" data-elementor-id=\"3683\" class=\"elementor elementor-3683\">\n\t\t\t\t\t\t<section class=\"elementor-section elementor-top-section elementor-element elementor-element-4195d2a elementor-section-boxed elementor-section-height-default elementor-section-height-default\" data-id=\"4195d2a\" data-element_type=\"section\" data-e-type=\"section\">\n\t\t\t\t\t\t<div class=\"elementor-container elementor-column-gap-default\">\n\t\t\t\t\t<div class=\"elementor-column elementor-col-33 elementor-top-column elementor-element elementor-element-1df2585\" data-id=\"1df2585\" data-element_type=\"column\" data-e-type=\"column\">\n\t\t\t<div class=\"elementor-widget-wrap elementor-element-populated\">\n\t\t\t\t\t\t<div class=\"elementor-element elementor-element-665bd2f elementor-align-justify elementor-widget elementor-widget-button\" data-id=\"665bd2f\" data-element_type=\"widget\" data-e-type=\"widget\" data-widget_type=\"button.default\">\n\t\t\t\t<div class=\"elementor-widget-container\">\n\t\t\t\t\t\t\t\t\t<div class=\"elementor-button-wrapper\">\n\t\t\t\t\t<a class=\"elementor-button elementor-button-link elementor-size-sm\" href=\"https:\/\/mythslegendes.com\/es\/mythes-et-legendes-algiques-2118\/\">\n\t\t\t\t\t\t<span class=\"elementor-button-content-wrapper\">\n\t\t\t\t\t\t\t\t\t<span class=\"elementor-button-text\">Volver al Grupo Cultural<\/span>\n\t\t\t\t\t<\/span>\n\t\t\t\t\t<\/a>\n\t\t\t\t<\/div>\n\t\t\t\t\t\t\t\t<\/div>\n\t\t\t\t<\/div>\n\t\t\t\t\t<\/div>\n\t\t<\/div>\n\t\t\t\t<div class=\"elementor-column elementor-col-33 elementor-top-column elementor-element elementor-element-9484322\" data-id=\"9484322\" data-element_type=\"column\" data-e-type=\"column\">\n\t\t\t<div class=\"elementor-widget-wrap elementor-element-populated\">\n\t\t\t\t\t\t<div class=\"elementor-element elementor-element-33d6a6a elementor-align-justify elementor-widget elementor-widget-button\" data-id=\"33d6a6a\" data-element_type=\"widget\" data-e-type=\"widget\" data-widget_type=\"button.default\">\n\t\t\t\t<div class=\"elementor-widget-container\">\n\t\t\t\t\t\t\t\t\t<div class=\"elementor-button-wrapper\">\n\t\t\t\t\t<a class=\"elementor-button elementor-button-link elementor-size-sm\" href=\"https:\/\/mythslegendes.com\/es\/bibliotecas-de-libros\/\">\n\t\t\t\t\t\t<span class=\"elementor-button-content-wrapper\">\n\t\t\t\t\t\t\t\t\t<span class=\"elementor-button-text\">Tienda dedicada<\/span>\n\t\t\t\t\t<\/span>\n\t\t\t\t\t<\/a>\n\t\t\t\t<\/div>\n\t\t\t\t\t\t\t\t<\/div>\n\t\t\t\t<\/div>\n\t\t\t\t\t<\/div>\n\t\t<\/div>\n\t\t\t\t<div class=\"elementor-column elementor-col-33 elementor-top-column elementor-element elementor-element-a537c46\" data-id=\"a537c46\" data-element_type=\"column\" data-e-type=\"column\">\n\t\t\t<div class=\"elementor-widget-wrap elementor-element-populated\">\n\t\t\t\t\t\t<div class=\"elementor-element elementor-element-0d49646 elementor-align-justify elementor-widget elementor-widget-button\" data-id=\"0d49646\" data-element_type=\"widget\" data-e-type=\"widget\" data-widget_type=\"button.default\">\n\t\t\t\t<div class=\"elementor-widget-container\">\n\t\t\t\t\t\t\t\t\t<div class=\"elementor-button-wrapper\">\n\t\t\t\t\t<a class=\"elementor-button elementor-button-link elementor-size-sm\" href=\"https:\/\/fr.wikipedia.org\/wiki\/Lenapes\" target=\"_blank\" rel=\"noopener\">\n\t\t\t\t\t\t<span class=\"elementor-button-content-wrapper\">\n\t\t\t\t\t\t\t\t\t<span class=\"elementor-button-text\">Wiki<\/span>\n\t\t\t\t\t<\/span>\n\t\t\t\t\t<\/a>\n\t\t\t\t<\/div>\n\t\t\t\t\t\t\t\t<\/div>\n\t\t\t\t<\/div>\n\t\t\t\t\t<\/div>\n\t\t<\/div>\n\t\t\t\t\t<\/div>\n\t\t<\/section>\n\t\t\t\t<section class=\"elementor-section elementor-top-section elementor-element elementor-element-793fc8b8 elementor-section-boxed elementor-section-height-default elementor-section-height-default\" data-id=\"793fc8b8\" data-element_type=\"section\" data-e-type=\"section\">\n\t\t\t\t\t\t<div class=\"elementor-container elementor-column-gap-default\">\n\t\t\t\t\t<div class=\"elementor-column elementor-col-100 elementor-top-column elementor-element elementor-element-4a82a34d\" data-id=\"4a82a34d\" data-element_type=\"column\" data-e-type=\"column\">\n\t\t\t<div class=\"elementor-widget-wrap elementor-element-populated\">\n\t\t\t\t\t\t<div class=\"elementor-element elementor-element-47809c5f elementor-widget elementor-widget-text-editor\" data-id=\"47809c5f\" data-element_type=\"widget\" data-e-type=\"widget\" data-widget_type=\"text-editor.default\">\n\t\t\t\t<div class=\"elementor-widget-container\">\n\t\t\t\t\t\t\t\t\t<p><\/p>\n<div id=\"ez-toc-container\" class=\"ez-toc-v2_0_82_2 counter-hierarchy ez-toc-counter ez-toc-grey ez-toc-container-direction\">\n<div class=\"ez-toc-title-container\">\n<p class=\"ez-toc-title\" style=\"cursor:inherit\">Contenido<\/p>\n<span class=\"ez-toc-title-toggle\"><a href=\"#\" class=\"ez-toc-pull-right ez-toc-btn ez-toc-btn-xs ez-toc-btn-default ez-toc-toggle\" aria-label=\"Alternar tabla de contenidos\"><span class=\"ez-toc-js-icon-con\"><span class=\"\"><span class=\"eztoc-hide\" style=\"display:none;\">Palanca<\/span><span class=\"ez-toc-icon-toggle-span\"><svg style=\"fill: #999;color:#999\" xmlns=\"http:\/\/www.w3.org\/2000\/svg\" class=\"list-377408\" width=\"20px\" height=\"20px\" viewbox=\"0 0 24 24\" fill=\"none\"><path d=\"M6 6H4v2h2V6zm14 0H8v2h12V6zM4 11h2v2H4v-2zm16 0H8v2h12v-2zM4 16h2v2H4v-2zm16 0H8v2h12v-2z\" fill=\"currentColor\"><\/path><\/svg><svg style=\"fill: #999;color:#999\" class=\"arrow-unsorted-368013\" xmlns=\"http:\/\/www.w3.org\/2000\/svg\" width=\"10px\" height=\"10px\" viewbox=\"0 0 24 24\" version=\"1.2\" baseprofile=\"tiny\"><path d=\"M18.2 9.3l-6.2-6.3-6.2 6.3c-.2.2-.3.4-.3.7s.1.5.3.7c.2.2.4.3.7.3h11c.3 0 .5-.1.7-.3.2-.2.3-.5.3-.7s-.1-.5-.3-.7zM5.8 14.7l6.2 6.3 6.2-6.3c.2-.2.3-.5.3-.7s-.1-.5-.3-.7c-.2-.2-.4-.3-.7-.3h-11c-.3 0-.5.1-.7.3-.2.2-.3.5-.3.7s.1.5.3.7z\"\/><\/svg><\/span><\/span><\/span><\/a><\/span><\/div>\n<nav><ul class='ez-toc-list ez-toc-list-level-1' ><li class='ez-toc-page-1 ez-toc-heading-level-2'><a class=\"ez-toc-link ez-toc-heading-1\" href=\"https:\/\/mythslegendes.com\/es\/lenape-delaware-mitologia\/#Mythologie-Lenape-Delaware\" >Mitolog\u00eda de Lenape-Delaware<\/a><\/li><li class='ez-toc-page-1 ez-toc-heading-level-2'><a class=\"ez-toc-link ez-toc-heading-2\" href=\"https:\/\/mythslegendes.com\/es\/lenape-delaware-mitologia\/#Mythologie-Lenape-Delaware-textes\" >Mitolog\u00eda de Lenape-Delaware (textos)<\/a><\/li><li class='ez-toc-page-1 ez-toc-heading-level-2'><a class=\"ez-toc-link ez-toc-heading-3\" href=\"https:\/\/mythslegendes.com\/es\/lenape-delaware-mitologia\/#Livres-sur-la-mythologie-Algique\" >Libros sobre mitolog\u00eda \u00e1lgica<\/a><\/li><\/ul><\/nav><\/div>\n<h2><span class=\"ez-toc-section\" id=\"Mythologie-Lenape-Delaware\"><\/span>Mitolog\u00eda de Lenape-Delaware<span class=\"ez-toc-section-end\"><\/span><\/h2>\n<p>los <a href=\"https:\/\/mythslegendes.com\/es\/\">mitolog\u00eda<\/a> Lenape-Delaware incluye los siguientes pueblos nativos americanos: <strong>Lenapes, Lobos, Delawares, Munsee, Unami, Unalachtigo<\/strong><\/p>\n<p>los <strong>Lenapes<\/strong>, tambi\u00e9n llamado <strong>Lobos<\/strong> por los franceses en los d\u00edas de Nueva Francia y <strong>Delawares<\/strong> por los brit\u00e1nicos, son un pueblo nativo americano organizado en clanes, originario de la orilla del r\u00edo Delaware, el Hudson y el estrecho de Long Island. La gente ten\u00eda tres ramas: Munsee, Unami y Unalachtigo.<\/p>\n<p><\/p>\n<p>Los lenapes se llaman a s\u00ed mismos <em>L\u00ebni-L\u00ebnape<\/em> que podemos traducir por &quot;hombres aut\u00e9nticos&quot;. Ellos fueron llamados <em>Delawares<\/em> por los brit\u00e1nicos, porque viv\u00edan a lo largo del r\u00edo Delaware que lleva el nombre del primer gobernador de la colonia de Virginia, Thomas West, conocido como &quot;Baron de la Warr&quot;.<\/p>\n<p><img decoding=\"async\" class=\"alignnone wp-image-5284 size-full\" src=\"https:\/\/mythslegendes.com\/wp-content\/uploads\/2020\/09\/AlphaOmega-e1602613368367.png\" alt=\"Mitolog\u00eda de Lenape-Delaware\" width=\"25\" height=\"26\" title=\"\"><\/p>\n<p><\/p>\t\t\t\t\t\t\t\t<\/div>\n\t\t\t\t<\/div>\n\t\t\t\t\t<\/div>\n\t\t<\/div>\n\t\t\t\t\t<\/div>\n\t\t<\/section>\n\t\t\t\t<section class=\"elementor-section elementor-top-section elementor-element elementor-element-1e579b8 elementor-section-boxed elementor-section-height-default elementor-section-height-default\" data-id=\"1e579b8\" data-element_type=\"section\" data-e-type=\"section\">\n\t\t\t\t\t\t<div class=\"elementor-container elementor-column-gap-default\">\n\t\t\t\t\t<div class=\"elementor-column elementor-col-100 elementor-top-column elementor-element elementor-element-af3f773\" data-id=\"af3f773\" data-element_type=\"column\" data-e-type=\"column\">\n\t\t\t<div class=\"elementor-widget-wrap elementor-element-populated\">\n\t\t\t\t\t\t<div class=\"elementor-element elementor-element-ed28d12 elementor-widget elementor-widget-heading\" data-id=\"ed28d12\" data-element_type=\"widget\" data-e-type=\"widget\" data-widget_type=\"heading.default\">\n\t\t\t\t<div class=\"elementor-widget-container\">\n\t\t\t\t\t<h2 class=\"elementor-heading-title elementor-size-default\"><span class=\"ez-toc-section\" id=\"Mythologie-Lenape-Delaware-textes\"><\/span>Mitolog\u00eda de Lenape-Delaware (textos)<span class=\"ez-toc-section-end\"><\/span><\/h2>\t\t\t\t<\/div>\n\t\t\t\t<\/div>\n\t\t\t\t\t<\/div>\n\t\t<\/div>\n\t\t\t\t\t<\/div>\n\t\t<\/section>\n\t\t\t\t<section class=\"elementor-section elementor-top-section elementor-element elementor-element-da97d9d elementor-section-boxed elementor-section-height-default elementor-section-height-default\" data-id=\"da97d9d\" data-element_type=\"section\" data-e-type=\"section\">\n\t\t\t\t\t\t<div class=\"elementor-container elementor-column-gap-default\">\n\t\t\t\t\t<div class=\"elementor-column elementor-col-100 elementor-top-column elementor-element elementor-element-899b8ad\" data-id=\"899b8ad\" data-element_type=\"column\" data-e-type=\"column\">\n\t\t\t<div class=\"elementor-widget-wrap elementor-element-populated\">\n\t\t\t\t\t\t<div class=\"elementor-element elementor-element-c43e9bb elementor-widget elementor-widget-toggle\" data-id=\"c43e9bb\" data-element_type=\"widget\" data-e-type=\"widget\" data-widget_type=\"toggle.default\">\n\t\t\t\t<div class=\"elementor-widget-container\">\n\t\t\t\t\t\t\t<div class=\"elementor-toggle\">\n\t\t\t\t\t\t\t<div class=\"elementor-toggle-item\">\n\t\t\t\t\t<div id=\"elementor-tab-title-2051\" class=\"elementor-tab-title\" data-tab=\"1\" role=\"button\" aria-controls=\"elementor-tab-content-2051\" aria-expanded=\"false\">\n\t\t\t\t\t\t\t\t\t\t\t\t<span class=\"elementor-toggle-icon elementor-toggle-icon-left\" aria-hidden=\"true\">\n\t\t\t\t\t\t\t\t\t\t\t\t\t\t\t<span class=\"elementor-toggle-icon-closed\"><i class=\"fas fa-caret-right\"><\/i><\/span>\n\t\t\t\t\t\t\t\t<span class=\"elementor-toggle-icon-opened\"><i class=\"elementor-toggle-icon-opened fas fa-caret-up\"><\/i><\/span>\n\t\t\t\t\t\t\t\t\t\t\t\t\t<\/span>\n\t\t\t\t\t\t\t\t\t\t\t\t<a class=\"elementor-toggle-title\" tabindex=\"0\">Libro abierto de Lenape-Delaware: Mitolog\u00eda de Lenape<\/a>\n\t\t\t\t\t<\/div>\n\n\t\t\t\t\t<div id=\"elementor-tab-content-2051\" class=\"elementor-tab-content elementor-clearfix\" data-tab=\"1\" role=\"region\" aria-labelledby=\"elementor-tab-title-2051\"><iframe frameborder=\"0\" scrolling=\"no\" style=\"border:0px\" src=\"https:\/\/books.google.fr\/books?id=-ymWPlw6VLEC&#038;lpg=PP1&#038;dq=john%20bierhorst&#038;hl=fr&#038;pg=PP5&#038;output=embed\" width=\"500\" height=\"500\"><\/iframe><\/div>\n\t\t\t\t<\/div>\n\t\t\t\t\t\t\t<div class=\"elementor-toggle-item\">\n\t\t\t\t\t<div id=\"elementor-tab-title-2052\" class=\"elementor-tab-title\" data-tab=\"2\" role=\"button\" aria-controls=\"elementor-tab-content-2052\" aria-expanded=\"false\">\n\t\t\t\t\t\t\t\t\t\t\t\t<span class=\"elementor-toggle-icon elementor-toggle-icon-left\" aria-hidden=\"true\">\n\t\t\t\t\t\t\t\t\t\t\t\t\t\t\t<span class=\"elementor-toggle-icon-closed\"><i class=\"fas fa-caret-right\"><\/i><\/span>\n\t\t\t\t\t\t\t\t<span class=\"elementor-toggle-icon-opened\"><i class=\"elementor-toggle-icon-opened fas fa-caret-up\"><\/i><\/span>\n\t\t\t\t\t\t\t\t\t\t\t\t\t<\/span>\n\t\t\t\t\t\t\t\t\t\t\t\t<a class=\"elementor-toggle-title\" tabindex=\"0\">Mitos y leyendas Lenape-Delaware<\/a>\n\t\t\t\t\t<\/div>\n\n\t\t\t\t\t<div id=\"elementor-tab-content-2052\" class=\"elementor-tab-content elementor-clearfix\" data-tab=\"2\" role=\"region\" aria-labelledby=\"elementor-tab-title-2052\"><ul>\n<li><strong><a href=\"http:\/\/henryhahn.net\/myths\/lenapecreation.html\" target=\"_blank\" rel=\"noopener\">Lenap\u00e9 Kishelam\u00e0wa&#039;k\u00e0n<\/a><\/strong><\/li>\n<li><strong><a href=\"http:\/\/www.snowwowl.com\/rlcrow.html\" target=\"_blank\" rel=\"noopener\">El cuervo arcoiris<\/a><\/strong><\/li>\n<li><strong><a href=\"https:\/\/www.nativeamericanembassy.net\/www.lenni-lenape.com\/www\/html\/LenapeArchives\/LenapeSet-01\/rnbwcrow.html\" target=\"_blank\" rel=\"noopener\">M\u00e0n\u00e0ka&#039;has<\/a><\/strong><\/li>\n<li><strong><a href=\"https:\/\/www.nativeamericanembassy.net\/www.lenni-lenape.com\/www\/html\/LenapeArchives\/LenapeSet-01\/mesingw.html\" target=\"_blank\" rel=\"noopener\">El ser enmascarado<\/a><\/strong><\/li>\n<li><strong><a href=\"https:\/\/www.nativeamericanembassy.net\/www.lenni-lenape.com\/www\/html\/LenapeArchives\/LenapeSet-01\/prtymaid.html\" target=\"_blank\" rel=\"noopener\">La doncella bonita<\/a><\/strong><\/li>\n<li><strong><a href=\"http:\/\/my_tapestry.tripod.com\/maiden.html\" target=\"_blank\" rel=\"noopener\">La doncella codiciosa<\/a><\/strong><\/li>\n<li><strong><a href=\"https:\/\/www.nativeamericanembassy.net\/www.lenni-lenape.com\/www\/html\/LenapeArchives\/LenapeSet-01\/stubgirl.html\" target=\"_blank\" rel=\"noopener\">La chica testaruda<\/a><\/strong><\/li>\n<li><strong><a href=\"https:\/\/www.nativeamericanembassy.net\/www.lenni-lenape.com\/www\/html\/LenapeArchives\/LenapeSet-01\/squirrel.html\" target=\"_blank\" rel=\"noopener\">La ardilla gigante<\/a><\/strong><\/li>\n<li><strong><a href=\"https:\/\/www.nativeamericanembassy.net\/www.lenni-lenape.com\/www\/html\/LenapeArchives\/LenapeSet-01\/dogboy.html\" target=\"_blank\" rel=\"noopener\">El ni\u00f1o que ten\u00eda el poder del perro<\/a><\/strong><\/li>\n<li><strong><a href=\"https:\/\/www.nativeamericanembassy.net\/www.lenni-lenape.com\/www\/html\/LenapeArchives\/LenapeSet-01\/thndrgrl.html\" target=\"_blank\" rel=\"noopener\">La chica que se uni\u00f3 a los truenos<\/a><\/strong><\/li>\n<li><strong><a href=\"https:\/\/www.nativeamericanembassy.net\/www.lenni-lenape.com\/www\/html\/LenapeArchives\/LenapeSet-01\/buzzard.html\" target=\"_blank\" rel=\"noopener\">Buitre de pavo<\/a><\/strong><\/li>\n<li><strong><a href=\"https:\/\/www.nativeamericanembassy.net\/www.lenni-lenape.com\/www\/html\/LenapeArchives\/LenapeSet-01\/spider.html\" target=\"_blank\" rel=\"noopener\">C\u00f3mo surgi\u00f3 la ara\u00f1a<\/a><\/strong><\/li>\n<li><strong><a href=\"https:\/\/www.nativeamericanembassy.net\/www.lenni-lenape.com\/www\/html\/LenapeArchives\/LenapeSet-01\/mnstrbtl.html\" target=\"_blank\" rel=\"noopener\">La batalla con el monstruo<\/a><\/strong><\/li>\n<li><strong><a href=\"https:\/\/www.nativeamericanembassy.net\/www.lenni-lenape.com\/www\/html\/LenapeArchives\/LenapeSet-01\/animleft.html\" target=\"_blank\" rel=\"noopener\">Cuando los animales se fueron<\/a><\/strong><\/li>\n<li><strong><a href=\"https:\/\/www.nativeamericanembassy.net\/www.lenni-lenape.com\/www\/html\/LenapeArchives\/LenapeSet-01\/pipestry.html\" target=\"_blank\" rel=\"noopener\">C\u00f3mo lleg\u00f3 la pipa al Lenap\u00e9<\/a><\/strong><\/li>\n<li><strong><a href=\"https:\/\/www.nativeamericanembassy.net\/www.lenni-lenape.com\/www\/html\/LenapeArchives\/LenapeSet-01\/wareagle.html\" target=\"_blank\" rel=\"noopener\">El guerrero y el \u00e1guila<\/a><\/strong><\/li>\n<li><strong><a href=\"https:\/\/www.nativeamericanembassy.net\/www.lenni-lenape.com\/www\/html\/LenapeArchives\/LenapeSet-01\/washaxne.html\" target=\"_blank\" rel=\"noopener\">Wa-Sha-Xnend<\/a><\/strong><\/li>\n<li><strong><a href=\"https:\/\/www.nativeamericanembassy.net\/www.lenni-lenape.com\/www\/html\/LenapeArchives\/LenapeSet-01\/grasshopper_war.html\" target=\"_blank\" rel=\"noopener\">La guerra de los saltamontes<\/a><\/strong><\/li>\n<li><strong><a href=\"https:\/\/www.nativeamericanembassy.net\/www.lenni-lenape.com\/www\/html\/LenapeArchives\/LenapeSet-01\/chepyyah.html\" target=\"_blank\" rel=\"noopener\">Che-py-yah-poo-thwah<\/a><\/strong><\/li>\n<li><strong><a href=\"https:\/\/www.nativeamericanembassy.net\/www.lenni-lenape.com\/www\/html\/LenapeArchives\/LenapeSet-01\/mastodon.html\" target=\"_blank\" rel=\"noopener\">El mastodon<\/a><\/strong><\/li>\n<li><strong><a href=\"https:\/\/www.nativeamericanembassy.net\/www.lenni-lenape.com\/www\/html\/LenapeArchives\/LenapeSet-01\/dogsniff.html\" target=\"_blank\" rel=\"noopener\">Por qu\u00e9 los perros se huelen unos a otros<\/a><\/strong><\/li>\n<li><strong><a href=\"https:\/\/www.firstpeople.us\/FP-Html-Legends\/Grandfather_Thunder-Unknown.html\" target=\"_blank\" rel=\"noopener\">Abuelo trueno<\/a><\/strong><\/li>\n<li><strong><a href=\"https:\/\/www.firstpeople.us\/FP-Html-Legends\/The_Sugar_Maple-Unknown.html\" target=\"_blank\" rel=\"noopener\">El arce de az\u00facar<\/a><\/strong><\/li>\n<\/ul><\/div>\n\t\t\t\t<\/div>\n\t\t\t\t\t\t\t\t<\/div>\n\t\t\t\t\t\t<\/div>\n\t\t\t\t<\/div>\n\t\t\t\t\t<\/div>\n\t\t<\/div>\n\t\t\t\t\t<\/div>\n\t\t<\/section>\n\t\t\t\t<section class=\"elementor-section elementor-top-section elementor-element elementor-element-c5076f9 elementor-section-boxed elementor-section-height-default elementor-section-height-default\" data-id=\"c5076f9\" data-element_type=\"section\" data-e-type=\"section\">\n\t\t\t\t\t\t<div class=\"elementor-container elementor-column-gap-default\">\n\t\t\t\t\t<div class=\"elementor-column elementor-col-100 elementor-top-column elementor-element elementor-element-5be22db\" data-id=\"5be22db\" data-element_type=\"column\" data-e-type=\"column\">\n\t\t\t<div class=\"elementor-widget-wrap elementor-element-populated\">\n\t\t\t\t\t\t<div class=\"elementor-element elementor-element-a2c3fc6 elementor-widget elementor-widget-heading\" data-id=\"a2c3fc6\" data-element_type=\"widget\" data-e-type=\"widget\" data-widget_type=\"heading.default\">\n\t\t\t\t<div class=\"elementor-widget-container\">\n\t\t\t\t\t<h2 class=\"elementor-heading-title elementor-size-default\"><span class=\"ez-toc-section\" id=\"Livres-sur-la-mythologie-Algique\"><\/span>Libros sobre mitolog\u00eda \u00e1lgica<span class=\"ez-toc-section-end\"><\/span><\/h2>\t\t\t\t<\/div>\n\t\t\t\t<\/div>\n\t\t\t\t\t<\/div>\n\t\t<\/div>\n\t\t\t\t\t<\/div>\n\t\t<\/section>\n\t\t\t\t<section class=\"elementor-section elementor-top-section elementor-element elementor-element-b319c7f elementor-section-boxed elementor-section-height-default elementor-section-height-default\" data-id=\"b319c7f\" data-element_type=\"section\" data-e-type=\"section\">\n\t\t\t\t\t\t<div class=\"elementor-container elementor-column-gap-default\">\n\t\t\t\t\t<div class=\"elementor-column elementor-col-100 elementor-top-column elementor-element elementor-element-06c830b\" data-id=\"06c830b\" data-element_type=\"column\" data-e-type=\"column\">\n\t\t\t<div class=\"elementor-widget-wrap elementor-element-populated\">\n\t\t\t\t\t\t<div class=\"elementor-element elementor-element-b4ca19c elementor-widget elementor-widget-text-editor\" data-id=\"b4ca19c\" data-element_type=\"widget\" data-e-type=\"widget\" data-widget_type=\"text-editor.default\">\n\t\t\t\t<div class=\"elementor-widget-container\">\n\t\t\t\t\t\t\t\t\t<p>C\u00f3mics \/ Ilustrados:<\/p>\n<p>En franc\u00e9s :<\/p>\n<ul>\n<li><a href=\"https:\/\/www.amazon.fr\/dp\/2895962375?&amp;linkCode=sl1&amp;tag=mythscience-21&amp;linkId=ebee40ac7617d179e7dd0f1f7ffa4a95&amp;language=fr_FR&amp;ref_=as_li_ss_tl\" target=\"_blank\" rel=\"noopener\">La gente que r\u00ede: Homenaje a mis amigos Innu<\/a><\/li>\n<li><a href=\"https:\/\/www.amazon.fr\/dp\/2226172246?&amp;linkCode=ll1&amp;tag=mythscience-21&amp;linkId=6006504fbd7d9d64231098b85ff6e989&amp;language=fr_FR&amp;ref_=as_li_ss_tl\" target=\"_blank\" rel=\"noopener\">De Cheyenne Memory: Vida e Historia de Mi Pueblo<\/a><\/li>\n<\/ul>\n<p>Solo en ingles:<\/p>\n<ul>\n<li><a href=\"https:\/\/www.amazon.fr\/dp\/0816697264?&amp;linkCode=ll1&amp;tag=mythscience-21&amp;linkId=6ad8ea5c22390f21f70961905cf836f9&amp;language=fr_FR&amp;ref_=as_li_ss_tl\" target=\"_blank\" rel=\"noopener\">Chi-mewinzha: historias ojibwe del lago sanguijuela<\/a><\/li>\n<li><a href=\"https:\/\/www.amazon.fr\/Legend-Sleeping-Bear-Kathy-Jo-Wargin\/dp\/188694735X?&amp;linkCode=ll1&amp;tag=mythscience-21&amp;linkId=442926fb6f782ade562a20f8e185599f&amp;language=fr_FR&amp;ref_=as_li_ss_tl\" target=\"_blank\" rel=\"noopener\">La leyenda del oso durmiente<\/a><\/li>\n<li><a href=\"https:\/\/www.amazon.fr\/Heart-Everything-That-Untold-American\/dp\/1451654669?&amp;linkCode=ll1&amp;tag=mythscience-21&amp;linkId=6b3c3676dceb1ccca30f75f5ac56c5f3&amp;language=fr_FR&amp;ref_=as_li_ss_tl\" target=\"_blank\" rel=\"noopener\">El coraz\u00f3n de todo lo que es: la historia no contada de Red Cloud, una leyenda americana<\/a><\/li>\n<li><a href=\"https:\/\/www.amazon.fr\/Legend-Bigfoot-Leaving-Mark-World\/dp\/1684351391?&amp;linkCode=ll1&amp;tag=mythscience-21&amp;linkId=8a436ede2f977562f3394b6f98129806&amp;language=fr_FR&amp;ref_=as_li_ss_tl\" target=\"_blank\" rel=\"noopener\">La leyenda de Bigfoot: dejando su marca en el mundo<\/a><\/li>\n<li><a href=\"https:\/\/www.amazon.fr\/dp\/1847807402?&amp;linkCode=ll1&amp;tag=mythscience-21&amp;linkId=450d06973981e0e8ba0aaa6100fbddb8&amp;language=fr_FR&amp;ref_=as_li_ss_tl\" target=\"_blank\" rel=\"noopener\">El cuento del cuervo: una leyenda de los nativos americanos de Lenni Lenape<\/a><\/li>\n<li><a href=\"https:\/\/www.amazon.fr\/dp\/154266585X?&amp;linkCode=sl1&amp;tag=mythscience-21&amp;linkId=91dcdc06f8e7f6b1e01f0b7552a4a6dd&amp;language=fr_FR&amp;ref_=as_li_ss_tl\" target=\"_blank\" rel=\"noopener\">Las leyendas algonquinas de Nueva Inglaterra<\/a><\/li>\n<li><a href=\"https:\/\/www.amazon.fr\/dp\/0803224915?&amp;linkCode=ll1&amp;tag=mythscience-21&amp;linkId=2b7bc4a48e22339f4b322021d3af0fe4&amp;language=fr_FR&amp;ref_=as_li_ss_tl\" target=\"_blank\" rel=\"noopener\">Cuentos del pa\u00eds de Maliseet<\/a><\/li>\n<li><a href=\"https:\/\/www.amazon.fr\/dp\/1425493300?&amp;linkCode=ll1&amp;tag=mythscience-21&amp;linkId=54990317a81fe94b4fb889dfbe0e0615&amp;language=fr_FR&amp;ref_=as_li_ss_tl\" target=\"_blank\" rel=\"noopener\">Conocimiento popular de Wyandot<\/a><\/li>\n<li><a href=\"https:\/\/www.amazon.fr\/dp\/1589792017?&amp;linkCode=ll1&amp;tag=mythscience-21&amp;linkId=a1df3697acc0e808b37335c56e2a2940&amp;language=fr_FR&amp;ref_=as_li_ss_tl\" target=\"_blank\" rel=\"noopener\">El primer incendio: historias de Cherokee, Kickapoo, Kiowa y Tigua<\/a><\/li>\n<li><a href=\"https:\/\/www.amazon.fr\/dp\/1596299169?&amp;linkCode=ll1&amp;tag=mythscience-21&amp;linkId=88cb9c20cb829352f7775123b6527c12&amp;language=fr_FR&amp;ref_=as_li_ss_tl\" target=\"_blank\" rel=\"noopener\">Cuentos olvidados de la pen\u00ednsula superior de Michigan<\/a><\/li>\n<\/ul>\t\t\t\t\t\t\t\t<\/div>\n\t\t\t\t<\/div>\n\t\t\t\t\t<\/div>\n\t\t<\/div>\n\t\t\t\t\t<\/div>\n\t\t<\/section>\n\t\t\t\t<\/div>","protected":false},"excerpt":{"rendered":"<p>Retour au Groupe Culturel Boutique D\u00e9di\u00e9e Wiki Mythologie Lenape-Delaware La mythologie Lenape-Delaware regroupe les peuples am\u00e9rindiens suivant : Lenapes, Loups, &hellip; <\/p>","protected":false},"author":1,"featured_media":0,"parent":0,"menu_order":1,"comment_status":"closed","ping_status":"closed","template":"","meta":{"footnotes":""},"class_list":["post-3683","page","type-page","status-publish","hentry"],"amp_enabled":true,"_links":{"self":[{"href":"https:\/\/mythslegendes.com\/es\/wp-json\/wp\/v2\/pages\/3683","targetHints":{"allow":["GET"]}}],"collection":[{"href":"https:\/\/mythslegendes.com\/es\/wp-json\/wp\/v2\/pages"}],"about":[{"href":"https:\/\/mythslegendes.com\/es\/wp-json\/wp\/v2\/types\/page"}],"author":[{"embeddable":true,"href":"https:\/\/mythslegendes.com\/es\/wp-json\/wp\/v2\/users\/1"}],"replies":[{"embeddable":true,"href":"https:\/\/mythslegendes.com\/es\/wp-json\/wp\/v2\/comments?post=3683"}],"version-history":[{"count":25,"href":"https:\/\/mythslegendes.com\/es\/wp-json\/wp\/v2\/pages\/3683\/revisions"}],"predecessor-version":[{"id":27061,"href":"https:\/\/mythslegendes.com\/es\/wp-json\/wp\/v2\/pages\/3683\/revisions\/27061"}],"wp:attachment":[{"href":"https:\/\/mythslegendes.com\/es\/wp-json\/wp\/v2\/media?parent=3683"}],"curies":[{"name":"wp","href":"https:\/\/api.w.org\/{rel}","templated":true}]}}