{"id":3730,"date":"2020-07-27T16:29:03","date_gmt":"2020-07-27T15:29:03","guid":{"rendered":"https:\/\/mythslegendes.com\/?page_id=3730"},"modified":"2020-07-27T16:29:03","modified_gmt":"2020-07-27T15:29:03","slug":"legendes-creek","status":"publish","type":"page","link":"https:\/\/mythslegendes.com\/es\/creek-seminole-mitologia\/leyendas-arroyo\/","title":{"rendered":"Leyendas del arroyo"},"content":{"rendered":"<p>los <a href=\"https:\/\/mythslegendes.com\/es\/\">leyendas<\/a> estan en ingles<\/p>\n\n\n\n<ul class=\"wp-block-list\"><li><strong><a href=\"https:\/\/www.firstpeople.us\/FP-Html-Legends\/Bead-Spitter_And_Thrown-Away-Creek.html\" target=\"_blank\" rel=\"noopener\">Escupidor de cuentas y tirado<\/a><\/strong><\/li><li><strong><a href=\"https:\/\/www.firstpeople.us\/FP-Html-Legends\/Big_Man-Eater_And_The_Persimmon_Tree-Creek.html\" target=\"_blank\" rel=\"noopener\">Gran devorador de hombres y el \u00e1rbol del caqui<\/a><\/strong><\/li><li><strong><a href=\"https:\/\/www.firstpeople.us\/FP-Html-Legends\/HowRabbitFooledAlligator-Creek.html\" target=\"_blank\" rel=\"noopener\">C\u00f3mo el conejo enga\u00f1\u00f3 a Alligator<\/a><\/strong><\/li><li><strong><a href=\"https:\/\/www.firstpeople.us\/FP-Html-Legends\/The-Cussitaws-Come-East-Creek.html\" target=\"_blank\" rel=\"noopener\">Los Cussitaws vienen al este<\/a><\/strong><\/li><li><strong><a href=\"https:\/\/www.firstpeople.us\/FP-Html-Legends\/White_Potato_Clan-Creek.html\" target=\"_blank\" rel=\"noopener\">Clan de la patata blanca<\/a><\/strong><\/li><li><strong><a href=\"http:\/\/www.native-languages.org\/creekstory.htm\" target=\"_blank\" rel=\"noopener\">Mito de las inundaciones de Creek-Natchez<\/a><\/strong><\/li><li><strong><a href=\"http:\/\/www.flamuseum.com\/tales\/Fox.html\" target=\"_blank\" rel=\"noopener\">El zorro y el pan frito<\/a><\/strong><\/li><li><strong><a href=\"http:\/\/www.flamuseum.com\/tales\/BlueJay.html\" target=\"_blank\" rel=\"noopener\">Por qu\u00e9 Bluejay tiene una voz rasposa<\/a><\/strong><\/li><li><strong><a href=\"http:\/\/www.flamuseum.com\/tales\/Bats.html\" target=\"_blank\" rel=\"noopener\">El origen de los murci\u00e9lagos<\/a><\/strong><\/li><li><strong><a href=\"http:\/\/www.flamuseum.com\/tales\/PossumPouch.html\" target=\"_blank\" rel=\"noopener\">C\u00f3mo la zarig\u00fceya consigui\u00f3 su bolsa<\/a><\/strong><\/li><li><strong><a href=\"http:\/\/www.flamuseum.com\/tales\/BallPostRatsTail.html\" target=\"_blank\" rel=\"noopener\">Origen del poste de la pelota y el cuento de ratas<\/a><\/strong><\/li><li><strong><a href=\"http:\/\/www.flamuseum.com\/tales\/FlyingBat.html\" target=\"_blank\" rel=\"noopener\">El peque\u00f1o murci\u00e9lago volador y el juego de pelota<\/a><\/strong><\/li><li><strong><a href=\"http:\/\/www.flamuseum.com\/tales\/WhyAlligator.html\" target=\"_blank\" rel=\"noopener\">Por qu\u00e9 el cocodrilo mira de esa manera<\/a><\/strong><\/li><li><strong><a href=\"http:\/\/www.flamuseum.com\/tales\/AlligatorTrouble.html\" target=\"_blank\" rel=\"noopener\">El cocodrilo encuentra alg\u00fan problema<\/a><\/strong><\/li><li><strong><a href=\"http:\/\/www.flamuseum.com\/tales\/CoastalTrees.html\" target=\"_blank\" rel=\"noopener\">Por qu\u00e9 los \u00e1rboles costeros est\u00e1n torcidos<\/a><\/strong><\/li><li><strong><a href=\"http:\/\/www.flamuseum.com\/tales\/BrotherSnake.html\" target=\"_blank\" rel=\"noopener\">El hermano que se convirti\u00f3 en serpiente<\/a><\/strong><\/li><li><strong><a href=\"http:\/\/www.flamuseum.com\/tales\/PantherAndDeer.html\" target=\"_blank\" rel=\"noopener\">La pantera y el ciervo<\/a><\/strong><\/li><li><strong><a href=\"http:\/\/www.flamuseum.com\/tales\/RabbitStealsFire.html\" target=\"_blank\" rel=\"noopener\">El conejo roba el fuego<\/a><\/strong><\/li><li><strong><a href=\"http:\/\/www.flamuseum.com\/tales\/RabbitTasks.html\" target=\"_blank\" rel=\"noopener\">Las muchas tareas del conejo<\/a><\/strong><\/li><li><strong><a href=\"http:\/\/www.flamuseum.com\/tales\/SelfishWoman.html\" target=\"_blank\" rel=\"noopener\">La mujer ego\u00edsta<\/a><\/strong><\/li><li><strong><a href=\"http:\/\/www.flamuseum.com\/tales\/Ceder.html\" target=\"_blank\" rel=\"noopener\">La naturaleza sagrada del cedro<\/a><\/strong><\/li><li><strong><a href=\"http:\/\/www.flamuseum.com\/tales\/creation.html\" target=\"_blank\" rel=\"noopener\">La historia de la creaci\u00f3n<\/a><\/strong><\/li><li><strong><a href=\"http:\/\/www.flamuseum.com\/tales\/TurtleShellBroken.html\" target=\"_blank\" rel=\"noopener\">C\u00f3mo se rompi\u00f3 el caparaz\u00f3n de la tortuga<\/a><\/strong><\/li><li><strong><a href=\"http:\/\/www.flamuseum.com\/tales\/Turtles.html\" target=\"_blank\" rel=\"noopener\">Por qu\u00e9 algunas tortugas tienen caparazones lisos<\/a><\/strong><\/li><li><strong><a href=\"http:\/\/www.flamuseum.com\/tales\/OriginOfClans.html\" target=\"_blank\" rel=\"noopener\">El origen de los clanes<\/a><\/strong><\/li><li><strong><u><a href=\"http:\/\/www.flamuseum.com\/tales\/Pantherclan.html\" target=\"_blank\" rel=\"noopener\">Or\u00edgenes del Clan Pantera<\/a><\/u><\/strong><\/li><li><strong><a href=\"http:\/\/www.flamuseum.com\/tales\/MilkyWay.html\" target=\"_blank\" rel=\"noopener\">La v\u00eda L\u00e1ctea<\/a><\/strong><\/li><li><strong><u><a href=\"http:\/\/www.native-languages.org\/lodge-boy.htm\" target=\"_blank\" rel=\"noopener\">Por la puerta<\/a><\/u><\/strong><\/li><li><strong><u><a href=\"http:\/\/www.native-languages.org\/thrown-away.htm\" target=\"_blank\" rel=\"noopener\">Desechado<\/a><\/u><\/strong><\/li><li><strong><u><a href=\"http:\/\/www.native-languages.org\/trickster-rabbit.htm\" target=\"_blank\" rel=\"noopener\">Chufi<\/a><\/u><\/strong><\/li><li><strong><u><a href=\"http:\/\/www.native-languages.org\/morelegends\/kolowa.htm\" target=\"_blank\" rel=\"noopener\">Kolowa<\/a><\/u><\/strong><\/li><li><strong><u><a href=\"http:\/\/www.native-languages.org\/morelegends\/tie-snake.htm\" target=\"_blank\" rel=\"noopener\">Serpientes de corbata<\/a><\/u><\/strong><\/li><li><strong><u><a href=\"http:\/\/www.native-languages.org\/man-eater.htm\" target=\"_blank\" rel=\"noopener\">Isti Papa (devorador de hombres)<\/a><\/u><\/strong><\/li><\/ul>","protected":false},"excerpt":{"rendered":"<p>Les l\u00e9gendes sont en anglais. Bead-Spitter And Thrown-Away Big Man-Eater And The Persimmon Tree How Rabbit Fooled Alligator The Cussitaws &hellip; <\/p>","protected":false},"author":1,"featured_media":0,"parent":3719,"menu_order":0,"comment_status":"closed","ping_status":"closed","template":"","meta":{"footnotes":""},"class_list":["post-3730","page","type-page","status-publish","hentry"],"amp_enabled":true,"_links":{"self":[{"href":"https:\/\/mythslegendes.com\/es\/wp-json\/wp\/v2\/pages\/3730","targetHints":{"allow":["GET"]}}],"collection":[{"href":"https:\/\/mythslegendes.com\/es\/wp-json\/wp\/v2\/pages"}],"about":[{"href":"https:\/\/mythslegendes.com\/es\/wp-json\/wp\/v2\/types\/page"}],"author":[{"embeddable":true,"href":"https:\/\/mythslegendes.com\/es\/wp-json\/wp\/v2\/users\/1"}],"replies":[{"embeddable":true,"href":"https:\/\/mythslegendes.com\/es\/wp-json\/wp\/v2\/comments?post=3730"}],"version-history":[{"count":0,"href":"https:\/\/mythslegendes.com\/es\/wp-json\/wp\/v2\/pages\/3730\/revisions"}],"up":[{"embeddable":true,"href":"https:\/\/mythslegendes.com\/es\/wp-json\/wp\/v2\/pages\/3719"}],"wp:attachment":[{"href":"https:\/\/mythslegendes.com\/es\/wp-json\/wp\/v2\/media?parent=3730"}],"curies":[{"name":"wp","href":"https:\/\/api.w.org\/{rel}","templated":true}]}}