{"id":3757,"date":"2020-07-27T17:07:54","date_gmt":"2020-07-27T16:07:54","guid":{"rendered":"https:\/\/mythslegendes.com\/?page_id=3757"},"modified":"2023-03-04T23:29:49","modified_gmt":"2023-03-04T23:29:49","slug":"mythologie-caddo","status":"publish","type":"page","link":"https:\/\/mythslegendes.com\/es\/caddo-mitologia\/","title":{"rendered":"Mitolog\u00eda Caddo"},"content":{"rendered":"<div data-elementor-type=\"wp-page\" data-elementor-id=\"3757\" class=\"elementor elementor-3757\">\n\t\t\t\t\t\t<section class=\"elementor-section elementor-top-section elementor-element elementor-element-83f78e5 elementor-section-boxed elementor-section-height-default elementor-section-height-default\" data-id=\"83f78e5\" data-element_type=\"section\" data-e-type=\"section\">\n\t\t\t\t\t\t<div class=\"elementor-container elementor-column-gap-default\">\n\t\t\t\t\t<div class=\"elementor-column elementor-col-33 elementor-top-column elementor-element elementor-element-ad452f5\" data-id=\"ad452f5\" data-element_type=\"column\" data-e-type=\"column\">\n\t\t\t<div class=\"elementor-widget-wrap elementor-element-populated\">\n\t\t\t\t\t\t<div class=\"elementor-element elementor-element-ca79578 elementor-align-justify elementor-widget elementor-widget-button\" data-id=\"ca79578\" data-element_type=\"widget\" data-e-type=\"widget\" data-widget_type=\"button.default\">\n\t\t\t\t<div class=\"elementor-widget-container\">\n\t\t\t\t\t\t\t\t\t<div class=\"elementor-button-wrapper\">\n\t\t\t\t\t<a class=\"elementor-button elementor-button-link elementor-size-sm\" href=\"https:\/\/mythslegendes.com\/es\/mythes-et-legendes-muskogeens-2136\/\">\n\t\t\t\t\t\t<span class=\"elementor-button-content-wrapper\">\n\t\t\t\t\t\t\t\t\t<span class=\"elementor-button-text\">Volver al Grupo Cultural<\/span>\n\t\t\t\t\t<\/span>\n\t\t\t\t\t<\/a>\n\t\t\t\t<\/div>\n\t\t\t\t\t\t\t\t<\/div>\n\t\t\t\t<\/div>\n\t\t\t\t\t<\/div>\n\t\t<\/div>\n\t\t\t\t<div class=\"elementor-column elementor-col-33 elementor-top-column elementor-element elementor-element-528c549\" data-id=\"528c549\" data-element_type=\"column\" data-e-type=\"column\">\n\t\t\t<div class=\"elementor-widget-wrap elementor-element-populated\">\n\t\t\t\t\t\t<div class=\"elementor-element elementor-element-4cda46b elementor-align-justify elementor-widget elementor-widget-button\" data-id=\"4cda46b\" data-element_type=\"widget\" data-e-type=\"widget\" data-widget_type=\"button.default\">\n\t\t\t\t<div class=\"elementor-widget-container\">\n\t\t\t\t\t\t\t\t\t<div class=\"elementor-button-wrapper\">\n\t\t\t\t\t<a class=\"elementor-button elementor-button-link elementor-size-sm\" href=\"https:\/\/mythslegendes.com\/es\/bibliotecas-de-libros\/\">\n\t\t\t\t\t\t<span class=\"elementor-button-content-wrapper\">\n\t\t\t\t\t\t\t\t\t<span class=\"elementor-button-text\">Tienda dedicada<\/span>\n\t\t\t\t\t<\/span>\n\t\t\t\t\t<\/a>\n\t\t\t\t<\/div>\n\t\t\t\t\t\t\t\t<\/div>\n\t\t\t\t<\/div>\n\t\t\t\t\t<\/div>\n\t\t<\/div>\n\t\t\t\t<div class=\"elementor-column elementor-col-33 elementor-top-column elementor-element elementor-element-523f196\" data-id=\"523f196\" data-element_type=\"column\" data-e-type=\"column\">\n\t\t\t<div class=\"elementor-widget-wrap elementor-element-populated\">\n\t\t\t\t\t\t<div class=\"elementor-element elementor-element-842fbea elementor-align-justify elementor-widget elementor-widget-button\" data-id=\"842fbea\" data-element_type=\"widget\" data-e-type=\"widget\" data-widget_type=\"button.default\">\n\t\t\t\t<div class=\"elementor-widget-container\">\n\t\t\t\t\t\t\t\t\t<div class=\"elementor-button-wrapper\">\n\t\t\t\t\t<a class=\"elementor-button elementor-button-link elementor-size-sm\" href=\"https:\/\/fr.wikipedia.org\/wiki\/Caddos\" target=\"_blank\" rel=\"noopener\">\n\t\t\t\t\t\t<span class=\"elementor-button-content-wrapper\">\n\t\t\t\t\t\t\t\t\t<span class=\"elementor-button-text\">Wiki<\/span>\n\t\t\t\t\t<\/span>\n\t\t\t\t\t<\/a>\n\t\t\t\t<\/div>\n\t\t\t\t\t\t\t\t<\/div>\n\t\t\t\t<\/div>\n\t\t\t\t\t<\/div>\n\t\t<\/div>\n\t\t\t\t\t<\/div>\n\t\t<\/section>\n\t\t\t\t<section class=\"elementor-section elementor-top-section elementor-element elementor-element-f1a0036 elementor-section-boxed elementor-section-height-default elementor-section-height-default\" data-id=\"f1a0036\" data-element_type=\"section\" data-e-type=\"section\">\n\t\t\t\t\t\t<div class=\"elementor-container elementor-column-gap-default\">\n\t\t\t\t\t<div class=\"elementor-column elementor-col-100 elementor-top-column elementor-element elementor-element-9a47fd5\" data-id=\"9a47fd5\" data-element_type=\"column\" data-e-type=\"column\">\n\t\t\t<div class=\"elementor-widget-wrap elementor-element-populated\">\n\t\t\t\t\t\t<div class=\"elementor-element elementor-element-199f406 elementor-widget elementor-widget-heading\" data-id=\"199f406\" data-element_type=\"widget\" data-e-type=\"widget\" data-widget_type=\"heading.default\">\n\t\t\t\t<div class=\"elementor-widget-container\">\n\t\t\t\t\t<div id=\"ez-toc-container\" class=\"ez-toc-v2_0_82_2 counter-hierarchy ez-toc-counter ez-toc-grey ez-toc-container-direction\">\n<div class=\"ez-toc-title-container\">\n<p class=\"ez-toc-title\" style=\"cursor:inherit\">Contenido<\/p>\n<span class=\"ez-toc-title-toggle\"><a href=\"#\" class=\"ez-toc-pull-right ez-toc-btn ez-toc-btn-xs ez-toc-btn-default ez-toc-toggle\" aria-label=\"Alternar tabla de contenidos\"><span class=\"ez-toc-js-icon-con\"><span class=\"\"><span class=\"eztoc-hide\" style=\"display:none;\">Palanca<\/span><span class=\"ez-toc-icon-toggle-span\"><svg style=\"fill: #999;color:#999\" xmlns=\"http:\/\/www.w3.org\/2000\/svg\" class=\"list-377408\" width=\"20px\" height=\"20px\" viewbox=\"0 0 24 24\" fill=\"none\"><path d=\"M6 6H4v2h2V6zm14 0H8v2h12V6zM4 11h2v2H4v-2zm16 0H8v2h12v-2zM4 16h2v2H4v-2zm16 0H8v2h12v-2z\" fill=\"currentColor\"><\/path><\/svg><svg style=\"fill: #999;color:#999\" class=\"arrow-unsorted-368013\" xmlns=\"http:\/\/www.w3.org\/2000\/svg\" width=\"10px\" height=\"10px\" viewbox=\"0 0 24 24\" version=\"1.2\" baseprofile=\"tiny\"><path d=\"M18.2 9.3l-6.2-6.3-6.2 6.3c-.2.2-.3.4-.3.7s.1.5.3.7c.2.2.4.3.7.3h11c.3 0 .5-.1.7-.3.2-.2.3-.5.3-.7s-.1-.5-.3-.7zM5.8 14.7l6.2 6.3 6.2-6.3c.2-.2.3-.5.3-.7s-.1-.5-.3-.7c-.2-.2-.4-.3-.7-.3h-11c-.3 0-.5.1-.7.3-.2.2-.3.5-.3.7s.1.5.3.7z\"\/><\/svg><\/span><\/span><\/span><\/a><\/span><\/div>\n<nav><ul class='ez-toc-list ez-toc-list-level-1' ><li class='ez-toc-page-1 ez-toc-heading-level-2'><a class=\"ez-toc-link ez-toc-heading-1\" href=\"https:\/\/mythslegendes.com\/es\/caddo-mitologia\/#Mythologie-Caddo\" >Mitolog\u00eda Caddo<\/a><\/li><li class='ez-toc-page-1 ez-toc-heading-level-2'><a class=\"ez-toc-link ez-toc-heading-2\" href=\"https:\/\/mythslegendes.com\/es\/caddo-mitologia\/#Mythologie-Caddo-textes\" >Mitolog\u00eda Caddo (textos)<\/a><\/li><li class='ez-toc-page-1 ez-toc-heading-level-2'><a class=\"ez-toc-link ez-toc-heading-3\" href=\"https:\/\/mythslegendes.com\/es\/caddo-mitologia\/#Livres-sur-la-mythologie-Muskogee\" >Libros sobre la mitolog\u00eda Muskogean<\/a><\/li><\/ul><\/nav><\/div>\n<h2 class=\"elementor-heading-title elementor-size-default\"><span class=\"ez-toc-section\" id=\"Mythologie-Caddo\"><\/span>Mitolog\u00eda Caddo<span class=\"ez-toc-section-end\"><\/span><\/h2>\t\t\t\t<\/div>\n\t\t\t\t<\/div>\n\t\t\t\t\t<\/div>\n\t\t<\/div>\n\t\t\t\t\t<\/div>\n\t\t<\/section>\n\t\t\t\t<section class=\"elementor-section elementor-top-section elementor-element elementor-element-1d4875c0 elementor-section-boxed elementor-section-height-default elementor-section-height-default\" data-id=\"1d4875c0\" data-element_type=\"section\" data-e-type=\"section\">\n\t\t\t\t\t\t<div class=\"elementor-container elementor-column-gap-default\">\n\t\t\t\t\t<div class=\"elementor-column elementor-col-100 elementor-top-column elementor-element elementor-element-15cc8cb7\" data-id=\"15cc8cb7\" data-element_type=\"column\" data-e-type=\"column\">\n\t\t\t<div class=\"elementor-widget-wrap elementor-element-populated\">\n\t\t\t\t\t\t<div class=\"elementor-element elementor-element-4362bcda elementor-widget elementor-widget-text-editor\" data-id=\"4362bcda\" data-element_type=\"widget\" data-e-type=\"widget\" data-widget_type=\"text-editor.default\">\n\t\t\t\t<div class=\"elementor-widget-container\">\n\t\t\t\t\t\t\t\t\t\n<p>los <a href=\"https:\/\/mythslegendes.com\/es\/\">mitolog\u00eda<\/a> Caddo re\u00fane a los siguientes pueblos nativos americanos: <strong>Caddo, Hasinais, Cadodaquious, Natchitoche<\/strong><\/p>\n<p>los <strong>Caddos<\/strong> son una naci\u00f3n, o grupo de tribus, de amerindios que, en el siglo XVI<sup>mi<\/sup>\u00a0siglo, ocup\u00f3 gran parte de lo que se convirti\u00f3 en el este <a href=\"https:\/\/mythslegendes.com\/es\/mythes-et-legendes-muskogeens-2136\/\">Texas<\/a>, el oeste de la <a href=\"https:\/\/mythslegendes.com\/es\/mythes-et-legendes-muskogeens-2136\/\">Luisiana<\/a> y partes del sur de Arkansas y Oklahoma. Hist\u00f3ricamente, los caddos consist\u00edan en tres confederaciones de al menos 25 tribus diferentes y hablaban una variedad de dialectos de las lenguas caddoanas.<\/p>\n\n<p>Las tribus Caddos se dividieron en tres confederaciones, que estaban unidas por un idioma com\u00fan: el hasin\u00e9s, el cadodaquious y el natchitoches. Los hasineses y kadohadachos ocuparon el este de Texas y los natchitoches en el noroeste de Louisiana. Los haisineses viv\u00edan en un \u00e1rea que se extend\u00eda desde Nacogdoches, Texas, que originalmente era un asentamiento de caddo, hasta el r\u00edo Neches. Los Kadohadachos se hab\u00edan asentado en el \u00e1rea entre el lago Caddo y el r\u00edo Rojo. Los Nachitoches viv\u00edan alrededor de Natchitoches, Louisiana, que originalmente era un asentamiento de caddo, y en el valle del r\u00edo Cane.<\/p>\n<p><img decoding=\"async\" class=\"alignnone wp-image-5284 size-full\" src=\"https:\/\/mythslegendes.com\/wp-content\/uploads\/2020\/09\/AlphaOmega-e1602613368367.png\" alt=\"mitolog\u00eda caddo\" width=\"25\" height=\"26\" title=\"\"><\/p>\n\t\t\t\t\t\t\t\t<\/div>\n\t\t\t\t<\/div>\n\t\t\t\t\t<\/div>\n\t\t<\/div>\n\t\t\t\t\t<\/div>\n\t\t<\/section>\n\t\t\t\t<section class=\"elementor-section elementor-top-section elementor-element elementor-element-f05f2d5 elementor-section-boxed elementor-section-height-default elementor-section-height-default\" data-id=\"f05f2d5\" data-element_type=\"section\" data-e-type=\"section\">\n\t\t\t\t\t\t<div class=\"elementor-container elementor-column-gap-default\">\n\t\t\t\t\t<div class=\"elementor-column elementor-col-100 elementor-top-column elementor-element elementor-element-a0d8232\" data-id=\"a0d8232\" data-element_type=\"column\" data-e-type=\"column\">\n\t\t\t<div class=\"elementor-widget-wrap elementor-element-populated\">\n\t\t\t\t\t\t<div class=\"elementor-element elementor-element-8191629 elementor-widget elementor-widget-heading\" data-id=\"8191629\" data-element_type=\"widget\" data-e-type=\"widget\" data-widget_type=\"heading.default\">\n\t\t\t\t<div class=\"elementor-widget-container\">\n\t\t\t\t\t<h2 class=\"elementor-heading-title elementor-size-default\"><span class=\"ez-toc-section\" id=\"Mythologie-Caddo-textes\"><\/span>Mitolog\u00eda Caddo (textos)<span class=\"ez-toc-section-end\"><\/span><\/h2>\t\t\t\t<\/div>\n\t\t\t\t<\/div>\n\t\t\t\t\t<\/div>\n\t\t<\/div>\n\t\t\t\t\t<\/div>\n\t\t<\/section>\n\t\t\t\t<section class=\"elementor-section elementor-top-section elementor-element elementor-element-48d6cc5 elementor-section-boxed elementor-section-height-default elementor-section-height-default\" data-id=\"48d6cc5\" data-element_type=\"section\" data-e-type=\"section\">\n\t\t\t\t\t\t<div class=\"elementor-container elementor-column-gap-default\">\n\t\t\t\t\t<div class=\"elementor-column elementor-col-100 elementor-top-column elementor-element elementor-element-db10b3c\" data-id=\"db10b3c\" data-element_type=\"column\" data-e-type=\"column\">\n\t\t\t<div class=\"elementor-widget-wrap elementor-element-populated\">\n\t\t\t\t\t\t<div class=\"elementor-element elementor-element-589e67c elementor-widget elementor-widget-toggle\" data-id=\"589e67c\" data-element_type=\"widget\" data-e-type=\"widget\" data-widget_type=\"toggle.default\">\n\t\t\t\t<div class=\"elementor-widget-container\">\n\t\t\t\t\t\t\t<div class=\"elementor-toggle\">\n\t\t\t\t\t\t\t<div class=\"elementor-toggle-item\">\n\t\t\t\t\t<div id=\"elementor-tab-title-9291\" class=\"elementor-tab-title\" data-tab=\"1\" role=\"button\" aria-controls=\"elementor-tab-content-9291\" aria-expanded=\"false\">\n\t\t\t\t\t\t\t\t\t\t\t\t<span class=\"elementor-toggle-icon elementor-toggle-icon-left\" aria-hidden=\"true\">\n\t\t\t\t\t\t\t\t\t\t\t\t\t\t\t<span class=\"elementor-toggle-icon-closed\"><i class=\"fas fa-caret-right\"><\/i><\/span>\n\t\t\t\t\t\t\t\t<span class=\"elementor-toggle-icon-opened\"><i class=\"elementor-toggle-icon-opened fas fa-caret-up\"><\/i><\/span>\n\t\t\t\t\t\t\t\t\t\t\t\t\t<\/span>\n\t\t\t\t\t\t\t\t\t\t\t\t<a class=\"elementor-toggle-title\" tabindex=\"0\">Libro gratuito de Caddo: Tradiciones del Caddo<\/a>\n\t\t\t\t\t<\/div>\n\n\t\t\t\t\t<div id=\"elementor-tab-content-9291\" class=\"elementor-tab-content elementor-clearfix\" data-tab=\"1\" role=\"region\" aria-labelledby=\"elementor-tab-title-9291\"><p><a href=\"https:\/\/accessgenealogy.com\/native\/traditions-of-the-caddo.htm\" target=\"_blank\" rel=\"noopener\">Tradiciones del Caddo<\/a><\/p><\/div>\n\t\t\t\t<\/div>\n\t\t\t\t\t\t\t<div class=\"elementor-toggle-item\">\n\t\t\t\t\t<div id=\"elementor-tab-title-9292\" class=\"elementor-tab-title\" data-tab=\"2\" role=\"button\" aria-controls=\"elementor-tab-content-9292\" aria-expanded=\"false\">\n\t\t\t\t\t\t\t\t\t\t\t\t<span class=\"elementor-toggle-icon elementor-toggle-icon-left\" aria-hidden=\"true\">\n\t\t\t\t\t\t\t\t\t\t\t\t\t\t\t<span class=\"elementor-toggle-icon-closed\"><i class=\"fas fa-caret-right\"><\/i><\/span>\n\t\t\t\t\t\t\t\t<span class=\"elementor-toggle-icon-opened\"><i class=\"elementor-toggle-icon-opened fas fa-caret-up\"><\/i><\/span>\n\t\t\t\t\t\t\t\t\t\t\t\t\t<\/span>\n\t\t\t\t\t\t\t\t\t\t\t\t<a class=\"elementor-toggle-title\" tabindex=\"0\">Libro gratuito de Caddo: Sostenga el cielo<\/a>\n\t\t\t\t\t<\/div>\n\n\t\t\t\t\t<div id=\"elementor-tab-content-9292\" class=\"elementor-tab-content elementor-clearfix\" data-tab=\"2\" role=\"region\" aria-labelledby=\"elementor-tab-title-9292\"><p><a href=\"https:\/\/www.janelouisecurry.com\/__b__font_size__5___font_color___03cf67__hold_up_the_sky__font___font___font_size_132428.htm\" target=\"_blank\" rel=\"noopener\">Sostenga el cielo<\/a><\/p><\/div>\n\t\t\t\t<\/div>\n\t\t\t\t\t\t\t<div class=\"elementor-toggle-item\">\n\t\t\t\t\t<div id=\"elementor-tab-title-9293\" class=\"elementor-tab-title\" data-tab=\"3\" role=\"button\" aria-controls=\"elementor-tab-content-9293\" aria-expanded=\"false\">\n\t\t\t\t\t\t\t\t\t\t\t\t<span class=\"elementor-toggle-icon elementor-toggle-icon-left\" aria-hidden=\"true\">\n\t\t\t\t\t\t\t\t\t\t\t\t\t\t\t<span class=\"elementor-toggle-icon-closed\"><i class=\"fas fa-caret-right\"><\/i><\/span>\n\t\t\t\t\t\t\t\t<span class=\"elementor-toggle-icon-opened\"><i class=\"elementor-toggle-icon-opened fas fa-caret-up\"><\/i><\/span>\n\t\t\t\t\t\t\t\t\t\t\t\t\t<\/span>\n\t\t\t\t\t\t\t\t\t\t\t\t<a class=\"elementor-toggle-title\" tabindex=\"0\">Hasinai-Tejas Libro Gratis<\/a>\n\t\t\t\t\t<\/div>\n\n\t\t\t\t\t<div id=\"elementor-tab-content-9293\" class=\"elementor-tab-content elementor-clearfix\" data-tab=\"3\" role=\"region\" aria-labelledby=\"elementor-tab-title-9293\"><p><a href=\"https:\/\/www.sacred-texts.com\/nam\/se\/wsgr\/index.htm\" target=\"_blank\" rel=\"noopener\">When the Storm God Rides Tejas and Other Indian Legends por Florence Stratton<\/a><\/p><\/div>\n\t\t\t\t<\/div>\n\t\t\t\t\t\t\t\t<\/div>\n\t\t\t\t\t\t<\/div>\n\t\t\t\t<\/div>\n\t\t\t\t\t<\/div>\n\t\t<\/div>\n\t\t\t\t\t<\/div>\n\t\t<\/section>\n\t\t\t\t<section class=\"elementor-section elementor-top-section elementor-element elementor-element-ffc96f0 elementor-section-boxed elementor-section-height-default elementor-section-height-default\" data-id=\"ffc96f0\" data-element_type=\"section\" data-e-type=\"section\">\n\t\t\t\t\t\t<div class=\"elementor-container elementor-column-gap-default\">\n\t\t\t\t\t<div class=\"elementor-column elementor-col-100 elementor-top-column elementor-element elementor-element-9d4c128\" data-id=\"9d4c128\" data-element_type=\"column\" data-e-type=\"column\">\n\t\t\t<div class=\"elementor-widget-wrap elementor-element-populated\">\n\t\t\t\t\t\t<div class=\"elementor-element elementor-element-75d33d1 elementor-widget elementor-widget-heading\" data-id=\"75d33d1\" data-element_type=\"widget\" data-e-type=\"widget\" data-widget_type=\"heading.default\">\n\t\t\t\t<div class=\"elementor-widget-container\">\n\t\t\t\t\t<h2 class=\"elementor-heading-title elementor-size-default\"><span class=\"ez-toc-section\" id=\"Livres-sur-la-mythologie-Muskogee\"><\/span>Libros sobre la mitolog\u00eda Muskogean<span class=\"ez-toc-section-end\"><\/span><\/h2>\t\t\t\t<\/div>\n\t\t\t\t<\/div>\n\t\t\t\t\t<\/div>\n\t\t<\/div>\n\t\t\t\t\t<\/div>\n\t\t<\/section>\n\t\t\t\t<section class=\"elementor-section elementor-top-section elementor-element elementor-element-76498c6 elementor-section-boxed elementor-section-height-default elementor-section-height-default\" data-id=\"76498c6\" data-element_type=\"section\" data-e-type=\"section\">\n\t\t\t\t\t\t<div class=\"elementor-container elementor-column-gap-default\">\n\t\t\t\t\t<div class=\"elementor-column elementor-col-100 elementor-top-column elementor-element elementor-element-9ef761b\" data-id=\"9ef761b\" data-element_type=\"column\" data-e-type=\"column\">\n\t\t\t<div class=\"elementor-widget-wrap elementor-element-populated\">\n\t\t\t\t\t\t<div class=\"elementor-element elementor-element-9bc1f49 elementor-widget elementor-widget-text-editor\" data-id=\"9bc1f49\" data-element_type=\"widget\" data-e-type=\"widget\" data-widget_type=\"text-editor.default\">\n\t\t\t\t<div class=\"elementor-widget-container\">\n\t\t\t\t\t\t\t\t\t<p>C\u00f3mics \/ Ilustrados:<\/p>\n<p>En franc\u00e9s :<\/p>\n<p>Solo en ingles:<\/p>\n<ul>\n<li><a href=\"https:\/\/www.amazon.fr\/Cherokee-Mythology-Captivating-Legends-American\/dp\/1953934072?&amp;linkCode=sl1&amp;tag=mythscience-21&amp;linkId=46860aa1a023846af28a0500fc8d3d53&amp;language=fr_FR&amp;ref_=as_li_ss_tl\" target=\"_blank\" rel=\"noopener\">Mitolog\u00eda cherokee: cautivadores mitos y leyendas de una tribu nativa americana<\/a><\/li>\n<li><a href=\"https:\/\/www.amazon.fr\/Cherokee-Myths-Legends-Thirty-Retold\/dp\/0786494603?&amp;linkCode=ll1&amp;tag=mythscience-21&amp;linkId=eaa25e5fafc39f35ec9eb73472854d50&amp;language=fr_FR&amp;ref_=as_li_ss_tl\" target=\"_blank\" rel=\"noopener\">Cherokee Myths and Legends: Treinta cuentos contados de nuevo<\/a><\/li>\n<li><a href=\"https:\/\/www.amazon.fr\/Choctaw-Tales-Tom-Mould\/dp\/1578066832?&amp;linkCode=ll1&amp;tag=mythscience-21&amp;linkId=e56f687c2fad194f3c843411102059c9&amp;language=fr_FR&amp;ref_=as_li_ss_tl\" target=\"_blank\" rel=\"noopener\">Cuentos choctaw<\/a><\/li>\n<li><a href=\"https:\/\/www.amazon.fr\/Legends-Seminoles-Betty-M-Jumper\/dp\/1683340906?&amp;linkCode=ll1&amp;tag=mythscience-21&amp;linkId=a988f25c24e3a36e46f20205c312703b&amp;language=fr_FR&amp;ref_=as_li_ss_tl\" target=\"_blank\" rel=\"noopener\">Leyendas de los seminolas<\/a><\/li>\n<li><a href=\"https:\/\/www.amazon.fr\/dp\/0312422725?&amp;linkCode=ll1&amp;tag=mythscience-21&amp;linkId=f2002f10e1e3d5a7ab1c313038ec2220&amp;language=fr_FR&amp;ref_=as_li_ss_tl\" target=\"_blank\" rel=\"noopener\">Cr\u00f3nicas de Indian Creek<\/a><\/li>\n<li><a href=\"https:\/\/www.amazon.fr\/dp\/0803287429?&amp;linkCode=ll1&amp;tag=mythscience-21&amp;linkId=91f32f7759e6eb9a7d568e578a431755&amp;language=fr_FR&amp;ref_=as_li_ss_tl\" target=\"_blank\" rel=\"noopener\">Mitos y Tradiciones de los Indios Arikara<\/a><\/li>\n<li><a href=\"https:\/\/www.amazon.fr\/dp\/0803250800?&amp;linkCode=sl1&amp;tag=mythscience-21&amp;linkId=25111cdf94034938f2da3c1a11b7b668&amp;language=fr_FR&amp;ref_=as_li_ss_tl\" target=\"_blank\" rel=\"noopener\">Historias y cuentos populares de Pawnee Hero<\/a><\/li>\n<li><a href=\"https:\/\/www.amazon.fr\/Native-American-Legends-Southeast-Chickasaw\/dp\/0817356894?_encoding=UTF8&amp;qid=&amp;sr=&amp;linkCode=sl1&amp;tag=mythscience-21&amp;linkId=7d697764e2b3bdcd1340906f2e377955&amp;language=fr_FR&amp;ref_=as_li_ss_tl\" target=\"_blank\" rel=\"noopener\">Leyendas de los nativos americanos del sureste<\/a><\/li>\n<li><a href=\"https:\/\/www.amazon.fr\/dp\/0962863009?&amp;linkCode=ll1&amp;tag=mythscience-21&amp;linkId=323ace15cdd05737d98430381b3861b8&amp;language=fr_FR&amp;ref_=as_li_ss_tl\" target=\"_blank\" rel=\"noopener\">T\u00eda Mary, cu\u00e9ntame un cuento: una colecci\u00f3n de leyendas y cuentos cherokee<\/a><\/li>\n<\/ul>\t\t\t\t\t\t\t\t<\/div>\n\t\t\t\t<\/div>\n\t\t\t\t\t<\/div>\n\t\t<\/div>\n\t\t\t\t\t<\/div>\n\t\t<\/section>\n\t\t\t\t<\/div>","protected":false},"excerpt":{"rendered":"<p>Retour au Groupe Culturel Boutique D\u00e9di\u00e9e Wiki Mythologie Caddo La mythologie Caddo regroupe les peuples am\u00e9rindiens suivants : Caddo, Hasinais, &hellip; <\/p>","protected":false},"author":1,"featured_media":0,"parent":0,"menu_order":1,"comment_status":"closed","ping_status":"closed","template":"","meta":{"footnotes":""},"class_list":["post-3757","page","type-page","status-publish","hentry"],"amp_enabled":true,"_links":{"self":[{"href":"https:\/\/mythslegendes.com\/es\/wp-json\/wp\/v2\/pages\/3757","targetHints":{"allow":["GET"]}}],"collection":[{"href":"https:\/\/mythslegendes.com\/es\/wp-json\/wp\/v2\/pages"}],"about":[{"href":"https:\/\/mythslegendes.com\/es\/wp-json\/wp\/v2\/types\/page"}],"author":[{"embeddable":true,"href":"https:\/\/mythslegendes.com\/es\/wp-json\/wp\/v2\/users\/1"}],"replies":[{"embeddable":true,"href":"https:\/\/mythslegendes.com\/es\/wp-json\/wp\/v2\/comments?post=3757"}],"version-history":[{"count":11,"href":"https:\/\/mythslegendes.com\/es\/wp-json\/wp\/v2\/pages\/3757\/revisions"}],"predecessor-version":[{"id":27163,"href":"https:\/\/mythslegendes.com\/es\/wp-json\/wp\/v2\/pages\/3757\/revisions\/27163"}],"wp:attachment":[{"href":"https:\/\/mythslegendes.com\/es\/wp-json\/wp\/v2\/media?parent=3757"}],"curies":[{"name":"wp","href":"https:\/\/api.w.org\/{rel}","templated":true}]}}