{"id":3800,"date":"2020-07-28T10:14:33","date_gmt":"2020-07-28T09:14:33","guid":{"rendered":"https:\/\/mythslegendes.com\/?page_id=3800"},"modified":"2023-03-04T22:57:41","modified_gmt":"2023-03-04T22:57:41","slug":"mythologie-ahtna-tanaima","status":"publish","type":"page","link":"https:\/\/mythslegendes.com\/es\/mitologia-ahtna-tanaima\/","title":{"rendered":"Mitolog\u00eda Ahtna-Tanaima"},"content":{"rendered":"<div data-elementor-type=\"wp-page\" data-elementor-id=\"3800\" class=\"elementor elementor-3800\">\n\t\t\t\t\t\t<section class=\"elementor-section elementor-top-section elementor-element elementor-element-3d8bb48 elementor-section-boxed elementor-section-height-default elementor-section-height-default\" data-id=\"3d8bb48\" data-element_type=\"section\" data-e-type=\"section\">\n\t\t\t\t\t\t<div class=\"elementor-container elementor-column-gap-default\">\n\t\t\t\t\t<div class=\"elementor-column elementor-col-33 elementor-top-column elementor-element elementor-element-abe6806\" data-id=\"abe6806\" data-element_type=\"column\" data-e-type=\"column\">\n\t\t\t<div class=\"elementor-widget-wrap elementor-element-populated\">\n\t\t\t\t\t\t<div class=\"elementor-element elementor-element-b205e5d elementor-align-justify elementor-widget elementor-widget-button\" data-id=\"b205e5d\" data-element_type=\"widget\" data-e-type=\"widget\" data-widget_type=\"button.default\">\n\t\t\t\t<div class=\"elementor-widget-container\">\n\t\t\t\t\t\t\t\t\t<div class=\"elementor-button-wrapper\">\n\t\t\t\t\t<a class=\"elementor-button elementor-button-link elementor-size-sm\" href=\"https:\/\/mythslegendes.com\/es\/mythes-et-legendes-athabaskans-2103\/\">\n\t\t\t\t\t\t<span class=\"elementor-button-content-wrapper\">\n\t\t\t\t\t\t\t\t\t<span class=\"elementor-button-text\">Volver al Grupo Cultural<\/span>\n\t\t\t\t\t<\/span>\n\t\t\t\t\t<\/a>\n\t\t\t\t<\/div>\n\t\t\t\t\t\t\t\t<\/div>\n\t\t\t\t<\/div>\n\t\t\t\t\t<\/div>\n\t\t<\/div>\n\t\t\t\t<div class=\"elementor-column elementor-col-33 elementor-top-column elementor-element elementor-element-b0a1ce8\" data-id=\"b0a1ce8\" data-element_type=\"column\" data-e-type=\"column\">\n\t\t\t<div class=\"elementor-widget-wrap elementor-element-populated\">\n\t\t\t\t\t\t<div class=\"elementor-element elementor-element-5b4f114 elementor-align-justify elementor-widget elementor-widget-button\" data-id=\"5b4f114\" data-element_type=\"widget\" data-e-type=\"widget\" data-widget_type=\"button.default\">\n\t\t\t\t<div class=\"elementor-widget-container\">\n\t\t\t\t\t\t\t\t\t<div class=\"elementor-button-wrapper\">\n\t\t\t\t\t<a class=\"elementor-button elementor-button-link elementor-size-sm\" href=\"https:\/\/mythslegendes.com\/es\/bibliotecas-de-libros\/\">\n\t\t\t\t\t\t<span class=\"elementor-button-content-wrapper\">\n\t\t\t\t\t\t\t\t\t<span class=\"elementor-button-text\">Tienda dedicada<\/span>\n\t\t\t\t\t<\/span>\n\t\t\t\t\t<\/a>\n\t\t\t\t<\/div>\n\t\t\t\t\t\t\t\t<\/div>\n\t\t\t\t<\/div>\n\t\t\t\t\t<\/div>\n\t\t<\/div>\n\t\t\t\t<div class=\"elementor-column elementor-col-33 elementor-top-column elementor-element elementor-element-30a7abc\" data-id=\"30a7abc\" data-element_type=\"column\" data-e-type=\"column\">\n\t\t\t<div class=\"elementor-widget-wrap elementor-element-populated\">\n\t\t\t\t\t\t<div class=\"elementor-element elementor-element-5140eed elementor-align-justify elementor-widget elementor-widget-button\" data-id=\"5140eed\" data-element_type=\"widget\" data-e-type=\"widget\" data-widget_type=\"button.default\">\n\t\t\t\t<div class=\"elementor-widget-container\">\n\t\t\t\t\t\t\t\t\t<div class=\"elementor-button-wrapper\">\n\t\t\t\t\t<a class=\"elementor-button elementor-button-link elementor-size-sm\" href=\"https:\/\/fr.wikipedia.org\/wiki\/D%C3%A9n%C3%A9s\" target=\"_blank\" rel=\"noopener\">\n\t\t\t\t\t\t<span class=\"elementor-button-content-wrapper\">\n\t\t\t\t\t\t\t\t\t<span class=\"elementor-button-text\">Wiki<\/span>\n\t\t\t\t\t<\/span>\n\t\t\t\t\t<\/a>\n\t\t\t\t<\/div>\n\t\t\t\t\t\t\t\t<\/div>\n\t\t\t\t<\/div>\n\t\t\t\t\t<\/div>\n\t\t<\/div>\n\t\t\t\t\t<\/div>\n\t\t<\/section>\n\t\t\t\t<section class=\"elementor-section elementor-top-section elementor-element elementor-element-10d71d7a elementor-section-boxed elementor-section-height-default elementor-section-height-default\" data-id=\"10d71d7a\" data-element_type=\"section\" data-e-type=\"section\">\n\t\t\t\t\t\t<div class=\"elementor-container elementor-column-gap-default\">\n\t\t\t\t\t<div class=\"elementor-column elementor-col-100 elementor-top-column elementor-element elementor-element-3367d5ae\" data-id=\"3367d5ae\" data-element_type=\"column\" data-e-type=\"column\">\n\t\t\t<div class=\"elementor-widget-wrap elementor-element-populated\">\n\t\t\t\t\t\t<div class=\"elementor-element elementor-element-6e737f2c elementor-widget elementor-widget-text-editor\" data-id=\"6e737f2c\" data-element_type=\"widget\" data-e-type=\"widget\" data-widget_type=\"text-editor.default\">\n\t\t\t\t<div class=\"elementor-widget-container\">\n\t\t\t\t\t\t\t\t\t\n<div id=\"ez-toc-container\" class=\"ez-toc-v2_0_82_2 counter-hierarchy ez-toc-counter ez-toc-grey ez-toc-container-direction\">\n<div class=\"ez-toc-title-container\">\n<p class=\"ez-toc-title\" style=\"cursor:inherit\">Contenido<\/p>\n<span class=\"ez-toc-title-toggle\"><a href=\"#\" class=\"ez-toc-pull-right ez-toc-btn ez-toc-btn-xs ez-toc-btn-default ez-toc-toggle\" aria-label=\"Alternar tabla de contenidos\"><span class=\"ez-toc-js-icon-con\"><span class=\"\"><span class=\"eztoc-hide\" style=\"display:none;\">Palanca<\/span><span class=\"ez-toc-icon-toggle-span\"><svg style=\"fill: #999;color:#999\" xmlns=\"http:\/\/www.w3.org\/2000\/svg\" class=\"list-377408\" width=\"20px\" height=\"20px\" viewbox=\"0 0 24 24\" fill=\"none\"><path d=\"M6 6H4v2h2V6zm14 0H8v2h12V6zM4 11h2v2H4v-2zm16 0H8v2h12v-2zM4 16h2v2H4v-2zm16 0H8v2h12v-2z\" fill=\"currentColor\"><\/path><\/svg><svg style=\"fill: #999;color:#999\" class=\"arrow-unsorted-368013\" xmlns=\"http:\/\/www.w3.org\/2000\/svg\" width=\"10px\" height=\"10px\" viewbox=\"0 0 24 24\" version=\"1.2\" baseprofile=\"tiny\"><path d=\"M18.2 9.3l-6.2-6.3-6.2 6.3c-.2.2-.3.4-.3.7s.1.5.3.7c.2.2.4.3.7.3h11c.3 0 .5-.1.7-.3.2-.2.3-.5.3-.7s-.1-.5-.3-.7zM5.8 14.7l6.2 6.3 6.2-6.3c.2-.2.3-.5.3-.7s-.1-.5-.3-.7c-.2-.2-.4-.3-.7-.3h-11c-.3 0-.5.1-.7.3-.2.2-.3.5-.3.7s.1.5.3.7z\"\/><\/svg><\/span><\/span><\/span><\/a><\/span><\/div>\n<nav><ul class='ez-toc-list ez-toc-list-level-1' ><li class='ez-toc-page-1 ez-toc-heading-level-2'><a class=\"ez-toc-link ez-toc-heading-1\" href=\"https:\/\/mythslegendes.com\/es\/mitologia-ahtna-tanaima\/#Mythologie-Ahtna-Tanaima\" >Mitolog\u00eda Ahtna-Tanaima<\/a><\/li><li class='ez-toc-page-1 ez-toc-heading-level-2'><a class=\"ez-toc-link ez-toc-heading-2\" href=\"https:\/\/mythslegendes.com\/es\/mitologia-ahtna-tanaima\/#Mythologie-Ahtna-Tanaima-textes\" >Mitolog\u00eda Ahtna-Tanaima (textos)<\/a><\/li><li class='ez-toc-page-1 ez-toc-heading-level-2'><a class=\"ez-toc-link ez-toc-heading-3\" href=\"https:\/\/mythslegendes.com\/es\/mitologia-ahtna-tanaima\/#Livres-sur-la-mythologie-Athabaskan\" >Libros sobre la mitolog\u00eda de Athabaskan<\/a><\/li><\/ul><\/nav><\/div>\n<h2><span class=\"ez-toc-section\" id=\"Mythologie-Ahtna-Tanaima\"><\/span>Mitolog\u00eda Ahtna-Tanaima<span class=\"ez-toc-section-end\"><\/span><\/h2>\n<p>los <a href=\"https:\/\/mythslegendes.com\/es\/\">mitolog\u00eda<\/a> Ahtna-Tanaima incluye los siguientes pueblos nativos americanos: <strong>Ahtna, Ahtena, Dena&#039;ina, Dene, Tanaina<\/strong><\/p>\n<p>los\u00a0<strong>Ahtna<\/strong>\u00a0D\u00f3nde\u00a0<strong>Ahtena<\/strong>\u00a0son un pueblo <a href=\"https:\/\/mythslegendes.com\/es\/mythes-et-legendes-athabaskans-2103\/\">atapascano<\/a> viviendo en\u00a0<a href=\"https:\/\/mythslegendes.com\/es\/mythes-et-legendes-eskimo-aleut-2111\/\">Alaska<\/a>.<\/p>\n\n\n\n<p>Este t\u00e9rmino significa\u00a0<em>gente de hielo<\/em>\u00a0en su propio idioma. Este, tambi\u00e9n llamado Ahtna, pertenece a la familia de lenguas <a href=\"https:\/\/mythslegendes.com\/es\/mythes-et-legendes-athabaskans-2103\/\">atapascanos<\/a>\u00a0; est\u00e1 al borde de la extinci\u00f3n. La patria de esta tribu se encuentra en la cuenca del r\u00edo Copper en el sur de Alaska.<\/p>\n\n\n\n<p>los\u00a0<strong>Dena&#039;ina<\/strong>, a veces llamado\u00a0<strong>No<\/strong>\u00a0D\u00f3nde\u00a0<strong>Tanaina<\/strong>, es una lengua ind\u00edgena hablada por los\u00a0<a href=\"https:\/\/mythslegendes.com\/es\/mitologia-inuit-aleut\/\">inuit<\/a>\u00a0en Alaska, en el Golfo de <a href=\"https:\/\/mythslegendes.com\/es\/cocinera-mitologia\/\">Cocinando<\/a>.<\/p>\n<p><img decoding=\"async\" class=\"alignnone wp-image-5284 size-full\" src=\"https:\/\/mythslegendes.com\/wp-content\/uploads\/2020\/09\/AlphaOmega-e1602613368367.png\" alt=\"Mitolog\u00eda Ahtna-Tanaima\" width=\"25\" height=\"26\" title=\"\"><\/p>\n\t\t\t\t\t\t\t\t<\/div>\n\t\t\t\t<\/div>\n\t\t\t\t\t<\/div>\n\t\t<\/div>\n\t\t\t\t\t<\/div>\n\t\t<\/section>\n\t\t\t\t<section class=\"elementor-section elementor-top-section elementor-element elementor-element-84cd8e0 elementor-section-boxed elementor-section-height-default elementor-section-height-default\" data-id=\"84cd8e0\" data-element_type=\"section\" data-e-type=\"section\">\n\t\t\t\t\t\t<div class=\"elementor-container elementor-column-gap-default\">\n\t\t\t\t\t<div class=\"elementor-column elementor-col-100 elementor-top-column elementor-element elementor-element-7f7ec75\" data-id=\"7f7ec75\" data-element_type=\"column\" data-e-type=\"column\">\n\t\t\t<div class=\"elementor-widget-wrap elementor-element-populated\">\n\t\t\t\t\t\t<div class=\"elementor-element elementor-element-f742614 elementor-widget elementor-widget-heading\" data-id=\"f742614\" data-element_type=\"widget\" data-e-type=\"widget\" data-widget_type=\"heading.default\">\n\t\t\t\t<div class=\"elementor-widget-container\">\n\t\t\t\t\t<h2 class=\"elementor-heading-title elementor-size-default\"><span class=\"ez-toc-section\" id=\"Mythologie-Ahtna-Tanaima-textes\"><\/span>Mitolog\u00eda Ahtna-Tanaima (textos)<span class=\"ez-toc-section-end\"><\/span><\/h2>\t\t\t\t<\/div>\n\t\t\t\t<\/div>\n\t\t\t\t\t<\/div>\n\t\t<\/div>\n\t\t\t\t\t<\/div>\n\t\t<\/section>\n\t\t\t\t<section class=\"elementor-section elementor-top-section elementor-element elementor-element-8ecd288 elementor-section-boxed elementor-section-height-default elementor-section-height-default\" data-id=\"8ecd288\" data-element_type=\"section\" data-e-type=\"section\">\n\t\t\t\t\t\t<div class=\"elementor-container elementor-column-gap-default\">\n\t\t\t\t\t<div class=\"elementor-column elementor-col-100 elementor-top-column elementor-element elementor-element-5bd0319\" data-id=\"5bd0319\" data-element_type=\"column\" data-e-type=\"column\">\n\t\t\t<div class=\"elementor-widget-wrap elementor-element-populated\">\n\t\t\t\t\t\t<div class=\"elementor-element elementor-element-0c63482 elementor-widget elementor-widget-toggle\" data-id=\"0c63482\" data-element_type=\"widget\" data-e-type=\"widget\" data-widget_type=\"toggle.default\">\n\t\t\t\t<div class=\"elementor-widget-container\">\n\t\t\t\t\t\t\t<div class=\"elementor-toggle\">\n\t\t\t\t\t\t\t<div class=\"elementor-toggle-item\">\n\t\t\t\t\t<div id=\"elementor-tab-title-1291\" class=\"elementor-tab-title\" data-tab=\"1\" role=\"button\" aria-controls=\"elementor-tab-content-1291\" aria-expanded=\"false\">\n\t\t\t\t\t\t\t\t\t\t\t\t<span class=\"elementor-toggle-icon elementor-toggle-icon-left\" aria-hidden=\"true\">\n\t\t\t\t\t\t\t\t\t\t\t\t\t\t\t<span class=\"elementor-toggle-icon-closed\"><i class=\"fas fa-caret-right\"><\/i><\/span>\n\t\t\t\t\t\t\t\t<span class=\"elementor-toggle-icon-opened\"><i class=\"elementor-toggle-icon-opened fas fa-caret-up\"><\/i><\/span>\n\t\t\t\t\t\t\t\t\t\t\t\t\t<\/span>\n\t\t\t\t\t\t\t\t\t\t\t\t<a class=\"elementor-toggle-title\" tabindex=\"0\">Libro gratuito Ahtna-Tanaima: Nuestras voces<\/a>\n\t\t\t\t\t<\/div>\n\n\t\t\t\t\t<div id=\"elementor-tab-content-1291\" class=\"elementor-tab-content elementor-clearfix\" data-tab=\"1\" role=\"region\" aria-labelledby=\"elementor-tab-title-1291\"><iframe frameborder=\"0\" scrolling=\"no\" style=\"border:0px\" src=\"https:\/\/books.google.fr\/books?id=9r7xY9OAWZcC&#038;lpg=PA387&#038;dq=ATNA'%20YANIDA'A%20AHTNA%20Stories&#038;hl=fr&#038;pg=PP1&#038;output=embed\" width=\"500\" height=\"500\"><\/iframe><\/div>\n\t\t\t\t<\/div>\n\t\t\t\t\t\t\t<div class=\"elementor-toggle-item\">\n\t\t\t\t\t<div id=\"elementor-tab-title-1292\" class=\"elementor-tab-title\" data-tab=\"2\" role=\"button\" aria-controls=\"elementor-tab-content-1292\" aria-expanded=\"false\">\n\t\t\t\t\t\t\t\t\t\t\t\t<span class=\"elementor-toggle-icon elementor-toggle-icon-left\" aria-hidden=\"true\">\n\t\t\t\t\t\t\t\t\t\t\t\t\t\t\t<span class=\"elementor-toggle-icon-closed\"><i class=\"fas fa-caret-right\"><\/i><\/span>\n\t\t\t\t\t\t\t\t<span class=\"elementor-toggle-icon-opened\"><i class=\"elementor-toggle-icon-opened fas fa-caret-up\"><\/i><\/span>\n\t\t\t\t\t\t\t\t\t\t\t\t\t<\/span>\n\t\t\t\t\t\t\t\t\t\t\t\t<a class=\"elementor-toggle-title\" tabindex=\"0\">Mitos y leyendas de Ahtna-Tanaima (fr)<\/a>\n\t\t\t\t\t<\/div>\n\n\t\t\t\t\t<div id=\"elementor-tab-content-1292\" class=\"elementor-tab-content elementor-clearfix\" data-tab=\"2\" role=\"region\" aria-labelledby=\"elementor-tab-title-1292\"><ul>\n<li><a href=\"http:\/\/www.ankn.uaf.edu\/NPE\/CulturalAtlases\/Yupiaq\/Marshall\/raven\/DotsonSa.html\" target=\"_blank\" rel=\"noopener\"><strong>Dotson &#039;Sa, el gran cuervo hace el mundo<\/strong><\/a><\/li>\n<li><a href=\"http:\/\/www.ankn.uaf.edu\/NPE\/CulturalAtlases\/Yupiaq\/Marshall\/raven\/RavenStealsTheLight.html\" target=\"_blank\" rel=\"noopener\"><strong>Cuervo roba la luz<\/strong><\/a><\/li>\n<li><a href=\"http:\/\/www.ankn.uaf.edu\/NPE\/CulturalAtlases\/Yupiaq\/Marshall\/raven\/WhenRavenWasKilled.html\" target=\"_blank\" rel=\"noopener\"><strong>Cuando Raven fue asesinado<\/strong><\/a><\/li>\n<li><a href=\"http:\/\/www.ankn.uaf.edu\/NPE\/CulturalAtlases\/Yupiaq\/Marshall\/raven\/HowRavenKilledWhale.html\" target=\"_blank\" rel=\"noopener\"><strong>C\u00f3mo cuervo mat\u00f3 a la ballena<\/strong><\/a><\/li>\n<li><a href=\"http:\/\/www.ankn.uaf.edu\/NPE\/CulturalAtlases\/Yupiaq\/Marshall\/raven\/RavenandMink.html\" target=\"_blank\" rel=\"noopener\"><strong>Cuervo y vis\u00f3n<\/strong><\/a><\/li>\n<li><a href=\"http:\/\/www.ankn.uaf.edu\/NPE\/CulturalAtlases\/Yupiaq\/Marshall\/raven\/RavenLostHisEyes.html\" target=\"_blank\" rel=\"noopener\"><strong>Cuervo perdi\u00f3 los ojos<\/strong><\/a><\/li>\n<li><a href=\"http:\/\/www.ankn.uaf.edu\/NPE\/CulturalAtlases\/Yupiaq\/Marshall\/raven\/RavenandGooseWife.html\" target=\"_blank\" rel=\"noopener\"><strong>Cuervo y esposa de ganso<\/strong><\/a><\/li>\n<\/ul><\/div>\n\t\t\t\t<\/div>\n\t\t\t\t\t\t\t\t<\/div>\n\t\t\t\t\t\t<\/div>\n\t\t\t\t<\/div>\n\t\t\t\t\t<\/div>\n\t\t<\/div>\n\t\t\t\t\t<\/div>\n\t\t<\/section>\n\t\t\t\t<section class=\"elementor-section elementor-top-section elementor-element elementor-element-8480abc elementor-section-boxed elementor-section-height-default elementor-section-height-default\" data-id=\"8480abc\" data-element_type=\"section\" data-e-type=\"section\">\n\t\t\t\t\t\t<div class=\"elementor-container elementor-column-gap-default\">\n\t\t\t\t\t<div class=\"elementor-column elementor-col-100 elementor-top-column elementor-element elementor-element-deaf107\" data-id=\"deaf107\" data-element_type=\"column\" data-e-type=\"column\">\n\t\t\t<div class=\"elementor-widget-wrap elementor-element-populated\">\n\t\t\t\t\t\t<div class=\"elementor-element elementor-element-8085166 elementor-widget elementor-widget-heading\" data-id=\"8085166\" data-element_type=\"widget\" data-e-type=\"widget\" data-widget_type=\"heading.default\">\n\t\t\t\t<div class=\"elementor-widget-container\">\n\t\t\t\t\t<h2 class=\"elementor-heading-title elementor-size-default\"><span class=\"ez-toc-section\" id=\"Livres-sur-la-mythologie-Athabaskan\"><\/span>Libros sobre la mitolog\u00eda de Athabaskan<span class=\"ez-toc-section-end\"><\/span><\/h2>\t\t\t\t<\/div>\n\t\t\t\t<\/div>\n\t\t\t\t\t<\/div>\n\t\t<\/div>\n\t\t\t\t\t<\/div>\n\t\t<\/section>\n\t\t\t\t<section class=\"elementor-section elementor-top-section elementor-element elementor-element-4696b56 elementor-section-boxed elementor-section-height-default elementor-section-height-default\" data-id=\"4696b56\" data-element_type=\"section\" data-e-type=\"section\">\n\t\t\t\t\t\t<div class=\"elementor-container elementor-column-gap-default\">\n\t\t\t\t\t<div class=\"elementor-column elementor-col-100 elementor-top-column elementor-element elementor-element-f96be39\" data-id=\"f96be39\" data-element_type=\"column\" data-e-type=\"column\">\n\t\t\t<div class=\"elementor-widget-wrap elementor-element-populated\">\n\t\t\t\t\t\t<div class=\"elementor-element elementor-element-2bd663a elementor-widget elementor-widget-text-editor\" data-id=\"2bd663a\" data-element_type=\"widget\" data-e-type=\"widget\" data-widget_type=\"text-editor.default\">\n\t\t\t\t<div class=\"elementor-widget-container\">\n\t\t\t\t\t\t\t\t\t<p>C\u00f3mics \/ Ilustrados:<\/p>\n<p>En franc\u00e9s :<\/p>\n<p>Solo en ingles:<\/p>\n<ul>\n<li><a href=\"https:\/\/www.amazon.fr\/How-Raven-Got-Crooked-Nose\/dp\/1513264397?&amp;linkCode=sl1&amp;tag=mythscience-21&amp;linkId=b76bbeebdc5e06d4f35583a0e11e20e8&amp;language=fr_FR&amp;ref_=as_li_ss_tl\" target=\"_blank\" rel=\"noopener\">C\u00f3mo Raven consigui\u00f3 su nariz torcida: una f\u00e1bula de Dena&#039;ina de Alaska<\/a><\/li>\n<li><a href=\"https:\/\/www.amazon.fr\/dp\/0826310435?&amp;linkCode=ll1&amp;tag=mythscience-21&amp;linkId=94849c8ecb406d1a2362cb88cc07dc15&amp;language=fr_FR&amp;ref_=as_li_ss_tl\" target=\"_blank\" rel=\"noopener\">Din\u00e9 Bahane&#039;: La historia de la creaci\u00f3n navajo<\/a><\/li>\n<li><a href=\"https:\/\/www.amazon.fr\/dp\/0816530092?&amp;linkCode=ll1&amp;tag=mythscience-21&amp;linkId=0f173589e54269568c76ae1c48164aad&amp;language=fr_FR&amp;ref_=as_li_ss_tl\" target=\"_blank\" rel=\"noopener\">Caminando por la tierra, alimentando el fuego: conocimiento y administraci\u00f3n entre los tlicho dene<\/a><\/li>\n<li><a href=\"https:\/\/www.amazon.fr\/dp\/0295974354?&amp;linkCode=ll1&amp;tag=mythscience-21&amp;linkId=5cf00f0ce561f528cfa78fdf2d113e03&amp;language=fr_FR&amp;ref_=as_li_ss_tl\" target=\"_blank\" rel=\"noopener\">Cuentos de Dena: historias indias de los r\u00edos Tanana, Koyukuk y Yukon<\/a><\/li>\n<li><a href=\"https:\/\/www.amazon.fr\/dp\/0395779383?&amp;linkCode=ll1&amp;tag=mythscience-21&amp;linkId=9d432b764414a699a3192de3824aa858&amp;language=fr_FR&amp;ref_=as_li_ss_tl\" target=\"_blank\" rel=\"noopener\">C\u00f3mo cayeron las estrellas en el cielo: una leyenda navajo<\/a><\/li>\n<li><a href=\"https:\/\/www.amazon.fr\/Apache-Legends-Lore-Southern-Mexico\/dp\/1626194866?&amp;linkCode=sl1&amp;tag=mythscience-21&amp;linkId=643ebbc93d29f1f070c4962af3c249b8&amp;language=fr_FR&amp;ref_=as_li_ss_tl\" target=\"_blank\" rel=\"noopener\">Apache Legends &amp; Lore of Southern New Mexico: From the Sacred Mountain<\/a><\/li>\n<li><a href=\"https:\/\/www.amazon.fr\/Two-Old-Women-Betrayal-Survival\/dp\/0972494499?&amp;linkCode=sl1&amp;tag=mythscience-21&amp;linkId=c40de0d70b66a90ffdcbe6ede1cfe10b&amp;language=fr_FR&amp;ref_=as_li_ss_tl\" target=\"_blank\" rel=\"noopener\">Dos ancianas: una leyenda de Alaska de traici\u00f3n, coraje y supervivencia<\/a><\/li>\n<\/ul>\t\t\t\t\t\t\t\t<\/div>\n\t\t\t\t<\/div>\n\t\t\t\t\t<\/div>\n\t\t<\/div>\n\t\t\t\t\t<\/div>\n\t\t<\/section>\n\t\t\t\t<\/div>","protected":false},"excerpt":{"rendered":"<p>Retour au Groupe Culturel Boutique D\u00e9di\u00e9e Wiki Mythologie Ahtna-Tanaima La mythologie Ahtna-Tanaima regroupe les peuples am\u00e9rindiens suivants : Ahtna, Ahtena, &hellip; <\/p>","protected":false},"author":1,"featured_media":0,"parent":0,"menu_order":1,"comment_status":"closed","ping_status":"closed","template":"","meta":{"footnotes":""},"class_list":["post-3800","page","type-page","status-publish","hentry"],"amp_enabled":true,"_links":{"self":[{"href":"https:\/\/mythslegendes.com\/es\/wp-json\/wp\/v2\/pages\/3800","targetHints":{"allow":["GET"]}}],"collection":[{"href":"https:\/\/mythslegendes.com\/es\/wp-json\/wp\/v2\/pages"}],"about":[{"href":"https:\/\/mythslegendes.com\/es\/wp-json\/wp\/v2\/types\/page"}],"author":[{"embeddable":true,"href":"https:\/\/mythslegendes.com\/es\/wp-json\/wp\/v2\/users\/1"}],"replies":[{"embeddable":true,"href":"https:\/\/mythslegendes.com\/es\/wp-json\/wp\/v2\/comments?post=3800"}],"version-history":[{"count":7,"href":"https:\/\/mythslegendes.com\/es\/wp-json\/wp\/v2\/pages\/3800\/revisions"}],"predecessor-version":[{"id":27076,"href":"https:\/\/mythslegendes.com\/es\/wp-json\/wp\/v2\/pages\/3800\/revisions\/27076"}],"wp:attachment":[{"href":"https:\/\/mythslegendes.com\/es\/wp-json\/wp\/v2\/media?parent=3800"}],"curies":[{"name":"wp","href":"https:\/\/api.w.org\/{rel}","templated":true}]}}