{"id":3954,"date":"2020-07-29T13:02:37","date_gmt":"2020-07-29T12:02:37","guid":{"rendered":"https:\/\/mythslegendes.com\/?page_id=3954"},"modified":"2023-03-05T07:11:18","modified_gmt":"2023-03-05T07:11:18","slug":"mythologie-crow-hidatsa-mandan","status":"publish","type":"page","link":"https:\/\/mythslegendes.com\/es\/cuervo-hidatsa-mandan-mitologia\/","title":{"rendered":"Mitolog\u00eda Cuervo-Hidatsa-Mandan"},"content":{"rendered":"<div data-elementor-type=\"wp-page\" data-elementor-id=\"3954\" class=\"elementor elementor-3954\">\n\t\t\t\t\t\t<section class=\"elementor-section elementor-top-section elementor-element elementor-element-3d10e69 elementor-section-boxed elementor-section-height-default elementor-section-height-default\" data-id=\"3d10e69\" data-element_type=\"section\" data-e-type=\"section\">\n\t\t\t\t\t\t<div class=\"elementor-container elementor-column-gap-default\">\n\t\t\t\t\t<div class=\"elementor-column elementor-col-33 elementor-top-column elementor-element elementor-element-b93f906\" data-id=\"b93f906\" data-element_type=\"column\" data-e-type=\"column\">\n\t\t\t<div class=\"elementor-widget-wrap elementor-element-populated\">\n\t\t\t\t\t\t<div class=\"elementor-element elementor-element-cd99819 elementor-align-justify elementor-widget elementor-widget-button\" data-id=\"cd99819\" data-element_type=\"widget\" data-e-type=\"widget\" data-widget_type=\"button.default\">\n\t\t\t\t<div class=\"elementor-widget-container\">\n\t\t\t\t\t\t\t\t\t<div class=\"elementor-button-wrapper\">\n\t\t\t\t\t<a class=\"elementor-button elementor-button-link elementor-size-sm\" href=\"https:\/\/mythslegendes.com\/es\/mythes-et-legendes-siouans-2127\/\">\n\t\t\t\t\t\t<span class=\"elementor-button-content-wrapper\">\n\t\t\t\t\t\t\t\t\t<span class=\"elementor-button-text\">Volver al Grupo Cultural<\/span>\n\t\t\t\t\t<\/span>\n\t\t\t\t\t<\/a>\n\t\t\t\t<\/div>\n\t\t\t\t\t\t\t\t<\/div>\n\t\t\t\t<\/div>\n\t\t\t\t\t<\/div>\n\t\t<\/div>\n\t\t\t\t<div class=\"elementor-column elementor-col-33 elementor-top-column elementor-element elementor-element-be4c932\" data-id=\"be4c932\" data-element_type=\"column\" data-e-type=\"column\">\n\t\t\t<div class=\"elementor-widget-wrap elementor-element-populated\">\n\t\t\t\t\t\t<div class=\"elementor-element elementor-element-485569c elementor-align-justify elementor-widget elementor-widget-button\" data-id=\"485569c\" data-element_type=\"widget\" data-e-type=\"widget\" data-widget_type=\"button.default\">\n\t\t\t\t<div class=\"elementor-widget-container\">\n\t\t\t\t\t\t\t\t\t<div class=\"elementor-button-wrapper\">\n\t\t\t\t\t<a class=\"elementor-button elementor-button-link elementor-size-sm\" href=\"https:\/\/mythslegendes.com\/es\/bibliotecas-de-libros\/\">\n\t\t\t\t\t\t<span class=\"elementor-button-content-wrapper\">\n\t\t\t\t\t\t\t\t\t<span class=\"elementor-button-text\">Tienda dedicada<\/span>\n\t\t\t\t\t<\/span>\n\t\t\t\t\t<\/a>\n\t\t\t\t<\/div>\n\t\t\t\t\t\t\t\t<\/div>\n\t\t\t\t<\/div>\n\t\t\t\t\t<\/div>\n\t\t<\/div>\n\t\t\t\t<div class=\"elementor-column elementor-col-33 elementor-top-column elementor-element elementor-element-5469083\" data-id=\"5469083\" data-element_type=\"column\" data-e-type=\"column\">\n\t\t\t<div class=\"elementor-widget-wrap elementor-element-populated\">\n\t\t\t\t\t\t<div class=\"elementor-element elementor-element-9865a0c elementor-align-justify elementor-widget elementor-widget-button\" data-id=\"9865a0c\" data-element_type=\"widget\" data-e-type=\"widget\" data-widget_type=\"button.default\">\n\t\t\t\t<div class=\"elementor-widget-container\">\n\t\t\t\t\t\t\t\t\t<div class=\"elementor-button-wrapper\">\n\t\t\t\t\t<a class=\"elementor-button elementor-button-link elementor-size-sm\" href=\"https:\/\/fr.wikipedia.org\/wiki\/Crows\" target=\"_blank\" rel=\"noopener\">\n\t\t\t\t\t\t<span class=\"elementor-button-content-wrapper\">\n\t\t\t\t\t\t\t\t\t<span class=\"elementor-button-text\">Wiki<\/span>\n\t\t\t\t\t<\/span>\n\t\t\t\t\t<\/a>\n\t\t\t\t<\/div>\n\t\t\t\t\t\t\t\t<\/div>\n\t\t\t\t<\/div>\n\t\t\t\t\t<\/div>\n\t\t<\/div>\n\t\t\t\t\t<\/div>\n\t\t<\/section>\n\t\t\t\t<section class=\"elementor-section elementor-top-section elementor-element elementor-element-01e8e0d elementor-section-boxed elementor-section-height-default elementor-section-height-default\" data-id=\"01e8e0d\" data-element_type=\"section\" data-e-type=\"section\">\n\t\t\t\t\t\t<div class=\"elementor-container elementor-column-gap-default\">\n\t\t\t\t\t<div class=\"elementor-column elementor-col-100 elementor-top-column elementor-element elementor-element-0c2efb8\" data-id=\"0c2efb8\" data-element_type=\"column\" data-e-type=\"column\">\n\t\t\t<div class=\"elementor-widget-wrap elementor-element-populated\">\n\t\t\t\t\t\t<div class=\"elementor-element elementor-element-9224c8d elementor-widget elementor-widget-heading\" data-id=\"9224c8d\" data-element_type=\"widget\" data-e-type=\"widget\" data-widget_type=\"heading.default\">\n\t\t\t\t<div class=\"elementor-widget-container\">\n\t\t\t\t\t<div id=\"ez-toc-container\" class=\"ez-toc-v2_0_82_2 counter-hierarchy ez-toc-counter ez-toc-grey ez-toc-container-direction\">\n<div class=\"ez-toc-title-container\">\n<p class=\"ez-toc-title\" style=\"cursor:inherit\">Contenido<\/p>\n<span class=\"ez-toc-title-toggle\"><a href=\"#\" class=\"ez-toc-pull-right ez-toc-btn ez-toc-btn-xs ez-toc-btn-default ez-toc-toggle\" aria-label=\"Alternar tabla de contenidos\"><span class=\"ez-toc-js-icon-con\"><span class=\"\"><span class=\"eztoc-hide\" style=\"display:none;\">Palanca<\/span><span class=\"ez-toc-icon-toggle-span\"><svg style=\"fill: #999;color:#999\" xmlns=\"http:\/\/www.w3.org\/2000\/svg\" class=\"list-377408\" width=\"20px\" height=\"20px\" viewbox=\"0 0 24 24\" fill=\"none\"><path d=\"M6 6H4v2h2V6zm14 0H8v2h12V6zM4 11h2v2H4v-2zm16 0H8v2h12v-2zM4 16h2v2H4v-2zm16 0H8v2h12v-2z\" fill=\"currentColor\"><\/path><\/svg><svg style=\"fill: #999;color:#999\" class=\"arrow-unsorted-368013\" xmlns=\"http:\/\/www.w3.org\/2000\/svg\" width=\"10px\" height=\"10px\" viewbox=\"0 0 24 24\" version=\"1.2\" baseprofile=\"tiny\"><path d=\"M18.2 9.3l-6.2-6.3-6.2 6.3c-.2.2-.3.4-.3.7s.1.5.3.7c.2.2.4.3.7.3h11c.3 0 .5-.1.7-.3.2-.2.3-.5.3-.7s-.1-.5-.3-.7zM5.8 14.7l6.2 6.3 6.2-6.3c.2-.2.3-.5.3-.7s-.1-.5-.3-.7c-.2-.2-.4-.3-.7-.3h-11c-.3 0-.5.1-.7.3-.2.2-.3.5-.3.7s.1.5.3.7z\"\/><\/svg><\/span><\/span><\/span><\/a><\/span><\/div>\n<nav><ul class='ez-toc-list ez-toc-list-level-1' ><li class='ez-toc-page-1 ez-toc-heading-level-2'><a class=\"ez-toc-link ez-toc-heading-1\" href=\"https:\/\/mythslegendes.com\/es\/cuervo-hidatsa-mandan-mitologia\/#Mythologie-Crow-Hidatsa-Mandan\" >Mitolog\u00eda Cuervo-Hidatsa-Mandan<\/a><\/li><li class='ez-toc-page-1 ez-toc-heading-level-2'><a class=\"ez-toc-link ez-toc-heading-2\" href=\"https:\/\/mythslegendes.com\/es\/cuervo-hidatsa-mandan-mitologia\/#Mythologie-Crow-Hidatsa-Mandan-textes\" >Mitolog\u00eda Cuervo-Hidatsa-Mandan (textos)<\/a><\/li><li class='ez-toc-page-1 ez-toc-heading-level-2'><a class=\"ez-toc-link ez-toc-heading-3\" href=\"https:\/\/mythslegendes.com\/es\/cuervo-hidatsa-mandan-mitologia\/#Livres-sur-la-mythologie-Sioux\" >Libros de mitolog\u00eda sioux<\/a><\/li><\/ul><\/nav><\/div>\n<h2 class=\"elementor-heading-title elementor-size-default\"><span class=\"ez-toc-section\" id=\"Mythologie-Crow-Hidatsa-Mandan\"><\/span>Mitolog\u00eda Cuervo-Hidatsa-Mandan<span class=\"ez-toc-section-end\"><\/span><\/h2>\t\t\t\t<\/div>\n\t\t\t\t<\/div>\n\t\t\t\t\t<\/div>\n\t\t<\/div>\n\t\t\t\t\t<\/div>\n\t\t<\/section>\n\t\t\t\t<section class=\"elementor-section elementor-top-section elementor-element elementor-element-507f606e elementor-section-boxed elementor-section-height-default elementor-section-height-default\" data-id=\"507f606e\" data-element_type=\"section\" data-e-type=\"section\">\n\t\t\t\t\t\t<div class=\"elementor-container elementor-column-gap-default\">\n\t\t\t\t\t<div class=\"elementor-column elementor-col-100 elementor-top-column elementor-element elementor-element-576db2b2\" data-id=\"576db2b2\" data-element_type=\"column\" data-e-type=\"column\">\n\t\t\t<div class=\"elementor-widget-wrap elementor-element-populated\">\n\t\t\t\t\t\t<div class=\"elementor-element elementor-element-40368f48 elementor-widget elementor-widget-text-editor\" data-id=\"40368f48\" data-element_type=\"widget\" data-e-type=\"widget\" data-widget_type=\"text-editor.default\">\n\t\t\t\t<div class=\"elementor-widget-container\">\n\t\t\t\t\t\t\t\t\t\n<p>los <a href=\"https:\/\/mythslegendes.com\/es\/\">Mitolog\u00eda<\/a> Crow-Hidatsa-Mandan incluye los siguientes pueblos nativos americanos: <strong>Cuervo, Cuervos, Absaroka, Absaal<\/strong><strong>o<\/strong><strong>oke, Hidatsa, Gran Vientre de los <a href=\"https:\/\/mythslegendes.com\/es\/mitologia-winnebago\/\">Misuri<\/a>, mandan<\/strong><\/p>\n<p>los\u00a0<strong>Cuervos<\/strong>, tambi\u00e9n llamado\u00a0<strong>Cuervos<\/strong>,\u00a0<strong>Absaroka<\/strong>\u00a0D\u00f3nde\u00a0<strong>Abs\u00e1alooke<\/strong>, son una tribu nativa americana que hist\u00f3ricamente vivi\u00f3 en el valle del r\u00edo Yellowstone.<\/p>\n\n<p>los\u00a0<strong>Hidatsas<\/strong>\u00a0tambi\u00e9n llamado\u00a0<strong>Vientre gordo Missouri<\/strong>\u00a0o\u00a0<em>Minnetarees<\/em>\u00a0(D\u00f3nde\u00a0<em>Minnetaris<\/em>) son una tribu nativa americana originaria de\u00a0<a href=\"https:\/\/mythslegendes.com\/es\/sioux-mitologia-lakota-dakota-nakota\/\">Dakota<\/a> del Norte. Eran aliados de los Mandan, con quienes se agruparon dentro de la Naci\u00f3n Mandan, Hidatsa y Arikara.<\/p>\n\n<p>los\u00a0<strong>Mandans<\/strong>\u00a0son un pueblo nativo americano que hist\u00f3ricamente vivi\u00f3 a orillas del Missouri y dos de sus afluentes, el r\u00edo Heart y el r\u00edo Knife, en las actuales Dakota del Norte y Dakota del Sur. Hablantes de mandan, una lengua siouan, los mandans cuya particularidad era haber creado aldeas permanentes se distingu\u00edan de otras tribus de la regi\u00f3n de las Grandes Llanuras que llevaban una existencia n\u00f3mada siguiendo las manadas de bisontes.<\/p>\n<p>Estos asentamientos permanentes se compon\u00edan de viviendas circulares, chozas de barro que rodeaban una plaza central. Si bien la caza de b\u00fafalos fue originalmente el pilar de la vida diaria de Mandan, los recursos que proporcion\u00f3 se complementaron m\u00e1s tarde con la agricultura y el comercio.<\/p>\n<p><img decoding=\"async\" class=\"alignnone wp-image-5284 size-full\" src=\"https:\/\/mythslegendes.com\/wp-content\/uploads\/2020\/09\/AlphaOmega-e1602613368367.png\" alt=\"Mitolog\u00eda Cuervo-Hidatsa-Mandan\" width=\"25\" height=\"26\" title=\"\"><\/p>\n\t\t\t\t\t\t\t\t<\/div>\n\t\t\t\t<\/div>\n\t\t\t\t\t<\/div>\n\t\t<\/div>\n\t\t\t\t\t<\/div>\n\t\t<\/section>\n\t\t\t\t<section class=\"elementor-section elementor-top-section elementor-element elementor-element-282785c elementor-section-boxed elementor-section-height-default elementor-section-height-default\" data-id=\"282785c\" data-element_type=\"section\" data-e-type=\"section\">\n\t\t\t\t\t\t<div class=\"elementor-container elementor-column-gap-default\">\n\t\t\t\t\t<div class=\"elementor-column elementor-col-100 elementor-top-column elementor-element elementor-element-0ffb91c\" data-id=\"0ffb91c\" data-element_type=\"column\" data-e-type=\"column\">\n\t\t\t<div class=\"elementor-widget-wrap elementor-element-populated\">\n\t\t\t\t\t\t<div class=\"elementor-element elementor-element-010ba1a elementor-widget elementor-widget-heading\" data-id=\"010ba1a\" data-element_type=\"widget\" data-e-type=\"widget\" data-widget_type=\"heading.default\">\n\t\t\t\t<div class=\"elementor-widget-container\">\n\t\t\t\t\t<h2 class=\"elementor-heading-title elementor-size-default\"><span class=\"ez-toc-section\" id=\"Mythologie-Crow-Hidatsa-Mandan-textes\"><\/span>Mitolog\u00eda Cuervo-Hidatsa-Mandan (textos)<span class=\"ez-toc-section-end\"><\/span><\/h2>\t\t\t\t<\/div>\n\t\t\t\t<\/div>\n\t\t\t\t\t<\/div>\n\t\t<\/div>\n\t\t\t\t\t<\/div>\n\t\t<\/section>\n\t\t\t\t<section class=\"elementor-section elementor-top-section elementor-element elementor-element-0b72357 elementor-section-boxed elementor-section-height-default elementor-section-height-default\" data-id=\"0b72357\" data-element_type=\"section\" data-e-type=\"section\">\n\t\t\t\t\t\t<div class=\"elementor-container elementor-column-gap-default\">\n\t\t\t\t\t<div class=\"elementor-column elementor-col-100 elementor-top-column elementor-element elementor-element-dd78fa2\" data-id=\"dd78fa2\" data-element_type=\"column\" data-e-type=\"column\">\n\t\t\t<div class=\"elementor-widget-wrap elementor-element-populated\">\n\t\t\t\t\t\t<div class=\"elementor-element elementor-element-0b409cf elementor-widget elementor-widget-toggle\" data-id=\"0b409cf\" data-element_type=\"widget\" data-e-type=\"widget\" data-widget_type=\"toggle.default\">\n\t\t\t\t<div class=\"elementor-widget-container\">\n\t\t\t\t\t\t\t<div class=\"elementor-toggle\">\n\t\t\t\t\t\t\t<div class=\"elementor-toggle-item\">\n\t\t\t\t\t<div id=\"elementor-tab-title-1171\" class=\"elementor-tab-title\" data-tab=\"1\" role=\"button\" aria-controls=\"elementor-tab-content-1171\" aria-expanded=\"false\">\n\t\t\t\t\t\t\t\t\t\t\t\t<span class=\"elementor-toggle-icon elementor-toggle-icon-left\" aria-hidden=\"true\">\n\t\t\t\t\t\t\t\t\t\t\t\t\t\t\t<span class=\"elementor-toggle-icon-closed\"><i class=\"fas fa-caret-right\"><\/i><\/span>\n\t\t\t\t\t\t\t\t<span class=\"elementor-toggle-icon-opened\"><i class=\"elementor-toggle-icon-opened fas fa-caret-up\"><\/i><\/span>\n\t\t\t\t\t\t\t\t\t\t\t\t\t<\/span>\n\t\t\t\t\t\t\t\t\t\t\t\t<a class=\"elementor-toggle-title\" tabindex=\"0\">Crow Open Book: Desde el coraz\u00f3n del pa\u00eds de los cuervos<\/a>\n\t\t\t\t\t<\/div>\n\n\t\t\t\t\t<div id=\"elementor-tab-content-1171\" class=\"elementor-tab-content elementor-clearfix\" data-tab=\"1\" role=\"region\" aria-labelledby=\"elementor-tab-title-1171\"><iframe frameborder=\"0\" scrolling=\"no\" style=\"border:0px\" src=\"https:\/\/books.google.fr\/books?id=Dk-QJ7uWy5sC&#038;lpg=PP1&#038;hl=fr&#038;pg=PP1&#038;output=embed\" width=\"500\" height=\"500\"><\/iframe><\/div>\n\t\t\t\t<\/div>\n\t\t\t\t\t\t\t<div class=\"elementor-toggle-item\">\n\t\t\t\t\t<div id=\"elementor-tab-title-1172\" class=\"elementor-tab-title\" data-tab=\"2\" role=\"button\" aria-controls=\"elementor-tab-content-1172\" aria-expanded=\"false\">\n\t\t\t\t\t\t\t\t\t\t\t\t<span class=\"elementor-toggle-icon elementor-toggle-icon-left\" aria-hidden=\"true\">\n\t\t\t\t\t\t\t\t\t\t\t\t\t\t\t<span class=\"elementor-toggle-icon-closed\"><i class=\"fas fa-caret-right\"><\/i><\/span>\n\t\t\t\t\t\t\t\t<span class=\"elementor-toggle-icon-opened\"><i class=\"elementor-toggle-icon-opened fas fa-caret-up\"><\/i><\/span>\n\t\t\t\t\t\t\t\t\t\t\t\t\t<\/span>\n\t\t\t\t\t\t\t\t\t\t\t\t<a class=\"elementor-toggle-title\" tabindex=\"0\">Libro libre de cuervos: mitos y tradiciones de los indios cuervo<\/a>\n\t\t\t\t\t<\/div>\n\n\t\t\t\t\t<div id=\"elementor-tab-content-1172\" class=\"elementor-tab-content elementor-clearfix\" data-tab=\"2\" role=\"region\" aria-labelledby=\"elementor-tab-title-1172\"><iframe frameborder=\"0\" scrolling=\"no\" style=\"border:0px\" src=\"https:\/\/books.google.fr\/books?id=efQxHCws3d4C&#038;lpg=PP1&#038;hl=fr&#038;pg=PP1&#038;output=embed\" width=\"500\" height=\"500\"><\/iframe><\/div>\n\t\t\t\t<\/div>\n\t\t\t\t\t\t\t<div class=\"elementor-toggle-item\">\n\t\t\t\t\t<div id=\"elementor-tab-title-1173\" class=\"elementor-tab-title\" data-tab=\"3\" role=\"button\" aria-controls=\"elementor-tab-content-1173\" aria-expanded=\"false\">\n\t\t\t\t\t\t\t\t\t\t\t\t<span class=\"elementor-toggle-icon elementor-toggle-icon-left\" aria-hidden=\"true\">\n\t\t\t\t\t\t\t\t\t\t\t\t\t\t\t<span class=\"elementor-toggle-icon-closed\"><i class=\"fas fa-caret-right\"><\/i><\/span>\n\t\t\t\t\t\t\t\t<span class=\"elementor-toggle-icon-opened\"><i class=\"elementor-toggle-icon-opened fas fa-caret-up\"><\/i><\/span>\n\t\t\t\t\t\t\t\t\t\t\t\t\t<\/span>\n\t\t\t\t\t\t\t\t\t\t\t\t<a class=\"elementor-toggle-title\" tabindex=\"0\">Mitos y leyendas de los cuervos<\/a>\n\t\t\t\t\t<\/div>\n\n\t\t\t\t\t<div id=\"elementor-tab-content-1173\" class=\"elementor-tab-content elementor-clearfix\" data-tab=\"3\" role=\"region\" aria-labelledby=\"elementor-tab-title-1173\"><ul>\n<li><strong><a href=\"https:\/\/www.firstpeople.us\/FP-Html-Legends\/LodgeBoyandThrownAway-Crow.html\" target=\"_blank\" rel=\"noopener\">Lodge Boy y tirado<\/a><\/strong><\/li>\n<li><strong><a href=\"https:\/\/www.firstpeople.us\/FP-Html-Legends\/OldManattheBeginning-Crow.html\" target=\"_blank\" rel=\"noopener\">Viejo al principio<\/a><\/strong><\/li>\n<li><strong><a href=\"https:\/\/www.firstpeople.us\/FP-Html-Legends\/Old-Man-Coyote-Makes-The-World-Crow.html\" target=\"_blank\" rel=\"noopener\">El viejo coyote hace el mundo<\/a><\/strong><\/li>\n<li><strong><a href=\"https:\/\/www.firstpeople.us\/FP-Html-Legends\/TheOriginofTobacco-Crow.html\" target=\"_blank\" rel=\"noopener\">El origen del tabaco<\/a><\/strong><\/li>\n<\/ul><\/div>\n\t\t\t\t<\/div>\n\t\t\t\t\t\t\t<div class=\"elementor-toggle-item\">\n\t\t\t\t\t<div id=\"elementor-tab-title-1174\" class=\"elementor-tab-title\" data-tab=\"4\" role=\"button\" aria-controls=\"elementor-tab-content-1174\" aria-expanded=\"false\">\n\t\t\t\t\t\t\t\t\t\t\t\t<span class=\"elementor-toggle-icon elementor-toggle-icon-left\" aria-hidden=\"true\">\n\t\t\t\t\t\t\t\t\t\t\t\t\t\t\t<span class=\"elementor-toggle-icon-closed\"><i class=\"fas fa-caret-right\"><\/i><\/span>\n\t\t\t\t\t\t\t\t<span class=\"elementor-toggle-icon-opened\"><i class=\"elementor-toggle-icon-opened fas fa-caret-up\"><\/i><\/span>\n\t\t\t\t\t\t\t\t\t\t\t\t\t<\/span>\n\t\t\t\t\t\t\t\t\t\t\t\t<a class=\"elementor-toggle-title\" tabindex=\"0\">Mitos y leyendas Hidatsa<\/a>\n\t\t\t\t\t<\/div>\n\n\t\t\t\t\t<div id=\"elementor-tab-content-1174\" class=\"elementor-tab-content elementor-clearfix\" data-tab=\"4\" role=\"region\" aria-labelledby=\"elementor-tab-title-1174\"><ul>\n<li><strong><a href=\"https:\/\/www.firstpeople.us\/FP-Html-Legends\/CrowNecklaceAndHisMedicineCeremony-GrosVentre.html\" target=\"_blank\" rel=\"noopener\">Collar de cuervo y su ceremonia de medicina<\/a><\/strong><\/li>\n<li><strong><a href=\"https:\/\/www.firstpeople.us\/FP-Html-Legends\/OriginOfTheSacredArrow-GrosVentre.html\" target=\"_blank\" rel=\"noopener\">Origen de la flecha sagrada<\/a><\/strong><\/li>\n<li><strong><a href=\"https:\/\/www.firstpeople.us\/FP-Html-Legends\/TheDesertedChildren-GrosVentre.html\" target=\"_blank\" rel=\"noopener\">Los ni\u00f1os abandonados<\/a><\/strong><\/li>\n<li><strong><a href=\"https:\/\/www.firstpeople.us\/FP-Html-Legends\/TheFalseBrideGroom-GrosVentre.html\" target=\"_blank\" rel=\"noopener\">El novio falso<\/a><\/strong><\/li>\n<li><strong><a href=\"https:\/\/www.firstpeople.us\/FP-Html-Legends\/UnknownOneSonOfTwoMen-GrosVentre.html\" target=\"_blank\" rel=\"noopener\">Desconocido, hijo de dos hombres<\/a><\/strong><\/li>\n<li><strong><a href=\"http:\/\/www.native-languages.org\/hidatsastory.htm\" target=\"_blank\" rel=\"noopener\">Cuerpo carbonizado y primer creador<\/a><\/strong><\/li>\n<li><strong><a href=\"http:\/\/faculty.humanities.uci.edu\/tcthorne\/Socec15\/lodgeboyandspringboy.htm\" target=\"_blank\" rel=\"noopener\">Spring-Boy y Lodge-Boy<\/a><\/strong><\/li>\n<li><strong><a href=\"http:\/\/www.indigenouspeople.net\/sundance.htm\" target=\"_blank\" rel=\"noopener\">La danza del sol<\/a><\/strong><\/li>\n<li><strong><a href=\"http:\/\/www.indigenouspeople.net\/corncere.htm\" target=\"_blank\" rel=\"noopener\">La Ceremonia del Ma\u00edz<\/a><\/strong><\/li>\n<\/ul><\/div>\n\t\t\t\t<\/div>\n\t\t\t\t\t\t\t<div class=\"elementor-toggle-item\">\n\t\t\t\t\t<div id=\"elementor-tab-title-1175\" class=\"elementor-tab-title\" data-tab=\"5\" role=\"button\" aria-controls=\"elementor-tab-content-1175\" aria-expanded=\"false\">\n\t\t\t\t\t\t\t\t\t\t\t\t<span class=\"elementor-toggle-icon elementor-toggle-icon-left\" aria-hidden=\"true\">\n\t\t\t\t\t\t\t\t\t\t\t\t\t\t\t<span class=\"elementor-toggle-icon-closed\"><i class=\"fas fa-caret-right\"><\/i><\/span>\n\t\t\t\t\t\t\t\t<span class=\"elementor-toggle-icon-opened\"><i class=\"elementor-toggle-icon-opened fas fa-caret-up\"><\/i><\/span>\n\t\t\t\t\t\t\t\t\t\t\t\t\t<\/span>\n\t\t\t\t\t\t\t\t\t\t\t\t<a class=\"elementor-toggle-title\" tabindex=\"0\">Mitos y leyendas de Mandan<\/a>\n\t\t\t\t\t<\/div>\n\n\t\t\t\t\t<div id=\"elementor-tab-content-1175\" class=\"elementor-tab-content elementor-clearfix\" data-tab=\"5\" role=\"region\" aria-labelledby=\"elementor-tab-title-1175\"><ul>\n<li><strong><a href=\"https:\/\/www.firstpeople.us\/FP-Html-Legends\/FirstCreatorandLoneMan-Mandan.html\" target=\"_blank\" rel=\"noopener\">First Creator And Lone Man - Versi\u00f3n 1<\/a><\/strong><\/li>\n<li><strong><a href=\"https:\/\/www.firstpeople.us\/FP-Html-Legends\/FirstCreatorandLoneManv2-Mandan.html\" target=\"_blank\" rel=\"noopener\">First Creator And Lone Man - Versi\u00f3n 2<\/a><\/strong><\/li>\n<li><strong><a href=\"https:\/\/www.firstpeople.us\/FP-Html-Legends\/TheBirdThatTurnedTheMeatBitter-Mandan.html\" target=\"_blank\" rel=\"noopener\">El p\u00e1jaro que amarg\u00f3 la carne<\/a><\/strong><\/li>\n<li><strong><a href=\"https:\/\/www.firstpeople.us\/FP-Html-Legends\/TheBuffaloDance-Mandan.html\" target=\"_blank\" rel=\"noopener\">La danza del b\u00fafalo<\/a><\/strong><\/li>\n<li><strong><a href=\"http:\/\/www.native-languages.org\/mandanstory2.htm\" target=\"_blank\" rel=\"noopener\">El gran diluvio<\/a><\/strong><\/li>\n<li><strong><a href=\"http:\/\/www.native-languages.org\/mandanstory.htm\" target=\"_blank\" rel=\"noopener\">Zapatillas The Cedar<\/a><\/strong><\/li>\n<\/ul><\/div>\n\t\t\t\t<\/div>\n\t\t\t\t\t\t\t\t<\/div>\n\t\t\t\t\t\t<\/div>\n\t\t\t\t<\/div>\n\t\t\t\t\t<\/div>\n\t\t<\/div>\n\t\t\t\t\t<\/div>\n\t\t<\/section>\n\t\t\t\t<section class=\"elementor-section elementor-top-section elementor-element elementor-element-44dcb46 elementor-section-boxed elementor-section-height-default elementor-section-height-default\" data-id=\"44dcb46\" data-element_type=\"section\" data-e-type=\"section\">\n\t\t\t\t\t\t<div class=\"elementor-container elementor-column-gap-default\">\n\t\t\t\t\t<div class=\"elementor-column elementor-col-100 elementor-top-column elementor-element elementor-element-a0346a9\" data-id=\"a0346a9\" data-element_type=\"column\" data-e-type=\"column\">\n\t\t\t<div class=\"elementor-widget-wrap elementor-element-populated\">\n\t\t\t\t\t\t<div class=\"elementor-element elementor-element-b0eef11 elementor-widget elementor-widget-heading\" data-id=\"b0eef11\" data-element_type=\"widget\" data-e-type=\"widget\" data-widget_type=\"heading.default\">\n\t\t\t\t<div class=\"elementor-widget-container\">\n\t\t\t\t\t<h2 class=\"elementor-heading-title elementor-size-default\"><span class=\"ez-toc-section\" id=\"Livres-sur-la-mythologie-Sioux\"><\/span>Libros de mitolog\u00eda sioux<span class=\"ez-toc-section-end\"><\/span><\/h2>\t\t\t\t<\/div>\n\t\t\t\t<\/div>\n\t\t\t\t\t<\/div>\n\t\t<\/div>\n\t\t\t\t\t<\/div>\n\t\t<\/section>\n\t\t\t\t<section class=\"elementor-section elementor-top-section elementor-element elementor-element-c792a87 elementor-section-boxed elementor-section-height-default elementor-section-height-default\" data-id=\"c792a87\" data-element_type=\"section\" data-e-type=\"section\">\n\t\t\t\t\t\t<div class=\"elementor-container elementor-column-gap-default\">\n\t\t\t\t\t<div class=\"elementor-column elementor-col-100 elementor-top-column elementor-element elementor-element-289a474\" data-id=\"289a474\" data-element_type=\"column\" data-e-type=\"column\">\n\t\t\t<div class=\"elementor-widget-wrap elementor-element-populated\">\n\t\t\t\t\t\t<div class=\"elementor-element elementor-element-ff937e4 elementor-widget elementor-widget-text-editor\" data-id=\"ff937e4\" data-element_type=\"widget\" data-e-type=\"widget\" data-widget_type=\"text-editor.default\">\n\t\t\t\t<div class=\"elementor-widget-container\">\n\t\t\t\t\t\t\t\t\t<p>C\u00f3mics \/ Ilustrados:<\/p>\n<p>En franc\u00e9s :<\/p>\n<ul>\n<li><a href=\"https:\/\/www.amazon.fr\/dp\/2228899283?&amp;linkCode=ll1&amp;tag=mythscience-21&amp;linkId=7b642573f44e095867b5466a1127fcc8&amp;language=fr_FR&amp;ref_=as_li_ss_tl\" target=\"_blank\" rel=\"noopener\">Los ritos secretos de los indios sioux<\/a><\/li>\n<\/ul>\n<p>Solo en ingles:<\/p>\n<ul>\n<li><a href=\"https:\/\/www.amazon.fr\/dp\/080612976X?&amp;linkCode=ll1&amp;tag=mythscience-21&amp;linkId=45cd32d3f30426de5ce8ac640078f803&amp;language=fr_FR&amp;ref_=as_li_ss_tl\" target=\"_blank\" rel=\"noopener\">Folclore de la tribu Winnebago<\/a><\/li>\n<li><a href=\"https:\/\/www.amazon.fr\/dp\/0892814144?&amp;linkCode=ll1&amp;tag=mythscience-21&amp;linkId=897ff554066cf19092528a2ab2a47564&amp;language=fr_FR&amp;ref_=as_li_ss_tl\" target=\"_blank\" rel=\"noopener\">Mitos del \u00c1rbol Sagrado<\/a><\/li>\n<li><a href=\"https:\/\/www.amazon.fr\/dp\/1330341201?&amp;linkCode=sl1&amp;tag=mythscience-21&amp;linkId=5ae40b18c03811fc5bfaf8d6e2565912&amp;language=fr_FR&amp;ref_=as_li_ss_tl\" target=\"_blank\" rel=\"noopener\">Leyendas de los kaw: el folklore de los indios del valle del r\u00edo Kansas<\/a><\/li>\n<li><a href=\"https:\/\/www.amazon.fr\/Traditions-Osage-Stories-Collected-Translated\/dp\/0826348513?_encoding=UTF8&amp;qid=&amp;sr=&amp;linkCode=ll1&amp;tag=mythscience-21&amp;linkId=672936e79b051456882e8c8aa5f8b99e&amp;language=fr_FR&amp;ref_=as_li_ss_tl\" target=\"_blank\" rel=\"noopener\">Tradiciones de los Osage<\/a><\/li>\n<li><a href=\"https:\/\/www.amazon.fr\/American-Indian-Stories-Old-Legends\/dp\/1420968513?&amp;linkCode=sl1&amp;tag=mythscience-21&amp;linkId=a0632901e35aabb99bf5494ccbedcb44&amp;language=fr_FR&amp;ref_=as_li_ss_tl\" target=\"_blank\" rel=\"noopener\">Historias de indios americanos y viejas leyendas indias<\/a><\/li>\n<li><a href=\"https:\/\/www.amazon.fr\/Stories-Sioux-Luther-Standing-Bear\/dp\/0803293356?&amp;linkCode=sl1&amp;tag=mythscience-21&amp;linkId=2e270806fbf537b6095c9122fad5fbf2&amp;language=fr_FR&amp;ref_=as_li_ss_tl\" target=\"_blank\" rel=\"noopener\">Historias de los sioux<\/a><\/li>\n<\/ul>\t\t\t\t\t\t\t\t<\/div>\n\t\t\t\t<\/div>\n\t\t\t\t\t<\/div>\n\t\t<\/div>\n\t\t\t\t\t<\/div>\n\t\t<\/section>\n\t\t\t\t<\/div>","protected":false},"excerpt":{"rendered":"<p>Retour au Groupe Culturel Boutique D\u00e9di\u00e9e Wiki Mythologie Crow-Hidatsa-Mandan La Mythologie Crow-Hidatsa-Mandan regroupe les peuples am\u00e9rindiens suivants : Crow, Corbeaux, &hellip; <\/p>","protected":false},"author":1,"featured_media":0,"parent":0,"menu_order":1,"comment_status":"closed","ping_status":"closed","template":"","meta":{"footnotes":""},"class_list":["post-3954","page","type-page","status-publish","hentry"],"amp_enabled":true,"_links":{"self":[{"href":"https:\/\/mythslegendes.com\/es\/wp-json\/wp\/v2\/pages\/3954","targetHints":{"allow":["GET"]}}],"collection":[{"href":"https:\/\/mythslegendes.com\/es\/wp-json\/wp\/v2\/pages"}],"about":[{"href":"https:\/\/mythslegendes.com\/es\/wp-json\/wp\/v2\/types\/page"}],"author":[{"embeddable":true,"href":"https:\/\/mythslegendes.com\/es\/wp-json\/wp\/v2\/users\/1"}],"replies":[{"embeddable":true,"href":"https:\/\/mythslegendes.com\/es\/wp-json\/wp\/v2\/comments?post=3954"}],"version-history":[{"count":7,"href":"https:\/\/mythslegendes.com\/es\/wp-json\/wp\/v2\/pages\/3954\/revisions"}],"predecessor-version":[{"id":27241,"href":"https:\/\/mythslegendes.com\/es\/wp-json\/wp\/v2\/pages\/3954\/revisions\/27241"}],"wp:attachment":[{"href":"https:\/\/mythslegendes.com\/es\/wp-json\/wp\/v2\/media?parent=3954"}],"curies":[{"name":"wp","href":"https:\/\/api.w.org\/{rel}","templated":true}]}}