{"id":3996,"date":"2020-07-29T14:23:41","date_gmt":"2020-07-29T13:23:41","guid":{"rendered":"https:\/\/mythslegendes.com\/?page_id=3996"},"modified":"2023-03-05T15:38:46","modified_gmt":"2023-03-05T15:38:46","slug":"mythologie-numique","status":"publish","type":"page","link":"https:\/\/mythslegendes.com\/es\/mitologia-digital\/","title":{"rendered":"Mitolog\u00eda digital del sur"},"content":{"rendered":"<div data-elementor-type=\"wp-page\" data-elementor-id=\"3996\" class=\"elementor elementor-3996\">\n\t\t\t\t\t\t<section class=\"elementor-section elementor-top-section elementor-element elementor-element-44df4a5 elementor-section-boxed elementor-section-height-default elementor-section-height-default\" data-id=\"44df4a5\" data-element_type=\"section\" data-e-type=\"section\">\n\t\t\t\t\t\t<div class=\"elementor-container elementor-column-gap-default\">\n\t\t\t\t\t<div class=\"elementor-column elementor-col-33 elementor-top-column elementor-element elementor-element-18fa14b\" data-id=\"18fa14b\" data-element_type=\"column\" data-e-type=\"column\">\n\t\t\t<div class=\"elementor-widget-wrap elementor-element-populated\">\n\t\t\t\t\t\t<div class=\"elementor-element elementor-element-ce3a1c5 elementor-align-justify elementor-widget elementor-widget-button\" data-id=\"ce3a1c5\" data-element_type=\"widget\" data-e-type=\"widget\" data-widget_type=\"button.default\">\n\t\t\t\t<div class=\"elementor-widget-container\">\n\t\t\t\t\t\t\t\t\t<div class=\"elementor-button-wrapper\">\n\t\t\t\t\t<a class=\"elementor-button elementor-button-link elementor-size-sm\" href=\"https:\/\/mythslegendes.com\/es\/mythes-et-legendes-ute-azteques-3991\/\">\n\t\t\t\t\t\t<span class=\"elementor-button-content-wrapper\">\n\t\t\t\t\t\t\t\t\t<span class=\"elementor-button-text\">Volver al Grupo Cultural<\/span>\n\t\t\t\t\t<\/span>\n\t\t\t\t\t<\/a>\n\t\t\t\t<\/div>\n\t\t\t\t\t\t\t\t<\/div>\n\t\t\t\t<\/div>\n\t\t\t\t\t<\/div>\n\t\t<\/div>\n\t\t\t\t<div class=\"elementor-column elementor-col-33 elementor-top-column elementor-element elementor-element-046ceba\" data-id=\"046ceba\" data-element_type=\"column\" data-e-type=\"column\">\n\t\t\t<div class=\"elementor-widget-wrap elementor-element-populated\">\n\t\t\t\t\t\t<div class=\"elementor-element elementor-element-7e59011 elementor-align-justify elementor-widget elementor-widget-button\" data-id=\"7e59011\" data-element_type=\"widget\" data-e-type=\"widget\" data-widget_type=\"button.default\">\n\t\t\t\t<div class=\"elementor-widget-container\">\n\t\t\t\t\t\t\t\t\t<div class=\"elementor-button-wrapper\">\n\t\t\t\t\t<a class=\"elementor-button elementor-button-link elementor-size-sm\" href=\"https:\/\/mythslegendes.com\/es\/bibliotecas-de-libros\/\">\n\t\t\t\t\t\t<span class=\"elementor-button-content-wrapper\">\n\t\t\t\t\t\t\t\t\t<span class=\"elementor-button-text\">Tienda dedicada<\/span>\n\t\t\t\t\t<\/span>\n\t\t\t\t\t<\/a>\n\t\t\t\t<\/div>\n\t\t\t\t\t\t\t\t<\/div>\n\t\t\t\t<\/div>\n\t\t\t\t\t<\/div>\n\t\t<\/div>\n\t\t\t\t<div class=\"elementor-column elementor-col-33 elementor-top-column elementor-element elementor-element-8a63795\" data-id=\"8a63795\" data-element_type=\"column\" data-e-type=\"column\">\n\t\t\t<div class=\"elementor-widget-wrap elementor-element-populated\">\n\t\t\t\t\t\t<div class=\"elementor-element elementor-element-5559ed4 elementor-align-justify elementor-widget elementor-widget-button\" data-id=\"5559ed4\" data-element_type=\"widget\" data-e-type=\"widget\" data-widget_type=\"button.default\">\n\t\t\t\t<div class=\"elementor-widget-container\">\n\t\t\t\t\t\t\t\t\t<div class=\"elementor-button-wrapper\">\n\t\t\t\t\t<a class=\"elementor-button elementor-button-link elementor-size-sm\" href=\"https:\/\/fr.wikipedia.org\/wiki\/Utes\" target=\"_blank\" rel=\"noopener\">\n\t\t\t\t\t\t<span class=\"elementor-button-content-wrapper\">\n\t\t\t\t\t\t\t\t\t<span class=\"elementor-button-text\">Wiki<\/span>\n\t\t\t\t\t<\/span>\n\t\t\t\t\t<\/a>\n\t\t\t\t<\/div>\n\t\t\t\t\t\t\t\t<\/div>\n\t\t\t\t<\/div>\n\t\t\t\t\t<\/div>\n\t\t<\/div>\n\t\t\t\t\t<\/div>\n\t\t<\/section>\n\t\t\t\t<section class=\"elementor-section elementor-top-section elementor-element elementor-element-e6478fe elementor-section-boxed elementor-section-height-default elementor-section-height-default\" data-id=\"e6478fe\" data-element_type=\"section\" data-e-type=\"section\">\n\t\t\t\t\t\t<div class=\"elementor-container elementor-column-gap-default\">\n\t\t\t\t\t<div class=\"elementor-column elementor-col-100 elementor-top-column elementor-element elementor-element-23651a6\" data-id=\"23651a6\" data-element_type=\"column\" data-e-type=\"column\">\n\t\t\t<div class=\"elementor-widget-wrap elementor-element-populated\">\n\t\t\t\t\t\t<div class=\"elementor-element elementor-element-09be1a0 elementor-widget elementor-widget-heading\" data-id=\"09be1a0\" data-element_type=\"widget\" data-e-type=\"widget\" data-widget_type=\"heading.default\">\n\t\t\t\t<div class=\"elementor-widget-container\">\n\t\t\t\t\t<div id=\"ez-toc-container\" class=\"ez-toc-v2_0_82_2 counter-hierarchy ez-toc-counter ez-toc-grey ez-toc-container-direction\">\n<div class=\"ez-toc-title-container\">\n<p class=\"ez-toc-title\" style=\"cursor:inherit\">Contenido<\/p>\n<span class=\"ez-toc-title-toggle\"><a href=\"#\" class=\"ez-toc-pull-right ez-toc-btn ez-toc-btn-xs ez-toc-btn-default ez-toc-toggle\" aria-label=\"Alternar tabla de contenidos\"><span class=\"ez-toc-js-icon-con\"><span class=\"\"><span class=\"eztoc-hide\" style=\"display:none;\">Palanca<\/span><span class=\"ez-toc-icon-toggle-span\"><svg style=\"fill: #999;color:#999\" xmlns=\"http:\/\/www.w3.org\/2000\/svg\" class=\"list-377408\" width=\"20px\" height=\"20px\" viewbox=\"0 0 24 24\" fill=\"none\"><path d=\"M6 6H4v2h2V6zm14 0H8v2h12V6zM4 11h2v2H4v-2zm16 0H8v2h12v-2zM4 16h2v2H4v-2zm16 0H8v2h12v-2z\" fill=\"currentColor\"><\/path><\/svg><svg style=\"fill: #999;color:#999\" class=\"arrow-unsorted-368013\" xmlns=\"http:\/\/www.w3.org\/2000\/svg\" width=\"10px\" height=\"10px\" viewbox=\"0 0 24 24\" version=\"1.2\" baseprofile=\"tiny\"><path d=\"M18.2 9.3l-6.2-6.3-6.2 6.3c-.2.2-.3.4-.3.7s.1.5.3.7c.2.2.4.3.7.3h11c.3 0 .5-.1.7-.3.2-.2.3-.5.3-.7s-.1-.5-.3-.7zM5.8 14.7l6.2 6.3 6.2-6.3c.2-.2.3-.5.3-.7s-.1-.5-.3-.7c-.2-.2-.4-.3-.7-.3h-11c-.3 0-.5.1-.7.3-.2.2-.3.5-.3.7s.1.5.3.7z\"\/><\/svg><\/span><\/span><\/span><\/a><\/span><\/div>\n<nav><ul class='ez-toc-list ez-toc-list-level-1' ><li class='ez-toc-page-1 ez-toc-heading-level-2'><a class=\"ez-toc-link ez-toc-heading-1\" href=\"https:\/\/mythslegendes.com\/es\/mitologia-digital\/#Mythologie-Numique-du-Sud-Ute\" >Mitolog\u00eda digital de South Ute<\/a><\/li><li class='ez-toc-page-1 ez-toc-heading-level-2'><a class=\"ez-toc-link ez-toc-heading-2\" href=\"https:\/\/mythslegendes.com\/es\/mitologia-digital\/#Mythologie-Numique-du-Sud-Ute-textes\" >Mitolog\u00eda digital de South Ute (textos)<\/a><\/li><li class='ez-toc-page-1 ez-toc-heading-level-2'><a class=\"ez-toc-link ez-toc-heading-3\" href=\"https:\/\/mythslegendes.com\/es\/mitologia-digital\/#Livres-sur-la-mythologie-Azteque-Ute\" >Libros de mitolog\u00eda azteca-ute<\/a><\/li><\/ul><\/nav><\/div>\n<h2 class=\"elementor-heading-title elementor-size-default\"><span class=\"ez-toc-section\" id=\"Mythologie-Numique-du-Sud-Ute\"><\/span> Mitolog\u00eda digital de South Ute<span class=\"ez-toc-section-end\"><\/span><\/h2>\t\t\t\t<\/div>\n\t\t\t\t<\/div>\n\t\t\t\t\t<\/div>\n\t\t<\/div>\n\t\t\t\t\t<\/div>\n\t\t<\/section>\n\t\t\t\t<section class=\"elementor-section elementor-top-section elementor-element elementor-element-62d0321 elementor-section-boxed elementor-section-height-default elementor-section-height-default\" data-id=\"62d0321\" data-element_type=\"section\" data-e-type=\"section\">\n\t\t\t\t\t\t<div class=\"elementor-container elementor-column-gap-default\">\n\t\t\t\t\t<div class=\"elementor-column elementor-col-100 elementor-top-column elementor-element elementor-element-779e59b\" data-id=\"779e59b\" data-element_type=\"column\" data-e-type=\"column\">\n\t\t\t<div class=\"elementor-widget-wrap elementor-element-populated\">\n\t\t\t\t\t\t<div class=\"elementor-element elementor-element-4924ef39 elementor-widget elementor-widget-text-editor\" data-id=\"4924ef39\" data-element_type=\"widget\" data-e-type=\"widget\" data-widget_type=\"text-editor.default\">\n\t\t\t\t<div class=\"elementor-widget-container\">\n\t\t\t\t\t\t\t\t\t<p><\/p>\n<p>los <a href=\"https:\/\/mythslegendes.com\/es\/\">Mitolog\u00eda<\/a> Numique du Sud Ute re\u00fane a los siguientes pueblos nativos americanos y centroamericanos: <strong>Ute, <\/strong><strong>Kawaiisu, <\/strong><strong>Moache, <\/strong><strong>Capota, <\/strong><strong>Uncompahgre, <\/strong><strong>R\u00edo Blanco, <\/strong><strong>Uintah, <\/strong><strong>Pahvant, <\/strong><strong>Timanogot, <\/strong><strong>San Pitch, <\/strong><strong>Moanumts, <\/strong><strong>Sheberetch\u00a0<\/strong><strong> Weeminuche<\/strong><\/p>\n<p>los <strong>lenguajes digitales<\/strong>\u00a0son una rama de las lenguas uto-aztecas que se hablan en el oeste de los Estados Unidos.<\/p>\n<p><\/p>\n<p>los\u00a0<strong>Utes<\/strong>\u00a0son un grupo de nativos americanos \u00e9tnicamente relacionados que viven principalmente en Utah y Colorado. Antes de la llegada de los pioneros blancos, los ute ocupaban territorios importantes en lo que hoy es el este de Utah, el oeste de Colorado y partes de Nuevo M\u00e9xico y Wyoming. Nunca constituyeron un solo grupo sino numerosos grupos n\u00f3madas que manten\u00edan fuertes asociaciones con sus vecinos.\u00a0<\/p>\n<p>Entre los grupos m\u00e1s grandes se encuentran Moache, Capote, Uncompahgre, White River, Uintah, Pahvant, Timanogots, San Pitch, Moanumts, Sheberetch y Weeminuche. A diferencia de otros grupos de la regi\u00f3n, no hay tradici\u00f3n ni evidencia de migraci\u00f3n: parece que los antepasados de los ute han ocupado su territorio durante al menos mil a\u00f1os.<\/p>\n<p><img decoding=\"async\" class=\"alignnone wp-image-5284 size-full\" src=\"http:\/\/mythslegendes.com\/wp-content\/uploads\/2020\/09\/AlphaOmega-e1602613368367.png\" alt=\"Mitolog\u00eda digital de South Ute\" width=\"25\" height=\"26\" title=\"\"><\/p>\n<p><\/p>\n<p><\/p>\t\t\t\t\t\t\t\t<\/div>\n\t\t\t\t<\/div>\n\t\t\t\t\t<\/div>\n\t\t<\/div>\n\t\t\t\t\t<\/div>\n\t\t<\/section>\n\t\t\t\t<section class=\"elementor-section elementor-top-section elementor-element elementor-element-143754b elementor-section-boxed elementor-section-height-default elementor-section-height-default\" data-id=\"143754b\" data-element_type=\"section\" data-e-type=\"section\">\n\t\t\t\t\t\t<div class=\"elementor-container elementor-column-gap-default\">\n\t\t\t\t\t<div class=\"elementor-column elementor-col-100 elementor-top-column elementor-element elementor-element-f81d2c8\" data-id=\"f81d2c8\" data-element_type=\"column\" data-e-type=\"column\">\n\t\t\t<div class=\"elementor-widget-wrap elementor-element-populated\">\n\t\t\t\t\t\t<div class=\"elementor-element elementor-element-83ab320 elementor-widget elementor-widget-heading\" data-id=\"83ab320\" data-element_type=\"widget\" data-e-type=\"widget\" data-widget_type=\"heading.default\">\n\t\t\t\t<div class=\"elementor-widget-container\">\n\t\t\t\t\t<h2 class=\"elementor-heading-title elementor-size-default\"><span class=\"ez-toc-section\" id=\"Mythologie-Numique-du-Sud-Ute-textes\"><\/span> Mitolog\u00eda digital de South Ute (textos)<span class=\"ez-toc-section-end\"><\/span><\/h2>\t\t\t\t<\/div>\n\t\t\t\t<\/div>\n\t\t\t\t\t<\/div>\n\t\t<\/div>\n\t\t\t\t\t<\/div>\n\t\t<\/section>\n\t\t\t\t<section class=\"elementor-section elementor-top-section elementor-element elementor-element-4a3dc33 elementor-section-boxed elementor-section-height-default elementor-section-height-default\" data-id=\"4a3dc33\" data-element_type=\"section\" data-e-type=\"section\">\n\t\t\t\t\t\t<div class=\"elementor-container elementor-column-gap-default\">\n\t\t\t\t\t<div class=\"elementor-column elementor-col-100 elementor-top-column elementor-element elementor-element-1b8e89b\" data-id=\"1b8e89b\" data-element_type=\"column\" data-e-type=\"column\">\n\t\t\t<div class=\"elementor-widget-wrap elementor-element-populated\">\n\t\t\t\t\t\t<div class=\"elementor-element elementor-element-f6b6e0b elementor-widget elementor-widget-toggle\" data-id=\"f6b6e0b\" data-element_type=\"widget\" data-e-type=\"widget\" data-widget_type=\"toggle.default\">\n\t\t\t\t<div class=\"elementor-widget-container\">\n\t\t\t\t\t\t\t<div class=\"elementor-toggle\">\n\t\t\t\t\t\t\t<div class=\"elementor-toggle-item\">\n\t\t\t\t\t<div id=\"elementor-tab-title-2581\" class=\"elementor-tab-title\" data-tab=\"1\" role=\"button\" aria-controls=\"elementor-tab-content-2581\" aria-expanded=\"false\">\n\t\t\t\t\t\t\t\t\t\t\t\t<span class=\"elementor-toggle-icon elementor-toggle-icon-left\" aria-hidden=\"true\">\n\t\t\t\t\t\t\t\t\t\t\t\t\t\t\t<span class=\"elementor-toggle-icon-closed\"><i class=\"fas fa-caret-right\"><\/i><\/span>\n\t\t\t\t\t\t\t\t<span class=\"elementor-toggle-icon-opened\"><i class=\"elementor-toggle-icon-opened fas fa-caret-up\"><\/i><\/span>\n\t\t\t\t\t\t\t\t\t\t\t\t\t<\/span>\n\t\t\t\t\t\t\t\t\t\t\t\t<a class=\"elementor-toggle-title\" tabindex=\"0\">Mitos y leyendas de Ute-Kawaiisu<\/a>\n\t\t\t\t\t<\/div>\n\n\t\t\t\t\t<div id=\"elementor-tab-content-2581\" class=\"elementor-tab-content elementor-clearfix\" data-tab=\"1\" role=\"region\" aria-labelledby=\"elementor-tab-title-2581\"><ul>\n<li><strong><a href=\"https:\/\/www.firstpeople.us\/FP-Html-Legends\/Blood-Clot-Ute.html\" target=\"_blank\" rel=\"noopener\">Co\u00e1gulo sangu\u00edneo<\/a><\/strong><\/li>\n<li><strong><a href=\"https:\/\/www.firstpeople.us\/FP-Html-Legends\/PokohtheOldMan-Ute.html\" target=\"_blank\" rel=\"noopener\">Pokoh, el anciano<\/a><\/strong><\/li>\n<li><strong><a href=\"https:\/\/www.firstpeople.us\/FP-Html-Legends\/PorcupineHuntsBuffalo-Ute.html\" target=\"_blank\" rel=\"noopener\">El puercoesp\u00edn caza b\u00fafalos<\/a><\/strong><\/li>\n<li><strong><a href=\"https:\/\/www.firstpeople.us\/FP-Html-Legends\/PumaandtheBear-Ute.html\" target=\"_blank\" rel=\"noopener\">Puma y el oso<\/a><\/strong><\/li>\n<li><strong><a href=\"http:\/\/www.indigenouspeople.net\/twofawns.htm\" target=\"_blank\" rel=\"noopener\">Dos cervatillos y un conejo<\/a><\/strong><\/li>\n<li><strong><a href=\"http:\/\/www.indigenouspeople.net\/twogrand.htm\" target=\"_blank\" rel=\"noopener\">Dos nietos<\/a><\/strong><\/li>\n<\/ul><\/div>\n\t\t\t\t<\/div>\n\t\t\t\t\t\t\t\t<\/div>\n\t\t\t\t\t\t<\/div>\n\t\t\t\t<\/div>\n\t\t\t\t\t<\/div>\n\t\t<\/div>\n\t\t\t\t\t<\/div>\n\t\t<\/section>\n\t\t\t\t<section class=\"elementor-section elementor-top-section elementor-element elementor-element-985eec7 elementor-section-boxed elementor-section-height-default elementor-section-height-default\" data-id=\"985eec7\" data-element_type=\"section\" data-e-type=\"section\">\n\t\t\t\t\t\t<div class=\"elementor-container elementor-column-gap-default\">\n\t\t\t\t\t<div class=\"elementor-column elementor-col-100 elementor-top-column elementor-element elementor-element-3ed7a8f\" data-id=\"3ed7a8f\" data-element_type=\"column\" data-e-type=\"column\">\n\t\t\t<div class=\"elementor-widget-wrap elementor-element-populated\">\n\t\t\t\t\t\t<div class=\"elementor-element elementor-element-43531a4 elementor-widget elementor-widget-heading\" data-id=\"43531a4\" data-element_type=\"widget\" data-e-type=\"widget\" data-widget_type=\"heading.default\">\n\t\t\t\t<div class=\"elementor-widget-container\">\n\t\t\t\t\t<h2 class=\"elementor-heading-title elementor-size-default\"><span class=\"ez-toc-section\" id=\"Livres-sur-la-mythologie-Azteque-Ute\"><\/span>Libros de mitolog\u00eda azteca-ute<span class=\"ez-toc-section-end\"><\/span><\/h2>\t\t\t\t<\/div>\n\t\t\t\t<\/div>\n\t\t\t\t\t<\/div>\n\t\t<\/div>\n\t\t\t\t\t<\/div>\n\t\t<\/section>\n\t\t\t\t<section class=\"elementor-section elementor-top-section elementor-element elementor-element-0839771 elementor-section-boxed elementor-section-height-default elementor-section-height-default\" data-id=\"0839771\" data-element_type=\"section\" data-e-type=\"section\">\n\t\t\t\t\t\t<div class=\"elementor-container elementor-column-gap-default\">\n\t\t\t\t\t<div class=\"elementor-column elementor-col-100 elementor-top-column elementor-element elementor-element-c868300\" data-id=\"c868300\" data-element_type=\"column\" data-e-type=\"column\">\n\t\t\t<div class=\"elementor-widget-wrap elementor-element-populated\">\n\t\t\t\t\t\t<div class=\"elementor-element elementor-element-f670740 elementor-widget elementor-widget-text-editor\" data-id=\"f670740\" data-element_type=\"widget\" data-e-type=\"widget\" data-widget_type=\"text-editor.default\">\n\t\t\t\t<div class=\"elementor-widget-container\">\n\t\t\t\t\t\t\t\t\t<p>C\u00f3mics \/ Ilustrados:<\/p>\n<ul>\n<li><a href=\"https:\/\/www.amazon.fr\/Mythologie-azt%C3%A9que-Collectif\/dp\/2371045667?&amp;linkCode=ll1&amp;tag=mythscience-21&amp;linkId=28622da4d5a92c06bf5cfde006c323ec&amp;language=fr_FR&amp;ref_=as_li_ss_tl\" target=\"_blank\" rel=\"noopener\">mitolog\u00eda azteca<\/a><\/li>\n<\/ul>\n<p>En franc\u00e9s :<\/p>\n<ul>\n<li><a href=\"https:\/\/www.amazon.fr\/dp\/222624137X?&amp;linkCode=sl1&amp;tag=mythscience-21&amp;linkId=4648ab9410d9a374bf6d3d29640301b3&amp;language=fr_FR&amp;ref_=as_li_ss_tl\" target=\"_blank\" rel=\"noopener\">El imperio de la luna de verano<\/a><\/li>\n<li><a href=\"https:\/\/www.amazon.fr\/quatre-accords-tolt%C3%A8ques-libert%C3%A9-personnelle\/dp\/2889116549?&amp;linkCode=sl1&amp;tag=mythscience-21&amp;linkId=55b3823d0d67afb32089673f37a7c1d6&amp;language=fr_FR&amp;ref_=as_li_ss_tl\" target=\"_blank\" rel=\"noopener\">Los Cuatro Acuerdos Toltecas: El Camino a la Libertad Personal<\/a><\/li>\n<li><a href=\"https:\/\/www.amazon.fr\/l%C3%A9gende-soleils-azt%C3%A8ques-origines-lHistoire\/dp\/B07D4ZPJX1?&amp;linkCode=ll1&amp;tag=mythscience-21&amp;linkId=bb33fe317c0bb405385468021488aa73&amp;language=fr_FR&amp;ref_=as_li_ss_tl\" target=\"_blank\" rel=\"noopener\">La leyenda de los soles: mitos aztecas de los or\u00edgenes. Rastreador de la historia de M\u00e9xico<\/a><\/li>\n<li><a href=\"https:\/\/www.amazon.fr\/Contes-sages-Soleil-Mayas-azt%C3%A8ques\/dp\/202142717X?&amp;linkCode=ll1&amp;tag=mythscience-21&amp;linkId=f98e564e02e27d39f1353ef36a23e43b&amp;language=fr_FR&amp;ref_=as_li_ss_tl\" target=\"_blank\" rel=\"noopener\">Cuentos de los ancianos del sol<\/a><\/li>\n<li><a href=\"https:\/\/www.amazon.fr\/Azt%C3%A8ques-Jacqueline-Durand-Forest\/dp\/2251410414?&amp;linkCode=sl1&amp;tag=mythscience-21&amp;linkId=726d6e41556a7fe2d997e2d37821fec8&amp;language=fr_FR&amp;ref_=as_li_ss_tl\" target=\"_blank\" rel=\"noopener\">Los aztecas<\/a><\/li>\n<\/ul>\n<p>Solo en ingles:<\/p>\n<ul>\n<li><a href=\"https:\/\/www.amazon.fr\/dp\/1555911277?&amp;linkCode=sl1&amp;tag=mythscience-21&amp;linkId=ec1f25cd66ef79763ea4da2d65004db8&amp;language=fr_FR&amp;ref_=as_li_ss_tl\" target=\"_blank\" rel=\"noopener\">Historias de animales nativos americanos<\/a><\/li>\n<li><a href=\"https:\/\/www.amazon.fr\/Myths-Legends-Pacific-Northwest-Especially\/dp\/9354362214?&amp;linkCode=sl1&amp;tag=mythscience-21&amp;linkId=2cfd576bcfe5abbcb8b8db87629b6a85&amp;language=fr_FR&amp;ref_=as_li_ss_tl\" target=\"_blank\" rel=\"noopener\">Mitos y leyendas del noroeste del Pac\u00edfico: especialmente de Washington y Oreg\u00f3n<\/a><\/li>\n<li><a href=\"https:\/\/www.amazon.fr\/Native-American-Myths-Legends-Collections\/dp\/1610010264?&amp;linkCode=ll1&amp;tag=mythscience-21&amp;linkId=93c938f66b2566e874e62fa12a15a452&amp;language=fr_FR&amp;ref_=as_li_ss_tl\" target=\"_blank\" rel=\"noopener\">Mitos y leyendas de los nativos americanos: colecciones de historias tradicionales de los sioux, los pies negros, los chippewa, los hopi, los navajos, los zuni y otros<\/a><\/li>\n<li><a href=\"https:\/\/www.amazon.fr\/dp\/1844775089?&amp;linkCode=ll1&amp;tag=mythscience-21&amp;linkId=f02b18990b70744ef4c80613d51d6d38&amp;language=fr_FR&amp;ref_=as_li_ss_tl\" target=\"_blank\" rel=\"noopener\">La historia perdida de los aztecas y mayas<\/a><\/li>\n<li><a href=\"https:\/\/www.amazon.fr\/Tarascan-Roots-Breaking-Elio-Navarro\/dp\/1719132097?&amp;linkCode=sl1&amp;tag=mythscience-21&amp;linkId=6760f6f675f16e93f3b7c60d877fbc61&amp;language=fr_FR&amp;ref_=as_li_ss_tl\" target=\"_blank\" rel=\"noopener\">Ra\u00edces tarascas: rompiendo barreras<\/a><\/li>\n<li><a href=\"https:\/\/www.amazon.fr\/Purepecha-blood-Mr-%C2%BA-Mario-Cerda\/dp\/B09LGWVKLX?&amp;linkCode=sl1&amp;tag=mythscience-21&amp;linkId=0d3d7496af032f0665b55bcaed2dd995&amp;language=fr_FR&amp;ref_=as_li_ss_tl\" target=\"_blank\" rel=\"noopener\">Sangre pur\u00e9pecha: El imperio inexpugnable<\/a><\/li>\n<li><a href=\"https:\/\/www.amazon.fr\/Aztec-Thought-Culture-Ancient-Nahuatl\/dp\/0806122951?&amp;linkCode=sl1&amp;tag=mythscience-21&amp;linkId=e96e5504976e83b9a36afeed5fafee51&amp;language=fr_FR&amp;ref_=as_li_ss_tl\" target=\"_blank\" rel=\"noopener\">Pensamiento y cultura azteca: un estudio de la mente n\u00e1huatl antigua<\/a><\/li>\n<li><a href=\"https:\/\/www.amazon.fr\/Cahuilla-Indians-Lucile-Hooper\/dp\/1360621210?&amp;linkCode=sl1&amp;tag=mythscience-21&amp;linkId=aea4ee8ea4f5fd1348806086594a41a0&amp;language=fr_FR&amp;ref_=as_li_ss_tl\" target=\"_blank\" rel=\"noopener\">Los indios Cahuillas<\/a><\/li>\n<li><a href=\"https:\/\/www.amazon.fr\/dp\/0806111127?&amp;linkCode=ll1&amp;tag=mythscience-21&amp;linkId=a91c10fe6fa69f6e2b9f00e928c1772d&amp;language=fr_FR&amp;ref_=as_li_ss_tl\" target=\"_blank\" rel=\"noopener\">Pueblo dioses y mitos<\/a><\/li>\n<li><a href=\"https:\/\/www.amazon.fr\/dp\/0140502114?&amp;linkCode=ll1&amp;tag=mythscience-21&amp;linkId=6dfe3a9e8d464e739d785a66917133da&amp;language=fr_FR&amp;ref_=as_li_ss_tl\" target=\"_blank\" rel=\"noopener\">Flecha al sol: un cuento de los indios pueblo<\/a><\/li>\n<li><a href=\"https:\/\/www.amazon.fr\/Zunis-Self-Portrayals-Zuni-People\/dp\/082630253X?&amp;linkCode=ll1&amp;tag=mythscience-21&amp;linkId=2202aebac441771e9b38388a452a705c&amp;language=fr_FR&amp;ref_=as_li_ss_tl\" target=\"_blank\" rel=\"noopener\">Los zunis: autorretratos<\/a><\/li>\n<li><a href=\"https:\/\/www.amazon.fr\/dp\/0870719009?&amp;linkCode=sl1&amp;tag=mythscience-21&amp;linkId=9f6bf2ea09885ee1899a88bfce055687&amp;language=fr_FR&amp;ref_=as_li_ss_tl\" target=\"_blank\" rel=\"noopener\">Leyendas del Paiute del Norte<\/a><\/li>\n<li><a href=\"https:\/\/www.amazon.fr\/Journey-Tai-me-N-Scott-Momaday\/dp\/0826348211?&amp;linkCode=ll1&amp;tag=mythscience-21&amp;linkId=77c209e26222147f9b76b2f52e95f7bc&amp;language=fr_FR&amp;ref_=as_li_ss_tl\" target=\"_blank\" rel=\"noopener\">El viaje de Tai-me<\/a><\/li>\n<li><a href=\"https:\/\/www.amazon.fr\/Apache-Legends-Lore-Southern-Mexico\/dp\/1626194866?&amp;linkCode=sl1&amp;tag=mythscience-21&amp;linkId=29bfe1513d0251b5444bdc74cc2d3f90&amp;language=fr_FR&amp;ref_=as_li_ss_tl\" target=\"_blank\" rel=\"noopener\">Apache Legends &amp; Lore of Southern New Mexico: From the Sacred Mountain<\/a><\/li>\n<li><a href=\"https:\/\/www.amazon.fr\/Legend-Bluebonnet-Tomie-dePaola\/dp\/0399209379?&amp;linkCode=sl1&amp;tag=mythscience-21&amp;linkId=94a8fb28a28a686153b5aef3d884a62c&amp;language=fr_FR&amp;ref_=as_li_ss_tl\" target=\"_blank\" rel=\"noopener\">La leyenda del gorro azul<\/a><\/li>\n<li><a href=\"https:\/\/www.amazon.fr\/dp\/0870046055?&amp;linkCode=ll1&amp;tag=mythscience-21&amp;linkId=450e944472b0054fa45df475f8aa081c&amp;language=fr_FR&amp;ref_=as_li_ss_tl\" target=\"_blank\" rel=\"noopener\">Leyendas Ute<\/a><\/li>\n<li><a href=\"https:\/\/www.amazon.fr\/Coyote-Steals-Blanket-Ute-Tale\/dp\/082341129X?&amp;linkCode=ll1&amp;tag=mythscience-21&amp;linkId=8fbc5083baeca6557bf806580271383b&amp;language=fr_FR&amp;ref_=as_li_ss_tl\" target=\"_blank\" rel=\"noopener\">Coyote roba la manta: un cuento de Ute<\/a><\/li>\n<li><a href=\"https:\/\/www.amazon.fr\/Pima-Indian-Legends-Anna-Moore\/dp\/0816501866?&amp;linkCode=sl1&amp;tag=mythscience-21&amp;linkId=bf01f1c560861b153ce9704f9aa2add0&amp;language=fr_FR&amp;ref_=as_li_ss_tl\" target=\"_blank\" rel=\"noopener\">Leyendas de los indios pima<\/a><\/li>\n<li><a href=\"https:\/\/www.amazon.fr\/Aw-Aw-Tam-Indian-Nights-Legends-Arizona\/dp\/B008FUOY8Q?&amp;linkCode=sl1&amp;tag=mythscience-21&amp;linkId=25c9ce9c092e890cfab29339f9be87a3&amp;language=fr_FR&amp;ref_=as_li_ss_tl\" target=\"_blank\" rel=\"noopener\">Aw-aw-tam Noches indias; Siendo los Mitos y Leyendas de los Pimas de Arizona<\/a><\/li>\n<li><a href=\"https:\/\/www.amazon.fr\/Western-Shoshoni-Myths-Forgotten-Books\/dp\/1605068543?&amp;linkCode=sl1&amp;tag=mythscience-21&amp;linkId=006ec8a27700e1a95e4e02f49efbc6a1&amp;language=fr_FR&amp;ref_=as_li_ss_tl\" target=\"_blank\" rel=\"noopener\">Algunos mitos shoshoni occidentales<\/a><\/li>\n<\/ul>\t\t\t\t\t\t\t\t<\/div>\n\t\t\t\t<\/div>\n\t\t\t\t\t<\/div>\n\t\t<\/div>\n\t\t\t\t\t<\/div>\n\t\t<\/section>\n\t\t\t\t<\/div>","protected":false},"excerpt":{"rendered":"<p>Retour au Groupe Culturel Boutique D\u00e9di\u00e9e Wiki Mythologie Numique du Sud Ute La Mythologie Numique du Sud Ute regroupe les &hellip; <\/p>","protected":false},"author":1,"featured_media":0,"parent":0,"menu_order":1,"comment_status":"closed","ping_status":"closed","template":"","meta":{"footnotes":""},"class_list":["post-3996","page","type-page","status-publish","hentry"],"amp_enabled":true,"_links":{"self":[{"href":"https:\/\/mythslegendes.com\/es\/wp-json\/wp\/v2\/pages\/3996","targetHints":{"allow":["GET"]}}],"collection":[{"href":"https:\/\/mythslegendes.com\/es\/wp-json\/wp\/v2\/pages"}],"about":[{"href":"https:\/\/mythslegendes.com\/es\/wp-json\/wp\/v2\/types\/page"}],"author":[{"embeddable":true,"href":"https:\/\/mythslegendes.com\/es\/wp-json\/wp\/v2\/users\/1"}],"replies":[{"embeddable":true,"href":"https:\/\/mythslegendes.com\/es\/wp-json\/wp\/v2\/comments?post=3996"}],"version-history":[{"count":13,"href":"https:\/\/mythslegendes.com\/es\/wp-json\/wp\/v2\/pages\/3996\/revisions"}],"predecessor-version":[{"id":27358,"href":"https:\/\/mythslegendes.com\/es\/wp-json\/wp\/v2\/pages\/3996\/revisions\/27358"}],"wp:attachment":[{"href":"https:\/\/mythslegendes.com\/es\/wp-json\/wp\/v2\/media?parent=3996"}],"curies":[{"name":"wp","href":"https:\/\/api.w.org\/{rel}","templated":true}]}}