{"id":404,"date":"2020-06-12T12:46:32","date_gmt":"2020-06-12T11:46:32","guid":{"rendered":"https:\/\/mythslegendes.com\/?page_id=404"},"modified":"2022-12-03T22:06:52","modified_gmt":"2022-12-03T22:06:52","slug":"les-animaux-sacres-gaulois","status":"publish","type":"page","link":"https:\/\/mythslegendes.com\/es\/mitologia-gala\/animales-sagrados-galos\/","title":{"rendered":"animales sagrados galos"},"content":{"rendered":"<div data-elementor-type=\"wp-page\" data-elementor-id=\"404\" class=\"elementor elementor-404\">\n\t\t\t\t\t\t<section class=\"elementor-section elementor-top-section elementor-element elementor-element-fb2e074 elementor-section-boxed elementor-section-height-default elementor-section-height-default\" data-id=\"fb2e074\" data-element_type=\"section\" data-e-type=\"section\">\n\t\t\t\t\t\t<div class=\"elementor-container elementor-column-gap-default\">\n\t\t\t\t\t<div class=\"elementor-column elementor-col-50 elementor-top-column elementor-element elementor-element-41d5c39\" data-id=\"41d5c39\" data-element_type=\"column\" data-e-type=\"column\">\n\t\t\t<div class=\"elementor-widget-wrap elementor-element-populated\">\n\t\t\t\t\t\t<div class=\"elementor-element elementor-element-6b24d43 elementor-align-justify elementor-widget elementor-widget-button\" data-id=\"6b24d43\" data-element_type=\"widget\" data-e-type=\"widget\" data-widget_type=\"button.default\">\n\t\t\t\t<div class=\"elementor-widget-container\">\n\t\t\t\t\t\t\t\t\t<div class=\"elementor-button-wrapper\">\n\t\t\t\t\t<a class=\"elementor-button elementor-button-link elementor-size-sm\" href=\"https:\/\/mythslegendes.com\/es\/mitologia-gala\/\">\n\t\t\t\t\t\t<span class=\"elementor-button-content-wrapper\">\n\t\t\t\t\t\t\t\t\t<span class=\"elementor-button-text\">Mitolog\u00eda gala<\/span>\n\t\t\t\t\t<\/span>\n\t\t\t\t\t<\/a>\n\t\t\t\t<\/div>\n\t\t\t\t\t\t\t\t<\/div>\n\t\t\t\t<\/div>\n\t\t\t\t\t<\/div>\n\t\t<\/div>\n\t\t\t\t<div class=\"elementor-column elementor-col-50 elementor-top-column elementor-element elementor-element-a14e417\" data-id=\"a14e417\" data-element_type=\"column\" data-e-type=\"column\">\n\t\t\t<div class=\"elementor-widget-wrap elementor-element-populated\">\n\t\t\t\t\t\t<div class=\"elementor-element elementor-element-1f7e626 elementor-align-justify elementor-widget elementor-widget-button\" data-id=\"1f7e626\" data-element_type=\"widget\" data-e-type=\"widget\" data-widget_type=\"button.default\">\n\t\t\t\t<div class=\"elementor-widget-container\">\n\t\t\t\t\t\t\t\t\t<div class=\"elementor-button-wrapper\">\n\t\t\t\t\t<a class=\"elementor-button elementor-button-link elementor-size-sm\" href=\"https:\/\/fr.wikipedia.org\/wiki\/Religion_gauloise\" target=\"_blank\" rel=\"noopener\">\n\t\t\t\t\t\t<span class=\"elementor-button-content-wrapper\">\n\t\t\t\t\t\t\t\t\t<span class=\"elementor-button-text\">Wiki<\/span>\n\t\t\t\t\t<\/span>\n\t\t\t\t\t<\/a>\n\t\t\t\t<\/div>\n\t\t\t\t\t\t\t\t<\/div>\n\t\t\t\t<\/div>\n\t\t\t\t\t<\/div>\n\t\t<\/div>\n\t\t\t\t\t<\/div>\n\t\t<\/section>\n\t\t\t\t<section class=\"elementor-section elementor-top-section elementor-element elementor-element-502682f elementor-section-boxed elementor-section-height-default elementor-section-height-default\" data-id=\"502682f\" data-element_type=\"section\" data-e-type=\"section\">\n\t\t\t\t\t\t<div class=\"elementor-container elementor-column-gap-default\">\n\t\t\t\t\t<div class=\"elementor-column elementor-col-100 elementor-top-column elementor-element elementor-element-54638b9c\" data-id=\"54638b9c\" data-element_type=\"column\" data-e-type=\"column\">\n\t\t\t<div class=\"elementor-widget-wrap elementor-element-populated\">\n\t\t\t\t\t\t<div class=\"elementor-element elementor-element-7fee3348 elementor-widget elementor-widget-text-editor\" data-id=\"7fee3348\" data-element_type=\"widget\" data-e-type=\"widget\" data-widget_type=\"text-editor.default\">\n\t\t\t\t<div class=\"elementor-widget-container\">\n\t\t\t\t\t\t\t\t\t\n<p>Aqu\u00ed hay una lista no exhaustiva de animales sagrados. <a href=\"https:\/\/mythslegendes.com\/es\/mitologia-gala\/\">g\u00e1lico<\/a> y su significado espiritual y esot\u00e9rico.<\/p>\n<p><img decoding=\"async\" class=\"alignnone wp-image-5284 size-full\" src=\"https:\/\/mythslegendes.com\/wp-content\/uploads\/2020\/09\/AlphaOmega-e1602613368367.png\" alt=\"animales sagrados galos\" width=\"25\" height=\"26\" title=\"\"><\/p>\n<div id=\"ez-toc-container\" class=\"ez-toc-v2_0_82_2 counter-hierarchy ez-toc-counter ez-toc-grey ez-toc-container-direction\">\n<div class=\"ez-toc-title-container\">\n<p class=\"ez-toc-title\" style=\"cursor:inherit\">Contenido<\/p>\n<span class=\"ez-toc-title-toggle\"><a href=\"#\" class=\"ez-toc-pull-right ez-toc-btn ez-toc-btn-xs ez-toc-btn-default ez-toc-toggle\" aria-label=\"Alternar tabla de contenidos\"><span class=\"ez-toc-js-icon-con\"><span class=\"\"><span class=\"eztoc-hide\" style=\"display:none;\">Palanca<\/span><span class=\"ez-toc-icon-toggle-span\"><svg style=\"fill: #999;color:#999\" xmlns=\"http:\/\/www.w3.org\/2000\/svg\" class=\"list-377408\" width=\"20px\" height=\"20px\" viewbox=\"0 0 24 24\" fill=\"none\"><path d=\"M6 6H4v2h2V6zm14 0H8v2h12V6zM4 11h2v2H4v-2zm16 0H8v2h12v-2zM4 16h2v2H4v-2zm16 0H8v2h12v-2z\" fill=\"currentColor\"><\/path><\/svg><svg style=\"fill: #999;color:#999\" class=\"arrow-unsorted-368013\" xmlns=\"http:\/\/www.w3.org\/2000\/svg\" width=\"10px\" height=\"10px\" viewbox=\"0 0 24 24\" version=\"1.2\" baseprofile=\"tiny\"><path d=\"M18.2 9.3l-6.2-6.3-6.2 6.3c-.2.2-.3.4-.3.7s.1.5.3.7c.2.2.4.3.7.3h11c.3 0 .5-.1.7-.3.2-.2.3-.5.3-.7s-.1-.5-.3-.7zM5.8 14.7l6.2 6.3 6.2-6.3c.2-.2.3-.5.3-.7s-.1-.5-.3-.7c-.2-.2-.4-.3-.7-.3h-11c-.3 0-.5.1-.7.3-.2.2-.3.5-.3.7s.1.5.3.7z\"\/><\/svg><\/span><\/span><\/span><\/a><\/span><\/div>\n<nav><ul class='ez-toc-list ez-toc-list-level-1' ><li class='ez-toc-page-1 ez-toc-heading-level-2'><a class=\"ez-toc-link ez-toc-heading-1\" href=\"https:\/\/mythslegendes.com\/es\/mitologia-gala\/animales-sagrados-galos\/#Animaux-sacres-gaulois\" >animales sagrados galos<\/a><\/li><\/ul><\/nav><\/div>\n<h2><span class=\"ez-toc-section\" id=\"Animaux-sacres-gaulois\"><\/span>animales sagrados galos<span class=\"ez-toc-section-end\"><\/span><\/h2>\n<p>El Mirlo representa la llamada interior, la que nos compromete a seguir un camino espiritual. Nos muestra los caminos a seguir para aprender m\u00e1s sobre las potencialidades y motivaciones que se esconden dentro de nosotros.<\/p>\n\n<p>La Biche trae la Suavidad y la Gracia del principio femenino. Nos invita a ir m\u00e1s all\u00e1 del elemento material y superficial de la vida ya discernir el coraz\u00f3n de las cosas y las causas m\u00e1s que los efectos.<\/p>\n\n<p>El Venado significa Orgullo, Independencia. \u00c9l nos trae gracia, majestad e integridad; puede ayudarnos a fortalecer nuestro sentido de dignidad y seguridad en nosotros mismos.<\/p>\n\n<p>El Oso simboliza la Fuerza primordial, la Soberan\u00eda. Nos conecta con nuestro instinto, que nos ayuda a descubrir nuestro poder combinando fuerza e intuici\u00f3n.<\/p>\n\n<p>El Zorro representa la Diplomacia, la Astucia. Gracias a \u00e9l, sabr\u00e1s cu\u00e1ndo salir a la luz y hacerte o\u00edr, y cu\u00e1ndo callarte y mantener tus ideas en secreto.<\/p>\n\n<p>El Jabal\u00ed desarrolla el Esp\u00edritu Guerrero, la Idea gu\u00eda. Nos llama al bosque para revelar un secreto sobre nosotros y el mundo. Simboliza la vida salvaje y la fuerza indomable presente en cada uno de nosotros. Su fuerza primitiva nos hace aptos para el mando.<\/p>\n\n<p>El Halc\u00f3n trae Nobleza, Purificaci\u00f3n. Nos permite ver nuestra vida en su verdadera luz, liberarnos de cargas innecesarias y reconectarnos con nuestras ra\u00edces ancestrales. Cuando sabemos de d\u00f3nde venimos y hacia d\u00f3nde vamos, la inspiraci\u00f3n y el entusiasmo llenan nuestras vidas.<\/p>\n\n<p>El Perro significa Consejo, Lealtad. \u00c9l nos gu\u00eda y protege a lo largo de esta vida. Brinda la ayuda necesaria para defender nuestros valores y las cosas que nos son sagradas.<\/p>\n\n<p>El B\u00faho representa Desapego, Cambio. Ella nos ense\u00f1a la sabidur\u00eda para convertir nuestras debilidades en fortalezas.<\/p>\n\n<p>El Gato significa Vigilancia, Sensualidad. Nos permite observar una situaci\u00f3n con calma y sin ideas preconcebidas antes de tomar una decisi\u00f3n. Nos recuerda que tenemos derecho a elegir cu\u00e1ndo y c\u00f3mo resolver nuestros problemas. Muestra una gran sensualidad y, por lo tanto, prueba que la conciencia y la sensibilidad son facetas de la misma realidad.<\/p>\n\n<p>La Grulla trae Conocimiento secreto, Longevidad. Puede permanecer horas observando las profundidades del agua, hasta que pica a su presa. Tambi\u00e9n sabe c\u00f3mo concentrarse sin distraerse, lo que la hace experta en guiarnos en nuestros viajes de exploraci\u00f3n interior.<\/p>\n\n<p>La Rana simboliza la Sensibilidad, la Belleza. Ella trae sanaci\u00f3n y alegr\u00eda, cantando y saltando para conducirnos a la fuente sagrada que nutre y regenera. Nos ayudar\u00e1 a sentir con todo nuestro ser la presencia de los dem\u00e1s, los sonidos y las formas de curar, a buscar la belleza y la magia que esconden las apariencias.<\/p>\n\n<p>El Cuervo ofrece Curaci\u00f3n, Iniciaci\u00f3n. Es la se\u00f1al de que algo muere dando a luz a algo nuevo. Gracias a \u00e9l podemos lograr una sanaci\u00f3n profunda practicando \u201cla reconciliaci\u00f3n de los opuestos\u201d para resolver los conflictos enterrados en nuestro inconsciente o de nuestro pasado.<\/p>\n\n<p>El Cisne trae las cualidades del Alma: amor, profundidad, gracia y belleza. Es el p\u00e1jaro del umbral, el que separa nuestro mundo del M\u00e1s All\u00e1. Representa nuestra capacidad de viajar de uno a otro.<\/p>\n\n<p>El Lobo simboliza la Intuici\u00f3n, el Aprendizaje. Aporta un profundo sentido de fidelidad, fuerza interior e intuici\u00f3n. Muestra el camino hacia el aprendizaje. Conoce tu ser m\u00e1s profundo y siempre te beneficiar\u00e1s del coraje y de una presencia espiritual, incluso en la oscuridad m\u00e1s completa.<\/p>\n\n<p>La Serpiente representa la Transformaci\u00f3n, la Energ\u00eda vital. Simboliza nuestras sucesivas muertes y renacimientos, as\u00ed como la energ\u00eda sexual. Con \u00e9l, tu vida estar\u00e1 impregnada de gracia y magia.<\/p>\n\n<p>El \u00c1guila significa Inteligencia, Coraje. Ayuda a dar un paso atr\u00e1s para analizar nuestra vida. Ofrece la objetividad y claridad mental necesarias para la toma de decisiones y la b\u00fasqueda de prioridades.<\/p>\n\n<p>La Cerda desarrolla Generosidad, Descubrimiento. Las numerosas camadas de la Cerda simbolizan la abundancia y la fertilidad. Nos recuerda que la vida es generosa, que da a todos y que constantemente regenera las cosas y los seres, y que debemos apreciar las bellezas y los placeres de la vida.<\/p>\n\n<p>Tauro se conecta con Riqueza, Beneficios. Representa la fertilidad, el poder, la abundancia y la prosperidad, y ayuda a perseverar para alcanzar nuestra meta si las circunstancias se vuelven en nuestra contra. Nos da la energ\u00eda necesaria para superar f\u00edsica o moralmente los problemas que se acumulan.<\/p>\n\n<p>El Ganso pide Vigilancia, Poder creativo. Muy apegado a su familia, a su entorno estable, pero tambi\u00e9n capaz de volar a una altura extraordinaria de un continente a otro, el Ganso demuestra que es posible combinar aspiraciones materiales y espirituales en nuestra vida diaria.<\/p>\n\n<p>Aries significa Avance, \u00c9xito. Da la posibilidad de avance, la energ\u00eda para penetrar, superar y tener \u00e9xito. Tambi\u00e9n representa arraigo, conexi\u00f3n, equilibrio. Nos ayudar\u00e1 a encontrar dentro de nosotros mismos la fuerza para triunfar, sin que el \u00e9xito \u201chaga que la cabeza nos d\u00e9 vueltas\u201d; sabe permanecer en el suelo y recordarnos las realidades cotidianas.<\/p>\n\n<p>La Liebre simboliza el Renacimiento, el Equilibrio. Es uno de los animales que se metamorfosea con m\u00e1s facilidad. Representa la intuici\u00f3n y trae la exaltaci\u00f3n que acompa\u00f1a al renacimiento y la gran fecundidad. Ayuda a superar periodos de cambio ya seguir las indicaciones de nuestra intuici\u00f3n.<\/p>\n\n<p>El salm\u00f3n desarrolla Sabidur\u00eda, Rejuvenecimiento. Nos muestra que para encontrar la sabidur\u00eda, debemos hacer un balance de nuestra vida y volver conscientemente a nuestros or\u00edgenes, nuestra infancia y quiz\u00e1s m\u00e1s all\u00e1. \u00c9l nos rejuvenecer\u00e1 y nos dar\u00e1 inspiraci\u00f3n siempre que nuestros comportamientos no se interpongan en el camino de sus dones. Nos insta a permanecer abiertos e inocentes, abandonando cualquier actitud de terquedad.<\/p>\n\n<p>La Abeja representa la Comunidad, la Fiesta. Ella nos invita a celebrar eventos felices, o simplemente la existencia misteriosa y maravillosa de la vida. Ella nos susurra que existe una vida armoniosa en comunidad.<\/p>\n\n<p>La Nutria pide Alegr\u00eda, Utilidad. Nos invita a volver a ser ni\u00f1os, a divertirnos ya aceptar el fluir de la vida y las experiencias. Con \u00e9l, puedes tomarte el tiempo para descansar y olvidarte de tus preocupaciones diarias.<\/p>\n\n<p>La Vaca se conecta con el Alimento, con la Madre. Nos revela la generosidad, la fuerza nutritiva y regeneradora que nos rodea. Lo encontramos en todas partes: en nuestros amigos, nuestros hijos, en nuestras comidas, nuestros sue\u00f1os y en la naturaleza.<\/p>\n\n<p>El Caballo significa la Tierra, el Viaje. Aporta energ\u00eda y velocidad, y rige el ciclo completo de la existencia: nacimiento, muerte, vida en el m\u00e1s all\u00e1 y renacimiento.<\/p>\n\n<p>El Reyezuelo representa la Humildad, el Ingenio. Nos dice que la belleza habita en las peque\u00f1as cosas y que la autorrealizaci\u00f3n no pasa por los signos exteriores de riqueza, ni por las demostraciones de fuerza, sino por la humildad, la bondad y la sutileza. Usado con humor y acompa\u00f1ado de buenas intenciones, el ingenio es una buena manera de lograr grandes cosas. Ahorra esfuerzo empleando racional y honestamente los resultados obtenidos por otros.<\/p>\n\n<p>El Drag\u00f3n de Agua simboliza Pasi\u00f3n, Profundidad. Saca a la superficie todo lo que hay debajo. Ciertos recuerdos y deseos, olvidados o reprimidos durante mucho tiempo en el inconsciente, pueden parecer tener una fuerza negativa y destructiva. Si nos ponemos de acuerdo en tenerlos en cuenta, nos servir\u00e1n para avanzar en el camino espiritual y mantener el equilibrio.<\/p>\n\n<p>El Drag\u00f3n de Tierra trae Poder, Riqueza. Nos confronta con nuestro propio potencial. \u00c9l nos ense\u00f1a a usar nuestros talentos y recursos, y nos muestra los secretos de nuestro coraz\u00f3n. Entonces detectaremos m\u00e1s f\u00e1cilmente la fuerza y la belleza que se esconden en el coraz\u00f3n de los dem\u00e1s.<\/p>\n\n<p>El Drag\u00f3n de Aire desarrolla Inspiraci\u00f3n, Vitalidad. El encuentro entre la psique, el intelecto y Air Dragon puede golpear como un rayo. Debemos prepararlo con mimo y esperarlo con respeto. Le da a nuestra mente visi\u00f3n y claridad, a veces manifest\u00e1ndose en nuestros pensamientos e imaginaciones como una iluminaci\u00f3n repentina.<\/p>\n\n<p>El Drag\u00f3n de Fuego significa Transformaci\u00f3n, Maestr\u00eda. Aporta vitalidad, entusiasmo, coraje y energ\u00eda para afrontar y superar los obst\u00e1culos y problemas de la vida diaria. Su poder ayuda a dominar el mando y el conocimiento. Alimenta cuidadosamente el fuego interior, ayuda a canalizarlo y utilizarlo con precisi\u00f3n para cumplir las tareas y metas propuestas.<\/p>\n\n<p>El Sello representa el Amor, el Dilema. Es la llamada del mar, de las profundidades, del inconsciente. Tememos esta llamada porque tememos ahogarnos en el torbellino de nuestros sentimientos. Acepta seguir tu inconsciente, tu feminidad, tus sue\u00f1os y tus deseos. Transformar\u00e1n tu vida, la calmar\u00e1n y la llenar\u00e1n de amor.<\/p>\n\t\t\t\t\t\t\t\t<\/div>\n\t\t\t\t<\/div>\n\t\t\t\t\t<\/div>\n\t\t<\/div>\n\t\t\t\t\t<\/div>\n\t\t<\/section>\n\t\t\t\t<\/div>","protected":false},"excerpt":{"rendered":"<p>Wiki de mitolog\u00eda gala Aqu\u00ed hay una lista no exhaustiva de animales sagrados galos y su significado espiritual y esot\u00e9rico. animales\u2026 <\/p>","protected":false},"author":1,"featured_media":0,"parent":367,"menu_order":0,"comment_status":"closed","ping_status":"closed","template":"","meta":{"footnotes":""},"class_list":["post-404","page","type-page","status-publish","hentry"],"amp_enabled":true,"_links":{"self":[{"href":"https:\/\/mythslegendes.com\/es\/wp-json\/wp\/v2\/pages\/404","targetHints":{"allow":["GET"]}}],"collection":[{"href":"https:\/\/mythslegendes.com\/es\/wp-json\/wp\/v2\/pages"}],"about":[{"href":"https:\/\/mythslegendes.com\/es\/wp-json\/wp\/v2\/types\/page"}],"author":[{"embeddable":true,"href":"https:\/\/mythslegendes.com\/es\/wp-json\/wp\/v2\/users\/1"}],"replies":[{"embeddable":true,"href":"https:\/\/mythslegendes.com\/es\/wp-json\/wp\/v2\/comments?post=404"}],"version-history":[{"count":1,"href":"https:\/\/mythslegendes.com\/es\/wp-json\/wp\/v2\/pages\/404\/revisions"}],"predecessor-version":[{"id":24509,"href":"https:\/\/mythslegendes.com\/es\/wp-json\/wp\/v2\/pages\/404\/revisions\/24509"}],"up":[{"embeddable":true,"href":"https:\/\/mythslegendes.com\/es\/wp-json\/wp\/v2\/pages\/367"}],"wp:attachment":[{"href":"https:\/\/mythslegendes.com\/es\/wp-json\/wp\/v2\/media?parent=404"}],"curies":[{"name":"wp","href":"https:\/\/api.w.org\/{rel}","templated":true}]}}