{"id":407,"date":"2020-06-12T12:50:37","date_gmt":"2020-06-12T11:50:37","guid":{"rendered":"https:\/\/mythslegendes.com\/?page_id=407"},"modified":"2022-12-03T22:06:52","modified_gmt":"2022-12-03T22:06:52","slug":"le-legende-du-roi-dis","status":"publish","type":"page","link":"https:\/\/mythslegendes.com\/es\/mitologia-gala\/la-leyenda-del-rey-dis\/","title":{"rendered":"el rey de es"},"content":{"rendered":"<div data-elementor-type=\"wp-page\" data-elementor-id=\"407\" class=\"elementor elementor-407\">\n\t\t\t\t\t\t<section class=\"elementor-section elementor-top-section elementor-element elementor-element-6d9d88f elementor-section-boxed elementor-section-height-default elementor-section-height-default\" data-id=\"6d9d88f\" data-element_type=\"section\" data-e-type=\"section\">\n\t\t\t\t\t\t<div class=\"elementor-container elementor-column-gap-default\">\n\t\t\t\t\t<div class=\"elementor-column elementor-col-50 elementor-top-column elementor-element elementor-element-f261fbe\" data-id=\"f261fbe\" data-element_type=\"column\" data-e-type=\"column\">\n\t\t\t<div class=\"elementor-widget-wrap elementor-element-populated\">\n\t\t\t\t\t\t<div class=\"elementor-element elementor-element-254125c elementor-align-justify elementor-widget elementor-widget-button\" data-id=\"254125c\" data-element_type=\"widget\" data-e-type=\"widget\" data-widget_type=\"button.default\">\n\t\t\t\t<div class=\"elementor-widget-container\">\n\t\t\t\t\t\t\t\t\t<div class=\"elementor-button-wrapper\">\n\t\t\t\t\t<a class=\"elementor-button elementor-button-link elementor-size-sm\" href=\"https:\/\/mythslegendes.com\/es\/mitologia-gala\/\">\n\t\t\t\t\t\t<span class=\"elementor-button-content-wrapper\">\n\t\t\t\t\t\t\t\t\t<span class=\"elementor-button-text\">Mitolog\u00eda gala<\/span>\n\t\t\t\t\t<\/span>\n\t\t\t\t\t<\/a>\n\t\t\t\t<\/div>\n\t\t\t\t\t\t\t\t<\/div>\n\t\t\t\t<\/div>\n\t\t\t\t\t<\/div>\n\t\t<\/div>\n\t\t\t\t<div class=\"elementor-column elementor-col-50 elementor-top-column elementor-element elementor-element-e84a91c\" data-id=\"e84a91c\" data-element_type=\"column\" data-e-type=\"column\">\n\t\t\t<div class=\"elementor-widget-wrap elementor-element-populated\">\n\t\t\t\t\t\t<div class=\"elementor-element elementor-element-0549aba elementor-align-justify elementor-widget elementor-widget-button\" data-id=\"0549aba\" data-element_type=\"widget\" data-e-type=\"widget\" data-widget_type=\"button.default\">\n\t\t\t\t<div class=\"elementor-widget-container\">\n\t\t\t\t\t\t\t\t\t<div class=\"elementor-button-wrapper\">\n\t\t\t\t\t<a class=\"elementor-button elementor-button-link elementor-size-sm\" href=\"https:\/\/fr.wikipedia.org\/wiki\/Religion_gauloise\" target=\"_blank\" rel=\"noopener\">\n\t\t\t\t\t\t<span class=\"elementor-button-content-wrapper\">\n\t\t\t\t\t\t\t\t\t<span class=\"elementor-button-text\">Wiki<\/span>\n\t\t\t\t\t<\/span>\n\t\t\t\t\t<\/a>\n\t\t\t\t<\/div>\n\t\t\t\t\t\t\t\t<\/div>\n\t\t\t\t<\/div>\n\t\t\t\t\t<\/div>\n\t\t<\/div>\n\t\t\t\t\t<\/div>\n\t\t<\/section>\n\t\t\t\t<section class=\"elementor-section elementor-top-section elementor-element elementor-element-e133b65 elementor-section-boxed elementor-section-height-default elementor-section-height-default\" data-id=\"e133b65\" data-element_type=\"section\" data-e-type=\"section\">\n\t\t\t\t\t\t<div class=\"elementor-container elementor-column-gap-default\">\n\t\t\t\t\t<div class=\"elementor-column elementor-col-100 elementor-top-column elementor-element elementor-element-48bb08b2\" data-id=\"48bb08b2\" data-element_type=\"column\" data-e-type=\"column\">\n\t\t\t<div class=\"elementor-widget-wrap elementor-element-populated\">\n\t\t\t\t\t\t<div class=\"elementor-element elementor-element-dfd0cc9 elementor-widget elementor-widget-text-editor\" data-id=\"dfd0cc9\" data-element_type=\"widget\" data-e-type=\"widget\" data-widget_type=\"text-editor.default\">\n\t\t\t\t<div class=\"elementor-widget-container\">\n\t\t\t\t\t\t\t\t\t<p><\/p>\n<p class=\"has-text-align-justify\">Entre el Loira y el Sena, en la costa mar\u00edtima del <a href=\"https:\/\/mythslegendes.com\/es\/mitologia-bretona\/\">Breta\u00f1a<\/a>, hay ruinas de ciudades y obras considerables que las olas del mar destruyeron de manera espont\u00e1nea y que la antig\u00fcedad no registr\u00f3 en sus anales. aqu\u00ed est\u00e1 <a href=\"https:\/\/mythslegendes.com\/es\/\">leyenda<\/a> galo del rey de Is.<\/p>\n<p><img decoding=\"async\" class=\"alignnone wp-image-5284 size-full\" src=\"https:\/\/mythslegendes.com\/wp-content\/uploads\/2020\/09\/AlphaOmega-e1602613368367.png\" alt=\"Leyenda del Rey de Is\" width=\"25\" height=\"26\" title=\"\"><\/p>\n<div id=\"ez-toc-container\" class=\"ez-toc-v2_0_82_2 counter-hierarchy ez-toc-counter ez-toc-grey ez-toc-container-direction\">\n<div class=\"ez-toc-title-container\">\n<p class=\"ez-toc-title\" style=\"cursor:inherit\">Contenido<\/p>\n<span class=\"ez-toc-title-toggle\"><a href=\"#\" class=\"ez-toc-pull-right ez-toc-btn ez-toc-btn-xs ez-toc-btn-default ez-toc-toggle\" aria-label=\"Alternar tabla de contenidos\"><span class=\"ez-toc-js-icon-con\"><span class=\"\"><span class=\"eztoc-hide\" style=\"display:none;\">Palanca<\/span><span class=\"ez-toc-icon-toggle-span\"><svg style=\"fill: #999;color:#999\" xmlns=\"http:\/\/www.w3.org\/2000\/svg\" class=\"list-377408\" width=\"20px\" height=\"20px\" viewbox=\"0 0 24 24\" fill=\"none\"><path d=\"M6 6H4v2h2V6zm14 0H8v2h12V6zM4 11h2v2H4v-2zm16 0H8v2h12v-2zM4 16h2v2H4v-2zm16 0H8v2h12v-2z\" fill=\"currentColor\"><\/path><\/svg><svg style=\"fill: #999;color:#999\" class=\"arrow-unsorted-368013\" xmlns=\"http:\/\/www.w3.org\/2000\/svg\" width=\"10px\" height=\"10px\" viewbox=\"0 0 24 24\" version=\"1.2\" baseprofile=\"tiny\"><path d=\"M18.2 9.3l-6.2-6.3-6.2 6.3c-.2.2-.3.4-.3.7s.1.5.3.7c.2.2.4.3.7.3h11c.3 0 .5-.1.7-.3.2-.2.3-.5.3-.7s-.1-.5-.3-.7zM5.8 14.7l6.2 6.3 6.2-6.3c.2-.2.3-.5.3-.7s-.1-.5-.3-.7c-.2-.2-.4-.3-.7-.3h-11c-.3 0-.5.1-.7.3-.2.2-.3.5-.3.7s.1.5.3.7z\"\/><\/svg><\/span><\/span><\/span><\/a><\/span><\/div>\n<nav><ul class='ez-toc-list ez-toc-list-level-1' ><li class='ez-toc-page-1 ez-toc-heading-level-2'><a class=\"ez-toc-link ez-toc-heading-1\" href=\"https:\/\/mythslegendes.com\/es\/mitologia-gala\/la-leyenda-del-rey-dis\/#Legende-du-roi-dIs\" >Leyenda del Rey de Is<\/a><\/li><\/ul><\/nav><\/div>\n<h2><span class=\"ez-toc-section\" id=\"Legende-du-roi-dIs\"><\/span>Leyenda del Rey de Is<span class=\"ez-toc-section-end\"><\/span><\/h2>\n<p><\/p>\n<p class=\"has-text-align-justify\">Todos estos trastornos datan de un per\u00edodo muy remoto, que con toda seguridad se remonta a m\u00e1s de diez o doce mil a\u00f1os. Sobre todo cuando uno se da cuenta del tiempo considerable que tardan las olas del mar en roer y destruir las rocas de granito, como en la bah\u00eda de Douarnenez por ejemplo, donde se tiene la certeza de que hubo una vez varios pueblos o al menos una ciudad muy grande que ocupaba todo el espacio entre la punta de la Cabra a la bah\u00eda de Audierne; las tradiciones tambi\u00e9n indican que la playa que se extiende desde Penmarc&#039;k hasta Raz y desde Raz hasta la isla de Ouessant estaba cubierta de ciudades.<\/p>\n<p class=\"has-text-align-justify\">Esto nos permite decir que las grandes fracturas del globo que se produjeron tras el diluvio destruyeron la ciudad de Is y todos los monumentos dru\u00eddicos, parte de los cuales todav\u00eda se pueden ver en la punta de Penmarc&#039;k a 4 m, unos 50 en el agua de fondo en las mareas del equinoccio, y esto hasta 4 y 5 kil\u00f3metros mar adentro.<\/p>\n<p><\/p>\n<p class=\"has-text-align-justify\">Ahora estamos seguros de que las ruinas de Douarnenez, Crozon, Cap de la Ch\u00e8vre y Vannes se hicieron en el momento de la gran inundaci\u00f3n. Estos cataclismos nos fueron transmitidos en la playa de Douarnenez por la leyenda de Gralon; en C\u00e1diz, por la del viaje del H\u00e9rcules <a href=\"https:\/\/mythslegendes.com\/es\/mythes-et-legendes-celtiques-20\/\">c\u00e9ltico<\/a> de Og-mi.<\/p>\n<p><\/p>\n<p class=\"has-text-align-justify\">Cuenta una leyenda celta que en la punta de la isla Goat hab\u00eda un pueblo llamado Is, gobernado por el rey Gralon, que ten\u00eda una \u00fanica hija llamada Dahu a la que adoraba. Ahora bien, la ostentaci\u00f3n, el lujo y el libertinaje reinaban en la opulenta ciudad de Gralon, y su hija no era la menos depravada entre las hermosas mujeres de Is. Gral\u00f3n gimi\u00f3 por los exabruptos de su querida hija y de su pueblo y rog\u00f3 a Dios que les abriera los ojos; pero fue en vano.<\/p>\n<p class=\"has-text-align-justify\">Tambi\u00e9n, un d\u00eda, el sol se eclips\u00f3 y un cometa con una inmensa cola apareci\u00f3 en el horizonte; era un presagio de una muerte inminente. Ahora bien, la misma noche de ese d\u00eda, Dahu presidi\u00f3 un soberbio banquete que ofreci\u00f3 a mil invitados. La princesa dio la se\u00f1al para la fiesta, vaciando una gran copa o Hanap de Cervoise (una especie de cerveza) de un solo trago; luego, tomando un alfanje de caza, comenz\u00f3 a descuartizar un enorme alce, luego un jabal\u00ed y dos jabal\u00edes; el aroma de estos v\u00edveres deleitaba mucho el sentido del olfato de los comensales, halagaba su paladar y excitaba en grado sumo su enorme y vasto apetito.<\/p>\n<p><\/p>\n<p class=\"has-text-align-justify\">Pero apenas comenzada la fiesta, los gritos de los invitados hicieron retumbar el palacio de Gral\u00f3n; a la vez todos estos libertinos oyeron voces siniestras en los primeros planos del Astral; la tierra tembl\u00f3, los invitados abandonaron presas del p\u00e1nico el sal\u00f3n del banquete, se precipitaron por los caminos, las calles y los caminos en los que reinaba una oscuridad tan profunda, una noche tan negra, que no se pod\u00eda ver en el cielo brillar &quot;el camino del invierno &quot;.<\/p>\n<p><\/p>\n<p class=\"has-text-align-justify\">S\u00f3lo los rel\u00e1mpagos rasgaron la nube, retumb\u00f3 el trueno, la tempestad se arremolin\u00f3 y pronto estall\u00f3, vertiendo tales torrentes de agua sobre el pueblo de Is que pronto desapareci\u00f3 con todos sus habitantes.<\/p>\n<p><\/p>\n<p class=\"has-text-align-justify\">Gral\u00f3n, a pesar de su vejez, recogi\u00f3 apresuradamente todo lo que ten\u00eda m\u00e1s preciado, y coloc\u00f3, con este tesoro, a su hija sobre un corcel de fuego en el que \u00e9l mismo mont\u00f3 para dirigir su rumbo, pero la corriente, a\u00fan m\u00e1s \u00e1gil que el animal de fuego, le arrebat\u00f3 su carga y lo envolvi\u00f3 en un inmenso torbellino.<\/p>\n<p><\/p>\n<p class=\"has-text-align-justify\">Pareci\u00f3 entonces que la Divina Justicia qued\u00f3 satisfecha, pues la calma volvi\u00f3 de repente, pero la desgraciada ciudad de Is, ese inmenso recept\u00e1culo de desenfreno e infamia, qued\u00f3 para siempre sumergida bajo las aguas, junto con un vasto continente.<\/p>\n<p><\/p>\n<p class=\"has-text-align-justify\">Hoy es el mar Atl\u00e1ntico. EL <a href=\"https:\/\/mythslegendes.com\/es\/mitologia-bretona\/\">Bretones<\/a> de la bah\u00eda de Douarnenez pretenden ver vagando, a\u00fan hoy, las almas o m\u00e1s bien los dobles et\u00e9ricos en forma de cuervos; los desafortunados parecen estar volando de roca en roca en el mismo lugar donde una vez perecieron Gralon y su hija.<\/p>\n<p><\/p>\t\t\t\t\t\t\t\t<\/div>\n\t\t\t\t<\/div>\n\t\t\t\t\t<\/div>\n\t\t<\/div>\n\t\t\t\t\t<\/div>\n\t\t<\/section>\n\t\t\t\t<\/div>","protected":false},"excerpt":{"rendered":"<p>Wiki Mitolog\u00eda gala Entre el Loira y el Sena, en la costa mar\u00edtima de Breta\u00f1a, hay ruinas... <\/p>","protected":false},"author":1,"featured_media":21,"parent":367,"menu_order":0,"comment_status":"closed","ping_status":"closed","template":"","meta":{"footnotes":""},"class_list":["post-407","page","type-page","status-publish","has-post-thumbnail","hentry"],"amp_enabled":true,"_links":{"self":[{"href":"https:\/\/mythslegendes.com\/es\/wp-json\/wp\/v2\/pages\/407","targetHints":{"allow":["GET"]}}],"collection":[{"href":"https:\/\/mythslegendes.com\/es\/wp-json\/wp\/v2\/pages"}],"about":[{"href":"https:\/\/mythslegendes.com\/es\/wp-json\/wp\/v2\/types\/page"}],"author":[{"embeddable":true,"href":"https:\/\/mythslegendes.com\/es\/wp-json\/wp\/v2\/users\/1"}],"replies":[{"embeddable":true,"href":"https:\/\/mythslegendes.com\/es\/wp-json\/wp\/v2\/comments?post=407"}],"version-history":[{"count":1,"href":"https:\/\/mythslegendes.com\/es\/wp-json\/wp\/v2\/pages\/407\/revisions"}],"predecessor-version":[{"id":24510,"href":"https:\/\/mythslegendes.com\/es\/wp-json\/wp\/v2\/pages\/407\/revisions\/24510"}],"up":[{"embeddable":true,"href":"https:\/\/mythslegendes.com\/es\/wp-json\/wp\/v2\/pages\/367"}],"wp:featuredmedia":[{"embeddable":true,"href":"https:\/\/mythslegendes.com\/es\/wp-json\/wp\/v2\/media\/21"}],"wp:attachment":[{"href":"https:\/\/mythslegendes.com\/es\/wp-json\/wp\/v2\/media?parent=407"}],"curies":[{"name":"wp","href":"https:\/\/api.w.org\/{rel}","templated":true}]}}