{"id":4085,"date":"2020-07-30T21:12:20","date_gmt":"2020-07-30T20:12:20","guid":{"rendered":"https:\/\/mythslegendes.com\/?page_id=4085"},"modified":"2023-03-04T23:37:22","modified_gmt":"2023-03-04T23:37:22","slug":"mythologie-penutienne-des-cotes","status":"publish","type":"page","link":"https:\/\/mythslegendes.com\/es\/mitologia-penutiana-de-las-probabilidades\/","title":{"rendered":"Mitolog\u00eda penutiana de las costillas"},"content":{"rendered":"<div data-elementor-type=\"wp-page\" data-elementor-id=\"4085\" class=\"elementor elementor-4085\">\n\t\t\t\t\t\t<section class=\"elementor-section elementor-top-section elementor-element elementor-element-9b362a3 elementor-section-boxed elementor-section-height-default elementor-section-height-default\" data-id=\"9b362a3\" data-element_type=\"section\" data-e-type=\"section\">\n\t\t\t\t\t\t<div class=\"elementor-container elementor-column-gap-default\">\n\t\t\t\t\t<div class=\"elementor-column elementor-col-33 elementor-top-column elementor-element elementor-element-cd92553\" data-id=\"cd92553\" data-element_type=\"column\" data-e-type=\"column\">\n\t\t\t<div class=\"elementor-widget-wrap elementor-element-populated\">\n\t\t\t\t\t\t<div class=\"elementor-element elementor-element-d84e941 elementor-align-justify elementor-widget elementor-widget-button\" data-id=\"d84e941\" data-element_type=\"widget\" data-e-type=\"widget\" data-widget_type=\"button.default\">\n\t\t\t\t<div class=\"elementor-widget-container\">\n\t\t\t\t\t\t\t\t\t<div class=\"elementor-button-wrapper\">\n\t\t\t\t\t<a class=\"elementor-button elementor-button-link elementor-size-sm\" href=\"https:\/\/mythslegendes.com\/es\/mythes-et-legendes-penutiens-2080\/\">\n\t\t\t\t\t\t<span class=\"elementor-button-content-wrapper\">\n\t\t\t\t\t\t\t\t\t<span class=\"elementor-button-text\">Volver al Grupo Cultural<\/span>\n\t\t\t\t\t<\/span>\n\t\t\t\t\t<\/a>\n\t\t\t\t<\/div>\n\t\t\t\t\t\t\t\t<\/div>\n\t\t\t\t<\/div>\n\t\t\t\t\t<\/div>\n\t\t<\/div>\n\t\t\t\t<div class=\"elementor-column elementor-col-33 elementor-top-column elementor-element elementor-element-0e77f0b\" data-id=\"0e77f0b\" data-element_type=\"column\" data-e-type=\"column\">\n\t\t\t<div class=\"elementor-widget-wrap elementor-element-populated\">\n\t\t\t\t\t\t<div class=\"elementor-element elementor-element-4fc3800 elementor-align-justify elementor-widget elementor-widget-button\" data-id=\"4fc3800\" data-element_type=\"widget\" data-e-type=\"widget\" data-widget_type=\"button.default\">\n\t\t\t\t<div class=\"elementor-widget-container\">\n\t\t\t\t\t\t\t\t\t<div class=\"elementor-button-wrapper\">\n\t\t\t\t\t<a class=\"elementor-button elementor-button-link elementor-size-sm\" href=\"https:\/\/mythslegendes.com\/es\/bibliotecas-de-libros\/\">\n\t\t\t\t\t\t<span class=\"elementor-button-content-wrapper\">\n\t\t\t\t\t\t\t\t\t<span class=\"elementor-button-text\">Tienda dedicada<\/span>\n\t\t\t\t\t<\/span>\n\t\t\t\t\t<\/a>\n\t\t\t\t<\/div>\n\t\t\t\t\t\t\t\t<\/div>\n\t\t\t\t<\/div>\n\t\t\t\t\t<\/div>\n\t\t<\/div>\n\t\t\t\t<div class=\"elementor-column elementor-col-33 elementor-top-column elementor-element elementor-element-a0842cf\" data-id=\"a0842cf\" data-element_type=\"column\" data-e-type=\"column\">\n\t\t\t<div class=\"elementor-widget-wrap elementor-element-populated\">\n\t\t\t\t\t\t<div class=\"elementor-element elementor-element-ff882d5 elementor-align-justify elementor-widget elementor-widget-button\" data-id=\"ff882d5\" data-element_type=\"widget\" data-e-type=\"widget\" data-widget_type=\"button.default\">\n\t\t\t\t<div class=\"elementor-widget-container\">\n\t\t\t\t\t\t\t\t\t<div class=\"elementor-button-wrapper\">\n\t\t\t\t\t<a class=\"elementor-button elementor-button-link elementor-size-sm\" href=\"https:\/\/fr.wikipedia.org\/wiki\/Langues_siuslawanes\" target=\"_blank\" rel=\"noopener\">\n\t\t\t\t\t\t<span class=\"elementor-button-content-wrapper\">\n\t\t\t\t\t\t\t\t\t<span class=\"elementor-button-text\">Wiki<\/span>\n\t\t\t\t\t<\/span>\n\t\t\t\t\t<\/a>\n\t\t\t\t<\/div>\n\t\t\t\t\t\t\t\t<\/div>\n\t\t\t\t<\/div>\n\t\t\t\t\t<\/div>\n\t\t<\/div>\n\t\t\t\t\t<\/div>\n\t\t<\/section>\n\t\t\t\t<section class=\"elementor-section elementor-top-section elementor-element elementor-element-76606ddb elementor-section-boxed elementor-section-height-default elementor-section-height-default\" data-id=\"76606ddb\" data-element_type=\"section\" data-e-type=\"section\">\n\t\t\t\t\t\t<div class=\"elementor-container elementor-column-gap-default\">\n\t\t\t\t\t<div class=\"elementor-column elementor-col-100 elementor-top-column elementor-element elementor-element-473167f2\" data-id=\"473167f2\" data-element_type=\"column\" data-e-type=\"column\">\n\t\t\t<div class=\"elementor-widget-wrap elementor-element-populated\">\n\t\t\t\t\t\t<div class=\"elementor-element elementor-element-4b2bf3c7 elementor-widget elementor-widget-text-editor\" data-id=\"4b2bf3c7\" data-element_type=\"widget\" data-e-type=\"widget\" data-widget_type=\"text-editor.default\">\n\t\t\t\t<div class=\"elementor-widget-container\">\n\t\t\t\t\t\t\t\t\t<p><\/p>\n<div id=\"ez-toc-container\" class=\"ez-toc-v2_0_82_2 counter-hierarchy ez-toc-counter ez-toc-grey ez-toc-container-direction\">\n<div class=\"ez-toc-title-container\">\n<p class=\"ez-toc-title\" style=\"cursor:inherit\">Contenido<\/p>\n<span class=\"ez-toc-title-toggle\"><a href=\"#\" class=\"ez-toc-pull-right ez-toc-btn ez-toc-btn-xs ez-toc-btn-default ez-toc-toggle\" aria-label=\"Alternar tabla de contenidos\"><span class=\"ez-toc-js-icon-con\"><span class=\"\"><span class=\"eztoc-hide\" style=\"display:none;\">Palanca<\/span><span class=\"ez-toc-icon-toggle-span\"><svg style=\"fill: #999;color:#999\" xmlns=\"http:\/\/www.w3.org\/2000\/svg\" class=\"list-377408\" width=\"20px\" height=\"20px\" viewbox=\"0 0 24 24\" fill=\"none\"><path d=\"M6 6H4v2h2V6zm14 0H8v2h12V6zM4 11h2v2H4v-2zm16 0H8v2h12v-2zM4 16h2v2H4v-2zm16 0H8v2h12v-2z\" fill=\"currentColor\"><\/path><\/svg><svg style=\"fill: #999;color:#999\" class=\"arrow-unsorted-368013\" xmlns=\"http:\/\/www.w3.org\/2000\/svg\" width=\"10px\" height=\"10px\" viewbox=\"0 0 24 24\" version=\"1.2\" baseprofile=\"tiny\"><path d=\"M18.2 9.3l-6.2-6.3-6.2 6.3c-.2.2-.3.4-.3.7s.1.5.3.7c.2.2.4.3.7.3h11c.3 0 .5-.1.7-.3.2-.2.3-.5.3-.7s-.1-.5-.3-.7zM5.8 14.7l6.2 6.3 6.2-6.3c.2-.2.3-.5.3-.7s-.1-.5-.3-.7c-.2-.2-.4-.3-.7-.3h-11c-.3 0-.5.1-.7.3-.2.2-.3.5-.3.7s.1.5.3.7z\"\/><\/svg><\/span><\/span><\/span><\/a><\/span><\/div>\n<nav><ul class='ez-toc-list ez-toc-list-level-1' ><li class='ez-toc-page-1 ez-toc-heading-level-2'><a class=\"ez-toc-link ez-toc-heading-1\" href=\"https:\/\/mythslegendes.com\/es\/mitologia-penutiana-de-las-probabilidades\/#Mythologie-Penutienne-des-cotes\" >Mitolog\u00eda penutiana de las costillas<\/a><\/li><li class='ez-toc-page-1 ez-toc-heading-level-2'><a class=\"ez-toc-link ez-toc-heading-2\" href=\"https:\/\/mythslegendes.com\/es\/mitologia-penutiana-de-las-probabilidades\/#Mythologie-Penutienne-des-cotes-textes\" >Mitolog\u00eda penutiana de las costillas (textos)<\/a><\/li><li class='ez-toc-page-1 ez-toc-heading-level-2'><a class=\"ez-toc-link ez-toc-heading-3\" href=\"https:\/\/mythslegendes.com\/es\/mitologia-penutiana-de-las-probabilidades\/#Livres-sur-la-mythologie-Penutien\" >Libros sobre mitolog\u00eda penuciana<\/a><\/li><\/ul><\/nav><\/div>\n<h2 class=\"entry-title\"><span class=\"ez-toc-section\" id=\"Mythologie-Penutienne-des-cotes\"><\/span>Mitolog\u00eda penutiana de las costillas<span class=\"ez-toc-section-end\"><\/span><\/h2>\n<p>los <a href=\"https:\/\/mythslegendes.com\/es\/\">mitolog\u00eda<\/a> <a href=\"https:\/\/mythslegendes.com\/es\/mythes-et-legendes-penutiens-2080\/\">penuciano<\/a> de las costas incluye a los siguientes pueblos nativos americanos: <strong>Coo, Umpqua, Siuslaw, Alsea.<\/strong><\/p>\n<p>los <strong>Idiomas coos<\/strong> (D\u00f3nde <strong>coosan<\/strong> D\u00f3nde <strong>kusan<\/strong>) es una familia de lenguas nativas americanas que se hablaban a lo largo de la costa sur del Pac\u00edfico de Oreg\u00f3n. Ahora est\u00e1n extintos.<\/p>\n<p><\/p>\n<p>Las lenguas Coos han sido incluidas en la hip\u00f3tesis Penutiana dentro de un subgrupo de las lenguas <a href=\"https:\/\/mythslegendes.com\/es\/mythes-et-legendes-penutiens-2080\/\">penucianos<\/a> de la costa de Oreg\u00f3n, con las lenguas alseas y Siuslaw.<\/p>\n<p><\/p>\n<p>los <strong>Coos<\/strong> son un pueblo nativo americano de Oregon, Estados Unidos y una de las tres tribus de la Confederaci\u00f3n de las Tribus Coos, Lower Umpqua y Siuslaw. Viven en la costa suroeste del Pac\u00edfico del estado. El idioma Coos est\u00e1 extinto o casi extinto.<\/p>\n<p><\/p>\n<p>Edward Sapir incluy\u00f3 los idiomas alseanos en su hip\u00f3tesis del idioma penutiano, dentro del subgrupo de idiomas penutianos de la costa de Oreg\u00f3n. La idea de que alsea se relaciona con las lenguas siuslawanas y las lenguas coos es antigua y ya fue defendida por Frachtenberg (1913) y Jacobs (1939).<\/p>\n<p><img decoding=\"async\" class=\"alignnone wp-image-5284 size-full\" src=\"https:\/\/mythslegendes.com\/wp-content\/uploads\/2020\/09\/AlphaOmega-e1602613368367.png\" alt=\" Mitolog\u00eda penutiana de las costas\" width=\"25\" height=\"26\" title=\"\"><\/p>\n<p><\/p>\t\t\t\t\t\t\t\t<\/div>\n\t\t\t\t<\/div>\n\t\t\t\t\t<\/div>\n\t\t<\/div>\n\t\t\t\t\t<\/div>\n\t\t<\/section>\n\t\t\t\t<section class=\"elementor-section elementor-top-section elementor-element elementor-element-0a211dc elementor-section-boxed elementor-section-height-default elementor-section-height-default\" data-id=\"0a211dc\" data-element_type=\"section\" data-e-type=\"section\">\n\t\t\t\t\t\t<div class=\"elementor-container elementor-column-gap-default\">\n\t\t\t\t\t<div class=\"elementor-column elementor-col-100 elementor-top-column elementor-element elementor-element-3db93aa\" data-id=\"3db93aa\" data-element_type=\"column\" data-e-type=\"column\">\n\t\t\t<div class=\"elementor-widget-wrap elementor-element-populated\">\n\t\t\t\t\t\t<div class=\"elementor-element elementor-element-532cea2 elementor-widget elementor-widget-heading\" data-id=\"532cea2\" data-element_type=\"widget\" data-e-type=\"widget\" data-widget_type=\"heading.default\">\n\t\t\t\t<div class=\"elementor-widget-container\">\n\t\t\t\t\t<h2 class=\"elementor-heading-title elementor-size-default\"><span class=\"ez-toc-section\" id=\"Mythologie-Penutienne-des-cotes-textes\"><\/span>Mitolog\u00eda penutiana de las costillas (textos)<span class=\"ez-toc-section-end\"><\/span><\/h2>\t\t\t\t<\/div>\n\t\t\t\t<\/div>\n\t\t\t\t\t<\/div>\n\t\t<\/div>\n\t\t\t\t\t<\/div>\n\t\t<\/section>\n\t\t\t\t<section class=\"elementor-section elementor-top-section elementor-element elementor-element-6493400 elementor-section-boxed elementor-section-height-default elementor-section-height-default\" data-id=\"6493400\" data-element_type=\"section\" data-e-type=\"section\">\n\t\t\t\t\t\t<div class=\"elementor-container elementor-column-gap-default\">\n\t\t\t\t\t<div class=\"elementor-column elementor-col-100 elementor-top-column elementor-element elementor-element-362e865\" data-id=\"362e865\" data-element_type=\"column\" data-e-type=\"column\">\n\t\t\t<div class=\"elementor-widget-wrap elementor-element-populated\">\n\t\t\t\t\t\t<div class=\"elementor-element elementor-element-db39a53 elementor-widget elementor-widget-toggle\" data-id=\"db39a53\" data-element_type=\"widget\" data-e-type=\"widget\" data-widget_type=\"toggle.default\">\n\t\t\t\t<div class=\"elementor-widget-container\">\n\t\t\t\t\t\t\t<div class=\"elementor-toggle\">\n\t\t\t\t\t\t\t<div class=\"elementor-toggle-item\">\n\t\t\t\t\t<div id=\"elementor-tab-title-2291\" class=\"elementor-tab-title\" data-tab=\"1\" role=\"button\" aria-controls=\"elementor-tab-content-2291\" aria-expanded=\"false\">\n\t\t\t\t\t\t\t\t\t\t\t\t<span class=\"elementor-toggle-icon elementor-toggle-icon-left\" aria-hidden=\"true\">\n\t\t\t\t\t\t\t\t\t\t\t\t\t\t\t<span class=\"elementor-toggle-icon-closed\"><i class=\"fas fa-caret-right\"><\/i><\/span>\n\t\t\t\t\t\t\t\t<span class=\"elementor-toggle-icon-opened\"><i class=\"elementor-toggle-icon-opened fas fa-caret-up\"><\/i><\/span>\n\t\t\t\t\t\t\t\t\t\t\t\t\t<\/span>\n\t\t\t\t\t\t\t\t\t\t\t\t<a class=\"elementor-toggle-title\" tabindex=\"0\">Coo libro libro: Coos Texts<\/a>\n\t\t\t\t\t<\/div>\n\n\t\t\t\t\t<div id=\"elementor-tab-content-2291\" class=\"elementor-tab-content elementor-clearfix\" data-tab=\"1\" role=\"region\" aria-labelledby=\"elementor-tab-title-2291\"><p><a href=\"https:\/\/www.sacred-texts.com\/nam\/nw\/coos\/index.htm\" target=\"_blank\" rel=\"noopener\">Coos Texts de Leo J. Frachtenberg<\/a><\/p><\/div>\n\t\t\t\t<\/div>\n\t\t\t\t\t\t\t<div class=\"elementor-toggle-item\">\n\t\t\t\t\t<div id=\"elementor-tab-title-2292\" class=\"elementor-tab-title\" data-tab=\"2\" role=\"button\" aria-controls=\"elementor-tab-content-2292\" aria-expanded=\"false\">\n\t\t\t\t\t\t\t\t\t\t\t\t<span class=\"elementor-toggle-icon elementor-toggle-icon-left\" aria-hidden=\"true\">\n\t\t\t\t\t\t\t\t\t\t\t\t\t\t\t<span class=\"elementor-toggle-icon-closed\"><i class=\"fas fa-caret-right\"><\/i><\/span>\n\t\t\t\t\t\t\t\t<span class=\"elementor-toggle-icon-opened\"><i class=\"elementor-toggle-icon-opened fas fa-caret-up\"><\/i><\/span>\n\t\t\t\t\t\t\t\t\t\t\t\t\t<\/span>\n\t\t\t\t\t\t\t\t\t\t\t\t<a class=\"elementor-toggle-title\" tabindex=\"0\">Mitos y leyendas de Siuslaw<\/a>\n\t\t\t\t\t<\/div>\n\n\t\t\t\t\t<div id=\"elementor-tab-content-2292\" class=\"elementor-tab-content elementor-clearfix\" data-tab=\"2\" role=\"region\" aria-labelledby=\"elementor-tab-title-2292\"><ul>\n<li><strong><a href=\"http:\/\/www.native-languages.org\/siuslawstory.htm\" target=\"_blank\" rel=\"noopener\">Pel\u00edcano y Gaviota<\/a><\/strong><\/li>\n<\/ul><\/div>\n\t\t\t\t<\/div>\n\t\t\t\t\t\t\t<div class=\"elementor-toggle-item\">\n\t\t\t\t\t<div id=\"elementor-tab-title-2293\" class=\"elementor-tab-title\" data-tab=\"3\" role=\"button\" aria-controls=\"elementor-tab-content-2293\" aria-expanded=\"false\">\n\t\t\t\t\t\t\t\t\t\t\t\t<span class=\"elementor-toggle-icon elementor-toggle-icon-left\" aria-hidden=\"true\">\n\t\t\t\t\t\t\t\t\t\t\t\t\t\t\t<span class=\"elementor-toggle-icon-closed\"><i class=\"fas fa-caret-right\"><\/i><\/span>\n\t\t\t\t\t\t\t\t<span class=\"elementor-toggle-icon-opened\"><i class=\"elementor-toggle-icon-opened fas fa-caret-up\"><\/i><\/span>\n\t\t\t\t\t\t\t\t\t\t\t\t\t<\/span>\n\t\t\t\t\t\t\t\t\t\t\t\t<a class=\"elementor-toggle-title\" tabindex=\"0\">Libro de Alsea: textos y mitos de Alsea<\/a>\n\t\t\t\t\t<\/div>\n\n\t\t\t\t\t<div id=\"elementor-tab-content-2293\" class=\"elementor-tab-content elementor-clearfix\" data-tab=\"3\" role=\"region\" aria-labelledby=\"elementor-tab-title-2293\"><iframe frameborder=\"0\" scrolling=\"no\" style=\"border:0px\" src=\"https:\/\/books.google.fr\/books?id=NDcoAm-HKGcC&#038;hl=fr&#038;pg=PP1&#038;output=embed\" width=\"500\" height=\"500\"><\/iframe><\/div>\n\t\t\t\t<\/div>\n\t\t\t\t\t\t\t<div class=\"elementor-toggle-item\">\n\t\t\t\t\t<div id=\"elementor-tab-title-2294\" class=\"elementor-tab-title\" data-tab=\"4\" role=\"button\" aria-controls=\"elementor-tab-content-2294\" aria-expanded=\"false\">\n\t\t\t\t\t\t\t\t\t\t\t\t<span class=\"elementor-toggle-icon elementor-toggle-icon-left\" aria-hidden=\"true\">\n\t\t\t\t\t\t\t\t\t\t\t\t\t\t\t<span class=\"elementor-toggle-icon-closed\"><i class=\"fas fa-caret-right\"><\/i><\/span>\n\t\t\t\t\t\t\t\t<span class=\"elementor-toggle-icon-opened\"><i class=\"elementor-toggle-icon-opened fas fa-caret-up\"><\/i><\/span>\n\t\t\t\t\t\t\t\t\t\t\t\t\t<\/span>\n\t\t\t\t\t\t\t\t\t\t\t\t<a class=\"elementor-toggle-title\" tabindex=\"0\">Mitos y leyendas Alsea<\/a>\n\t\t\t\t\t<\/div>\n\n\t\t\t\t\t<div id=\"elementor-tab-content-2294\" class=\"elementor-tab-content elementor-clearfix\" data-tab=\"4\" role=\"region\" aria-labelledby=\"elementor-tab-title-2294\"><ul>\n<li><strong><a href=\"http:\/\/nativemyths.blogspot.com\/2008\/01\/universal-change-alsea.html\" target=\"_blank\" rel=\"noopener\">El cambio universal<\/a><\/strong><\/li>\n<li><strong><a href=\"http:\/\/nativemyths.blogspot.com\/2008\/01\/death-of-grizzly-alsea.html\" target=\"_blank\" rel=\"noopener\">La muerte de Grizzly<\/a><\/strong><\/li>\n<li><strong><a href=\"https:\/\/www.firstpeople.us\/FP-Html-Legends\/Coyote-And-The-Two-Frog-Women-Alsea.html\" target=\"_blank\" rel=\"noopener\">Coyote y las dos mujeres rana<\/a><\/strong><\/li>\n<\/ul><\/div>\n\t\t\t\t<\/div>\n\t\t\t\t\t\t\t<div class=\"elementor-toggle-item\">\n\t\t\t\t\t<div id=\"elementor-tab-title-2295\" class=\"elementor-tab-title\" data-tab=\"5\" role=\"button\" aria-controls=\"elementor-tab-content-2295\" aria-expanded=\"false\">\n\t\t\t\t\t\t\t\t\t\t\t\t<span class=\"elementor-toggle-icon elementor-toggle-icon-left\" aria-hidden=\"true\">\n\t\t\t\t\t\t\t\t\t\t\t\t\t\t\t<span class=\"elementor-toggle-icon-closed\"><i class=\"fas fa-caret-right\"><\/i><\/span>\n\t\t\t\t\t\t\t\t<span class=\"elementor-toggle-icon-opened\"><i class=\"elementor-toggle-icon-opened fas fa-caret-up\"><\/i><\/span>\n\t\t\t\t\t\t\t\t\t\t\t\t\t<\/span>\n\t\t\t\t\t\t\t\t\t\t\t\t<a class=\"elementor-toggle-title\" tabindex=\"0\">Libro gratuito de Umpqua: textos y notas inferiores de Umpqua sobre los dialectos de Kusan<\/a>\n\t\t\t\t\t<\/div>\n\n\t\t\t\t\t<div id=\"elementor-tab-content-2295\" class=\"elementor-tab-content elementor-clearfix\" data-tab=\"5\" role=\"region\" aria-labelledby=\"elementor-tab-title-2295\"><p class=\"item-title\"><a href=\"https:\/\/archive.org\/details\/lowerumpquatexts00frac\" target=\"_blank\" rel=\"noopener\"><span class=\"breaker-breaker\">Textos inferiores de Umpqua y notas sobre los dialectos de Kusan<\/span><\/a><\/p><\/div>\n\t\t\t\t<\/div>\n\t\t\t\t\t\t\t\t<\/div>\n\t\t\t\t\t\t<\/div>\n\t\t\t\t<\/div>\n\t\t\t\t\t<\/div>\n\t\t<\/div>\n\t\t\t\t\t<\/div>\n\t\t<\/section>\n\t\t\t\t<section class=\"elementor-section elementor-top-section elementor-element elementor-element-383a7a5 elementor-section-boxed elementor-section-height-default elementor-section-height-default\" data-id=\"383a7a5\" data-element_type=\"section\" data-e-type=\"section\">\n\t\t\t\t\t\t<div class=\"elementor-container elementor-column-gap-default\">\n\t\t\t\t\t<div class=\"elementor-column elementor-col-100 elementor-top-column elementor-element elementor-element-8472d2c\" data-id=\"8472d2c\" data-element_type=\"column\" data-e-type=\"column\">\n\t\t\t<div class=\"elementor-widget-wrap elementor-element-populated\">\n\t\t\t\t\t\t<div class=\"elementor-element elementor-element-8218dbc elementor-widget elementor-widget-heading\" data-id=\"8218dbc\" data-element_type=\"widget\" data-e-type=\"widget\" data-widget_type=\"heading.default\">\n\t\t\t\t<div class=\"elementor-widget-container\">\n\t\t\t\t\t<h2 class=\"elementor-heading-title elementor-size-default\"><span class=\"ez-toc-section\" id=\"Livres-sur-la-mythologie-Penutien\"><\/span>Libros sobre mitolog\u00eda penuciana<span class=\"ez-toc-section-end\"><\/span><\/h2>\t\t\t\t<\/div>\n\t\t\t\t<\/div>\n\t\t\t\t\t<\/div>\n\t\t<\/div>\n\t\t\t\t\t<\/div>\n\t\t<\/section>\n\t\t\t\t<section class=\"elementor-section elementor-top-section elementor-element elementor-element-fa8911e elementor-section-boxed elementor-section-height-default elementor-section-height-default\" data-id=\"fa8911e\" data-element_type=\"section\" data-e-type=\"section\">\n\t\t\t\t\t\t<div class=\"elementor-container elementor-column-gap-default\">\n\t\t\t\t\t<div class=\"elementor-column elementor-col-100 elementor-top-column elementor-element elementor-element-b186558\" data-id=\"b186558\" data-element_type=\"column\" data-e-type=\"column\">\n\t\t\t<div class=\"elementor-widget-wrap elementor-element-populated\">\n\t\t\t\t\t\t<div class=\"elementor-element elementor-element-b9f0b6d elementor-widget elementor-widget-text-editor\" data-id=\"b9f0b6d\" data-element_type=\"widget\" data-e-type=\"widget\" data-widget_type=\"text-editor.default\">\n\t\t\t\t<div class=\"elementor-widget-container\">\n\t\t\t\t\t\t\t\t\t<p>C\u00f3mics \/ Ilustrados:<\/p>\n<p>En franc\u00e9s :<\/p>\n<p>Solo en ingles:<\/p>\n<ul>\n<li><a href=\"https:\/\/www.amazon.fr\/dp\/0882403346?&amp;linkCode=sl1&amp;tag=mythscience-21&amp;linkId=35cb8e5541499ebcae44006e1d12983d&amp;language=fr_FR&amp;ref_=as_li_ss_tl\" target=\"_blank\" rel=\"noopener\">H\u00e9roes y hero\u00ednas en la leyenda tlingit haida<\/a><\/li>\n<li><a href=\"https:\/\/www.amazon.fr\/dp\/0295964952?&amp;linkCode=ll1&amp;tag=mythscience-21&amp;linkId=d916a7f41b2a9e5bb0caff6daa47951d&amp;language=fr_FR&amp;ref_=as_li_ss_tl\" target=\"_blank\" rel=\"noopener\">Haa Shuka, Nuestros Ancestros: Narrativas Orales Tlingit<\/a><\/li>\n<li><a href=\"https:\/\/www.amazon.fr\/dp\/1597144142?&amp;linkCode=sl1&amp;tag=mythscience-21&amp;linkId=30ec32655e4ec8249bd0384634ff81aa&amp;language=fr_FR&amp;ref_=as_li_ss_tl\" target=\"_blank\" rel=\"noopener\">C\u00f3mo se hizo una monta\u00f1a: historias<\/a><\/li>\n<li><a href=\"https:\/\/www.amazon.fr\/dp\/1597140929?&amp;linkCode=ll1&amp;tag=mythscience-21&amp;linkId=56e850c6f0e4fcfc693ffdb4dd9a0cb7&amp;language=fr_FR&amp;ref_=as_li_ss_tl\" target=\"_blank\" rel=\"noopener\">Dos oseznos: una leyenda miwok del valle de Yosemite en California<\/a><\/li>\n<li><a href=\"https:\/\/www.amazon.fr\/Ohlone-Way-Malcolm-Margolin\/dp\/0930588010?&amp;linkCode=sl1&amp;tag=mythscience-21&amp;linkId=2b84a9e0978a6486bb1cb32e58dc3a07&amp;language=fr_FR&amp;ref_=as_li_ss_tl\" target=\"_blank\" rel=\"noopener\">The Ohlone Way: vida india en el \u00e1rea de la bah\u00eda de San Francisco-Monterey<\/a><\/li>\n<li><a href=\"https:\/\/www.amazon.fr\/Hear-Chiefs-Perce-History-Legend\/dp\/0870043102?&amp;linkCode=ll1&amp;tag=mythscience-21&amp;linkId=a56bf4256fd740deb7b09313bba7b446&amp;language=fr_FR&amp;ref_=as_li_ss_tl\" target=\"_blank\" rel=\"noopener\">\u00a1O\u00eddme, mis jefes! Nez Perce Historia y Leyenda<\/a><\/li>\n<\/ul>\t\t\t\t\t\t\t\t<\/div>\n\t\t\t\t<\/div>\n\t\t\t\t\t<\/div>\n\t\t<\/div>\n\t\t\t\t\t<\/div>\n\t\t<\/section>\n\t\t\t\t<\/div>","protected":false},"excerpt":{"rendered":"<p>Volver al Grupo Cultural Tienda Dedicada Wiki Mitolog\u00eda Penuciana de las Costas La Mitolog\u00eda Penuciana de las costas re\u00fane a los pueblos amerindios\u2026 <\/p>","protected":false},"author":1,"featured_media":0,"parent":0,"menu_order":1,"comment_status":"closed","ping_status":"closed","template":"","meta":{"footnotes":""},"class_list":["post-4085","page","type-page","status-publish","hentry"],"amp_enabled":true,"_links":{"self":[{"href":"https:\/\/mythslegendes.com\/es\/wp-json\/wp\/v2\/pages\/4085","targetHints":{"allow":["GET"]}}],"collection":[{"href":"https:\/\/mythslegendes.com\/es\/wp-json\/wp\/v2\/pages"}],"about":[{"href":"https:\/\/mythslegendes.com\/es\/wp-json\/wp\/v2\/types\/page"}],"author":[{"embeddable":true,"href":"https:\/\/mythslegendes.com\/es\/wp-json\/wp\/v2\/users\/1"}],"replies":[{"embeddable":true,"href":"https:\/\/mythslegendes.com\/es\/wp-json\/wp\/v2\/comments?post=4085"}],"version-history":[{"count":7,"href":"https:\/\/mythslegendes.com\/es\/wp-json\/wp\/v2\/pages\/4085\/revisions"}],"predecessor-version":[{"id":27202,"href":"https:\/\/mythslegendes.com\/es\/wp-json\/wp\/v2\/pages\/4085\/revisions\/27202"}],"wp:attachment":[{"href":"https:\/\/mythslegendes.com\/es\/wp-json\/wp\/v2\/media?parent=4085"}],"curies":[{"name":"wp","href":"https:\/\/api.w.org\/{rel}","templated":true}]}}