{"id":4100,"date":"2020-08-18T10:38:00","date_gmt":"2020-08-18T09:38:00","guid":{"rendered":"https:\/\/mythslegendes.com\/?page_id=4100"},"modified":"2022-12-03T22:07:19","modified_gmt":"2022-12-03T22:07:19","slug":"les-peuples-akan","status":"publish","type":"page","link":"https:\/\/mythslegendes.com\/es\/mitologia-akan\/los-akan-pueblos\/","title":{"rendered":"Pueblos Akan"},"content":{"rendered":"<div data-elementor-type=\"wp-page\" data-elementor-id=\"4100\" class=\"elementor elementor-4100\">\n\t\t\t\t\t\t<section class=\"elementor-section elementor-top-section elementor-element elementor-element-722ece7 elementor-section-boxed elementor-section-height-default elementor-section-height-default\" data-id=\"722ece7\" data-element_type=\"section\" data-e-type=\"section\">\n\t\t\t\t\t\t<div class=\"elementor-container elementor-column-gap-default\">\n\t\t\t\t\t<div class=\"elementor-column elementor-col-50 elementor-top-column elementor-element elementor-element-4699577\" data-id=\"4699577\" data-element_type=\"column\" data-e-type=\"column\">\n\t\t\t<div class=\"elementor-widget-wrap elementor-element-populated\">\n\t\t\t\t\t\t<div class=\"elementor-element elementor-element-f049039 elementor-align-justify elementor-widget elementor-widget-button\" data-id=\"f049039\" data-element_type=\"widget\" data-e-type=\"widget\" data-widget_type=\"button.default\">\n\t\t\t\t<div class=\"elementor-widget-container\">\n\t\t\t\t\t\t\t\t\t<div class=\"elementor-button-wrapper\">\n\t\t\t\t\t<a class=\"elementor-button elementor-button-link elementor-size-sm\" href=\"https:\/\/mythslegendes.com\/es\/mitologia-akan\/\">\n\t\t\t\t\t\t<span class=\"elementor-button-content-wrapper\">\n\t\t\t\t\t\t\t\t\t<span class=\"elementor-button-text\">Mitolog\u00eda Akan<\/span>\n\t\t\t\t\t<\/span>\n\t\t\t\t\t<\/a>\n\t\t\t\t<\/div>\n\t\t\t\t\t\t\t\t<\/div>\n\t\t\t\t<\/div>\n\t\t\t\t\t<\/div>\n\t\t<\/div>\n\t\t\t\t<div class=\"elementor-column elementor-col-50 elementor-top-column elementor-element elementor-element-fbad2b9\" data-id=\"fbad2b9\" data-element_type=\"column\" data-e-type=\"column\">\n\t\t\t<div class=\"elementor-widget-wrap elementor-element-populated\">\n\t\t\t\t\t\t<div class=\"elementor-element elementor-element-f3550bf elementor-align-justify elementor-widget elementor-widget-button\" data-id=\"f3550bf\" data-element_type=\"widget\" data-e-type=\"widget\" data-widget_type=\"button.default\">\n\t\t\t\t<div class=\"elementor-widget-container\">\n\t\t\t\t\t\t\t\t\t<div class=\"elementor-button-wrapper\">\n\t\t\t\t\t<a class=\"elementor-button elementor-button-link elementor-size-sm\" href=\"https:\/\/fr.wikipedia.org\/wiki\/Akan_(peuple)\" target=\"_blank\" rel=\"noopener\">\n\t\t\t\t\t\t<span class=\"elementor-button-content-wrapper\">\n\t\t\t\t\t\t\t\t\t<span class=\"elementor-button-text\">Wiki<\/span>\n\t\t\t\t\t<\/span>\n\t\t\t\t\t<\/a>\n\t\t\t\t<\/div>\n\t\t\t\t\t\t\t\t<\/div>\n\t\t\t\t<\/div>\n\t\t\t\t\t<\/div>\n\t\t<\/div>\n\t\t\t\t\t<\/div>\n\t\t<\/section>\n\t\t\t\t<section class=\"elementor-section elementor-top-section elementor-element elementor-element-12fbd2b elementor-section-boxed elementor-section-height-default elementor-section-height-default\" data-id=\"12fbd2b\" data-element_type=\"section\" data-e-type=\"section\">\n\t\t\t\t\t\t<div class=\"elementor-container elementor-column-gap-default\">\n\t\t\t\t\t<div class=\"elementor-column elementor-col-100 elementor-top-column elementor-element elementor-element-b52ac01\" data-id=\"b52ac01\" data-element_type=\"column\" data-e-type=\"column\">\n\t\t\t<div class=\"elementor-widget-wrap elementor-element-populated\">\n\t\t\t\t\t\t<div class=\"elementor-element elementor-element-032ffae elementor-widget elementor-widget-text-editor\" data-id=\"032ffae\" data-element_type=\"widget\" data-e-type=\"widget\" data-widget_type=\"text-editor.default\">\n\t\t\t\t<div class=\"elementor-widget-container\">\n\t\t\t\t\t\t\t\t\t<p>El sur y el este de Costa de Marfil est\u00e1n ocupados por diferentes ramas de los pueblos <strong><a href=\"https:\/\/mythslegendes.com\/es\/mitologia-akan\/\">Ak\u00e1n<\/a><\/strong>\u00a0(Viajeros de Frontera, Lagoon y Baoul\u00e9-Agni). Tambi\u00e9n se encuentran en los pa\u00edses vecinos de Ghana, en Togo y en <a href=\"https:\/\/mythslegendes.com\/es\/mitologia-delta-benigna\/\">Benigno<\/a>.<\/p>\n<p><img decoding=\"async\" class=\"alignnone wp-image-5284 size-full\" src=\"https:\/\/mythslegendes.com\/wp-content\/uploads\/2020\/09\/AlphaOmega-e1602613368367.png\" alt=\"los pueblos akan\" width=\"25\" height=\"26\" title=\"\"><\/p>\t\t\t\t\t\t\t\t<\/div>\n\t\t\t\t<\/div>\n\t\t\t\t\t<\/div>\n\t\t<\/div>\n\t\t\t\t\t<\/div>\n\t\t<\/section>\n\t\t\t\t<section class=\"elementor-section elementor-top-section elementor-element elementor-element-3800641 elementor-section-boxed elementor-section-height-default elementor-section-height-default\" data-id=\"3800641\" data-element_type=\"section\" data-e-type=\"section\">\n\t\t\t\t\t\t<div class=\"elementor-container elementor-column-gap-default\">\n\t\t\t\t\t<div class=\"elementor-column elementor-col-100 elementor-top-column elementor-element elementor-element-c9faac8\" data-id=\"c9faac8\" data-element_type=\"column\" data-e-type=\"column\">\n\t\t\t<div class=\"elementor-widget-wrap elementor-element-populated\">\n\t\t\t\t\t\t<div class=\"elementor-element elementor-element-89bf97e elementor-widget elementor-widget-heading\" data-id=\"89bf97e\" data-element_type=\"widget\" data-e-type=\"widget\" data-widget_type=\"heading.default\">\n\t\t\t\t<div class=\"elementor-widget-container\">\n\t\t\t\t\t<div id=\"ez-toc-container\" class=\"ez-toc-v2_0_82_2 counter-hierarchy ez-toc-counter ez-toc-grey ez-toc-container-direction\">\n<div class=\"ez-toc-title-container\">\n<p class=\"ez-toc-title\" style=\"cursor:inherit\">Contenido<\/p>\n<span class=\"ez-toc-title-toggle\"><a href=\"#\" class=\"ez-toc-pull-right ez-toc-btn ez-toc-btn-xs ez-toc-btn-default ez-toc-toggle\" aria-label=\"Alternar tabla de contenidos\"><span class=\"ez-toc-js-icon-con\"><span class=\"\"><span class=\"eztoc-hide\" style=\"display:none;\">Palanca<\/span><span class=\"ez-toc-icon-toggle-span\"><svg style=\"fill: #999;color:#999\" xmlns=\"http:\/\/www.w3.org\/2000\/svg\" class=\"list-377408\" width=\"20px\" height=\"20px\" viewbox=\"0 0 24 24\" fill=\"none\"><path d=\"M6 6H4v2h2V6zm14 0H8v2h12V6zM4 11h2v2H4v-2zm16 0H8v2h12v-2zM4 16h2v2H4v-2zm16 0H8v2h12v-2z\" fill=\"currentColor\"><\/path><\/svg><svg style=\"fill: #999;color:#999\" class=\"arrow-unsorted-368013\" xmlns=\"http:\/\/www.w3.org\/2000\/svg\" width=\"10px\" height=\"10px\" viewbox=\"0 0 24 24\" version=\"1.2\" baseprofile=\"tiny\"><path d=\"M18.2 9.3l-6.2-6.3-6.2 6.3c-.2.2-.3.4-.3.7s.1.5.3.7c.2.2.4.3.7.3h11c.3 0 .5-.1.7-.3.2-.2.3-.5.3-.7s-.1-.5-.3-.7zM5.8 14.7l6.2 6.3 6.2-6.3c.2-.2.3-.5.3-.7s-.1-.5-.3-.7c-.2-.2-.4-.3-.7-.3h-11c-.3 0-.5.1-.7.3-.2.2-.3.5-.3.7s.1.5.3.7z\"\/><\/svg><\/span><\/span><\/span><\/a><\/span><\/div>\n<nav><ul class='ez-toc-list ez-toc-list-level-1' ><li class='ez-toc-page-1 ez-toc-heading-level-2'><a class=\"ez-toc-link ez-toc-heading-1\" href=\"https:\/\/mythslegendes.com\/es\/mitologia-akan\/los-akan-pueblos\/#Les-peuples-Akan\" >Pueblos Akan<\/a><\/li><\/ul><\/nav><\/div>\n<h2 class=\"elementor-heading-title elementor-size-default\"><span class=\"ez-toc-section\" id=\"Les-peuples-Akan\"><\/span>Pueblos Akan<span class=\"ez-toc-section-end\"><\/span><\/h2>\t\t\t\t<\/div>\n\t\t\t\t<\/div>\n\t\t\t\t\t<\/div>\n\t\t<\/div>\n\t\t\t\t\t<\/div>\n\t\t<\/section>\n\t\t\t\t<section class=\"elementor-section elementor-top-section elementor-element elementor-element-6195a852 elementor-section-boxed elementor-section-height-default elementor-section-height-default\" data-id=\"6195a852\" data-element_type=\"section\" data-e-type=\"section\">\n\t\t\t\t\t\t<div class=\"elementor-container elementor-column-gap-default\">\n\t\t\t\t\t<div class=\"elementor-column elementor-col-100 elementor-top-column elementor-element elementor-element-222c98bc\" data-id=\"222c98bc\" data-element_type=\"column\" data-e-type=\"column\">\n\t\t\t<div class=\"elementor-widget-wrap elementor-element-populated\">\n\t\t\t\t\t\t<div class=\"elementor-element elementor-element-644a8ddf elementor-widget elementor-widget-text-editor\" data-id=\"644a8ddf\" data-element_type=\"widget\" data-e-type=\"widget\" data-widget_type=\"text-editor.default\">\n\t\t\t\t<div class=\"elementor-widget-container\">\n\t\t\t\t\t\t\t\t\t\n<p>En C\u00f4te d&#039;Ivoire hay tres grandes grupos akan: los\u00a0<strong>Frontera Akan<\/strong>, en el oriente del pa\u00eds. Estas poblaciones se encuentran a ambos lados de la frontera de Ghana y Costa de Marfil. Ellos son: los Abron (Ahenfi, Foumassa, Pinango, Akidom), los Agni (Bini, Bona, Indni, Morofw, Sanwi), los Juaben (Diab\u00e8), los Essouma y los Nzima (Ajomoro, Guira, Ahanta).<\/p>\n\n<p>N\u00facleos urbanos: Abengourou, Bondoukou, Aboisso, Bongouanou, Krindjabo, Mafr, Ayam, Assufri, Transua, Arrah, Nguim, Nouamou.<\/p>\n\n<p>los\u00a0<strong>Akan central<\/strong>. Es la gran familia Baoul\u00e9: (Ouarebo, Agba, Ngban, Faafou, Nzikpri, A\u00e4tou, Nanafou, Saafou, Akou\u00e8, Ndranoua, Satikran, Goli, Ayaou, Anno y Annoab\u00e8). Se encuentran en las grandes ciudades del centro alrededor de Bouak\u00e9: Dimbokro, Toumodi, Tibissou, M&#039;Bahiakro, Tiassal, Daoukro. . .<\/p>\n\n<p>los\u00a0<strong>Laguna Akan<\/strong>\u00a0est\u00e1n en la costa sur. El t\u00e9rmino lagunar que se da a estas etnias proviene del hecho de que est\u00e1n asentadas en torno al vasto complejo lagunar que forma el lago Ebri\u00e9. Se piensa en los pueblos t\u00edpicos de Aghien y el de Grand-Lahou. Ellos son: el Ab\u00e8 (Mori, Tchofou, Abv, Khos), el Abidji, el Abour (h, hiv, Ossouon), el Aky (Lepin, Bodin, Ketin), el Adioukrou, el Avikam, el Alladian, el bri ( Bidjan, Kw\u00e8, Songon, Niangon, Yopougon, Bya, Nonkwa, Bobo, Adiapo), los Ewotire.<\/p>\n\n<p>La organizaci\u00f3n pol\u00edtica de los Akans de la laguna se basa en gran medida en los grupos de edad que pudieron organizar mejor que los otros Akans (Adioukrou, Aky, Abour, bri). El calendario Akan de la laguna se basa en una semana de seis d\u00edas. Se encuentran naturalmente en Abiy\u00e1n, Agboville, Bingerville, Grand-Bassam, Dabou, Adiak, Grand-Lahou, Orbaff, Ousrou, Dibremou, Memni, Alp.<\/p>\n\t\t\t\t\t\t\t\t<\/div>\n\t\t\t\t<\/div>\n\t\t\t\t\t<\/div>\n\t\t<\/div>\n\t\t\t\t\t<\/div>\n\t\t<\/section>\n\t\t\t\t<\/div>","protected":false},"excerpt":{"rendered":"<p>Mythologie Akan Wiki Le Sud et l&rsquo;Est de la C\u00f4te-d&rsquo;Ivoire sont occup\u00e9s par diff\u00e9rentes branches des peuples Akan\u00a0(Frontaliers, Lagunaires et &hellip; <\/p>","protected":false},"author":1,"featured_media":0,"parent":4092,"menu_order":0,"comment_status":"closed","ping_status":"closed","template":"","meta":{"footnotes":""},"class_list":["post-4100","page","type-page","status-publish","hentry"],"amp_enabled":true,"_links":{"self":[{"href":"https:\/\/mythslegendes.com\/es\/wp-json\/wp\/v2\/pages\/4100","targetHints":{"allow":["GET"]}}],"collection":[{"href":"https:\/\/mythslegendes.com\/es\/wp-json\/wp\/v2\/pages"}],"about":[{"href":"https:\/\/mythslegendes.com\/es\/wp-json\/wp\/v2\/types\/page"}],"author":[{"embeddable":true,"href":"https:\/\/mythslegendes.com\/es\/wp-json\/wp\/v2\/users\/1"}],"replies":[{"embeddable":true,"href":"https:\/\/mythslegendes.com\/es\/wp-json\/wp\/v2\/comments?post=4100"}],"version-history":[{"count":1,"href":"https:\/\/mythslegendes.com\/es\/wp-json\/wp\/v2\/pages\/4100\/revisions"}],"predecessor-version":[{"id":24939,"href":"https:\/\/mythslegendes.com\/es\/wp-json\/wp\/v2\/pages\/4100\/revisions\/24939"}],"up":[{"embeddable":true,"href":"https:\/\/mythslegendes.com\/es\/wp-json\/wp\/v2\/pages\/4092"}],"wp:attachment":[{"href":"https:\/\/mythslegendes.com\/es\/wp-json\/wp\/v2\/media?parent=4100"}],"curies":[{"name":"wp","href":"https:\/\/api.w.org\/{rel}","templated":true}]}}