{"id":4103,"date":"2020-08-18T10:39:31","date_gmt":"2020-08-18T09:39:31","guid":{"rendered":"https:\/\/mythslegendes.com\/?page_id=4103"},"modified":"2022-12-03T22:07:19","modified_gmt":"2022-12-03T22:07:19","slug":"lorigine-des-akan","status":"publish","type":"page","link":"https:\/\/mythslegendes.com\/es\/mitologia-akan\/el-origen-de-akan\/","title":{"rendered":"El origen de los Akan"},"content":{"rendered":"<div data-elementor-type=\"wp-page\" data-elementor-id=\"4103\" class=\"elementor elementor-4103\">\n\t\t\t\t\t\t<section class=\"elementor-section elementor-top-section elementor-element elementor-element-cca8502 elementor-section-boxed elementor-section-height-default elementor-section-height-default\" data-id=\"cca8502\" data-element_type=\"section\" data-e-type=\"section\">\n\t\t\t\t\t\t<div class=\"elementor-container elementor-column-gap-default\">\n\t\t\t\t\t<div class=\"elementor-column elementor-col-50 elementor-top-column elementor-element elementor-element-3e328a7\" data-id=\"3e328a7\" data-element_type=\"column\" data-e-type=\"column\">\n\t\t\t<div class=\"elementor-widget-wrap elementor-element-populated\">\n\t\t\t\t\t\t<div class=\"elementor-element elementor-element-fb08658 elementor-align-justify elementor-widget elementor-widget-button\" data-id=\"fb08658\" data-element_type=\"widget\" data-e-type=\"widget\" data-widget_type=\"button.default\">\n\t\t\t\t<div class=\"elementor-widget-container\">\n\t\t\t\t\t\t\t\t\t<div class=\"elementor-button-wrapper\">\n\t\t\t\t\t<a class=\"elementor-button elementor-button-link elementor-size-sm\" href=\"https:\/\/mythslegendes.com\/es\/mitologia-akan\/\">\n\t\t\t\t\t\t<span class=\"elementor-button-content-wrapper\">\n\t\t\t\t\t\t\t\t\t<span class=\"elementor-button-text\">Mitolog\u00eda Akan<\/span>\n\t\t\t\t\t<\/span>\n\t\t\t\t\t<\/a>\n\t\t\t\t<\/div>\n\t\t\t\t\t\t\t\t<\/div>\n\t\t\t\t<\/div>\n\t\t\t\t\t<\/div>\n\t\t<\/div>\n\t\t\t\t<div class=\"elementor-column elementor-col-50 elementor-top-column elementor-element elementor-element-20125b4\" data-id=\"20125b4\" data-element_type=\"column\" data-e-type=\"column\">\n\t\t\t<div class=\"elementor-widget-wrap elementor-element-populated\">\n\t\t\t\t\t\t<div class=\"elementor-element elementor-element-87f1afa elementor-align-justify elementor-widget elementor-widget-button\" data-id=\"87f1afa\" data-element_type=\"widget\" data-e-type=\"widget\" data-widget_type=\"button.default\">\n\t\t\t\t<div class=\"elementor-widget-container\">\n\t\t\t\t\t\t\t\t\t<div class=\"elementor-button-wrapper\">\n\t\t\t\t\t<a class=\"elementor-button elementor-button-link elementor-size-sm\" href=\"https:\/\/fr.wikipedia.org\/wiki\/Akan_(peuple)\" target=\"_blank\" rel=\"noopener\">\n\t\t\t\t\t\t<span class=\"elementor-button-content-wrapper\">\n\t\t\t\t\t\t\t\t\t<span class=\"elementor-button-text\">Wiki<\/span>\n\t\t\t\t\t<\/span>\n\t\t\t\t\t<\/a>\n\t\t\t\t<\/div>\n\t\t\t\t\t\t\t\t<\/div>\n\t\t\t\t<\/div>\n\t\t\t\t\t<\/div>\n\t\t<\/div>\n\t\t\t\t\t<\/div>\n\t\t<\/section>\n\t\t\t\t<section class=\"elementor-section elementor-top-section elementor-element elementor-element-93a562e elementor-section-boxed elementor-section-height-default elementor-section-height-default\" data-id=\"93a562e\" data-element_type=\"section\" data-e-type=\"section\">\n\t\t\t\t\t\t<div class=\"elementor-container elementor-column-gap-default\">\n\t\t\t\t\t<div class=\"elementor-column elementor-col-100 elementor-top-column elementor-element elementor-element-847e077\" data-id=\"847e077\" data-element_type=\"column\" data-e-type=\"column\">\n\t\t\t<div class=\"elementor-widget-wrap elementor-element-populated\">\n\t\t\t\t\t\t<div class=\"elementor-element elementor-element-5fa75b7 elementor-widget elementor-widget-text-editor\" data-id=\"5fa75b7\" data-element_type=\"widget\" data-e-type=\"widget\" data-widget_type=\"text-editor.default\">\n\t\t\t\t<div class=\"elementor-widget-container\">\n\t\t\t\t\t\t\t\t\t<p>Seg\u00fan E. Meyerowitz, el origen de <a href=\"https:\/\/mythslegendes.com\/es\/mitologia-akan\/\">Ak\u00e1n<\/a> eran descendientes de <strong>Dia<\/strong>\u00a0D\u00f3nde\u00a0<strong>Za<\/strong>, desde\u00a0<strong>Bereberes<\/strong> de Libia y los Gara, que se asentaron en la regi\u00f3n de Tibesti. Hacia el siglo XI habr\u00edan emigrado hacia el sur, bajo la presi\u00f3n de los tuareg, ellos mismos repelidos por los \u00e1rabes durante la conquista del norte de \u00c1frica. Estos primeros antepasados se asentaron primero en el bucle del <a href=\"https:\/\/mythslegendes.com\/es\/mythes-et-legendes-niger-congo-1949\/\">N\u00edger<\/a>, donde hicieron ganado y se mezclaron con los negros nativos. Sin embargo, tras la islamizaci\u00f3n de los bereberes, el primer n\u00facleo del grupo akan tuvo que volver a exiliarse a\u00fan m\u00e1s al sur, entre los grusi.<\/p>\n<p>La historia de origen de los Akan es la siguiente:<\/p>\n<p><img decoding=\"async\" class=\"alignnone wp-image-5284 size-full\" src=\"https:\/\/mythslegendes.com\/wp-content\/uploads\/2020\/09\/AlphaOmega-e1602613368367.png\" alt=\"origen del akan\" width=\"25\" height=\"26\" title=\"\"><\/p>\t\t\t\t\t\t\t\t<\/div>\n\t\t\t\t<\/div>\n\t\t\t\t\t<\/div>\n\t\t<\/div>\n\t\t\t\t\t<\/div>\n\t\t<\/section>\n\t\t\t\t<section class=\"elementor-section elementor-top-section elementor-element elementor-element-dff7ab7 elementor-section-boxed elementor-section-height-default elementor-section-height-default\" data-id=\"dff7ab7\" data-element_type=\"section\" data-e-type=\"section\">\n\t\t\t\t\t\t<div class=\"elementor-container elementor-column-gap-default\">\n\t\t\t\t\t<div class=\"elementor-column elementor-col-100 elementor-top-column elementor-element elementor-element-82ade9d\" data-id=\"82ade9d\" data-element_type=\"column\" data-e-type=\"column\">\n\t\t\t<div class=\"elementor-widget-wrap elementor-element-populated\">\n\t\t\t\t\t\t<div class=\"elementor-element elementor-element-60c7939 elementor-widget elementor-widget-heading\" data-id=\"60c7939\" data-element_type=\"widget\" data-e-type=\"widget\" data-widget_type=\"heading.default\">\n\t\t\t\t<div class=\"elementor-widget-container\">\n\t\t\t\t\t<div id=\"ez-toc-container\" class=\"ez-toc-v2_0_82_2 counter-hierarchy ez-toc-counter ez-toc-grey ez-toc-container-direction\">\n<div class=\"ez-toc-title-container\">\n<p class=\"ez-toc-title\" style=\"cursor:inherit\">Contenido<\/p>\n<span class=\"ez-toc-title-toggle\"><a href=\"#\" class=\"ez-toc-pull-right ez-toc-btn ez-toc-btn-xs ez-toc-btn-default ez-toc-toggle\" aria-label=\"Alternar tabla de contenidos\"><span class=\"ez-toc-js-icon-con\"><span class=\"\"><span class=\"eztoc-hide\" style=\"display:none;\">Palanca<\/span><span class=\"ez-toc-icon-toggle-span\"><svg style=\"fill: #999;color:#999\" xmlns=\"http:\/\/www.w3.org\/2000\/svg\" class=\"list-377408\" width=\"20px\" height=\"20px\" viewbox=\"0 0 24 24\" fill=\"none\"><path d=\"M6 6H4v2h2V6zm14 0H8v2h12V6zM4 11h2v2H4v-2zm16 0H8v2h12v-2zM4 16h2v2H4v-2zm16 0H8v2h12v-2z\" fill=\"currentColor\"><\/path><\/svg><svg style=\"fill: #999;color:#999\" class=\"arrow-unsorted-368013\" xmlns=\"http:\/\/www.w3.org\/2000\/svg\" width=\"10px\" height=\"10px\" viewbox=\"0 0 24 24\" version=\"1.2\" baseprofile=\"tiny\"><path d=\"M18.2 9.3l-6.2-6.3-6.2 6.3c-.2.2-.3.4-.3.7s.1.5.3.7c.2.2.4.3.7.3h11c.3 0 .5-.1.7-.3.2-.2.3-.5.3-.7s-.1-.5-.3-.7zM5.8 14.7l6.2 6.3 6.2-6.3c.2-.2.3-.5.3-.7s-.1-.5-.3-.7c-.2-.2-.4-.3-.7-.3h-11c-.3 0-.5.1-.7.3-.2.2-.3.5-.3.7s.1.5.3.7z\"\/><\/svg><\/span><\/span><\/span><\/a><\/span><\/div>\n<nav><ul class='ez-toc-list ez-toc-list-level-1' ><li class='ez-toc-page-1 ez-toc-heading-level-2'><a class=\"ez-toc-link ez-toc-heading-1\" href=\"https:\/\/mythslegendes.com\/es\/mitologia-akan\/el-origen-de-akan\/#Lorigine-des-Akan\" >El origen de los Akan<\/a><\/li><\/ul><\/nav><\/div>\n<h2 class=\"elementor-heading-title elementor-size-default\"><span class=\"ez-toc-section\" id=\"Lorigine-des-Akan\"><\/span>El origen de los Akan<span class=\"ez-toc-section-end\"><\/span><\/h2>\t\t\t\t<\/div>\n\t\t\t\t<\/div>\n\t\t\t\t\t<\/div>\n\t\t<\/div>\n\t\t\t\t\t<\/div>\n\t\t<\/section>\n\t\t\t\t<section class=\"elementor-section elementor-top-section elementor-element elementor-element-5eff6e1a elementor-section-boxed elementor-section-height-default elementor-section-height-default\" data-id=\"5eff6e1a\" data-element_type=\"section\" data-e-type=\"section\">\n\t\t\t\t\t\t<div class=\"elementor-container elementor-column-gap-default\">\n\t\t\t\t\t<div class=\"elementor-column elementor-col-100 elementor-top-column elementor-element elementor-element-17f43723\" data-id=\"17f43723\" data-element_type=\"column\" data-e-type=\"column\">\n\t\t\t<div class=\"elementor-widget-wrap elementor-element-populated\">\n\t\t\t\t\t\t<div class=\"elementor-element elementor-element-2bcd9e16 elementor-widget elementor-widget-text-editor\" data-id=\"2bcd9e16\" data-element_type=\"widget\" data-e-type=\"widget\" data-widget_type=\"text-editor.default\">\n\t\t\t\t<div class=\"elementor-widget-container\">\n\t\t\t\t\t\t\t\t\t<p><\/p>\n<p>Para Baumann y Westermann, la civilizaci\u00f3n de estos pueblos les fue impuesta por grupos de una raza dominante con matriarcado del norte que conquistaron esta parte de la costa; Estos conquistadores estaban visiblemente relacionados, en la primera l\u00ednea, con las dinast\u00edas matriarcados de los grandes estados sudaneses, y en la segunda l\u00ednea, con los libico-bereberes (matriarcado) del norte de \u00c1frica.<\/p>\n<p><\/p>\n<p>Se\u00f1alemos de paso que Meyerowitz y Baumann no dan las razones que les hacen decir que los Akan descienden de los bereberes Dia y Za. Para J. Ki-Zerbo: &quot;Alrededor del a\u00f1o 500, dice otro <a href=\"https:\/\/mythslegendes.com\/es\/\">leyenda<\/a>, pr\u00edncipes bereberes o \u00e1rabes o Yemen habr\u00edan llegado a orillas del recodo del N\u00edger y habr\u00edan librado a los habitantes locales (pescadores Sorko y campesinos Gabibi) del terror de un pez fetiche, con el que los pescadores Sorko extorsionaban a sustanciales ofrendas a sus compa\u00f1eros agricultores, los Gabibi.<\/p>\n<p>Estos clanes parecen haber subido desde el Dendi aguas abajo del N\u00edger, donde hab\u00edan bautizado las dos orillas occidental y oriental, respectivamente, el Gourma y el <a href=\"https:\/\/mythslegendes.com\/es\/mitologia-hausa-fulani\/\">Hausa<\/a>; originalmente ser\u00edan parte del entorno de Chad\u2026 Dada la delgadez de este aporte externo, tres personajes seg\u00fan la leyenda de Yemen, algunos grupos de comerciantes, seg\u00fan Al-Bakri, debieron ser asimilados r\u00e1pidamente por los <a href=\"https:\/\/mythslegendes.com\/es\/gao-songhai-mitologia\/\">Songhai<\/a>\u00a0&quot;.<\/p>\n<p><\/p>\n<p>L&rsquo;opinion de Meyerowitz et de Baumann repose sur le fait que des populations d&rsquo;origine <a href=\"https:\/\/mythslegendes.com\/es\/mythologie-berbere\/\">berb\u00e8re<\/a>, connaissant le matriarcat, seraient descendues au Sud; Et comme les Akan connaissent un r\u00e9gime parent\u00e9 \u00e0 peu pr\u00e8s similaire, ces auteurs n&rsquo;ont pas, un seul instant, manqu\u00e9 d&rsquo;affirmer que ces purs n\u00e8gres \u00e9taient des descendants des Berb\u00e8res. <\/p>\n<p>Esta conclusi\u00f3n es discutible en la medida en que se relaciona, por un lado, con un solo hecho, y por otro lado, la matrilinealidad no es el r\u00e9gimen de parentesco de los Akan solo; De hecho, fuera de la regi\u00f3n forestal, las poblaciones de la sabana marfile\u00f1a (Djimini, Tagwana, Koulango y Lobi) conocen este sistema de filiaci\u00f3n. Adem\u00e1s, en \u00c1frica Central, la gran familia Bacongo (Bantou) tambi\u00e9n es matrilineal, al igual que los grupos humanos m\u00e1s peque\u00f1os.<\/p>\n<p><\/p>\n<p>La historia y la sociolog\u00eda ense\u00f1an que si las poblaciones animistas cambian f\u00e1cilmente de religi\u00f3n, estilo de vida y nombre, no es lo mismo para las comunidades cristiana y musulmana. En ninguna parte de \u00c1frica Occidental se informa pura y simplemente al animismo sobre la presencia de poblaciones islamizadas de larga data (bereberes, tuaregs y moros). <\/p>\n<p>Las poblaciones de origen peul integradas en las comunidades negras de Mauritania, Senegal, Mal\u00ed, Guinea, N\u00edger y Burkina Faso han conservado su lengua, sus nombres y su religi\u00f3n. Twi, la lengua de los Akan, es diferente de las lenguas sem\u00edticas del norte de \u00c1frica; La gran mayor\u00eda de las poblaciones Akan y sus l\u00edderes siguen siendo animistas.<\/p>\n<p><\/p>\n<p>El pueblo Akan, hasta que se demuestre lo contrario, no es producto de ning\u00fan mestizaje racial, a diferencia del <a href=\"https:\/\/mythslegendes.com\/es\/mitologia-hausa-fulani\/\">Fulani<\/a>, tuaregs y moros. La opini\u00f3n de los Akan, en cuanto a su origen, sigue siendo diferente de las versiones mencionadas anteriormente; su tradici\u00f3n oral no menciona en ninguna parte que estas personas sean descendientes de poblaciones de raza blanca. Reconocen, sin embargo, que sus antepasados vinieron del norte, de una regi\u00f3n o pa\u00eds llamado\u00a0<strong>Agniwan-gniwan<\/strong>. Muchas localidades llevan este nombre tanto en Ghana como en Costa de Marfil ... Otros creen que si estas localidades llevan este nombre, es en memoria del pa\u00eds de origen ubicado m\u00e1s lejos en el tiempo y en el espacio.<\/p>\n<p><\/p>\n<p>Los Akan admiten haber experimentado muchos desplazamientos en \u00c1frica Occidental. No sabemos cu\u00e1ndo se asentaron los primeros Akan en el Golfo de Guinea, pero sabemos con certeza que los investigadores mineros de SODEMI de Abidjan han descubierto, en las regiones de lagunas de Costa de Marfil., Restos humanos no pigmoides asociados al arte del oro. objetos de origen Akan. Estos elementos arqueol\u00f3gicos fueron enviados a Suecia, a Upsala, para ser estudiados: el carbono 14 revel\u00f3 que ciertos elementos humanos eran varios siglos antes de nuestra era (alrededor de -1200), lo que muestra que los grupos \u00e9tnicos Akan, por lo tanto, ya exist\u00edan en C\u00f4te-d &#039;Ivory 2000 hace a\u00f1os que.<\/p>\n<p><\/p>\t\t\t\t\t\t\t\t<\/div>\n\t\t\t\t<\/div>\n\t\t\t\t\t<\/div>\n\t\t<\/div>\n\t\t\t\t\t<\/div>\n\t\t<\/section>\n\t\t\t\t<\/div>","protected":false},"excerpt":{"rendered":"<p>Mythologie Akan Wiki Selon E. Meyerowitz, l&rsquo;origine des Akan furent des descendants des Dia\u00a0ou\u00a0Za, des\u00a0Berb\u00e8res de Libye et des Gara, &hellip; <\/p>","protected":false},"author":1,"featured_media":0,"parent":4092,"menu_order":0,"comment_status":"closed","ping_status":"closed","template":"","meta":{"footnotes":""},"class_list":["post-4103","page","type-page","status-publish","hentry"],"amp_enabled":true,"_links":{"self":[{"href":"https:\/\/mythslegendes.com\/es\/wp-json\/wp\/v2\/pages\/4103","targetHints":{"allow":["GET"]}}],"collection":[{"href":"https:\/\/mythslegendes.com\/es\/wp-json\/wp\/v2\/pages"}],"about":[{"href":"https:\/\/mythslegendes.com\/es\/wp-json\/wp\/v2\/types\/page"}],"author":[{"embeddable":true,"href":"https:\/\/mythslegendes.com\/es\/wp-json\/wp\/v2\/users\/1"}],"replies":[{"embeddable":true,"href":"https:\/\/mythslegendes.com\/es\/wp-json\/wp\/v2\/comments?post=4103"}],"version-history":[{"count":1,"href":"https:\/\/mythslegendes.com\/es\/wp-json\/wp\/v2\/pages\/4103\/revisions"}],"predecessor-version":[{"id":24940,"href":"https:\/\/mythslegendes.com\/es\/wp-json\/wp\/v2\/pages\/4103\/revisions\/24940"}],"up":[{"embeddable":true,"href":"https:\/\/mythslegendes.com\/es\/wp-json\/wp\/v2\/pages\/4092"}],"wp:attachment":[{"href":"https:\/\/mythslegendes.com\/es\/wp-json\/wp\/v2\/media?parent=4103"}],"curies":[{"name":"wp","href":"https:\/\/api.w.org\/{rel}","templated":true}]}}