{"id":411,"date":"2020-06-12T12:52:44","date_gmt":"2020-06-12T11:52:44","guid":{"rendered":"https:\/\/mythslegendes.com\/?page_id=411"},"modified":"2022-12-03T22:06:52","modified_gmt":"2022-12-03T22:06:52","slug":"la-legende-du-barde-cervorix","status":"publish","type":"page","link":"https:\/\/mythslegendes.com\/es\/mitologia-gala\/la-leyenda-del-bardo-cervorix\/","title":{"rendered":"El bardo Cervorix"},"content":{"rendered":"<div data-elementor-type=\"wp-page\" data-elementor-id=\"411\" class=\"elementor elementor-411\">\n\t\t\t\t\t\t<section class=\"elementor-section elementor-top-section elementor-element elementor-element-4dc06c0 elementor-section-boxed elementor-section-height-default elementor-section-height-default\" data-id=\"4dc06c0\" data-element_type=\"section\" data-e-type=\"section\">\n\t\t\t\t\t\t<div class=\"elementor-container elementor-column-gap-default\">\n\t\t\t\t\t<div class=\"elementor-column elementor-col-50 elementor-top-column elementor-element elementor-element-2d6d5ec\" data-id=\"2d6d5ec\" data-element_type=\"column\" data-e-type=\"column\">\n\t\t\t<div class=\"elementor-widget-wrap elementor-element-populated\">\n\t\t\t\t\t\t<div class=\"elementor-element elementor-element-82c11fe elementor-align-justify elementor-widget elementor-widget-button\" data-id=\"82c11fe\" data-element_type=\"widget\" data-e-type=\"widget\" data-widget_type=\"button.default\">\n\t\t\t\t<div class=\"elementor-widget-container\">\n\t\t\t\t\t\t\t\t\t<div class=\"elementor-button-wrapper\">\n\t\t\t\t\t<a class=\"elementor-button elementor-button-link elementor-size-sm\" href=\"https:\/\/mythslegendes.com\/es\/mitologia-gala\/\">\n\t\t\t\t\t\t<span class=\"elementor-button-content-wrapper\">\n\t\t\t\t\t\t\t\t\t<span class=\"elementor-button-text\">Mitolog\u00eda gala<\/span>\n\t\t\t\t\t<\/span>\n\t\t\t\t\t<\/a>\n\t\t\t\t<\/div>\n\t\t\t\t\t\t\t\t<\/div>\n\t\t\t\t<\/div>\n\t\t\t\t\t<\/div>\n\t\t<\/div>\n\t\t\t\t<div class=\"elementor-column elementor-col-50 elementor-top-column elementor-element elementor-element-b417809\" data-id=\"b417809\" data-element_type=\"column\" data-e-type=\"column\">\n\t\t\t<div class=\"elementor-widget-wrap elementor-element-populated\">\n\t\t\t\t\t\t<div class=\"elementor-element elementor-element-bad096d elementor-align-justify elementor-widget elementor-widget-button\" data-id=\"bad096d\" data-element_type=\"widget\" data-e-type=\"widget\" data-widget_type=\"button.default\">\n\t\t\t\t<div class=\"elementor-widget-container\">\n\t\t\t\t\t\t\t\t\t<div class=\"elementor-button-wrapper\">\n\t\t\t\t\t<a class=\"elementor-button elementor-button-link elementor-size-sm\" href=\"https:\/\/fr.wikipedia.org\/wiki\/Religion_gauloise\" target=\"_blank\" rel=\"noopener\">\n\t\t\t\t\t\t<span class=\"elementor-button-content-wrapper\">\n\t\t\t\t\t\t\t\t\t<span class=\"elementor-button-text\">Wiki<\/span>\n\t\t\t\t\t<\/span>\n\t\t\t\t\t<\/a>\n\t\t\t\t<\/div>\n\t\t\t\t\t\t\t\t<\/div>\n\t\t\t\t<\/div>\n\t\t\t\t\t<\/div>\n\t\t<\/div>\n\t\t\t\t\t<\/div>\n\t\t<\/section>\n\t\t\t\t<section class=\"elementor-section elementor-top-section elementor-element elementor-element-57c50cf1 elementor-section-boxed elementor-section-height-default elementor-section-height-default\" data-id=\"57c50cf1\" data-element_type=\"section\" data-e-type=\"section\">\n\t\t\t\t\t\t<div class=\"elementor-container elementor-column-gap-default\">\n\t\t\t\t\t<div class=\"elementor-column elementor-col-100 elementor-top-column elementor-element elementor-element-2b69d6ee\" data-id=\"2b69d6ee\" data-element_type=\"column\" data-e-type=\"column\">\n\t\t\t<div class=\"elementor-widget-wrap elementor-element-populated\">\n\t\t\t\t\t\t<div class=\"elementor-element elementor-element-33f9c77f elementor-widget elementor-widget-text-editor\" data-id=\"33f9c77f\" data-element_type=\"widget\" data-e-type=\"widget\" data-widget_type=\"text-editor.default\">\n\t\t\t\t<div class=\"elementor-widget-container\">\n\t\t\t\t\t\t\t\t\t<p><\/p>\n<p class=\"has-text-align-justify\">No lejos del Saona, en el pa\u00eds de Aulerques-Brannovie, en un bosque consagrado a B\u00e9l\u00e9nos, una tarde, el bardo Cervorix, sentado sobre una roca solitaria (porque estaba rodeado de agua), instruy\u00f3 a sus disc\u00edpulos que, con la cabeza descubierta, escuchado sus palabras.<\/p>\n<p><img decoding=\"async\" class=\"alignnone wp-image-5284 size-full\" src=\"https:\/\/mythslegendes.com\/wp-content\/uploads\/2020\/09\/AlphaOmega-e1602613368367.png\" alt=\"El bardo Cervorix\" width=\"25\" height=\"26\" title=\"\"><\/p>\n<div id=\"ez-toc-container\" class=\"ez-toc-v2_0_82_2 counter-hierarchy ez-toc-counter ez-toc-grey ez-toc-container-direction\">\n<div class=\"ez-toc-title-container\">\n<p class=\"ez-toc-title\" style=\"cursor:inherit\">Contenido<\/p>\n<span class=\"ez-toc-title-toggle\"><a href=\"#\" class=\"ez-toc-pull-right ez-toc-btn ez-toc-btn-xs ez-toc-btn-default ez-toc-toggle\" aria-label=\"Alternar tabla de contenidos\"><span class=\"ez-toc-js-icon-con\"><span class=\"\"><span class=\"eztoc-hide\" style=\"display:none;\">Palanca<\/span><span class=\"ez-toc-icon-toggle-span\"><svg style=\"fill: #999;color:#999\" xmlns=\"http:\/\/www.w3.org\/2000\/svg\" class=\"list-377408\" width=\"20px\" height=\"20px\" viewbox=\"0 0 24 24\" fill=\"none\"><path d=\"M6 6H4v2h2V6zm14 0H8v2h12V6zM4 11h2v2H4v-2zm16 0H8v2h12v-2zM4 16h2v2H4v-2zm16 0H8v2h12v-2z\" fill=\"currentColor\"><\/path><\/svg><svg style=\"fill: #999;color:#999\" class=\"arrow-unsorted-368013\" xmlns=\"http:\/\/www.w3.org\/2000\/svg\" width=\"10px\" height=\"10px\" viewbox=\"0 0 24 24\" version=\"1.2\" baseprofile=\"tiny\"><path d=\"M18.2 9.3l-6.2-6.3-6.2 6.3c-.2.2-.3.4-.3.7s.1.5.3.7c.2.2.4.3.7.3h11c.3 0 .5-.1.7-.3.2-.2.3-.5.3-.7s-.1-.5-.3-.7zM5.8 14.7l6.2 6.3 6.2-6.3c.2-.2.3-.5.3-.7s-.1-.5-.3-.7c-.2-.2-.4-.3-.7-.3h-11c-.3 0-.5.1-.7.3-.2.2-.3.5-.3.7s.1.5.3.7z\"\/><\/svg><\/span><\/span><\/span><\/a><\/span><\/div>\n<nav><ul class='ez-toc-list ez-toc-list-level-1' ><li class='ez-toc-page-1 ez-toc-heading-level-2'><a class=\"ez-toc-link ez-toc-heading-1\" href=\"https:\/\/mythslegendes.com\/es\/mitologia-gala\/la-leyenda-del-bardo-cervorix\/#Le-Barde-Cervorix\" >El bardo Cervorix<\/a><\/li><\/ul><\/nav><\/div>\n<h2><span class=\"ez-toc-section\" id=\"Le-Barde-Cervorix\"><\/span>El bardo Cervorix<span class=\"ez-toc-section-end\"><\/span><\/h2>\n<p><\/p>\n<p class=\"has-text-align-justify\">Cervorix toc\u00f3 las cuerdas de una lira de marfil enriquecida con hojas de oro. Este primer cord\u00f3n de epta fue un regalo de las druidesas de la isla de Sena.<\/p>\n<p><\/p>\n<p class=\"has-text-align-justify\">Todo estaba en calma alrededor del Bardo: el agua, la tierra, el bosque, as\u00ed como la brillante b\u00f3veda del cielo salpicado de estrellas. Los disc\u00edpulos escucharon los acentos del poeta, que les detall\u00f3 las maravillas del firmamento, haci\u00e9ndoles admirar la marcha regular y continua de las estrellas, que ruedan en el espacio infinito.<\/p>\n<p><\/p>\n<p class=\"has-text-align-justify\">De repente el horizonte se oscurece, espesas nubes extienden sus velos sobre \u00e9l, un viento impetuoso comienza a soplar y sacudir los \u00e1rboles, mientras los p\u00e1jaros nocturnos revolotean alrededor de la cabeza del Bardo. Parece que se avecina una tormenta siniestra, mientras los perros a\u00fallan en la monta\u00f1a. Entonces Cervorix exclama desde\u00f1osamente: \u201cEl hombre como materia no es m\u00e1s que vapores pesados y exhalaciones f\u00e9tidas.<\/p>\n<p class=\"has-text-align-justify\">Su envoltura corp\u00f3rea comprime los impulsos de su alma y retiene sus mejores instintos, aquellos, por ejemplo, que le ordenan dejar la tierra por un hogar m\u00e1s feliz. \u00bfQu\u00e9 es la vida? \u00a1Re\u00edr! \u00a1No es el momento gastado, el que pasar\u00e1, sino el buen uso del tiempo, lo que es importante! hijos de los <a href=\"https:\/\/mythslegendes.com\/es\/mythes-et-legendes-celtiques-20\/\">c\u00e9ltico<\/a>, vive en paz, piensa en la eternidad y dile a todos que has visto y conocido al bardo Cervorix. \u00bb<\/p>\n<p><\/p>\n<p class=\"has-text-align-justify\">Habiendo dicho esto, rompi\u00f3 su lira y desde lo alto de la roca sobre la que estaba parado, se precipit\u00f3 sobre las olas. Es para perpetuar su memoria que los druidas llaman a esta cascada el Saut de Cervorix, que se ha convertido en el Saut de la Cerv\u00e8ze por corrupci\u00f3n de la famosa Barda.<\/p>\n<p><\/p>\n<p class=\"has-text-align-justify\">Al d\u00eda siguiente de aquel triste d\u00eda, cerca de un dolmen se erigi\u00f3 una enorme pira decorada con flores y cubierta de hierbas, y a medianoche, cuando las siete estrellas de la Osa Mayor se reflejaron en la superficie del agua contenida en siete agujeros de la tabla de el altar dru\u00eddico, dos ministros de Esus levantando las manos al cielo, prendieron fuego a la pira, despu\u00e9s de haber dirigido una sincera oraci\u00f3n a Dios.<\/p>\n<p><\/p>\n<p class=\"has-text-align-justify\">Los Druidas, la Druidesse, una joven virgen y un Bardo caminaron alrededor de la pira; uno de los druidas arroj\u00f3 una copa de \u00e1mbar, el otro una lira de marfil, la druida su velo, la joven un mech\u00f3n de su cabello rubio, finalmente la bardo, su saie tan blanca como el lirio de los valles.<\/p>\n<p><\/p>\n<p class=\"has-text-align-justify\">Llorad esta muerte, dec\u00edan los druidas al pueblo, se os ha concedido a vuestro amor; \u00a1pero siempre canta el rasgo de coraje y devoci\u00f3n del bardo Cervorix! \u00bb<\/p>\n<p><\/p>\n<p class=\"has-text-align-justify\">Despu\u00e9s de la ceremonia de cremaci\u00f3n, las cenizas del Bardo fueron colocadas en una urna de vidrio coloreado, en la que estaba esmaltada esta inscripci\u00f3n:<\/p>\n<p><\/p>\n<p class=\"has-text-align-justify\">&quot;\u00a1Mortal! Aprende de d\u00f3nde vienes, ad\u00f3nde vas, mira este polvo. Ella era lo que t\u00fa eres, t\u00fa ser\u00e1s lo que ella es. \u00bb<\/p>\n<p><\/p>\n<p>Este es el origen del mundo de la cascada del valle de Grosne.<\/p>\n<p><\/p>\t\t\t\t\t\t\t\t<\/div>\n\t\t\t\t<\/div>\n\t\t\t\t\t<\/div>\n\t\t<\/div>\n\t\t\t\t\t<\/div>\n\t\t<\/section>\n\t\t\t\t<\/div>","protected":false},"excerpt":{"rendered":"<p>Wiki Mitolog\u00eda gala No lejos del Saona, en la tierra de los Aulerques-Brannovie, en un bosque dedicado a B\u00e9l\u00e9nos, un \u2026 <\/p>","protected":false},"author":1,"featured_media":412,"parent":367,"menu_order":0,"comment_status":"closed","ping_status":"closed","template":"","meta":{"footnotes":""},"class_list":["post-411","page","type-page","status-publish","has-post-thumbnail","hentry"],"amp_enabled":true,"_links":{"self":[{"href":"https:\/\/mythslegendes.com\/es\/wp-json\/wp\/v2\/pages\/411","targetHints":{"allow":["GET"]}}],"collection":[{"href":"https:\/\/mythslegendes.com\/es\/wp-json\/wp\/v2\/pages"}],"about":[{"href":"https:\/\/mythslegendes.com\/es\/wp-json\/wp\/v2\/types\/page"}],"author":[{"embeddable":true,"href":"https:\/\/mythslegendes.com\/es\/wp-json\/wp\/v2\/users\/1"}],"replies":[{"embeddable":true,"href":"https:\/\/mythslegendes.com\/es\/wp-json\/wp\/v2\/comments?post=411"}],"version-history":[{"count":1,"href":"https:\/\/mythslegendes.com\/es\/wp-json\/wp\/v2\/pages\/411\/revisions"}],"predecessor-version":[{"id":24511,"href":"https:\/\/mythslegendes.com\/es\/wp-json\/wp\/v2\/pages\/411\/revisions\/24511"}],"up":[{"embeddable":true,"href":"https:\/\/mythslegendes.com\/es\/wp-json\/wp\/v2\/pages\/367"}],"wp:featuredmedia":[{"embeddable":true,"href":"https:\/\/mythslegendes.com\/es\/wp-json\/wp\/v2\/media\/412"}],"wp:attachment":[{"href":"https:\/\/mythslegendes.com\/es\/wp-json\/wp\/v2\/media?parent=411"}],"curies":[{"name":"wp","href":"https:\/\/api.w.org\/{rel}","templated":true}]}}