{"id":4116,"date":"2020-08-18T13:27:03","date_gmt":"2020-08-18T12:27:03","guid":{"rendered":"https:\/\/mythslegendes.com\/?page_id=4116"},"modified":"2023-03-04T22:40:41","modified_gmt":"2023-03-04T22:40:41","slug":"mythologie-dahomeenne-fon","status":"publish","type":"page","link":"https:\/\/mythslegendes.com\/es\/dahomeenne-fon-mitologia\/","title":{"rendered":"Mitolog\u00eda Dahomean-Fon"},"content":{"rendered":"<div data-elementor-type=\"wp-page\" data-elementor-id=\"4116\" class=\"elementor elementor-4116\">\n\t\t\t\t\t\t<section class=\"elementor-section elementor-top-section elementor-element elementor-element-517591d elementor-section-boxed elementor-section-height-default elementor-section-height-default\" data-id=\"517591d\" data-element_type=\"section\" data-e-type=\"section\">\n\t\t\t\t\t\t<div class=\"elementor-container elementor-column-gap-default\">\n\t\t\t\t\t<div class=\"elementor-column elementor-col-33 elementor-top-column elementor-element elementor-element-f758f88\" data-id=\"f758f88\" data-element_type=\"column\" data-e-type=\"column\">\n\t\t\t<div class=\"elementor-widget-wrap elementor-element-populated\">\n\t\t\t\t\t\t<div class=\"elementor-element elementor-element-30a9f5d elementor-align-justify elementor-widget elementor-widget-button\" data-id=\"30a9f5d\" data-element_type=\"widget\" data-e-type=\"widget\" data-widget_type=\"button.default\">\n\t\t\t\t<div class=\"elementor-widget-container\">\n\t\t\t\t\t\t\t\t\t<div class=\"elementor-button-wrapper\">\n\t\t\t\t\t<a class=\"elementor-button elementor-button-link elementor-size-sm\" href=\"https:\/\/mythslegendes.com\/es\/mythes-et-legendes-niger-congo-1949\/\">\n\t\t\t\t\t\t<span class=\"elementor-button-content-wrapper\">\n\t\t\t\t\t\t\t\t\t<span class=\"elementor-button-text\">Volver al Grupo Cultural<\/span>\n\t\t\t\t\t<\/span>\n\t\t\t\t\t<\/a>\n\t\t\t\t<\/div>\n\t\t\t\t\t\t\t\t<\/div>\n\t\t\t\t<\/div>\n\t\t\t\t\t<\/div>\n\t\t<\/div>\n\t\t\t\t<div class=\"elementor-column elementor-col-33 elementor-top-column elementor-element elementor-element-19dbaf7\" data-id=\"19dbaf7\" data-element_type=\"column\" data-e-type=\"column\">\n\t\t\t<div class=\"elementor-widget-wrap elementor-element-populated\">\n\t\t\t\t\t\t<div class=\"elementor-element elementor-element-5a5f3f2 elementor-align-justify elementor-widget elementor-widget-button\" data-id=\"5a5f3f2\" data-element_type=\"widget\" data-e-type=\"widget\" data-widget_type=\"button.default\">\n\t\t\t\t<div class=\"elementor-widget-container\">\n\t\t\t\t\t\t\t\t\t<div class=\"elementor-button-wrapper\">\n\t\t\t\t\t<a class=\"elementor-button elementor-button-link elementor-size-sm\" href=\"https:\/\/mythslegendes.com\/es\/bibliotecas-de-libros\/\">\n\t\t\t\t\t\t<span class=\"elementor-button-content-wrapper\">\n\t\t\t\t\t\t\t\t\t<span class=\"elementor-button-text\">Tienda dedicada<\/span>\n\t\t\t\t\t<\/span>\n\t\t\t\t\t<\/a>\n\t\t\t\t<\/div>\n\t\t\t\t\t\t\t\t<\/div>\n\t\t\t\t<\/div>\n\t\t\t\t\t<\/div>\n\t\t<\/div>\n\t\t\t\t<div class=\"elementor-column elementor-col-33 elementor-top-column elementor-element elementor-element-e5c1671\" data-id=\"e5c1671\" data-element_type=\"column\" data-e-type=\"column\">\n\t\t\t<div class=\"elementor-widget-wrap elementor-element-populated\">\n\t\t\t\t\t\t<div class=\"elementor-element elementor-element-4bbc14c elementor-align-justify elementor-widget elementor-widget-button\" data-id=\"4bbc14c\" data-element_type=\"widget\" data-e-type=\"widget\" data-widget_type=\"button.default\">\n\t\t\t\t<div class=\"elementor-widget-container\">\n\t\t\t\t\t\t\t\t\t<div class=\"elementor-button-wrapper\">\n\t\t\t\t\t<a class=\"elementor-button elementor-button-link elementor-size-sm\" href=\"https:\/\/fr.wikipedia.org\/wiki\/Royaume_du_Dahomey\" target=\"_blank\" rel=\"noopener\">\n\t\t\t\t\t\t<span class=\"elementor-button-content-wrapper\">\n\t\t\t\t\t\t\t\t\t<span class=\"elementor-button-text\">Wiki<\/span>\n\t\t\t\t\t<\/span>\n\t\t\t\t\t<\/a>\n\t\t\t\t<\/div>\n\t\t\t\t\t\t\t\t<\/div>\n\t\t\t\t<\/div>\n\t\t\t\t\t<\/div>\n\t\t<\/div>\n\t\t\t\t\t<\/div>\n\t\t<\/section>\n\t\t\t\t<section class=\"elementor-section elementor-top-section elementor-element elementor-element-df8c335 elementor-section-boxed elementor-section-height-default elementor-section-height-default\" data-id=\"df8c335\" data-element_type=\"section\" data-e-type=\"section\">\n\t\t\t\t\t\t<div class=\"elementor-container elementor-column-gap-default\">\n\t\t\t\t\t<div class=\"elementor-column elementor-col-100 elementor-top-column elementor-element elementor-element-f5ecd71\" data-id=\"f5ecd71\" data-element_type=\"column\" data-e-type=\"column\">\n\t\t\t<div class=\"elementor-widget-wrap elementor-element-populated\">\n\t\t\t\t\t\t<div class=\"elementor-element elementor-element-bc274d1 elementor-widget elementor-widget-heading\" data-id=\"bc274d1\" data-element_type=\"widget\" data-e-type=\"widget\" data-widget_type=\"heading.default\">\n\t\t\t\t<div class=\"elementor-widget-container\">\n\t\t\t\t\t<div id=\"ez-toc-container\" class=\"ez-toc-v2_0_82_2 counter-hierarchy ez-toc-counter ez-toc-grey ez-toc-container-direction\">\n<div class=\"ez-toc-title-container\">\n<p class=\"ez-toc-title\" style=\"cursor:inherit\">Contenido<\/p>\n<span class=\"ez-toc-title-toggle\"><a href=\"#\" class=\"ez-toc-pull-right ez-toc-btn ez-toc-btn-xs ez-toc-btn-default ez-toc-toggle\" aria-label=\"Alternar tabla de contenidos\"><span class=\"ez-toc-js-icon-con\"><span class=\"\"><span class=\"eztoc-hide\" style=\"display:none;\">Palanca<\/span><span class=\"ez-toc-icon-toggle-span\"><svg style=\"fill: #999;color:#999\" xmlns=\"http:\/\/www.w3.org\/2000\/svg\" class=\"list-377408\" width=\"20px\" height=\"20px\" viewbox=\"0 0 24 24\" fill=\"none\"><path d=\"M6 6H4v2h2V6zm14 0H8v2h12V6zM4 11h2v2H4v-2zm16 0H8v2h12v-2zM4 16h2v2H4v-2zm16 0H8v2h12v-2z\" fill=\"currentColor\"><\/path><\/svg><svg style=\"fill: #999;color:#999\" class=\"arrow-unsorted-368013\" xmlns=\"http:\/\/www.w3.org\/2000\/svg\" width=\"10px\" height=\"10px\" viewbox=\"0 0 24 24\" version=\"1.2\" baseprofile=\"tiny\"><path d=\"M18.2 9.3l-6.2-6.3-6.2 6.3c-.2.2-.3.4-.3.7s.1.5.3.7c.2.2.4.3.7.3h11c.3 0 .5-.1.7-.3.2-.2.3-.5.3-.7s-.1-.5-.3-.7zM5.8 14.7l6.2 6.3 6.2-6.3c.2-.2.3-.5.3-.7s-.1-.5-.3-.7c-.2-.2-.4-.3-.7-.3h-11c-.3 0-.5.1-.7.3-.2.2-.3.5-.3.7s.1.5.3.7z\"\/><\/svg><\/span><\/span><\/span><\/a><\/span><\/div>\n<nav><ul class='ez-toc-list ez-toc-list-level-1' ><li class='ez-toc-page-1 ez-toc-heading-level-2'><a class=\"ez-toc-link ez-toc-heading-1\" href=\"https:\/\/mythslegendes.com\/es\/dahomeenne-fon-mitologia\/#Mythologie-Dahomeenne-Fon\" >Mitolog\u00eda Dahomean-Fon<\/a><\/li><li class='ez-toc-page-1 ez-toc-heading-level-2'><a class=\"ez-toc-link ez-toc-heading-2\" href=\"https:\/\/mythslegendes.com\/es\/dahomeenne-fon-mitologia\/#Mythologie-Dahomeenne-Fon-textes\" >Mitolog\u00eda Dahomean-Fon (textos)<\/a><\/li><li class='ez-toc-page-1 ez-toc-heading-level-2'><a class=\"ez-toc-link ez-toc-heading-3\" href=\"https:\/\/mythslegendes.com\/es\/dahomeenne-fon-mitologia\/#Livres-sur-la-mythologie-Niger-congo\" >Libros sobre la mitolog\u00eda de N\u00edger-Congo<\/a><\/li><\/ul><\/nav><\/div>\n<h2 class=\"elementor-heading-title elementor-size-default\"><span class=\"ez-toc-section\" id=\"Mythologie-Dahomeenne-Fon\"><\/span>Mitolog\u00eda Dahomean-Fon<span class=\"ez-toc-section-end\"><\/span><\/h2>\t\t\t\t<\/div>\n\t\t\t\t<\/div>\n\t\t\t\t\t<\/div>\n\t\t<\/div>\n\t\t\t\t\t<\/div>\n\t\t<\/section>\n\t\t\t\t<section class=\"elementor-section elementor-top-section elementor-element elementor-element-54bb31f8 elementor-section-boxed elementor-section-height-default elementor-section-height-default\" data-id=\"54bb31f8\" data-element_type=\"section\" data-e-type=\"section\">\n\t\t\t\t\t\t<div class=\"elementor-container elementor-column-gap-default\">\n\t\t\t\t\t<div class=\"elementor-column elementor-col-100 elementor-top-column elementor-element elementor-element-76044451\" data-id=\"76044451\" data-element_type=\"column\" data-e-type=\"column\">\n\t\t\t<div class=\"elementor-widget-wrap elementor-element-populated\">\n\t\t\t\t\t\t<div class=\"elementor-element elementor-element-3701bd59 elementor-widget elementor-widget-text-editor\" data-id=\"3701bd59\" data-element_type=\"widget\" data-e-type=\"widget\" data-widget_type=\"text-editor.default\">\n\t\t\t\t<div class=\"elementor-widget-container\">\n\t\t\t\t\t\t\t\t\t<p><\/p>\n<p>los <a href=\"https:\/\/mythslegendes.com\/es\/\">Mitolog\u00eda<\/a> Dahom\u00e9enne-Fon re\u00fane los mitos y <a href=\"https:\/\/mythslegendes.com\/es\/\">leyendas<\/a> de los siguientes pueblos, reinos y religiones de \u00c1frica Central: <strong>Religi\u00f3n Dahomea, Reino de Dahomey, Fons, Reino de Abomey, Vodoun<\/strong><\/p>\n<p>los\u00a0<strong>Religi\u00f3n dahomeana<\/strong>\u00a0fue practicado por el pueblo Fon del Reino de Dahomey. El reino existi\u00f3 hasta 1898, en lo que ahora es la Rep\u00fablica de\u00a0<a href=\"https:\/\/mythslegendes.com\/es\/mitologia-delta-benigna\/\">Benigno<\/a>.\u00a0<\/p>\n<p><\/p>\n<p>los\u00a0<strong>reino de dahomey<\/strong>\u00a0- o Danhom\u00e8 en el idioma Fon - es un antiguo reino africano ubicado en el suroeste de la actual Benin entre el siglo xvii<sup>mi<\/sup>\u00a0siglo y finales del XIX<sup>mi<\/sup>\u00a0siglo. Danhom\u00e8 se desarroll\u00f3 en la meseta de Abomey a principios del siglo XVII y se convirti\u00f3 en una potencia regional en el siglo XVIII.<sup>mi<\/sup>\u00a0siglo al conquistar ciudades clave en la costa atl\u00e1ntica, en particular el puerto de Ouidah.\u00a0<\/p>\n<p><\/p>\n<p>Seg\u00fan las tradiciones locales, las poblaciones de origen yoruba se han ido\u00a0<abbr title=\"siglo 16\">xvi<sup>mi<\/sup><\/abbr>\u00a0siglo la regi\u00f3n de Ketou en el pa\u00eds Yorouba (oeste y sur de Nigeria, este de Benin) para establecerse en Tado, cerca del r\u00edo Mono. All\u00ed se forman dos grupos: los Ewe (o Ehv\u00e9) que se mueven hacia el oeste (actual Togo) y los Fons (Dauma o Dahom\u00e9ens) que se asientan en el este.<\/p>\n<p>La oveja (o Ehve) crea Nuatja. Pero el advenimiento de un poder autoritario empuja hacia 1700-1750 la etnia a dividirse en tres grupos: los Ehv\u00e9s, los Anlos (o Anglo) al este del Volta (r\u00edo hacia el Golfo de Guinea) y los Ouatchis. Se asientan en las regiones donde viven hoy y forman cacicazgos o rep\u00fablicas dirigidas por consejos de sabios.<\/p>\n<p><\/p>\n<p>Los Fons, por su parte, fundaron tres reinos. Hacia 1600, fundaron Allada (reino de Ardres o Adra). Luego, las guerras de sucesi\u00f3n conducen a la formaci\u00f3n de otros dos reinos: Abomey y Adjatch\u00e9 (Porto Novo).<\/p>\n<p><\/p>\n<p>El reino de Abomey, m\u00e1s tarde rebautizado como &#039;Dahomey&#039;, probablemente por una mala transcripci\u00f3n europea, r\u00e1pidamente gan\u00f3 ventaja durante las guerras de conquista contra sus vecinos y los yoruba.<\/p>\n<p><img decoding=\"async\" class=\"alignnone wp-image-5284 size-full\" src=\"https:\/\/mythslegendes.com\/wp-content\/uploads\/2020\/09\/AlphaOmega-e1602613368367.png\" alt=\"Mitolog\u00eda Dahomean-Fon\" width=\"25\" height=\"26\" title=\"\"><\/p>\n<p><\/p>\n<p><\/p>\t\t\t\t\t\t\t\t<\/div>\n\t\t\t\t<\/div>\n\t\t\t\t\t<\/div>\n\t\t<\/div>\n\t\t\t\t\t<\/div>\n\t\t<\/section>\n\t\t\t\t<section class=\"elementor-section elementor-top-section elementor-element elementor-element-bf30aa6 elementor-section-boxed elementor-section-height-default elementor-section-height-default\" data-id=\"bf30aa6\" data-element_type=\"section\" data-e-type=\"section\">\n\t\t\t\t\t\t<div class=\"elementor-container elementor-column-gap-default\">\n\t\t\t\t\t<div class=\"elementor-column elementor-col-100 elementor-top-column elementor-element elementor-element-f3a7e1a\" data-id=\"f3a7e1a\" data-element_type=\"column\" data-e-type=\"column\">\n\t\t\t<div class=\"elementor-widget-wrap elementor-element-populated\">\n\t\t\t\t\t\t<div class=\"elementor-element elementor-element-63d9716 elementor-widget elementor-widget-heading\" data-id=\"63d9716\" data-element_type=\"widget\" data-e-type=\"widget\" data-widget_type=\"heading.default\">\n\t\t\t\t<div class=\"elementor-widget-container\">\n\t\t\t\t\t<h2 class=\"elementor-heading-title elementor-size-default\"><span class=\"ez-toc-section\" id=\"Mythologie-Dahomeenne-Fon-textes\"><\/span>Mitolog\u00eda Dahomean-Fon (textos)<span class=\"ez-toc-section-end\"><\/span><\/h2>\t\t\t\t<\/div>\n\t\t\t\t<\/div>\n\t\t\t\t\t<\/div>\n\t\t<\/div>\n\t\t\t\t\t<\/div>\n\t\t<\/section>\n\t\t\t\t<section class=\"elementor-section elementor-top-section elementor-element elementor-element-4760114 elementor-section-boxed elementor-section-height-default elementor-section-height-default\" data-id=\"4760114\" data-element_type=\"section\" data-e-type=\"section\">\n\t\t\t\t\t\t<div class=\"elementor-container elementor-column-gap-default\">\n\t\t\t\t\t<div class=\"elementor-column elementor-col-100 elementor-top-column elementor-element elementor-element-5a903b7\" data-id=\"5a903b7\" data-element_type=\"column\" data-e-type=\"column\">\n\t\t\t<div class=\"elementor-widget-wrap elementor-element-populated\">\n\t\t\t\t\t\t<div class=\"elementor-element elementor-element-5c0202d elementor-widget elementor-widget-toggle\" data-id=\"5c0202d\" data-element_type=\"widget\" data-e-type=\"widget\" data-widget_type=\"toggle.default\">\n\t\t\t\t<div class=\"elementor-widget-container\">\n\t\t\t\t\t\t\t<div class=\"elementor-toggle\">\n\t\t\t\t\t\t\t<div class=\"elementor-toggle-item\">\n\t\t\t\t\t<div id=\"elementor-tab-title-9641\" class=\"elementor-tab-title\" data-tab=\"1\" role=\"button\" aria-controls=\"elementor-tab-content-9641\" aria-expanded=\"false\">\n\t\t\t\t\t\t\t\t\t\t\t\t<span class=\"elementor-toggle-icon elementor-toggle-icon-left\" aria-hidden=\"true\">\n\t\t\t\t\t\t\t\t\t\t\t\t\t\t\t<span class=\"elementor-toggle-icon-closed\"><i class=\"fas fa-caret-right\"><\/i><\/span>\n\t\t\t\t\t\t\t\t<span class=\"elementor-toggle-icon-opened\"><i class=\"elementor-toggle-icon-opened fas fa-caret-up\"><\/i><\/span>\n\t\t\t\t\t\t\t\t\t\t\t\t\t<\/span>\n\t\t\t\t\t\t\t\t\t\t\t\t<a class=\"elementor-toggle-title\" tabindex=\"0\">Cultura Dahomey-Fon<\/a>\n\t\t\t\t\t<\/div>\n\n\t\t\t\t\t<div id=\"elementor-tab-content-9641\" class=\"elementor-tab-content elementor-clearfix\" data-tab=\"1\" role=\"region\" aria-labelledby=\"elementor-tab-title-9641\"><ul>\n<li><strong><a href=\"https:\/\/mythslegendes.com\/es\/dahomeenne-fon-mitologia\/la-sangre-los-muertos-y-los-poderes-del-otro-mundo\/\">La sangre, los muertos y los poderes del otro mundo.<\/a><\/strong><\/li>\n<li><strong><a href=\"https:\/\/mythslegendes.com\/es\/dahomeenne-fon-mitologia\/el-rey-de-dahomey-y-las-amazonas\/\">El rey de Dahomey y las amazonas<\/a><\/strong><\/li>\n<\/ul><\/div>\n\t\t\t\t<\/div>\n\t\t\t\t\t\t\t<div class=\"elementor-toggle-item\">\n\t\t\t\t\t<div id=\"elementor-tab-title-9642\" class=\"elementor-tab-title\" data-tab=\"2\" role=\"button\" aria-controls=\"elementor-tab-content-9642\" aria-expanded=\"false\">\n\t\t\t\t\t\t\t\t\t\t\t\t<span class=\"elementor-toggle-icon elementor-toggle-icon-left\" aria-hidden=\"true\">\n\t\t\t\t\t\t\t\t\t\t\t\t\t\t\t<span class=\"elementor-toggle-icon-closed\"><i class=\"fas fa-caret-right\"><\/i><\/span>\n\t\t\t\t\t\t\t\t<span class=\"elementor-toggle-icon-opened\"><i class=\"elementor-toggle-icon-opened fas fa-caret-up\"><\/i><\/span>\n\t\t\t\t\t\t\t\t\t\t\t\t\t<\/span>\n\t\t\t\t\t\t\t\t\t\t\t\t<a class=\"elementor-toggle-title\" tabindex=\"0\">Libro gratuito sobre el Reino de Dahomey<\/a>\n\t\t\t\t\t<\/div>\n\n\t\t\t\t\t<div id=\"elementor-tab-content-9642\" class=\"elementor-tab-content elementor-clearfix\" data-tab=\"2\" role=\"region\" aria-labelledby=\"elementor-tab-title-9642\"><p><a href=\"https:\/\/gallica.bnf.fr\/ark:\/12148\/bpt6k209284r\/texteBrut\" target=\"_blank\" rel=\"noopener\">Reino de Dahomey<\/a><\/p><\/div>\n\t\t\t\t<\/div>\n\t\t\t\t\t\t\t<div class=\"elementor-toggle-item\">\n\t\t\t\t\t<div id=\"elementor-tab-title-9643\" class=\"elementor-tab-title\" data-tab=\"3\" role=\"button\" aria-controls=\"elementor-tab-content-9643\" aria-expanded=\"false\">\n\t\t\t\t\t\t\t\t\t\t\t\t<span class=\"elementor-toggle-icon elementor-toggle-icon-left\" aria-hidden=\"true\">\n\t\t\t\t\t\t\t\t\t\t\t\t\t\t\t<span class=\"elementor-toggle-icon-closed\"><i class=\"fas fa-caret-right\"><\/i><\/span>\n\t\t\t\t\t\t\t\t<span class=\"elementor-toggle-icon-opened\"><i class=\"elementor-toggle-icon-opened fas fa-caret-up\"><\/i><\/span>\n\t\t\t\t\t\t\t\t\t\t\t\t\t<\/span>\n\t\t\t\t\t\t\t\t\t\t\t\t<a class=\"elementor-toggle-title\" tabindex=\"0\">Pante\u00f3n Vodoun<\/a>\n\t\t\t\t\t<\/div>\n\n\t\t\t\t\t<div id=\"elementor-tab-content-9643\" class=\"elementor-tab-content elementor-clearfix\" data-tab=\"3\" role=\"region\" aria-labelledby=\"elementor-tab-title-9643\"><ul>\n<li><strong><a href=\"https:\/\/mythslegendes.com\/es\/dahomeenne-fon-mitologia\/el-vudu\/\">El Vodoun<\/a><\/strong><\/li>\n<li><strong><a href=\"https:\/\/mythslegendes.com\/es\/dahomeenne-fon-mitologia\/en-el-caos-inicial\/\">Dan, el caos inicial<\/a><\/strong><\/li>\n<li><strong><a href=\"https:\/\/mythslegendes.com\/es\/dahomeenne-fon-mitologia\/tejo-el-los-elementos-universales\/\">Y - E - W - Hey elementos universales<\/a><\/strong><\/li>\n<li><strong><a href=\"https:\/\/mythslegendes.com\/es\/dahomeenne-fon-mitologia\/dioses-de-primera-generacion\/\">Dioses de primera generaci\u00f3n Fon<\/a><\/strong><\/li>\n<li><a href=\"https:\/\/mythslegendes.com\/es\/dahomeenne-fon-mitologia\/dioses-de-2da-generacion-fon\/\"><strong>Dioses de segunda generaci\u00f3n<\/strong> <strong>Fon<\/strong><\/a><\/li>\n<li><strong><a href=\"https:\/\/mythslegendes.com\/es\/dahomeenne-fon-mitologia\/3ra-generacion-dioses-fon\/\">Dioses de tercera generaci\u00f3n Fon<\/a><\/strong><\/li>\n<li><strong><a href=\"https:\/\/mythslegendes.com\/es\/dahomeenne-fon-mitologia\/4th-generation-gods-fon\/\">Dioses de cuarta generaci\u00f3n Fon<\/a><\/strong><\/li>\n<\/ul><\/div>\n\t\t\t\t<\/div>\n\t\t\t\t\t\t\t\t<\/div>\n\t\t\t\t\t\t<\/div>\n\t\t\t\t<\/div>\n\t\t\t\t\t<\/div>\n\t\t<\/div>\n\t\t\t\t\t<\/div>\n\t\t<\/section>\n\t\t\t\t<section class=\"elementor-section elementor-top-section elementor-element elementor-element-b310a89 elementor-section-boxed elementor-section-height-default elementor-section-height-default\" data-id=\"b310a89\" data-element_type=\"section\" data-e-type=\"section\">\n\t\t\t\t\t\t<div class=\"elementor-container elementor-column-gap-default\">\n\t\t\t\t\t<div class=\"elementor-column elementor-col-100 elementor-top-column elementor-element elementor-element-b43b74e\" data-id=\"b43b74e\" data-element_type=\"column\" data-e-type=\"column\">\n\t\t\t<div class=\"elementor-widget-wrap elementor-element-populated\">\n\t\t\t\t\t\t<div class=\"elementor-element elementor-element-84bc86f elementor-widget elementor-widget-heading\" data-id=\"84bc86f\" data-element_type=\"widget\" data-e-type=\"widget\" data-widget_type=\"heading.default\">\n\t\t\t\t<div class=\"elementor-widget-container\">\n\t\t\t\t\t<h2 class=\"elementor-heading-title elementor-size-default\"><span class=\"ez-toc-section\" id=\"Livres-sur-la-mythologie-Niger-congo\"><\/span>Libros sobre la mitolog\u00eda de N\u00edger-Congo<span class=\"ez-toc-section-end\"><\/span><\/h2>\t\t\t\t<\/div>\n\t\t\t\t<\/div>\n\t\t\t\t\t<\/div>\n\t\t<\/div>\n\t\t\t\t\t<\/div>\n\t\t<\/section>\n\t\t\t\t<section class=\"elementor-section elementor-top-section elementor-element elementor-element-c30bdf7 elementor-section-boxed elementor-section-height-default elementor-section-height-default\" data-id=\"c30bdf7\" data-element_type=\"section\" data-e-type=\"section\">\n\t\t\t\t\t\t<div class=\"elementor-container elementor-column-gap-default\">\n\t\t\t\t\t<div class=\"elementor-column elementor-col-100 elementor-top-column elementor-element elementor-element-a3f1373\" data-id=\"a3f1373\" data-element_type=\"column\" data-e-type=\"column\">\n\t\t\t<div class=\"elementor-widget-wrap elementor-element-populated\">\n\t\t\t\t\t\t<div class=\"elementor-element elementor-element-bd0476d elementor-widget elementor-widget-text-editor\" data-id=\"bd0476d\" data-element_type=\"widget\" data-e-type=\"widget\" data-widget_type=\"text-editor.default\">\n\t\t\t\t<div class=\"elementor-widget-container\">\n\t\t\t\t\t\t\t\t\t<p>C\u00f3mics \/ Ilustrados:<\/p>\n<p>En franc\u00e9s :<\/p>\n<ul>\n<li><a href=\"https:\/\/www.amazon.fr\/dp\/201340414X?&amp;linkCode=ll1&amp;tag=mythscience-21&amp;linkId=d5b8887cf18a7cfa02ad93af916ac815&amp;language=fr_FR&amp;ref_=as_li_ss_tl\" target=\"_blank\" rel=\"noopener\">El antiguo reino de Dahomey, costumbres, religi\u00f3n, historia.<\/a><\/li>\n<li><a href=\"https:\/\/www.amazon.fr\/dp\/2845866232?&amp;linkCode=sl1&amp;tag=mythscience-21&amp;linkId=11762ff4f8c1306d435a19d0df251bfd&amp;language=fr_FR&amp;ref_=as_li_ss_tl\" target=\"_blank\" rel=\"noopener\">Cuentos y leyendas de Benin<\/a><\/li>\n<li><a href=\"https:\/\/www.amazon.fr\/dp\/2372490621?&amp;linkCode=sl1&amp;tag=mythscience-21&amp;linkId=a0f6a7429baecbcbdfeb5c9d9c80a6fb&amp;language=fr_FR&amp;ref_=as_li_ss_tl\" target=\"_blank\" rel=\"noopener\">Dios del agua<\/a><\/li>\n<li><a href=\"https:\/\/www.amazon.fr\/dp\/2266230735?&amp;linkCode=ll1&amp;tag=mythscience-21&amp;linkId=af3ec2f9438cc350c2a09e75790c9d5e&amp;language=fr_FR&amp;ref_=as_li_ss_tl\" target=\"_blank\" rel=\"noopener\">No hay pelea peque\u00f1a<\/a><\/li>\n<li><a href=\"https:\/\/www.amazon.fr\/dp\/2266095501?&amp;linkCode=ll1&amp;tag=mythscience-21&amp;linkId=a9394ef1d01b802735a2e08f3d380214&amp;language=fr_FR&amp;ref_=as_li_ss_tl\" target=\"_blank\" rel=\"noopener\">Cuentos de iniciaci\u00f3n Fulani<\/a><\/li>\n<li><a href=\"https:\/\/www.amazon.fr\/dp\/274819828X?&amp;linkCode=sl1&amp;tag=mythscience-21&amp;linkId=0db1afe8ca5a75b3a97ae302f3e9daef&amp;language=fr_FR&amp;ref_=as_li_ss_tl\" target=\"_blank\" rel=\"noopener\">Cuentos y leyendas en el pa\u00eds de Serer<\/a><\/li>\n<\/ul>\n<p>Solo en ingles:<\/p>\n<ul>\n<li><a href=\"https:\/\/www.amazon.fr\/dp\/0805003118?&amp;linkCode=ll1&amp;tag=mythscience-21&amp;linkId=8467497c53cdcb2f19c500bbaf3cde05&amp;language=fr_FR&amp;ref_=as_li_ss_tl\" target=\"_blank\" rel=\"noopener\">Anansi la ara\u00f1a: un cuento de Ashanti<\/a><\/li>\n<li><a href=\"https:\/\/www.amazon.fr\/dp\/1952228018?&amp;linkCode=sl1&amp;tag=mythscience-21&amp;linkId=73064ee14327ce575d29f192e75998a3&amp;language=fr_FR&amp;ref_=as_li_ss_tl\" target=\"_blank\" rel=\"noopener\">Los Akan, otros africanos y el sistema estelar de Sirio<\/a><\/li>\n<li><a href=\"https:\/\/www.amazon.fr\/dp\/199933633X?&amp;linkCode=sl1&amp;tag=mythscience-21&amp;linkId=dd29acafa74501c491cdb150f22d14e6&amp;language=fr_FR&amp;ref_=as_li_ss_tl\" target=\"_blank\" rel=\"noopener\">Hijos del Reino de Benin<\/a><\/li>\n<li><a href=\"https:\/\/www.amazon.fr\/dp\/1594771340?&amp;linkCode=sl1&amp;tag=mythscience-21&amp;linkId=ca1c6d940008fc55622dea1ac73d6a54&amp;language=fr_FR&amp;ref_=as_li_ss_tl\" target=\"_blank\" rel=\"noopener\">S\u00edmbolos Sagrados de los Dogon<\/a><\/li>\n<li><a href=\"https:\/\/www.amazon.fr\/dp\/1981166270?&amp;linkCode=sl1&amp;tag=mythscience-21&amp;linkId=43d1586e3a9618fcab1a777d95f45e53&amp;language=fr_FR&amp;ref_=as_li_ss_tl\" target=\"_blank\" rel=\"noopener\">Efik Cuentos a la luz de la luna, Calabar Nigeria<\/a><\/li>\n<li><a href=\"https:\/\/www.amazon.fr\/dp\/1592218091?&amp;linkCode=ll1&amp;tag=mythscience-21&amp;linkId=7c9dcc959eef4cb06cb8f091a6d44f88&amp;language=fr_FR&amp;ref_=as_li_ss_tl\" target=\"_blank\" rel=\"noopener\">Las Cr\u00f3nicas de Tombuct\u00fa, 1493-1599<\/a><\/li>\n<li><a href=\"https:\/\/www.amazon.fr\/dp\/1432913409?&amp;linkCode=ll1&amp;tag=mythscience-21&amp;linkId=d6f7852a5d4e338b7e3d1922a7515f16&amp;language=fr_FR&amp;ref_=as_li_ss_tl\" target=\"_blank\" rel=\"noopener\">Antiguos reinos de \u00c1frica Occidental<\/a><\/li>\n<li><a href=\"https:\/\/www.amazon.fr\/Legend-Walking-Dead-Igbo-Mythologies\/dp\/1631359347?&amp;linkCode=sl1&amp;tag=mythscience-21&amp;linkId=ca926601d80f9a051a3cae47d325f6a7&amp;language=fr_FR&amp;ref_=as_li_ss_tl\" target=\"_blank\" rel=\"noopener\">Leyenda de los muertos vivientes: mitolog\u00edas igbo<\/a><\/li>\n<li><a href=\"https:\/\/www.amazon.fr\/dp\/0803218435?&amp;linkCode=ll1&amp;tag=mythscience-21&amp;linkId=4345366d88ae3f754876465e88b069ab&amp;language=fr_FR&amp;ref_=as_li_ss_tl\" target=\"_blank\" rel=\"noopener\">Proverbios Yoruba<\/a><\/li>\n<li><a href=\"https:\/\/www.amazon.fr\/dp\/0872866300?&amp;linkCode=sl1&amp;tag=mythscience-21&amp;linkId=dc7396111d0ebbb36ac05bd62fdab37e&amp;language=fr_FR&amp;ref_=as_li_ss_tl\" target=\"_blank\" rel=\"noopener\">Bosque de los Mil Demonios<\/a><\/li>\n<li><a href=\"https:\/\/www.amazon.fr\/dp\/1605060178?&amp;linkCode=sl1&amp;tag=mythscience-21&amp;linkId=68aa8bd1ad2804b60acae2259fcd0254&amp;language=fr_FR&amp;ref_=as_li_ss_tl\" target=\"_blank\" rel=\"noopener\">Leyendas Yoruba (Libros Olvidados)<\/a><\/li>\n<li><a href=\"https:\/\/www.amazon.fr\/dp\/159143145X?&amp;linkCode=sl1&amp;tag=mythscience-21&amp;linkId=b6aa27aebd2668685c4e32cbc13ad718&amp;language=fr_FR&amp;ref_=as_li_ss_tl\" target=\"_blank\" rel=\"noopener\">La historia perdida de la gente peque\u00f1a<\/a><\/li>\n<\/ul>\t\t\t\t\t\t\t\t<\/div>\n\t\t\t\t<\/div>\n\t\t\t\t\t<\/div>\n\t\t<\/div>\n\t\t\t\t\t<\/div>\n\t\t<\/section>\n\t\t\t\t<\/div>","protected":false},"excerpt":{"rendered":"<p>Retour au Groupe Culturel Boutique D\u00e9di\u00e9e Wiki Mythologie Dahom\u00e9enne-Fon La Mythologie Dahom\u00e9enne-Fon regroupe les mythes et l\u00e9gendes des peuples, royaumes &hellip; <\/p>","protected":false},"author":1,"featured_media":0,"parent":0,"menu_order":1,"comment_status":"closed","ping_status":"closed","template":"","meta":{"footnotes":""},"class_list":["post-4116","page","type-page","status-publish","hentry"],"amp_enabled":true,"_links":{"self":[{"href":"https:\/\/mythslegendes.com\/es\/wp-json\/wp\/v2\/pages\/4116","targetHints":{"allow":["GET"]}}],"collection":[{"href":"https:\/\/mythslegendes.com\/es\/wp-json\/wp\/v2\/pages"}],"about":[{"href":"https:\/\/mythslegendes.com\/es\/wp-json\/wp\/v2\/types\/page"}],"author":[{"embeddable":true,"href":"https:\/\/mythslegendes.com\/es\/wp-json\/wp\/v2\/users\/1"}],"replies":[{"embeddable":true,"href":"https:\/\/mythslegendes.com\/es\/wp-json\/wp\/v2\/comments?post=4116"}],"version-history":[{"count":10,"href":"https:\/\/mythslegendes.com\/es\/wp-json\/wp\/v2\/pages\/4116\/revisions"}],"predecessor-version":[{"id":27007,"href":"https:\/\/mythslegendes.com\/es\/wp-json\/wp\/v2\/pages\/4116\/revisions\/27007"}],"wp:attachment":[{"href":"https:\/\/mythslegendes.com\/es\/wp-json\/wp\/v2\/media?parent=4116"}],"curies":[{"name":"wp","href":"https:\/\/api.w.org\/{rel}","templated":true}]}}