{"id":4124,"date":"2020-08-18T13:30:40","date_gmt":"2020-08-18T12:30:40","guid":{"rendered":"https:\/\/mythslegendes.com\/?page_id=4124"},"modified":"2020-11-20T15:00:10","modified_gmt":"2020-11-20T15:00:10","slug":"le-sang-les-morts-et-les-puissance-du-monde-autre","status":"publish","type":"page","link":"https:\/\/mythslegendes.com\/es\/dahomeenne-fon-mitologia\/la-sangre-los-muertos-y-los-poderes-del-otro-mundo\/","title":{"rendered":"La sangre, los muertos y el poder del otro mundo."},"content":{"rendered":"<div data-elementor-type=\"wp-page\" data-elementor-id=\"4124\" class=\"elementor elementor-4124\">\n\t\t\t\t\t\t<section class=\"elementor-section elementor-top-section elementor-element elementor-element-ebabea7 elementor-section-boxed elementor-section-height-default elementor-section-height-default\" data-id=\"ebabea7\" data-element_type=\"section\" data-e-type=\"section\">\n\t\t\t\t\t\t<div class=\"elementor-container elementor-column-gap-default\">\n\t\t\t\t\t<div class=\"elementor-column elementor-col-50 elementor-top-column elementor-element elementor-element-2b187de\" data-id=\"2b187de\" data-element_type=\"column\" data-e-type=\"column\">\n\t\t\t<div class=\"elementor-widget-wrap elementor-element-populated\">\n\t\t\t\t\t\t<div class=\"elementor-element elementor-element-6ceebfc elementor-align-justify elementor-widget elementor-widget-button\" data-id=\"6ceebfc\" data-element_type=\"widget\" data-e-type=\"widget\" data-widget_type=\"button.default\">\n\t\t\t\t<div class=\"elementor-widget-container\">\n\t\t\t\t\t\t\t\t\t<div class=\"elementor-button-wrapper\">\n\t\t\t\t\t<a class=\"elementor-button elementor-button-link elementor-size-sm\" href=\"https:\/\/mythslegendes.com\/es\/dahomeenne-fon-mitologia\/\">\n\t\t\t\t\t\t<span class=\"elementor-button-content-wrapper\">\n\t\t\t\t\t\t\t\t\t<span class=\"elementor-button-text\">Mitolog\u00eda Dahomean-Fon<\/span>\n\t\t\t\t\t<\/span>\n\t\t\t\t\t<\/a>\n\t\t\t\t<\/div>\n\t\t\t\t\t\t\t\t<\/div>\n\t\t\t\t<\/div>\n\t\t\t\t\t<\/div>\n\t\t<\/div>\n\t\t\t\t<div class=\"elementor-column elementor-col-50 elementor-top-column elementor-element elementor-element-d6b1121\" data-id=\"d6b1121\" data-element_type=\"column\" data-e-type=\"column\">\n\t\t\t<div class=\"elementor-widget-wrap elementor-element-populated\">\n\t\t\t\t\t\t<div class=\"elementor-element elementor-element-4466fa9 elementor-align-justify elementor-widget elementor-widget-button\" data-id=\"4466fa9\" data-element_type=\"widget\" data-e-type=\"widget\" data-widget_type=\"button.default\">\n\t\t\t\t<div class=\"elementor-widget-container\">\n\t\t\t\t\t\t\t\t\t<div class=\"elementor-button-wrapper\">\n\t\t\t\t\t<a class=\"elementor-button elementor-button-link elementor-size-sm\" href=\"https:\/\/fr.wikipedia.org\/wiki\/Royaume_du_Dahomey\" target=\"_blank\" rel=\"noopener\">\n\t\t\t\t\t\t<span class=\"elementor-button-content-wrapper\">\n\t\t\t\t\t\t\t\t\t<span class=\"elementor-button-text\">Wiki<\/span>\n\t\t\t\t\t<\/span>\n\t\t\t\t\t<\/a>\n\t\t\t\t<\/div>\n\t\t\t\t\t\t\t\t<\/div>\n\t\t\t\t<\/div>\n\t\t\t\t\t<\/div>\n\t\t<\/div>\n\t\t\t\t\t<\/div>\n\t\t<\/section>\n\t\t\t\t<section class=\"elementor-section elementor-top-section elementor-element elementor-element-947cfaa elementor-section-boxed elementor-section-height-default elementor-section-height-default\" data-id=\"947cfaa\" data-element_type=\"section\" data-e-type=\"section\">\n\t\t\t\t\t\t<div class=\"elementor-container elementor-column-gap-default\">\n\t\t\t\t\t<div class=\"elementor-column elementor-col-100 elementor-top-column elementor-element elementor-element-3143b04\" data-id=\"3143b04\" data-element_type=\"column\" data-e-type=\"column\">\n\t\t\t<div class=\"elementor-widget-wrap elementor-element-populated\">\n\t\t\t\t\t\t<div class=\"elementor-element elementor-element-6bd7760 elementor-widget elementor-widget-text-editor\" data-id=\"6bd7760\" data-element_type=\"widget\" data-e-type=\"widget\" data-widget_type=\"text-editor.default\">\n\t\t\t\t<div class=\"elementor-widget-container\">\n\t\t\t\t\t\t\t\t\t<p>La religi\u00f3n <a href=\"https:\/\/mythslegendes.com\/es\/dahomeenne-fon-mitologia\/\">dahomeyano<\/a> Est\u00e1 muy ligado a la sangre, los muertos y el poder del otro mundo.<\/p>\t\t\t\t\t\t\t\t<\/div>\n\t\t\t\t<\/div>\n\t\t\t\t\t<\/div>\n\t\t<\/div>\n\t\t\t\t\t<\/div>\n\t\t<\/section>\n\t\t\t\t<section class=\"elementor-section elementor-top-section elementor-element elementor-element-848b5ef elementor-section-boxed elementor-section-height-default elementor-section-height-default\" data-id=\"848b5ef\" data-element_type=\"section\" data-e-type=\"section\">\n\t\t\t\t\t\t<div class=\"elementor-container elementor-column-gap-default\">\n\t\t\t\t\t<div class=\"elementor-column elementor-col-100 elementor-top-column elementor-element elementor-element-1d8fd62\" data-id=\"1d8fd62\" data-element_type=\"column\" data-e-type=\"column\">\n\t\t\t<div class=\"elementor-widget-wrap elementor-element-populated\">\n\t\t\t\t\t\t<div class=\"elementor-element elementor-element-f43b91b elementor-widget elementor-widget-heading\" data-id=\"f43b91b\" data-element_type=\"widget\" data-e-type=\"widget\" data-widget_type=\"heading.default\">\n\t\t\t\t<div class=\"elementor-widget-container\">\n\t\t\t\t\t<div id=\"ez-toc-container\" class=\"ez-toc-v2_0_82_2 counter-hierarchy ez-toc-counter ez-toc-grey ez-toc-container-direction\">\n<div class=\"ez-toc-title-container\">\n<p class=\"ez-toc-title\" style=\"cursor:inherit\">Contenido<\/p>\n<span class=\"ez-toc-title-toggle\"><a href=\"#\" class=\"ez-toc-pull-right ez-toc-btn ez-toc-btn-xs ez-toc-btn-default ez-toc-toggle\" aria-label=\"Alternar tabla de contenidos\"><span class=\"ez-toc-js-icon-con\"><span class=\"\"><span class=\"eztoc-hide\" style=\"display:none;\">Palanca<\/span><span class=\"ez-toc-icon-toggle-span\"><svg style=\"fill: #999;color:#999\" xmlns=\"http:\/\/www.w3.org\/2000\/svg\" class=\"list-377408\" width=\"20px\" height=\"20px\" viewbox=\"0 0 24 24\" fill=\"none\"><path d=\"M6 6H4v2h2V6zm14 0H8v2h12V6zM4 11h2v2H4v-2zm16 0H8v2h12v-2zM4 16h2v2H4v-2zm16 0H8v2h12v-2z\" fill=\"currentColor\"><\/path><\/svg><svg style=\"fill: #999;color:#999\" class=\"arrow-unsorted-368013\" xmlns=\"http:\/\/www.w3.org\/2000\/svg\" width=\"10px\" height=\"10px\" viewbox=\"0 0 24 24\" version=\"1.2\" baseprofile=\"tiny\"><path d=\"M18.2 9.3l-6.2-6.3-6.2 6.3c-.2.2-.3.4-.3.7s.1.5.3.7c.2.2.4.3.7.3h11c.3 0 .5-.1.7-.3.2-.2.3-.5.3-.7s-.1-.5-.3-.7zM5.8 14.7l6.2 6.3 6.2-6.3c.2-.2.3-.5.3-.7s-.1-.5-.3-.7c-.2-.2-.4-.3-.7-.3h-11c-.3 0-.5.1-.7.3-.2.2-.3.5-.3.7s.1.5.3.7z\"\/><\/svg><\/span><\/span><\/span><\/a><\/span><\/div>\n<nav><ul class='ez-toc-list ez-toc-list-level-1' ><li class='ez-toc-page-1 ez-toc-heading-level-2'><a class=\"ez-toc-link ez-toc-heading-1\" href=\"https:\/\/mythslegendes.com\/es\/dahomeenne-fon-mitologia\/la-sangre-los-muertos-y-los-poderes-del-otro-mundo\/#Puissance-du-monde-autre\" >Poder del otro mundo<\/a><\/li><\/ul><\/nav><\/div>\n<h2 class=\"elementor-heading-title elementor-size-default\"><span class=\"ez-toc-section\" id=\"Puissance-du-monde-autre\"><\/span>Poder del otro mundo<span class=\"ez-toc-section-end\"><\/span><\/h2>\t\t\t\t<\/div>\n\t\t\t\t<\/div>\n\t\t\t\t\t<\/div>\n\t\t<\/div>\n\t\t\t\t\t<\/div>\n\t\t<\/section>\n\t\t\t\t<section class=\"elementor-section elementor-top-section elementor-element elementor-element-35de5e95 elementor-section-boxed elementor-section-height-default elementor-section-height-default\" data-id=\"35de5e95\" data-element_type=\"section\" data-e-type=\"section\">\n\t\t\t\t\t\t<div class=\"elementor-container elementor-column-gap-default\">\n\t\t\t\t\t<div class=\"elementor-column elementor-col-100 elementor-top-column elementor-element elementor-element-1bfde967\" data-id=\"1bfde967\" data-element_type=\"column\" data-e-type=\"column\">\n\t\t\t<div class=\"elementor-widget-wrap elementor-element-populated\">\n\t\t\t\t\t\t<div class=\"elementor-element elementor-element-131402eb elementor-widget elementor-widget-text-editor\" data-id=\"131402eb\" data-element_type=\"widget\" data-e-type=\"widget\" data-widget_type=\"text-editor.default\">\n\t\t\t\t<div class=\"elementor-widget-container\">\n\t\t\t\t\t\t\t\t\t<p><\/p>\n<p>El culto a los muertos estaba sujeto a una jerarqu\u00eda: si el muerto era pobre, era arrojado al monte para alimentar a los animales salvajes; si era rico, se le rend\u00edan grandes honores; su tumba fue cavada debajo de su lecho mortuorio y, en un pasado lejano, un ni\u00f1o fue sacrificado en su tumba para apaciguar a Liba, la guardiana de los muertos. Los funerales de los reyes estuvieron acompa\u00f1ados de masacres. Hombres y mujeres destinados a servirles como sirvientes y esposas en el otro mundo fueron inmolados en sus tumbas.<\/p>\n<p>Adem\u00e1s, los dahomeanos no tem\u00edan a la muerte; Cre\u00edan tan completamente en la inmortalidad del alma que ve\u00edan la muerte como el paso a una vida m\u00e1s real y eterna. Para hablar con sus antepasados, el rey una vez mat\u00f3 con sus propias manos a un hombre a quien la familia se sinti\u00f3 muy honrada de ver elegido embajador del rey. A intervalos regulares, los rituales m\u00e1s peque\u00f1os tambi\u00e9n inclu\u00edan tales sacrificios. El objetivo es de alguna manera renovar el \u201cpersonal\u201d de los antiguos soberanos. Las personas inmoladas en las tumbas recib\u00edan una botella de tafia y conchas de cauri para los gastos de viaje.<\/p>\n<p><\/p>\n<p><img fetchpriority=\"high\" decoding=\"async\" class=\"alignnone\" src=\"http:\/\/www.cosmovisions.com\/ReligionsDahomey.gif\" alt=\"poder del otro mundo\" width=\"370\" height=\"326\" title=\"\"><br \/><strong>Las religiones de la Sangre y las Serpientes (Vud\u00fa) en <a href=\"https:\/\/mythslegendes.com\/es\/dahomeenne-fon-mitologia\/\">Dahomey<\/a>.<\/strong><\/p>\n<p><\/p>\n<p>Adem\u00e1s de esta religi\u00f3n de sangre, practicada sobre todo en la regi\u00f3n de Abomey, en la Costa de los Esclavos (especialmente en Dahomey y Togo) exist\u00eda otra religi\u00f3n que, con sus innumerables sacerdotes, tambi\u00e9n impresion\u00f3 fuertemente a los viajeros de la antig\u00fcedad: la que primero se llam\u00f3 la religi\u00f3n de las serpientes. En realidad se trataba m\u00e1s bien de un culto local a la serpiente: una pit\u00f3n sagrada de tres metros que ten\u00eda sus sacerdotisas en Ouidah y a la que <a href=\"https:\/\/mythslegendes.com\/es\/\">mitolog\u00eda<\/a> complejo-, del que hab\u00eda muchos otros aspectos, como el car\u00e1cter sagrado de los \u00e1rboles (que los extranjeros no ten\u00edan derecho a talar), y sobre todo la veneraci\u00f3n de numerosos\u00a0<em>potestades<\/em>.<\/p>\n<p><\/p>\n<p>Dentro de las casas, el culto se mezclaba con todos los actos de la vida; afuera encontramos en cada esquina de los pueblos, debajo de cada \u00e1rbol del campo, peque\u00f1os marcadores cubiertos de cer\u00e1mica y ofrendas: all\u00ed se repon\u00edan constantemente aceite de palma y tortas de ma\u00edz. Hab\u00eda miedo de dirigirse al \u201cSe\u00f1or de los esp\u00edritus\u201d que era un dios demasiado grande; pero adoramos el alma de los antepasados y las fuerzas de la naturaleza, los genios secundarios.<\/p>\n<p>A veces el jefe de las ciudades era una serpiente (la\u00a0<em>dangbe<\/em>), como en Ouidah, que representaba la benevolencia y la felicidad, a veces un perro, un mono, un caim\u00e1n; En las orillas del mar, la gente adoraba al dios de las olas. Los dahomeanos adoraban las almas de los grandes; adoraban sus propias almas no \u201ccuando desciende al vientre\u201d sino \u201ccuando sube a la cabeza y suscita ideas\u201d. Cada objeto ten\u00eda su alma que era un poder; la cruz cristiana era un poder respetado; Lo mismo ocurre con los ca\u00f1ones y los rifles.<\/p>\n<p><\/p>\n<p>Estos poderes fueron llamados\u00a0<em>vud\u00fa<\/em>, de donde deriva el nombre de Vud\u00fa o Vud\u00fa con el que hoy conocemos esta religi\u00f3n. Lleg\u00f3 desde las costas de Dahomey a Am\u00e9rica y all\u00ed fue adaptado de diversas maneras por el tr\u00e1fico de esclavos. En Hait\u00ed, como en Brasil, ha permanecido tanto m\u00e1s arraigado cuanto que los segmentos m\u00e1s pobres de la poblaci\u00f3n lo experimentan como una herramienta para expresar su identidad.<\/p>\n<p><\/p>\t\t\t\t\t\t\t\t<\/div>\n\t\t\t\t<\/div>\n\t\t\t\t\t<\/div>\n\t\t<\/div>\n\t\t\t\t\t<\/div>\n\t\t<\/section>\n\t\t\t\t<\/div>","protected":false},"excerpt":{"rendered":"<p>Mythologie Dahom\u00e9enne-Fon Wiki La religion Dahom\u00e9enne est beaucoup li\u00e9 au sang, aux morts et la puissance du monde-autre. Puissance du &hellip; <\/p>","protected":false},"author":1,"featured_media":0,"parent":4116,"menu_order":0,"comment_status":"closed","ping_status":"closed","template":"","meta":{"footnotes":""},"class_list":["post-4124","page","type-page","status-publish","hentry"],"amp_enabled":true,"_links":{"self":[{"href":"https:\/\/mythslegendes.com\/es\/wp-json\/wp\/v2\/pages\/4124","targetHints":{"allow":["GET"]}}],"collection":[{"href":"https:\/\/mythslegendes.com\/es\/wp-json\/wp\/v2\/pages"}],"about":[{"href":"https:\/\/mythslegendes.com\/es\/wp-json\/wp\/v2\/types\/page"}],"author":[{"embeddable":true,"href":"https:\/\/mythslegendes.com\/es\/wp-json\/wp\/v2\/users\/1"}],"replies":[{"embeddable":true,"href":"https:\/\/mythslegendes.com\/es\/wp-json\/wp\/v2\/comments?post=4124"}],"version-history":[{"count":0,"href":"https:\/\/mythslegendes.com\/es\/wp-json\/wp\/v2\/pages\/4124\/revisions"}],"up":[{"embeddable":true,"href":"https:\/\/mythslegendes.com\/es\/wp-json\/wp\/v2\/pages\/4116"}],"wp:attachment":[{"href":"https:\/\/mythslegendes.com\/es\/wp-json\/wp\/v2\/media?parent=4124"}],"curies":[{"name":"wp","href":"https:\/\/api.w.org\/{rel}","templated":true}]}}