{"id":4128,"date":"2020-08-18T13:32:07","date_gmt":"2020-08-18T12:32:07","guid":{"rendered":"https:\/\/mythslegendes.com\/?page_id=4128"},"modified":"2020-11-20T15:01:44","modified_gmt":"2020-11-20T15:01:44","slug":"le-roi-de-dahomey-et-les-amazones","status":"publish","type":"page","link":"https:\/\/mythslegendes.com\/es\/dahomeenne-fon-mitologia\/el-rey-de-dahomey-y-las-amazonas\/","title":{"rendered":"El rey de Dahomey y las amazonas"},"content":{"rendered":"<div data-elementor-type=\"wp-page\" data-elementor-id=\"4128\" class=\"elementor elementor-4128\">\n\t\t\t\t\t\t<section class=\"elementor-section elementor-top-section elementor-element elementor-element-3be2c4f elementor-section-boxed elementor-section-height-default elementor-section-height-default\" data-id=\"3be2c4f\" data-element_type=\"section\" data-e-type=\"section\">\n\t\t\t\t\t\t<div class=\"elementor-container elementor-column-gap-default\">\n\t\t\t\t\t<div class=\"elementor-column elementor-col-50 elementor-top-column elementor-element elementor-element-2d1646f\" data-id=\"2d1646f\" data-element_type=\"column\" data-e-type=\"column\">\n\t\t\t<div class=\"elementor-widget-wrap elementor-element-populated\">\n\t\t\t\t\t\t<div class=\"elementor-element elementor-element-04a19ea elementor-align-justify elementor-widget elementor-widget-button\" data-id=\"04a19ea\" data-element_type=\"widget\" data-e-type=\"widget\" data-widget_type=\"button.default\">\n\t\t\t\t<div class=\"elementor-widget-container\">\n\t\t\t\t\t\t\t\t\t<div class=\"elementor-button-wrapper\">\n\t\t\t\t\t<a class=\"elementor-button elementor-button-link elementor-size-sm\" href=\"https:\/\/mythslegendes.com\/es\/dahomeenne-fon-mitologia\/\">\n\t\t\t\t\t\t<span class=\"elementor-button-content-wrapper\">\n\t\t\t\t\t\t\t\t\t<span class=\"elementor-button-text\">Mitolog\u00eda Dahomean-Fon<\/span>\n\t\t\t\t\t<\/span>\n\t\t\t\t\t<\/a>\n\t\t\t\t<\/div>\n\t\t\t\t\t\t\t\t<\/div>\n\t\t\t\t<\/div>\n\t\t\t\t\t<\/div>\n\t\t<\/div>\n\t\t\t\t<div class=\"elementor-column elementor-col-50 elementor-top-column elementor-element elementor-element-e877578\" data-id=\"e877578\" data-element_type=\"column\" data-e-type=\"column\">\n\t\t\t<div class=\"elementor-widget-wrap elementor-element-populated\">\n\t\t\t\t\t\t<div class=\"elementor-element elementor-element-58094cf elementor-align-justify elementor-widget elementor-widget-button\" data-id=\"58094cf\" data-element_type=\"widget\" data-e-type=\"widget\" data-widget_type=\"button.default\">\n\t\t\t\t<div class=\"elementor-widget-container\">\n\t\t\t\t\t\t\t\t\t<div class=\"elementor-button-wrapper\">\n\t\t\t\t\t<a class=\"elementor-button elementor-button-link elementor-size-sm\" href=\"https:\/\/fr.wikipedia.org\/wiki\/Royaume_du_Dahomey\" target=\"_blank\" rel=\"noopener\">\n\t\t\t\t\t\t<span class=\"elementor-button-content-wrapper\">\n\t\t\t\t\t\t\t\t\t<span class=\"elementor-button-text\">Wiki<\/span>\n\t\t\t\t\t<\/span>\n\t\t\t\t\t<\/a>\n\t\t\t\t<\/div>\n\t\t\t\t\t\t\t\t<\/div>\n\t\t\t\t<\/div>\n\t\t\t\t\t<\/div>\n\t\t<\/div>\n\t\t\t\t\t<\/div>\n\t\t<\/section>\n\t\t\t\t<section class=\"elementor-section elementor-top-section elementor-element elementor-element-9136f98 elementor-section-boxed elementor-section-height-default elementor-section-height-default\" data-id=\"9136f98\" data-element_type=\"section\" data-e-type=\"section\">\n\t\t\t\t\t\t<div class=\"elementor-container elementor-column-gap-default\">\n\t\t\t\t\t<div class=\"elementor-column elementor-col-100 elementor-top-column elementor-element elementor-element-59b90b4\" data-id=\"59b90b4\" data-element_type=\"column\" data-e-type=\"column\">\n\t\t\t<div class=\"elementor-widget-wrap elementor-element-populated\">\n\t\t\t\t\t\t<div class=\"elementor-element elementor-element-12ece42 elementor-widget elementor-widget-text-editor\" data-id=\"12ece42\" data-element_type=\"widget\" data-e-type=\"widget\" data-widget_type=\"text-editor.default\">\n\t\t\t\t<div class=\"elementor-widget-container\">\n\t\t\t\t\t\t\t\t\t<p>En el antiguo reino de <a href=\"https:\/\/mythslegendes.com\/es\/dahomeenne-fon-mitologia\/\">Dahomey<\/a>, es el Rey de Dahomey quien representa esencialmente al gobierno; pero fue ayudado por algunos dignatarios: el <em>mingan<\/em>, especie de primer ministro; de ellos\u00a0<em>meo<\/em>, ministros secundarios, y muchos cab\u00e9ceres que tienen una, dos, tres o cuatro colas de caballo seg\u00fan su importancia. El rey est\u00e1 representado en Ouidah por el\u00a0<em>Yevoghan<\/em>\u00a0y por el<em>agor<\/em>. Adem\u00e1s, estos diferentes personajes no tienen autoridad propia: son verdaderos esclavos del rey.\u00a0<\/p>\t\t\t\t\t\t\t\t<\/div>\n\t\t\t\t<\/div>\n\t\t\t\t\t<\/div>\n\t\t<\/div>\n\t\t\t\t\t<\/div>\n\t\t<\/section>\n\t\t\t\t<section class=\"elementor-section elementor-top-section elementor-element elementor-element-0e22886 elementor-section-boxed elementor-section-height-default elementor-section-height-default\" data-id=\"0e22886\" data-element_type=\"section\" data-e-type=\"section\">\n\t\t\t\t\t\t<div class=\"elementor-container elementor-column-gap-default\">\n\t\t\t\t\t<div class=\"elementor-column elementor-col-100 elementor-top-column elementor-element elementor-element-075fa8c\" data-id=\"075fa8c\" data-element_type=\"column\" data-e-type=\"column\">\n\t\t\t<div class=\"elementor-widget-wrap elementor-element-populated\">\n\t\t\t\t\t\t<div class=\"elementor-element elementor-element-e85892e elementor-widget elementor-widget-heading\" data-id=\"e85892e\" data-element_type=\"widget\" data-e-type=\"widget\" data-widget_type=\"heading.default\">\n\t\t\t\t<div class=\"elementor-widget-container\">\n\t\t\t\t\t<div id=\"ez-toc-container\" class=\"ez-toc-v2_0_82_2 counter-hierarchy ez-toc-counter ez-toc-grey ez-toc-container-direction\">\n<div class=\"ez-toc-title-container\">\n<p class=\"ez-toc-title\" style=\"cursor:inherit\">Contenido<\/p>\n<span class=\"ez-toc-title-toggle\"><a href=\"#\" class=\"ez-toc-pull-right ez-toc-btn ez-toc-btn-xs ez-toc-btn-default ez-toc-toggle\" aria-label=\"Alternar tabla de contenidos\"><span class=\"ez-toc-js-icon-con\"><span class=\"\"><span class=\"eztoc-hide\" style=\"display:none;\">Palanca<\/span><span class=\"ez-toc-icon-toggle-span\"><svg style=\"fill: #999;color:#999\" xmlns=\"http:\/\/www.w3.org\/2000\/svg\" class=\"list-377408\" width=\"20px\" height=\"20px\" viewbox=\"0 0 24 24\" fill=\"none\"><path d=\"M6 6H4v2h2V6zm14 0H8v2h12V6zM4 11h2v2H4v-2zm16 0H8v2h12v-2zM4 16h2v2H4v-2zm16 0H8v2h12v-2z\" fill=\"currentColor\"><\/path><\/svg><svg style=\"fill: #999;color:#999\" class=\"arrow-unsorted-368013\" xmlns=\"http:\/\/www.w3.org\/2000\/svg\" width=\"10px\" height=\"10px\" viewbox=\"0 0 24 24\" version=\"1.2\" baseprofile=\"tiny\"><path d=\"M18.2 9.3l-6.2-6.3-6.2 6.3c-.2.2-.3.4-.3.7s.1.5.3.7c.2.2.4.3.7.3h11c.3 0 .5-.1.7-.3.2-.2.3-.5.3-.7s-.1-.5-.3-.7zM5.8 14.7l6.2 6.3 6.2-6.3c.2-.2.3-.5.3-.7s-.1-.5-.3-.7c-.2-.2-.4-.3-.7-.3h-11c-.3 0-.5.1-.7.3-.2.2-.3.5-.3.7s.1.5.3.7z\"\/><\/svg><\/span><\/span><\/span><\/a><\/span><\/div>\n<nav><ul class='ez-toc-list ez-toc-list-level-1' ><li class='ez-toc-page-1 ez-toc-heading-level-2'><a class=\"ez-toc-link ez-toc-heading-1\" href=\"https:\/\/mythslegendes.com\/es\/dahomeenne-fon-mitologia\/el-rey-de-dahomey-y-las-amazonas\/#Roi-de-Dahomey-et-Amazones\" >Rey de Dahomey y Amazonas<\/a><\/li><\/ul><\/nav><\/div>\n<h2 class=\"elementor-heading-title elementor-size-default\"><span class=\"ez-toc-section\" id=\"Roi-de-Dahomey-et-Amazones\"><\/span>Rey de Dahomey y Amazonas<span class=\"ez-toc-section-end\"><\/span><\/h2>\t\t\t\t<\/div>\n\t\t\t\t<\/div>\n\t\t\t\t\t<\/div>\n\t\t<\/div>\n\t\t\t\t\t<\/div>\n\t\t<\/section>\n\t\t\t\t<section class=\"elementor-section elementor-top-section elementor-element elementor-element-5b735d11 elementor-section-boxed elementor-section-height-default elementor-section-height-default\" data-id=\"5b735d11\" data-element_type=\"section\" data-e-type=\"section\">\n\t\t\t\t\t\t<div class=\"elementor-container elementor-column-gap-default\">\n\t\t\t\t\t<div class=\"elementor-column elementor-col-100 elementor-top-column elementor-element elementor-element-46156451\" data-id=\"46156451\" data-element_type=\"column\" data-e-type=\"column\">\n\t\t\t<div class=\"elementor-widget-wrap elementor-element-populated\">\n\t\t\t\t\t\t<div class=\"elementor-element elementor-element-6b23a1c0 elementor-widget elementor-widget-text-editor\" data-id=\"6b23a1c0\" data-element_type=\"widget\" data-e-type=\"widget\" data-widget_type=\"text-editor.default\">\n\t\t\t\t<div class=\"elementor-widget-container\">\n\t\t\t\t\t\t\t\t\t<p><\/p>\n<p><\/p>\n<p>Una de las principales caracter\u00edsticas del r\u00e9gimen de Dahomey es su despotismo reinante, comparable al de los Ashanti; el rey y los nobles basaban cuidadosamente su poder en las ceremonias religiosas. El rey &quot;le\u00f3n de Abomey&quot;, &quot;primo del leopardo&quot; es considerado un dios; su poder es ilimitado, dispone de la vida y propiedad de sus s\u00fabditos; hereda de los muertos.<\/p>\n<p>La costumbre hab\u00eda desaparecido en\u00a0<strong>XIX<sup>mi<\/sup>\u00a0siglo<\/strong>, pero antes de eso, tomaba sus comidas en secreto, y se supon\u00eda que no deb\u00eda comer ni beber como los mortales ordinarios; de la misma manera escuch\u00f3 las s\u00faplicas detr\u00e1s de una cortina que lo ocult\u00f3 de la vista de sus s\u00fabditos. Agreguemos que, seg\u00fan la tradici\u00f3n, reinaba en la maleza un rey fantasma en cuyo nombre se produc\u00edan la recaudaci\u00f3n de impuestos y molestias de todo tipo: todo lo que se pod\u00eda quejar se atribu\u00eda a este rey ficticio de Dahomey, y todo lo que era necesario alegrarse de la generosidad y las bendiciones se atribu\u00edan al rey real.<\/p>\n<p><\/p>\n<p><img fetchpriority=\"high\" decoding=\"async\" class=\"alignnone\" src=\"http:\/\/www.cosmovisions.com\/AmazoneDahomey.jpg\" alt=\"Amazona de Dahomey Rey de Dahomey\" width=\"268\" height=\"474\" title=\"\"><br \/><strong>una amazona <a href=\"https:\/\/mythslegendes.com\/es\/dahomeenne-fon-mitologia\/\">dahomeyano<\/a><\/strong>, a partir de una fotograf\u00eda.<br \/>(fuente: E. Reclus,<em>\u00a0Hombre y tierra<\/em>, I).<br \/>En Dahomey, las mujeres ten\u00edan libertad para practicar oficios.<br \/>hombres, tomaron parte en el gobierno y fueron\u00a0<br \/>asociado con el ej\u00e9rcito. Sin embargo, una vez casados<br \/>pas\u00f3 a ser propiedad del marido que los compr\u00f3.\u00a0<\/p>\n<p><\/p>\n<p>El Rey de Dahomey tiene un ej\u00e9rcito de mujeres como Reina (<em>aficionado<\/em>) mando con derecho a vida o muerte; los hijos de la reina son los \u00fanicos pr\u00edncipes reales, los hijos de otras mujeres son pajes y se elige entre ellos los cab\u00e9c\u00e8res a los que est\u00e1 prohibido revelar su origen. En el har\u00e9n, el guardi\u00e1n del brasero donde el rey enciende su pipa, y el favorito que sostiene la escupidera son los dignatarios del reino. Las otras esposas son esclavas que se encargan de las tareas del hogar y la cocina. Adem\u00e1s, unos cientos de mujeres instaladas en el palacio componen la guardia real: son amazonas v\u00edrgenes custodiadas por eunucos.<\/p>\n<p>Declaran que se dedican a la profesi\u00f3n de hombre y soldado. Su traje es bastante elegante: se trata de una t\u00fanica de varios colores, sobre la que se juegan fabulosos animales, en bordados, y pantalones bastante cortos de color verde o rojo. Sus formas casi masculinas, su coraje, su crueldad los convierten en excelentes soldados. Realizan danzas de guerra con infatigable precisi\u00f3n. La guardia del rey tambi\u00e9n est\u00e1 formada por 2.000 guerreros armados con pistolas de piedra; en caso de guerra, puede reunir un m\u00e1ximo de 12 a 13 000 hombres.\u00a0<\/p>\n<p><\/p>\n<p>El gobierno solo se preocupa por mantener la corte y hacer la guerra; pero estos gastos superan con creces los ingresos recaudados regularmente por los impuestos. Entonces sacamos nuestros recursos lo mejor que podemos, despojando de vez en cuando las casas ricas, deteniendo las mercanc\u00edas en las calles; en Ouidah, los habitantes que compraban telas en las f\u00e1bricas apostaban a la gente de confianza para saber si la gente del rey no los est\u00e1 mirando y no los va a desnudar en el camino de regreso a casa: cualquier intento de resistencia es un crimen.<\/p>\n<p>El resultado de las vejaciones ejercidas contra los ricos es una profunda miseria de la que nadie busca escapar. En la primavera, el rey lleva a la guerra a la poblaci\u00f3n sana que podr\u00eda cosechar aceite de palma. Dejamos voluntariamente el pa\u00eds sin carreteras ni canales para cerrarlo a los europeos.<\/p>\n<p><\/p>\t\t\t\t\t\t\t\t<\/div>\n\t\t\t\t<\/div>\n\t\t\t\t\t<\/div>\n\t\t<\/div>\n\t\t\t\t\t<\/div>\n\t\t<\/section>\n\t\t\t\t<\/div>","protected":false},"excerpt":{"rendered":"<p>Mythologie Dahom\u00e9enne-Fon Wiki Dans l&rsquo;ancien royaume du Dahomey, c&rsquo;est le roi de Dahomey qui repr\u00e9sente essentiellement le gouvernement; mais il &hellip; <\/p>","protected":false},"author":1,"featured_media":0,"parent":4116,"menu_order":0,"comment_status":"closed","ping_status":"closed","template":"","meta":{"footnotes":""},"class_list":["post-4128","page","type-page","status-publish","hentry"],"amp_enabled":true,"_links":{"self":[{"href":"https:\/\/mythslegendes.com\/es\/wp-json\/wp\/v2\/pages\/4128","targetHints":{"allow":["GET"]}}],"collection":[{"href":"https:\/\/mythslegendes.com\/es\/wp-json\/wp\/v2\/pages"}],"about":[{"href":"https:\/\/mythslegendes.com\/es\/wp-json\/wp\/v2\/types\/page"}],"author":[{"embeddable":true,"href":"https:\/\/mythslegendes.com\/es\/wp-json\/wp\/v2\/users\/1"}],"replies":[{"embeddable":true,"href":"https:\/\/mythslegendes.com\/es\/wp-json\/wp\/v2\/comments?post=4128"}],"version-history":[{"count":0,"href":"https:\/\/mythslegendes.com\/es\/wp-json\/wp\/v2\/pages\/4128\/revisions"}],"up":[{"embeddable":true,"href":"https:\/\/mythslegendes.com\/es\/wp-json\/wp\/v2\/pages\/4116"}],"wp:attachment":[{"href":"https:\/\/mythslegendes.com\/es\/wp-json\/wp\/v2\/media?parent=4128"}],"curies":[{"name":"wp","href":"https:\/\/api.w.org\/{rel}","templated":true}]}}