{"id":4133,"date":"2020-08-18T13:40:10","date_gmt":"2020-08-18T12:40:10","guid":{"rendered":"https:\/\/mythslegendes.com\/?page_id=4133"},"modified":"2022-12-03T22:07:19","modified_gmt":"2022-12-03T22:07:19","slug":"les-vodoun","status":"publish","type":"page","link":"https:\/\/mythslegendes.com\/es\/dahomeenne-fon-mitologia\/el-vudu\/","title":{"rendered":"El Vodoun"},"content":{"rendered":"<div data-elementor-type=\"wp-page\" data-elementor-id=\"4133\" class=\"elementor elementor-4133\">\n\t\t\t\t\t\t<section class=\"elementor-section elementor-top-section elementor-element elementor-element-d97266c elementor-section-boxed elementor-section-height-default elementor-section-height-default\" data-id=\"d97266c\" data-element_type=\"section\" data-e-type=\"section\">\n\t\t\t\t\t\t<div class=\"elementor-container elementor-column-gap-default\">\n\t\t\t\t\t<div class=\"elementor-column elementor-col-50 elementor-top-column elementor-element elementor-element-5efa9f3\" data-id=\"5efa9f3\" data-element_type=\"column\" data-e-type=\"column\">\n\t\t\t<div class=\"elementor-widget-wrap elementor-element-populated\">\n\t\t\t\t\t\t<div class=\"elementor-element elementor-element-dacfa6d elementor-align-justify elementor-widget elementor-widget-button\" data-id=\"dacfa6d\" data-element_type=\"widget\" data-e-type=\"widget\" data-widget_type=\"button.default\">\n\t\t\t\t<div class=\"elementor-widget-container\">\n\t\t\t\t\t\t\t\t\t<div class=\"elementor-button-wrapper\">\n\t\t\t\t\t<a class=\"elementor-button elementor-button-link elementor-size-sm\" href=\"https:\/\/mythslegendes.com\/es\/dahomeenne-fon-mitologia\/\">\n\t\t\t\t\t\t<span class=\"elementor-button-content-wrapper\">\n\t\t\t\t\t\t\t\t\t<span class=\"elementor-button-text\">Mitolog\u00eda Dahomean-Fon<\/span>\n\t\t\t\t\t<\/span>\n\t\t\t\t\t<\/a>\n\t\t\t\t<\/div>\n\t\t\t\t\t\t\t\t<\/div>\n\t\t\t\t<\/div>\n\t\t\t\t\t<\/div>\n\t\t<\/div>\n\t\t\t\t<div class=\"elementor-column elementor-col-50 elementor-top-column elementor-element elementor-element-d80094a\" data-id=\"d80094a\" data-element_type=\"column\" data-e-type=\"column\">\n\t\t\t<div class=\"elementor-widget-wrap elementor-element-populated\">\n\t\t\t\t\t\t<div class=\"elementor-element elementor-element-9f535a3 elementor-align-justify elementor-widget elementor-widget-button\" data-id=\"9f535a3\" data-element_type=\"widget\" data-e-type=\"widget\" data-widget_type=\"button.default\">\n\t\t\t\t<div class=\"elementor-widget-container\">\n\t\t\t\t\t\t\t\t\t<div class=\"elementor-button-wrapper\">\n\t\t\t\t\t<a class=\"elementor-button elementor-button-link elementor-size-sm\" href=\"https:\/\/fr.wikipedia.org\/wiki\/Royaume_du_Dahomey\" target=\"_blank\" rel=\"noopener\">\n\t\t\t\t\t\t<span class=\"elementor-button-content-wrapper\">\n\t\t\t\t\t\t\t\t\t<span class=\"elementor-button-text\">Wiki<\/span>\n\t\t\t\t\t<\/span>\n\t\t\t\t\t<\/a>\n\t\t\t\t<\/div>\n\t\t\t\t\t\t\t\t<\/div>\n\t\t\t\t<\/div>\n\t\t\t\t\t<\/div>\n\t\t<\/div>\n\t\t\t\t\t<\/div>\n\t\t<\/section>\n\t\t\t\t<section class=\"elementor-section elementor-top-section elementor-element elementor-element-2f73bd8 elementor-section-boxed elementor-section-height-default elementor-section-height-default\" data-id=\"2f73bd8\" data-element_type=\"section\" data-e-type=\"section\">\n\t\t\t\t\t\t<div class=\"elementor-container elementor-column-gap-default\">\n\t\t\t\t\t<div class=\"elementor-column elementor-col-100 elementor-top-column elementor-element elementor-element-f0404c1\" data-id=\"f0404c1\" data-element_type=\"column\" data-e-type=\"column\">\n\t\t\t<div class=\"elementor-widget-wrap elementor-element-populated\">\n\t\t\t\t\t\t<div class=\"elementor-element elementor-element-9cfece3 elementor-widget elementor-widget-text-editor\" data-id=\"9cfece3\" data-element_type=\"widget\" data-e-type=\"widget\" data-widget_type=\"text-editor.default\">\n\t\t\t\t<div class=\"elementor-widget-container\">\n\t\t\t\t\t\t\t\t\t<p>En los c\u00edrculos Fon, el nombre se da <a href=\"https:\/\/mythslegendes.com\/es\/dahomeenne-fon-mitologia\/\">vud\u00fa<\/a> a una divinidad que designa a un ser espiritual, es decir a una cualidad divina aguas pantanosas, llamadas aguas primigenias u oc\u00e9ano primordial, para hacer aflorar las primeras tierras de la creaci\u00f3n. Por lo tanto, Vodoun evoca una narrativa cosmol\u00f3gica. Una deidad vud\u00fa designa un principio universal que se manifiesta a trav\u00e9s de un fen\u00f3meno de la Naturaleza.<\/p>\n<p><img decoding=\"async\" class=\"alignnone wp-image-5284 size-full\" src=\"https:\/\/mythslegendes.com\/wp-content\/uploads\/2020\/09\/AlphaOmega-e1602613368367.png\" alt=\"el vod\u00fan\" width=\"25\" height=\"26\" title=\"\"><\/p>\t\t\t\t\t\t\t\t<\/div>\n\t\t\t\t<\/div>\n\t\t\t\t\t<\/div>\n\t\t<\/div>\n\t\t\t\t\t<\/div>\n\t\t<\/section>\n\t\t\t\t<section class=\"elementor-section elementor-top-section elementor-element elementor-element-ba5d263 elementor-section-boxed elementor-section-height-default elementor-section-height-default\" data-id=\"ba5d263\" data-element_type=\"section\" data-e-type=\"section\">\n\t\t\t\t\t\t<div class=\"elementor-container elementor-column-gap-default\">\n\t\t\t\t\t<div class=\"elementor-column elementor-col-100 elementor-top-column elementor-element elementor-element-3d65e4d\" data-id=\"3d65e4d\" data-element_type=\"column\" data-e-type=\"column\">\n\t\t\t<div class=\"elementor-widget-wrap elementor-element-populated\">\n\t\t\t\t\t\t<div class=\"elementor-element elementor-element-6b93af2 elementor-widget elementor-widget-heading\" data-id=\"6b93af2\" data-element_type=\"widget\" data-e-type=\"widget\" data-widget_type=\"heading.default\">\n\t\t\t\t<div class=\"elementor-widget-container\">\n\t\t\t\t\t<div id=\"ez-toc-container\" class=\"ez-toc-v2_0_82_2 counter-hierarchy ez-toc-counter ez-toc-grey ez-toc-container-direction\">\n<div class=\"ez-toc-title-container\">\n<p class=\"ez-toc-title\" style=\"cursor:inherit\">Contenido<\/p>\n<span class=\"ez-toc-title-toggle\"><a href=\"#\" class=\"ez-toc-pull-right ez-toc-btn ez-toc-btn-xs ez-toc-btn-default ez-toc-toggle\" aria-label=\"Alternar tabla de contenidos\"><span class=\"ez-toc-js-icon-con\"><span class=\"\"><span class=\"eztoc-hide\" style=\"display:none;\">Palanca<\/span><span class=\"ez-toc-icon-toggle-span\"><svg style=\"fill: #999;color:#999\" xmlns=\"http:\/\/www.w3.org\/2000\/svg\" class=\"list-377408\" width=\"20px\" height=\"20px\" viewbox=\"0 0 24 24\" fill=\"none\"><path d=\"M6 6H4v2h2V6zm14 0H8v2h12V6zM4 11h2v2H4v-2zm16 0H8v2h12v-2zM4 16h2v2H4v-2zm16 0H8v2h12v-2z\" fill=\"currentColor\"><\/path><\/svg><svg style=\"fill: #999;color:#999\" class=\"arrow-unsorted-368013\" xmlns=\"http:\/\/www.w3.org\/2000\/svg\" width=\"10px\" height=\"10px\" viewbox=\"0 0 24 24\" version=\"1.2\" baseprofile=\"tiny\"><path d=\"M18.2 9.3l-6.2-6.3-6.2 6.3c-.2.2-.3.4-.3.7s.1.5.3.7c.2.2.4.3.7.3h11c.3 0 .5-.1.7-.3.2-.2.3-.5.3-.7s-.1-.5-.3-.7zM5.8 14.7l6.2 6.3 6.2-6.3c.2-.2.3-.5.3-.7s-.1-.5-.3-.7c-.2-.2-.4-.3-.7-.3h-11c-.3 0-.5.1-.7.3-.2.2-.3.5-.3.7s.1.5.3.7z\"\/><\/svg><\/span><\/span><\/span><\/a><\/span><\/div>\n<nav><ul class='ez-toc-list ez-toc-list-level-1' ><li class='ez-toc-page-1 ez-toc-heading-level-2'><a class=\"ez-toc-link ez-toc-heading-1\" href=\"https:\/\/mythslegendes.com\/es\/dahomeenne-fon-mitologia\/el-vudu\/#Les-Vodoun\" >El Vodoun<\/a><\/li><\/ul><\/nav><\/div>\n<h2 class=\"elementor-heading-title elementor-size-default\"><span class=\"ez-toc-section\" id=\"Les-Vodoun\"><\/span>El Vodoun<span class=\"ez-toc-section-end\"><\/span><\/h2>\t\t\t\t<\/div>\n\t\t\t\t<\/div>\n\t\t\t\t\t<\/div>\n\t\t<\/div>\n\t\t\t\t\t<\/div>\n\t\t<\/section>\n\t\t\t\t<section class=\"elementor-section elementor-top-section elementor-element elementor-element-272b7afb elementor-section-boxed elementor-section-height-default elementor-section-height-default\" data-id=\"272b7afb\" data-element_type=\"section\" data-e-type=\"section\">\n\t\t\t\t\t\t<div class=\"elementor-container elementor-column-gap-default\">\n\t\t\t\t\t<div class=\"elementor-column elementor-col-100 elementor-top-column elementor-element elementor-element-652db0f3\" data-id=\"652db0f3\" data-element_type=\"column\" data-e-type=\"column\">\n\t\t\t<div class=\"elementor-widget-wrap elementor-element-populated\">\n\t\t\t\t\t\t<div class=\"elementor-element elementor-element-4629f39c elementor-widget elementor-widget-text-editor\" data-id=\"4629f39c\" data-element_type=\"widget\" data-e-type=\"widget\" data-widget_type=\"text-editor.default\">\n\t\t\t\t<div class=\"elementor-widget-container\">\n\t\t\t\t\t\t\t\t\t<p><\/p>\n<p>El culto rendido a un dios vud\u00fa consiste pues en apropiarse del determinismo que subyace al fen\u00f3meno, en una t\u00e9cnica de captaci\u00f3n y dominio de las leyes que rigen los hechos en sus manifestaciones. Se trata pues de un conocimiento relativo a las leyes universales y sus aplicaciones en el hombre y en la naturaleza. Constituye, seg\u00fan nosotros, un monote\u00edsmo que se expresa en apariencia por un polite\u00edsmo simb\u00f3lico. <\/p>\n<p>No se trata de una religi\u00f3n, como supo subrayar Honorat Aguessy, \u201cde imploraci\u00f3n y resignaci\u00f3n\u201d sino de \u201cmando\u201d. En otras palabras, es una religi\u00f3n donde hay que \u201ccreer para entender y entender para creer\u201d como dec\u00eda San Agust\u00edn. El &quot;vodounon&quot;, maestro del acto creador, y el &quot;bokonon&quot;, maestro de la palabra viva, aparecen como eruditos y sabios de su sociedad.<\/p>\n<p><\/p>\n<p><\/p>\n<p>Tambi\u00e9n llamado &quot;houn&quot; una entidad vud\u00fa; que literalmente significa el coraz\u00f3n o lo que escapa a la cabeza, es decir, la raz\u00f3n. De aqu\u00ed deriva la palabra &quot;hou-non&quot; que significa literalmente amo del misterio. En virtud de la naturaleza misteriosa del vud\u00fa, nombramos as\u00ed, tambi\u00e9n por comparaci\u00f3n, todo lo que parece incognoscible, inconcebible. Por eso, con el tiempo, muchos vud\u00faes que seguramente no tienen ninguna realidad divina se sumaron a lo que realmente constitu\u00eda el pante\u00f3n de las deidades vud\u00faes y a partir de entonces se hizo cada vez m\u00e1s dif\u00edcil su estudio. <\/p>\n<p>Todos los escritos relativos al Pante\u00f3n vud\u00fa han reconocido adem\u00e1s la diversidad de sus or\u00edgenes y las migraciones de una regi\u00f3n a otra. Esta dificultad, sin embargo, es s\u00f3lo aparente, en la medida en que puede ser eliminada teniendo en cuenta las leyes de las similitudes que se encuentran en todas las teolog\u00edas. Siguiendo este m\u00e9todo, uno puede distinguir un vud\u00fa en el sentido de divinidad de otro que no lo es. <\/p>\n<p>Los datos utilizados en esta contribuci\u00f3n son esencialmente los informados por B. Maupoil en su <a href=\"https:\/\/mythslegendes.com\/es\/bibliotecas-de-libros\/\">libro<\/a>, Geomancia en la antigua Costa de los Esclavos, cuyo principal interlocutor fue el Iniciado dahomeyano Gu\u00e8d\u00e9gb\u00e9. <a href=\"https:\/\/mythslegendes.com\/es\/\">mitolog\u00eda<\/a>) del viejo <a href=\"https:\/\/mythslegendes.com\/es\/mythes-et-legendes-grecques-1664\/\">Grecia<\/a> y el antiguo Egipto. Adem\u00e1s, estas teolog\u00edas se iluminan unas a otras. Es en esta perspectiva que ponemos a disposici\u00f3n de todos aquellos que est\u00e9n interesados en los saberes ancestrales de los pueblos del Golfo de Guinea, esta introducci\u00f3n al pante\u00f3n vud\u00fa o mitolog\u00eda Adja-Ewe.<\/p>\n<p><\/p>\n<p><\/p>\n<p>El vud\u00fa en un principio estuvo ligado a los misterios del universo. Se relaciona con el Principio primordial, Dios, en sus manifestaciones. Los vud\u00faes representan principios universales y son, por tanto, divinidades en la tierra. A este respecto, la Tradici\u00f3n considera que a\u00fan viven en la regi\u00f3n de las divinidades. <\/p>\n<p>Son asimilados correctamente a divinidades y venerados como tales. Este hecho tambi\u00e9n se observa con los santos de otras religiones, por lo que podemos identificar tres clases de entidades vud\u00fa: el talism\u00e1n vud\u00fa, la deidad vud\u00fa y el ancestro venerado vud\u00fa. El siguiente estudio se refiere a la segunda categor\u00eda: la deidad vud\u00fa. Nuestro texto est\u00e1 organizado en seis partes: el caos inicial, los elementos universales, el dios de 1<sup>tiempo<\/sup>\u00a0generacion y finalmente los dioses de 2<sup>th<\/sup>, 3<sup>th<\/sup>\u00a0y 4<sup>th<\/sup>\u00a0generaci\u00f3n.<\/p>\n<p><\/p>\t\t\t\t\t\t\t\t<\/div>\n\t\t\t\t<\/div>\n\t\t\t\t\t<\/div>\n\t\t<\/div>\n\t\t\t\t\t<\/div>\n\t\t<\/section>\n\t\t\t\t<\/div>","protected":false},"excerpt":{"rendered":"<p>Mythologie Dahom\u00e9enne-Fon Wiki En milieu Fon, on donne le nom \u00ab vodoun \u00bb \u00e0 une divinit\u00e9 qui d\u00e9signe un \u00eatre &hellip; <\/p>","protected":false},"author":1,"featured_media":0,"parent":4116,"menu_order":0,"comment_status":"closed","ping_status":"closed","template":"","meta":{"footnotes":""},"class_list":["post-4133","page","type-page","status-publish","hentry"],"amp_enabled":true,"_links":{"self":[{"href":"https:\/\/mythslegendes.com\/es\/wp-json\/wp\/v2\/pages\/4133","targetHints":{"allow":["GET"]}}],"collection":[{"href":"https:\/\/mythslegendes.com\/es\/wp-json\/wp\/v2\/pages"}],"about":[{"href":"https:\/\/mythslegendes.com\/es\/wp-json\/wp\/v2\/types\/page"}],"author":[{"embeddable":true,"href":"https:\/\/mythslegendes.com\/es\/wp-json\/wp\/v2\/users\/1"}],"replies":[{"embeddable":true,"href":"https:\/\/mythslegendes.com\/es\/wp-json\/wp\/v2\/comments?post=4133"}],"version-history":[{"count":1,"href":"https:\/\/mythslegendes.com\/es\/wp-json\/wp\/v2\/pages\/4133\/revisions"}],"predecessor-version":[{"id":24942,"href":"https:\/\/mythslegendes.com\/es\/wp-json\/wp\/v2\/pages\/4133\/revisions\/24942"}],"up":[{"embeddable":true,"href":"https:\/\/mythslegendes.com\/es\/wp-json\/wp\/v2\/pages\/4116"}],"wp:attachment":[{"href":"https:\/\/mythslegendes.com\/es\/wp-json\/wp\/v2\/media?parent=4133"}],"curies":[{"name":"wp","href":"https:\/\/api.w.org\/{rel}","templated":true}]}}