{"id":4141,"date":"2020-08-18T13:44:11","date_gmt":"2020-08-18T12:44:11","guid":{"rendered":"https:\/\/mythslegendes.com\/?page_id=4141"},"modified":"2022-12-03T22:07:19","modified_gmt":"2022-12-03T22:07:19","slug":"y-e-w-he-les-elements-universels","status":"publish","type":"page","link":"https:\/\/mythslegendes.com\/es\/dahomeenne-fon-mitologia\/tejo-el-los-elementos-universales\/","title":{"rendered":"Y - E - W - Hey elementos universales"},"content":{"rendered":"<div data-elementor-type=\"wp-page\" data-elementor-id=\"4141\" class=\"elementor elementor-4141\">\n\t\t\t\t\t\t<section class=\"elementor-section elementor-top-section elementor-element elementor-element-3069c3f elementor-section-boxed elementor-section-height-default elementor-section-height-default\" data-id=\"3069c3f\" data-element_type=\"section\" data-e-type=\"section\">\n\t\t\t\t\t\t<div class=\"elementor-container elementor-column-gap-default\">\n\t\t\t\t\t<div class=\"elementor-column elementor-col-50 elementor-top-column elementor-element elementor-element-6301fae\" data-id=\"6301fae\" data-element_type=\"column\" data-e-type=\"column\">\n\t\t\t<div class=\"elementor-widget-wrap elementor-element-populated\">\n\t\t\t\t\t\t<div class=\"elementor-element elementor-element-ca4eb78 elementor-align-justify elementor-widget elementor-widget-button\" data-id=\"ca4eb78\" data-element_type=\"widget\" data-e-type=\"widget\" data-widget_type=\"button.default\">\n\t\t\t\t<div class=\"elementor-widget-container\">\n\t\t\t\t\t\t\t\t\t<div class=\"elementor-button-wrapper\">\n\t\t\t\t\t<a class=\"elementor-button elementor-button-link elementor-size-sm\" href=\"https:\/\/mythslegendes.com\/es\/dahomeenne-fon-mitologia\/\">\n\t\t\t\t\t\t<span class=\"elementor-button-content-wrapper\">\n\t\t\t\t\t\t\t\t\t<span class=\"elementor-button-text\">Mitolog\u00eda Dahomean-Fon<\/span>\n\t\t\t\t\t<\/span>\n\t\t\t\t\t<\/a>\n\t\t\t\t<\/div>\n\t\t\t\t\t\t\t\t<\/div>\n\t\t\t\t<\/div>\n\t\t\t\t\t<\/div>\n\t\t<\/div>\n\t\t\t\t<div class=\"elementor-column elementor-col-50 elementor-top-column elementor-element elementor-element-93294c1\" data-id=\"93294c1\" data-element_type=\"column\" data-e-type=\"column\">\n\t\t\t<div class=\"elementor-widget-wrap elementor-element-populated\">\n\t\t\t\t\t\t<div class=\"elementor-element elementor-element-db9f8f0 elementor-align-justify elementor-widget elementor-widget-button\" data-id=\"db9f8f0\" data-element_type=\"widget\" data-e-type=\"widget\" data-widget_type=\"button.default\">\n\t\t\t\t<div class=\"elementor-widget-container\">\n\t\t\t\t\t\t\t\t\t<div class=\"elementor-button-wrapper\">\n\t\t\t\t\t<a class=\"elementor-button elementor-button-link elementor-size-sm\" href=\"https:\/\/fr.wikipedia.org\/wiki\/Royaume_du_Dahomey\" target=\"_blank\" rel=\"noopener\">\n\t\t\t\t\t\t<span class=\"elementor-button-content-wrapper\">\n\t\t\t\t\t\t\t\t\t<span class=\"elementor-button-text\">Wiki<\/span>\n\t\t\t\t\t<\/span>\n\t\t\t\t\t<\/a>\n\t\t\t\t<\/div>\n\t\t\t\t\t\t\t\t<\/div>\n\t\t\t\t<\/div>\n\t\t\t\t\t<\/div>\n\t\t<\/div>\n\t\t\t\t\t<\/div>\n\t\t<\/section>\n\t\t\t\t<section class=\"elementor-section elementor-top-section elementor-element elementor-element-e7615db elementor-section-boxed elementor-section-height-default elementor-section-height-default\" data-id=\"e7615db\" data-element_type=\"section\" data-e-type=\"section\">\n\t\t\t\t\t\t<div class=\"elementor-container elementor-column-gap-default\">\n\t\t\t\t\t<div class=\"elementor-column elementor-col-100 elementor-top-column elementor-element elementor-element-8981426\" data-id=\"8981426\" data-element_type=\"column\" data-e-type=\"column\">\n\t\t\t<div class=\"elementor-widget-wrap elementor-element-populated\">\n\t\t\t\t\t\t<div class=\"elementor-element elementor-element-d039f2e elementor-widget elementor-widget-text-editor\" data-id=\"d039f2e\" data-element_type=\"widget\" data-e-type=\"widget\" data-widget_type=\"text-editor.default\">\n\t\t\t\t<div class=\"elementor-widget-container\">\n\t\t\t\t\t\t\t\t\t<p>Los elementos universales se denominan Fuego, Aire, Agua y Tierra porque son an\u00e1logos en sus propiedades a los elementos fuego, aire, agua y tierra de la naturaleza, la nutren y gobiernan en su evoluci\u00f3n. Representan los cuatro aspectos primordiales de Dios, conocidos en fon, bajo el t\u00e9rmino Y\u00eahw\u00e9 \u2013 Y \u2013 E \u2013 W \u2013 H\u00e9 (cada componente del nombre divino corresponde al nombre de un elemento).<\/p>\n<p><img decoding=\"async\" class=\"alignnone wp-image-5284 size-full\" src=\"https:\/\/mythslegendes.com\/wp-content\/uploads\/2020\/09\/AlphaOmega-e1602613368367.png\" alt=\"Y\u00eahw\u00e9 - Y \u2013 E \u2013 W \u2013 H\u00e9 elementos universales\" width=\"25\" height=\"26\" title=\"\"><\/p>\t\t\t\t\t\t\t\t<\/div>\n\t\t\t\t<\/div>\n\t\t\t\t\t<\/div>\n\t\t<\/div>\n\t\t\t\t\t<\/div>\n\t\t<\/section>\n\t\t\t\t<section class=\"elementor-section elementor-top-section elementor-element elementor-element-3462089 elementor-section-boxed elementor-section-height-default elementor-section-height-default\" data-id=\"3462089\" data-element_type=\"section\" data-e-type=\"section\">\n\t\t\t\t\t\t<div class=\"elementor-container elementor-column-gap-default\">\n\t\t\t\t\t<div class=\"elementor-column elementor-col-100 elementor-top-column elementor-element elementor-element-d281ce0\" data-id=\"d281ce0\" data-element_type=\"column\" data-e-type=\"column\">\n\t\t\t<div class=\"elementor-widget-wrap elementor-element-populated\">\n\t\t\t\t\t\t<div class=\"elementor-element elementor-element-f79d4d8 elementor-widget elementor-widget-heading\" data-id=\"f79d4d8\" data-element_type=\"widget\" data-e-type=\"widget\" data-widget_type=\"heading.default\">\n\t\t\t\t<div class=\"elementor-widget-container\">\n\t\t\t\t\t<div id=\"ez-toc-container\" class=\"ez-toc-v2_0_82_2 counter-hierarchy ez-toc-counter ez-toc-grey ez-toc-container-direction\">\n<div class=\"ez-toc-title-container\">\n<p class=\"ez-toc-title\" style=\"cursor:inherit\">Contenido<\/p>\n<span class=\"ez-toc-title-toggle\"><a href=\"#\" class=\"ez-toc-pull-right ez-toc-btn ez-toc-btn-xs ez-toc-btn-default ez-toc-toggle\" aria-label=\"Alternar tabla de contenidos\"><span class=\"ez-toc-js-icon-con\"><span class=\"\"><span class=\"eztoc-hide\" style=\"display:none;\">Palanca<\/span><span class=\"ez-toc-icon-toggle-span\"><svg style=\"fill: #999;color:#999\" xmlns=\"http:\/\/www.w3.org\/2000\/svg\" class=\"list-377408\" width=\"20px\" height=\"20px\" viewbox=\"0 0 24 24\" fill=\"none\"><path d=\"M6 6H4v2h2V6zm14 0H8v2h12V6zM4 11h2v2H4v-2zm16 0H8v2h12v-2zM4 16h2v2H4v-2zm16 0H8v2h12v-2z\" fill=\"currentColor\"><\/path><\/svg><svg style=\"fill: #999;color:#999\" class=\"arrow-unsorted-368013\" xmlns=\"http:\/\/www.w3.org\/2000\/svg\" width=\"10px\" height=\"10px\" viewbox=\"0 0 24 24\" version=\"1.2\" baseprofile=\"tiny\"><path d=\"M18.2 9.3l-6.2-6.3-6.2 6.3c-.2.2-.3.4-.3.7s.1.5.3.7c.2.2.4.3.7.3h11c.3 0 .5-.1.7-.3.2-.2.3-.5.3-.7s-.1-.5-.3-.7zM5.8 14.7l6.2 6.3 6.2-6.3c.2-.2.3-.5.3-.7s-.1-.5-.3-.7c-.2-.2-.4-.3-.7-.3h-11c-.3 0-.5.1-.7.3-.2.2-.3.5-.3.7s.1.5.3.7z\"\/><\/svg><\/span><\/span><\/span><\/a><\/span><\/div>\n<nav><ul class='ez-toc-list ez-toc-list-level-1' ><li class='ez-toc-page-1 ez-toc-heading-level-2'><a class=\"ez-toc-link ez-toc-heading-1\" href=\"https:\/\/mythslegendes.com\/es\/dahomeenne-fon-mitologia\/tejo-el-los-elementos-universales\/#Y-E-W-He-les-elements-universels\" >YEW-Hey Elementos Universales<\/a><\/li><li class='ez-toc-page-1 ez-toc-heading-level-2'><a class=\"ez-toc-link ez-toc-heading-2\" href=\"https:\/\/mythslegendes.com\/es\/dahomeenne-fon-mitologia\/tejo-el-los-elementos-universales\/#MION-Feu\" >MION (fuego)<\/a><\/li><li class='ez-toc-page-1 ez-toc-heading-level-2'><a class=\"ez-toc-link ez-toc-heading-3\" href=\"https:\/\/mythslegendes.com\/es\/dahomeenne-fon-mitologia\/tejo-el-los-elementos-universales\/#DJO-Air\" >DJO (aire)<\/a><\/li><li class='ez-toc-page-1 ez-toc-heading-level-2'><a class=\"ez-toc-link ez-toc-heading-4\" href=\"https:\/\/mythslegendes.com\/es\/dahomeenne-fon-mitologia\/tejo-el-los-elementos-universales\/#SIN-Eau\" >INS (Agua)<\/a><\/li><li class='ez-toc-page-1 ez-toc-heading-level-2'><a class=\"ez-toc-link ez-toc-heading-5\" href=\"https:\/\/mythslegendes.com\/es\/dahomeenne-fon-mitologia\/tejo-el-los-elementos-universales\/#AYI-Terre\" >AYI (Tierra)<\/a><\/li><\/ul><\/nav><\/div>\n<h2 class=\"elementor-heading-title elementor-size-default\"><span class=\"ez-toc-section\" id=\"Y-E-W-He-les-elements-universels\"><\/span>YEW-Hey Elementos Universales<span class=\"ez-toc-section-end\"><\/span><\/h2>\t\t\t\t<\/div>\n\t\t\t\t<\/div>\n\t\t\t\t\t<\/div>\n\t\t<\/div>\n\t\t\t\t\t<\/div>\n\t\t<\/section>\n\t\t\t\t<section class=\"elementor-section elementor-top-section elementor-element elementor-element-283450f5 elementor-section-boxed elementor-section-height-default elementor-section-height-default\" data-id=\"283450f5\" data-element_type=\"section\" data-e-type=\"section\">\n\t\t\t\t\t\t<div class=\"elementor-container elementor-column-gap-default\">\n\t\t\t\t\t<div class=\"elementor-column elementor-col-100 elementor-top-column elementor-element elementor-element-7fd53d11\" data-id=\"7fd53d11\" data-element_type=\"column\" data-e-type=\"column\">\n\t\t\t<div class=\"elementor-widget-wrap elementor-element-populated\">\n\t\t\t\t\t\t<div class=\"elementor-element elementor-element-67bc9662 elementor-widget elementor-widget-text-editor\" data-id=\"67bc9662\" data-element_type=\"widget\" data-e-type=\"widget\" data-widget_type=\"text-editor.default\">\n\t\t\t\t<div class=\"elementor-widget-container\">\n\t\t\t\t\t\t\t\t\t\n<p>La combinaci\u00f3n de estos cuatro aspectos b\u00e1sicos de forma cuadripolar dio origen a los 256 principios o &quot;Dou&quot; de captaci\u00f3n e interpretaci\u00f3n del cosmos, en el sistema de conocimiento conocido bajo el nombre: F\u00e2 geomancia.<\/p>\n\n<h2 class=\"wp-block-heading\"><span class=\"ez-toc-section\" id=\"MION-Feu\"><\/span>MION (fuego)<span class=\"ez-toc-section-end\"><\/span><\/h2>\n\n<p>Est\u00e1 representado en la tradici\u00f3n Fon por el ave rapaz, \u201chonsou-honsou\u201d, una especie de halc\u00f3n. Este animal traduce el dinamismo, la expansi\u00f3n de las fuerzas de la energ\u00eda en el hombre y en el universo. Es venerado en la adoraci\u00f3n del dios Zo. El principio del Fuego expresa la omnipotencia del creador, es decir la manifestaci\u00f3n de la creaci\u00f3n, simbolizada por el sonido \u201cou\u201d que se encuentra en el nombre Maou que significa el verbo creador.<\/p>\n\n<h2 class=\"wp-block-heading\"><span class=\"ez-toc-section\" id=\"DJO-Air\"><\/span>DJO (aire)<span class=\"ez-toc-section-end\"><\/span><\/h2>\n\n<p>El Aire realiza la mediaci\u00f3n entre el Fuego y el Agua y tiene como propiedades en el universo y en el hombre, el fr\u00edo y el calor. Tambi\u00e9n representa alegr\u00eda, belleza y orden universal. Su s\u00edmbolo es el arco\u00edris y es venerado en el culto de Ayidohw\u00eado. Este elemento es la emanaci\u00f3n de la vida, de la creaci\u00f3n, que surge del abismo primordial, de las aguas primordiales, que Ayidohw\u00eado sec\u00f3 para hacer surgir las primeras tierras de la creaci\u00f3n, el d\u00eda y la noche, el ritmo. El principio del Aire es la expresi\u00f3n de la omnisciencia del creador. Su signo es el sonido \u201ca\u201d del nombre Maou.<\/p>\n\n<h2 class=\"wp-block-heading\"><span class=\"ez-toc-section\" id=\"SIN-Eau\"><\/span>INS (Agua)<span class=\"ez-toc-section-end\"><\/span><\/h2>\n\n<p>El Agua es lo opuesto al Fuego y tiene como principio en el universo y en el hombre, la contracci\u00f3n, el magnetismo y la gravitaci\u00f3n. Este elemento est\u00e1 representado por el Dios Hou. Tambi\u00e9n es venerado en el culto de Soun, el dios de la luna. Su principio consiste en el Amor, fuente del conocimiento intuitivo y de la inspiraci\u00f3n divina. Este principio expresa la absorci\u00f3n de la creaci\u00f3n, cierra su evoluci\u00f3n c\u00edclica. Su signo es el sonido \u201cm\u201d de Maou.\u00a0<br \/>La tradici\u00f3n Fon tambi\u00e9n nombra al creador Maou. Esta Diosa se confunde as\u00ed con la palabra creadora, con el verbo realizador.<\/p>\n\n<h2 class=\"wp-block-heading\"><span class=\"ez-toc-section\" id=\"AYI-Terre\"><\/span>AYI (Tierra)<span class=\"ez-toc-section-end\"><\/span><\/h2>\n\n<p>Los tres elementos mencionados constituyen los elementos principales. El cuarto, la Tierra, generalmente no se considera fundamental, ya que traduce el encuentro de los otros tres, les da forma en su interactividad y asegura as\u00ed su cohesi\u00f3n. Su principio es la conciencia: suma de los otros tres principios. Se llama en fon \u201cAyi\u201d de donde deriva el t\u00e9rmino \u201cAyinon\u201d (se\u00f1or de la tierra) usado por los reyes de Abomey y Porto-Novo y est\u00e1 representado por Kpo, la pantera. Es venerado en la adoraci\u00f3n de Dios Sakpata y Kpo.<\/p>\n\t\t\t\t\t\t\t\t<\/div>\n\t\t\t\t<\/div>\n\t\t\t\t\t<\/div>\n\t\t<\/div>\n\t\t\t\t\t<\/div>\n\t\t<\/section>\n\t\t\t\t<\/div>","protected":false},"excerpt":{"rendered":"<p>Mythologie Dahom\u00e9enne-Fon Wiki Les \u00e9l\u00e9ments universels sont appel\u00e9s Feu, Air, Eau et Terre parce qu\u2019ils sont analogues dans leurs propri\u00e9t\u00e9s &hellip; <\/p>","protected":false},"author":1,"featured_media":0,"parent":4116,"menu_order":0,"comment_status":"closed","ping_status":"closed","template":"","meta":{"footnotes":""},"class_list":["post-4141","page","type-page","status-publish","hentry"],"amp_enabled":true,"_links":{"self":[{"href":"https:\/\/mythslegendes.com\/es\/wp-json\/wp\/v2\/pages\/4141","targetHints":{"allow":["GET"]}}],"collection":[{"href":"https:\/\/mythslegendes.com\/es\/wp-json\/wp\/v2\/pages"}],"about":[{"href":"https:\/\/mythslegendes.com\/es\/wp-json\/wp\/v2\/types\/page"}],"author":[{"embeddable":true,"href":"https:\/\/mythslegendes.com\/es\/wp-json\/wp\/v2\/users\/1"}],"replies":[{"embeddable":true,"href":"https:\/\/mythslegendes.com\/es\/wp-json\/wp\/v2\/comments?post=4141"}],"version-history":[{"count":1,"href":"https:\/\/mythslegendes.com\/es\/wp-json\/wp\/v2\/pages\/4141\/revisions"}],"predecessor-version":[{"id":24944,"href":"https:\/\/mythslegendes.com\/es\/wp-json\/wp\/v2\/pages\/4141\/revisions\/24944"}],"up":[{"embeddable":true,"href":"https:\/\/mythslegendes.com\/es\/wp-json\/wp\/v2\/pages\/4116"}],"wp:attachment":[{"href":"https:\/\/mythslegendes.com\/es\/wp-json\/wp\/v2\/media?parent=4141"}],"curies":[{"name":"wp","href":"https:\/\/api.w.org\/{rel}","templated":true}]}}