{"id":4145,"date":"2020-08-18T13:46:53","date_gmt":"2020-08-18T12:46:53","guid":{"rendered":"https:\/\/mythslegendes.com\/?page_id=4145"},"modified":"2022-12-03T22:07:19","modified_gmt":"2022-12-03T22:07:19","slug":"dieux-de-1ere-generation-fon","status":"publish","type":"page","link":"https:\/\/mythslegendes.com\/es\/dahomeenne-fon-mitologia\/dioses-de-primera-generacion\/","title":{"rendered":"Dioses de primera generaci\u00f3n Fon"},"content":{"rendered":"<div data-elementor-type=\"wp-page\" data-elementor-id=\"4145\" class=\"elementor elementor-4145\">\n\t\t\t\t\t\t<section class=\"elementor-section elementor-top-section elementor-element elementor-element-3b12ba4 elementor-section-boxed elementor-section-height-default elementor-section-height-default\" data-id=\"3b12ba4\" data-element_type=\"section\" data-e-type=\"section\">\n\t\t\t\t\t\t<div class=\"elementor-container elementor-column-gap-default\">\n\t\t\t\t\t<div class=\"elementor-column elementor-col-50 elementor-top-column elementor-element elementor-element-16bfd65\" data-id=\"16bfd65\" data-element_type=\"column\" data-e-type=\"column\">\n\t\t\t<div class=\"elementor-widget-wrap elementor-element-populated\">\n\t\t\t\t\t\t<div class=\"elementor-element elementor-element-1dbcda1 elementor-align-justify elementor-widget elementor-widget-button\" data-id=\"1dbcda1\" data-element_type=\"widget\" data-e-type=\"widget\" data-widget_type=\"button.default\">\n\t\t\t\t<div class=\"elementor-widget-container\">\n\t\t\t\t\t\t\t\t\t<div class=\"elementor-button-wrapper\">\n\t\t\t\t\t<a class=\"elementor-button elementor-button-link elementor-size-sm\" href=\"https:\/\/mythslegendes.com\/es\/dahomeenne-fon-mitologia\/\">\n\t\t\t\t\t\t<span class=\"elementor-button-content-wrapper\">\n\t\t\t\t\t\t\t\t\t<span class=\"elementor-button-text\">Mitolog\u00eda Dahomean-Fon<\/span>\n\t\t\t\t\t<\/span>\n\t\t\t\t\t<\/a>\n\t\t\t\t<\/div>\n\t\t\t\t\t\t\t\t<\/div>\n\t\t\t\t<\/div>\n\t\t\t\t\t<\/div>\n\t\t<\/div>\n\t\t\t\t<div class=\"elementor-column elementor-col-50 elementor-top-column elementor-element elementor-element-addc206\" data-id=\"addc206\" data-element_type=\"column\" data-e-type=\"column\">\n\t\t\t<div class=\"elementor-widget-wrap elementor-element-populated\">\n\t\t\t\t\t\t<div class=\"elementor-element elementor-element-3187b62 elementor-align-justify elementor-widget elementor-widget-button\" data-id=\"3187b62\" data-element_type=\"widget\" data-e-type=\"widget\" data-widget_type=\"button.default\">\n\t\t\t\t<div class=\"elementor-widget-container\">\n\t\t\t\t\t\t\t\t\t<div class=\"elementor-button-wrapper\">\n\t\t\t\t\t<a class=\"elementor-button elementor-button-link elementor-size-sm\" href=\"https:\/\/fr.wikipedia.org\/wiki\/Royaume_du_Dahomey\" target=\"_blank\" rel=\"noopener\">\n\t\t\t\t\t\t<span class=\"elementor-button-content-wrapper\">\n\t\t\t\t\t\t\t\t\t<span class=\"elementor-button-text\">Wiki<\/span>\n\t\t\t\t\t<\/span>\n\t\t\t\t\t<\/a>\n\t\t\t\t<\/div>\n\t\t\t\t\t\t\t\t<\/div>\n\t\t\t\t<\/div>\n\t\t\t\t\t<\/div>\n\t\t<\/div>\n\t\t\t\t\t<\/div>\n\t\t<\/section>\n\t\t\t\t<section class=\"elementor-section elementor-top-section elementor-element elementor-element-372ac1a elementor-section-boxed elementor-section-height-default elementor-section-height-default\" data-id=\"372ac1a\" data-element_type=\"section\" data-e-type=\"section\">\n\t\t\t\t\t\t<div class=\"elementor-container elementor-column-gap-default\">\n\t\t\t\t\t<div class=\"elementor-column elementor-col-100 elementor-top-column elementor-element elementor-element-d35f96a\" data-id=\"d35f96a\" data-element_type=\"column\" data-e-type=\"column\">\n\t\t\t<div class=\"elementor-widget-wrap elementor-element-populated\">\n\t\t\t\t\t\t<div class=\"elementor-element elementor-element-650bf97 elementor-widget elementor-widget-text-editor\" data-id=\"650bf97\" data-element_type=\"widget\" data-e-type=\"widget\" data-widget_type=\"text-editor.default\">\n\t\t\t\t<div class=\"elementor-widget-container\">\n\t\t\t\t\t\t\t\t\t<p>Esta p\u00e1gina describe los dioses Fon de primera generaci\u00f3n: S\u00ca, AYIDOHW\u00caDO, L\u00caGBA, F\u00c2<\/p>\n<p><img decoding=\"async\" class=\"alignnone wp-image-5284 size-full\" src=\"https:\/\/mythslegendes.com\/wp-content\/uploads\/2020\/09\/AlphaOmega-e1602613368367.png\" alt=\"Dioses Fon de 1.\u00aa generaci\u00f3n: S\u00ca, AYIDOHW\u00caDO, L\u00caGBA, F\u00c2\" width=\"25\" height=\"26\" title=\"\"><\/p>\t\t\t\t\t\t\t\t<\/div>\n\t\t\t\t<\/div>\n\t\t\t\t\t<\/div>\n\t\t<\/div>\n\t\t\t\t\t<\/div>\n\t\t<\/section>\n\t\t\t\t<section class=\"elementor-section elementor-top-section elementor-element elementor-element-6bae2f4 elementor-section-boxed elementor-section-height-default elementor-section-height-default\" data-id=\"6bae2f4\" data-element_type=\"section\" data-e-type=\"section\">\n\t\t\t\t\t\t<div class=\"elementor-container elementor-column-gap-default\">\n\t\t\t\t\t<div class=\"elementor-column elementor-col-100 elementor-top-column elementor-element elementor-element-2ea60be\" data-id=\"2ea60be\" data-element_type=\"column\" data-e-type=\"column\">\n\t\t\t<div class=\"elementor-widget-wrap elementor-element-populated\">\n\t\t\t\t\t\t<div class=\"elementor-element elementor-element-607627a elementor-widget elementor-widget-heading\" data-id=\"607627a\" data-element_type=\"widget\" data-e-type=\"widget\" data-widget_type=\"heading.default\">\n\t\t\t\t<div class=\"elementor-widget-container\">\n\t\t\t\t\t<div id=\"ez-toc-container\" class=\"ez-toc-v2_0_82_2 counter-hierarchy ez-toc-counter ez-toc-grey ez-toc-container-direction\">\n<div class=\"ez-toc-title-container\">\n<p class=\"ez-toc-title\" style=\"cursor:inherit\">Contenido<\/p>\n<span class=\"ez-toc-title-toggle\"><a href=\"#\" class=\"ez-toc-pull-right ez-toc-btn ez-toc-btn-xs ez-toc-btn-default ez-toc-toggle\" aria-label=\"Alternar tabla de contenidos\"><span class=\"ez-toc-js-icon-con\"><span class=\"\"><span class=\"eztoc-hide\" style=\"display:none;\">Palanca<\/span><span class=\"ez-toc-icon-toggle-span\"><svg style=\"fill: #999;color:#999\" xmlns=\"http:\/\/www.w3.org\/2000\/svg\" class=\"list-377408\" width=\"20px\" height=\"20px\" viewbox=\"0 0 24 24\" fill=\"none\"><path d=\"M6 6H4v2h2V6zm14 0H8v2h12V6zM4 11h2v2H4v-2zm16 0H8v2h12v-2zM4 16h2v2H4v-2zm16 0H8v2h12v-2z\" fill=\"currentColor\"><\/path><\/svg><svg style=\"fill: #999;color:#999\" class=\"arrow-unsorted-368013\" xmlns=\"http:\/\/www.w3.org\/2000\/svg\" width=\"10px\" height=\"10px\" viewbox=\"0 0 24 24\" version=\"1.2\" baseprofile=\"tiny\"><path d=\"M18.2 9.3l-6.2-6.3-6.2 6.3c-.2.2-.3.4-.3.7s.1.5.3.7c.2.2.4.3.7.3h11c.3 0 .5-.1.7-.3.2-.2.3-.5.3-.7s-.1-.5-.3-.7zM5.8 14.7l6.2 6.3 6.2-6.3c.2-.2.3-.5.3-.7s-.1-.5-.3-.7c-.2-.2-.4-.3-.7-.3h-11c-.3 0-.5.1-.7.3-.2.2-.3.5-.3.7s.1.5.3.7z\"\/><\/svg><\/span><\/span><\/span><\/a><\/span><\/div>\n<nav><ul class='ez-toc-list ez-toc-list-level-1' ><li class='ez-toc-page-1 ez-toc-heading-level-2'><a class=\"ez-toc-link ez-toc-heading-1\" href=\"https:\/\/mythslegendes.com\/es\/dahomeenne-fon-mitologia\/dioses-de-primera-generacion\/#Dieux-de-1ere-generation-Fon\" >Dioses de primera generaci\u00f3n Fon<\/a><\/li><li class='ez-toc-page-1 ez-toc-heading-level-2'><a class=\"ez-toc-link ez-toc-heading-2\" href=\"https:\/\/mythslegendes.com\/es\/dahomeenne-fon-mitologia\/dioses-de-primera-generacion\/#SE-Feu\" >S\u00ca (Fuego)<\/a><\/li><li class='ez-toc-page-1 ez-toc-heading-level-2'><a class=\"ez-toc-link ez-toc-heading-3\" href=\"https:\/\/mythslegendes.com\/es\/dahomeenne-fon-mitologia\/dioses-de-primera-generacion\/#AYIDOHWEDO-FeuAir\" >AYIDOHW\u00caDO (Fuego\/Aire)<\/a><\/li><li class='ez-toc-page-1 ez-toc-heading-level-2'><a class=\"ez-toc-link ez-toc-heading-4\" href=\"https:\/\/mythslegendes.com\/es\/dahomeenne-fon-mitologia\/dioses-de-primera-generacion\/#LEGBA-FeuAir\" >L\u00caGBA (Fuego\/Aire)<\/a><\/li><li class='ez-toc-page-1 ez-toc-heading-level-2'><a class=\"ez-toc-link ez-toc-heading-5\" href=\"https:\/\/mythslegendes.com\/es\/dahomeenne-fon-mitologia\/dioses-de-primera-generacion\/#FA-FeuEau\" >F (Fuego\/Agua)\u00a0<\/a><\/li><\/ul><\/nav><\/div>\n<h2 class=\"elementor-heading-title elementor-size-default\"><span class=\"ez-toc-section\" id=\"Dieux-de-1ere-generation-Fon\"><\/span>Dioses de primera generaci\u00f3n Fon<span class=\"ez-toc-section-end\"><\/span><\/h2>\t\t\t\t<\/div>\n\t\t\t\t<\/div>\n\t\t\t\t\t<\/div>\n\t\t<\/div>\n\t\t\t\t\t<\/div>\n\t\t<\/section>\n\t\t\t\t<section class=\"elementor-section elementor-top-section elementor-element elementor-element-7fbf655f elementor-section-boxed elementor-section-height-default elementor-section-height-default\" data-id=\"7fbf655f\" data-element_type=\"section\" data-e-type=\"section\">\n\t\t\t\t\t\t<div class=\"elementor-container elementor-column-gap-default\">\n\t\t\t\t\t<div class=\"elementor-column elementor-col-100 elementor-top-column elementor-element elementor-element-37860d1c\" data-id=\"37860d1c\" data-element_type=\"column\" data-e-type=\"column\">\n\t\t\t<div class=\"elementor-widget-wrap elementor-element-populated\">\n\t\t\t\t\t\t<div class=\"elementor-element elementor-element-54e7269a elementor-widget elementor-widget-text-editor\" data-id=\"54e7269a\" data-element_type=\"widget\" data-e-type=\"widget\" data-widget_type=\"text-editor.default\">\n\t\t\t\t<div class=\"elementor-widget-container\">\n\t\t\t\t\t\t\t\t\t<p><\/p>\n<h2 class=\"wp-block-heading\"><span class=\"ez-toc-section\" id=\"SE-Feu\"><\/span>S\u00ca (Fuego)<span class=\"ez-toc-section-end\"><\/span><\/h2>\n<p><\/p>\n<p>\u00c9l es el dios primordial y creativo que se gener\u00f3 a s\u00ed mismo. Personifica el fuego creativo, la luz original. Su nombre significa: incandescente, inteligente, destino, providencia. La etimolog\u00eda del nombre de este dios evoca la cosmolog\u00eda cient\u00edfica del big bang. EL <a href=\"https:\/\/mythslegendes.com\/es\/\">mito<\/a> La forma de creaci\u00f3n ense\u00f1a que Dan Ayidohw\u00eado, el doble de S\u00ea, cre\u00f3 la tierra secando las aguas primordiales.<\/p>\n<p>En lengua fon, la palabra esp\u00edritu tambi\u00e9n se designa con \u201cs\u00ea\u201d. Entendemos entonces que cada hombre est\u00e1 constituido por una imagen o proyecci\u00f3n del s\u00ea primordial, de ah\u00ed la designaci\u00f3n gb\u00e9 = padre, autor y to = mundo. S\u00ea representa en este sentido el Todo, ya que cada porci\u00f3n de la creaci\u00f3n esconde un s\u00ea, que consiste en su encarnaci\u00f3n, pero tambi\u00e9n la Nada, porque el esp\u00edritu es incomprensible, esquivo, infinito.<\/p>\n<p>S\u00ea se manifiesta con todo su poder en L\u00eagba, el Dios s\u00ea gener\u00f3 dentro de s\u00ed a los Dioses Lisa y Maou y a trav\u00e9s de esta pareja cre\u00f3 todo. No tiene representaci\u00f3n material. La mente no tiene color ni forma. S\u00ea designa la forma Fon del demiurgo solar egipcio Re.<\/p>\n<p><\/p>\n<h2 class=\"wp-block-heading\"><span class=\"ez-toc-section\" id=\"AYIDOHWEDO-FeuAir\"><\/span>AYIDOHW\u00caDO (Fuego\/Aire)<span class=\"ez-toc-section-end\"><\/span><\/h2>\n<p><\/p>\n<p>Como en L\u00eagba, se le atribuye la funci\u00f3n de mediador entre el cielo y la tierra, es decir, entre dioses y hombres. Conduce las almas del cielo a la tierra. Su nombre etimol\u00f3gicamente significa: \u201cdo\u201d (que posee) \u201cayi\u201d (tierra) \u201chw\u00ea\u201d (l\u00ednea, l\u00ednea, colores), por lo tanto est\u00e1 representado por el arco iris y es fuente de riqueza y fertilidad.<\/p>\n<p>Tambi\u00e9n se dice que es el dios que reparte el oro y las minas y que sus excrementos, \u201cdanmi\u201d (especie de perlas azules) tienen valor de oro. Seg\u00fan el mito b\u00e1sico de la creaci\u00f3n, originalmente las aguas cubr\u00edan todo el espacio, no exist\u00eda tierra. Maou, el creador, pidi\u00f3 a Ayidohw\u00eado que secara las aguas, que les diera un territorio, \u201choo\u201d el mar, que hiciera emerger la tierra. <\/p>\n<p>Habiendo realizado el acto creativo, denotado en forma por el concepto \u201c\u00a0<a href=\"https:\/\/mythslegendes.com\/es\/dahomeenne-fon-mitologia\/\">vud\u00fa<\/a>\u00a0\u00bb, Ayidohw\u00eado ascendi\u00f3 al cielo. All\u00ed se convirti\u00f3 en Hw\u00e9dohwan o L\u00eagba (Sol al mediod\u00eda) y recibi\u00f3 como recompensa, la primera hija de Maou, Soun (Luna).<\/p>\n<p><\/p>\n<p>Este mito define un paralelo con el mito egipcio de la creaci\u00f3n. Como Atum, Ayidohw\u00eado es una serpiente, Dan. Su representaci\u00f3n por una doble serpiente entrelazada, masculina y femenina, representa las dos fuerzas de la creaci\u00f3n, el m\u00e1s y el menos, lo masculino y lo femenino, el cielo y la tierra, de ah\u00ed su papel de mediador anunciado anteriormente. Tambi\u00e9n representa el aire original, es decir, la vida. Su color es azul, el color del cielo, y su n\u00famero es 7.<\/p>\n<p><\/p>\n<h2 class=\"wp-block-heading\"><span class=\"ez-toc-section\" id=\"LEGBA-FeuAir\"><\/span>L\u00caGBA (Fuego\/Aire)<span class=\"ez-toc-section-end\"><\/span><\/h2>\n<p><\/p>\n<p>L\u00eagba designa la forma manifiesta o accesible del concepto puramente abstracto que es S\u00ea. L\u00eagba representa en fon como en el antiguo egipcio, el coraz\u00f3n, el latido, el esp\u00edritu. Personifica el sol al mediod\u00eda. Como principio de vida, rige el orden en la creaci\u00f3n, la legalidad, la ley inalterable. El dios L\u00eagba aparece como un dios civilizador que transmiti\u00f3 la ley, el conocimiento y el ingenio a la humanidad.<\/p>\n<p>Es el soberano de los dioses, el m\u00e1s grande: \u201choun-daho\u201d en fon. Que significa &quot;houn&quot; misterio, &quot;daho&quot; grande. L\u00eagba encarna el poder creativo de R\u00ea, que se dice en fon S\u00ea. Todas las oraciones, todas las peticiones est\u00e1n dirigidas a \u00e9l y a \u00e9l pertenece la decisi\u00f3n final. \u00c9l es el juez c\u00f3smico y universal, en la tradici\u00f3n vud\u00fa, y recompensa a cada uno seg\u00fan sus acciones y m\u00e9ritos. Representa la estricta neutralidad de la ley, el equilibrio perfecto e ideal del universo.<\/p>\n<p>El miedo que suscita se debe a que encarna el rigor de la Ley. El culto individual que cada uno puede rendirle permite apropiarse del poder creador, de la vida que \u00e9l representa, lo que se traduce como la expresi\u00f3n \u201cL\u00eagba simboliza la ira de cada hombre.<\/p>\n<p>Y todos intentan apaciguarlo\u201d. La ira, la furia designan las fuerzas primitivas de la creaci\u00f3n, generadoras de todo ser, impulso fundamental que alimenta y mantiene la creaci\u00f3n. La ira de Legba llama a cada hombre a la conversi\u00f3n de las fortalezas, a la nobleza del alma, de los defectos a las cualidades. L\u00eagba ofrece a todos la oportunidad de convertirse en un sol \u201cindividual\u201d, tal es el significado de su culto. <\/p>\n<p>Seg\u00fan la tradici\u00f3n, el dios L\u00eagba apareci\u00f3 varias veces en la tierra, como un hombre celestial, que no tiene principio ni fin de vida. Al igual que F\u00e2, es el dios de los or\u00e1culos, el color de L\u00eagba es el rojo y sus n\u00fameros son: 7, 21 y 41.\u00a0<\/p>\n<p><\/p>\n<h2 class=\"wp-block-heading\"><span class=\"ez-toc-section\" id=\"FA-FeuEau\"><\/span>F (Fuego\/Agua)\u00a0<span class=\"ez-toc-section-end\"><\/span><\/h2>\n<p><\/p>\n<p>El Dios F\u00e2-D\u00e9 o F\u00e2 representa el ciclo nacimiento-muerte-resurrecci\u00f3n, est\u00e1 simbolizado por la nuez de palma o la palma F\u00e2-D\u00e9. Esta palmera de diecis\u00e9is ramas se levanta erguida por la ma\u00f1ana, se inclina al mediod\u00eda y toca el suelo con sus palmas por la noche. Al d\u00eda siguiente se vuelve a levantar y este movimiento contin\u00faa sin cesar. All\u00e1 <a href=\"https:\/\/mythslegendes.com\/es\/\">leyenda<\/a> Dice que F\u00e2 era un hombre amado por todos, porque todos pod\u00edan acercarse a \u00e9l e interrogarlo. Sus predicciones siempre se hicieron realidad. H\u00eavioso, su hermano, el poderoso dios Trueno, se ofendi\u00f3 y decidi\u00f3 matar a F\u00e2.<\/p>\n<p>Con un cuchillo, cort\u00f3 a F\u00e2 en dos. Pero siendo F\u00e2 inmortal, se encarn\u00f3 en la palmera F\u00e2-D\u00e9 y sus sirvientes se metamorfosearon en el \u00e1rbol \u201cavinyi\u201d del que se toman las semillas de los rosarios adivinatorios o \u201cagounmaga\u201d. Por su identificaci\u00f3n con F\u00e2, en particular con su misterios, a su ideal de civilizaci\u00f3n, el iniciado encuentra la inmortalidad, la vida eterna representada por la palmera o \u00e1rbol de la vida. <\/p>\n<p>F\u00e2 constituye, por lo anterior, y seg\u00fan la tradici\u00f3n, el dios de la salvaci\u00f3n. El culto a F\u00e2 dio origen al sistema de adivinaci\u00f3n llamado F\u00e2, que comprende 16 F\u00f3rmulas fundamentales o Dou, cuya combinaci\u00f3n bipolar da 256 F\u00f3rmulas que nos permiten para dar cuenta de la materia, el universo, la vida, la conciencia, la evoluci\u00f3n, etc.<\/p>\n<p>Los diecis\u00e9is Dou o Dioses, constituyen las diecis\u00e9is caras o aspectos esenciales del creador, de la creaci\u00f3n. Hay diecis\u00e9is nombres o sonidos sagrados, cada uno expresa una idea de creaci\u00f3n, una idea divina y en 16 x 16 = 256 nombres de manifestaci\u00f3n. El primer Dou, \u201cGb\u00e9\u201d, corresponde al principio creador, el \u00faltimo, \u201cFou \u201d, corresponde al principio dise\u00f1ador, designado ordinariamente por el Padre y la Madre de los Dioses Hijos, que entonces eran 14.<\/p>\n<p><\/p>\t\t\t\t\t\t\t\t<\/div>\n\t\t\t\t<\/div>\n\t\t\t\t\t<\/div>\n\t\t<\/div>\n\t\t\t\t\t<\/div>\n\t\t<\/section>\n\t\t\t\t<\/div>","protected":false},"excerpt":{"rendered":"<p>Mythologie Dahom\u00e9enne-Fon Wiki Cette page d\u00e9crit les dieux de 1ere g\u00e9n\u00e9ration Fon : S\u00ca, AYIDOHW\u00caDO, L\u00caGBA, F\u00c2 Dieux de 1ere &hellip; <\/p>","protected":false},"author":1,"featured_media":0,"parent":4116,"menu_order":0,"comment_status":"closed","ping_status":"closed","template":"","meta":{"footnotes":""},"class_list":["post-4145","page","type-page","status-publish","hentry"],"amp_enabled":true,"_links":{"self":[{"href":"https:\/\/mythslegendes.com\/es\/wp-json\/wp\/v2\/pages\/4145","targetHints":{"allow":["GET"]}}],"collection":[{"href":"https:\/\/mythslegendes.com\/es\/wp-json\/wp\/v2\/pages"}],"about":[{"href":"https:\/\/mythslegendes.com\/es\/wp-json\/wp\/v2\/types\/page"}],"author":[{"embeddable":true,"href":"https:\/\/mythslegendes.com\/es\/wp-json\/wp\/v2\/users\/1"}],"replies":[{"embeddable":true,"href":"https:\/\/mythslegendes.com\/es\/wp-json\/wp\/v2\/comments?post=4145"}],"version-history":[{"count":1,"href":"https:\/\/mythslegendes.com\/es\/wp-json\/wp\/v2\/pages\/4145\/revisions"}],"predecessor-version":[{"id":24945,"href":"https:\/\/mythslegendes.com\/es\/wp-json\/wp\/v2\/pages\/4145\/revisions\/24945"}],"up":[{"embeddable":true,"href":"https:\/\/mythslegendes.com\/es\/wp-json\/wp\/v2\/pages\/4116"}],"wp:attachment":[{"href":"https:\/\/mythslegendes.com\/es\/wp-json\/wp\/v2\/media?parent=4145"}],"curies":[{"name":"wp","href":"https:\/\/api.w.org\/{rel}","templated":true}]}}