{"id":415,"date":"2020-06-12T12:56:05","date_gmt":"2020-06-12T11:56:05","guid":{"rendered":"https:\/\/mythslegendes.com\/?page_id=415"},"modified":"2022-12-03T22:06:52","modified_gmt":"2022-12-03T22:06:52","slug":"la-legende-du-gui","status":"publish","type":"page","link":"https:\/\/mythslegendes.com\/es\/mitologia-gala\/la-leyenda-del-muerdago\/","title":{"rendered":"La leyenda del mu\u00e9rdago"},"content":{"rendered":"<div data-elementor-type=\"wp-page\" data-elementor-id=\"415\" class=\"elementor elementor-415\">\n\t\t\t\t\t\t<section class=\"elementor-section elementor-top-section elementor-element elementor-element-b33eef8 elementor-section-boxed elementor-section-height-default elementor-section-height-default\" data-id=\"b33eef8\" data-element_type=\"section\" data-e-type=\"section\">\n\t\t\t\t\t\t<div class=\"elementor-container elementor-column-gap-default\">\n\t\t\t\t\t<div class=\"elementor-column elementor-col-50 elementor-top-column elementor-element elementor-element-8b18a9d\" data-id=\"8b18a9d\" data-element_type=\"column\" data-e-type=\"column\">\n\t\t\t<div class=\"elementor-widget-wrap elementor-element-populated\">\n\t\t\t\t\t\t<div class=\"elementor-element elementor-element-15cb705 elementor-align-justify elementor-widget elementor-widget-button\" data-id=\"15cb705\" data-element_type=\"widget\" data-e-type=\"widget\" data-widget_type=\"button.default\">\n\t\t\t\t<div class=\"elementor-widget-container\">\n\t\t\t\t\t\t\t\t\t<div class=\"elementor-button-wrapper\">\n\t\t\t\t\t<a class=\"elementor-button elementor-button-link elementor-size-sm\" href=\"https:\/\/mythslegendes.com\/es\/mitologia-gala\/\">\n\t\t\t\t\t\t<span class=\"elementor-button-content-wrapper\">\n\t\t\t\t\t\t\t\t\t<span class=\"elementor-button-text\">Mitolog\u00eda gala<\/span>\n\t\t\t\t\t<\/span>\n\t\t\t\t\t<\/a>\n\t\t\t\t<\/div>\n\t\t\t\t\t\t\t\t<\/div>\n\t\t\t\t<\/div>\n\t\t\t\t\t<\/div>\n\t\t<\/div>\n\t\t\t\t<div class=\"elementor-column elementor-col-50 elementor-top-column elementor-element elementor-element-062818e\" data-id=\"062818e\" data-element_type=\"column\" data-e-type=\"column\">\n\t\t\t<div class=\"elementor-widget-wrap elementor-element-populated\">\n\t\t\t\t\t\t<div class=\"elementor-element elementor-element-b9809d0 elementor-align-justify elementor-widget elementor-widget-button\" data-id=\"b9809d0\" data-element_type=\"widget\" data-e-type=\"widget\" data-widget_type=\"button.default\">\n\t\t\t\t<div class=\"elementor-widget-container\">\n\t\t\t\t\t\t\t\t\t<div class=\"elementor-button-wrapper\">\n\t\t\t\t\t<a class=\"elementor-button elementor-button-link elementor-size-sm\" href=\"https:\/\/fr.wikipedia.org\/wiki\/Religion_gauloise\" target=\"_blank\" rel=\"noopener\">\n\t\t\t\t\t\t<span class=\"elementor-button-content-wrapper\">\n\t\t\t\t\t\t\t\t\t<span class=\"elementor-button-text\">Wiki<\/span>\n\t\t\t\t\t<\/span>\n\t\t\t\t\t<\/a>\n\t\t\t\t<\/div>\n\t\t\t\t\t\t\t\t<\/div>\n\t\t\t\t<\/div>\n\t\t\t\t\t<\/div>\n\t\t<\/div>\n\t\t\t\t\t<\/div>\n\t\t<\/section>\n\t\t\t\t<section class=\"elementor-section elementor-top-section elementor-element elementor-element-3c1c228f elementor-section-boxed elementor-section-height-default elementor-section-height-default\" data-id=\"3c1c228f\" data-element_type=\"section\" data-e-type=\"section\">\n\t\t\t\t\t\t<div class=\"elementor-container elementor-column-gap-default\">\n\t\t\t\t\t<div class=\"elementor-column elementor-col-100 elementor-top-column elementor-element elementor-element-2ece4fa3\" data-id=\"2ece4fa3\" data-element_type=\"column\" data-e-type=\"column\">\n\t\t\t<div class=\"elementor-widget-wrap elementor-element-populated\">\n\t\t\t\t\t\t<div class=\"elementor-element elementor-element-1e7bec87 elementor-widget elementor-widget-text-editor\" data-id=\"1e7bec87\" data-element_type=\"widget\" data-e-type=\"widget\" data-widget_type=\"text-editor.default\">\n\t\t\t\t<div class=\"elementor-widget-container\">\n\t\t\t\t\t\t\t\t\t<p><\/p>\n<p class=\"has-text-align-justify\">aqu\u00ed est\u00e1 <a href=\"https:\/\/mythslegendes.com\/es\/\">leyenda<\/a> mu\u00e9rdago. Ram hab\u00eda dejado el <a href=\"https:\/\/mythslegendes.com\/es\/mitologia-gala\/\">Galia<\/a> bajo el signo de Aries (Aries) para avanzar hacia el Este, India, con el fin de evitar la <a href=\"https:\/\/mythslegendes.com\/es\/mythes-et-legendes-celtiques-20\/\">Celtas<\/a> llegar a las manos, enzarzarse en una guerra fratricida; ya hab\u00eda pasado por Escitia y otros pa\u00edses, cuando sus compatriotas, a la cabeza de los cuales \u00e9l estaba, fueron azotados por una cruel enfermedad, en la cual crey\u00f3 ver un justo castigo de la Divinidad contra los hombres de su raza, a quienes \u00e9l disuadidos con gran dificultad de luchar contra sus hermanos.<\/p>\n<p><img decoding=\"async\" class=\"alignnone wp-image-5284 size-full\" src=\"https:\/\/mythslegendes.com\/wp-content\/uploads\/2020\/09\/AlphaOmega-e1602613368367.png\" alt=\"la leyenda del mu\u00e9rdago\" width=\"25\" height=\"26\" title=\"\"><\/p>\n<div id=\"ez-toc-container\" class=\"ez-toc-v2_0_82_2 counter-hierarchy ez-toc-counter ez-toc-grey ez-toc-container-direction\">\n<div class=\"ez-toc-title-container\">\n<p class=\"ez-toc-title\" style=\"cursor:inherit\">Contenido<\/p>\n<span class=\"ez-toc-title-toggle\"><a href=\"#\" class=\"ez-toc-pull-right ez-toc-btn ez-toc-btn-xs ez-toc-btn-default ez-toc-toggle\" aria-label=\"Alternar tabla de contenidos\"><span class=\"ez-toc-js-icon-con\"><span class=\"\"><span class=\"eztoc-hide\" style=\"display:none;\">Palanca<\/span><span class=\"ez-toc-icon-toggle-span\"><svg style=\"fill: #999;color:#999\" xmlns=\"http:\/\/www.w3.org\/2000\/svg\" class=\"list-377408\" width=\"20px\" height=\"20px\" viewbox=\"0 0 24 24\" fill=\"none\"><path d=\"M6 6H4v2h2V6zm14 0H8v2h12V6zM4 11h2v2H4v-2zm16 0H8v2h12v-2zM4 16h2v2H4v-2zm16 0H8v2h12v-2z\" fill=\"currentColor\"><\/path><\/svg><svg style=\"fill: #999;color:#999\" class=\"arrow-unsorted-368013\" xmlns=\"http:\/\/www.w3.org\/2000\/svg\" width=\"10px\" height=\"10px\" viewbox=\"0 0 24 24\" version=\"1.2\" baseprofile=\"tiny\"><path d=\"M18.2 9.3l-6.2-6.3-6.2 6.3c-.2.2-.3.4-.3.7s.1.5.3.7c.2.2.4.3.7.3h11c.3 0 .5-.1.7-.3.2-.2.3-.5.3-.7s-.1-.5-.3-.7zM5.8 14.7l6.2 6.3 6.2-6.3c.2-.2.3-.5.3-.7s-.1-.5-.3-.7c-.2-.2-.4-.3-.7-.3h-11c-.3 0-.5.1-.7.3-.2.2-.3.5-.3.7s.1.5.3.7z\"\/><\/svg><\/span><\/span><\/span><\/a><\/span><\/div>\n<nav><ul class='ez-toc-list ez-toc-list-level-1' ><li class='ez-toc-page-1 ez-toc-heading-level-2'><a class=\"ez-toc-link ez-toc-heading-1\" href=\"https:\/\/mythslegendes.com\/es\/mitologia-gala\/la-leyenda-del-muerdago\/#La-legende-du-gui\" >La leyenda del mu\u00e9rdago<\/a><\/li><\/ul><\/nav><\/div>\n<h2><span class=\"ez-toc-section\" id=\"La-legende-du-gui\"><\/span>La leyenda del mu\u00e9rdago<span class=\"ez-toc-section-end\"><\/span><\/h2>\n<p class=\"has-text-align-justify\">Esta enfermedad, una especie de lepra, cubr\u00eda todo el cuerpo con manchas negras y pustulosas, lo que provocaba la hinchaz\u00f3n de las extremidades, luego el cuerpo se cubr\u00eda de \u00falceras que determinaban la muerte, por lo que los celtas murieron en gran n\u00famero, por ejemplo. , nos dice la tradici\u00f3n.<\/p>\n<p><\/p>\n<p><\/p>\n<p>La Suma Sacerdotisa, la Voluspa, consult\u00f3, orden\u00f3, pero en vano, sacrificios expiatorios, la mortalidad no cesaba para eso.<\/p>\n<p><\/p>\n<p><\/p>\n<p class=\"has-text-align-justify\">Ram sol\u00eda meditar debajo de un roble; un d\u00eda, despu\u00e9s de una larga meditaci\u00f3n sobre las desgracias que aflig\u00edan a su raza, se durmi\u00f3. Mientras dorm\u00eda escuch\u00f3 una voz llam\u00e1ndolo por su nombre, mir\u00f3 y vio ante \u00e9l, en su sue\u00f1o, a un hombre de alta estatura, aspecto majestuoso, vestido con una t\u00fanica blanca que llevaba una varita en la que se entrelazaban dos serpientes y este hombre le dijo a \u00e9l: &quot;Ram, el remedio que buscas, est\u00e1 all\u00ed, encima de ti&quot;;<\/p>\n<p class=\"has-text-align-justify\">luego, sacando de su pecho una hoz de oro, el personaje cort\u00f3 un mu\u00e9rdago en el roble y se lo dio a Ram, con grandes muestras de veneraci\u00f3n; al mismo tiempo le dio una receta para componer un elixir, luego desapareci\u00f3.<\/p>\n<p><\/p>\n<p><\/p>\n<p class=\"has-text-align-justify\">Ram se despert\u00f3 de repente, profundamente conmovido por este sue\u00f1o que sinti\u00f3 prof\u00e9tico; se inclin\u00f3 al pie del roble bajo el cual estaba parado, vio all\u00ed un mu\u00e9rdago, lo recogi\u00f3 con respeto y lo llev\u00f3 a su tienda envuelto en la lona que le serv\u00eda de cintur\u00f3n (tayola), luego se puso a rezar y comenz\u00f3 las operaciones que hab\u00eda reunido de la boca del Druida del Plano Astral.<\/p>\n<p><\/p>\n<p><\/p>\n<p class=\"has-text-align-justify\">Habiendo obtenido el preciado licor, experiment\u00f3 con sus efectos en un paciente condenado. Apenas hab\u00eda absorbido unas gotas del licor cuando volvi\u00f3 a la vida, como por milagro, y todos los enfermos tratados despu\u00e9s se curaron del mismo modo. Entonces, de todos lados, la gente corri\u00f3 hacia Ram. Se reuni\u00f3 el Colegio Sacerdotal, y habiendo aprendido el Archidruida del jefe <a href=\"https:\/\/mythslegendes.com\/es\/mythes-et-legendes-celtiques-20\/\">c\u00e9ltico<\/a> c\u00f3mo hab\u00eda descubierto el admirable remedio que aseguraba la salvaci\u00f3n a todos, se decidi\u00f3 que el mu\u00e9rdago se convertir\u00eda en una planta sagrada y que la preparaci\u00f3n del Elixir se transmitir\u00eda oralmente del Archidruida a los dos druidas m\u00e1s antiguos.<\/p>\n<p>\u00a1Era la leyenda del mu\u00e9rdago!<\/p>\n<p><\/p>\t\t\t\t\t\t\t\t<\/div>\n\t\t\t\t<\/div>\n\t\t\t\t\t<\/div>\n\t\t<\/div>\n\t\t\t\t\t<\/div>\n\t\t<\/section>\n\t\t\t\t<\/div>","protected":false},"excerpt":{"rendered":"<p>Wiki mitolog\u00eda gala Aqu\u00ed est\u00e1 la leyenda del mu\u00e9rdago. Ram hab\u00eda salido de la Galia bajo el signo de Aries (Aries) para... <\/p>","protected":false},"author":1,"featured_media":417,"parent":367,"menu_order":0,"comment_status":"closed","ping_status":"closed","template":"","meta":{"footnotes":""},"class_list":["post-415","page","type-page","status-publish","has-post-thumbnail","hentry"],"amp_enabled":true,"_links":{"self":[{"href":"https:\/\/mythslegendes.com\/es\/wp-json\/wp\/v2\/pages\/415","targetHints":{"allow":["GET"]}}],"collection":[{"href":"https:\/\/mythslegendes.com\/es\/wp-json\/wp\/v2\/pages"}],"about":[{"href":"https:\/\/mythslegendes.com\/es\/wp-json\/wp\/v2\/types\/page"}],"author":[{"embeddable":true,"href":"https:\/\/mythslegendes.com\/es\/wp-json\/wp\/v2\/users\/1"}],"replies":[{"embeddable":true,"href":"https:\/\/mythslegendes.com\/es\/wp-json\/wp\/v2\/comments?post=415"}],"version-history":[{"count":1,"href":"https:\/\/mythslegendes.com\/es\/wp-json\/wp\/v2\/pages\/415\/revisions"}],"predecessor-version":[{"id":24512,"href":"https:\/\/mythslegendes.com\/es\/wp-json\/wp\/v2\/pages\/415\/revisions\/24512"}],"up":[{"embeddable":true,"href":"https:\/\/mythslegendes.com\/es\/wp-json\/wp\/v2\/pages\/367"}],"wp:featuredmedia":[{"embeddable":true,"href":"https:\/\/mythslegendes.com\/es\/wp-json\/wp\/v2\/media\/417"}],"wp:attachment":[{"href":"https:\/\/mythslegendes.com\/es\/wp-json\/wp\/v2\/media?parent=415"}],"curies":[{"name":"wp","href":"https:\/\/api.w.org\/{rel}","templated":true}]}}