{"id":4152,"date":"2020-08-18T13:51:03","date_gmt":"2020-08-18T12:51:03","guid":{"rendered":"https:\/\/mythslegendes.com\/?page_id=4152"},"modified":"2022-12-03T22:07:19","modified_gmt":"2022-12-03T22:07:19","slug":"dieux-de-3eme-generation-fon","status":"publish","type":"page","link":"https:\/\/mythslegendes.com\/es\/dahomeenne-fon-mitologia\/3ra-generacion-dioses-fon\/","title":{"rendered":"Dioses de tercera generaci\u00f3n Fon"},"content":{"rendered":"<div data-elementor-type=\"wp-page\" data-elementor-id=\"4152\" class=\"elementor elementor-4152\">\n\t\t\t\t\t\t<section class=\"elementor-section elementor-top-section elementor-element elementor-element-449f572 elementor-section-boxed elementor-section-height-default elementor-section-height-default\" data-id=\"449f572\" data-element_type=\"section\" data-e-type=\"section\">\n\t\t\t\t\t\t<div class=\"elementor-container elementor-column-gap-default\">\n\t\t\t\t\t<div class=\"elementor-column elementor-col-50 elementor-top-column elementor-element elementor-element-eb2329a\" data-id=\"eb2329a\" data-element_type=\"column\" data-e-type=\"column\">\n\t\t\t<div class=\"elementor-widget-wrap elementor-element-populated\">\n\t\t\t\t\t\t<div class=\"elementor-element elementor-element-9537247 elementor-align-justify elementor-widget elementor-widget-button\" data-id=\"9537247\" data-element_type=\"widget\" data-e-type=\"widget\" data-widget_type=\"button.default\">\n\t\t\t\t<div class=\"elementor-widget-container\">\n\t\t\t\t\t\t\t\t\t<div class=\"elementor-button-wrapper\">\n\t\t\t\t\t<a class=\"elementor-button elementor-button-link elementor-size-sm\" href=\"\">\n\t\t\t\t\t\t<span class=\"elementor-button-content-wrapper\">\n\t\t\t\t\t\t\t\t\t<span class=\"elementor-button-text\">Mitolog\u00eda Dahomean-Fon<\/span>\n\t\t\t\t\t<\/span>\n\t\t\t\t\t<\/a>\n\t\t\t\t<\/div>\n\t\t\t\t\t\t\t\t<\/div>\n\t\t\t\t<\/div>\n\t\t\t\t\t<\/div>\n\t\t<\/div>\n\t\t\t\t<div class=\"elementor-column elementor-col-50 elementor-top-column elementor-element elementor-element-0cba9e5\" data-id=\"0cba9e5\" data-element_type=\"column\" data-e-type=\"column\">\n\t\t\t<div class=\"elementor-widget-wrap elementor-element-populated\">\n\t\t\t\t\t\t<div class=\"elementor-element elementor-element-850ff34 elementor-align-justify elementor-widget elementor-widget-button\" data-id=\"850ff34\" data-element_type=\"widget\" data-e-type=\"widget\" data-widget_type=\"button.default\">\n\t\t\t\t<div class=\"elementor-widget-container\">\n\t\t\t\t\t\t\t\t\t<div class=\"elementor-button-wrapper\">\n\t\t\t\t\t<a class=\"elementor-button elementor-button-link elementor-size-sm\" href=\"https:\/\/fr.wikipedia.org\/wiki\/Royaume_du_Dahomey\" target=\"_blank\" rel=\"noopener\">\n\t\t\t\t\t\t<span class=\"elementor-button-content-wrapper\">\n\t\t\t\t\t\t\t\t\t<span class=\"elementor-button-text\">Wiki<\/span>\n\t\t\t\t\t<\/span>\n\t\t\t\t\t<\/a>\n\t\t\t\t<\/div>\n\t\t\t\t\t\t\t\t<\/div>\n\t\t\t\t<\/div>\n\t\t\t\t\t<\/div>\n\t\t<\/div>\n\t\t\t\t\t<\/div>\n\t\t<\/section>\n\t\t\t\t<section class=\"elementor-section elementor-top-section elementor-element elementor-element-367385c elementor-section-boxed elementor-section-height-default elementor-section-height-default\" data-id=\"367385c\" data-element_type=\"section\" data-e-type=\"section\">\n\t\t\t\t\t\t<div class=\"elementor-container elementor-column-gap-default\">\n\t\t\t\t\t<div class=\"elementor-column elementor-col-100 elementor-top-column elementor-element elementor-element-2abbfe1\" data-id=\"2abbfe1\" data-element_type=\"column\" data-e-type=\"column\">\n\t\t\t<div class=\"elementor-widget-wrap elementor-element-populated\">\n\t\t\t\t\t\t<div class=\"elementor-element elementor-element-1784c48 elementor-widget elementor-widget-text-editor\" data-id=\"1784c48\" data-element_type=\"widget\" data-e-type=\"widget\" data-widget_type=\"text-editor.default\">\n\t\t\t\t<div class=\"elementor-widget-container\">\n\t\t\t\t\t\t\t\t\t<p>Los dioses Fon de tercera generaci\u00f3n son: GOU, SO, DJI, KPAN, SUN, TO, AGE<\/p>\n<p><img decoding=\"async\" class=\"alignnone wp-image-5284 size-full\" src=\"https:\/\/mythslegendes.com\/wp-content\/uploads\/2020\/09\/AlphaOmega-e1602613368367.png\" alt=\"Los dioses de la tercera generaci\u00f3n son: GOU, SO, DJI, KPAN, SUN, TO, AGE\" width=\"25\" height=\"26\" title=\"\"><\/p>\t\t\t\t\t\t\t\t<\/div>\n\t\t\t\t<\/div>\n\t\t\t\t\t<\/div>\n\t\t<\/div>\n\t\t\t\t\t<\/div>\n\t\t<\/section>\n\t\t\t\t<section class=\"elementor-section elementor-top-section elementor-element elementor-element-d9f4b49 elementor-section-boxed elementor-section-height-default elementor-section-height-default\" data-id=\"d9f4b49\" data-element_type=\"section\" data-e-type=\"section\">\n\t\t\t\t\t\t<div class=\"elementor-container elementor-column-gap-default\">\n\t\t\t\t\t<div class=\"elementor-column elementor-col-100 elementor-top-column elementor-element elementor-element-e8ce91d\" data-id=\"e8ce91d\" data-element_type=\"column\" data-e-type=\"column\">\n\t\t\t<div class=\"elementor-widget-wrap elementor-element-populated\">\n\t\t\t\t\t\t<div class=\"elementor-element elementor-element-df9bef8 elementor-widget elementor-widget-heading\" data-id=\"df9bef8\" data-element_type=\"widget\" data-e-type=\"widget\" data-widget_type=\"heading.default\">\n\t\t\t\t<div class=\"elementor-widget-container\">\n\t\t\t\t\t<div id=\"ez-toc-container\" class=\"ez-toc-v2_0_82_2 counter-hierarchy ez-toc-counter ez-toc-grey ez-toc-container-direction\">\n<div class=\"ez-toc-title-container\">\n<p class=\"ez-toc-title\" style=\"cursor:inherit\">Contenido<\/p>\n<span class=\"ez-toc-title-toggle\"><a href=\"#\" class=\"ez-toc-pull-right ez-toc-btn ez-toc-btn-xs ez-toc-btn-default ez-toc-toggle\" aria-label=\"Alternar tabla de contenidos\"><span class=\"ez-toc-js-icon-con\"><span class=\"\"><span class=\"eztoc-hide\" style=\"display:none;\">Palanca<\/span><span class=\"ez-toc-icon-toggle-span\"><svg style=\"fill: #999;color:#999\" xmlns=\"http:\/\/www.w3.org\/2000\/svg\" class=\"list-377408\" width=\"20px\" height=\"20px\" viewbox=\"0 0 24 24\" fill=\"none\"><path d=\"M6 6H4v2h2V6zm14 0H8v2h12V6zM4 11h2v2H4v-2zm16 0H8v2h12v-2zM4 16h2v2H4v-2zm16 0H8v2h12v-2z\" fill=\"currentColor\"><\/path><\/svg><svg style=\"fill: #999;color:#999\" class=\"arrow-unsorted-368013\" xmlns=\"http:\/\/www.w3.org\/2000\/svg\" width=\"10px\" height=\"10px\" viewbox=\"0 0 24 24\" version=\"1.2\" baseprofile=\"tiny\"><path d=\"M18.2 9.3l-6.2-6.3-6.2 6.3c-.2.2-.3.4-.3.7s.1.5.3.7c.2.2.4.3.7.3h11c.3 0 .5-.1.7-.3.2-.2.3-.5.3-.7s-.1-.5-.3-.7zM5.8 14.7l6.2 6.3 6.2-6.3c.2-.2.3-.5.3-.7s-.1-.5-.3-.7c-.2-.2-.4-.3-.7-.3h-11c-.3 0-.5.1-.7.3-.2.2-.3.5-.3.7s.1.5.3.7z\"\/><\/svg><\/span><\/span><\/span><\/a><\/span><\/div>\n<nav><ul class='ez-toc-list ez-toc-list-level-1' ><li class='ez-toc-page-1 ez-toc-heading-level-2'><a class=\"ez-toc-link ez-toc-heading-1\" href=\"https:\/\/mythslegendes.com\/es\/dahomeenne-fon-mitologia\/3ra-generacion-dioses-fon\/#Dieux-de-3eme-generation-Fon\" >Dioses de tercera generaci\u00f3n Fon<\/a><\/li><li class='ez-toc-page-1 ez-toc-heading-level-2'><a class=\"ez-toc-link ez-toc-heading-2\" href=\"https:\/\/mythslegendes.com\/es\/dahomeenne-fon-mitologia\/3ra-generacion-dioses-fon\/#Gou-Feu\" >gou (fuego)<\/a><\/li><li class='ez-toc-page-1 ez-toc-heading-level-2'><a class=\"ez-toc-link ez-toc-heading-3\" href=\"https:\/\/mythslegendes.com\/es\/dahomeenne-fon-mitologia\/3ra-generacion-dioses-fon\/#SO-Feu\" >SO (Fuego)<\/a><\/li><li class='ez-toc-page-1 ez-toc-heading-level-2'><a class=\"ez-toc-link ez-toc-heading-4\" href=\"https:\/\/mythslegendes.com\/es\/dahomeenne-fon-mitologia\/3ra-generacion-dioses-fon\/#DJI-Air\" >DJI (aire)<\/a><\/li><li class='ez-toc-page-1 ez-toc-heading-level-2'><a class=\"ez-toc-link ez-toc-heading-5\" href=\"https:\/\/mythslegendes.com\/es\/dahomeenne-fon-mitologia\/3ra-generacion-dioses-fon\/#KPAN-Air\" >KPAN (aire)<\/a><\/li><li class='ez-toc-page-1 ez-toc-heading-level-2'><a class=\"ez-toc-link ez-toc-heading-6\" href=\"https:\/\/mythslegendes.com\/es\/dahomeenne-fon-mitologia\/3ra-generacion-dioses-fon\/#SUN-Eau\" >SOL (Agua)<\/a><\/li><li class='ez-toc-page-1 ez-toc-heading-level-2'><a class=\"ez-toc-link ez-toc-heading-7\" href=\"https:\/\/mythslegendes.com\/es\/dahomeenne-fon-mitologia\/3ra-generacion-dioses-fon\/#TO-EAU\" >REGAR)<\/a><\/li><li class='ez-toc-page-1 ez-toc-heading-level-2'><a class=\"ez-toc-link ez-toc-heading-8\" href=\"https:\/\/mythslegendes.com\/es\/dahomeenne-fon-mitologia\/3ra-generacion-dioses-fon\/#AGE-Terre\" >EDAD (Tierra)<\/a><\/li><\/ul><\/nav><\/div>\n<h2 class=\"elementor-heading-title elementor-size-default\"><span class=\"ez-toc-section\" id=\"Dieux-de-3eme-generation-Fon\"><\/span>Dioses de tercera generaci\u00f3n Fon<span class=\"ez-toc-section-end\"><\/span><\/h2>\t\t\t\t<\/div>\n\t\t\t\t<\/div>\n\t\t\t\t\t<\/div>\n\t\t<\/div>\n\t\t\t\t\t<\/div>\n\t\t<\/section>\n\t\t\t\t<section class=\"elementor-section elementor-top-section elementor-element elementor-element-6537d443 elementor-section-boxed elementor-section-height-default elementor-section-height-default\" data-id=\"6537d443\" data-element_type=\"section\" data-e-type=\"section\">\n\t\t\t\t\t\t<div class=\"elementor-container elementor-column-gap-default\">\n\t\t\t\t\t<div class=\"elementor-column elementor-col-100 elementor-top-column elementor-element elementor-element-564e85e4\" data-id=\"564e85e4\" data-element_type=\"column\" data-e-type=\"column\">\n\t\t\t<div class=\"elementor-widget-wrap elementor-element-populated\">\n\t\t\t\t\t\t<div class=\"elementor-element elementor-element-6dc77bd9 elementor-widget elementor-widget-text-editor\" data-id=\"6dc77bd9\" data-element_type=\"widget\" data-e-type=\"widget\" data-widget_type=\"text-editor.default\">\n\t\t\t\t<div class=\"elementor-widget-container\">\n\t\t\t\t\t\t\t\t\t<p><\/p>\n<h2 class=\"wp-block-heading\"><span class=\"ez-toc-section\" id=\"Gou-Feu\"><\/span>gou (fuego)<span class=\"ez-toc-section-end\"><\/span><\/h2>\n<p><\/p>\n<p><\/p>\n<p>El Dios Gou personifica la justicia, la armon\u00eda c\u00f3smica, la ley absoluta. Por lo tanto, controla la evoluci\u00f3n y el destino de toda la creaci\u00f3n. Gou representa la dualidad; positivo y negativo, bueno y malo, vida y muerte. Asegura la transformaci\u00f3n de un extremo al otro. Gou es pues el maestro de la alquimia que permite la preparaci\u00f3n de la piedra filosofal, el Dios de las artes y en particular de los herreros. Su nombre &quot;gou&quot; (falo, hierro) simboliza combatividad, virilidad, poder y soberan\u00eda. <\/p>\n<p>Seg\u00fan la tradici\u00f3n, Lisa trajo a Gou a la tierra en forma de espada \u201cbasa\u201d o \u201cgoubasa\u201d. Gou, es el hijo de Lisa, es decir, su manifestaci\u00f3n en la tierra. La espada, herramienta de poder soberano y por tanto de justicia, de creatividad, que garantiza la transformaci\u00f3n de la naturaleza, la conversi\u00f3n de fuerzas, puede convertirse en objeto de violencia, pasiones y ira, de ah\u00ed la polaridad de este dios Gou aparece luego en dios de agricultura y guerra. El Dios Gou corresponde al Dios <a href=\"https:\/\/mythslegendes.com\/es\/mythes-et-legendes-grecques-1664\/\">Griego<\/a> Kronos de la familia de los titanes, que adem\u00e1s es Apolo, dios de las artes y arquero. Al igual que Apolo, el dios Gou tiene el atributo animal, el gallo.<\/p>\n<p><\/p>\n<p><\/p>\n<h2 class=\"wp-block-heading\"><span class=\"ez-toc-section\" id=\"SO-Feu\"><\/span>SO (Fuego)<span class=\"ez-toc-section-end\"><\/span><\/h2>\n<p><\/p>\n<p><\/p>\n<p>H\u00eavioso designa el aspecto m\u00e1s conocido del Dios So que designa la suma de todo poder en el universo, la omnipotencia, el fuego primordial dentro de toda la creaci\u00f3n. Es la voluntad, la fuerza, el poder activo del esp\u00edritu, por lo que se identifica con la espada Basa de Gou, que simboliza la omnipotencia. Zo manifiesta la virtud del fuego y So, su poder, su fuerza.En cuanto a su aspecto H\u00eavioso, representa la manifestaci\u00f3n del rel\u00e1mpago, de las tormentas, de la majestad divina. El t\u00e9rmino H\u00eavioso se descompone en \u201ch\u00ea\u201d (p\u00e1jaro) \u201cvi\u201d (v\u00f3mito) \u201cso\u201d (rel\u00e1mpago), un p\u00e1jaro de fuego. H\u00eavioso tambi\u00e9n es representado por un carnero que lleva un hacha en la boca.<\/p>\n<p>So parece ser una forma fon de Zeus, el \u00e1rbol sagrado de So es el iroko, el rey de los \u00e1rboles en ambientes tropicales, mientras que el roble representa a Zeus feu fon, h\u00eavioso El pante\u00f3n de So es muy rico en dioses secundarios o ahijados . Entre los machos encontramos a Sogbo, Djakata; Gbade, Accromb\u00e9. Entre las hembras, hay: Agb\u00e9, Avl\u00e9k\u00e9t\u00e9; saho; Naete; complemento; Keli.<\/p>\n<p><\/p>\n<p><\/p>\n<h2 class=\"wp-block-heading\"><span class=\"ez-toc-section\" id=\"DJI-Air\"><\/span>DJI (aire)<span class=\"ez-toc-section-end\"><\/span><\/h2>\n<p><\/p>\n<p><\/p>\n<p>Ella personifica el principio de gestaci\u00f3n \u201cdji\u201d y representa a la Diosa Madre, la Madre de los Dioses. Su nombre significa Cielo, Lluvia y su hermano es el Dios Mayor, de su uni\u00f3n nace la multitud de dioses del pante\u00f3n. <a href=\"https:\/\/mythslegendes.com\/es\/dahomeenne-fon-mitologia\/\">vud\u00fa<\/a>.All\u00e1 <a href=\"https:\/\/mythslegendes.com\/es\/\">leyenda<\/a> Cuenta que al comienzo de la creaci\u00f3n, el Cielo Dji y la Vieja Tierra casi se tocaban y eran dos \u201cnonvi\u201d (hermano y hermana). Sol\u00edan cazar juntos y compart\u00edan el juego. Un d\u00eda, Terre el mayor mat\u00f3 un roedor \u201cgb\u00e9dja\u201d al que dividieron en dos partes. Qued\u00f3 la cabeza, \u201cta\u201d, sobre la cual no se pusieron de acuerdo, porque todos la quer\u00edan.<\/p>\n<p>Por estos argumentos, Ciel se enoj\u00f3 y se alej\u00f3 de la Tierra. Este \u00faltimo por falta se volvi\u00f3 \u00e1rido. Las semillas dejaron de crecer y las mujeres ya no pudieron dar a luz (&quot;dji&quot;). Para reconciliarse con Ciel, Terre volvi\u00f3 a matar a otro &quot;gb\u00e9dja&quot; a quien decidi\u00f3 enviar por completo a Ciel. Solo &quot;aklasou&quot; (el buitre) entre las aves, podr\u00eda llevar a cabo esta tarea. Aklasou realiz\u00f3 este transporte a cambio de la promesa que le hab\u00edan hecho: la construcci\u00f3n de una casa en la Tierra. Entonces la lluvia comenz\u00f3 a caer de nuevo. <\/p>\n<p>Sin embargo, la promesa hecha a Aklasou no se cumpli\u00f3. Con sus alas, pudo protegerse de la lluvia, por eso no se esconde cuando llueve &quot;Nout&quot; el Cielo, que se traga el sol &quot;R\u00ea&quot; S\u00ea cada tarde y lo da a luz &quot;dji en fon &quot; cada ma\u00f1ana.<\/p>\n<p><\/p>\n<p><\/p>\n<h2 class=\"wp-block-heading\"><span class=\"ez-toc-section\" id=\"KPAN-Air\"><\/span>KPAN (aire)<span class=\"ez-toc-section-end\"><\/span><\/h2>\n<p><\/p>\n<p><\/p>\n<p>Kpan designa al dios de la flauta, en el <a href=\"https:\/\/mythslegendes.com\/es\/\">mitolog\u00eda<\/a> fondo. El mito vincula al dios Kpan con el dios Aw\u00easou, due\u00f1o de la tierra, cuyas glorias y esplendores canta, como el dios griego Pan, que anima a los dioses del Olimpo. El dios &quot;Kpan&quot; (rana) encarna la ley de la misma manera que Pan, el dios de la flauta griega. <\/p>\n<p>Este mito estar\u00e1 en el origen de la funci\u00f3n de Kpan-lin-gan, instituida por el Dios-rey Hwegbadja, fundador del reino de Abomey, que consiste en recitar las letan\u00edas en honor de los Dioses-reyes difuntos y las glorias de el Dios-rey viviente, con miras a mantener el equilibrio, la armon\u00eda de las fuerzas c\u00f3smicas para el bienestar de la humanidad y la prosperidad del reino de Abomey, el centro de la creaci\u00f3n.La palabra Kpanlingan se descompone en \u201ckpan\u201d (rana) \u201clin\u201d (pensar, vibrar) \u201cgan\u201d (ritmo, metal). Kpan es por tanto el dios de la respiraci\u00f3n, de la melod\u00eda, de la flauta.<\/p>\n<p><\/p>\n<p><\/p>\n<h2 class=\"wp-block-heading\"><span class=\"ez-toc-section\" id=\"SUN-Eau\"><\/span>SOL (Agua)<span class=\"ez-toc-section-end\"><\/span><\/h2>\n<p><\/p>\n<p><\/p>\n<p>El Dios-Luna Sol personifica la periodicidad de los fen\u00f3menos, es decir, su evoluci\u00f3n en un ciclo, en un bucle. Mide as\u00ed el tiempo, representa el n\u00famero 30, evocando la duraci\u00f3n de 30 d\u00edas que cuenta el mes fon. Gobierna la calidad de la sangre en el hombre, la vitalidad. El sol controla el movimiento de todos los seres, hombres y animales, sobre la superficie de la tierra. Este dios cuyo nombre significa conectar, anuncia el fin de los tiempos, el fin de la creaci\u00f3n, de la cual conectar\u00e1 las dos extremidades suprimiendo as\u00ed el espacio creado, y volver\u00e1 a generar el caos inicial del que surgi\u00f3 el universo. <\/p>\n<p>Es el retorno al punto de origen de la creaci\u00f3n, al nacimiento del ser, del que es responsable el Dios Sol, lo que constituye un peligro para el hombre. Porque implica el retorno de la conciencia humana a un estado infantil, de inmadurez. Por lo anterior, la tradici\u00f3n instituy\u00f3 el rito denominado \u201cSoun \u2013 Ki-Ko\u201d, es decir, \u201cquitar la duraci\u00f3n c\u00edclica\u201d del ser. Este rito se administra al individuo desde la infancia, generalmente tres meses despu\u00e9s del nacimiento. Consiste, entre otros rituales, en silbar la luna. El silbato detiene una acci\u00f3n en curso. El objetivo es detener la acci\u00f3n del &quot;sol&quot; (luna) sobre el ser, desde el per\u00edodo de gestaci\u00f3n.<\/p>\n<p><\/p>\n<p><\/p>\n<h2 class=\"wp-block-heading\"><span class=\"ez-toc-section\" id=\"TO-EAU\"><\/span>REGAR)<span class=\"ez-toc-section-end\"><\/span><\/h2>\n<p><\/p>\n<p><\/p>\n<p>Gobierna los fondos marinos y los r\u00edos. Maestro del dominio del agua, aparece como un dios primordial como So. Como So, cuya ira provoca rel\u00e1mpagos e inundaciones, la ira de To manifiesta inundaciones, maremotos, tormentas. En su asociaci\u00f3n con el dios Dan, o To-Dan, provoca terremotos. Estos atributos definen una relaci\u00f3n entre los dos dioses, So y To. El dios To tiene la misma divisi\u00f3n en su expresi\u00f3n que So. <\/p>\n<p>Tambi\u00e9n distinguimos los principios Tosou = To \u2013 masculino, o su manifestaci\u00f3n viril y positiva, y Tobosi = To \u2013 femenino, o su manifestaci\u00f3n gentil y negativa. Tosou designa as\u00ed el nombre gen\u00e9rico de los hijos de To y, Tobosi, el de sus hijas. Tosa designa otro aspecto de To. El culto a To es confuso, <a href=\"https:\/\/mythslegendes.com\/es\/dahomeenne-fon-mitologia\/\">abomey<\/a>, al culto real de los Tohosou o hijos discapacitados de la familia real: Tohosou = To-soberano. Son considerados encarnaciones del Dios To. Su culto forma parte del culto generalmente conocido como \u201cNinsouhw\u00e9\u201d o \u201cLinsouhw\u00e9\u201d, To corresponde a Toth, el dios lunar egipcio. <\/p>\n<p>Tambi\u00e9n parece ser una forma profunda de Poseid\u00f3n, dios del oc\u00e9ano en la mitolog\u00eda. <a href=\"https:\/\/mythslegendes.com\/es\/mythes-et-legendes-grecques-1664\/\">Griego<\/a> lo que dio origen a monstruos como Polifemo, Anteo, Procusto y Trit\u00f3n, por un lado, y por el otro, el caballo salvaje y Pegaso. El caballo salvaje de Poseid\u00f3n se une al que depend\u00eda del dios To y se llamaba Toso = To-caballo, generalmente denominado caballo de los pantanos o caballo ant\u00edlope.\u00a0<\/p>\n<p><\/p>\n<p><\/p>\n<h2 class=\"wp-block-heading\"><span class=\"ez-toc-section\" id=\"AGE-Terre\"><\/span>EDAD (Tierra)<span class=\"ez-toc-section-end\"><\/span><\/h2>\n<p><\/p>\n<p><\/p>\n<p>Su nombre significa tierra emergida, tierra seca, fuera del agua o de la orilla. Tambi\u00e9n representa la tierra primordial, la materia inicial, sobre la cual Ayidohw\u00eado se erigir\u00e1 para crear luz, d\u00eda y noche, ritmos diurnos y nocturnos. El significado de Ag\u00e9, tierra emergida, muestra que el acto creador debido a la pareja Lisa\/Maou, consisti\u00f3 en la separaci\u00f3n de las aguas primordiales con el mundo creado; en otras palabras, estas aguas son rechazadas en la periferia del universo organizado. Luego forman el mundo del caos del que se origin\u00f3 la creaci\u00f3n.<\/p>\n<p>Este oc\u00e9ano primordial al no ser creado, escapa al final de la creaci\u00f3n y permanece eterno con el creador, raz\u00f3n por la cual su nombre Dan es inseparable del de Ayidohw\u00eado. Como en Egipto, la tierra tiene un valor masculino en la tradici\u00f3n Fon. Finalmente, n\u00f3tese que Edad corresponde a la diosa griega Gea (Gaia) al dios egipcio Aker, un aspecto de Geb. Este \u00faltimo nombre (Geb) es similar al del dios fon &quot;Ge&quot; (Tierra) del que se deriva el sustantivo Ge-vi atribuido a los abomeanos.<\/p>\n<p><\/p>\t\t\t\t\t\t\t\t<\/div>\n\t\t\t\t<\/div>\n\t\t\t\t\t<\/div>\n\t\t<\/div>\n\t\t\t\t\t<\/div>\n\t\t<\/section>\n\t\t\t\t<\/div>","protected":false},"excerpt":{"rendered":"<p>Mythologie Dahom\u00e9enne-Fon Wiki Les dieux de 3\u00e8me g\u00e9n\u00e9ration Fon sont : GOU, SO, DJI, KPAN, SUN, TO, AGE Dieux de &hellip; <\/p>","protected":false},"author":1,"featured_media":0,"parent":4116,"menu_order":0,"comment_status":"closed","ping_status":"closed","template":"","meta":{"footnotes":""},"class_list":["post-4152","page","type-page","status-publish","hentry"],"amp_enabled":true,"_links":{"self":[{"href":"https:\/\/mythslegendes.com\/es\/wp-json\/wp\/v2\/pages\/4152","targetHints":{"allow":["GET"]}}],"collection":[{"href":"https:\/\/mythslegendes.com\/es\/wp-json\/wp\/v2\/pages"}],"about":[{"href":"https:\/\/mythslegendes.com\/es\/wp-json\/wp\/v2\/types\/page"}],"author":[{"embeddable":true,"href":"https:\/\/mythslegendes.com\/es\/wp-json\/wp\/v2\/users\/1"}],"replies":[{"embeddable":true,"href":"https:\/\/mythslegendes.com\/es\/wp-json\/wp\/v2\/comments?post=4152"}],"version-history":[{"count":1,"href":"https:\/\/mythslegendes.com\/es\/wp-json\/wp\/v2\/pages\/4152\/revisions"}],"predecessor-version":[{"id":24947,"href":"https:\/\/mythslegendes.com\/es\/wp-json\/wp\/v2\/pages\/4152\/revisions\/24947"}],"up":[{"embeddable":true,"href":"https:\/\/mythslegendes.com\/es\/wp-json\/wp\/v2\/pages\/4116"}],"wp:attachment":[{"href":"https:\/\/mythslegendes.com\/es\/wp-json\/wp\/v2\/media?parent=4152"}],"curies":[{"name":"wp","href":"https:\/\/api.w.org\/{rel}","templated":true}]}}