{"id":4157,"date":"2020-08-18T13:52:41","date_gmt":"2020-08-18T12:52:41","guid":{"rendered":"https:\/\/mythslegendes.com\/?page_id=4157"},"modified":"2022-12-03T22:07:19","modified_gmt":"2022-12-03T22:07:19","slug":"dieux-de-4eme-generation-fon","status":"publish","type":"page","link":"https:\/\/mythslegendes.com\/es\/dahomeenne-fon-mitologia\/4th-generation-gods-fon\/","title":{"rendered":"Dioses de cuarta generaci\u00f3n Fon"},"content":{"rendered":"<div data-elementor-type=\"wp-page\" data-elementor-id=\"4157\" class=\"elementor elementor-4157\">\n\t\t\t\t\t\t<section class=\"elementor-section elementor-top-section elementor-element elementor-element-7f19721 elementor-section-boxed elementor-section-height-default elementor-section-height-default\" data-id=\"7f19721\" data-element_type=\"section\" data-e-type=\"section\">\n\t\t\t\t\t\t<div class=\"elementor-container elementor-column-gap-default\">\n\t\t\t\t\t<div class=\"elementor-column elementor-col-50 elementor-top-column elementor-element elementor-element-7ba6e6e\" data-id=\"7ba6e6e\" data-element_type=\"column\" data-e-type=\"column\">\n\t\t\t<div class=\"elementor-widget-wrap elementor-element-populated\">\n\t\t\t\t\t\t<div class=\"elementor-element elementor-element-a70b873 elementor-align-justify elementor-widget elementor-widget-button\" data-id=\"a70b873\" data-element_type=\"widget\" data-e-type=\"widget\" data-widget_type=\"button.default\">\n\t\t\t\t<div class=\"elementor-widget-container\">\n\t\t\t\t\t\t\t\t\t<div class=\"elementor-button-wrapper\">\n\t\t\t\t\t<a class=\"elementor-button elementor-button-link elementor-size-sm\" href=\"https:\/\/mythslegendes.com\/es\/dahomeenne-fon-mitologia\/\">\n\t\t\t\t\t\t<span class=\"elementor-button-content-wrapper\">\n\t\t\t\t\t\t\t\t\t<span class=\"elementor-button-text\">Mitolog\u00eda Dahomean-Fon<\/span>\n\t\t\t\t\t<\/span>\n\t\t\t\t\t<\/a>\n\t\t\t\t<\/div>\n\t\t\t\t\t\t\t\t<\/div>\n\t\t\t\t<\/div>\n\t\t\t\t\t<\/div>\n\t\t<\/div>\n\t\t\t\t<div class=\"elementor-column elementor-col-50 elementor-top-column elementor-element elementor-element-043bf9d\" data-id=\"043bf9d\" data-element_type=\"column\" data-e-type=\"column\">\n\t\t\t<div class=\"elementor-widget-wrap elementor-element-populated\">\n\t\t\t\t\t\t<div class=\"elementor-element elementor-element-899ddcf elementor-align-justify elementor-widget elementor-widget-button\" data-id=\"899ddcf\" data-element_type=\"widget\" data-e-type=\"widget\" data-widget_type=\"button.default\">\n\t\t\t\t<div class=\"elementor-widget-container\">\n\t\t\t\t\t\t\t\t\t<div class=\"elementor-button-wrapper\">\n\t\t\t\t\t<a class=\"elementor-button elementor-button-link elementor-size-sm\" href=\"https:\/\/fr.wikipedia.org\/wiki\/Royaume_du_Dahomey\" target=\"_blank\" rel=\"noopener\">\n\t\t\t\t\t\t<span class=\"elementor-button-content-wrapper\">\n\t\t\t\t\t\t\t\t\t<span class=\"elementor-button-text\">Wiki<\/span>\n\t\t\t\t\t<\/span>\n\t\t\t\t\t<\/a>\n\t\t\t\t<\/div>\n\t\t\t\t\t\t\t\t<\/div>\n\t\t\t\t<\/div>\n\t\t\t\t\t<\/div>\n\t\t<\/div>\n\t\t\t\t\t<\/div>\n\t\t<\/section>\n\t\t\t\t<section class=\"elementor-section elementor-top-section elementor-element elementor-element-8facf04 elementor-section-boxed elementor-section-height-default elementor-section-height-default\" data-id=\"8facf04\" data-element_type=\"section\" data-e-type=\"section\">\n\t\t\t\t\t\t<div class=\"elementor-container elementor-column-gap-default\">\n\t\t\t\t\t<div class=\"elementor-column elementor-col-100 elementor-top-column elementor-element elementor-element-faf4f01\" data-id=\"faf4f01\" data-element_type=\"column\" data-e-type=\"column\">\n\t\t\t<div class=\"elementor-widget-wrap elementor-element-populated\">\n\t\t\t\t\t\t<div class=\"elementor-element elementor-element-42b116e elementor-widget elementor-widget-text-editor\" data-id=\"42b116e\" data-element_type=\"widget\" data-e-type=\"widget\" data-widget_type=\"text-editor.default\">\n\t\t\t\t<div class=\"elementor-widget-container\">\n\t\t\t\t\t\t\t\t\t<p>Los dioses Fon de cuarta generaci\u00f3n son: ZO, HON, SAKPATA, KOU, AGASOU<\/p>\n<p><img decoding=\"async\" class=\"alignnone wp-image-5284 size-full\" src=\"https:\/\/mythslegendes.com\/wp-content\/uploads\/2020\/09\/AlphaOmega-e1602613368367.png\" alt=\"Los dioses Fon de cuarta generaci\u00f3n son: ZO, HON, SAKPATA, KOU, AGASOU\" width=\"25\" height=\"26\" title=\"\"><\/p>\t\t\t\t\t\t\t\t<\/div>\n\t\t\t\t<\/div>\n\t\t\t\t\t<\/div>\n\t\t<\/div>\n\t\t\t\t\t<\/div>\n\t\t<\/section>\n\t\t\t\t<section class=\"elementor-section elementor-top-section elementor-element elementor-element-562a512 elementor-section-boxed elementor-section-height-default elementor-section-height-default\" data-id=\"562a512\" data-element_type=\"section\" data-e-type=\"section\">\n\t\t\t\t\t\t<div class=\"elementor-container elementor-column-gap-default\">\n\t\t\t\t\t<div class=\"elementor-column elementor-col-100 elementor-top-column elementor-element elementor-element-5e91ff5\" data-id=\"5e91ff5\" data-element_type=\"column\" data-e-type=\"column\">\n\t\t\t<div class=\"elementor-widget-wrap elementor-element-populated\">\n\t\t\t\t\t\t<div class=\"elementor-element elementor-element-73e1f61 elementor-widget elementor-widget-heading\" data-id=\"73e1f61\" data-element_type=\"widget\" data-e-type=\"widget\" data-widget_type=\"heading.default\">\n\t\t\t\t<div class=\"elementor-widget-container\">\n\t\t\t\t\t<div id=\"ez-toc-container\" class=\"ez-toc-v2_0_82_2 counter-hierarchy ez-toc-counter ez-toc-grey ez-toc-container-direction\">\n<div class=\"ez-toc-title-container\">\n<p class=\"ez-toc-title\" style=\"cursor:inherit\">Contenido<\/p>\n<span class=\"ez-toc-title-toggle\"><a href=\"#\" class=\"ez-toc-pull-right ez-toc-btn ez-toc-btn-xs ez-toc-btn-default ez-toc-toggle\" aria-label=\"Alternar tabla de contenidos\"><span class=\"ez-toc-js-icon-con\"><span class=\"\"><span class=\"eztoc-hide\" style=\"display:none;\">Palanca<\/span><span class=\"ez-toc-icon-toggle-span\"><svg style=\"fill: #999;color:#999\" xmlns=\"http:\/\/www.w3.org\/2000\/svg\" class=\"list-377408\" width=\"20px\" height=\"20px\" viewbox=\"0 0 24 24\" fill=\"none\"><path d=\"M6 6H4v2h2V6zm14 0H8v2h12V6zM4 11h2v2H4v-2zm16 0H8v2h12v-2zM4 16h2v2H4v-2zm16 0H8v2h12v-2z\" fill=\"currentColor\"><\/path><\/svg><svg style=\"fill: #999;color:#999\" class=\"arrow-unsorted-368013\" xmlns=\"http:\/\/www.w3.org\/2000\/svg\" width=\"10px\" height=\"10px\" viewbox=\"0 0 24 24\" version=\"1.2\" baseprofile=\"tiny\"><path d=\"M18.2 9.3l-6.2-6.3-6.2 6.3c-.2.2-.3.4-.3.7s.1.5.3.7c.2.2.4.3.7.3h11c.3 0 .5-.1.7-.3.2-.2.3-.5.3-.7s-.1-.5-.3-.7zM5.8 14.7l6.2 6.3 6.2-6.3c.2-.2.3-.5.3-.7s-.1-.5-.3-.7c-.2-.2-.4-.3-.7-.3h-11c-.3 0-.5.1-.7.3-.2.2-.3.5-.3.7s.1.5.3.7z\"\/><\/svg><\/span><\/span><\/span><\/a><\/span><\/div>\n<nav><ul class='ez-toc-list ez-toc-list-level-1' ><li class='ez-toc-page-1 ez-toc-heading-level-2'><a class=\"ez-toc-link ez-toc-heading-1\" href=\"https:\/\/mythslegendes.com\/es\/dahomeenne-fon-mitologia\/4th-generation-gods-fon\/#Dieux-de-4eme-generation-Fon\" >Dioses de cuarta generaci\u00f3n Fon<\/a><\/li><li class='ez-toc-page-1 ez-toc-heading-level-2'><a class=\"ez-toc-link ez-toc-heading-2\" href=\"https:\/\/mythslegendes.com\/es\/dahomeenne-fon-mitologia\/4th-generation-gods-fon\/#ZO-Feu\" >ZO (Fuego)<\/a><\/li><li class='ez-toc-page-1 ez-toc-heading-level-2'><a class=\"ez-toc-link ez-toc-heading-3\" href=\"https:\/\/mythslegendes.com\/es\/dahomeenne-fon-mitologia\/4th-generation-gods-fon\/#HON-Feu\" >HON (Fuego)<\/a><\/li><li class='ez-toc-page-1 ez-toc-heading-level-2'><a class=\"ez-toc-link ez-toc-heading-4\" href=\"https:\/\/mythslegendes.com\/es\/dahomeenne-fon-mitologia\/4th-generation-gods-fon\/#SAKPATA-Terre\" >SAKPATA (Tierra)<\/a><\/li><li class='ez-toc-page-1 ez-toc-heading-level-2'><a class=\"ez-toc-link ez-toc-heading-5\" href=\"https:\/\/mythslegendes.com\/es\/dahomeenne-fon-mitologia\/4th-generation-gods-fon\/#KOU-Terre\" >KOU (Tierra)<\/a><\/li><li class='ez-toc-page-1 ez-toc-heading-level-2'><a class=\"ez-toc-link ez-toc-heading-6\" href=\"https:\/\/mythslegendes.com\/es\/dahomeenne-fon-mitologia\/4th-generation-gods-fon\/#AGASOU-Terre\" >AGASOU (Tierra)<\/a><\/li><\/ul><\/nav><\/div>\n<h2 class=\"elementor-heading-title elementor-size-default\"><span class=\"ez-toc-section\" id=\"Dieux-de-4eme-generation-Fon\"><\/span>Dioses de cuarta generaci\u00f3n Fon<span class=\"ez-toc-section-end\"><\/span><\/h2>\t\t\t\t<\/div>\n\t\t\t\t<\/div>\n\t\t\t\t\t<\/div>\n\t\t<\/div>\n\t\t\t\t\t<\/div>\n\t\t<\/section>\n\t\t\t\t<section class=\"elementor-section elementor-top-section elementor-element elementor-element-74008407 elementor-section-boxed elementor-section-height-default elementor-section-height-default\" data-id=\"74008407\" data-element_type=\"section\" data-e-type=\"section\">\n\t\t\t\t\t\t<div class=\"elementor-container elementor-column-gap-default\">\n\t\t\t\t\t<div class=\"elementor-column elementor-col-100 elementor-top-column elementor-element elementor-element-3fe0fa83\" data-id=\"3fe0fa83\" data-element_type=\"column\" data-e-type=\"column\">\n\t\t\t<div class=\"elementor-widget-wrap elementor-element-populated\">\n\t\t\t\t\t\t<div class=\"elementor-element elementor-element-4a313f85 elementor-widget elementor-widget-text-editor\" data-id=\"4a313f85\" data-element_type=\"widget\" data-e-type=\"widget\" data-widget_type=\"text-editor.default\">\n\t\t\t\t<div class=\"elementor-widget-container\">\n\t\t\t\t\t\t\t\t\t<p><\/p>\n<h2 class=\"wp-block-heading\"><span class=\"ez-toc-section\" id=\"ZO-Feu\"><\/span>ZO (Fuego)<span class=\"ez-toc-section-end\"><\/span><\/h2>\n<p><\/p>\n<p><\/p>\n<p>Es fuego en su doble aspecto negativo y positivo. Pero la tradici\u00f3n destaca sobre todo su manifestaci\u00f3n negativa. Zo gobierna las pasiones, los deseos, la violencia, la destrucci\u00f3n, la guerra, la traici\u00f3n, todo lo que causa sufrimiento y dolor Un mito del arte oracular F\u00e2, relata que el Dios H\u00eavioso y el Dios Zo, se enfrentaron por la mujer de H\u00eavioso a quien ambos codiciaban. Este mito se une al mito griego de Marte y Hefesto. <\/p>\n<p>El dios Zo corresponde a Marte El dios Zo designa al \u00fanico dios, como en la tradici\u00f3n <a href=\"https:\/\/mythslegendes.com\/es\/mythes-et-legendes-grecques-1664\/\">Griego<\/a>, al que dedicamos un mes: \u201czosoun\u201d (septiembre). Este dios tambi\u00e9n gobierna la peque\u00f1a temporada de lluvias de la parte baja<a href=\"https:\/\/mythslegendes.com\/es\/mitologia-delta-benigna\/\">Benigno<\/a>, que va desde finales de agosto\/principios de septiembre, hasta noviembre. Por lo tanto, Zo es el dios de la agricultura al igual que Marte. <\/p>\n<p>El per\u00edodo de finales de agosto a principios de septiembre es el comienzo del a\u00f1o en la tradici\u00f3n Fon. \u00c9poca del a\u00f1o en que tiene lugar la &quot;menducaci\u00f3n&quot; de las premisas del \u00f1ame y las nuevas ceremonias. El final del a\u00f1o tambi\u00e9n corresponde a la ceremonia real &quot;hwetanou&quot; en <a href=\"https:\/\/mythslegendes.com\/es\/dahomeenne-fon-mitologia\/\">abomey<\/a>.<\/p>\n<p><\/p>\n<p><\/p>\n<h2 class=\"wp-block-heading\"><span class=\"ez-toc-section\" id=\"HON-Feu\"><\/span>HON (Fuego)<span class=\"ez-toc-section-end\"><\/span><\/h2>\n<p><\/p>\n<p><\/p>\n<p>Es el ave solar de la tradici\u00f3n Fon. \u201cHon\u201d (Halc\u00f3n, \u00c1guila) y \u201cK\u00eas\u00ea\u201d (Loro) designan la misma realidad. El t\u00e9rmino \u201chon\u201d (iluminar, brillar) evoca el sol, la luz en su expansi\u00f3n, mientras que \u201cK\u00eas\u00ea\u201d (universo, esp\u00edritu) representa el alma divina. <\/p>\n<p>los <a href=\"https:\/\/mythslegendes.com\/es\/\">leyenda<\/a> cuenta que el Sol que representa al Dios S\u00ea, el Fuego que representa a F\u00e2 y K\u00eas\u00ea tuvieron una pelea con la Lluvia o H\u00eavioso. Los tres fijaron un d\u00eda para ponerle fin. En el d\u00eda se\u00f1alado, la lluvia comenz\u00f3 a caer. El sol ya no pod\u00eda brillar. Se apag\u00f3 el fuego. Solo brillaba el fuego encendido en la cola de K\u00eas\u00ea. Es por eso que la pluma de loro se usa para coronar a un vencedor. <\/p>\n<p>Este mito es una historia cosmol\u00f3gica que evoca el final de la creaci\u00f3n. El loro, el alma divina, permanecer\u00e1 al final de los tiempos, ya que es eterno, pero su manifestaci\u00f3n, el sol, se desvanecer\u00e1 en las aguas de la creaci\u00f3n, lo que determinar\u00e1 nuevamente el sue\u00f1o del Creador, el fuego, es decir decir, la expansi\u00f3n se convertir\u00e1 en contracci\u00f3n y seremos testigos de la regresi\u00f3n de la creaci\u00f3n. Entonces el demiurgo despertar\u00e1 en las aguas primordiales y tomar\u00e1 forma una nueva creaci\u00f3n. Este proceso ser\u00e1 interminable. <\/p>\n<p>Todav\u00eda encontramos el culto de Hon en Abomey en la forma sint\u00e9tica de \u201cHon-D\u00e9\u201d (Falcon-Palmier). Evoca el culto al ombligo &quot;hon&quot;, el centro del hombre, el n\u00facleo de la vida. Este culto consiste en enterrar un paquete del cord\u00f3n umbilical seco. En este \u00faltimo se planta una palmera, que simboliza la larga vida y la prosperidad prometidas al ni\u00f1o. La palmera D\u00e9 es el \u00e1rbol de la vida y representa el centro de la creaci\u00f3n. Este culto, por lo tanto, tiene como objetivo conectar el microcosmos con el macrocosmos, el hombre con Dios, y asegurar su salvaci\u00f3n, su resurrecci\u00f3n.<\/p>\n<p><\/p>\n<p><\/p>\n<h2 class=\"wp-block-heading\"><span class=\"ez-toc-section\" id=\"SAKPATA-Terre\"><\/span>SAKPATA (Tierra)<span class=\"ez-toc-section-end\"><\/span><\/h2>\n<p><\/p>\n<p><\/p>\n<p>Sakpata es el dios m\u00e1s temido del pante\u00f3n <a href=\"https:\/\/mythslegendes.com\/es\/dahomeenne-fon-mitologia\/\">Vud\u00fa<\/a>. No nos atrevemos a llamarlo por su nombre. Se utilizan otros nombres que inspiran menos miedo: \u201cdokounon\u201d (el rico), \u201cdohosou\u201d (el soberano del s\u00f3tano). Representa la riqueza mineral, el oro como la condensaci\u00f3n de la luz solar representada por Ayidohw\u00eado. Como tal, Sakpata personifica el fuego que se precipita hacia la tierra, el fuego creador encarnado en la materia. <\/p>\n<p>Forma la tierra y se convierte en el fuego dentro de la materia y asegura su cohesi\u00f3n o desintegraci\u00f3n. Permite la alquimia perfecta que realiza las riquezas del subsuelo pero en su c\u00f3lera puede trastornar y romper el equilibrio del ecosistema, de ah\u00ed el desencadenamiento en la naturaleza de plagas y desastres naturales. La tradici\u00f3n solo destaca su poder destructivo, de ah\u00ed su nombre como el dios de la viruela capaz de diezmar a toda una poblaci\u00f3n en pocos d\u00edas. De ah\u00ed tambi\u00e9n el temor y el respeto que suscita, y la consideraci\u00f3n de que gozan sus sacerdotes, que son grandes curanderos. <\/p>\n<p>Ellos son los \u00fanicos que saben por qu\u00e9 medio ritual se puede apaciguar al Dios Sakpata y detener la procesi\u00f3n de enfermedades formidables que resultan de sus &quot;cambios de humor&quot;. Sakpata es el dios del volc\u00e1n El terremoto recae principalmente bajo el dios Dangb\u00e9, la pit\u00f3n, que constituye un aspecto de Sakpata. Sakpata tiene un pante\u00f3n que incluye cerca de veinte hijos-dioses, unos m\u00e1s da\u00f1inos que otros.El n\u00famero 10 del Dios Sakpata es 10. El t\u00e9rmino Sakpata designa la s\u00edntesis Sakhmet-Ptah de la teolog\u00eda egipcia. Sakpata corresponde al dios griego Hefesto.<\/p>\n<p><\/p>\n<p><\/p>\n<h2 class=\"wp-block-heading\"><span class=\"ez-toc-section\" id=\"KOU-Terre\"><\/span>KOU (Tierra)<span class=\"ez-toc-section-end\"><\/span><\/h2>\n<p><\/p>\n<p><\/p>\n<p>El Dios Kou personifica la muerte y est\u00e1 representado por un esqueleto. Vive en el inframundo &quot;Do&quot;, nombre con el que tambi\u00e9n se le designa. Este lugar separa el mundo de los vivos del de los dioses y antepasados. Est\u00e1 atravesado por aguas embravecidas: \u201cKuto\u201d. Despu\u00e9s de dejar el mundo de los vivos, antes de llegar al reino de los dioses y los ancestros, deber\u00e1s pagar una tasa aduanera a Agasou-Sava, el malabarista. <\/p>\n<p>Esta leyenda evoca una similitud con la <a href=\"https:\/\/mythslegendes.com\/es\/\">mitolog\u00eda<\/a> Griego, que ense\u00f1a que las almas de los difuntos deben cruzar a la otra orilla del Estigia, antes de encontrar la paz, el descanso, la dicha. El dios Kou tiene tres hijos; la mayor se llama Azon = enfermedad, la segunda tiene el nombre Tadou = Migra\u00f1a, y la \u00faltima Avouvo = Fiebre. Los tres hijos de Kou corresponden a las Parcas, diosas <a href=\"https:\/\/mythslegendes.com\/es\/mythes-et-legendes-grecques-1664\/\">griego<\/a> de la Muerte, sat\u00e9lites de la Muerte.<\/p>\n<p><\/p>\n<p><\/p>\n<h2 class=\"wp-block-heading\"><span class=\"ez-toc-section\" id=\"AGASOU-Terre\"><\/span>AGASOU (Tierra)<span class=\"ez-toc-section-end\"><\/span><\/h2>\n<p><\/p>\n<p><\/p>\n<p>Agasou designa al antepasado m\u00edtico de las familias reales de Porto-Novo, Alada y Abomey y est\u00e1 representado por una pantera que recuerda su origen. De hecho, la tradici\u00f3n lo identifica con el ni\u00f1o nacido de la uni\u00f3n de una pantera y la princesa Aligbonon. Cuando muri\u00f3, su hijo Adjahouto mat\u00f3 a Adja, quien le rob\u00f3 su trono. Tuvo que huir para instalarse en Alada. Sus descendientes estar\u00e1n en el origen de los tres reinos mencionados. <\/p>\n<p>El rey de Abomey, descendiente de la Pantera, tiene entonces ascendencia divina. \u00c9l es Dios Encarnado. El culto de Agasou, o culto de \u201cKpo\u201d (pantera), en Abomey, es el culto supremo del reino. Forma con el culto de \u201cL\u00eansouhw\u00e9\u201d y el de \u201cAdjahouto\u201d, el culto real o el \u201cculto de Estado\u201d. Todos los sacerdotes vud\u00fa est\u00e1n bajo la autoridad del sacerdote de Agasou, el Agasounon.<\/p>\n<p>El soberano tambi\u00e9n lleva los t\u00edtulos de \u201cDada\u201d y \u201cDj\u00eahosou\u201d. Dada-S\u00ea o S\u00ea son los nombres del Creador. La etimolog\u00eda de dad\u00e1, \u201cda\u201d (tirar, cortar), da cuenta de las batallas que el Creador tuvo que librar para lograr la creaci\u00f3n y mantenerla. Dada-S\u00ea evoca la lucha diaria librada por el sol S\u00ea, contra el Dios Dan, representaci\u00f3n de las fuerzas que amenazan la creaci\u00f3n, para aparecer cada ma\u00f1ana para iluminar la creaci\u00f3n y transmitir la vida.<\/p>\n<p>El t\u00edtulo dada\u00edsta que ostenta el Rey de Abomey le invita as\u00ed a encarnar al dios-guerrero que es su padre, ya luchar por ensanchar y mantener el reino universal de Abomey, centro de la creaci\u00f3n. La descomposici\u00f3n de Dj\u00eahosou da: \u201cdj\u00ea\u201d (perla, esp\u00edritu) y hosou (soberano) es el soberano del cielo. Estos dos t\u00edtulos consagran siempre al Rey de Abomey como el dios del sol, la luz de la creaci\u00f3n.\u00a0<\/p>\n<p><\/p>\t\t\t\t\t\t\t\t<\/div>\n\t\t\t\t<\/div>\n\t\t\t\t\t<\/div>\n\t\t<\/div>\n\t\t\t\t\t<\/div>\n\t\t<\/section>\n\t\t\t\t<\/div>","protected":false},"excerpt":{"rendered":"<p>Mythologie Dahom\u00e9enne-Fon Wiki Les dieux de 4\u00e8me g\u00e9n\u00e9ration Fon sont les suivants : ZO, HON, SAKPATA, KOU, AGASOU Dieux de &hellip; <\/p>","protected":false},"author":1,"featured_media":0,"parent":4116,"menu_order":0,"comment_status":"closed","ping_status":"closed","template":"","meta":{"footnotes":""},"class_list":["post-4157","page","type-page","status-publish","hentry"],"amp_enabled":true,"_links":{"self":[{"href":"https:\/\/mythslegendes.com\/es\/wp-json\/wp\/v2\/pages\/4157","targetHints":{"allow":["GET"]}}],"collection":[{"href":"https:\/\/mythslegendes.com\/es\/wp-json\/wp\/v2\/pages"}],"about":[{"href":"https:\/\/mythslegendes.com\/es\/wp-json\/wp\/v2\/types\/page"}],"author":[{"embeddable":true,"href":"https:\/\/mythslegendes.com\/es\/wp-json\/wp\/v2\/users\/1"}],"replies":[{"embeddable":true,"href":"https:\/\/mythslegendes.com\/es\/wp-json\/wp\/v2\/comments?post=4157"}],"version-history":[{"count":1,"href":"https:\/\/mythslegendes.com\/es\/wp-json\/wp\/v2\/pages\/4157\/revisions"}],"predecessor-version":[{"id":24948,"href":"https:\/\/mythslegendes.com\/es\/wp-json\/wp\/v2\/pages\/4157\/revisions\/24948"}],"up":[{"embeddable":true,"href":"https:\/\/mythslegendes.com\/es\/wp-json\/wp\/v2\/pages\/4116"}],"wp:attachment":[{"href":"https:\/\/mythslegendes.com\/es\/wp-json\/wp\/v2\/media?parent=4157"}],"curies":[{"name":"wp","href":"https:\/\/api.w.org\/{rel}","templated":true}]}}