{"id":4179,"date":"2020-08-18T14:29:37","date_gmt":"2020-08-18T13:29:37","guid":{"rendered":"https:\/\/mythslegendes.com\/?page_id=4179"},"modified":"2022-12-03T22:07:19","modified_gmt":"2022-12-03T22:07:19","slug":"pantheon-odinani","status":"publish","type":"page","link":"https:\/\/mythslegendes.com\/es\/igbo-mitologia\/panteon-odinani\/","title":{"rendered":"Pante\u00f3n Odinani"},"content":{"rendered":"<div data-elementor-type=\"wp-page\" data-elementor-id=\"4179\" class=\"elementor elementor-4179\">\n\t\t\t\t\t\t<section class=\"elementor-section elementor-top-section elementor-element elementor-element-274fa08 elementor-section-boxed elementor-section-height-default elementor-section-height-default\" data-id=\"274fa08\" data-element_type=\"section\" data-e-type=\"section\">\n\t\t\t\t\t\t<div class=\"elementor-container elementor-column-gap-default\">\n\t\t\t\t\t<div class=\"elementor-column elementor-col-50 elementor-top-column elementor-element elementor-element-345b9f8\" data-id=\"345b9f8\" data-element_type=\"column\" data-e-type=\"column\">\n\t\t\t<div class=\"elementor-widget-wrap elementor-element-populated\">\n\t\t\t\t\t\t<div class=\"elementor-element elementor-element-0d893a4 elementor-align-justify elementor-widget elementor-widget-button\" data-id=\"0d893a4\" data-element_type=\"widget\" data-e-type=\"widget\" data-widget_type=\"button.default\">\n\t\t\t\t<div class=\"elementor-widget-container\">\n\t\t\t\t\t\t\t\t\t<div class=\"elementor-button-wrapper\">\n\t\t\t\t\t<a class=\"elementor-button elementor-button-link elementor-size-sm\" href=\"https:\/\/mythslegendes.com\/es\/igbo-mitologia\/\">\n\t\t\t\t\t\t<span class=\"elementor-button-content-wrapper\">\n\t\t\t\t\t\t\t\t\t<span class=\"elementor-button-text\">Mitolog\u00eda igbo<\/span>\n\t\t\t\t\t<\/span>\n\t\t\t\t\t<\/a>\n\t\t\t\t<\/div>\n\t\t\t\t\t\t\t\t<\/div>\n\t\t\t\t<\/div>\n\t\t\t\t\t<\/div>\n\t\t<\/div>\n\t\t\t\t<div class=\"elementor-column elementor-col-50 elementor-top-column elementor-element elementor-element-22e7305\" data-id=\"22e7305\" data-element_type=\"column\" data-e-type=\"column\">\n\t\t\t<div class=\"elementor-widget-wrap elementor-element-populated\">\n\t\t\t\t\t\t<div class=\"elementor-element elementor-element-1c58e79 elementor-align-justify elementor-widget elementor-widget-button\" data-id=\"1c58e79\" data-element_type=\"widget\" data-e-type=\"widget\" data-widget_type=\"button.default\">\n\t\t\t\t<div class=\"elementor-widget-container\">\n\t\t\t\t\t\t\t\t\t<div class=\"elementor-button-wrapper\">\n\t\t\t\t\t<a class=\"elementor-button elementor-button-link elementor-size-sm\" href=\"https:\/\/fr.wikipedia.org\/wiki\/Igbo_(peuple)\" target=\"_blank\" rel=\"noopener\">\n\t\t\t\t\t\t<span class=\"elementor-button-content-wrapper\">\n\t\t\t\t\t\t\t\t\t<span class=\"elementor-button-text\">Wiki<\/span>\n\t\t\t\t\t<\/span>\n\t\t\t\t\t<\/a>\n\t\t\t\t<\/div>\n\t\t\t\t\t\t\t\t<\/div>\n\t\t\t\t<\/div>\n\t\t\t\t\t<\/div>\n\t\t<\/div>\n\t\t\t\t\t<\/div>\n\t\t<\/section>\n\t\t\t\t<section class=\"elementor-section elementor-top-section elementor-element elementor-element-3dbf97c elementor-section-boxed elementor-section-height-default elementor-section-height-default\" data-id=\"3dbf97c\" data-element_type=\"section\" data-e-type=\"section\">\n\t\t\t\t\t\t<div class=\"elementor-container elementor-column-gap-default\">\n\t\t\t\t\t<div class=\"elementor-column elementor-col-100 elementor-top-column elementor-element elementor-element-f088401\" data-id=\"f088401\" data-element_type=\"column\" data-e-type=\"column\">\n\t\t\t<div class=\"elementor-widget-wrap elementor-element-populated\">\n\t\t\t\t\t\t<div class=\"elementor-element elementor-element-cf78e8f elementor-widget elementor-widget-text-editor\" data-id=\"cf78e8f\" data-element_type=\"widget\" data-e-type=\"widget\" data-widget_type=\"text-editor.default\">\n\t\t\t\t<div class=\"elementor-widget-container\">\n\t\t\t\t\t\t\t\t\t<p>la religi\u00f3n de <a href=\"https:\/\/mythslegendes.com\/es\/igbo-mitologia\/\">Igbo<\/a> que se conoce como\u00a0<strong>Odinani<\/strong>. El pante\u00f3n de Odinani incluye muchas deidades y esp\u00edritus.<\/p>\n<p><img decoding=\"async\" class=\"alignnone wp-image-5284 size-full\" src=\"https:\/\/mythslegendes.com\/wp-content\/uploads\/2020\/09\/AlphaOmega-e1602613368367.png\" alt=\"pante\u00f3n odinani\" width=\"25\" height=\"26\" title=\"\"><\/p>\t\t\t\t\t\t\t\t<\/div>\n\t\t\t\t<\/div>\n\t\t\t\t\t<\/div>\n\t\t<\/div>\n\t\t\t\t\t<\/div>\n\t\t<\/section>\n\t\t\t\t<section class=\"elementor-section elementor-top-section elementor-element elementor-element-d7fd3c2 elementor-section-boxed elementor-section-height-default elementor-section-height-default\" data-id=\"d7fd3c2\" data-element_type=\"section\" data-e-type=\"section\">\n\t\t\t\t\t\t<div class=\"elementor-container elementor-column-gap-default\">\n\t\t\t\t\t<div class=\"elementor-column elementor-col-100 elementor-top-column elementor-element elementor-element-60ed5a2\" data-id=\"60ed5a2\" data-element_type=\"column\" data-e-type=\"column\">\n\t\t\t<div class=\"elementor-widget-wrap elementor-element-populated\">\n\t\t\t\t\t\t<div class=\"elementor-element elementor-element-75480b2 elementor-widget elementor-widget-heading\" data-id=\"75480b2\" data-element_type=\"widget\" data-e-type=\"widget\" data-widget_type=\"heading.default\">\n\t\t\t\t<div class=\"elementor-widget-container\">\n\t\t\t\t\t<div id=\"ez-toc-container\" class=\"ez-toc-v2_0_82_2 counter-hierarchy ez-toc-counter ez-toc-grey ez-toc-container-direction\">\n<div class=\"ez-toc-title-container\">\n<p class=\"ez-toc-title\" style=\"cursor:inherit\">Contenido<\/p>\n<span class=\"ez-toc-title-toggle\"><a href=\"#\" class=\"ez-toc-pull-right ez-toc-btn ez-toc-btn-xs ez-toc-btn-default ez-toc-toggle\" aria-label=\"Alternar tabla de contenidos\"><span class=\"ez-toc-js-icon-con\"><span class=\"\"><span class=\"eztoc-hide\" style=\"display:none;\">Palanca<\/span><span class=\"ez-toc-icon-toggle-span\"><svg style=\"fill: #999;color:#999\" xmlns=\"http:\/\/www.w3.org\/2000\/svg\" class=\"list-377408\" width=\"20px\" height=\"20px\" viewbox=\"0 0 24 24\" fill=\"none\"><path d=\"M6 6H4v2h2V6zm14 0H8v2h12V6zM4 11h2v2H4v-2zm16 0H8v2h12v-2zM4 16h2v2H4v-2zm16 0H8v2h12v-2z\" fill=\"currentColor\"><\/path><\/svg><svg style=\"fill: #999;color:#999\" class=\"arrow-unsorted-368013\" xmlns=\"http:\/\/www.w3.org\/2000\/svg\" width=\"10px\" height=\"10px\" viewbox=\"0 0 24 24\" version=\"1.2\" baseprofile=\"tiny\"><path d=\"M18.2 9.3l-6.2-6.3-6.2 6.3c-.2.2-.3.4-.3.7s.1.5.3.7c.2.2.4.3.7.3h11c.3 0 .5-.1.7-.3.2-.2.3-.5.3-.7s-.1-.5-.3-.7zM5.8 14.7l6.2 6.3 6.2-6.3c.2-.2.3-.5.3-.7s-.1-.5-.3-.7c-.2-.2-.4-.3-.7-.3h-11c-.3 0-.5.1-.7.3-.2.2-.3.5-.3.7s.1.5.3.7z\"\/><\/svg><\/span><\/span><\/span><\/a><\/span><\/div>\n<nav><ul class='ez-toc-list ez-toc-list-level-1' ><li class='ez-toc-page-1 ez-toc-heading-level-2'><a class=\"ez-toc-link ez-toc-heading-1\" href=\"https:\/\/mythslegendes.com\/es\/igbo-mitologia\/panteon-odinani\/#Pantheon-Odinani\" >Pante\u00f3n Odinani<\/a><\/li><\/ul><\/nav><\/div>\n<h2 class=\"elementor-heading-title elementor-size-default\"><span class=\"ez-toc-section\" id=\"Pantheon-Odinani\"><\/span>Pante\u00f3n Odinani<span class=\"ez-toc-section-end\"><\/span><\/h2>\t\t\t\t<\/div>\n\t\t\t\t<\/div>\n\t\t\t\t\t<\/div>\n\t\t<\/div>\n\t\t\t\t\t<\/div>\n\t\t<\/section>\n\t\t\t\t<section class=\"elementor-section elementor-top-section elementor-element elementor-element-588e0f75 elementor-section-boxed elementor-section-height-default elementor-section-height-default\" data-id=\"588e0f75\" data-element_type=\"section\" data-e-type=\"section\">\n\t\t\t\t\t\t<div class=\"elementor-container elementor-column-gap-default\">\n\t\t\t\t\t<div class=\"elementor-column elementor-col-100 elementor-top-column elementor-element elementor-element-7fa0cee7\" data-id=\"7fa0cee7\" data-element_type=\"column\" data-e-type=\"column\">\n\t\t\t<div class=\"elementor-widget-wrap elementor-element-populated\">\n\t\t\t\t\t\t<div class=\"elementor-element elementor-element-284a4fce elementor-widget elementor-widget-text-editor\" data-id=\"284a4fce\" data-element_type=\"widget\" data-e-type=\"widget\" data-widget_type=\"text-editor.default\">\n\t\t\t\t<div class=\"elementor-widget-container\">\n\t\t\t\t\t\t\t\t\t\n<p>El Dios supremo, llamado Chukwu (\u201cgran esp\u00edritu\u201d), cre\u00f3 el mundo y todo lo que hay en \u00e9l. El mundo se divide en cuatro conjuntos interconectados:<br \/>&#8211;\u00a0<strong>Okike<\/strong>\u00a0(Creaci\u00f3n),<br \/>&#8211;\u00a0<strong>Alus\u00ed<\/strong>\u00a0(fuerzas sobrenaturales o deidades),<br \/>&#8211;\u00a0<strong>mmuo<\/strong>\u00a0(los esp\u00edritus),<br \/>&#8211;\u00a0<strong>Uwa<\/strong>\u00a0(el mundo)<\/p>\n\n<p>Los Alusi (Arusi o Arushi) son fuerzas sobrenaturales que sirven a Chuwu. Cada Alusi tiene una funci\u00f3n y un prop\u00f3sito bien establecidos.<\/p>\n\n<p>Hay cuatro alusi (femeninos), cada uno de los cuales gobierna una direcci\u00f3n del espacio: Eke en el Este, Orie (Olie\/Oye) en el Oeste, Afo (Aho\/Ahwo) en el Norte y Nkwo en el Sur. Estos nombres tambi\u00e9n se utilizan para designar d\u00edas de mercado.<\/p>\n\n<p>AGBALA Dios que puede predecir el futuro y conversar con los esp\u00edritus de los difuntos. Una sacerdotisa instalada en una cueva o alejada del pueblo interpreta sus palabras para informar a los aldeanos que han acudido a escuchar el or\u00e1culo en busca de consejo. Oracle ubicado en Awka era muy famoso.<\/p>\n\n<p>AGWU NSI (Agwo nsi) Alusi de adivinaci\u00f3n.<\/p>\n\n<p>AHA NJOKU (Ahia Njoku o Ifejioku) Diosa popular responsable del \u00f1ame, principal recurso de la dieta igbo, y de las mujeres que cuidan de su cultivo.<\/p>\n\n<p>AHOBINAGU (u Obinagu) Alusi de vida salvaje.<\/p>\n\n<p>AJU MMIRI Diosa de la prosperidad, la fertilidad y el bienestar general.<\/p>\n\n<p>ALA Diosa de la Tierra, la Fertilidad, la Moralidad y el Otro Mundo, Ala es la hija del dios supremo Chuku.<\/p>\n\n<p>AMADIOHA Alusi rel\u00e1mpagos y truenos. Tiene otras funciones muy variadas.<\/p>\n\n<p>ANI Diosa de la Fertilidad<\/p>\n\n<p>ANYANWU Diosa del Sol<\/p>\n\n<p>ANYNU Dios Sol<\/p>\n\n<p>ARO Alusi de Sentencias.<\/p>\n\n<p>CHI Cada persona recibe al nacer un asistente personal o guardi\u00e1n espiritual que permanece con \u00e9l por el resto de su vida en la Tierra.<\/p>\n\n<p>CHUKWU Literalmente: \u201cgran esp\u00edritu\u201d. Deidad suprema de los igbo. Es el creador esencialmente bueno y todo lo bueno proviene de \u00e9l.<\/p>\n\n<p>EKWENSU Alusi traviesa experta en comercio y negociaciones.<\/p>\n\n<p>EKWU Esp\u00edritu del hogar o esp\u00edritu del coraz\u00f3n.<\/p>\n\n<p>ENYIJA Alusi de los r\u00edos.<\/p>\n\n<p>Esp\u00edritu EROSI invocado para la Fecundidad y la Prosperidad.<\/p>\n\n<p>EZENWAANYI Esp\u00edritu femenino del agua (ver Mami Wata)<\/p>\n\n<p>IGWEKAALA Dios del cielo<\/p>\n\n<p>IBINI OKRABI Esp\u00edritu poderoso<\/p>\n\n<p>IDEMILI Alusi de la Lluvia.<\/p>\n\n<p>IKENGA Alusi del Tiempo y el \u00c9xito.<\/p>\n\n<p>IKORO Esp\u00edritu del tambor.<\/p>\n\n<p>IMO MIRI Esp\u00edritu del r\u00edo.<\/p>\n\n<p>MBATUKU Esp\u00edritu de riqueza.<\/p>\n\n<p>NDEMA Esp\u00edritus ancestrales malignos.<\/p>\n\n<p>NJOKU JI Alusi guardi\u00e1n de \u00f1ame<\/p>\n\n<p>OGBUIDE Diosa del agua asociada al lago <a href=\"https:\/\/mythslegendes.com\/es\/igbo-mitologia\/\">Oguta<\/a>.<\/p>\n\n<p>OGBU GHU Cuando su madre muri\u00f3, Ogbu Ghu (c\u00e1lao) no encontr\u00f3 lugar para enterrarla. Vol\u00f3 largo rato sobre las aguas primordiales con el cuerpo de su madre a cuestas hasta que vio a dos hombres nadando. Les pidi\u00f3 que subieran del fondo de la tierra y pudo enterrar a su madre como es debido.<\/p>\n\n<p>OGBUNABALI Alusi de la Muerte que mata a los criminales oa aquellos que han cometido un tab\u00fa.<\/p>\n\n<p>OWUMMIRI Esp\u00edritu de agua femenino<\/p>\n\n<p>URASHI Alusi de los r\u00edos.<\/p>\n\t\t\t\t\t\t\t\t<\/div>\n\t\t\t\t<\/div>\n\t\t\t\t\t<\/div>\n\t\t<\/div>\n\t\t\t\t\t<\/div>\n\t\t<\/section>\n\t\t\t\t<\/div>","protected":false},"excerpt":{"rendered":"<p>Igbo Mythology Wiki La religi\u00f3n de los igbo se conoce como Odinani. El pante\u00f3n Odinani incluye muchas deidades... <\/p>","protected":false},"author":1,"featured_media":0,"parent":4173,"menu_order":0,"comment_status":"closed","ping_status":"closed","template":"","meta":{"footnotes":""},"class_list":["post-4179","page","type-page","status-publish","hentry"],"amp_enabled":true,"_links":{"self":[{"href":"https:\/\/mythslegendes.com\/es\/wp-json\/wp\/v2\/pages\/4179","targetHints":{"allow":["GET"]}}],"collection":[{"href":"https:\/\/mythslegendes.com\/es\/wp-json\/wp\/v2\/pages"}],"about":[{"href":"https:\/\/mythslegendes.com\/es\/wp-json\/wp\/v2\/types\/page"}],"author":[{"embeddable":true,"href":"https:\/\/mythslegendes.com\/es\/wp-json\/wp\/v2\/users\/1"}],"replies":[{"embeddable":true,"href":"https:\/\/mythslegendes.com\/es\/wp-json\/wp\/v2\/comments?post=4179"}],"version-history":[{"count":1,"href":"https:\/\/mythslegendes.com\/es\/wp-json\/wp\/v2\/pages\/4179\/revisions"}],"predecessor-version":[{"id":24951,"href":"https:\/\/mythslegendes.com\/es\/wp-json\/wp\/v2\/pages\/4179\/revisions\/24951"}],"up":[{"embeddable":true,"href":"https:\/\/mythslegendes.com\/es\/wp-json\/wp\/v2\/pages\/4173"}],"wp:attachment":[{"href":"https:\/\/mythslegendes.com\/es\/wp-json\/wp\/v2\/media?parent=4179"}],"curies":[{"name":"wp","href":"https:\/\/api.w.org\/{rel}","templated":true}]}}