{"id":422,"date":"2020-06-12T12:59:58","date_gmt":"2020-06-12T11:59:58","guid":{"rendered":"https:\/\/mythslegendes.com\/?page_id=422"},"modified":"2022-12-03T22:06:52","modified_gmt":"2022-12-03T22:06:52","slug":"la-naissance-de-taliesin","status":"publish","type":"page","link":"https:\/\/mythslegendes.com\/es\/mitologia-gala\/el-nacimiento-de-taliesin\/","title":{"rendered":"El nacimiento de Tali\u00e9sin"},"content":{"rendered":"<div data-elementor-type=\"wp-page\" data-elementor-id=\"422\" class=\"elementor elementor-422\">\n\t\t\t\t\t\t<section class=\"elementor-section elementor-top-section elementor-element elementor-element-fc9020e elementor-section-boxed elementor-section-height-default elementor-section-height-default\" data-id=\"fc9020e\" data-element_type=\"section\" data-e-type=\"section\">\n\t\t\t\t\t\t<div class=\"elementor-container elementor-column-gap-default\">\n\t\t\t\t\t<div class=\"elementor-column elementor-col-50 elementor-top-column elementor-element elementor-element-e08d851\" data-id=\"e08d851\" data-element_type=\"column\" data-e-type=\"column\">\n\t\t\t<div class=\"elementor-widget-wrap elementor-element-populated\">\n\t\t\t\t\t\t<div class=\"elementor-element elementor-element-a6ac568 elementor-align-justify elementor-widget elementor-widget-button\" data-id=\"a6ac568\" data-element_type=\"widget\" data-e-type=\"widget\" data-widget_type=\"button.default\">\n\t\t\t\t<div class=\"elementor-widget-container\">\n\t\t\t\t\t\t\t\t\t<div class=\"elementor-button-wrapper\">\n\t\t\t\t\t<a class=\"elementor-button elementor-button-link elementor-size-sm\" href=\"https:\/\/mythslegendes.com\/es\/mitologia-gala\/\">\n\t\t\t\t\t\t<span class=\"elementor-button-content-wrapper\">\n\t\t\t\t\t\t\t\t\t<span class=\"elementor-button-text\">mitolog\u00eda gala<\/span>\n\t\t\t\t\t<\/span>\n\t\t\t\t\t<\/a>\n\t\t\t\t<\/div>\n\t\t\t\t\t\t\t\t<\/div>\n\t\t\t\t<\/div>\n\t\t\t\t\t<\/div>\n\t\t<\/div>\n\t\t\t\t<div class=\"elementor-column elementor-col-50 elementor-top-column elementor-element elementor-element-2457042\" data-id=\"2457042\" data-element_type=\"column\" data-e-type=\"column\">\n\t\t\t<div class=\"elementor-widget-wrap elementor-element-populated\">\n\t\t\t\t\t\t<div class=\"elementor-element elementor-element-2c640ae elementor-align-justify elementor-widget elementor-widget-button\" data-id=\"2c640ae\" data-element_type=\"widget\" data-e-type=\"widget\" data-widget_type=\"button.default\">\n\t\t\t\t<div class=\"elementor-widget-container\">\n\t\t\t\t\t\t\t\t\t<div class=\"elementor-button-wrapper\">\n\t\t\t\t\t<a class=\"elementor-button elementor-button-link elementor-size-sm\" href=\"https:\/\/fr.wikipedia.org\/wiki\/Religion_gauloise\" target=\"_blank\" rel=\"noopener\">\n\t\t\t\t\t\t<span class=\"elementor-button-content-wrapper\">\n\t\t\t\t\t\t\t\t\t<span class=\"elementor-button-text\">Wiki<\/span>\n\t\t\t\t\t<\/span>\n\t\t\t\t\t<\/a>\n\t\t\t\t<\/div>\n\t\t\t\t\t\t\t\t<\/div>\n\t\t\t\t<\/div>\n\t\t\t\t\t<\/div>\n\t\t<\/div>\n\t\t\t\t\t<\/div>\n\t\t<\/section>\n\t\t\t\t<section class=\"elementor-section elementor-top-section elementor-element elementor-element-4b267c18 elementor-section-boxed elementor-section-height-default elementor-section-height-default\" data-id=\"4b267c18\" data-element_type=\"section\" data-e-type=\"section\">\n\t\t\t\t\t\t<div class=\"elementor-container elementor-column-gap-default\">\n\t\t\t\t\t<div class=\"elementor-column elementor-col-100 elementor-top-column elementor-element elementor-element-5672ca55\" data-id=\"5672ca55\" data-element_type=\"column\" data-e-type=\"column\">\n\t\t\t<div class=\"elementor-widget-wrap elementor-element-populated\">\n\t\t\t\t\t\t<div class=\"elementor-element elementor-element-6138d412 elementor-widget elementor-widget-text-editor\" data-id=\"6138d412\" data-element_type=\"widget\" data-e-type=\"widget\" data-widget_type=\"text-editor.default\">\n\t\t\t\t<div class=\"elementor-widget-container\">\n\t\t\t\t\t\t\t\t\t<p><\/p>\n<p class=\"has-text-align-justify\">Tali\u00e9sin fue un bardo que ilustr\u00f3 la poes\u00eda bretona; hijo de Omis, fue considerado el Pr\u00edncipe de los Bardos, los Profetas e incluso los Druidas de Occidente.<\/p>\n<p><img decoding=\"async\" class=\"alignnone wp-image-5284 size-full\" src=\"https:\/\/mythslegendes.com\/wp-content\/uploads\/2020\/09\/AlphaOmega-e1602613368367.png\" alt=\"La leyenda de Taliesin\" width=\"25\" height=\"26\" title=\"\"><\/p>\n<div id=\"ez-toc-container\" class=\"ez-toc-v2_0_82_2 counter-hierarchy ez-toc-counter ez-toc-grey ez-toc-container-direction\">\n<div class=\"ez-toc-title-container\">\n<p class=\"ez-toc-title\" style=\"cursor:inherit\">Contenido<\/p>\n<span class=\"ez-toc-title-toggle\"><a href=\"#\" class=\"ez-toc-pull-right ez-toc-btn ez-toc-btn-xs ez-toc-btn-default ez-toc-toggle\" aria-label=\"Alternar tabla de contenidos\"><span class=\"ez-toc-js-icon-con\"><span class=\"\"><span class=\"eztoc-hide\" style=\"display:none;\">Palanca<\/span><span class=\"ez-toc-icon-toggle-span\"><svg style=\"fill: #999;color:#999\" xmlns=\"http:\/\/www.w3.org\/2000\/svg\" class=\"list-377408\" width=\"20px\" height=\"20px\" viewbox=\"0 0 24 24\" fill=\"none\"><path d=\"M6 6H4v2h2V6zm14 0H8v2h12V6zM4 11h2v2H4v-2zm16 0H8v2h12v-2zM4 16h2v2H4v-2zm16 0H8v2h12v-2z\" fill=\"currentColor\"><\/path><\/svg><svg style=\"fill: #999;color:#999\" class=\"arrow-unsorted-368013\" xmlns=\"http:\/\/www.w3.org\/2000\/svg\" width=\"10px\" height=\"10px\" viewbox=\"0 0 24 24\" version=\"1.2\" baseprofile=\"tiny\"><path d=\"M18.2 9.3l-6.2-6.3-6.2 6.3c-.2.2-.3.4-.3.7s.1.5.3.7c.2.2.4.3.7.3h11c.3 0 .5-.1.7-.3.2-.2.3-.5.3-.7s-.1-.5-.3-.7zM5.8 14.7l6.2 6.3 6.2-6.3c.2-.2.3-.5.3-.7s-.1-.5-.3-.7c-.2-.2-.4-.3-.7-.3h-11c-.3 0-.5.1-.7.3-.2.2-.3.5-.3.7s.1.5.3.7z\"\/><\/svg><\/span><\/span><\/span><\/a><\/span><\/div>\n<nav><ul class='ez-toc-list ez-toc-list-level-1' ><li class='ez-toc-page-1 ez-toc-heading-level-2'><a class=\"ez-toc-link ez-toc-heading-1\" href=\"https:\/\/mythslegendes.com\/es\/mitologia-gala\/el-nacimiento-de-taliesin\/#La-legende-de-Taliesin\" >La leyenda de Taliesin<\/a><\/li><\/ul><\/nav><\/div>\n<h2><span class=\"ez-toc-section\" id=\"La-legende-de-Taliesin\"><\/span>La leyenda de Taliesin<span class=\"ez-toc-section-end\"><\/span><\/h2>\n<p><\/p>\n<p><\/p>\n<p class=\"has-text-align-justify\">\u00bfC\u00f3mo nacer\u00eda? es un todo <a href=\"https:\/\/mythslegendes.com\/es\/\">leyenda<\/a> que la historia de este nacimiento, he aqu\u00ed un breve an\u00e1lisis.<\/p>\n<p><\/p>\n<p><\/p>\n<p class=\"has-text-align-justify\">Un d\u00eda cuando un peque\u00f1o enano, un Esp\u00edritu, Gwion, estaba velando por el m\u00edstico jarr\u00f3n que conten\u00eda el agua preciosa de la Adivinaci\u00f3n, tres gotas calientes de esta agua cayeron sobre la mano del enano, por lo que de repente se la llev\u00f3 a su congesti\u00f3n; desde entonces se le revelaron el futuro y los misterios del mundo. La Diosa protectora de esta agua, muy irritada al ver a este enano en posesi\u00f3n del don de la adivinaci\u00f3n, quiso darle muerte, pero \u00e9l huy\u00f3 y, como pose\u00eda ciencia, se metamorfose\u00f3 sucesivamente en liebre, en pez y en p\u00e1jaro, mientras que, de su lado, la Diosa, para alcanzarla, tom\u00f3 la forma de un galgo, una nutria y un halc\u00f3n.<\/p>\n<p class=\"has-text-align-justify\">Habiendo tenido Gwion la mala idea de convertirse en un grano de trigo para esconderse en medio de un gran mont\u00f3n, la Diosa se transform\u00f3 en una gallina negra y con su ojo penetrante distingui\u00f3 perfectamente, en medio del mont\u00f3n de trigo, Grano-Gwion y se lo trag\u00f3; pero por este hecho qued\u00f3 embarazada y, al cabo de nueve meses, dio a luz a un ni\u00f1o muy hermoso, fue Taliesin.<\/p>\n<p><\/p>\n<p><\/p>\n<p class=\"has-text-align-justify\">Tali\u00e9sin fue un gran enemigo de la poes\u00eda popular propagada por el cristianismo para desacreditar a los bardos dru\u00eddicos. De hecho, para establecerse en la Galia, el cristianismo no tuvo miedo de crear tambi\u00e9n falsos bardos, poetas sin ning\u00fan valor. Estos hombres sin talento, sin tradici\u00f3n, sin ciencia, imitaban a los verdaderos Bardos, pero no ten\u00edan, ni mucho menos, su valor, eran poco m\u00e1s que juglares, una especie de f\u00edgaros de pueblo.<\/p>\n<p><\/p>\t\t\t\t\t\t\t\t<\/div>\n\t\t\t\t<\/div>\n\t\t\t\t\t<\/div>\n\t\t<\/div>\n\t\t\t\t\t<\/div>\n\t\t<\/section>\n\t\t\t\t<\/div>","protected":false},"excerpt":{"rendered":"<p>Gaulish Mythology Wiki Tali\u00e9sin fue un bardo que ilustr\u00f3 la poes\u00eda bretona; hijo de Omis, era considerado... <\/p>","protected":false},"author":1,"featured_media":423,"parent":367,"menu_order":0,"comment_status":"closed","ping_status":"closed","template":"","meta":{"footnotes":""},"class_list":["post-422","page","type-page","status-publish","has-post-thumbnail","hentry"],"amp_enabled":true,"_links":{"self":[{"href":"https:\/\/mythslegendes.com\/es\/wp-json\/wp\/v2\/pages\/422","targetHints":{"allow":["GET"]}}],"collection":[{"href":"https:\/\/mythslegendes.com\/es\/wp-json\/wp\/v2\/pages"}],"about":[{"href":"https:\/\/mythslegendes.com\/es\/wp-json\/wp\/v2\/types\/page"}],"author":[{"embeddable":true,"href":"https:\/\/mythslegendes.com\/es\/wp-json\/wp\/v2\/users\/1"}],"replies":[{"embeddable":true,"href":"https:\/\/mythslegendes.com\/es\/wp-json\/wp\/v2\/comments?post=422"}],"version-history":[{"count":1,"href":"https:\/\/mythslegendes.com\/es\/wp-json\/wp\/v2\/pages\/422\/revisions"}],"predecessor-version":[{"id":24513,"href":"https:\/\/mythslegendes.com\/es\/wp-json\/wp\/v2\/pages\/422\/revisions\/24513"}],"up":[{"embeddable":true,"href":"https:\/\/mythslegendes.com\/es\/wp-json\/wp\/v2\/pages\/367"}],"wp:featuredmedia":[{"embeddable":true,"href":"https:\/\/mythslegendes.com\/es\/wp-json\/wp\/v2\/media\/423"}],"wp:attachment":[{"href":"https:\/\/mythslegendes.com\/es\/wp-json\/wp\/v2\/media?parent=422"}],"curies":[{"name":"wp","href":"https:\/\/api.w.org\/{rel}","templated":true}]}}