{"id":430,"date":"2020-06-12T13:05:20","date_gmt":"2020-06-12T12:05:20","guid":{"rendered":"https:\/\/mythslegendes.com\/?page_id=430"},"modified":"2022-12-03T22:06:52","modified_gmt":"2022-12-03T22:06:52","slug":"le-barde-kian-ou-gwenchlan","status":"publish","type":"page","link":"https:\/\/mythslegendes.com\/es\/mitologia-gala\/el-bardo-kian-o-gwenchlan\/","title":{"rendered":"El Bardo Kian o Gwenc&#039;hlan"},"content":{"rendered":"<div data-elementor-type=\"wp-page\" data-elementor-id=\"430\" class=\"elementor elementor-430\">\n\t\t\t\t\t\t<section class=\"elementor-section elementor-top-section elementor-element elementor-element-33aa89b elementor-section-boxed elementor-section-height-default elementor-section-height-default\" data-id=\"33aa89b\" data-element_type=\"section\" data-e-type=\"section\">\n\t\t\t\t\t\t<div class=\"elementor-container elementor-column-gap-default\">\n\t\t\t\t\t<div class=\"elementor-column elementor-col-50 elementor-top-column elementor-element elementor-element-91f0cde\" data-id=\"91f0cde\" data-element_type=\"column\" data-e-type=\"column\">\n\t\t\t<div class=\"elementor-widget-wrap elementor-element-populated\">\n\t\t\t\t\t\t<div class=\"elementor-element elementor-element-fdff7bc elementor-align-justify elementor-widget elementor-widget-button\" data-id=\"fdff7bc\" data-element_type=\"widget\" data-e-type=\"widget\" data-widget_type=\"button.default\">\n\t\t\t\t<div class=\"elementor-widget-container\">\n\t\t\t\t\t\t\t\t\t<div class=\"elementor-button-wrapper\">\n\t\t\t\t\t<a class=\"elementor-button elementor-button-link elementor-size-sm\" href=\"https:\/\/mythslegendes.com\/es\/mitologia-gala\/\">\n\t\t\t\t\t\t<span class=\"elementor-button-content-wrapper\">\n\t\t\t\t\t\t\t\t\t<span class=\"elementor-button-text\">Mitolog\u00eda gala<\/span>\n\t\t\t\t\t<\/span>\n\t\t\t\t\t<\/a>\n\t\t\t\t<\/div>\n\t\t\t\t\t\t\t\t<\/div>\n\t\t\t\t<\/div>\n\t\t\t\t\t<\/div>\n\t\t<\/div>\n\t\t\t\t<div class=\"elementor-column elementor-col-50 elementor-top-column elementor-element elementor-element-a053082\" data-id=\"a053082\" data-element_type=\"column\" data-e-type=\"column\">\n\t\t\t<div class=\"elementor-widget-wrap elementor-element-populated\">\n\t\t\t\t\t\t<div class=\"elementor-element elementor-element-74c166a elementor-align-justify elementor-widget elementor-widget-button\" data-id=\"74c166a\" data-element_type=\"widget\" data-e-type=\"widget\" data-widget_type=\"button.default\">\n\t\t\t\t<div class=\"elementor-widget-container\">\n\t\t\t\t\t\t\t\t\t<div class=\"elementor-button-wrapper\">\n\t\t\t\t\t<a class=\"elementor-button elementor-button-link elementor-size-sm\" href=\"https:\/\/fr.wikipedia.org\/wiki\/Religion_gauloise\" target=\"_blank\" rel=\"noopener\">\n\t\t\t\t\t\t<span class=\"elementor-button-content-wrapper\">\n\t\t\t\t\t\t\t\t\t<span class=\"elementor-button-text\">Wiki<\/span>\n\t\t\t\t\t<\/span>\n\t\t\t\t\t<\/a>\n\t\t\t\t<\/div>\n\t\t\t\t\t\t\t\t<\/div>\n\t\t\t\t<\/div>\n\t\t\t\t\t<\/div>\n\t\t<\/div>\n\t\t\t\t\t<\/div>\n\t\t<\/section>\n\t\t\t\t<section class=\"elementor-section elementor-top-section elementor-element elementor-element-3809a7db elementor-section-boxed elementor-section-height-default elementor-section-height-default\" data-id=\"3809a7db\" data-element_type=\"section\" data-e-type=\"section\">\n\t\t\t\t\t\t<div class=\"elementor-container elementor-column-gap-default\">\n\t\t\t\t\t<div class=\"elementor-column elementor-col-100 elementor-top-column elementor-element elementor-element-310890c\" data-id=\"310890c\" data-element_type=\"column\" data-e-type=\"column\">\n\t\t\t<div class=\"elementor-widget-wrap elementor-element-populated\">\n\t\t\t\t\t\t<div class=\"elementor-element elementor-element-18b89f19 elementor-widget elementor-widget-text-editor\" data-id=\"18b89f19\" data-element_type=\"widget\" data-e-type=\"widget\" data-widget_type=\"text-editor.default\">\n\t\t\t\t<div class=\"elementor-widget-container\">\n\t\t\t\t\t\t\t\t\t\n<p>Esta es la canci\u00f3n del bardo Kian, tambi\u00e9n conocido como el bardo Gwenc&#039;hlan.<\/p>\n<p><img decoding=\"async\" class=\"alignnone wp-image-5284 size-full\" src=\"https:\/\/mythslegendes.com\/wp-content\/uploads\/2020\/09\/AlphaOmega-e1602613368367.png\" alt=\"La canci\u00f3n del bardo Kian\" width=\"25\" height=\"26\" title=\"\"><\/p>\n<div id=\"ez-toc-container\" class=\"ez-toc-v2_0_82_2 counter-hierarchy ez-toc-counter ez-toc-grey ez-toc-container-direction\">\n<div class=\"ez-toc-title-container\">\n<p class=\"ez-toc-title\" style=\"cursor:inherit\">Contenido<\/p>\n<span class=\"ez-toc-title-toggle\"><a href=\"#\" class=\"ez-toc-pull-right ez-toc-btn ez-toc-btn-xs ez-toc-btn-default ez-toc-toggle\" aria-label=\"Alternar tabla de contenidos\"><span class=\"ez-toc-js-icon-con\"><span class=\"\"><span class=\"eztoc-hide\" style=\"display:none;\">Palanca<\/span><span class=\"ez-toc-icon-toggle-span\"><svg style=\"fill: #999;color:#999\" xmlns=\"http:\/\/www.w3.org\/2000\/svg\" class=\"list-377408\" width=\"20px\" height=\"20px\" viewbox=\"0 0 24 24\" fill=\"none\"><path d=\"M6 6H4v2h2V6zm14 0H8v2h12V6zM4 11h2v2H4v-2zm16 0H8v2h12v-2zM4 16h2v2H4v-2zm16 0H8v2h12v-2z\" fill=\"currentColor\"><\/path><\/svg><svg style=\"fill: #999;color:#999\" class=\"arrow-unsorted-368013\" xmlns=\"http:\/\/www.w3.org\/2000\/svg\" width=\"10px\" height=\"10px\" viewbox=\"0 0 24 24\" version=\"1.2\" baseprofile=\"tiny\"><path d=\"M18.2 9.3l-6.2-6.3-6.2 6.3c-.2.2-.3.4-.3.7s.1.5.3.7c.2.2.4.3.7.3h11c.3 0 .5-.1.7-.3.2-.2.3-.5.3-.7s-.1-.5-.3-.7zM5.8 14.7l6.2 6.3 6.2-6.3c.2-.2.3-.5.3-.7s-.1-.5-.3-.7c-.2-.2-.4-.3-.7-.3h-11c-.3 0-.5.1-.7.3-.2.2-.3.5-.3.7s.1.5.3.7z\"\/><\/svg><\/span><\/span><\/span><\/a><\/span><\/div>\n<nav><ul class='ez-toc-list ez-toc-list-level-1' ><li class='ez-toc-page-1 ez-toc-heading-level-2'><a class=\"ez-toc-link ez-toc-heading-1\" href=\"https:\/\/mythslegendes.com\/es\/mitologia-gala\/el-bardo-kian-o-gwenchlan\/#Le-chant-du-barde-Kian\" >La canci\u00f3n del bardo Kian<\/a><\/li><\/ul><\/nav><\/div>\n<h2><span class=\"ez-toc-section\" id=\"Le-chant-du-barde-Kian\"><\/span>La canci\u00f3n del bardo Kian<span class=\"ez-toc-section-end\"><\/span><\/h2>\n<p>I<\/p>\n\n<p>Cuando se pone el sol, cuando el mar se hincha, canto en mi puerta.<br \/><br \/>Cuando era joven cantaba; Cuando envejec\u00ed, todav\u00eda canto.<br \/><br \/>Canto de noche, canto de d\u00eda y, sin embargo, estoy triste.<\/p>\n\n<p>Si tengo la cabeza gacha, si estoy triste, no es sin raz\u00f3n.<br \/>No es que tenga miedo; No tengo miedo de que me maten.<br \/>No es que tenga miedo; Ya he vivido bastante.<br \/>Cuando no me busquen, me encontrar\u00e1n; y cuando me buscan, no me encuentran.<br \/>No importa lo que pase. lo que debe ser ser\u00e1.<br \/>Todos deben morir tres veces antes de descansar finalmente.<br \/><br \/>II<\/p>\n\n<p><br \/>Veo salir del bosque al jabal\u00ed; cojea mucho; su pie est\u00e1 herido,<br \/>La boca abierta y llena de sangre, y el cabello blanco por la edad;<br \/>Est\u00e1 rodeado de sus cerdos, que gru\u00f1en de hambre.<br \/>Veo al caballito de mar venir a su encuentro, haciendo temblar de terror la orilla.<br \/>Es tan blanco como la nieve resplandeciente; lleva cuernos plateados en la frente.<br \/>El agua hierve debajo de \u00e9l, en el fuego del trueno de sus fosas nasales.<\/p>\n\n<p>Los caballitos de mar lo rodean, tan api\u00f1ados como la hierba al borde del estanque.<br \/>- Aguanta ! aguanta ! Caballo de mar ; golpearlo en la cabeza; \u00a1golpea fuerte, golpea!<br \/>\u00a1Los pies descalzos resbalan en la sangre! \u00a1Incluso m\u00e1s fuerte! \u00a1As\u00ed que huelga! \u00a1incluso m\u00e1s fuerte!<br \/>\u00a1Veo sangre como un arroyo! Golpear duro ! \u00a1As\u00ed que huelga! \u00a1incluso m\u00e1s fuerte!<br \/>\u00a1Veo que la sangre le llega a la rodilla! \u00a1Veo sangre como un charco!<br \/>\u00a1Incluso m\u00e1s fuerte! \u00a1As\u00ed que huelga! \u00a1incluso m\u00e1s fuerte! Descansar\u00e1s ma\u00f1ana.<br \/>Golpear duro ! \u00a1Golpea fuerte, caballito de mar! \u00a1Golp\u00e9alo en la cabeza! golpear duro ! Golpeado ! \u2014<br \/><br \/>III<\/p>\n\n<p><br \/>Mientras yac\u00eda tranquilamente dormido en mi fr\u00eda tumba, escuch\u00e9 el canto del \u00e1guila en medio de la noche.<br \/>Llam\u00f3 a sus aguiluchos y a todas las aves del cielo,<br \/>Y les dijo llam\u00e1ndolos:<br \/>\u2014 \u00a1Lev\u00e1ntate r\u00e1pidamente sobre tus dos alas!<br \/>No es carne podrida de perros ni de ovejas; \u00a1Es carne cristiana lo que necesitamos! \u2014<\/p>\n\n<p>\u2014 Viejo cuervo marino, escucha; dime: \u00bfqu\u00e9 tienes ah\u00ed?<br \/>\u2014 Sostengo la cabeza del Jefe del Ej\u00e9rcito; Quiero tener sus dos ojos rojos.<br \/>Le estoy arrancando ambos ojos, porque \u00e9l te sac\u00f3 los tuyos.<br \/>\u2014Y t\u00fa, zorro, dime, \u00bfqu\u00e9 tienes ah\u00ed en la mano?<br \/>\u2014 Sostengo su coraz\u00f3n, que era tan falso como el m\u00edo.<br \/>Quien dese\u00f3 tu muerte y te hizo morir hace mucho tiempo.<br \/>\u2014 Y t\u00fa, dime, sapo, \u00bfqu\u00e9 haces ah\u00ed, en la comisura de su boca?<br \/>\u2014 Me puse aqu\u00ed para esperar su alma al pasar.<br \/>Permanecer\u00e1 en m\u00ed mientras viva, como castigo por el crimen que cometi\u00f3.<br \/>Contra el Bardo que ya no vive entre Roc&#039;h-allaz y Porz-gwenn. \u2014<\/p>\n\t\t\t\t\t\t\t\t<\/div>\n\t\t\t\t<\/div>\n\t\t\t\t\t<\/div>\n\t\t<\/div>\n\t\t\t\t\t<\/div>\n\t\t<\/section>\n\t\t\t\t<\/div>","protected":false},"excerpt":{"rendered":"<p>Wiki Mitolog\u00eda gala Esta es la canci\u00f3n del bardo Kian, tambi\u00e9n conocido como el bardo Gwenc&#039;hlan. La canci\u00f3n de\u2026 <\/p>","protected":false},"author":1,"featured_media":431,"parent":367,"menu_order":0,"comment_status":"closed","ping_status":"closed","template":"","meta":{"footnotes":""},"class_list":["post-430","page","type-page","status-publish","has-post-thumbnail","hentry"],"amp_enabled":true,"_links":{"self":[{"href":"https:\/\/mythslegendes.com\/es\/wp-json\/wp\/v2\/pages\/430","targetHints":{"allow":["GET"]}}],"collection":[{"href":"https:\/\/mythslegendes.com\/es\/wp-json\/wp\/v2\/pages"}],"about":[{"href":"https:\/\/mythslegendes.com\/es\/wp-json\/wp\/v2\/types\/page"}],"author":[{"embeddable":true,"href":"https:\/\/mythslegendes.com\/es\/wp-json\/wp\/v2\/users\/1"}],"replies":[{"embeddable":true,"href":"https:\/\/mythslegendes.com\/es\/wp-json\/wp\/v2\/comments?post=430"}],"version-history":[{"count":1,"href":"https:\/\/mythslegendes.com\/es\/wp-json\/wp\/v2\/pages\/430\/revisions"}],"predecessor-version":[{"id":24515,"href":"https:\/\/mythslegendes.com\/es\/wp-json\/wp\/v2\/pages\/430\/revisions\/24515"}],"up":[{"embeddable":true,"href":"https:\/\/mythslegendes.com\/es\/wp-json\/wp\/v2\/pages\/367"}],"wp:featuredmedia":[{"embeddable":true,"href":"https:\/\/mythslegendes.com\/es\/wp-json\/wp\/v2\/media\/431"}],"wp:attachment":[{"href":"https:\/\/mythslegendes.com\/es\/wp-json\/wp\/v2\/media?parent=430"}],"curies":[{"name":"wp","href":"https:\/\/api.w.org\/{rel}","templated":true}]}}