{"id":4450,"date":"2020-08-20T10:25:04","date_gmt":"2020-08-20T09:25:04","guid":{"rendered":"https:\/\/mythslegendes.com\/?page_id=4450"},"modified":"2023-03-04T22:42:18","modified_gmt":"2023-03-04T22:42:18","slug":"mythologie-du-delta-du-benin","status":"publish","type":"page","link":"https:\/\/mythslegendes.com\/es\/mitologia-delta-benigna\/","title":{"rendered":"Mitolog\u00eda del Delta de Benin"},"content":{"rendered":"<div data-elementor-type=\"wp-page\" data-elementor-id=\"4450\" class=\"elementor elementor-4450\">\n\t\t\t\t\t\t<section class=\"elementor-section elementor-top-section elementor-element elementor-element-8f4f738 elementor-section-boxed elementor-section-height-default elementor-section-height-default\" data-id=\"8f4f738\" data-element_type=\"section\" data-e-type=\"section\">\n\t\t\t\t\t\t<div class=\"elementor-container elementor-column-gap-default\">\n\t\t\t\t\t<div class=\"elementor-column elementor-col-33 elementor-top-column elementor-element elementor-element-e3202c8\" data-id=\"e3202c8\" data-element_type=\"column\" data-e-type=\"column\">\n\t\t\t<div class=\"elementor-widget-wrap elementor-element-populated\">\n\t\t\t\t\t\t<div class=\"elementor-element elementor-element-d473aeb elementor-align-justify elementor-widget elementor-widget-button\" data-id=\"d473aeb\" data-element_type=\"widget\" data-e-type=\"widget\" data-widget_type=\"button.default\">\n\t\t\t\t<div class=\"elementor-widget-container\">\n\t\t\t\t\t\t\t\t\t<div class=\"elementor-button-wrapper\">\n\t\t\t\t\t<a class=\"elementor-button elementor-button-link elementor-size-sm\" href=\"https:\/\/mythslegendes.com\/es\/mythes-et-legendes-niger-congo-1949\/\">\n\t\t\t\t\t\t<span class=\"elementor-button-content-wrapper\">\n\t\t\t\t\t\t\t\t\t<span class=\"elementor-button-text\">Volver al Grupo Cultural<\/span>\n\t\t\t\t\t<\/span>\n\t\t\t\t\t<\/a>\n\t\t\t\t<\/div>\n\t\t\t\t\t\t\t\t<\/div>\n\t\t\t\t<\/div>\n\t\t\t\t\t<\/div>\n\t\t<\/div>\n\t\t\t\t<div class=\"elementor-column elementor-col-33 elementor-top-column elementor-element elementor-element-96c52cc\" data-id=\"96c52cc\" data-element_type=\"column\" data-e-type=\"column\">\n\t\t\t<div class=\"elementor-widget-wrap elementor-element-populated\">\n\t\t\t\t\t\t<div class=\"elementor-element elementor-element-6031c82 elementor-align-justify elementor-widget elementor-widget-button\" data-id=\"6031c82\" data-element_type=\"widget\" data-e-type=\"widget\" data-widget_type=\"button.default\">\n\t\t\t\t<div class=\"elementor-widget-container\">\n\t\t\t\t\t\t\t\t\t<div class=\"elementor-button-wrapper\">\n\t\t\t\t\t<a class=\"elementor-button elementor-button-link elementor-size-sm\" href=\"https:\/\/mythslegendes.com\/es\/bibliotecas-de-libros\/\">\n\t\t\t\t\t\t<span class=\"elementor-button-content-wrapper\">\n\t\t\t\t\t\t\t\t\t<span class=\"elementor-button-text\">Tienda dedicada<\/span>\n\t\t\t\t\t<\/span>\n\t\t\t\t\t<\/a>\n\t\t\t\t<\/div>\n\t\t\t\t\t\t\t\t<\/div>\n\t\t\t\t<\/div>\n\t\t\t\t\t<\/div>\n\t\t<\/div>\n\t\t\t\t<div class=\"elementor-column elementor-col-33 elementor-top-column elementor-element elementor-element-f494e02\" data-id=\"f494e02\" data-element_type=\"column\" data-e-type=\"column\">\n\t\t\t<div class=\"elementor-widget-wrap elementor-element-populated\">\n\t\t\t\t\t\t<div class=\"elementor-element elementor-element-40ad355 elementor-align-justify elementor-widget elementor-widget-button\" data-id=\"40ad355\" data-element_type=\"widget\" data-e-type=\"widget\" data-widget_type=\"button.default\">\n\t\t\t\t<div class=\"elementor-widget-container\">\n\t\t\t\t\t\t\t\t\t<div class=\"elementor-button-wrapper\">\n\t\t\t\t\t<a class=\"elementor-button elementor-button-link elementor-size-sm\" href=\"https:\/\/fr.wikipedia.org\/wiki\/Edo_(peuple)\" target=\"_blank\" rel=\"noopener\">\n\t\t\t\t\t\t<span class=\"elementor-button-content-wrapper\">\n\t\t\t\t\t\t\t\t\t<span class=\"elementor-button-text\">Wiki<\/span>\n\t\t\t\t\t<\/span>\n\t\t\t\t\t<\/a>\n\t\t\t\t<\/div>\n\t\t\t\t\t\t\t\t<\/div>\n\t\t\t\t<\/div>\n\t\t\t\t\t<\/div>\n\t\t<\/div>\n\t\t\t\t\t<\/div>\n\t\t<\/section>\n\t\t\t\t<section class=\"elementor-section elementor-top-section elementor-element elementor-element-826778c elementor-section-boxed elementor-section-height-default elementor-section-height-default\" data-id=\"826778c\" data-element_type=\"section\" data-e-type=\"section\">\n\t\t\t\t\t\t<div class=\"elementor-container elementor-column-gap-default\">\n\t\t\t\t\t<div class=\"elementor-column elementor-col-100 elementor-top-column elementor-element elementor-element-11caa1d\" data-id=\"11caa1d\" data-element_type=\"column\" data-e-type=\"column\">\n\t\t\t<div class=\"elementor-widget-wrap elementor-element-populated\">\n\t\t\t\t\t\t<div class=\"elementor-element elementor-element-700d00b elementor-widget elementor-widget-heading\" data-id=\"700d00b\" data-element_type=\"widget\" data-e-type=\"widget\" data-widget_type=\"heading.default\">\n\t\t\t\t<div class=\"elementor-widget-container\">\n\t\t\t\t\t<div id=\"ez-toc-container\" class=\"ez-toc-v2_0_82_2 counter-hierarchy ez-toc-counter ez-toc-grey ez-toc-container-direction\">\n<div class=\"ez-toc-title-container\">\n<p class=\"ez-toc-title\" style=\"cursor:inherit\">Contenido<\/p>\n<span class=\"ez-toc-title-toggle\"><a href=\"#\" class=\"ez-toc-pull-right ez-toc-btn ez-toc-btn-xs ez-toc-btn-default ez-toc-toggle\" aria-label=\"Alternar tabla de contenidos\"><span class=\"ez-toc-js-icon-con\"><span class=\"\"><span class=\"eztoc-hide\" style=\"display:none;\">Palanca<\/span><span class=\"ez-toc-icon-toggle-span\"><svg style=\"fill: #999;color:#999\" xmlns=\"http:\/\/www.w3.org\/2000\/svg\" class=\"list-377408\" width=\"20px\" height=\"20px\" viewbox=\"0 0 24 24\" fill=\"none\"><path d=\"M6 6H4v2h2V6zm14 0H8v2h12V6zM4 11h2v2H4v-2zm16 0H8v2h12v-2zM4 16h2v2H4v-2zm16 0H8v2h12v-2z\" fill=\"currentColor\"><\/path><\/svg><svg style=\"fill: #999;color:#999\" class=\"arrow-unsorted-368013\" xmlns=\"http:\/\/www.w3.org\/2000\/svg\" width=\"10px\" height=\"10px\" viewbox=\"0 0 24 24\" version=\"1.2\" baseprofile=\"tiny\"><path d=\"M18.2 9.3l-6.2-6.3-6.2 6.3c-.2.2-.3.4-.3.7s.1.5.3.7c.2.2.4.3.7.3h11c.3 0 .5-.1.7-.3.2-.2.3-.5.3-.7s-.1-.5-.3-.7zM5.8 14.7l6.2 6.3 6.2-6.3c.2-.2.3-.5.3-.7s-.1-.5-.3-.7c-.2-.2-.4-.3-.7-.3h-11c-.3 0-.5.1-.7.3-.2.2-.3.5-.3.7s.1.5.3.7z\"\/><\/svg><\/span><\/span><\/span><\/a><\/span><\/div>\n<nav><ul class='ez-toc-list ez-toc-list-level-1' ><li class='ez-toc-page-1 ez-toc-heading-level-2'><a class=\"ez-toc-link ez-toc-heading-1\" href=\"https:\/\/mythslegendes.com\/es\/mitologia-delta-benigna\/#Mythologie-du-Delta-du-Benin\" >Mitolog\u00eda del Delta de Benin<\/a><\/li><li class='ez-toc-page-1 ez-toc-heading-level-2'><a class=\"ez-toc-link ez-toc-heading-2\" href=\"https:\/\/mythslegendes.com\/es\/mitologia-delta-benigna\/#Mythologie-du-Delta-du-Benin-textes\" >Mitolog\u00eda del Delta de Benin (textos)<\/a><\/li><li class='ez-toc-page-1 ez-toc-heading-level-2'><a class=\"ez-toc-link ez-toc-heading-3\" href=\"https:\/\/mythslegendes.com\/es\/mitologia-delta-benigna\/#Livres-sur-la-mythologie-Niger-congo\" >Libros sobre la mitolog\u00eda de N\u00edger-Congo<\/a><\/li><\/ul><\/nav><\/div>\n<h2 class=\"elementor-heading-title elementor-size-default\"><span class=\"ez-toc-section\" id=\"Mythologie-du-Delta-du-Benin\"><\/span>Mitolog\u00eda del Delta de Benin<span class=\"ez-toc-section-end\"><\/span><\/h2>\t\t\t\t<\/div>\n\t\t\t\t<\/div>\n\t\t\t\t\t<\/div>\n\t\t<\/div>\n\t\t\t\t\t<\/div>\n\t\t<\/section>\n\t\t\t\t<section class=\"elementor-section elementor-top-section elementor-element elementor-element-6db0ba94 elementor-section-boxed elementor-section-height-default elementor-section-height-default\" data-id=\"6db0ba94\" data-element_type=\"section\" data-e-type=\"section\">\n\t\t\t\t\t\t<div class=\"elementor-container elementor-column-gap-default\">\n\t\t\t\t\t<div class=\"elementor-column elementor-col-100 elementor-top-column elementor-element elementor-element-63f9c1c4\" data-id=\"63f9c1c4\" data-element_type=\"column\" data-e-type=\"column\">\n\t\t\t<div class=\"elementor-widget-wrap elementor-element-populated\">\n\t\t\t\t\t\t<div class=\"elementor-element elementor-element-507741ce elementor-widget elementor-widget-text-editor\" data-id=\"507741ce\" data-element_type=\"widget\" data-e-type=\"widget\" data-widget_type=\"text-editor.default\">\n\t\t\t\t<div class=\"elementor-widget-container\">\n\t\t\t\t\t\t\t\t\t<p><\/p>\n<p>los <a href=\"https:\/\/mythslegendes.com\/es\/\">Mitolog\u00eda<\/a> del Delta de Benin re\u00fane a los siguientes pueblos y reinos de \u00c1frica Central: <strong>Edos, <\/strong><strong>Reino de Benin, <\/strong><strong>Urhobo, <\/strong><strong>Isoko, <\/strong><strong>Ijaw<\/strong>\u00a0<\/p>\n<p>los\u00a0<strong>Edos<\/strong>\u00a0son una poblaci\u00f3n de \u00c1frica Occidental que vive en el centro-sur de Nigeria, particularmente en el estado de Edo. Seg\u00fan las fuentes y el contexto, existen m\u00faltiples formas: Addo, Benim, Benin, Bini, Binis, Do, Edos, Oviedo, Ovioba, Oviobo. Los Edos se encuentran entre los descendientes del reino de Benin.<\/p>\n<p><\/p>\n<p>los\u00a0<strong>reino de benin<\/strong>, que dur\u00f3 desde el xii<sup>mi<\/sup>\u00a0Siglo antes de su invasi\u00f3n por el Imperio Brit\u00e1nico en 1897, era un estado costero de \u00c1frica Occidental dominado por los Edos, un grupo \u00e9tnico cuya dinast\u00eda a\u00fan sobrevive en la actualidad.<\/p>\n<p><\/p>\n<p>La extensi\u00f3n del Reino var\u00eda con la \u00e9poca, pero una compilaci\u00f3n de fuentes europeas del siglo XVIII<sup>mi<\/sup>\u00a0El siglo indica que estaba limitado al oeste por el reino de Ardra cuya capital era Allada (ubicada en la actual rep\u00fablica de Benin), al sur por el mar as\u00ed como los pa\u00edses de Overry y Calabar.<\/p>\n<p><\/p>\n<p>los\u00a0<strong>Urhobo<\/strong>\u00a0son una poblaci\u00f3n de \u00c1frica Occidental que vive en el sur de Nigeria, en el estado de Delta. A menudo agricultores o pescadores, est\u00e1n vinculados a los Edo, sus vecinos.<\/p>\n<p><\/p>\n<p>los\u00a0<strong>Isoko<\/strong>\u00a0son una poblaci\u00f3n de \u00c1frica Occidental que vive en el sur de Nigeria, en el estado de Delta. Est\u00e1n vinculados a los Urhobo, sus vecinos.<\/p>\n<p><\/p>\n<p>los\u00a0<strong>Ijaw<\/strong>\u00a0son un grupo de pueblos de \u00c1frica occidental, presentes principalmente en el sur de Nigeria, en el delta del\u00a0<a href=\"https:\/\/mythslegendes.com\/es\/mythes-et-legendes-niger-congo-1949\/\">N\u00edger<\/a>. A principios del siglo XV<sup>mi<\/sup>\u00a0siglo, migrar\u00e1n m\u00e1s al oeste del continente para formar los pueblos Kru de Costa de Marfil, Liberia, Guinea y Sierra Leona.<\/p>\n<p><img decoding=\"async\" class=\"alignnone wp-image-5284 size-full\" src=\"https:\/\/mythslegendes.com\/wp-content\/uploads\/2020\/09\/AlphaOmega-e1602613368367.png\" alt=\"Mitolog\u00eda del Delta de Benin\" width=\"25\" height=\"26\" title=\"\"><\/p>\n<p><\/p>\n<p><\/p>\t\t\t\t\t\t\t\t<\/div>\n\t\t\t\t<\/div>\n\t\t\t\t\t<\/div>\n\t\t<\/div>\n\t\t\t\t\t<\/div>\n\t\t<\/section>\n\t\t\t\t<section class=\"elementor-section elementor-top-section elementor-element elementor-element-352f3ba elementor-section-boxed elementor-section-height-default elementor-section-height-default\" data-id=\"352f3ba\" data-element_type=\"section\" data-e-type=\"section\">\n\t\t\t\t\t\t<div class=\"elementor-container elementor-column-gap-default\">\n\t\t\t\t\t<div class=\"elementor-column elementor-col-100 elementor-top-column elementor-element elementor-element-0a38d82\" data-id=\"0a38d82\" data-element_type=\"column\" data-e-type=\"column\">\n\t\t\t<div class=\"elementor-widget-wrap elementor-element-populated\">\n\t\t\t\t\t\t<div class=\"elementor-element elementor-element-bb4848f elementor-widget elementor-widget-heading\" data-id=\"bb4848f\" data-element_type=\"widget\" data-e-type=\"widget\" data-widget_type=\"heading.default\">\n\t\t\t\t<div class=\"elementor-widget-container\">\n\t\t\t\t\t<h2 class=\"elementor-heading-title elementor-size-default\"><span class=\"ez-toc-section\" id=\"Mythologie-du-Delta-du-Benin-textes\"><\/span>Mitolog\u00eda del Delta de Benin (textos)<span class=\"ez-toc-section-end\"><\/span><\/h2>\t\t\t\t<\/div>\n\t\t\t\t<\/div>\n\t\t\t\t\t<\/div>\n\t\t<\/div>\n\t\t\t\t\t<\/div>\n\t\t<\/section>\n\t\t\t\t<section class=\"elementor-section elementor-top-section elementor-element elementor-element-13febb7 elementor-section-boxed elementor-section-height-default elementor-section-height-default\" data-id=\"13febb7\" data-element_type=\"section\" data-e-type=\"section\">\n\t\t\t\t\t\t<div class=\"elementor-container elementor-column-gap-default\">\n\t\t\t\t\t<div class=\"elementor-column elementor-col-100 elementor-top-column elementor-element elementor-element-d63fd71\" data-id=\"d63fd71\" data-element_type=\"column\" data-e-type=\"column\">\n\t\t\t<div class=\"elementor-widget-wrap elementor-element-populated\">\n\t\t\t\t\t\t<div class=\"elementor-element elementor-element-38b89d7 elementor-widget elementor-widget-toggle\" data-id=\"38b89d7\" data-element_type=\"widget\" data-e-type=\"widget\" data-widget_type=\"toggle.default\">\n\t\t\t\t<div class=\"elementor-widget-container\">\n\t\t\t\t\t\t\t<div class=\"elementor-toggle\">\n\t\t\t\t\t\t\t<div class=\"elementor-toggle-item\">\n\t\t\t\t\t<div id=\"elementor-tab-title-5941\" class=\"elementor-tab-title\" data-tab=\"1\" role=\"button\" aria-controls=\"elementor-tab-content-5941\" aria-expanded=\"false\">\n\t\t\t\t\t\t\t\t\t\t\t\t<span class=\"elementor-toggle-icon elementor-toggle-icon-left\" aria-hidden=\"true\">\n\t\t\t\t\t\t\t\t\t\t\t\t\t\t\t<span class=\"elementor-toggle-icon-closed\"><i class=\"fas fa-caret-right\"><\/i><\/span>\n\t\t\t\t\t\t\t\t<span class=\"elementor-toggle-icon-opened\"><i class=\"elementor-toggle-icon-opened fas fa-caret-up\"><\/i><\/span>\n\t\t\t\t\t\t\t\t\t\t\t\t\t<\/span>\n\t\t\t\t\t\t\t\t\t\t\t\t<a class=\"elementor-toggle-title\" tabindex=\"0\">Mitos y leyendas del reino de Edo<\/a>\n\t\t\t\t\t<\/div>\n\n\t\t\t\t\t<div id=\"elementor-tab-content-5941\" class=\"elementor-tab-content elementor-clearfix\" data-tab=\"1\" role=\"region\" aria-labelledby=\"elementor-tab-title-5941\"><ul>\n<li><a href=\"http:\/\/www.waado.org\/urhobo_kinsfolk\/archive\/short_stories\/omonose\/Omonose.html\" target=\"_blank\" rel=\"noopener\"><strong>La saga Omonose<\/strong><\/a><\/li>\n<\/ul><\/div>\n\t\t\t\t<\/div>\n\t\t\t\t\t\t\t<div class=\"elementor-toggle-item\">\n\t\t\t\t\t<div id=\"elementor-tab-title-5942\" class=\"elementor-tab-title\" data-tab=\"2\" role=\"button\" aria-controls=\"elementor-tab-content-5942\" aria-expanded=\"false\">\n\t\t\t\t\t\t\t\t\t\t\t\t<span class=\"elementor-toggle-icon elementor-toggle-icon-left\" aria-hidden=\"true\">\n\t\t\t\t\t\t\t\t\t\t\t\t\t\t\t<span class=\"elementor-toggle-icon-closed\"><i class=\"fas fa-caret-right\"><\/i><\/span>\n\t\t\t\t\t\t\t\t<span class=\"elementor-toggle-icon-opened\"><i class=\"elementor-toggle-icon-opened fas fa-caret-up\"><\/i><\/span>\n\t\t\t\t\t\t\t\t\t\t\t\t\t<\/span>\n\t\t\t\t\t\t\t\t\t\t\t\t<a class=\"elementor-toggle-title\" tabindex=\"0\">Libro gratuito Urhobo: Historia del pueblo Urhobo del Delta del N\u00edger<\/a>\n\t\t\t\t\t<\/div>\n\n\t\t\t\t\t<div id=\"elementor-tab-content-5942\" class=\"elementor-tab-content elementor-clearfix\" data-tab=\"2\" role=\"region\" aria-labelledby=\"elementor-tab-title-5942\"><iframe frameborder=\"0\" scrolling=\"no\" style=\"border:0px\" src=\"https:\/\/books.google.fr\/books?id=fFdeYB1lIPwC&#038;lpg=PP1&#038;hl=fr&#038;pg=PP1&#038;output=embed\" width=\"500\" height=\"500\"><\/iframe><\/div>\n\t\t\t\t<\/div>\n\t\t\t\t\t\t\t<div class=\"elementor-toggle-item\">\n\t\t\t\t\t<div id=\"elementor-tab-title-5943\" class=\"elementor-tab-title\" data-tab=\"3\" role=\"button\" aria-controls=\"elementor-tab-content-5943\" aria-expanded=\"false\">\n\t\t\t\t\t\t\t\t\t\t\t\t<span class=\"elementor-toggle-icon elementor-toggle-icon-left\" aria-hidden=\"true\">\n\t\t\t\t\t\t\t\t\t\t\t\t\t\t\t<span class=\"elementor-toggle-icon-closed\"><i class=\"fas fa-caret-right\"><\/i><\/span>\n\t\t\t\t\t\t\t\t<span class=\"elementor-toggle-icon-opened\"><i class=\"elementor-toggle-icon-opened fas fa-caret-up\"><\/i><\/span>\n\t\t\t\t\t\t\t\t\t\t\t\t\t<\/span>\n\t\t\t\t\t\t\t\t\t\t\t\t<a class=\"elementor-toggle-title\" tabindex=\"0\">Libro gratuito Urhobo: Estudios en cultura Urhobo<\/a>\n\t\t\t\t\t<\/div>\n\n\t\t\t\t\t<div id=\"elementor-tab-content-5943\" class=\"elementor-tab-content elementor-clearfix\" data-tab=\"3\" role=\"region\" aria-labelledby=\"elementor-tab-title-5943\"><iframe frameborder=\"0\" scrolling=\"no\" style=\"border:0px\" src=\"https:\/\/books.google.fr\/books?id=jjeNIESBArkC&#038;lpg=PP1&#038;hl=fr&#038;pg=PP1&#038;output=embed\" width=\"500\" height=\"500\"><\/iframe><\/div>\n\t\t\t\t<\/div>\n\t\t\t\t\t\t\t<div class=\"elementor-toggle-item\">\n\t\t\t\t\t<div id=\"elementor-tab-title-5944\" class=\"elementor-tab-title\" data-tab=\"4\" role=\"button\" aria-controls=\"elementor-tab-content-5944\" aria-expanded=\"false\">\n\t\t\t\t\t\t\t\t\t\t\t\t<span class=\"elementor-toggle-icon elementor-toggle-icon-left\" aria-hidden=\"true\">\n\t\t\t\t\t\t\t\t\t\t\t\t\t\t\t<span class=\"elementor-toggle-icon-closed\"><i class=\"fas fa-caret-right\"><\/i><\/span>\n\t\t\t\t\t\t\t\t<span class=\"elementor-toggle-icon-opened\"><i class=\"elementor-toggle-icon-opened fas fa-caret-up\"><\/i><\/span>\n\t\t\t\t\t\t\t\t\t\t\t\t\t<\/span>\n\t\t\t\t\t\t\t\t\t\t\t\t<a class=\"elementor-toggle-title\" tabindex=\"0\">Mitos y leyendas de Ijaw<\/a>\n\t\t\t\t\t<\/div>\n\n\t\t\t\t\t<div id=\"elementor-tab-content-5944\" class=\"elementor-tab-content elementor-clearfix\" data-tab=\"4\" role=\"region\" aria-labelledby=\"elementor-tab-title-5944\"><ul>\n<li><strong><a href=\"https:\/\/occult-world.com\/aiyelala\/\" target=\"_blank\" rel=\"noopener\">Aiy\u00e9l\u00e1la<\/a><\/strong><\/li>\n<li><strong><a href=\"https:\/\/occult-world.com\/ogboinba\/\" target=\"_blank\" rel=\"noopener\">Ogboinba<\/a><\/strong><\/li>\n<li><strong><a href=\"https:\/\/occult-world.com\/woyengi\/\" target=\"_blank\" rel=\"noopener\">Woyengi<\/a><\/strong><\/li>\n<li><strong><a href=\"https:\/\/woyingi.wordpress.com\/about-woyingi\/an-ijaw-story-journey-to-the-presence-of-woyingi\/\" target=\"_blank\" rel=\"noopener\">Ogboinba: un mito de la creaci\u00f3n Ijo<\/a><\/strong><\/li>\n<\/ul><\/div>\n\t\t\t\t<\/div>\n\t\t\t\t\t\t\t\t<\/div>\n\t\t\t\t\t\t<\/div>\n\t\t\t\t<\/div>\n\t\t\t\t\t<\/div>\n\t\t<\/div>\n\t\t\t\t\t<\/div>\n\t\t<\/section>\n\t\t\t\t<section class=\"elementor-section elementor-top-section elementor-element elementor-element-f86a561 elementor-section-boxed elementor-section-height-default elementor-section-height-default\" data-id=\"f86a561\" data-element_type=\"section\" data-e-type=\"section\">\n\t\t\t\t\t\t<div class=\"elementor-container elementor-column-gap-default\">\n\t\t\t\t\t<div class=\"elementor-column elementor-col-100 elementor-top-column elementor-element elementor-element-aabe1b2\" data-id=\"aabe1b2\" data-element_type=\"column\" data-e-type=\"column\">\n\t\t\t<div class=\"elementor-widget-wrap elementor-element-populated\">\n\t\t\t\t\t\t<div class=\"elementor-element elementor-element-1703013 elementor-widget elementor-widget-heading\" data-id=\"1703013\" data-element_type=\"widget\" data-e-type=\"widget\" data-widget_type=\"heading.default\">\n\t\t\t\t<div class=\"elementor-widget-container\">\n\t\t\t\t\t<h2 class=\"elementor-heading-title elementor-size-default\"><span class=\"ez-toc-section\" id=\"Livres-sur-la-mythologie-Niger-congo\"><\/span>Libros sobre la mitolog\u00eda de N\u00edger-Congo<span class=\"ez-toc-section-end\"><\/span><\/h2>\t\t\t\t<\/div>\n\t\t\t\t<\/div>\n\t\t\t\t\t<\/div>\n\t\t<\/div>\n\t\t\t\t\t<\/div>\n\t\t<\/section>\n\t\t\t\t<section class=\"elementor-section elementor-top-section elementor-element elementor-element-c8a9b2a elementor-section-boxed elementor-section-height-default elementor-section-height-default\" data-id=\"c8a9b2a\" data-element_type=\"section\" data-e-type=\"section\">\n\t\t\t\t\t\t<div class=\"elementor-container elementor-column-gap-default\">\n\t\t\t\t\t<div class=\"elementor-column elementor-col-100 elementor-top-column elementor-element elementor-element-e0b87f4\" data-id=\"e0b87f4\" data-element_type=\"column\" data-e-type=\"column\">\n\t\t\t<div class=\"elementor-widget-wrap elementor-element-populated\">\n\t\t\t\t\t\t<div class=\"elementor-element elementor-element-9af2e0c elementor-widget elementor-widget-text-editor\" data-id=\"9af2e0c\" data-element_type=\"widget\" data-e-type=\"widget\" data-widget_type=\"text-editor.default\">\n\t\t\t\t<div class=\"elementor-widget-container\">\n\t\t\t\t\t\t\t\t\t<p>C\u00f3mics \/ Ilustrados:<\/p>\n<p>En franc\u00e9s :<\/p>\n<ul>\n<li><a href=\"https:\/\/www.amazon.fr\/dp\/201340414X?&amp;linkCode=ll1&amp;tag=mythscience-21&amp;linkId=d5b8887cf18a7cfa02ad93af916ac815&amp;language=fr_FR&amp;ref_=as_li_ss_tl\" target=\"_blank\" rel=\"noopener\">El antiguo reino de Dahomey, costumbres, religi\u00f3n, historia.<\/a><\/li>\n<li><a href=\"https:\/\/www.amazon.fr\/dp\/2845866232?&amp;linkCode=sl1&amp;tag=mythscience-21&amp;linkId=11762ff4f8c1306d435a19d0df251bfd&amp;language=fr_FR&amp;ref_=as_li_ss_tl\" target=\"_blank\" rel=\"noopener\">Cuentos y leyendas de Benin<\/a><\/li>\n<li><a href=\"https:\/\/www.amazon.fr\/dp\/2372490621?&amp;linkCode=sl1&amp;tag=mythscience-21&amp;linkId=a0f6a7429baecbcbdfeb5c9d9c80a6fb&amp;language=fr_FR&amp;ref_=as_li_ss_tl\" target=\"_blank\" rel=\"noopener\">Dios del agua<\/a><\/li>\n<li><a href=\"https:\/\/www.amazon.fr\/dp\/2266230735?&amp;linkCode=ll1&amp;tag=mythscience-21&amp;linkId=af3ec2f9438cc350c2a09e75790c9d5e&amp;language=fr_FR&amp;ref_=as_li_ss_tl\" target=\"_blank\" rel=\"noopener\">No hay pelea peque\u00f1a<\/a><\/li>\n<li><a href=\"https:\/\/www.amazon.fr\/dp\/2266095501?&amp;linkCode=ll1&amp;tag=mythscience-21&amp;linkId=a9394ef1d01b802735a2e08f3d380214&amp;language=fr_FR&amp;ref_=as_li_ss_tl\" target=\"_blank\" rel=\"noopener\">Cuentos de iniciaci\u00f3n Fulani<\/a><\/li>\n<li><a href=\"https:\/\/www.amazon.fr\/dp\/274819828X?&amp;linkCode=sl1&amp;tag=mythscience-21&amp;linkId=0db1afe8ca5a75b3a97ae302f3e9daef&amp;language=fr_FR&amp;ref_=as_li_ss_tl\" target=\"_blank\" rel=\"noopener\">Cuentos y leyendas en el pa\u00eds de Serer<\/a><\/li>\n<\/ul>\n<p>Solo en ingles:<\/p>\n<ul>\n<li><a href=\"https:\/\/www.amazon.fr\/dp\/0805003118?&amp;linkCode=ll1&amp;tag=mythscience-21&amp;linkId=8467497c53cdcb2f19c500bbaf3cde05&amp;language=fr_FR&amp;ref_=as_li_ss_tl\" target=\"_blank\" rel=\"noopener\">Anansi la ara\u00f1a: un cuento de Ashanti<\/a><\/li>\n<li><a href=\"https:\/\/www.amazon.fr\/dp\/1952228018?&amp;linkCode=sl1&amp;tag=mythscience-21&amp;linkId=73064ee14327ce575d29f192e75998a3&amp;language=fr_FR&amp;ref_=as_li_ss_tl\" target=\"_blank\" rel=\"noopener\">Los Akan, otros africanos y el sistema estelar de Sirio<\/a><\/li>\n<li><a href=\"https:\/\/www.amazon.fr\/dp\/199933633X?&amp;linkCode=sl1&amp;tag=mythscience-21&amp;linkId=dd29acafa74501c491cdb150f22d14e6&amp;language=fr_FR&amp;ref_=as_li_ss_tl\" target=\"_blank\" rel=\"noopener\">Hijos del Reino de Benin<\/a><\/li>\n<li><a href=\"https:\/\/www.amazon.fr\/dp\/1594771340?&amp;linkCode=sl1&amp;tag=mythscience-21&amp;linkId=ca1c6d940008fc55622dea1ac73d6a54&amp;language=fr_FR&amp;ref_=as_li_ss_tl\" target=\"_blank\" rel=\"noopener\">S\u00edmbolos Sagrados de los Dogon<\/a><\/li>\n<li><a href=\"https:\/\/www.amazon.fr\/dp\/1981166270?&amp;linkCode=sl1&amp;tag=mythscience-21&amp;linkId=43d1586e3a9618fcab1a777d95f45e53&amp;language=fr_FR&amp;ref_=as_li_ss_tl\" target=\"_blank\" rel=\"noopener\">Efik Cuentos a la luz de la luna, Calabar Nigeria<\/a><\/li>\n<li><a href=\"https:\/\/www.amazon.fr\/dp\/1592218091?&amp;linkCode=ll1&amp;tag=mythscience-21&amp;linkId=7c9dcc959eef4cb06cb8f091a6d44f88&amp;language=fr_FR&amp;ref_=as_li_ss_tl\" target=\"_blank\" rel=\"noopener\">Las Cr\u00f3nicas de Tombuct\u00fa, 1493-1599<\/a><\/li>\n<li><a href=\"https:\/\/www.amazon.fr\/dp\/1432913409?&amp;linkCode=ll1&amp;tag=mythscience-21&amp;linkId=d6f7852a5d4e338b7e3d1922a7515f16&amp;language=fr_FR&amp;ref_=as_li_ss_tl\" target=\"_blank\" rel=\"noopener\">Antiguos reinos de \u00c1frica Occidental<\/a><\/li>\n<li><a href=\"https:\/\/www.amazon.fr\/Legend-Walking-Dead-Igbo-Mythologies\/dp\/1631359347?&amp;linkCode=sl1&amp;tag=mythscience-21&amp;linkId=ca926601d80f9a051a3cae47d325f6a7&amp;language=fr_FR&amp;ref_=as_li_ss_tl\" target=\"_blank\" rel=\"noopener\">Leyenda de los muertos vivientes: mitolog\u00edas igbo<\/a><\/li>\n<li><a href=\"https:\/\/www.amazon.fr\/dp\/0803218435?&amp;linkCode=ll1&amp;tag=mythscience-21&amp;linkId=4345366d88ae3f754876465e88b069ab&amp;language=fr_FR&amp;ref_=as_li_ss_tl\" target=\"_blank\" rel=\"noopener\">Proverbios Yoruba<\/a><\/li>\n<li><a href=\"https:\/\/www.amazon.fr\/dp\/0872866300?&amp;linkCode=sl1&amp;tag=mythscience-21&amp;linkId=dc7396111d0ebbb36ac05bd62fdab37e&amp;language=fr_FR&amp;ref_=as_li_ss_tl\" target=\"_blank\" rel=\"noopener\">Bosque de los Mil Demonios<\/a><\/li>\n<li><a href=\"https:\/\/www.amazon.fr\/dp\/1605060178?&amp;linkCode=sl1&amp;tag=mythscience-21&amp;linkId=68aa8bd1ad2804b60acae2259fcd0254&amp;language=fr_FR&amp;ref_=as_li_ss_tl\" target=\"_blank\" rel=\"noopener\">Leyendas Yoruba (Libros Olvidados)<\/a><\/li>\n<li><a href=\"https:\/\/www.amazon.fr\/dp\/159143145X?&amp;linkCode=sl1&amp;tag=mythscience-21&amp;linkId=b6aa27aebd2668685c4e32cbc13ad718&amp;language=fr_FR&amp;ref_=as_li_ss_tl\" target=\"_blank\" rel=\"noopener\">La historia perdida de la gente peque\u00f1a<\/a><\/li>\n<\/ul>\t\t\t\t\t\t\t\t<\/div>\n\t\t\t\t<\/div>\n\t\t\t\t\t<\/div>\n\t\t<\/div>\n\t\t\t\t\t<\/div>\n\t\t<\/section>\n\t\t\t\t<\/div>","protected":false},"excerpt":{"rendered":"<p>Retour au Groupe Culturel Boutique D\u00e9di\u00e9e Wiki Mythologie du Delta du B\u00e9nin La Mythologie du Delta du B\u00e9nin regroupe les &hellip; <\/p>","protected":false},"author":1,"featured_media":0,"parent":0,"menu_order":1,"comment_status":"closed","ping_status":"closed","template":"","meta":{"footnotes":""},"class_list":["post-4450","page","type-page","status-publish","hentry"],"amp_enabled":true,"_links":{"self":[{"href":"https:\/\/mythslegendes.com\/es\/wp-json\/wp\/v2\/pages\/4450","targetHints":{"allow":["GET"]}}],"collection":[{"href":"https:\/\/mythslegendes.com\/es\/wp-json\/wp\/v2\/pages"}],"about":[{"href":"https:\/\/mythslegendes.com\/es\/wp-json\/wp\/v2\/types\/page"}],"author":[{"embeddable":true,"href":"https:\/\/mythslegendes.com\/es\/wp-json\/wp\/v2\/users\/1"}],"replies":[{"embeddable":true,"href":"https:\/\/mythslegendes.com\/es\/wp-json\/wp\/v2\/comments?post=4450"}],"version-history":[{"count":10,"href":"https:\/\/mythslegendes.com\/es\/wp-json\/wp\/v2\/pages\/4450\/revisions"}],"predecessor-version":[{"id":27013,"href":"https:\/\/mythslegendes.com\/es\/wp-json\/wp\/v2\/pages\/4450\/revisions\/27013"}],"wp:attachment":[{"href":"https:\/\/mythslegendes.com\/es\/wp-json\/wp\/v2\/media?parent=4450"}],"curies":[{"name":"wp","href":"https:\/\/api.w.org\/{rel}","templated":true}]}}