{"id":4486,"date":"2020-08-20T10:46:37","date_gmt":"2020-08-20T09:46:37","guid":{"rendered":"https:\/\/mythslegendes.com\/?page_id=4486"},"modified":"2022-12-03T22:07:20","modified_gmt":"2022-12-03T22:07:20","slug":"le-religion-yoruba","status":"publish","type":"page","link":"https:\/\/mythslegendes.com\/es\/oyo-yoruba-mitologia\/le-religion-yoruba\/","title":{"rendered":"Religi\u00f3n yoruba"},"content":{"rendered":"<div data-elementor-type=\"wp-page\" data-elementor-id=\"4486\" class=\"elementor elementor-4486\">\n\t\t\t\t\t\t<section class=\"elementor-section elementor-top-section elementor-element elementor-element-fe4f3b3 elementor-section-boxed elementor-section-height-default elementor-section-height-default\" data-id=\"fe4f3b3\" data-element_type=\"section\" data-e-type=\"section\">\n\t\t\t\t\t\t<div class=\"elementor-container elementor-column-gap-default\">\n\t\t\t\t\t<div class=\"elementor-column elementor-col-50 elementor-top-column elementor-element elementor-element-71147a8\" data-id=\"71147a8\" data-element_type=\"column\" data-e-type=\"column\">\n\t\t\t<div class=\"elementor-widget-wrap elementor-element-populated\">\n\t\t\t\t\t\t<div class=\"elementor-element elementor-element-2db26e6 elementor-align-justify elementor-widget elementor-widget-button\" data-id=\"2db26e6\" data-element_type=\"widget\" data-e-type=\"widget\" data-widget_type=\"button.default\">\n\t\t\t\t<div class=\"elementor-widget-container\">\n\t\t\t\t\t\t\t\t\t<div class=\"elementor-button-wrapper\">\n\t\t\t\t\t<a class=\"elementor-button elementor-button-link elementor-size-sm\" href=\"https:\/\/mythslegendes.com\/es\/oyo-yoruba-mitologia\/\">\n\t\t\t\t\t\t<span class=\"elementor-button-content-wrapper\">\n\t\t\t\t\t\t\t\t\t<span class=\"elementor-button-text\">Mitolog\u00eda Oyo-Yoruba<\/span>\n\t\t\t\t\t<\/span>\n\t\t\t\t\t<\/a>\n\t\t\t\t<\/div>\n\t\t\t\t\t\t\t\t<\/div>\n\t\t\t\t<\/div>\n\t\t\t\t\t<\/div>\n\t\t<\/div>\n\t\t\t\t<div class=\"elementor-column elementor-col-50 elementor-top-column elementor-element elementor-element-c8b61cf\" data-id=\"c8b61cf\" data-element_type=\"column\" data-e-type=\"column\">\n\t\t\t<div class=\"elementor-widget-wrap elementor-element-populated\">\n\t\t\t\t\t\t<div class=\"elementor-element elementor-element-5e59b7f elementor-align-justify elementor-widget elementor-widget-button\" data-id=\"5e59b7f\" data-element_type=\"widget\" data-e-type=\"widget\" data-widget_type=\"button.default\">\n\t\t\t\t<div class=\"elementor-widget-container\">\n\t\t\t\t\t\t\t\t\t<div class=\"elementor-button-wrapper\">\n\t\t\t\t\t<a class=\"elementor-button elementor-button-link elementor-size-sm\" href=\"https:\/\/fr.wikipedia.org\/wiki\/Yoruba_(peuple)\" target=\"_blank\" rel=\"noopener\">\n\t\t\t\t\t\t<span class=\"elementor-button-content-wrapper\">\n\t\t\t\t\t\t\t\t\t<span class=\"elementor-button-text\">Wiki<\/span>\n\t\t\t\t\t<\/span>\n\t\t\t\t\t<\/a>\n\t\t\t\t<\/div>\n\t\t\t\t\t\t\t\t<\/div>\n\t\t\t\t<\/div>\n\t\t\t\t\t<\/div>\n\t\t<\/div>\n\t\t\t\t\t<\/div>\n\t\t<\/section>\n\t\t\t\t<section class=\"elementor-section elementor-top-section elementor-element elementor-element-0c97f87 elementor-section-boxed elementor-section-height-default elementor-section-height-default\" data-id=\"0c97f87\" data-element_type=\"section\" data-e-type=\"section\">\n\t\t\t\t\t\t<div class=\"elementor-container elementor-column-gap-default\">\n\t\t\t\t\t<div class=\"elementor-column elementor-col-100 elementor-top-column elementor-element elementor-element-2bf5c28\" data-id=\"2bf5c28\" data-element_type=\"column\" data-e-type=\"column\">\n\t\t\t<div class=\"elementor-widget-wrap elementor-element-populated\">\n\t\t\t\t\t\t<div class=\"elementor-element elementor-element-5edb712 elementor-widget elementor-widget-text-editor\" data-id=\"5edb712\" data-element_type=\"widget\" data-e-type=\"widget\" data-widget_type=\"text-editor.default\">\n\t\t\t\t<div class=\"elementor-widget-container\">\n\t\t\t\t\t\t\t\t\t<p>La religi\u00f3n <a href=\"https:\/\/mythslegendes.com\/es\/mitologia-hausa-fulani\/\">Yoruba<\/a> est pratiqu\u00e9e au sud ouest du Nig\u00e9ria, et dans les r\u00e9gions adjacentes du Togo et du <a href=\"https:\/\/mythslegendes.com\/es\/mitologia-delta-benigna\/\">Benigno<\/a>. Elle a influenc\u00e9 la cr\u00e9ation de cultes afro-br\u00e9siliens tels que le Candombl\u00e9, l&rsquo;Umbanda et la Santeria.<\/p>\n<p><img decoding=\"async\" class=\"alignnone wp-image-5284 size-full\" src=\"https:\/\/mythslegendes.com\/wp-content\/uploads\/2020\/09\/AlphaOmega-e1602613368367.png\" alt=\"religion yoruba\" width=\"25\" height=\"26\" title=\"\"><\/p>\t\t\t\t\t\t\t\t<\/div>\n\t\t\t\t<\/div>\n\t\t\t\t\t<\/div>\n\t\t<\/div>\n\t\t\t\t\t<\/div>\n\t\t<\/section>\n\t\t\t\t<section class=\"elementor-section elementor-top-section elementor-element elementor-element-ea1673e elementor-section-boxed elementor-section-height-default elementor-section-height-default\" data-id=\"ea1673e\" data-element_type=\"section\" data-e-type=\"section\">\n\t\t\t\t\t\t<div class=\"elementor-container elementor-column-gap-default\">\n\t\t\t\t\t<div class=\"elementor-column elementor-col-100 elementor-top-column elementor-element elementor-element-9f28ac4\" data-id=\"9f28ac4\" data-element_type=\"column\" data-e-type=\"column\">\n\t\t\t<div class=\"elementor-widget-wrap elementor-element-populated\">\n\t\t\t\t\t\t<div class=\"elementor-element elementor-element-c063e4d elementor-widget elementor-widget-heading\" data-id=\"c063e4d\" data-element_type=\"widget\" data-e-type=\"widget\" data-widget_type=\"heading.default\">\n\t\t\t\t<div class=\"elementor-widget-container\">\n\t\t\t\t\t<div id=\"ez-toc-container\" class=\"ez-toc-v2_0_82_2 counter-hierarchy ez-toc-counter ez-toc-grey ez-toc-container-direction\">\n<div class=\"ez-toc-title-container\">\n<p class=\"ez-toc-title\" style=\"cursor:inherit\">Contenido<\/p>\n<span class=\"ez-toc-title-toggle\"><a href=\"#\" class=\"ez-toc-pull-right ez-toc-btn ez-toc-btn-xs ez-toc-btn-default ez-toc-toggle\" aria-label=\"Alternar tabla de contenidos\"><span class=\"ez-toc-js-icon-con\"><span class=\"\"><span class=\"eztoc-hide\" style=\"display:none;\">Palanca<\/span><span class=\"ez-toc-icon-toggle-span\"><svg style=\"fill: #999;color:#999\" xmlns=\"http:\/\/www.w3.org\/2000\/svg\" class=\"list-377408\" width=\"20px\" height=\"20px\" viewbox=\"0 0 24 24\" fill=\"none\"><path d=\"M6 6H4v2h2V6zm14 0H8v2h12V6zM4 11h2v2H4v-2zm16 0H8v2h12v-2zM4 16h2v2H4v-2zm16 0H8v2h12v-2z\" fill=\"currentColor\"><\/path><\/svg><svg style=\"fill: #999;color:#999\" class=\"arrow-unsorted-368013\" xmlns=\"http:\/\/www.w3.org\/2000\/svg\" width=\"10px\" height=\"10px\" viewbox=\"0 0 24 24\" version=\"1.2\" baseprofile=\"tiny\"><path d=\"M18.2 9.3l-6.2-6.3-6.2 6.3c-.2.2-.3.4-.3.7s.1.5.3.7c.2.2.4.3.7.3h11c.3 0 .5-.1.7-.3.2-.2.3-.5.3-.7s-.1-.5-.3-.7zM5.8 14.7l6.2 6.3 6.2-6.3c.2-.2.3-.5.3-.7s-.1-.5-.3-.7c-.2-.2-.4-.3-.7-.3h-11c-.3 0-.5.1-.7.3-.2.2-.3.5-.3.7s.1.5.3.7z\"\/><\/svg><\/span><\/span><\/span><\/a><\/span><\/div>\n<nav><ul class='ez-toc-list ez-toc-list-level-1' ><li class='ez-toc-page-1 ez-toc-heading-level-2'><a class=\"ez-toc-link ez-toc-heading-1\" href=\"https:\/\/mythslegendes.com\/es\/oyo-yoruba-mitologia\/le-religion-yoruba\/#Religion-Yoruba\" >Religion Yoruba<\/a><\/li><li class='ez-toc-page-1 ez-toc-heading-level-2'><a class=\"ez-toc-link ez-toc-heading-2\" href=\"https:\/\/mythslegendes.com\/es\/oyo-yoruba-mitologia\/le-religion-yoruba\/#La-creation\" >La cr\u00e9ation<\/a><\/li><li class='ez-toc-page-1 ez-toc-heading-level-2'><a class=\"ez-toc-link ez-toc-heading-3\" href=\"https:\/\/mythslegendes.com\/es\/oyo-yoruba-mitologia\/le-religion-yoruba\/#Les-marques\" >Les marques<\/a><\/li><\/ul><\/nav><\/div>\n<h2 class=\"elementor-heading-title elementor-size-default\"><span class=\"ez-toc-section\" id=\"Religion-Yoruba\"><\/span>Religion Yoruba<span class=\"ez-toc-section-end\"><\/span><\/h2>\t\t\t\t<\/div>\n\t\t\t\t<\/div>\n\t\t\t\t\t<\/div>\n\t\t<\/div>\n\t\t\t\t\t<\/div>\n\t\t<\/section>\n\t\t\t\t<section class=\"elementor-section elementor-top-section elementor-element elementor-element-242135be elementor-section-boxed elementor-section-height-default elementor-section-height-default\" data-id=\"242135be\" data-element_type=\"section\" data-e-type=\"section\">\n\t\t\t\t\t\t<div class=\"elementor-container elementor-column-gap-default\">\n\t\t\t\t\t<div class=\"elementor-column elementor-col-100 elementor-top-column elementor-element elementor-element-2ecab38f\" data-id=\"2ecab38f\" data-element_type=\"column\" data-e-type=\"column\">\n\t\t\t<div class=\"elementor-widget-wrap elementor-element-populated\">\n\t\t\t\t\t\t<div class=\"elementor-element elementor-element-73307437 elementor-widget elementor-widget-text-editor\" data-id=\"73307437\" data-element_type=\"widget\" data-e-type=\"widget\" data-widget_type=\"text-editor.default\">\n\t\t\t\t<div class=\"elementor-widget-container\">\n\t\t\t\t\t\t\t\t\t\n<ol class=\"wp-block-list\">\n<li>Croyance en Olodunmare Olokun, \u00catre Supr\u00eame de l&rsquo;univers, cr\u00e9ateur des cieux et de la terre, qui ne connait pas de commencement.<\/li>\n<li>Croyance en des d\u00e9it\u00e9s\/Orixas. Petites entit\u00e9s cr\u00e9\u00e9es par Olodunmare qui leur a donn\u00e9 des t\u00e2ches sp\u00e9ciifques. Elles servaient d&rsquo;interm\u00e9diaires entre Olodunmare et les hommes. On trouve jusqu&rsquo;\u00e0 401 d\u00e9it\u00e9s parmi lesquels Obatala m\u00e8re des corps humains\u00a0; Ogun, dieu de la guerre et du fer\u00a0; Sango, l&rsquo;homme chang\u00e9 en dieu du tonnerre(voir plus bas)\u00a0; Yemoja, d\u00e9esse de l&rsquo;eau, v\u00e9n\u00e9r\u00e9e sur la c\u00f4te. Deux groupes se distinguent\u00a0: ceux qui sont cr\u00e9\u00e9s par Olodunmare, et les hommes devenus dieux (Sango, Osun, Oya).<\/li>\n<li>Les Irunmal\u1eb9 sont des esprits interm\u00e9diaires entre Orodunmare et les hommes, ils accomplissent les t\u00e2ches de celui-ci, sur demande, et n&rsquo;ont pas de t\u00e2che assign\u00e9e par d\u00e9faut. Vivent en for\u00eats, montagnes et autres lieux \u00e9loign\u00e9s.<\/li>\n<li>Un culte des anc\u00eatres \u00e9tait de mise dans le pass\u00e9.<\/li>\n<li>Croyance dans la r\u00e9incarnation, que les esprits des anc\u00eatres peuvent revenir dans le corps d&rsquo;un b\u00e9b\u00e9. Les noms tels que Babatunde, Babajide, Iyabode, Yewande, Yeside et Yetunde sont donn\u00e9s \u00e0 ces enfants.<\/li>\n<\/ol>\n\n<h2 class=\"wp-block-heading\"><span class=\"ez-toc-section\" id=\"La-creation\"><\/span>La cr\u00e9ation<span class=\"ez-toc-section-end\"><\/span><\/h2>\n\n<p>Les premiers hommes ont \u00e9t\u00e9 faits aux cieux par le grand dieu. Le premier homme re\u00e7ut la moralit\u00e9 et l&rsquo;ordre familial, qu&rsquo;il fit respecter comme l\u00e9gislateur et anc\u00eatre. Il imposa des tabous et punit qui les enfreignait. Il v\u00e9n\u00e9rait particuli\u00e8rement le Grand Dieu, pour avoir \u00e9t\u00e9 cr\u00e9\u00e9 par lui. Il est dit qu&rsquo;un des autres dieux qui descendit sur terre agit avec d\u00e9dain envers le premier homme, aussi, ce dernier empoisonna la fille dudit dieu. Tout fut fait, mais il ne parvient pas \u00e0 soigner sa fille. L&rsquo;homme \u00e9tait dou\u00e9 en m\u00e9decine, aussi promit-il la gu\u00e9rison en \u00e9change de repentance de la part du dieu malpoli.<\/p>\n\n<p>L&rsquo;ancien roi Oduduwa avait beaucoup de petits-enfants, et \u00e0 sa mort, il divisa toutes ses possessions entre eux. Mais son plus jeune petit-fils, Oranyan, \u00e9tait parti chasser pendant la division, et quand il revint il appris que ses fr\u00e8res et cousins avaient d\u00e9j\u00e0 tout h\u00e9rit\u00e9\u00a0: argent, b\u00e9tail, graines, v\u00eatements, couronnes mais rien n&rsquo;\u00e9tait laiss\u00e9 pour lui sinon 21 morceaux de fer, un coq et un peu de terreau emball\u00e9 dans un chiffon.<\/p>\n\n<p>A cette \u00e9poque toute la terre \u00e9tait couverte d&rsquo;eau, \u00e0 la surface de laquelle toute l&rsquo;humanit\u00e9 vivait.<\/p>\n\n<p>Oranyan r\u00e9pendit les pi\u00e8ces de fer sur l&rsquo;eau, et sur les pi\u00e8ces de fer, il mit l&rsquo;\u00e9toffe\u00a0; et sur l&rsquo;\u00e9toffe, la terre\u00a0; et sur la terre, le coq. Le coq gratta des pieds et r\u00e9pandit la terre en long et en large, jusqu&rsquo;\u00e0 commencer \u00e0 remplir l&rsquo;oc\u00e9an et former des \u00eeles. Les bouts de fer devinrent des minerais ensevelis<\/p>\n\n<p>D\u00e9sormais, tous ses fr\u00e8res et cousins voulaient vivre sur ces \u00eeles. Il le permit contre tribut et devint d\u00e8s lors roi des Yorubas, v\u00e9ritable h\u00e9ritier de son grand-p\u00e8re.<\/p>\n\n<h2 class=\"wp-block-heading\"><span class=\"ez-toc-section\" id=\"Les-marques\"><\/span>Les marques<span class=\"ez-toc-section-end\"><\/span><\/h2>\n\n<p>Le roi Sango envoya deux esclaves accomplir une mission \u00e0 l&rsquo;\u00e9tranger. L&rsquo;un revint en ayant accompli sa mission et l&rsquo;autre n&rsquo;avait rien fait. Le roi r\u00e9compensa le premier et fit lac\u00e9rer de 22 traits de rasoir l&rsquo;autre.<\/p>\n\n<p>Cependant, cela lui donna une apparence remarquable, que la femme du roi trouva m\u00eame attirante. Le roi d\u00e9cida d\u00e8s lors de r\u00e9utiliser la technique, non pour punir, mais pour d\u00e9marquer la royaut\u00e9. Cependant, il ne put supporter que deux coupures. Aussi, deux coupures sur le bras devinrent le signe de la royaut\u00e9, et d&rsquo;autres marques le signe d&rsquo;autres tribus.<\/p>\n\t\t\t\t\t\t\t\t<\/div>\n\t\t\t\t<\/div>\n\t\t\t\t\t<\/div>\n\t\t<\/div>\n\t\t\t\t\t<\/div>\n\t\t<\/section>\n\t\t\t\t<\/div>","protected":false},"excerpt":{"rendered":"<p>Mythologie Oyo-Yoruba Wiki La religion Yoruba est pratiqu\u00e9e au sud ouest du Nig\u00e9ria, et dans les r\u00e9gions adjacentes du Togo &hellip; <\/p>","protected":false},"author":1,"featured_media":0,"parent":4469,"menu_order":0,"comment_status":"closed","ping_status":"closed","template":"","meta":{"footnotes":""},"class_list":["post-4486","page","type-page","status-publish","hentry"],"amp_enabled":true,"_links":{"self":[{"href":"https:\/\/mythslegendes.com\/es\/wp-json\/wp\/v2\/pages\/4486","targetHints":{"allow":["GET"]}}],"collection":[{"href":"https:\/\/mythslegendes.com\/es\/wp-json\/wp\/v2\/pages"}],"about":[{"href":"https:\/\/mythslegendes.com\/es\/wp-json\/wp\/v2\/types\/page"}],"author":[{"embeddable":true,"href":"https:\/\/mythslegendes.com\/es\/wp-json\/wp\/v2\/users\/1"}],"replies":[{"embeddable":true,"href":"https:\/\/mythslegendes.com\/es\/wp-json\/wp\/v2\/comments?post=4486"}],"version-history":[{"count":1,"href":"https:\/\/mythslegendes.com\/es\/wp-json\/wp\/v2\/pages\/4486\/revisions"}],"predecessor-version":[{"id":24969,"href":"https:\/\/mythslegendes.com\/es\/wp-json\/wp\/v2\/pages\/4486\/revisions\/24969"}],"up":[{"embeddable":true,"href":"https:\/\/mythslegendes.com\/es\/wp-json\/wp\/v2\/pages\/4469"}],"wp:attachment":[{"href":"https:\/\/mythslegendes.com\/es\/wp-json\/wp\/v2\/media?parent=4486"}],"curies":[{"name":"wp","href":"https:\/\/api.w.org\/{rel}","templated":true}]}}