{"id":4498,"date":"2020-08-20T13:12:34","date_gmt":"2020-08-20T12:12:34","guid":{"rendered":"https:\/\/mythslegendes.com\/?page_id=4498"},"modified":"2023-03-04T22:47:22","modified_gmt":"2023-03-04T22:47:22","slug":"mythologie-mbuti","status":"publish","type":"page","link":"https:\/\/mythslegendes.com\/es\/mbuti-mitologia\/","title":{"rendered":"Mitolog\u00eda Mbuti Pigmeo"},"content":{"rendered":"<div data-elementor-type=\"wp-page\" data-elementor-id=\"4498\" class=\"elementor elementor-4498\">\n\t\t\t\t\t\t<section class=\"elementor-section elementor-top-section elementor-element elementor-element-6aa956e elementor-section-boxed elementor-section-height-default elementor-section-height-default\" data-id=\"6aa956e\" data-element_type=\"section\" data-e-type=\"section\">\n\t\t\t\t\t\t<div class=\"elementor-container elementor-column-gap-default\">\n\t\t\t\t\t<div class=\"elementor-column elementor-col-33 elementor-top-column elementor-element elementor-element-93002a6\" data-id=\"93002a6\" data-element_type=\"column\" data-e-type=\"column\">\n\t\t\t<div class=\"elementor-widget-wrap elementor-element-populated\">\n\t\t\t\t\t\t<div class=\"elementor-element elementor-element-75217c9 elementor-align-justify elementor-widget elementor-widget-button\" data-id=\"75217c9\" data-element_type=\"widget\" data-e-type=\"widget\" data-widget_type=\"button.default\">\n\t\t\t\t<div class=\"elementor-widget-container\">\n\t\t\t\t\t\t\t\t\t<div class=\"elementor-button-wrapper\">\n\t\t\t\t\t<a class=\"elementor-button elementor-button-link elementor-size-sm\" href=\"https:\/\/mythslegendes.com\/es\/mythes-et-legendes-niger-congo-1949\/\">\n\t\t\t\t\t\t<span class=\"elementor-button-content-wrapper\">\n\t\t\t\t\t\t\t\t\t<span class=\"elementor-button-text\">Volver al Grupo Cultural<\/span>\n\t\t\t\t\t<\/span>\n\t\t\t\t\t<\/a>\n\t\t\t\t<\/div>\n\t\t\t\t\t\t\t\t<\/div>\n\t\t\t\t<\/div>\n\t\t\t\t\t<\/div>\n\t\t<\/div>\n\t\t\t\t<div class=\"elementor-column elementor-col-33 elementor-top-column elementor-element elementor-element-d6ccd86\" data-id=\"d6ccd86\" data-element_type=\"column\" data-e-type=\"column\">\n\t\t\t<div class=\"elementor-widget-wrap elementor-element-populated\">\n\t\t\t\t\t\t<div class=\"elementor-element elementor-element-bd3652b elementor-align-justify elementor-widget elementor-widget-button\" data-id=\"bd3652b\" data-element_type=\"widget\" data-e-type=\"widget\" data-widget_type=\"button.default\">\n\t\t\t\t<div class=\"elementor-widget-container\">\n\t\t\t\t\t\t\t\t\t<div class=\"elementor-button-wrapper\">\n\t\t\t\t\t<a class=\"elementor-button elementor-button-link elementor-size-sm\" href=\"https:\/\/mythslegendes.com\/es\/bibliotecas-de-libros\/\">\n\t\t\t\t\t\t<span class=\"elementor-button-content-wrapper\">\n\t\t\t\t\t\t\t\t\t<span class=\"elementor-button-text\">Tienda dedicada<\/span>\n\t\t\t\t\t<\/span>\n\t\t\t\t\t<\/a>\n\t\t\t\t<\/div>\n\t\t\t\t\t\t\t\t<\/div>\n\t\t\t\t<\/div>\n\t\t\t\t\t<\/div>\n\t\t<\/div>\n\t\t\t\t<div class=\"elementor-column elementor-col-33 elementor-top-column elementor-element elementor-element-341426f\" data-id=\"341426f\" data-element_type=\"column\" data-e-type=\"column\">\n\t\t\t<div class=\"elementor-widget-wrap elementor-element-populated\">\n\t\t\t\t\t\t<div class=\"elementor-element elementor-element-de6805f elementor-align-justify elementor-widget elementor-widget-button\" data-id=\"de6805f\" data-element_type=\"widget\" data-e-type=\"widget\" data-widget_type=\"button.default\">\n\t\t\t\t<div class=\"elementor-widget-container\">\n\t\t\t\t\t\t\t\t\t<div class=\"elementor-button-wrapper\">\n\t\t\t\t\t<a class=\"elementor-button elementor-button-link elementor-size-sm\" href=\"https:\/\/fr.wikipedia.org\/wiki\/Pygm%C3%A9e\" target=\"_blank\" rel=\"noopener\">\n\t\t\t\t\t\t<span class=\"elementor-button-content-wrapper\">\n\t\t\t\t\t\t\t\t\t<span class=\"elementor-button-text\">Wiki<\/span>\n\t\t\t\t\t<\/span>\n\t\t\t\t\t<\/a>\n\t\t\t\t<\/div>\n\t\t\t\t\t\t\t\t<\/div>\n\t\t\t\t<\/div>\n\t\t\t\t\t<\/div>\n\t\t<\/div>\n\t\t\t\t\t<\/div>\n\t\t<\/section>\n\t\t\t\t<section class=\"elementor-section elementor-top-section elementor-element elementor-element-2f8bfd5 elementor-section-boxed elementor-section-height-default elementor-section-height-default\" data-id=\"2f8bfd5\" data-element_type=\"section\" data-e-type=\"section\">\n\t\t\t\t\t\t<div class=\"elementor-container elementor-column-gap-default\">\n\t\t\t\t\t<div class=\"elementor-column elementor-col-100 elementor-top-column elementor-element elementor-element-bacad80\" data-id=\"bacad80\" data-element_type=\"column\" data-e-type=\"column\">\n\t\t\t<div class=\"elementor-widget-wrap elementor-element-populated\">\n\t\t\t\t\t\t<div class=\"elementor-element elementor-element-724616f elementor-widget elementor-widget-heading\" data-id=\"724616f\" data-element_type=\"widget\" data-e-type=\"widget\" data-widget_type=\"heading.default\">\n\t\t\t\t<div class=\"elementor-widget-container\">\n\t\t\t\t\t<div id=\"ez-toc-container\" class=\"ez-toc-v2_0_82_2 counter-hierarchy ez-toc-counter ez-toc-grey ez-toc-container-direction\">\n<div class=\"ez-toc-title-container\">\n<p class=\"ez-toc-title\" style=\"cursor:inherit\">Contenido<\/p>\n<span class=\"ez-toc-title-toggle\"><a href=\"#\" class=\"ez-toc-pull-right ez-toc-btn ez-toc-btn-xs ez-toc-btn-default ez-toc-toggle\" aria-label=\"Alternar tabla de contenidos\"><span class=\"ez-toc-js-icon-con\"><span class=\"\"><span class=\"eztoc-hide\" style=\"display:none;\">Palanca<\/span><span class=\"ez-toc-icon-toggle-span\"><svg style=\"fill: #999;color:#999\" xmlns=\"http:\/\/www.w3.org\/2000\/svg\" class=\"list-377408\" width=\"20px\" height=\"20px\" viewbox=\"0 0 24 24\" fill=\"none\"><path d=\"M6 6H4v2h2V6zm14 0H8v2h12V6zM4 11h2v2H4v-2zm16 0H8v2h12v-2zM4 16h2v2H4v-2zm16 0H8v2h12v-2z\" fill=\"currentColor\"><\/path><\/svg><svg style=\"fill: #999;color:#999\" class=\"arrow-unsorted-368013\" xmlns=\"http:\/\/www.w3.org\/2000\/svg\" width=\"10px\" height=\"10px\" viewbox=\"0 0 24 24\" version=\"1.2\" baseprofile=\"tiny\"><path d=\"M18.2 9.3l-6.2-6.3-6.2 6.3c-.2.2-.3.4-.3.7s.1.5.3.7c.2.2.4.3.7.3h11c.3 0 .5-.1.7-.3.2-.2.3-.5.3-.7s-.1-.5-.3-.7zM5.8 14.7l6.2 6.3 6.2-6.3c.2-.2.3-.5.3-.7s-.1-.5-.3-.7c-.2-.2-.4-.3-.7-.3h-11c-.3 0-.5.1-.7.3-.2.2-.3.5-.3.7s.1.5.3.7z\"\/><\/svg><\/span><\/span><\/span><\/a><\/span><\/div>\n<nav><ul class='ez-toc-list ez-toc-list-level-1' ><li class='ez-toc-page-1 ez-toc-heading-level-2'><a class=\"ez-toc-link ez-toc-heading-1\" href=\"https:\/\/mythslegendes.com\/es\/mbuti-mitologia\/#Mythologie-Mbuti-Pygmee\" >Mitolog\u00eda Mbuti Pigmeo<\/a><\/li><li class='ez-toc-page-1 ez-toc-heading-level-2'><a class=\"ez-toc-link ez-toc-heading-2\" href=\"https:\/\/mythslegendes.com\/es\/mbuti-mitologia\/#Livres-sur-la-mythologie-Niger-congo\" >Libros sobre la mitolog\u00eda de N\u00edger-Congo<\/a><\/li><\/ul><\/nav><\/div>\n<h2 class=\"elementor-heading-title elementor-size-default\"><span class=\"ez-toc-section\" id=\"Mythologie-Mbuti-Pygmee\"><\/span>Mitolog\u00eda Mbuti Pigmeo<span class=\"ez-toc-section-end\"><\/span><\/h2>\t\t\t\t<\/div>\n\t\t\t\t<\/div>\n\t\t\t\t\t<\/div>\n\t\t<\/div>\n\t\t\t\t\t<\/div>\n\t\t<\/section>\n\t\t\t\t<section class=\"elementor-section elementor-top-section elementor-element elementor-element-1f784df7 elementor-section-boxed elementor-section-height-default elementor-section-height-default\" data-id=\"1f784df7\" data-element_type=\"section\" data-e-type=\"section\">\n\t\t\t\t\t\t<div class=\"elementor-container elementor-column-gap-default\">\n\t\t\t\t\t<div class=\"elementor-column elementor-col-100 elementor-top-column elementor-element elementor-element-5c36daf8\" data-id=\"5c36daf8\" data-element_type=\"column\" data-e-type=\"column\">\n\t\t\t<div class=\"elementor-widget-wrap elementor-element-populated\">\n\t\t\t\t\t\t<div class=\"elementor-element elementor-element-3e63614b elementor-widget elementor-widget-text-editor\" data-id=\"3e63614b\" data-element_type=\"widget\" data-e-type=\"widget\" data-widget_type=\"text-editor.default\">\n\t\t\t\t<div class=\"elementor-widget-container\">\n\t\t\t\t\t\t\t\t\t\n<p>los <a href=\"https:\/\/mythslegendes.com\/es\/\">Mitolog\u00eda<\/a> Mbuti Pygmy se refiere a todas las tribus pigmeas de \u00c1frica Central: <strong>Aka, Sua, Efe (o Mbuti), Batwa, Bakas, Kola, Bongo, Koya, Twa<\/strong><\/p>\n<p>Los t\u00e9rminos &quot;pigmeo&quot;, &quot;poblaciones ind\u00edgenas&quot; o &quot;pueblos de la selva&quot; abarcan los diversos grupos \u00e9tnicos dispersos a lo largo del ecuador en muchos estados de la actual \u00c1frica Central, que van desde la parte occidental de Camer\u00fan, Gab\u00f3n,\u00a0<a href=\"https:\/\/mythslegendes.com\/es\/mythes-et-legendes-niger-congo-1949\/\">congo<\/a>, Rep\u00fablica Democr\u00e1tica del Congo, al este de Ruanda, Burundi y Uganda. Estos grupos de cazadores-recolectores-pescadores se enfrentan hoy a una precariedad creciente y su cultura est\u00e1 amenazada.<\/p>\n\n<p>Los pigmeos se dividen en dos grandes grupos: un grupo de pigmeos occidentales y un grupo de pigmeos orientales. Estos dos conjuntos divergieron hace unos 20.000 a\u00f1os. Los dos habr\u00edan seguido una evoluci\u00f3n convergente hacia una forma de enanismo insular, sin embargo, se distinguen por la forma de sus respectivas curvas de crecimiento. Los dos grupos comparten caracter\u00edsticas culturales comunes:<\/p>\n\n<ul class=\"wp-block-list\">\n<li>Pigmeos orientales, presentes en Ruanda, este de la Rep\u00fablica Democr\u00e1tica del Congo y Uganda: este grupo incluye a los Aka, Sua, Efe (o Mbuti) y Batwa<\/li>\n<li>Los pigmeos occidentales, presentes en Camer\u00fan, Rep\u00fablica Centroafricana, Gab\u00f3n, Congo Brazzaville y la Rep\u00fablica Democr\u00e1tica del Congo: incluyen a los Bakas, Kola, Bongo, Koya, Aka y Twa.<\/li>\n<\/ul>\n<p><img decoding=\"async\" class=\"alignnone wp-image-5284 size-full\" src=\"https:\/\/mythslegendes.com\/wp-content\/uploads\/2020\/09\/AlphaOmega-e1602613368367.png\" alt=\"Mitolog\u00eda pigmeo mbuti\" width=\"25\" height=\"26\" title=\"\"><\/p>\n\n<ul class=\"wp-block-list\">\n<li><strong><a href=\"https:\/\/mythslegendes.com\/es\/mbuti-mitologia\/baatsi\/\">Baatsi<\/a><\/strong><\/li>\n<li><strong><a href=\"https:\/\/www.encyclopedia.com\/environment\/encyclopedias-almanacs-transcripts-and-maps\/pygmy-religions\" target=\"_blank\" rel=\"noopener\">Religi\u00f3n de los pigmeos<\/a><\/strong><\/li>\n<\/ul>\n\t\t\t\t\t\t\t\t<\/div>\n\t\t\t\t<\/div>\n\t\t\t\t\t<\/div>\n\t\t<\/div>\n\t\t\t\t\t<\/div>\n\t\t<\/section>\n\t\t\t\t<section class=\"elementor-section elementor-top-section elementor-element elementor-element-742a76a elementor-section-boxed elementor-section-height-default elementor-section-height-default\" data-id=\"742a76a\" data-element_type=\"section\" data-e-type=\"section\">\n\t\t\t\t\t\t<div class=\"elementor-container elementor-column-gap-default\">\n\t\t\t\t\t<div class=\"elementor-column elementor-col-100 elementor-top-column elementor-element elementor-element-b22e11b\" data-id=\"b22e11b\" data-element_type=\"column\" data-e-type=\"column\">\n\t\t\t<div class=\"elementor-widget-wrap elementor-element-populated\">\n\t\t\t\t\t\t<div class=\"elementor-element elementor-element-b8c301a elementor-widget elementor-widget-heading\" data-id=\"b8c301a\" data-element_type=\"widget\" data-e-type=\"widget\" data-widget_type=\"heading.default\">\n\t\t\t\t<div class=\"elementor-widget-container\">\n\t\t\t\t\t<h2 class=\"elementor-heading-title elementor-size-default\"><span class=\"ez-toc-section\" id=\"Livres-sur-la-mythologie-Niger-congo\"><\/span>Libros sobre la mitolog\u00eda de N\u00edger-Congo<span class=\"ez-toc-section-end\"><\/span><\/h2>\t\t\t\t<\/div>\n\t\t\t\t<\/div>\n\t\t\t\t\t<\/div>\n\t\t<\/div>\n\t\t\t\t\t<\/div>\n\t\t<\/section>\n\t\t\t\t<section class=\"elementor-section elementor-top-section elementor-element elementor-element-dab145b elementor-section-boxed elementor-section-height-default elementor-section-height-default\" data-id=\"dab145b\" data-element_type=\"section\" data-e-type=\"section\">\n\t\t\t\t\t\t<div class=\"elementor-container elementor-column-gap-default\">\n\t\t\t\t\t<div class=\"elementor-column elementor-col-100 elementor-top-column elementor-element elementor-element-2084808\" data-id=\"2084808\" data-element_type=\"column\" data-e-type=\"column\">\n\t\t\t<div class=\"elementor-widget-wrap elementor-element-populated\">\n\t\t\t\t\t\t<div class=\"elementor-element elementor-element-474ddf9 elementor-widget elementor-widget-text-editor\" data-id=\"474ddf9\" data-element_type=\"widget\" data-e-type=\"widget\" data-widget_type=\"text-editor.default\">\n\t\t\t\t<div class=\"elementor-widget-container\">\n\t\t\t\t\t\t\t\t\t<p>C\u00f3mics \/ Ilustrados:<\/p>\n<p>En franc\u00e9s :<\/p>\n<ul>\n<li><a href=\"https:\/\/www.amazon.fr\/dp\/201340414X?&amp;linkCode=ll1&amp;tag=mythscience-21&amp;linkId=d5b8887cf18a7cfa02ad93af916ac815&amp;language=fr_FR&amp;ref_=as_li_ss_tl\" target=\"_blank\" rel=\"noopener\">El antiguo reino de Dahomey, costumbres, religi\u00f3n, historia.<\/a><\/li>\n<li><a href=\"https:\/\/www.amazon.fr\/dp\/2845866232?&amp;linkCode=sl1&amp;tag=mythscience-21&amp;linkId=11762ff4f8c1306d435a19d0df251bfd&amp;language=fr_FR&amp;ref_=as_li_ss_tl\" target=\"_blank\" rel=\"noopener\">Cuentos y leyendas de Benin<\/a><\/li>\n<li><a href=\"https:\/\/www.amazon.fr\/dp\/2372490621?&amp;linkCode=sl1&amp;tag=mythscience-21&amp;linkId=a0f6a7429baecbcbdfeb5c9d9c80a6fb&amp;language=fr_FR&amp;ref_=as_li_ss_tl\" target=\"_blank\" rel=\"noopener\">Dios del agua<\/a><\/li>\n<li><a href=\"https:\/\/www.amazon.fr\/dp\/2266230735?&amp;linkCode=ll1&amp;tag=mythscience-21&amp;linkId=af3ec2f9438cc350c2a09e75790c9d5e&amp;language=fr_FR&amp;ref_=as_li_ss_tl\" target=\"_blank\" rel=\"noopener\">No hay pelea peque\u00f1a<\/a><\/li>\n<li><a href=\"https:\/\/www.amazon.fr\/dp\/2266095501?&amp;linkCode=ll1&amp;tag=mythscience-21&amp;linkId=a9394ef1d01b802735a2e08f3d380214&amp;language=fr_FR&amp;ref_=as_li_ss_tl\" target=\"_blank\" rel=\"noopener\">Cuentos de iniciaci\u00f3n Fulani<\/a><\/li>\n<li><a href=\"https:\/\/www.amazon.fr\/dp\/274819828X?&amp;linkCode=sl1&amp;tag=mythscience-21&amp;linkId=0db1afe8ca5a75b3a97ae302f3e9daef&amp;language=fr_FR&amp;ref_=as_li_ss_tl\" target=\"_blank\" rel=\"noopener\">Cuentos y leyendas en el pa\u00eds de Serer<\/a><\/li>\n<\/ul>\n<p>Solo en ingles:<\/p>\n<ul>\n<li><a href=\"https:\/\/www.amazon.fr\/dp\/0805003118?&amp;linkCode=ll1&amp;tag=mythscience-21&amp;linkId=8467497c53cdcb2f19c500bbaf3cde05&amp;language=fr_FR&amp;ref_=as_li_ss_tl\" target=\"_blank\" rel=\"noopener\">Anansi la ara\u00f1a: un cuento de Ashanti<\/a><\/li>\n<li><a href=\"https:\/\/www.amazon.fr\/dp\/1952228018?&amp;linkCode=sl1&amp;tag=mythscience-21&amp;linkId=73064ee14327ce575d29f192e75998a3&amp;language=fr_FR&amp;ref_=as_li_ss_tl\" target=\"_blank\" rel=\"noopener\">Los Akan, otros africanos y el sistema estelar de Sirio<\/a><\/li>\n<li><a href=\"https:\/\/www.amazon.fr\/dp\/199933633X?&amp;linkCode=sl1&amp;tag=mythscience-21&amp;linkId=dd29acafa74501c491cdb150f22d14e6&amp;language=fr_FR&amp;ref_=as_li_ss_tl\" target=\"_blank\" rel=\"noopener\">Hijos del Reino de Benin<\/a><\/li>\n<li><a href=\"https:\/\/www.amazon.fr\/dp\/1594771340?&amp;linkCode=sl1&amp;tag=mythscience-21&amp;linkId=ca1c6d940008fc55622dea1ac73d6a54&amp;language=fr_FR&amp;ref_=as_li_ss_tl\" target=\"_blank\" rel=\"noopener\">S\u00edmbolos Sagrados de los Dogon<\/a><\/li>\n<li><a href=\"https:\/\/www.amazon.fr\/dp\/1981166270?&amp;linkCode=sl1&amp;tag=mythscience-21&amp;linkId=43d1586e3a9618fcab1a777d95f45e53&amp;language=fr_FR&amp;ref_=as_li_ss_tl\" target=\"_blank\" rel=\"noopener\">Efik Cuentos a la luz de la luna, Calabar Nigeria<\/a><\/li>\n<li><a href=\"https:\/\/www.amazon.fr\/dp\/1592218091?&amp;linkCode=ll1&amp;tag=mythscience-21&amp;linkId=7c9dcc959eef4cb06cb8f091a6d44f88&amp;language=fr_FR&amp;ref_=as_li_ss_tl\" target=\"_blank\" rel=\"noopener\">Las Cr\u00f3nicas de Tombuct\u00fa, 1493-1599<\/a><\/li>\n<li><a href=\"https:\/\/www.amazon.fr\/dp\/1432913409?&amp;linkCode=ll1&amp;tag=mythscience-21&amp;linkId=d6f7852a5d4e338b7e3d1922a7515f16&amp;language=fr_FR&amp;ref_=as_li_ss_tl\" target=\"_blank\" rel=\"noopener\">Antiguos reinos de \u00c1frica Occidental<\/a><\/li>\n<li><a href=\"https:\/\/www.amazon.fr\/Legend-Walking-Dead-Igbo-Mythologies\/dp\/1631359347?&amp;linkCode=sl1&amp;tag=mythscience-21&amp;linkId=ca926601d80f9a051a3cae47d325f6a7&amp;language=fr_FR&amp;ref_=as_li_ss_tl\" target=\"_blank\" rel=\"noopener\">Leyenda de los muertos vivientes: mitolog\u00edas igbo<\/a><\/li>\n<li><a href=\"https:\/\/www.amazon.fr\/dp\/0803218435?&amp;linkCode=ll1&amp;tag=mythscience-21&amp;linkId=4345366d88ae3f754876465e88b069ab&amp;language=fr_FR&amp;ref_=as_li_ss_tl\" target=\"_blank\" rel=\"noopener\">Proverbios Yoruba<\/a><\/li>\n<li><a href=\"https:\/\/www.amazon.fr\/dp\/0872866300?&amp;linkCode=sl1&amp;tag=mythscience-21&amp;linkId=dc7396111d0ebbb36ac05bd62fdab37e&amp;language=fr_FR&amp;ref_=as_li_ss_tl\" target=\"_blank\" rel=\"noopener\">Bosque de los Mil Demonios<\/a><\/li>\n<li><a href=\"https:\/\/www.amazon.fr\/dp\/1605060178?&amp;linkCode=sl1&amp;tag=mythscience-21&amp;linkId=68aa8bd1ad2804b60acae2259fcd0254&amp;language=fr_FR&amp;ref_=as_li_ss_tl\" target=\"_blank\" rel=\"noopener\">Leyendas Yoruba (Libros Olvidados)<\/a><\/li>\n<li><a href=\"https:\/\/www.amazon.fr\/dp\/159143145X?&amp;linkCode=sl1&amp;tag=mythscience-21&amp;linkId=b6aa27aebd2668685c4e32cbc13ad718&amp;language=fr_FR&amp;ref_=as_li_ss_tl\" target=\"_blank\" rel=\"noopener\">La historia perdida de la gente peque\u00f1a<\/a><\/li>\n<\/ul>\t\t\t\t\t\t\t\t<\/div>\n\t\t\t\t<\/div>\n\t\t\t\t\t<\/div>\n\t\t<\/div>\n\t\t\t\t\t<\/div>\n\t\t<\/section>\n\t\t\t\t<\/div>","protected":false},"excerpt":{"rendered":"<p>Retour au Groupe Culturel Boutique D\u00e9di\u00e9e Wiki Mythologie Mbuti Pygm\u00e9e La Mythologie Mbuti Pygm\u00e9e concerne l&rsquo;ensemble des tibus pygm\u00e9e d&rsquo;Afrique &hellip; <\/p>","protected":false},"author":1,"featured_media":0,"parent":0,"menu_order":0,"comment_status":"closed","ping_status":"closed","template":"","meta":{"footnotes":""},"class_list":["post-4498","page","type-page","status-publish","hentry"],"amp_enabled":true,"_links":{"self":[{"href":"https:\/\/mythslegendes.com\/es\/wp-json\/wp\/v2\/pages\/4498","targetHints":{"allow":["GET"]}}],"collection":[{"href":"https:\/\/mythslegendes.com\/es\/wp-json\/wp\/v2\/pages"}],"about":[{"href":"https:\/\/mythslegendes.com\/es\/wp-json\/wp\/v2\/types\/page"}],"author":[{"embeddable":true,"href":"https:\/\/mythslegendes.com\/es\/wp-json\/wp\/v2\/users\/1"}],"replies":[{"embeddable":true,"href":"https:\/\/mythslegendes.com\/es\/wp-json\/wp\/v2\/comments?post=4498"}],"version-history":[{"count":7,"href":"https:\/\/mythslegendes.com\/es\/wp-json\/wp\/v2\/pages\/4498\/revisions"}],"predecessor-version":[{"id":27040,"href":"https:\/\/mythslegendes.com\/es\/wp-json\/wp\/v2\/pages\/4498\/revisions\/27040"}],"wp:attachment":[{"href":"https:\/\/mythslegendes.com\/es\/wp-json\/wp\/v2\/media?parent=4498"}],"curies":[{"name":"wp","href":"https:\/\/api.w.org\/{rel}","templated":true}]}}