{"id":4514,"date":"2020-08-20T13:54:41","date_gmt":"2020-08-20T12:54:41","guid":{"rendered":"https:\/\/mythslegendes.com\/?page_id=4514"},"modified":"2023-03-05T20:01:00","modified_gmt":"2023-03-05T20:01:00","slug":"mythologie-kuba","status":"publish","type":"page","link":"https:\/\/mythslegendes.com\/es\/mitologia-kuba\/","title":{"rendered":"Mitolog\u00eda kuba"},"content":{"rendered":"<div data-elementor-type=\"wp-page\" data-elementor-id=\"4514\" class=\"elementor elementor-4514\">\n\t\t\t\t\t\t<section class=\"elementor-section elementor-top-section elementor-element elementor-element-f9b4a25 elementor-section-boxed elementor-section-height-default elementor-section-height-default\" data-id=\"f9b4a25\" data-element_type=\"section\" data-e-type=\"section\">\n\t\t\t\t\t\t<div class=\"elementor-container elementor-column-gap-default\">\n\t\t\t\t\t<div class=\"elementor-column elementor-col-33 elementor-top-column elementor-element elementor-element-d93f2c9\" data-id=\"d93f2c9\" data-element_type=\"column\" data-e-type=\"column\">\n\t\t\t<div class=\"elementor-widget-wrap elementor-element-populated\">\n\t\t\t\t\t\t<div class=\"elementor-element elementor-element-a303040 elementor-align-justify elementor-widget elementor-widget-button\" data-id=\"a303040\" data-element_type=\"widget\" data-e-type=\"widget\" data-widget_type=\"button.default\">\n\t\t\t\t<div class=\"elementor-widget-container\">\n\t\t\t\t\t\t\t\t\t<div class=\"elementor-button-wrapper\">\n\t\t\t\t\t<a class=\"elementor-button elementor-button-link elementor-size-sm\" href=\"https:\/\/mythslegendes.com\/es\/mythes-et-legendes-bantus-1926\/\">\n\t\t\t\t\t\t<span class=\"elementor-button-content-wrapper\">\n\t\t\t\t\t\t\t\t\t<span class=\"elementor-button-text\">Volver al Grupo Cultural<\/span>\n\t\t\t\t\t<\/span>\n\t\t\t\t\t<\/a>\n\t\t\t\t<\/div>\n\t\t\t\t\t\t\t\t<\/div>\n\t\t\t\t<\/div>\n\t\t\t\t\t<\/div>\n\t\t<\/div>\n\t\t\t\t<div class=\"elementor-column elementor-col-33 elementor-top-column elementor-element elementor-element-ad104ee\" data-id=\"ad104ee\" data-element_type=\"column\" data-e-type=\"column\">\n\t\t\t<div class=\"elementor-widget-wrap elementor-element-populated\">\n\t\t\t\t\t\t<div class=\"elementor-element elementor-element-876e97d elementor-align-justify elementor-widget elementor-widget-button\" data-id=\"876e97d\" data-element_type=\"widget\" data-e-type=\"widget\" data-widget_type=\"button.default\">\n\t\t\t\t<div class=\"elementor-widget-container\">\n\t\t\t\t\t\t\t\t\t<div class=\"elementor-button-wrapper\">\n\t\t\t\t\t<a class=\"elementor-button elementor-button-link elementor-size-sm\" href=\"https:\/\/mythslegendes.com\/es\/bibliotecas-de-libros\/\">\n\t\t\t\t\t\t<span class=\"elementor-button-content-wrapper\">\n\t\t\t\t\t\t\t\t\t<span class=\"elementor-button-text\">Tienda dedicada<\/span>\n\t\t\t\t\t<\/span>\n\t\t\t\t\t<\/a>\n\t\t\t\t<\/div>\n\t\t\t\t\t\t\t\t<\/div>\n\t\t\t\t<\/div>\n\t\t\t\t\t<\/div>\n\t\t<\/div>\n\t\t\t\t<div class=\"elementor-column elementor-col-33 elementor-top-column elementor-element elementor-element-21192a7\" data-id=\"21192a7\" data-element_type=\"column\" data-e-type=\"column\">\n\t\t\t<div class=\"elementor-widget-wrap elementor-element-populated\">\n\t\t\t\t\t\t<div class=\"elementor-element elementor-element-f18b884 elementor-align-justify elementor-widget elementor-widget-button\" data-id=\"f18b884\" data-element_type=\"widget\" data-e-type=\"widget\" data-widget_type=\"button.default\">\n\t\t\t\t<div class=\"elementor-widget-container\">\n\t\t\t\t\t\t\t\t\t<div class=\"elementor-button-wrapper\">\n\t\t\t\t\t<a class=\"elementor-button elementor-button-link elementor-size-sm\" href=\"https:\/\/fr.wikipedia.org\/wiki\/Kuba_(peuple)\" target=\"_blank\" rel=\"noopener\">\n\t\t\t\t\t\t<span class=\"elementor-button-content-wrapper\">\n\t\t\t\t\t\t\t\t\t<span class=\"elementor-button-text\">Wiki<\/span>\n\t\t\t\t\t<\/span>\n\t\t\t\t\t<\/a>\n\t\t\t\t<\/div>\n\t\t\t\t\t\t\t\t<\/div>\n\t\t\t\t<\/div>\n\t\t\t\t\t<\/div>\n\t\t<\/div>\n\t\t\t\t\t<\/div>\n\t\t<\/section>\n\t\t\t\t<section class=\"elementor-section elementor-top-section elementor-element elementor-element-d499208 elementor-section-boxed elementor-section-height-default elementor-section-height-default\" data-id=\"d499208\" data-element_type=\"section\" data-e-type=\"section\">\n\t\t\t\t\t\t<div class=\"elementor-container elementor-column-gap-default\">\n\t\t\t\t\t<div class=\"elementor-column elementor-col-100 elementor-top-column elementor-element elementor-element-a046440\" data-id=\"a046440\" data-element_type=\"column\" data-e-type=\"column\">\n\t\t\t<div class=\"elementor-widget-wrap elementor-element-populated\">\n\t\t\t\t\t\t<div class=\"elementor-element elementor-element-0f2562f elementor-widget elementor-widget-heading\" data-id=\"0f2562f\" data-element_type=\"widget\" data-e-type=\"widget\" data-widget_type=\"heading.default\">\n\t\t\t\t<div class=\"elementor-widget-container\">\n\t\t\t\t\t<div id=\"ez-toc-container\" class=\"ez-toc-v2_0_82_2 counter-hierarchy ez-toc-counter ez-toc-grey ez-toc-container-direction\">\n<div class=\"ez-toc-title-container\">\n<p class=\"ez-toc-title\" style=\"cursor:inherit\">Contenido<\/p>\n<span class=\"ez-toc-title-toggle\"><a href=\"#\" class=\"ez-toc-pull-right ez-toc-btn ez-toc-btn-xs ez-toc-btn-default ez-toc-toggle\" aria-label=\"Alternar tabla de contenidos\"><span class=\"ez-toc-js-icon-con\"><span class=\"\"><span class=\"eztoc-hide\" style=\"display:none;\">Palanca<\/span><span class=\"ez-toc-icon-toggle-span\"><svg style=\"fill: #999;color:#999\" xmlns=\"http:\/\/www.w3.org\/2000\/svg\" class=\"list-377408\" width=\"20px\" height=\"20px\" viewbox=\"0 0 24 24\" fill=\"none\"><path d=\"M6 6H4v2h2V6zm14 0H8v2h12V6zM4 11h2v2H4v-2zm16 0H8v2h12v-2zM4 16h2v2H4v-2zm16 0H8v2h12v-2z\" fill=\"currentColor\"><\/path><\/svg><svg style=\"fill: #999;color:#999\" class=\"arrow-unsorted-368013\" xmlns=\"http:\/\/www.w3.org\/2000\/svg\" width=\"10px\" height=\"10px\" viewbox=\"0 0 24 24\" version=\"1.2\" baseprofile=\"tiny\"><path d=\"M18.2 9.3l-6.2-6.3-6.2 6.3c-.2.2-.3.4-.3.7s.1.5.3.7c.2.2.4.3.7.3h11c.3 0 .5-.1.7-.3.2-.2.3-.5.3-.7s-.1-.5-.3-.7zM5.8 14.7l6.2 6.3 6.2-6.3c.2-.2.3-.5.3-.7s-.1-.5-.3-.7c-.2-.2-.4-.3-.7-.3h-11c-.3 0-.5.1-.7.3-.2.2-.3.5-.3.7s.1.5.3.7z\"\/><\/svg><\/span><\/span><\/span><\/a><\/span><\/div>\n<nav><ul class='ez-toc-list ez-toc-list-level-1' ><li class='ez-toc-page-1 ez-toc-heading-level-2'><a class=\"ez-toc-link ez-toc-heading-1\" href=\"https:\/\/mythslegendes.com\/es\/mitologia-kuba\/#Mythologie-Kuba\" >Mitolog\u00eda kuba<\/a><\/li><li class='ez-toc-page-1 ez-toc-heading-level-2'><a class=\"ez-toc-link ez-toc-heading-2\" href=\"https:\/\/mythslegendes.com\/es\/mitologia-kuba\/#Livres-sur-la-mythologie-Bantus\" >Libros de mitolog\u00eda bant\u00fa<\/a><\/li><\/ul><\/nav><\/div>\n<h2 class=\"elementor-heading-title elementor-size-default\"><span class=\"ez-toc-section\" id=\"Mythologie-Kuba\"><\/span>Mitolog\u00eda kuba<span class=\"ez-toc-section-end\"><\/span><\/h2>\t\t\t\t<\/div>\n\t\t\t\t<\/div>\n\t\t\t\t\t<\/div>\n\t\t<\/div>\n\t\t\t\t\t<\/div>\n\t\t<\/section>\n\t\t\t\t<section class=\"elementor-section elementor-top-section elementor-element elementor-element-18f9102 elementor-section-boxed elementor-section-height-default elementor-section-height-default\" data-id=\"18f9102\" data-element_type=\"section\" data-e-type=\"section\">\n\t\t\t\t\t\t<div class=\"elementor-container elementor-column-gap-default\">\n\t\t\t\t\t<div class=\"elementor-column elementor-col-100 elementor-top-column elementor-element elementor-element-73d51e5f\" data-id=\"73d51e5f\" data-element_type=\"column\" data-e-type=\"column\">\n\t\t\t<div class=\"elementor-widget-wrap elementor-element-populated\">\n\t\t\t\t\t\t<div class=\"elementor-element elementor-element-5fedbda3 elementor-widget elementor-widget-text-editor\" data-id=\"5fedbda3\" data-element_type=\"widget\" data-e-type=\"widget\" data-widget_type=\"text-editor.default\">\n\t\t\t\t<div class=\"elementor-widget-container\">\n\t\t\t\t\t\t\t\t\t\n<p>los\u00a0<strong>Reino de Kuba<\/strong>, o la\u00a0<strong>Confederaci\u00f3n Kuba<\/strong>, es una entidad estatal y pol\u00edtica que re\u00fane a cerca de 20 pueblos bant\u00faes, que se desarrollaron a partir de diferentes estados bant\u00faes (incluidos los luba, los leele, los pende, los dengese y los wongo). All\u00e1 <a href=\"https:\/\/mythslegendes.com\/es\/\">Mitolog\u00eda<\/a> Kuba se ocupa de sus ritmos y creencias.<\/p>\n\n<p>El reino est\u00e1 ubicado en Zaire (RDC \u2013 <a href=\"https:\/\/mythslegendes.com\/es\/mythes-et-legendes-niger-congo-1949\/\">congo<\/a>), Kasa\u00ef-Occidental y Sankourou.<\/p>\n\n<p>El rey Woto rein\u00f3 sobre el reino alrededor del siglo VI dC y tambi\u00e9n es su creador seg\u00fan el <a href=\"https:\/\/mythslegendes.com\/es\/\">leyenda<\/a>.<\/p>\n\n<p>Los Ba-Kuba reunieron el reino durante el xvii<sup>mi<\/sup>\u00a0siglo. Cuenta la leyenda que \u00e9l es su h\u00e9roe.\u00a0<em>&quot;Woto&quot;<\/em>\u00a0quien es el fundador del Reino. Se reencarna en el cuerpo de sus sucesores soberanos. Se supone que vivir\u00e1 121 a\u00f1os.<\/p>\n\n<p>Alrededor de 1630, el rey Shyaam de Mboul a Ngoong trajo de Bas-Congo el cultivo de ma\u00edz, mandioca, frijoles y tabaco, tejidos, bordados, nuevos estilos de herrer\u00eda y tallado en madera.<\/p>\n\n<p>El 93<sup>mi<\/sup>\u00a0soberano\u00a0<em>&quot;Shamba Bolongolongo&quot;<\/em>\u00a0aprendi\u00f3 t\u00e9cnicas de tejido de rafia y tallado en madera con los pueblos vecinos antes de llegar al trono. Transmiti\u00f3 su arte a su gente y le pidi\u00f3 a un artista de renombre que le hiciera una estatua para recordarlo por \u00e9l y sus leyes. La estatua (xviii<sup>mi<\/sup>\u00a0siglo) se considera el primero del arte Kuba.<\/p>\n<p><img decoding=\"async\" class=\"alignnone wp-image-5284 size-full\" src=\"https:\/\/mythslegendes.com\/wp-content\/uploads\/2020\/09\/AlphaOmega-e1602613368367.png\" alt=\"Mitolog\u00eda kuba\" width=\"25\" height=\"26\" title=\"\"><\/p>\n\n<ul class=\"wp-block-list\">\n<li><strong><a href=\"https:\/\/www.godchecker.com\/african-mythology\/BUMBA\/\" target=\"_blank\" rel=\"noopener\">Poderoso Dios Creador del V\u00f3mito<\/a><\/strong><\/li>\n<\/ul>\n\t\t\t\t\t\t\t\t<\/div>\n\t\t\t\t<\/div>\n\t\t\t\t\t<\/div>\n\t\t<\/div>\n\t\t\t\t\t<\/div>\n\t\t<\/section>\n\t\t\t\t<section class=\"elementor-section elementor-top-section elementor-element elementor-element-9bd5d06 elementor-section-boxed elementor-section-height-default elementor-section-height-default\" data-id=\"9bd5d06\" data-element_type=\"section\" data-e-type=\"section\">\n\t\t\t\t\t\t<div class=\"elementor-container elementor-column-gap-default\">\n\t\t\t\t\t<div class=\"elementor-column elementor-col-100 elementor-top-column elementor-element elementor-element-4c1e11f\" data-id=\"4c1e11f\" data-element_type=\"column\" data-e-type=\"column\">\n\t\t\t<div class=\"elementor-widget-wrap elementor-element-populated\">\n\t\t\t\t\t\t<div class=\"elementor-element elementor-element-6f61b14 elementor-widget elementor-widget-heading\" data-id=\"6f61b14\" data-element_type=\"widget\" data-e-type=\"widget\" data-widget_type=\"heading.default\">\n\t\t\t\t<div class=\"elementor-widget-container\">\n\t\t\t\t\t<h2 class=\"elementor-heading-title elementor-size-default\"><span class=\"ez-toc-section\" id=\"Livres-sur-la-mythologie-Bantus\"><\/span>Libros de mitolog\u00eda bant\u00fa<span class=\"ez-toc-section-end\"><\/span><\/h2>\t\t\t\t<\/div>\n\t\t\t\t<\/div>\n\t\t\t\t\t<\/div>\n\t\t<\/div>\n\t\t\t\t\t<\/div>\n\t\t<\/section>\n\t\t\t\t<section class=\"elementor-section elementor-top-section elementor-element elementor-element-e9d0549 elementor-section-boxed elementor-section-height-default elementor-section-height-default\" data-id=\"e9d0549\" data-element_type=\"section\" data-e-type=\"section\">\n\t\t\t\t\t\t<div class=\"elementor-container elementor-column-gap-default\">\n\t\t\t\t\t<div class=\"elementor-column elementor-col-100 elementor-top-column elementor-element elementor-element-4ce2ead\" data-id=\"4ce2ead\" data-element_type=\"column\" data-e-type=\"column\">\n\t\t\t<div class=\"elementor-widget-wrap elementor-element-populated\">\n\t\t\t\t\t\t<div class=\"elementor-element elementor-element-1b9fafe elementor-widget elementor-widget-text-editor\" data-id=\"1b9fafe\" data-element_type=\"widget\" data-e-type=\"widget\" data-widget_type=\"text-editor.default\">\n\t\t\t\t<div class=\"elementor-widget-container\">\n\t\t\t\t\t\t\t\t\t<p>C\u00f3mics \/ Ilustrados:<\/p>\n<p>En franc\u00e9s :<\/p>\n<ul>\n<li><a href=\"https:\/\/www.amazon.fr\/Roi-Congo-monstres-sacr%C3%A9s\/dp\/2070758079?&amp;linkCode=ll1&amp;tag=mythscience-21&amp;linkId=41c4ff465e7aa5766f11ccb5661bfce7&amp;language=fr_FR&amp;ref_=as_li_ss_tl\" target=\"_blank\" rel=\"noopener\">El Rey del Congo y los Monstruos Sagrados<\/a><\/li>\n<li><a href=\"https:\/\/www.amazon.fr\/Sagesse-initiation-travers-contes-l%C3%A9gendes\/dp\/2296028705?&amp;linkCode=sl1&amp;tag=mythscience-21&amp;linkId=b5853a64975375cff6e0292c3fd6e34f&amp;language=fr_FR&amp;ref_=as_li_ss_tl\" target=\"_blank\" rel=\"noopener\">Sabidur\u00eda e iniciaci\u00f3n a trav\u00e9s de cuentos, mitos y leyendas Fang<\/a><\/li>\n<li><a href=\"https:\/\/www.amazon.fr\/Contes-dAfrique-australe-Edouard-Jacottet\/dp\/2811112618?&amp;linkCode=ll1&amp;tag=mythscience-21&amp;linkId=9f24eb52b7236ae5a88d5aac413aed75&amp;language=fr_FR&amp;ref_=as_li_ss_tl\" target=\"_blank\" rel=\"noopener\">Cuentos sotho del sur de \u00c1frica<\/a><\/li>\n<li><a href=\"https:\/\/www.amazon.fr\/Contes-Legendes-Fang-du-Gabon\/dp\/281110478X?&amp;linkCode=ll1&amp;tag=mythscience-21&amp;linkId=35fd1833ea757805eef2c5912b60a095&amp;language=fr_FR&amp;ref_=as_li_ss_tl\" target=\"_blank\" rel=\"noopener\">Cuentos de colmillos y leyendas de Gab\u00f3n<\/a><\/li>\n<li><a href=\"https:\/\/www.amazon.fr\/Contes-histoires-Congo-Ad%C3%A8le-Caby-Livannah\/dp\/2747525635?&amp;linkCode=sl1&amp;tag=mythscience-21&amp;linkId=0ff6f61adcbb9ec4643c3f19b22b3654&amp;language=fr_FR&amp;ref_=as_li_ss_tl\" target=\"_blank\" rel=\"noopener\">CUENTOS E HISTORIAS DEL CONGO<\/a><\/li>\n<li><a href=\"https:\/\/www.amazon.fr\/Quand-animaux-parlaient-dans-savane\/dp\/2747561461?&amp;linkCode=ll1&amp;tag=mythscience-21&amp;linkId=a9183393f3cd87b57de8b561fb4be885&amp;language=fr_FR&amp;ref_=as_li_ss_tl\" target=\"_blank\" rel=\"noopener\">Cuando los animales hablaban en la sabana: cuentos de Kenia<\/a><\/li>\n<li><a href=\"https:\/\/www.amazon.fr\/Dans-nuit-Mozambique-Laurent-Gaude\/dp\/2742776834?&amp;linkCode=sl1&amp;tag=mythscience-21&amp;linkId=b1bdb8402e945fc5916512699edc7563&amp;language=fr_FR&amp;ref_=as_li_ss_tl\" target=\"_blank\" rel=\"noopener\">en la noche mozambique<\/a><\/li>\n<\/ul>\n<p>Solo en ingles:<\/p>\n<ul>\n<li><a href=\"https:\/\/www.amazon.fr\/King-Shaka-Luke-W-Molver\/dp\/1946498939?&amp;linkCode=sl1&amp;tag=mythscience-21&amp;linkId=f0616cfdfc26715dc2512369ab9c6f1a&amp;language=fr_FR&amp;ref_=as_li_ss_tl\" target=\"_blank\" rel=\"noopener\">Rey Shaka<\/a><\/li>\n<li><a href=\"https:\/\/www.amazon.fr\/Tales-East-Africa-Jamilla-Okubo\/dp\/1452182582?&amp;linkCode=sl1&amp;tag=mythscience-21&amp;linkId=30fe7884f387b14d8b0c7c423800cb99&amp;language=fr_FR&amp;ref_=as_li_ss_tl\" target=\"_blank\" rel=\"noopener\">Tales of East Africa: (Libro de folclore africano para adolescentes y adultos, cuentos ilustrados y literatura de \u00c1frica)<\/a><\/li>\n<li><a href=\"https:\/\/www.amazon.fr\/dp\/0802136044?&amp;linkCode=sl1&amp;tag=mythscience-21&amp;linkId=99430afa0c932ed95ddfd859dd45dfe3&amp;language=fr_FR&amp;ref_=as_li_ss_tl\" target=\"_blank\" rel=\"noopener\">Indaba mis hijos<\/a><\/li>\n<li><a href=\"https:\/\/www.amazon.fr\/dp\/1434683583?&amp;linkCode=sl1&amp;tag=mythscience-21&amp;linkId=faf7f8869e2e8d458151a7d69327931c&amp;language=fr_FR&amp;ref_=as_li_ss_tl\" target=\"_blank\" rel=\"noopener\">Mitos y leyendas de los bant\u00faes<\/a><\/li>\n<li><a href=\"https:\/\/www.amazon.fr\/Congo-Tales-Told-People-Mbomo\/dp\/3791357891?&amp;linkCode=sl1&amp;tag=mythscience-21&amp;linkId=7939b516777ce721dab000a3b1b95b87&amp;language=fr_FR&amp;ref_=as_li_ss_tl\" target=\"_blank\" rel=\"noopener\">Cuentos del Congo: contados por la gente de Mbomo<\/a><\/li>\n<li><a href=\"https:\/\/www.amazon.fr\/African-Fables-Tales-Rhodesia-Zimbabwe\/dp\/0996488227?&amp;linkCode=sl1&amp;tag=mythscience-21&amp;linkId=53b08894241c9adfa6a33579a16bea89&amp;language=fr_FR&amp;ref_=as_li_ss_tl\" target=\"_blank\" rel=\"noopener\">F\u00e1bulas africanas: Cuentos de Rhodesia (ahora Zimbabue)<\/a><\/li>\n<li><a href=\"https:\/\/www.amazon.fr\/Sebgugugu-Glutton-Bantu-Tale-Rwanda\/dp\/0865433771?&amp;linkCode=ll1&amp;tag=mythscience-21&amp;linkId=11f41543d4ccd0d2b2fbeb22f90f44fa&amp;language=fr_FR&amp;ref_=as_li_ss_tl\" target=\"_blank\" rel=\"noopener\">Sebgugugu el glot\u00f3n: un cuento bant\u00fa de Ruanda<\/a><\/li>\n<li><a href=\"https:\/\/www.amazon.fr\/Kikuyu-Mystery-Revealed-Descendants-Israel\/dp\/099968678X?&amp;linkCode=sl1&amp;tag=mythscience-21&amp;linkId=74a81f93e109d305bfd916458f7c385b&amp;language=fr_FR&amp;ref_=as_li_ss_tl\" target=\"_blank\" rel=\"noopener\">Misterio Kikuyu Revelado: Descendientes de Asher, una tribu perdida de Israel<\/a><\/li>\n<li><a href=\"https:\/\/www.amazon.fr\/Swahili-Tales-Told-Natives-Zanzibar\/dp\/1015770762?&amp;linkCode=ll1&amp;tag=mythscience-21&amp;linkId=13b2123eea9667bac0e45e0a74242522&amp;language=fr_FR&amp;ref_=as_li_ss_tl\" target=\"_blank\" rel=\"noopener\">Cuentos en swahili: contados por nativos de Zanz\u00edbar<\/a><\/li>\n<\/ul>\t\t\t\t\t\t\t\t<\/div>\n\t\t\t\t<\/div>\n\t\t\t\t\t<\/div>\n\t\t<\/div>\n\t\t\t\t\t<\/div>\n\t\t<\/section>\n\t\t\t\t<\/div>","protected":false},"excerpt":{"rendered":"<p>Retour au Groupe Culturel Boutique D\u00e9di\u00e9e Wiki Mythologie Kuba Le\u00a0Royaume Kuba, ou la\u00a0conf\u00e9d\u00e9ration Kuba, est une entit\u00e9 \u00e9tatique et politique, &hellip; <\/p>","protected":false},"author":1,"featured_media":0,"parent":0,"menu_order":0,"comment_status":"closed","ping_status":"closed","template":"","meta":{"footnotes":""},"class_list":["post-4514","page","type-page","status-publish","hentry"],"amp_enabled":true,"_links":{"self":[{"href":"https:\/\/mythslegendes.com\/es\/wp-json\/wp\/v2\/pages\/4514","targetHints":{"allow":["GET"]}}],"collection":[{"href":"https:\/\/mythslegendes.com\/es\/wp-json\/wp\/v2\/pages"}],"about":[{"href":"https:\/\/mythslegendes.com\/es\/wp-json\/wp\/v2\/types\/page"}],"author":[{"embeddable":true,"href":"https:\/\/mythslegendes.com\/es\/wp-json\/wp\/v2\/users\/1"}],"replies":[{"embeddable":true,"href":"https:\/\/mythslegendes.com\/es\/wp-json\/wp\/v2\/comments?post=4514"}],"version-history":[{"count":7,"href":"https:\/\/mythslegendes.com\/es\/wp-json\/wp\/v2\/pages\/4514\/revisions"}],"predecessor-version":[{"id":27371,"href":"https:\/\/mythslegendes.com\/es\/wp-json\/wp\/v2\/pages\/4514\/revisions\/27371"}],"wp:attachment":[{"href":"https:\/\/mythslegendes.com\/es\/wp-json\/wp\/v2\/media?parent=4514"}],"curies":[{"name":"wp","href":"https:\/\/api.w.org\/{rel}","templated":true}]}}