{"id":469,"date":"2020-06-12T13:52:24","date_gmt":"2020-06-12T12:52:24","guid":{"rendered":"https:\/\/mythslegendes.com\/?page_id=469"},"modified":"2022-12-03T22:06:53","modified_gmt":"2022-12-03T22:06:53","slug":"la-conception-de-conchobar","status":"publish","type":"page","link":"https:\/\/mythslegendes.com\/es\/mitologia-irlandesa\/diseno-conchobar\/","title":{"rendered":"La Concepci\u00f3n de Conchobar"},"content":{"rendered":"<div data-elementor-type=\"wp-page\" data-elementor-id=\"469\" class=\"elementor elementor-469\">\n\t\t\t\t\t\t<section class=\"elementor-section elementor-top-section elementor-element elementor-element-8eedad0 elementor-section-boxed elementor-section-height-default elementor-section-height-default\" data-id=\"8eedad0\" data-element_type=\"section\" data-e-type=\"section\">\n\t\t\t\t\t\t<div class=\"elementor-container elementor-column-gap-default\">\n\t\t\t\t\t<div class=\"elementor-column elementor-col-50 elementor-top-column elementor-element elementor-element-fe44c28\" data-id=\"fe44c28\" data-element_type=\"column\" data-e-type=\"column\">\n\t\t\t<div class=\"elementor-widget-wrap elementor-element-populated\">\n\t\t\t\t\t\t<div class=\"elementor-element elementor-element-861a343 elementor-align-justify elementor-widget elementor-widget-button\" data-id=\"861a343\" data-element_type=\"widget\" data-e-type=\"widget\" data-widget_type=\"button.default\">\n\t\t\t\t<div class=\"elementor-widget-container\">\n\t\t\t\t\t\t\t\t\t<div class=\"elementor-button-wrapper\">\n\t\t\t\t\t<a class=\"elementor-button elementor-button-link elementor-size-sm\" href=\"https:\/\/mythslegendes.com\/es\/mitologia-irlandesa\/\">\n\t\t\t\t\t\t<span class=\"elementor-button-content-wrapper\">\n\t\t\t\t\t\t\t\t\t<span class=\"elementor-button-text\">Mitolog\u00eda irlandesa<\/span>\n\t\t\t\t\t<\/span>\n\t\t\t\t\t<\/a>\n\t\t\t\t<\/div>\n\t\t\t\t\t\t\t\t<\/div>\n\t\t\t\t<\/div>\n\t\t\t\t\t<\/div>\n\t\t<\/div>\n\t\t\t\t<div class=\"elementor-column elementor-col-50 elementor-top-column elementor-element elementor-element-09edced\" data-id=\"09edced\" data-element_type=\"column\" data-e-type=\"column\">\n\t\t\t<div class=\"elementor-widget-wrap elementor-element-populated\">\n\t\t\t\t\t\t<div class=\"elementor-element elementor-element-4cc4256 elementor-align-justify elementor-widget elementor-widget-button\" data-id=\"4cc4256\" data-element_type=\"widget\" data-e-type=\"widget\" data-widget_type=\"button.default\">\n\t\t\t\t<div class=\"elementor-widget-container\">\n\t\t\t\t\t\t\t\t\t<div class=\"elementor-button-wrapper\">\n\t\t\t\t\t<a class=\"elementor-button elementor-button-link elementor-size-sm\" href=\"https:\/\/fr.wikipedia.org\/wiki\/Mythologie_celtique_irlandaise\" target=\"_blank\" rel=\"noopener\">\n\t\t\t\t\t\t<span class=\"elementor-button-content-wrapper\">\n\t\t\t\t\t\t\t\t\t<span class=\"elementor-button-text\">Wiki<\/span>\n\t\t\t\t\t<\/span>\n\t\t\t\t\t<\/a>\n\t\t\t\t<\/div>\n\t\t\t\t\t\t\t\t<\/div>\n\t\t\t\t<\/div>\n\t\t\t\t\t<\/div>\n\t\t<\/div>\n\t\t\t\t\t<\/div>\n\t\t<\/section>\n\t\t\t\t<section class=\"elementor-section elementor-top-section elementor-element elementor-element-62d0442f elementor-section-boxed elementor-section-height-default elementor-section-height-default\" data-id=\"62d0442f\" data-element_type=\"section\" data-e-type=\"section\">\n\t\t\t\t\t\t<div class=\"elementor-container elementor-column-gap-default\">\n\t\t\t\t\t<div class=\"elementor-column elementor-col-100 elementor-top-column elementor-element elementor-element-f57b052\" data-id=\"f57b052\" data-element_type=\"column\" data-e-type=\"column\">\n\t\t\t<div class=\"elementor-widget-wrap elementor-element-populated\">\n\t\t\t\t\t\t<div class=\"elementor-element elementor-element-1eb7e47e elementor-widget elementor-widget-text-editor\" data-id=\"1eb7e47e\" data-element_type=\"widget\" data-e-type=\"widget\" data-widget_type=\"text-editor.default\">\n\t\t\t\t<div class=\"elementor-widget-container\">\n\t\t\t\t\t\t\t\t\t<p><\/p>\n<p>Aqu\u00ed hay una versi\u00f3n de la historia La concepci\u00f3n de Conchobar del <a href=\"https:\/\/mythslegendes.com\/es\/mitologia-irlandesa\/\">rama roja<\/a> de la <a href=\"https:\/\/mythslegendes.com\/es\/\">mitolog\u00eda<\/a> Irlandesa.<\/p>\n<p><img decoding=\"async\" class=\"alignnone wp-image-5284 size-full\" src=\"https:\/\/mythslegendes.com\/wp-content\/uploads\/2020\/09\/AlphaOmega-e1602613368367.png\" alt=\"El dise\u00f1o de Conchobar.\" width=\"25\" height=\"26\" title=\"\"><\/p>\n<div id=\"ez-toc-container\" class=\"ez-toc-v2_0_82_2 counter-hierarchy ez-toc-counter ez-toc-grey ez-toc-container-direction\">\n<div class=\"ez-toc-title-container\">\n<p class=\"ez-toc-title\" style=\"cursor:inherit\">Contenido<\/p>\n<span class=\"ez-toc-title-toggle\"><a href=\"#\" class=\"ez-toc-pull-right ez-toc-btn ez-toc-btn-xs ez-toc-btn-default ez-toc-toggle\" aria-label=\"Alternar tabla de contenidos\"><span class=\"ez-toc-js-icon-con\"><span class=\"\"><span class=\"eztoc-hide\" style=\"display:none;\">Palanca<\/span><span class=\"ez-toc-icon-toggle-span\"><svg style=\"fill: #999;color:#999\" xmlns=\"http:\/\/www.w3.org\/2000\/svg\" class=\"list-377408\" width=\"20px\" height=\"20px\" viewbox=\"0 0 24 24\" fill=\"none\"><path d=\"M6 6H4v2h2V6zm14 0H8v2h12V6zM4 11h2v2H4v-2zm16 0H8v2h12v-2zM4 16h2v2H4v-2zm16 0H8v2h12v-2z\" fill=\"currentColor\"><\/path><\/svg><svg style=\"fill: #999;color:#999\" class=\"arrow-unsorted-368013\" xmlns=\"http:\/\/www.w3.org\/2000\/svg\" width=\"10px\" height=\"10px\" viewbox=\"0 0 24 24\" version=\"1.2\" baseprofile=\"tiny\"><path d=\"M18.2 9.3l-6.2-6.3-6.2 6.3c-.2.2-.3.4-.3.7s.1.5.3.7c.2.2.4.3.7.3h11c.3 0 .5-.1.7-.3.2-.2.3-.5.3-.7s-.1-.5-.3-.7zM5.8 14.7l6.2 6.3 6.2-6.3c.2-.2.3-.5.3-.7s-.1-.5-.3-.7c-.2-.2-.4-.3-.7-.3h-11c-.3 0-.5.1-.7.3-.2.2-.3.5-.3.7s.1.5.3.7z\"\/><\/svg><\/span><\/span><\/span><\/a><\/span><\/div>\n<nav><ul class='ez-toc-list ez-toc-list-level-1' ><li class='ez-toc-page-1 ez-toc-heading-level-2'><a class=\"ez-toc-link ez-toc-heading-1\" href=\"https:\/\/mythslegendes.com\/es\/mitologia-irlandesa\/diseno-conchobar\/#La-conception-de-Conchobar\" >El dise\u00f1o de Conchobar.<\/a><\/li><\/ul><\/nav><\/div>\n<h2><span class=\"ez-toc-section\" id=\"La-conception-de-Conchobar\"><\/span>El dise\u00f1o de Conchobar.<span class=\"ez-toc-section-end\"><\/span><\/h2>\n<p>Hab\u00eda en el Ulster un rey ilustre, Eochaid del tal\u00f3n amarillo, hijo de Loeg. Le naci\u00f3 una hija, doce guardianes se encargaron de criarla. Su nombre era Easy, porque era f\u00e1cil y gentil de criar.<\/p>\n<p><\/p>\n<p>En aquella \u00e9poca lleg\u00f3 del Sur un campe\u00f3n llamado Cathba. Era originario del Ulster, aunque viv\u00eda en el sur. Adem\u00e1s de guerrero y campe\u00f3n, tambi\u00e9n fue un hombre de gran sabidur\u00eda, un druida y un hombre de gran conocimiento. Tuvo tres novenas de hombres en su expedici\u00f3n. En un desierto conoci\u00f3 a otro campe\u00f3n con otras tres novenas tambi\u00e9n.<\/p>\n<p>Se atacaron entre s\u00ed primero; luego hicieron las paces, porque no sucumbieron por ser iguales en n\u00famero. Cathba fue delante de ellos, porque conoc\u00eda el pa\u00eds, y los doce guardianes de la ni\u00f1a fueron asesinados por \u00e9l, mientras se reun\u00edan para festejar. Nadie escap\u00f3 excepto la ni\u00f1a. Nadie sab\u00eda qui\u00e9n los hab\u00eda matado.<\/p>\n<p><\/p>\n<p>La hija se quejar\u00e1 con su padre. Dijo que no pod\u00eda vengarlos porque no sab\u00eda qui\u00e9n los hab\u00eda matado. Entonces ella se enoj\u00f3 y emprendi\u00f3 una expedici\u00f3n con tres novenas de hombres para vengar a sus guardianes. Golpe\u00f3 y devast\u00f3 sucesivamente a todos los pa\u00edses. Hasta entonces lo llam\u00e1bamos F\u00e1cil. A partir de entonces Dif\u00edcil fue su nombre en las tribus por la dureza de sus armas y su valent\u00eda. Sol\u00eda preguntar la historia del campe\u00f3n a cada extra\u00f1o que conoc\u00eda para ver si sab\u00edan de la desgracia que les hab\u00eda sucedido.<\/p>\n<p><\/p>\n<p>Una vez estuvo en otro desierto; su pueblo prepar\u00f3 su comida. Entonces ella se va sola; vio agua hermosa y pura ante ella; se quita las armas y la ropa y se ba\u00f1a all\u00ed. Lleg\u00f3 otra expedici\u00f3n; eran Cathba y su gente. Se coloc\u00f3 entre ella y sus armas y desenvain\u00f3 su espada contra ella.<\/p>\n<p><\/p>\n<p>\u00a0&quot;D\u00e9jame mi vida&quot;, dijo la ni\u00f1a.<\/p>\n<p><\/p>\n<p>\u2013 Conc\u00e9deme mis tres peticiones, dijo Cathba.<\/p>\n<p><\/p>\n<p>\u201cLos conseguir\u00e1s\u201d, dijo. Cu\u00e1l es tu decisi\u00f3n ?<\/p>\n<p><\/p>\n<p>\u2013 Seguridad para m\u00ed, tu amistad y que eres mi esposa mientras yo est\u00e9 vivo.<\/p>\n<p><\/p>\n<p>\u201cEso se entiende\u201d, dijo.<\/p>\n<p><\/p>\n<p>\u2013 Ahora nuestra alianza ha terminado. \u00bb dijo el otro campe\u00f3n a Cathba, y sigui\u00f3 su camino.<\/p>\n<p><\/p>\n<p>Cathba fue con ella a ver a su padre. Fueron bienvenidos y se les dieron tierras de Cathba en Ulster: Cathba Fort en Cremthinne, cerca de Conor Brook, que se encuentra en territorio de Ross. Una noche, Cathba ten\u00eda mucha sed. Su esposa fue a buscarle una bebida. No encontr\u00f3 ninguno en el castillo.<\/p>\n<p>Entonces fue donde Conor, filtr\u00f3 el agua a trav\u00e9s de su velo en la copa y se la llev\u00f3. \u00bb Ilum\u00ednanos, dijo, para ver si no hay ninguna bestia en el agua. \u00bb Les trajeron una luz y vieron all\u00ed dos gusanos. Desenvain\u00f3 su espada contra la mujer: \u201cBebe, entonces\u201d, dijo, \u201clo que me has ofrecido. \u00bb La mujer tom\u00f3 dos sorbos y con cada sorbo se trag\u00f3 un gusano. Ella engord\u00f3...<\/p>\n<p><\/p>\n<p>Luego, Cathba fue con su esposa a hablar con Eochaid del tac\u00f3n amarillo. Estaban en la llanura de Murthemn\u00e9. Los dolores se apoderaron de la mujer en el camino. &quot;Si est\u00e1 en tu poder, dijo Cathba, dar a luz a tu hijo s\u00f3lo esta noche, tu hijo ser\u00e1 rey y su nombre estar\u00e1 entre los hombres de Irlanda. Esta noche nacer\u00e1 en el oriente de la tierra un ni\u00f1o que estar\u00e1 por encima de los hombres del mundo, Jesucristo.<\/p>\n<p><\/p>\n<p>\u201cLo har\u00e9\u201d, dijo la mujer, \u201ca menos que \u00e9l salga a mi lado\u201d. Vayamos a Plaine-\u00cele\u201d.<\/p>\n<p><\/p>\n<p>Ella estaba parada sobre una piedra plana en la Isla Llanura, frente a la Fortaleza en el lado verde\u2026; ah\u00ed naci\u00f3 Conor. La piedra en la que naci\u00f3 y la tumba a\u00fan est\u00e1n all\u00ed, y cuando naci\u00f3 ten\u00eda un gusano en cada pu\u00f1o, de los que su madre hab\u00eda bebido en el agua del Conor. Le pusieron el nombre de Conor por el arroyo Conor, pero fue en Plaine-Ile donde naci\u00f3, como hemos dicho. <\/p>\n<p>Obtuvo la realeza de la provincia por el rango de su madre, el arte y ciencia de su padre y por su gran valent\u00eda y habilidad en las armas, de modo que fue un rey ilustre. La victoria sobre Ailill y M\u00e8ve la obtuvo \u00e9l en la Razzia de Cualng\u00e9.<\/p>\n<p><\/p>\n<p>Y sin embargo no es as\u00ed como se cuenta en otros. <a href=\"https:\/\/mythslegendes.com\/es\/bibliotecas-de-libros\/\">libros<\/a> el nacimiento de Conor, pero de esta manera: Nessa, hija de Eochaid Salbuide, estaba en su trono afuera en Emain y sus hijas reales a su alrededor. El druida Cathba pas\u00f3 cerca de ella. Seg\u00fan otros, era de Plaine-Ile. La ni\u00f1a le dijo: \u201c\u00bfDe qu\u00e9 te sirve este momento? ella dice<\/p>\n<p><\/p>\n<p>\u2013 Es bueno haciendo rey de una reina. \u00bb dijo el druida. La ni\u00f1a pregunt\u00f3 si era verdad. El druida jur\u00f3 a sus dioses que era verdad; el nombre del hijo que se har\u00eda en ese momento vivir\u00eda en <a href=\"https:\/\/mythslegendes.com\/es\/mitologia-irlandesa\/\">Irlanda<\/a> hasta la Sentencia. Entonces la ni\u00f1a lo invit\u00f3 a acercarse a ella, porque no ve\u00eda a ning\u00fan otro hombre en su barrio. Entonces Nesa qued\u00f3 embarazada y el ni\u00f1o estuvo en su seno tres a\u00f1os y tres meses. Fue en la fiesta de Uthar hijo de Fordub que qued\u00f3 embarazada.<\/p>\n<p><\/p>\t\t\t\t\t\t\t\t<\/div>\n\t\t\t\t<\/div>\n\t\t\t\t\t<\/div>\n\t\t<\/div>\n\t\t\t\t\t<\/div>\n\t\t<\/section>\n\t\t\t\t<\/div>","protected":false},"excerpt":{"rendered":"<p>Wiki de mitolog\u00eda irlandesa Aqu\u00ed hay una versi\u00f3n de la historia sobre la concepci\u00f3n de Conchobar de la Rama Roja de la mitolog\u00eda irlandesa. \u2026 <\/p>","protected":false},"author":1,"featured_media":0,"parent":439,"menu_order":0,"comment_status":"closed","ping_status":"closed","template":"","meta":{"footnotes":""},"class_list":["post-469","page","type-page","status-publish","hentry"],"amp_enabled":true,"_links":{"self":[{"href":"https:\/\/mythslegendes.com\/es\/wp-json\/wp\/v2\/pages\/469","targetHints":{"allow":["GET"]}}],"collection":[{"href":"https:\/\/mythslegendes.com\/es\/wp-json\/wp\/v2\/pages"}],"about":[{"href":"https:\/\/mythslegendes.com\/es\/wp-json\/wp\/v2\/types\/page"}],"author":[{"embeddable":true,"href":"https:\/\/mythslegendes.com\/es\/wp-json\/wp\/v2\/users\/1"}],"replies":[{"embeddable":true,"href":"https:\/\/mythslegendes.com\/es\/wp-json\/wp\/v2\/comments?post=469"}],"version-history":[{"count":1,"href":"https:\/\/mythslegendes.com\/es\/wp-json\/wp\/v2\/pages\/469\/revisions"}],"predecessor-version":[{"id":24520,"href":"https:\/\/mythslegendes.com\/es\/wp-json\/wp\/v2\/pages\/469\/revisions\/24520"}],"up":[{"embeddable":true,"href":"https:\/\/mythslegendes.com\/es\/wp-json\/wp\/v2\/pages\/439"}],"wp:attachment":[{"href":"https:\/\/mythslegendes.com\/es\/wp-json\/wp\/v2\/media?parent=469"}],"curies":[{"name":"wp","href":"https:\/\/api.w.org\/{rel}","templated":true}]}}